{"id":22,"date":"2021-02-03T21:30:22","date_gmt":"2021-02-03T21:30:22","guid":{"rendered":"http:\/\/elsikkerhetsportalen.no\/varanger-kraftnett\/?page_id=22"},"modified":"2023-01-20T13:25:57","modified_gmt":"2023-01-20T13:25:57","slug":"elkontroll","status":"publish","type":"page","link":"https:\/\/elsikkerhetsportalen.no\/alut\/elektrisk-anlegg\/elkontroll\/","title":{"rendered":"Elkontroll og termografering"},"content":{"rendered":"\n<h1 class=\"wp-block-heading\">Elkontroll<\/h1>\n\n\n\n<h4 class=\"wp-block-heading\">Elektriske anlegg og elektrisk utstyr skal v\u00e6re trygge i bruk. Da m\u00e5 alle sikkerhetstiltakene som kreves v\u00e6re p\u00e5 plass. Feil i elektriske anlegg eller elektrisk utstyr kan gi livsfarlige st\u00f8t og for\u00e5rsake brann. \u00c5 sjekke det elektriske anlegget kan v\u00e6re noe av det viktigste du gj\u00f8r!<\/h4>\n\n\n\n<p>Bruker du en sertifisert virksomhet til \u00e5 utf\u00f8re jevnlige elkontroller p\u00e5 det elektriske anlegget ditt, kan du f\u00e5 avslag p\u00e5 forsikringen din.<\/p>\n\n\n\n<p><a rel=\"noreferrer noopener\" href=\"https:\/\/elvirksomhetsregisteret.dsb.no\/elreg-ui\/\" target=\"_blank\"><strong>Finn registrert elektroinstallat\u00f8r som tar oppdraget!<\/strong><\/a><\/p>\n\n\n\n<p>Eldre elektriske anlegg, mangelfullt vedlikehold, m\u00f8rke og kalde vintre, stort str\u00f8mforbruk og en stor trehusbebyggelse er medvirkende faktorer til at tekniske feil ofte f\u00f8rer til omfattende branner i Norge. Feil kan imidlertid ogs\u00e5 oppst\u00e5 p\u00e5 nyere elektriske anlegg.<\/p>\n\n\n<h3>F\u00e5 rabatt p\u00e5 forsikringen<\/h3>\n<p><!-- \/wp:post-content --><\/p>\n<p><!-- wp:paragraph --><\/p>\n<p>Flere forsikringsselskaper tilbyr\u00a0ordninger hvor du kan f\u00e5\u00a0\u00e5rlig rabatt p\u00e5 boligforsikringen dersom du gjennomf\u00f8rer en elkontroll og utbedrer eventuelle feil og mangler som avdekkes. Det forutsettes ofte at kontrollene utf\u00f8res regelmessig som for eksempel hvert femte \u00e5r.<\/p>\n<p><!-- \/wp:paragraph --><\/p>\n<p><!-- wp:paragraph --><\/p>\n<p>Dersom du \u00f8nsker en elkontroll med muligheter for rabatt p\u00e5 boligforsikringen, m\u00e5 du ta kontakt med ditt forsikringsselskap og unders\u00f8ke om de har en slik ordning. De vil i s\u00e5 fall kunne svare deg p\u00e5 hvordan dette foreg\u00e5r i praksis.<\/p>\n\n<!-- wp:heading {\"level\":3} -->\n<h3>Elektrotermografering<\/h3>\n<!-- \/wp:heading -->\n\n<!-- wp:paragraph -->\n<p>Elektrotermografering er et effektivt virkemiddel til \u00e5 avdekke svakheter i elektriske anlegg i en tidlig fase. Till\u00f8p til varmegang, skadelige termiske virkninger eller andre u\u00f8nskede hendelser kan identifiseres og h\u00e5ndteres f\u00f8r de utgj\u00f8r fare.<\/p>\n<!-- \/wp:paragraph -->\n\n<!-- wp:heading {\"level\":3} -->\n<h3>NEK 405-serien<\/h3>\n<!-- \/wp:heading -->\n\n<p>Den ledende metoden for elkontroll i det norske markedet er NEK 405-Elkontroll. NEK 405-serien omhandler krav til kvalifikasjoner for kontrollforetak, faglig leder og elkontroll\u00f8ren. Serien inneholder i tillegg krav til hvordan en elkontroll skal utf\u00f8res og dokumenteres. <a href=\"https:\/\/www.nek.no\/produkter\/nek-405\/\" target=\"_blank\" rel=\"noreferrer noopener\">Bestil<\/a><a href=\"https:\/\/www.nek.no\/produkter\/nek-405\/\" target=\"_blank\" rel=\"noreferrer noopener\">l<\/a><a href=\"https:\/\/www.nek.no\/produkter\/nek-405\/\" target=\"_blank\" rel=\"noreferrer noopener\"> NEK405:2020 &#8211; Samlet utgave<\/a><\/p>\n<p><!-- \/wp:paragraph --> <!-- wp:quote --><\/p>\n<blockquote class=\"wp-block-quote\">\n<p>Elkontroll utf\u00f8rt etter normserien NEK 405 er et meget godt verkt\u00f8y for \u00e5 redusere risiko for at brann oppst\u00e5r. FG-kontroll vil ha oversikt over utf\u00f8rte kontroller av sertifiserte kontroll\u00f8rer.<\/p>\n<p><cite>FG Skadeteknikk, en del av Finans Norge Forsikringsdrift. FG=Forsikringsgodkjent<\/cite><\/p>\n<\/blockquote>\n<p><!-- \/wp:quote --><\/p>\n<p><!-- wp:acf\/post-cards {\"id\":\"block_60759bca39e82\",\"name\":\"acf\/post-cards\",\"data\":{\"block_title\":\"For elbransjen\",\"_block_title\":\"field_6038a48b31b8f\",\"link\":{\"title\":\"Kurs og informasjon om Elkontroll Bolig NEK405\",\"url\":\"https:\/\/www.nelfo.no\/elektroteknikk\/elsikkerhet\/elkontroll\/\",\"target\":\"_blank\"},\"_link\":\"field_6038a49c31b90\",\"posts\":\"\",\"_posts\":\"field_6038a4d431b91\"},\"align\":\"full\",\"mode\":\"preview\"} \/--><\/p>\n<p><!-- wp:acf\/post-cards {\"id\":\"block_61c2e37e3bfc1\",\"name\":\"acf\/post-cards\",\"data\":{\"block_title\":\"\",\"_block_title\":\"field_6038a48b31b8f\",\"link\":\"\",\"_link\":\"field_6038a49c31b90\",\"posts\":[\"20\",\"66\"],\"_posts\":\"field_6038a4d431b91\"},\"align\":\"full\",\"mode\":\"edit\"} \/--><\/p>\n\n<!-- wp:acf\/post-cards {\"id\":\"block_63ca9608e36b3\",\"name\":\"acf\/post-cards\",\"data\":{\"block_title\":\"\",\"_block_title\":\"field_6038a48b31b8f\",\"link\":\"\",\"_link\":\"field_6038a49c31b90\",\"posts\":[\"8\",\"24\",\"27\",\"28\"],\"_posts\":\"field_6038a4d431b91\"},\"align\":\"full\",\"mode\":\"preview\"} \/-->","protected":false},"excerpt":{"rendered":"<p>Elkontroll Elektriske anlegg og elektrisk utstyr skal v\u00e6re trygge i bruk. Da m\u00e5 alle sikkerhetstiltakene som kreves v\u00e6re p\u00e5 plass. Feil i elektriske anlegg eller elektrisk utstyr kan gi livsfarlige st\u00f8t og for\u00e5rsake brann. \u00c5 sjekke det elektriske anlegget kan v\u00e6re noe av det viktigste du gj\u00f8r! Bruker du en sertifisert virksomhet til \u00e5 utf\u00f8re [&hellip;]<\/p>\n","protected":false},"author":1,"featured_media":1143,"parent":8,"menu_order":4,"comment_status":"closed","ping_status":"closed","template":"","meta":{"_acf_changed":false,"footnotes":""},"class_list":["post-22","page","type-page","status-publish","has-post-thumbnail","hentry"],"acf":[],"_links":{"self":[{"href":"https:\/\/elsikkerhetsportalen.no\/alut\/wp-json\/wp\/v2\/pages\/22","targetHints":{"allow":["GET"]}}],"collection":[{"href":"https:\/\/elsikkerhetsportalen.no\/alut\/wp-json\/wp\/v2\/pages"}],"about":[{"href":"https:\/\/elsikkerhetsportalen.no\/alut\/wp-json\/wp\/v2\/types\/page"}],"author":[{"embeddable":true,"href":"https:\/\/elsikkerhetsportalen.no\/alut\/wp-json\/wp\/v2\/users\/1"}],"replies":[{"embeddable":true,"href":"https:\/\/elsikkerhetsportalen.no\/alut\/wp-json\/wp\/v2\/comments?post=22"}],"version-history":[{"count":0,"href":"https:\/\/elsikkerhetsportalen.no\/alut\/wp-json\/wp\/v2\/pages\/22\/revisions"}],"up":[{"embeddable":true,"href":"https:\/\/elsikkerhetsportalen.no\/alut\/wp-json\/wp\/v2\/pages\/8"}],"wp:featuredmedia":[{"embeddable":true,"href":"https:\/\/elsikkerhetsportalen.no\/alut\/wp-json\/wp\/v2\/media\/1143"}],"wp:attachment":[{"href":"https:\/\/elsikkerhetsportalen.no\/alut\/wp-json\/wp\/v2\/media?parent=22"}],"curies":[{"name":"wp","href":"https:\/\/api.w.org\/{rel}","templated":true}]}}