{"id":1364,"date":"2024-03-06T13:05:08","date_gmt":"2024-03-06T13:05:08","guid":{"rendered":"https:\/\/elsikkerhetsportalen.no\/arva\/?page_id=1364"},"modified":"2025-02-03T14:11:13","modified_gmt":"2025-02-03T14:11:13","slug":"skolequiz","status":"publish","type":"page","link":"https:\/\/elsikkerhetsportalen.no\/arva\/dle\/skolequiz\/","title":{"rendered":"Skolequiz"},"content":{"rendered":"\n<h1 class=\"wp-block-heading\">Skolequiz<\/h1>\n\n\n\n<p><strong>F\u00e5 med klassen din og ta v\u00e5r skolequiz om elsikkerhet!<\/strong><\/p>\n\n\n\n<p>Deltagende skoler m\u00e5 ligge i Arvas konsesjonsomr\u00e5de i Troms og Nordland.<\/p>\n\n\n\n<p>Frist for \u00e5 delta er 1. juni for v\u00e5rsemesteret og 15. desember for h\u00f8stsemesteret.<\/p>\n\n\n\n<p>Kontaktl\u00e6rer kan melde p\u00e5 klassen ved \u00e5 sende mail til&nbsp;<a href=\"mailto:portalen@elsikkerhetnorge.no\">portalen@elsikkerhetnorge.no<\/a>.<br>Oppgi navn p\u00e5 skolen og hvilken klasse det gjelder og dere vil f\u00e5 tilsendt en unik kode.&nbsp;<\/p>\n\n\n\n<p>Hver enkelt elev legger inn klassens unike kode etter \u00e5 ha gjennomf\u00f8rt quizen.<\/p>\n\n\n\n<p>En vil finne alle svarene p\u00e5 quizen her p\u00e5 v\u00e5r elsikkerhetsportal.<\/p>\n\n\n\n<p>Lykke til!<\/p>\n\n\n\n<div class=\"wp-block-buttons is-layout-flex wp-block-buttons-is-layout-flex\">\n<div class=\"wp-block-button\"><a class=\"wp-block-button__link wp-element-button\" href=\"https:\/\/arva.elsp.no\/quiz\/skolequiz-arva\" target=\"_blank\" rel=\"noreferrer noopener\">G\u00e5 til skolequiz for ungdomsskole!<\/a><\/div>\n<\/div>\n\n\n\n<div class=\"wp-block-buttons is-layout-flex wp-block-buttons-is-layout-flex\">\n<div class=\"wp-block-button\"><a class=\"wp-block-button__link wp-element-button\" href=\"https:\/\/arva.elsp.no\/quiz\/skolequiz-barneskole-arva-\" target=\"_blank\" rel=\"noreferrer noopener\">G\u00e5 til skolequiz for barneskole!<\/a><\/div>\n<\/div>\n","protected":false},"excerpt":{"rendered":"<p>Skolequiz F\u00e5 med klassen din og ta v\u00e5r skolequiz om elsikkerhet! Deltagende skoler m\u00e5 ligge i Arvas konsesjonsomr\u00e5de i Troms og Nordland. Frist for \u00e5 delta er 1. juni for v\u00e5rsemesteret og 15. desember for h\u00f8stsemesteret. Kontaktl\u00e6rer kan melde p\u00e5 klassen ved \u00e5 sende mail til&nbsp;portalen@elsikkerhetnorge.no.Oppgi navn p\u00e5 skolen og hvilken klasse det gjelder og [&hellip;]<\/p>\n","protected":false},"author":3,"featured_media":0,"parent":15,"menu_order":10,"comment_status":"closed","ping_status":"closed","template":"","meta":{"_acf_changed":false,"footnotes":""},"class_list":["post-1364","page","type-page","status-publish","hentry"],"acf":[],"_links":{"self":[{"href":"https:\/\/elsikkerhetsportalen.no\/arva\/wp-json\/wp\/v2\/pages\/1364","targetHints":{"allow":["GET"]}}],"collection":[{"href":"https:\/\/elsikkerhetsportalen.no\/arva\/wp-json\/wp\/v2\/pages"}],"about":[{"href":"https:\/\/elsikkerhetsportalen.no\/arva\/wp-json\/wp\/v2\/types\/page"}],"author":[{"embeddable":true,"href":"https:\/\/elsikkerhetsportalen.no\/arva\/wp-json\/wp\/v2\/users\/3"}],"replies":[{"embeddable":true,"href":"https:\/\/elsikkerhetsportalen.no\/arva\/wp-json\/wp\/v2\/comments?post=1364"}],"version-history":[{"count":0,"href":"https:\/\/elsikkerhetsportalen.no\/arva\/wp-json\/wp\/v2\/pages\/1364\/revisions"}],"up":[{"embeddable":true,"href":"https:\/\/elsikkerhetsportalen.no\/arva\/wp-json\/wp\/v2\/pages\/15"}],"wp:attachment":[{"href":"https:\/\/elsikkerhetsportalen.no\/arva\/wp-json\/wp\/v2\/media?parent=1364"}],"curies":[{"name":"wp","href":"https:\/\/api.w.org\/{rel}","templated":true}]}}