{"id":40,"date":"2021-02-03T21:33:17","date_gmt":"2021-02-03T21:33:17","guid":{"rendered":"http:\/\/elsikkerhetsportalen.no\/arva\/?page_id=40"},"modified":"2022-09-07T10:58:33","modified_gmt":"2022-09-07T10:58:33","slug":"brannstatistikk","status":"publish","type":"page","link":"https:\/\/elsikkerhetsportalen.no\/arva\/om-elsikkerhetsportalen\/brannstatistikk\/","title":{"rendered":"Brannstatistikk"},"content":{"rendered":"<section id=\"scrollable-shortcuts-block_607d53a89c313\" class=\"block-section scrollable-shortcuts   align-full\">\n\t<div class=\"grid-container\">\n\t\t<div class=\"grid-x grid-padding-x\">\n\n\t\t\t<header class=\"cell small-12 medium-7\">\n\t\t\t\t\t\t\t\t\t<h1>Brannstatistikk<\/h1>\n\t\t\t\t\n\t\t\t\t\t\t\t\t\t<p class=\"ingress\">Kunnskap om brann\u00e5rsaker er vesentlig for \u00e5 kunne forebygge brann. Direktoratet for samfunnssikkerhet og beredskap (DSB) f\u00f8rer derfor brannstatistikk basert p\u00e5 innrapportering fra brannvesen og politi.\r\nElsikkerhetsportalen utarbeider ikke egen statistikk!<\/p>\n\t\t\t\t\n\t\t\t\t\t\t\t\t\t<h2 class=\"shortcuts-title\">Tema<span><span class=\"icon icon-arrow-down\"><\/span><\/span><\/h2>\n\t\t\t\t\n\t\t\t\t<nav><ul><li><a href=\"#omkomne-i-brann\" class=\"link link--underlined\">D\u00f8dsbranner<\/a><\/li><li><a href=\"#brann-og-redningsvesenets-utrykninger\" class=\"link link--underlined\">Utrykninger<\/a><\/li><li><a href=\"#komfyrbranner\" class=\"link link--underlined\">Hvor er det flest komfyrbranner?<\/a><\/li><\/ul><\/nav>\t\t\t<\/header>\n\n\t\t<\/div>\n\t<\/div>\n<\/section>\n\n\n\n<section id=\"image-content-block_607d544c9c314\" class=\"block-section image-content light smaller-fonts no-image has-more-content  align-full\">\n\t<div class=\"grid-container\" id=\"scrollToMe-omkomne-i-brann\">\n\n\t\t<div class=\"grid-x grid-padding-x\">\n\n\t\t\t<div class=\"cell small-12 medium-7 content\">\n\t\t\t\t\t\t\t\t\t<h2 class=\"section-title\">Omkomne i brann<\/h2>\n\t\t\t\t\n\t\t\t\t\t\t\t\t\t<article><p>Det er godt kjent at de fleste branner med tap av menneskeliv skjer i boliger. Siden Direktoratet for samfunnssikkerhet og beredskap (DSB) startet registreringen av omkomne i brann i 1979, har det i snitt d\u00f8dd 61 personer per \u00e5r. Over 80 prosent av alle de omkomne har mistet livet i boligbrann. S\u00e5 langt i \u00e5r har 23 personer omkommet i brann: 17 menn og seks kvinner. P\u00e5 samme tidspunkt i fjor var det 29 omkomne fordelt p\u00e5 15 menn og 14 kvinner (oppdatert 2. september 2022).<\/p>\n<\/article>\n\t\t\t\t\n\t\t\t\t\t\t<a class=\"link link--underlined\" href=\"https:\/\/www.dsb.no\/menyartikler\/statistikk\/omkomne-i-brann\/\" target=\"_blank\">\n\t\t\tOmkomne i brann (DSB)\t\t<\/a>\n\t\t\t\t\t<div class=\"clearfix\"><\/div>\n\t\t\t\t\n\t\t\t\t\t\t\t\t\n\t\t\t\t\t<a\n\t\t\t\t\t\thref=\"#\"\n\t\t\t\t\t\tclass=\"button-plus content-toggler\"\n\t\t\t\t\t\tdata-initialtext=\"Les mer\"\n\t\t\t\t\t\tdata-toggletext=\"Les mindre\"\n\t\t\t\t\t\tdata-target=\"ic-hidden-block_607d544c9c314\"\n\t\t\t\t\t\trole=\"button\"\n\t\t\t\t\t\trel=\"nofollow\"\n\t\t\t\t\t\taria-label=\"\u00c5pne skjult innhold\"\n\t\t\t\t\t\taria-expanded=\"false\">\n\t\t\t\t\t\t<span>Les mer<\/span>\n\t\t\t\t\t\t<span class=\"icon icon-plus\"><\/span>\n\t\t\t\t\t<\/a>\n\t\t\t\t\n\t\t\t<\/div>\n\n\t\t\t<div class=\"cell small-12 medium-5 image\">\n\t\t\t\t\t\t\t\t\t\n\t\t\t\t\t\n\t\t\t\t\n\t\t\t<\/div>\n\n\t\t<\/div>\n\n\t\t\t\t\t\t<div class=\"grid-x grid-padding-x hidden-more-content\" aria-expanded=\"false\" aria-hidden=\"true\" id=\"ic-hidden-block_607d544c9c314\">\n\t\t\t<div class=\"cell small-12 medium-7 content\">\n\t\t\t\t<article>\n\t\t\t\t<p>D\u00f8dsbrannstatistikken har vist en markant bedring de siste fem \u00e5rene med et \u00e5rsgjennomsnitt p\u00e5 38 omkomne. Men det er fremdeles slik at eldre personer er overrepresentert p\u00e5 denne statistikken. I f\u00f8lge DSB har personer over 70 \u00e5r fire til fem ganger h\u00f8yere risiko for \u00e5 omkomme i brann i forhold til resten av befolkningen.<\/p>\n<p>DSB gjennomf\u00f8rer n\u00e5 en analyse av d\u00f8dsbranner fra 2015 til 2020, som skal v\u00e6re ferdig i slutten av 2023.<\/p>\n\t\t\t\t<\/article>\n\t\t\t<\/div>\n\n\t\t\t<div class=\"cell small-12 medium-5 image\">\n\t\t\t\t\t\t\t<\/div>\n\t\t<\/div>\n\t\t\n\t<\/div>\n<\/section>\n\n\n\n<section id=\"image-content-block_607d55209c317\" class=\"block-section image-content dark smaller-fonts no-image has-more-content  align-full\">\n\t<div class=\"grid-container\" id=\"scrollToMe-brann-og-redningsvesenets-utrykninger\">\n\n\t\t<div class=\"grid-x grid-padding-x\">\n\n\t\t\t<div class=\"cell small-12 medium-7 content\">\n\t\t\t\t\t\t\t\t\t<h2 class=\"section-title\">Brann- og redningsvesenets utrykninger<\/h2>\n\t\t\t\t\n\t\t\t\t\t\t\t\t\t<article><p>Over halvparten av alle brannutrykninger er un\u00f8dvendige! I 2021 rykket brannvesenet ut over 50 000 ganger un\u00f8dvendig. De rykket ut 14 554 ganger til brann (alle typer). 3 214 av dem var bygningsbrann. 1 644 skyldes branntill\u00f8p komfyr.<\/p>\n<\/article>\n\t\t\t\t\n\t\t\t\t\t\t\t\t<div class=\"clearfix\"><\/div>\n\t\t\t\t\n\t\t\t\t\t\t\t\t\n\t\t\t\t\t<a\n\t\t\t\t\t\thref=\"#\"\n\t\t\t\t\t\tclass=\"button-plus content-toggler\"\n\t\t\t\t\t\tdata-initialtext=\"Les mer\"\n\t\t\t\t\t\tdata-toggletext=\"Les mindre\"\n\t\t\t\t\t\tdata-target=\"ic-hidden-block_607d55209c317\"\n\t\t\t\t\t\trole=\"button\"\n\t\t\t\t\t\trel=\"nofollow\"\n\t\t\t\t\t\taria-label=\"\u00c5pne skjult innhold\"\n\t\t\t\t\t\taria-expanded=\"false\">\n\t\t\t\t\t\t<span>Les mer<\/span>\n\t\t\t\t\t\t<span class=\"icon icon-plus\"><\/span>\n\t\t\t\t\t<\/a>\n\t\t\t\t\n\t\t\t<\/div>\n\n\t\t\t<div class=\"cell small-12 medium-5 image\">\n\t\t\t\t\t\t\t\t\t\n\t\t\t\t\t\n\t\t\t\t\n\t\t\t<\/div>\n\n\t\t<\/div>\n\n\t\t\t\t\t\t<div class=\"grid-x grid-padding-x hidden-more-content\" aria-expanded=\"false\" aria-hidden=\"true\" id=\"ic-hidden-block_607d55209c317\">\n\t\t\t<div class=\"cell small-12 medium-7 content\">\n\t\t\t\t<article>\n\t\t\t\t<h3>Utrykninger til brann<\/h3><ul>\n<li>Hittil i 2022: 9 323<\/li>\n<li>2021: 14 552<\/li>\n<li>2020: 13 450<\/li>\n<li>2019: 13 203<\/li>\n<li>2018: 16 137<\/li>\n<li>2017: 12 837<\/li>\n<\/ul>\n<p>I 2021 var det 3 214 utrykninger til bygningsbranner. Det er en \u00f8kning p\u00e5 226 utrykninger fra 2020. Mens antall branntill\u00f8p p\u00e5 komfyr har v\u00e6rt en reduksjon fra 1828 i 2020 til 1644 i 2021.<\/p>\n<h3>Fylkesvisfordeling p\u00e5 antall utrykninger til bygningsbrann og branntill\u00f8p komfyr 2021<\/h3>\n<ul>\n<li>Agder, 238 utrykning til bygningsbrann. 95 branntill\u00f8p komfyr<\/li>\n<li>Innlandet, 258 utrykninger til bygningsbrann, 118 branntill\u00f8p komfyr<\/li>\n<li>M\u00f8re og Romsdal, 125 utrykninger til bygningsbrann, 58 branntill\u00f8p komfyr<\/li>\n<li>Nordland, 133 utrykninger til bygningsbrann, 57 branntill\u00f8p komfyr<\/li>\n<li>Oslo, 399 utrykninger til bygningsbrann, 369 branntill\u00f8p komfyr<\/li>\n<li>Rogaland, 241 utrykninger til bygningsbrann, 86 branntill\u00f8p komfyr<\/li>\n<li>Troms og Finnmark, 154 utrykninger til bygningsbrann, 56 branntill\u00f8p komfyr<\/li>\n<li>Tr\u00f8ndelag, 303 utrykninger til bygningsbrann, 225 branntill\u00f8p komfyr<\/li>\n<li>Vestfold og Telemark, 305 utrykninger til bygningsbrann, 138 branntill\u00f8p komfyr<\/li>\n<li>Vestland, 345 utrykninger til bygningsbrann, 154 branntill\u00f8p komfyr<\/li>\n<li>Viken, 713 utrykninger til bygningsbrann, 288 branntill\u00f8p komfyr<\/li>\n<\/ul>\n<h3>Un\u00f8dvendige utrykninger<\/h3><p>De aller fleste tilfellene er for\u00e5rsaket av automatiske brannalarmer til bedrifter, det kan v\u00e6re at h\u00e5ndverkere er p\u00e5 oppdrag i et bygg uten at r\u00f8ykdetektor er koblet ut, manglende vedlikehold eller at de utl\u00f8ses p\u00e5 grunn av feilplassering. Det er opp til hvert enkelt brannvesen om de \u00f8nsker \u00e5 sende gebyr for un\u00f8dvendige utrykninger. I perioden 2017-2021 krevde Bergen brannvesen inn over 37 millioner kroner, Rogaland 16,6 millioner kroner og Oslo brann- og redningstjeneste krevde inn hele 73,5 millioner kroner.<\/p>\n<ul>\n<li>Hittil i 2022: 35 252<\/li>\n<li>2021: 50 405<\/li>\n<li>2020:47 086<\/li>\n<li>2019: 53 673<\/li>\n<li>2018: 52 785<\/li>\n<li>2017: 49 176<\/li>\n<\/ul>\n<h3>Ulykke<\/h3><ul>\n<li>Hittil i 2022: 9 922<\/li>\n<li>2021: 14 492<\/li>\n<li>2020: 14 128<\/li>\n<li>2019: 15 373<\/li>\n<li>2018: 15 221<\/li>\n<li>2017: 13 594<\/li>\n<\/ul>\n<h3>Andre typer oppdrag<\/h3><ul>\n<li>Hittil i 2022: 7 616<\/li>\n<li>2021: 11 282<\/li>\n<li>2020: 10 480<\/li>\n<li>2019: 11 245<\/li>\n<li>2018: 13 068<\/li>\n<li>2017: 10 775<\/li>\n<\/ul>\n\t\t\t\t<\/article>\n\t\t\t<\/div>\n\n\t\t\t<div class=\"cell small-12 medium-5 image\">\n\t\t\t\t\t\t\t<\/div>\n\t\t<\/div>\n\t\t\n\t<\/div>\n<\/section>\n\n\n\n<section id=\"image-content-block_631857bb31082\" class=\"block-section image-content none smaller-fonts no-image  align-full\">\n\t<div class=\"grid-container\" id=\"scrollToMe-komfyrbranner\">\n\n\t\t<div class=\"grid-x grid-padding-x\">\n\n\t\t\t<div class=\"cell small-12 medium-7 content\">\n\t\t\t\t\t\t\t\t\t<h2 class=\"section-title\">Komfyrbranner<\/h2>\n\t\t\t\t\n\t\t\t\t\t\t\t\t\t<article><p>Brannvesenet i Oslo har rykket ut til desidert flest bygningsbranner med branntill\u00f8p komfyr. 369 utrykninger til komfyrbrann i 2021. Med godt forebyggende arbeid er det en stadig nedgang i antall utrykninger til komfyrbrann i Oslo fra 485 i 2018, 466 i 2019 og 412 i 2020.<\/p>\n<ol>\n<li>Oslo, 369 branntill\u00f8p komfyr<\/li>\n<li>Viken 288 branntill\u00f8p komfyr<\/li>\n<li>Tr\u00f8ndelag 225 branntill\u00f8p komfyr<\/li>\n<li>Vestland 154 branntill\u00f8p komfyr<\/li>\n<li>Vestfold og Telemark 138 branntill\u00f8p komfyr<\/li>\n<li>Innlandet 118 branntill\u00f8p komfyr<\/li>\n<li>Agder, 95 branntill\u00f8p komfyr<\/li>\n<li>Rogaland 86 branntill\u00f8p komfyr<\/li>\n<li>M\u00f8re og Romsdal 58 branntill\u00f8p komfyr<\/li>\n<li>Nordland 57 branntill\u00f8p komfyr<\/li>\n<li>Troms og Finnmark 56 branntill\u00f8p komfyr<\/li>\n<\/ol>\n<\/article>\n\t\t\t\t\n\t\t\t\t\t\t\t\t<div class=\"clearfix\"><\/div>\n\t\t\t\t\n\t\t\t\t\t\t\t\t\n\t\t\t<\/div>\n\n\t\t\t<div class=\"cell small-12 medium-5 image\">\n\t\t\t\t\t\t\t\t\t\n\t\t\t\t\t\n\t\t\t\t\n\t\t\t<\/div>\n\n\t\t<\/div>\n\n\t\t\t\t\n\t<\/div>\n<\/section>\n\n\n\n<section class=\"block-section post-cards\">\n\t<div class=\"grid-container\">\n\n        <div class=\"grid-x grid-margin-x section-title-wrapper\">\n            <div class=\"cell small-12 medium-6\">\n                                    <h1 class=\"section-title\">Vi anbefaler<\/h1>\n                            <\/div>\n\n                    <\/div>\n\n        <div class=\"grid-x grid-margin-x cards-wrapper\">\n                                                                    <a href=\"https:\/\/elsikkerhetsportalen.no\/arva\/brannutredning\/\" class=\"link-card cell small-12 medium-6\">\n    <article>\n        <div class=\"content\">\n            <h3 class=\"title\">Brannutredning<\/h3>\n            <p class=\"excerpt\">Politiet har plikt til \u00e5 etterforske alle branner; ogs\u00e5 i tilfeller hvor det ikke foreligger&#8230;<\/p>\n        <\/div>\n        <span class=\"icon icon-arrow-right\"><\/span>\n    <\/article>\n<\/a>                    \n                                                    <\/div>\n\n    <\/div>\n<\/section>","protected":false},"excerpt":{"rendered":"","protected":false},"author":1,"featured_media":0,"parent":11,"menu_order":1,"comment_status":"closed","ping_status":"closed","template":"","meta":{"_acf_changed":false,"footnotes":""},"class_list":["post-40","page","type-page","status-publish","hentry"],"acf":[],"_links":{"self":[{"href":"https:\/\/elsikkerhetsportalen.no\/arva\/wp-json\/wp\/v2\/pages\/40","targetHints":{"allow":["GET"]}}],"collection":[{"href":"https:\/\/elsikkerhetsportalen.no\/arva\/wp-json\/wp\/v2\/pages"}],"about":[{"href":"https:\/\/elsikkerhetsportalen.no\/arva\/wp-json\/wp\/v2\/types\/page"}],"author":[{"embeddable":true,"href":"https:\/\/elsikkerhetsportalen.no\/arva\/wp-json\/wp\/v2\/users\/1"}],"replies":[{"embeddable":true,"href":"https:\/\/elsikkerhetsportalen.no\/arva\/wp-json\/wp\/v2\/comments?post=40"}],"version-history":[{"count":0,"href":"https:\/\/elsikkerhetsportalen.no\/arva\/wp-json\/wp\/v2\/pages\/40\/revisions"}],"up":[{"embeddable":true,"href":"https:\/\/elsikkerhetsportalen.no\/arva\/wp-json\/wp\/v2\/pages\/11"}],"wp:attachment":[{"href":"https:\/\/elsikkerhetsportalen.no\/arva\/wp-json\/wp\/v2\/media?parent=40"}],"curies":[{"name":"wp","href":"https:\/\/api.w.org\/{rel}","templated":true}]}}