{"id":44,"date":"2021-02-03T21:34:11","date_gmt":"2021-02-03T21:34:11","guid":{"rendered":"http:\/\/elsikkerhetsportalen.no\/arva\/?page_id=44"},"modified":"2025-11-12T13:09:24","modified_gmt":"2025-11-12T13:09:24","slug":"internkontroll-landbruk","status":"publish","type":"page","link":"https:\/\/elsikkerhetsportalen.no\/arva\/internkontroll\/internkontroll-landbruk\/","title":{"rendered":"Internkontroll landbruk"},"content":{"rendered":"<section id=\"scrollable-shortcuts-block_2e0e3bfecf47f968e54fdf727adad3a4\" class=\"block-section scrollable-shortcuts   align-full\">\n\t<div class=\"grid-container\">\n\t\t<div class=\"grid-x grid-padding-x\">\n\n\t\t\t<header class=\"cell small-12 medium-7\">\n\t\t\t\t\t\t\t\t\t<h1>Internkontroll i landbruket<\/h1>\n\t\t\t\t\n\t\t\t\t\t\t\t\t\t<p class=\"ingress\">I landbruket m\u00e5 du ogs\u00e5 jobbe systematisk for \u00e5 forebygge brann og ulykker med elektrisk \u00e5rsak som et ledd i HMS-arbeidet. Det gjelder uansett om du driver med husdyrhold eller om du bruker driftsbygningen kun til kornt\u00f8rking, verksted eller lignende.<\/p>\n\t\t\t\t\n\t\t\t\t\t\t\t\t\t<h2 class=\"shortcuts-title\">Snarveier<span><span class=\"icon icon-arrow-down\"><\/span><\/span><\/h2>\n\t\t\t\t\n\t\t\t\t<nav><ul><li><a href=\"#faglig-kontroll\" class=\"link link--underlined\">Faglig kontroll<\/a><\/li><li><a href=\"#egenkontroll\" class=\"link link--underlined\">Egenkontroll<\/a><\/li><li><a href=\"#fornuftig-bruk\" class=\"link link--underlined\">Fornuftig bruk<\/a><\/li><li><a href=\"#husk-vaningshuset\" class=\"link link--underlined\">Husk v\u00e5ningshuset<\/a><\/li><\/ul><\/nav>\t\t\t<\/header>\n\n\t\t<\/div>\n\t<\/div>\n<\/section>\n\n\n\n<p>I landbruket er det mange som benytter seg av<a href=\"#ksl\"> KSLs system<\/a> for HMS-arbeid p\u00e5 g\u00e5rden, gjerne i kombinasjon med en sikkerhetsavtale\/-kontroll i regi av et forsikringsselskap.&nbsp;Andre velger&nbsp;\u00e5 lage sitt eget internkontrollsystem for elektrisk anlegg og \u2013 utstyr. Dette trenger ikke v\u00e6re omfattende eller komplisert. Et internkontrollsystem skal alltid tilpasses virksomheten b\u00e5de omfangs- og innholdsmessig. Det viktigste er \u00e5 jobbe aktivt for \u00e5 forebygge brann og ulykker med elektrisk \u00e5rsak.<\/p>\n\n\n\n<p><a href=\"https:\/\/www.bondelaget.no\/nyhetsarkiv\/forener-krefter-for-enda-farre-landbruksbranner\" data-type=\"link\" data-id=\"https:\/\/www.bondelaget.no\/nyhetsarkiv\/forener-krefter-for-enda-farre-landbruksbranner\" target=\"_blank\" rel=\"noreferrer noopener\">Forener krefter for enda f\u00e6rre landbruksbranner (Bondelaget.no)<\/a><\/p>\n\n\n\n<section id=\"image-content-block_663585e7cb3c0ca7364c1a576eaf7c79\" class=\"block-section image-content light smaller-fonts no-image has-more-content  align-full\">\n\t<div class=\"grid-container\" id=\"scrollToMe-faglig-kontroll\">\n\n\t\t<div class=\"grid-x grid-padding-x\">\n\n\t\t\t<div class=\"cell small-12 medium-7 content\">\n\t\t\t\t\t\t\t\t\t<h2 class=\"section-title\">Faglig kontroll<\/h2>\n\t\t\t\t\n\t\t\t\t\t\t\t\t\t<article><p>Regelmessig faglig kontroll av det elektriske anlegget, herunder termografering, b\u00f8r inng\u00e5 som et ledd i internkontrollsystemet p\u00e5 g\u00e5rden.<\/p>\n<\/article>\n\t\t\t\t\n\t\t\t\t\t\t\t\t<div class=\"clearfix\"><\/div>\n\t\t\t\t\n\t\t\t\t\t\t\t\t\n\t\t\t\t\t<a\n\t\t\t\t\t\thref=\"#\"\n\t\t\t\t\t\tclass=\"button-plus content-toggler\"\n\t\t\t\t\t\tdata-initialtext=\"Les mer\"\n\t\t\t\t\t\tdata-toggletext=\"Les mindre\"\n\t\t\t\t\t\tdata-target=\"ic-hidden-block_663585e7cb3c0ca7364c1a576eaf7c79\"\n\t\t\t\t\t\trole=\"button\"\n\t\t\t\t\t\trel=\"nofollow\"\n\t\t\t\t\t\taria-label=\"\u00c5pne skjult innhold\"\n\t\t\t\t\t\taria-expanded=\"false\">\n\t\t\t\t\t\t<span>Les mer<\/span>\n\t\t\t\t\t\t<span class=\"icon icon-plus\"><\/span>\n\t\t\t\t\t<\/a>\n\t\t\t\t\n\t\t\t<\/div>\n\n\t\t\t<div class=\"cell small-12 medium-5 image\">\n\t\t\t\t\t\t\t\t\t\n\t\t\t\t\t\n\t\t\t\t\n\t\t\t<\/div>\n\n\t\t<\/div>\n\n\t\t\t\t\t\t<div class=\"grid-x grid-padding-x hidden-more-content\" aria-expanded=\"false\" aria-hidden=\"true\" id=\"ic-hidden-block_663585e7cb3c0ca7364c1a576eaf7c79\">\n\t\t\t<div class=\"cell small-12 medium-7 content\">\n\t\t\t\t<article>\n\t\t\t\t<p>Ved \u00e5 termografere det elektriske anlegget, kan det p\u00e5vises komponenter med h\u00f8y temperatur. Dermed oppdages varme og brannfare p\u00e5 et tidligere tidspunkt, og du kan rette opp feilen f\u00f8r den f\u00f8rer til str\u00f8mbrudd, driftsstans eller i verste fall brann. Regelverket for dyrehelse og dyrevelferd stiller krav om faglig kontroll av det elektriske anlegget minst hvert tredje \u00e5r.<\/p>\n\t\t\t\t<\/article>\n\t\t\t<\/div>\n\n\t\t\t<div class=\"cell small-12 medium-5 image\">\n\t\t\t\t\t\t\t<\/div>\n\t\t<\/div>\n\t\t\n\t<\/div>\n<\/section>\n\n\n\n<section id=\"image-content-block_74a57ab35fd5dace61acefe74fc2202c\" class=\"block-section image-content dark smaller-fonts no-image has-more-content  align-full\">\n\t<div class=\"grid-container\" id=\"scrollToMe-egenkontroll\">\n\n\t\t<div class=\"grid-x grid-padding-x\">\n\n\t\t\t<div class=\"cell small-12 medium-7 content\">\n\t\t\t\t\t\t\t\t\t<h2 class=\"section-title\">Egenkontroll<\/h2>\n\t\t\t\t\n\t\t\t\t\t\t\t\t\t<article><p>\u200bEgenkontroll med elektriske anlegg og utstyr kan\u00a0utf\u00f8res samtidig med andre typer sjekkrunder p\u00e5 g\u00e5rden som f.eks.\u00a0sjekk av brannsikkerhet, kjemiske stoffer og\u00a0maskiner.<\/p>\n<\/article>\n\t\t\t\t\n\t\t\t\t\t\t\t\t<div class=\"clearfix\"><\/div>\n\t\t\t\t\n\t\t\t\t\t\t\t\t\n\t\t\t\t\t<a\n\t\t\t\t\t\thref=\"#\"\n\t\t\t\t\t\tclass=\"button-plus content-toggler\"\n\t\t\t\t\t\tdata-initialtext=\"Les mer\"\n\t\t\t\t\t\tdata-toggletext=\"Les mindre\"\n\t\t\t\t\t\tdata-target=\"ic-hidden-block_74a57ab35fd5dace61acefe74fc2202c\"\n\t\t\t\t\t\trole=\"button\"\n\t\t\t\t\t\trel=\"nofollow\"\n\t\t\t\t\t\taria-label=\"\u00c5pne skjult innhold\"\n\t\t\t\t\t\taria-expanded=\"false\">\n\t\t\t\t\t\t<span>Les mer<\/span>\n\t\t\t\t\t\t<span class=\"icon icon-plus\"><\/span>\n\t\t\t\t\t<\/a>\n\t\t\t\t\n\t\t\t<\/div>\n\n\t\t\t<div class=\"cell small-12 medium-5 image\">\n\t\t\t\t\t\t\t\t\t\n\t\t\t\t\t\n\t\t\t\t\n\t\t\t<\/div>\n\n\t\t<\/div>\n\n\t\t\t\t\t\t<div class=\"grid-x grid-padding-x hidden-more-content\" aria-expanded=\"false\" aria-hidden=\"true\" id=\"ic-hidden-block_74a57ab35fd5dace61acefe74fc2202c\">\n\t\t\t<div class=\"cell small-12 medium-7 content\">\n\t\t\t\t<article>\n\t\t\t\t<p>Hyppigheten av egenkontrollen vurderes ut ifra slitasje, bruk og tidligere feil p\u00e5 anlegget. En\u00a0<strong>\u00e5rlig egenkontroll<\/strong>\u00a0er \u00e5 anse\u00a0som et minimum.<\/p>\n<p>Det er for \u00f8vrig viktig at man under kontrollen faktisk gj\u00f8r en fysisk runde p\u00e5 g\u00e5rden. Du m\u00e5 kjenne og se etter varmgang, sjekke nedst\u00f8ving og behov for renhold, teste jordfeilbrytere osv. Leter du aktivt etter feil, kan det v\u00e6re overraskende hvor mye som\u00a0avdekkes som\u00a0du ellers ikke legger merke til i hverdagen. Du ser det n\u00e5r du har fokuset p\u00e5 det!<\/p>\n<p>Mange velger \u00e5 benytte sjekklistene som f\u00f8lger KSL-standarden. Her fremkommer det at egenkontroll av elektrisk anlegg og elektrisk utstyr skal gjennomf\u00f8res minimum \u00e5rlig og at egenkontrollen skal dokumenteres. Det anbefales \u00e5 benytte sjekklisten som er\u00a0utarbeidet av Landbrukets Brannvernkomit\u00e9.<\/p>\n\t\t\t\t<\/article>\n\t\t\t<\/div>\n\n\t\t\t<div class=\"cell small-12 medium-5 image\">\n\t\t\t\t\t\t\t<\/div>\n\t\t<\/div>\n\t\t\n\t<\/div>\n<\/section>\n\n\n\n<section id=\"image-content-block_3eacebf141a8b79acd6a85b7d8fbc3dc\" class=\"block-section image-content light smaller-fonts no-image has-more-content  align-full\">\n\t<div class=\"grid-container\" id=\"scrollToMe-fornuftig-bruk\">\n\n\t\t<div class=\"grid-x grid-padding-x\">\n\n\t\t\t<div class=\"cell small-12 medium-7 content\">\n\t\t\t\t\t\t\t\t\t<h2 class=\"section-title\">Fornuftig bruk<\/h2>\n\t\t\t\t\n\t\t\t\t\t\t\t\t\t<article><p>Det er vel s\u00e5 viktig \u00e5 tenke p\u00e5 elsikkerhet i hverdagen som \u00e5 s\u00f8rge for regelmessige kontroller.<\/p>\n<\/article>\n\t\t\t\t\n\t\t\t\t\t\t\t\t<div class=\"clearfix\"><\/div>\n\t\t\t\t\n\t\t\t\t\t\t\t\t\n\t\t\t\t\t<a\n\t\t\t\t\t\thref=\"#\"\n\t\t\t\t\t\tclass=\"button-plus content-toggler\"\n\t\t\t\t\t\tdata-initialtext=\"Les mer\"\n\t\t\t\t\t\tdata-toggletext=\"Les mindre\"\n\t\t\t\t\t\tdata-target=\"ic-hidden-block_3eacebf141a8b79acd6a85b7d8fbc3dc\"\n\t\t\t\t\t\trole=\"button\"\n\t\t\t\t\t\trel=\"nofollow\"\n\t\t\t\t\t\taria-label=\"\u00c5pne skjult innhold\"\n\t\t\t\t\t\taria-expanded=\"false\">\n\t\t\t\t\t\t<span>Les mer<\/span>\n\t\t\t\t\t\t<span class=\"icon icon-plus\"><\/span>\n\t\t\t\t\t<\/a>\n\t\t\t\t\n\t\t\t<\/div>\n\n\t\t\t<div class=\"cell small-12 medium-5 image\">\n\t\t\t\t\t\t\t\t\t\n\t\t\t\t\t\n\t\t\t\t\n\t\t\t<\/div>\n\n\t\t<\/div>\n\n\t\t\t\t\t\t<div class=\"grid-x grid-padding-x hidden-more-content\" aria-expanded=\"false\" aria-hidden=\"true\" id=\"ic-hidden-block_3eacebf141a8b79acd6a85b7d8fbc3dc\">\n\t\t\t<div class=\"cell small-12 medium-7 content\">\n\t\t\t\t<article>\n\t\t\t\t<ul>\n<li>Tenk over hvilke elektriske utstyr og\u00a0apparater som kan skrus av eller trekkes ut n\u00e5r de ikke er i bruk.<\/li>\n<li>V\u00e6r forsiktig med belysningsutstyr og varmeapparater.<\/li>\n<li>S\u00f8rg for n\u00f8dvendig renhold av vifter og ventilasjonsanlegg<\/li>\n<li>Rydd bort skj\u00f8teledninger etter bruk osv.<\/li>\n<\/ul>\n<p>P\u00e5 st\u00f8rre g\u00e5rdsbruk, og spesielt der det er flere som jobber, skal det fortrinnsvis gjennomf\u00f8res en risikovurdering hvor det kartlegges hvilke forhold knyttet til elektrisk anlegg og elektrisk utstyr som utgj\u00f8r en s\u00e6rlig fare. P\u00e5 bakgrunn av dette skrives det ned rutiner for hvordan disse risikoforholdene kan reduseres. Dette kan f.eks. dreie seg om bruk av elektrisk utstyr, hva som m\u00e5 huskes \u00e5 skru av, hva som skal kontrolleres hver kveld, hvem har ansvar for dette osv.<\/p>\n<p>Rutiner og instrukser for elsikkerhet kan v\u00e6re s\u00e6rlig relevante p\u00e5 g\u00e5rdsbruk hvor det jobber og\/eller bor fremmedspr\u00e5klige arbeidere. Mange fremmedspr\u00e5klige kommer fra land og kulturer hvor elektrisk\u00a0str\u00f8m benyttes p\u00e5 helt andre m\u00e5ter enn her. Norge er i denne sammenheng spesiell.\u00a0\u00a0Vi har m\u00f8rke og kalde vintre, vi bruker mye str\u00f8m og har andre byggeskikker (med mye trehusbebyggelse) og str\u00f8mssystemer. Behovet for informasjon om str\u00f8m og sikkerhet er derfor stort, og som arbeidsgiver m\u00e5 man s\u00f8rge for at de ansatte f\u00e5r den n\u00f8dvendige oppl\u00e6ringen.<\/p>\n\t\t\t\t<\/article>\n\t\t\t<\/div>\n\n\t\t\t<div class=\"cell small-12 medium-5 image\">\n\t\t\t\t\t\t\t<\/div>\n\t\t<\/div>\n\t\t\n\t<\/div>\n<\/section>\n\n\n\n<section id=\"image-content-block_f202ef9a3e827542f666dc2a1a1d50ee\" class=\"block-section image-content dark smaller-fonts no-image has-more-content  align-full\">\n\t<div class=\"grid-container\" id=\"scrollToMe-husk-vaningshuset\">\n\n\t\t<div class=\"grid-x grid-padding-x\">\n\n\t\t\t<div class=\"cell small-12 medium-7 content\">\n\t\t\t\t\t\t\t\t\t<h2 class=\"section-title\">Husk v\u00e5ningshuset<\/h2>\n\t\t\t\t\n\t\t\t\t\t\t\t\t\t<article><p>Det er ikke bare driftsbygninger som brenner. Statistikken viser at bolighusene p\u00e5 g\u00e5rden brenner ogs\u00e5. Feil p\u00e5 elektriske anlegg og feil bruk av elektriske apparater er\u00a0ofte\u00a0hoved\u00e5rsaken.<\/p>\n<\/article>\n\t\t\t\t\n\t\t\t\t\t\t\t\t<div class=\"clearfix\"><\/div>\n\t\t\t\t\n\t\t\t\t\t\t\t\t\n\t\t\t\t\t<a\n\t\t\t\t\t\thref=\"#\"\n\t\t\t\t\t\tclass=\"button-plus content-toggler\"\n\t\t\t\t\t\tdata-initialtext=\"Les mer\"\n\t\t\t\t\t\tdata-toggletext=\"Les mindre\"\n\t\t\t\t\t\tdata-target=\"ic-hidden-block_f202ef9a3e827542f666dc2a1a1d50ee\"\n\t\t\t\t\t\trole=\"button\"\n\t\t\t\t\t\trel=\"nofollow\"\n\t\t\t\t\t\taria-label=\"\u00c5pne skjult innhold\"\n\t\t\t\t\t\taria-expanded=\"false\">\n\t\t\t\t\t\t<span>Les mer<\/span>\n\t\t\t\t\t\t<span class=\"icon icon-plus\"><\/span>\n\t\t\t\t\t<\/a>\n\t\t\t\t\n\t\t\t<\/div>\n\n\t\t\t<div class=\"cell small-12 medium-5 image\">\n\t\t\t\t\t\t\t\t\t\n\t\t\t\t\t\n\t\t\t\t\n\t\t\t<\/div>\n\n\t\t<\/div>\n\n\t\t\t\t\t\t<div class=\"grid-x grid-padding-x hidden-more-content\" aria-expanded=\"false\" aria-hidden=\"true\" id=\"ic-hidden-block_f202ef9a3e827542f666dc2a1a1d50ee\">\n\t\t\t<div class=\"cell small-12 medium-7 content\">\n\t\t\t\t<article>\n\t\t\t\t<p>Kravene som stilles\u00a0til forebyggende elsikkerhetsarbeid gjennom Interkontrollforskriften og regelverket for dyrehelse og dyrevelferd gjelder ikke for boligen p\u00e5 g\u00e5rden. S\u00e5nn sett stilles det alts\u00e5 strengere krav til brannsikkerhet for husdyrbesetningene enn for bondefamilien. For \u00e5 ivareta sin egen sikkerhet er det likevel fornuftig \u00e5 ta med bolighuset i kontrollrutinene og v\u00e6re p\u00e5passelig med bruken av elektriske apparater i hjemmet.<\/p>\n\t\t\t\t<\/article>\n\t\t\t<\/div>\n\n\t\t\t<div class=\"cell small-12 medium-5 image\">\n\t\t\t\t\t\t\t<\/div>\n\t\t<\/div>\n\t\t\n\t<\/div>\n<\/section>\n\n\n\n<section id=\"download-list-block_b606ca818d07352332b174964ec60103\" class=\"block-section download-list none #ksl align-full\">\n\t<div class=\"grid-container\">\n\t\t<div class=\"grid-x grid-padding-x\">\n\n\t\t\t<div class=\"cell small-12 medium-6 large-5 title-wrapper\">\n\t\t\t\t\t\t\t\t\t<h2 class=\"title\">Kvalitetssystem i landbruket (KSL)<\/h2>\n\t\t\t\t\t\t\t<\/div>\n\n\t\t\t<div class=\"cell small-12 medium-5 large-4 large-offset-1 downloads-wrapper\">\n\n\t\t\t\t\t\t\t\t\t<ul>\n\t\t\t\t\t\t\t\t\t\t\t\n\t\t\t\t\t\t\n\t\t\t\t\t\t\t\t\t\t\t\t\t<li>\n\n\t\t\t\t\t\t\t\t\t\t\t\t\t\t\t<a href=\"https:\/\/ksl.matmerk.no\/cms\/files\/5606\/2-helsemiljoeogsikkerhet-nb-no.pdf\" class=\"link\" target=\"_blank\">\n\t\t\t\t\t\t\t\t\t<span class=\"str\">Sjekkliste for egenrevisjon<\/span>\n\t\t\t\t\t\t\t\t\t<span class=\"icon icon-arrow-right\"><\/span>\n\t\t\t\t\t\t\t\t<\/a>\n\t\t\t\t\t\t\t\n\t\t\t\t\t\t\t<\/li>\n\t\t\t\t\t\t\n\t\t\t\t\t\t\t\t\t\t\t\n\t\t\t\t\t\t\n\t\t\t\t\t\t\t\t\t\t\t\t\t<li>\n\n\t\t\t\t\t\t\t\t\t\t\t\t\t\t\t<a href=\"https:\/\/ksl.matmerk.no\/cms\/files\/2680\/egenkontroll-el---skrivbar-sjekkliste---oktober-2015.pdf\" class=\"link\" target=\"_blank\">\n\t\t\t\t\t\t\t\t\t<span class=\"str\">Sjekkliste for egenkontroll<\/span>\n\t\t\t\t\t\t\t\t\t<span class=\"icon icon-arrow-right\"><\/span>\n\t\t\t\t\t\t\t\t<\/a>\n\t\t\t\t\t\t\t\n\t\t\t\t\t\t\t<\/li>\n\t\t\t\t\t\t\n\t\t\t\t\t\t\t\t\t\t\t\n\t\t\t\t\t\t\n\t\t\t\t\t\t\t\t\t\t\t\t\t<li>\n\n\t\t\t\t\t\t\t\t\t\t\t\t\t\t\t<a href=\"https:\/\/ksl.matmerk.no\/no\/ksl-hjelp\/hms\" class=\"link\" target=\"_blank\">\n\t\t\t\t\t\t\t\t\t<span class=\"str\">Andre nyttige dokumenter<\/span>\n\t\t\t\t\t\t\t\t\t<span class=\"icon icon-arrow-right\"><\/span>\n\t\t\t\t\t\t\t\t<\/a>\n\t\t\t\t\t\t\t\n\t\t\t\t\t\t\t<\/li>\n\t\t\t\t\t\t\n\t\t\t\t\t\t\t\t\t\t<\/ul>\n\t\t\t\t\n\t\t\t<\/div>\n\n\t\t<\/div>\n\t<\/div>\n<\/section>\n\n\n<section id=\"download-list-block_a2e85f19e847421627672842b077d880\" class=\"block-section download-list none  align-full\">\n\t<div class=\"grid-container\">\n\t\t<div class=\"grid-x grid-padding-x\">\n\n\t\t\t<div class=\"cell small-12 medium-6 large-5 title-wrapper\">\n\t\t\t\t\t\t\t\t\t<h2 class=\"title\">Du kan finne mer informasjon hos<\/h2>\n\t\t\t\t\t\t\t<\/div>\n\n\t\t\t<div class=\"cell small-12 medium-5 large-4 large-offset-1 downloads-wrapper\">\n\n\t\t\t\t\t\t\t\t\t<ul>\n\t\t\t\t\t\t\t\t\t\t\t\n\t\t\t\t\t\t\n\t\t\t\t\t\t\t\t\t\t\t\t\t<li>\n\n\t\t\t\t\t\t\t\t\t\t\t\t\t\t\t<a href=\"https:\/\/mattilsynet.no\" class=\"link\" target=\"_blank\">\n\t\t\t\t\t\t\t\t\t<span class=\"str\">Mattilsynet<\/span>\n\t\t\t\t\t\t\t\t\t<span class=\"icon icon-arrow-right\"><\/span>\n\t\t\t\t\t\t\t\t<\/a>\n\t\t\t\t\t\t\t\n\t\t\t\t\t\t\t<\/li>\n\t\t\t\t\t\t\n\t\t\t\t\t\t\t\t\t\t\t\n\t\t\t\t\t\t\n\t\t\t\t\t\t\t\t\t\t\t\t\t<li>\n\n\t\t\t\t\t\t\t\t\t\t\t\t\t\t\t<a href=\"https:\/\/www.lbk.no\/\" class=\"link\" target=\"_blank\">\n\t\t\t\t\t\t\t\t\t<span class=\"str\">Landbrukets brannvernkomit\u00e9<\/span>\n\t\t\t\t\t\t\t\t\t<span class=\"icon icon-arrow-right\"><\/span>\n\t\t\t\t\t\t\t\t<\/a>\n\t\t\t\t\t\t\t\n\t\t\t\t\t\t\t<\/li>\n\t\t\t\t\t\t\n\t\t\t\t\t\t\t\t\t\t\t\n\t\t\t\t\t\t\n\t\t\t\t\t\t\t\t\t\t\t\t\t<li>\n\n\t\t\t\t\t\t\t\t\t\t\t\t\t\t\t<a href=\"https:\/\/matmerk.no\" class=\"link\" target=\"_blank\">\n\t\t\t\t\t\t\t\t\t<span class=\"str\">Matmerk (KSL)<\/span>\n\t\t\t\t\t\t\t\t\t<span class=\"icon icon-arrow-right\"><\/span>\n\t\t\t\t\t\t\t\t<\/a>\n\t\t\t\t\t\t\t\n\t\t\t\t\t\t\t<\/li>\n\t\t\t\t\t\t\n\t\t\t\t\t\t\t\t\t\t<\/ul>\n\t\t\t\t\n\t\t\t<\/div>\n\n\t\t<\/div>\n\t<\/div>\n<\/section>","protected":false},"excerpt":{"rendered":"<p>I landbruket er det mange som benytter seg av KSLs system for HMS-arbeid p\u00e5 g\u00e5rden, gjerne i kombinasjon med en sikkerhetsavtale\/-kontroll i regi av et forsikringsselskap.&nbsp;Andre velger&nbsp;\u00e5 lage sitt eget internkontrollsystem for elektrisk anlegg og \u2013 utstyr. Dette trenger ikke v\u00e6re omfattende eller komplisert. Et internkontrollsystem skal alltid tilpasses virksomheten b\u00e5de omfangs- og innholdsmessig. Det [&hellip;]<\/p>\n","protected":false},"author":1,"featured_media":1180,"parent":1098,"menu_order":2,"comment_status":"closed","ping_status":"closed","template":"","meta":{"_acf_changed":false,"footnotes":""},"class_list":["post-44","page","type-page","status-publish","has-post-thumbnail","hentry"],"acf":[],"_links":{"self":[{"href":"https:\/\/elsikkerhetsportalen.no\/arva\/wp-json\/wp\/v2\/pages\/44","targetHints":{"allow":["GET"]}}],"collection":[{"href":"https:\/\/elsikkerhetsportalen.no\/arva\/wp-json\/wp\/v2\/pages"}],"about":[{"href":"https:\/\/elsikkerhetsportalen.no\/arva\/wp-json\/wp\/v2\/types\/page"}],"author":[{"embeddable":true,"href":"https:\/\/elsikkerhetsportalen.no\/arva\/wp-json\/wp\/v2\/users\/1"}],"replies":[{"embeddable":true,"href":"https:\/\/elsikkerhetsportalen.no\/arva\/wp-json\/wp\/v2\/comments?post=44"}],"version-history":[{"count":0,"href":"https:\/\/elsikkerhetsportalen.no\/arva\/wp-json\/wp\/v2\/pages\/44\/revisions"}],"up":[{"embeddable":true,"href":"https:\/\/elsikkerhetsportalen.no\/arva\/wp-json\/wp\/v2\/pages\/1098"}],"wp:featuredmedia":[{"embeddable":true,"href":"https:\/\/elsikkerhetsportalen.no\/arva\/wp-json\/wp\/v2\/media\/1180"}],"wp:attachment":[{"href":"https:\/\/elsikkerhetsportalen.no\/arva\/wp-json\/wp\/v2\/media?parent=44"}],"curies":[{"name":"wp","href":"https:\/\/api.w.org\/{rel}","templated":true}]}}