{"id":61,"date":"2021-02-03T21:37:31","date_gmt":"2021-02-03T21:37:31","guid":{"rendered":"http:\/\/elsikkerhetsportalen.no\/arva\/?page_id=61"},"modified":"2024-01-18T08:46:13","modified_gmt":"2024-01-18T08:46:13","slug":"kontakt-dle","status":"publish","type":"page","link":"https:\/\/elsikkerhetsportalen.no\/arva\/dle\/kontakt-dle\/","title":{"rendered":"Kontakt DLE"},"content":{"rendered":"\n<p><strong>E-post: <\/strong><a href=\"mailto:dle.troms@arva.no\" target=\"_blank\" rel=\"noreferrer noopener\">dle.troms@arva.no<\/a><\/p>\n\n\n\n<h3 class=\"wp-block-heading\">Kontaktinformasjon for DLE Troms<br><\/h3>\n\n\n\n<p>Telefon: <a href=\"tel:77601111\">77 60 11 11\u00a0<\/a><br>Postadresse: Postboks 6116, 9291 Troms\u00f8<br>Bes\u00f8ksadresse: Evjenvegen 34, 9024 Tomasjord<\/p>\n\n\n\n<h3 class=\"wp-block-heading\">Kontaktinformasjon for DLE Nordland<\/h3>\n\n\n\n<p>Telefon: <a href=\"tel:75545110\">75 54 51 10<\/a><br>Postadresse: Postboks 1410, 8002 Bod\u00f8<br>Bes\u00f8ksadresse: Energihuset, Jernbaneveien 85, 8006 Bod\u00f8<\/p>\n","protected":false},"excerpt":{"rendered":"<p>E-post: dle.troms@arva.no Kontaktinformasjon for DLE Troms Telefon: 77 60 11 11\u00a0Postadresse: Postboks 6116, 9291 Troms\u00f8Bes\u00f8ksadresse: Evjenvegen 34, 9024 Tomasjord Kontaktinformasjon for DLE Nordland Telefon: 75 54 51 10Postadresse: Postboks 1410, 8002 Bod\u00f8Bes\u00f8ksadresse: Energihuset, Jernbaneveien 85, 8006 Bod\u00f8<\/p>\n","protected":false},"author":1,"featured_media":0,"parent":15,"menu_order":2,"comment_status":"closed","ping_status":"closed","template":"","meta":{"_acf_changed":false,"footnotes":""},"class_list":["post-61","page","type-page","status-publish","hentry"],"acf":[],"_links":{"self":[{"href":"https:\/\/elsikkerhetsportalen.no\/arva\/wp-json\/wp\/v2\/pages\/61","targetHints":{"allow":["GET"]}}],"collection":[{"href":"https:\/\/elsikkerhetsportalen.no\/arva\/wp-json\/wp\/v2\/pages"}],"about":[{"href":"https:\/\/elsikkerhetsportalen.no\/arva\/wp-json\/wp\/v2\/types\/page"}],"author":[{"embeddable":true,"href":"https:\/\/elsikkerhetsportalen.no\/arva\/wp-json\/wp\/v2\/users\/1"}],"replies":[{"embeddable":true,"href":"https:\/\/elsikkerhetsportalen.no\/arva\/wp-json\/wp\/v2\/comments?post=61"}],"version-history":[{"count":0,"href":"https:\/\/elsikkerhetsportalen.no\/arva\/wp-json\/wp\/v2\/pages\/61\/revisions"}],"up":[{"embeddable":true,"href":"https:\/\/elsikkerhetsportalen.no\/arva\/wp-json\/wp\/v2\/pages\/15"}],"wp:attachment":[{"href":"https:\/\/elsikkerhetsportalen.no\/arva\/wp-json\/wp\/v2\/media?parent=61"}],"curies":[{"name":"wp","href":"https:\/\/api.w.org\/{rel}","templated":true}]}}