{"id":1058,"date":"2022-02-06T18:29:49","date_gmt":"2022-02-06T18:29:49","guid":{"rendered":"https:\/\/elsikkerhetsportalen.no\/varanger-kraftnett\/elbransjen\/faglig-ansvarlig\/"},"modified":"2022-02-06T18:29:52","modified_gmt":"2022-02-06T18:29:52","slug":"faglig-ansvarlig","status":"publish","type":"page","link":"https:\/\/elsikkerhetsportalen.no\/barentsnett\/elbransjen\/faglig-ansvarlig\/","title":{"rendered":"Faglig ansvarlig"},"content":{"rendered":"<section id=\"scrollable-shortcuts-block_62000ec2e8807\" class=\"block-section scrollable-shortcuts   align-full\">\n\t<div class=\"grid-container\">\n\t\t<div class=\"grid-x grid-padding-x\">\n\n\t\t\t<header class=\"cell small-12 medium-7\">\n\t\t\t\t\t\t\t\t\t<h1>Faglig ansvarlig<\/h1>\n\t\t\t\t\n\t\t\t\t\t\t\t\t\t<p class=\"ingress\">Nedenfor beskrives hvilke oppgaver DSB mener at faglig ansvarlig (FA) for arbeid knyttet til elektriske anlegg skal ha ansvar for, og hvilken rolle FA skal ivareta i et elektroforetak. DSB oppstiller kvalifikasjonskrav til FA, jf.\u00a0<a rel=\"noreferrer noopener\" href=\"https:\/\/lovdata.no\/dokument\/SF\/forskrift\/2013-06-19-739\" target=\"_blank\">forskrift om elektroforetak og kvalifikasjonskrav for arbeid knyttet til elektriske anlegg og elektrisk utstyr<\/a>\u00a0(fek) \u00a7 7. Kvalifikasjonskravene danner grunnlaget for \u00e5 ivareta offentlig helse og sikkerhet og hindre at tjenestemottaker skades som f\u00f8lge av tjenesteyters manglende kvalifikasjoner. Med tjenesteyter menes elektroforetaket. DSB oppstiller ogs\u00e5 konkrete krav til elektroforetak, jf. fek \u00a7\u00a7 3 \u2013 5<\/p>\r\n<!-- \/wp:paragraph --><\/p>\n\t\t\t\t\n\t\t\t\t\t\t\t\t\t<h2 class=\"shortcuts-title\">Snarveier<span><span class=\"icon icon-arrow-down\"><\/span><\/span><\/h2>\n\t\t\t\t\n\t\t\t\t<nav><ul><li><a href=\"#foretakets-plikter\" class=\"link link--underlined\">Foretakets plikter<\/a><\/li><li><a href=\"#faglig-ansvarliges-plikter-og-oppgaver\" class=\"link link--underlined\">FAs plikter og oppgaver<\/a><\/li><li><a href=\"#fas-direkte-ansvar-for-at-foretaket-oppfyller\" class=\"link link--underlined\">FAs direkte ansvar<\/a><\/li><\/ul><\/nav>\t\t\t<\/header>\n\n\t\t<\/div>\n\t<\/div>\n<\/section>\n\n\n\n<section id=\"image-content-block_62000f21e8808\" class=\"block-section image-content light smaller-fonts no-image has-more-content  align-full\">\n\t<div class=\"grid-container\" id=\"scrollToMe-foretakets-plikter\">\n\n\t\t<div class=\"grid-x grid-padding-x\">\n\n\t\t\t<div class=\"cell small-12 medium-7 content\">\n\t\t\t\t\t\t\t\t\t<h2 class=\"section-title\">Foretakets plikter<\/h2>\n\t\t\t\t\n\t\t\t\t\t\t\t\t\t<article><p>Foretaket plikter \u00e5 s\u00f8rge for at det utf\u00f8res HMS-arbeid i foretaket, som sikrer at foretaket har avdekket hvilket regelverk foretaket m\u00e5 forholde seg til, og p\u00e5 hvilke omr\u00e5der foretaket kan forbedre seg med hensyn p\u00e5 ivaretakelse av HMS. DSB har en klar formening om at faglig ansvarlig (FA) er elektroforetakets viktigste person for \u00e5 sikre at foretaket leverer el- og brannsikre elektriske anlegg.<\/p>\n<\/article>\n\t\t\t\t\n\t\t\t\t\t\t\t\t<div class=\"clearfix\"><\/div>\n\t\t\t\t\n\t\t\t\t\t\t\t\t\n\t\t\t\t\t<a\n\t\t\t\t\t\thref=\"#\"\n\t\t\t\t\t\tclass=\"button-plus content-toggler\"\n\t\t\t\t\t\tdata-initialtext=\"Les mer\"\n\t\t\t\t\t\tdata-toggletext=\"Les mindre\"\n\t\t\t\t\t\tdata-target=\"ic-hidden-block_62000f21e8808\"\n\t\t\t\t\t\trole=\"button\"\n\t\t\t\t\t\trel=\"nofollow\"\n\t\t\t\t\t\taria-label=\"\u00c5pne skjult innhold\"\n\t\t\t\t\t\taria-expanded=\"false\">\n\t\t\t\t\t\t<span>Les mer<\/span>\n\t\t\t\t\t\t<span class=\"icon icon-plus\"><\/span>\n\t\t\t\t\t<\/a>\n\t\t\t\t\n\t\t\t<\/div>\n\n\t\t\t<div class=\"cell small-12 medium-5 image\">\n\t\t\t\t\t\t\t\t\t\n\t\t\t\t\t\n\t\t\t\t\n\t\t\t<\/div>\n\n\t\t<\/div>\n\n\t\t\t\t\t\t<div class=\"grid-x grid-padding-x hidden-more-content\" aria-expanded=\"false\" aria-hidden=\"true\" id=\"ic-hidden-block_62000f21e8808\">\n\t\t\t<div class=\"cell small-12 medium-7 content\">\n\t\t\t\t<article>\n\t\t\t\t<ul>\n<li>FA er \u00abgarantisten\u00bb for at foretaket kun benytter kvalifisert personell, med oppdatert kompetanse knyttet til de oppdragene foretaket har p\u00e5tatt seg.<\/li>\n<li>FA skal ved overlevering av utf\u00f8rte arbeider sikre at foretaket har levert det produktet som ble bestilt, at produktet tilfredsstiller gjeldende forskrift for det aktuelle produktet og at anleggseier har f\u00e5tt overlevert dokumentasjon i tr\u00e5d med minstekravene i den tekniske forskriften som gjelder for den aktuelle anleggstypen.<\/li>\n<li>Foretaket plikter \u00e5 etterleve krav gitt i fek med hensyn p\u00e5 registrering i\u00a0Elvirksomhetsregisteret<a href=\"https:\/\/innmelding.dsb.no\/elvirksomhetsregisteret\/start?0\">,<\/a> jf. fek \u00a7 3, og vedlikehold av de registrerte opplysningene, slik at de til enhver tid er korrekte.<\/li>\n<li>Foretaket plikter \u00e5 benytte kvalifisert personell til arbeid knyttet til elektriske anlegg, jf. fek \u00a7 5.<\/li>\n<li>Foretaket har, jf. fek \u00a7 5, plikt til \u00e5 p\u00e5se at den ansatte er oppdatert p\u00e5 den faglige utviklingen, herunder kunnskap om ny teknologi som bygges inn i elektriske anlegg, for p\u00e5 en bedre m\u00e5te \u00e5 beskytte det elektriske anlegget mot feil, som f\u00f8lge av overbelastning, kortslutning og feil bruk av elektrisk utstyr, som kan resultere i alvorlige konsekvenser for personsikkerheten til brukeren av det elektriske anlegget.<\/li>\n<li>Foretaket plikter \u00e5 prioritere utbedring av alvorlige feil\/mangler som fremkommer av rapport etter tilsyn fra DSB\/DLE, jf. fek \u00a7 4. (Plikten inntreffer n\u00e5r det er fattet vedtak knyttet til rapporten.)<\/li>\n<li>Vi minner om foretakets plikt, jf. fek \u00a7 5 til \u00e5 p\u00e5se at FA utf\u00f8rer arbeidet med \u00e5 ha det faglige ansvaret for arbeid knyttet til elektriske anlegg og at FA er tilgjengelig innenfor foretakets normale arbeidstid.<\/li>\n<li style=\"list-style-type: none;\"><\/li>\n<\/ul>\n\t\t\t\t<\/article>\n\t\t\t<\/div>\n\n\t\t\t<div class=\"cell small-12 medium-5 image\">\n\t\t\t\t\t\t\t<\/div>\n\t\t<\/div>\n\t\t\n\t<\/div>\n<\/section>\n\n\n\n<section id=\"image-content-block_62001052e880a\" class=\"block-section image-content dark smaller-fonts no-image has-more-content  align-full\">\n\t<div class=\"grid-container\" id=\"scrollToMe-faglig-ansvarliges-plikter-og-oppgaver\">\n\n\t\t<div class=\"grid-x grid-padding-x\">\n\n\t\t\t<div class=\"cell small-12 medium-7 content\">\n\t\t\t\t\t\t\t\t\t<h2 class=\"section-title\">Faglig ansvarliges plikter og oppgaver<\/h2>\n\t\t\t\t\n\t\t\t\t\t\t\t\t\t<article><p>FA har i tillegg til oppgaven med \u00e5 ha det faglige ansvaret for arbeid knyttet til elektriske anlegg, et ansvar for \u00e5 opptre som rollemodell for de ansatte i foretaket.<\/p>\n<\/article>\n\t\t\t\t\n\t\t\t\t\t\t\t\t<div class=\"clearfix\"><\/div>\n\t\t\t\t\n\t\t\t\t\t\t\t\t\n\t\t\t\t\t<a\n\t\t\t\t\t\thref=\"#\"\n\t\t\t\t\t\tclass=\"button-plus content-toggler\"\n\t\t\t\t\t\tdata-initialtext=\"Les mer\"\n\t\t\t\t\t\tdata-toggletext=\"Les mindre\"\n\t\t\t\t\t\tdata-target=\"ic-hidden-block_62001052e880a\"\n\t\t\t\t\t\trole=\"button\"\n\t\t\t\t\t\trel=\"nofollow\"\n\t\t\t\t\t\taria-label=\"\u00c5pne skjult innhold\"\n\t\t\t\t\t\taria-expanded=\"false\">\n\t\t\t\t\t\t<span>Les mer<\/span>\n\t\t\t\t\t\t<span class=\"icon icon-plus\"><\/span>\n\t\t\t\t\t<\/a>\n\t\t\t\t\n\t\t\t<\/div>\n\n\t\t\t<div class=\"cell small-12 medium-5 image\">\n\t\t\t\t\t\t\t\t\t\n\t\t\t\t\t\n\t\t\t\t\n\t\t\t<\/div>\n\n\t\t<\/div>\n\n\t\t\t\t\t\t<div class=\"grid-x grid-padding-x hidden-more-content\" aria-expanded=\"false\" aria-hidden=\"true\" id=\"ic-hidden-block_62001052e880a\">\n\t\t\t<div class=\"cell small-12 medium-7 content\">\n\t\t\t\t<article>\n\t\t\t\t<p>FA m\u00e5 med sin opptreden vise hvordan han \u00f8nsker at de ansatte skal opptre for \u00e5 skape gode holdninger og \u00abyrkesstolthet\u00bb. Det er virksomhetens kompetanse som skal sikre at kunden f\u00e5r den varen han har bestilt.<\/p>\n<p><strong>FA m\u00e5 tillegges ansvaret for \u00e5 skape et godt elektrofaglig milj\u00f8 med respekt for det regelverket foretaket m\u00e5 forholde seg til.<\/strong><\/p>\n<ul>\n<li>FA m\u00e5 tillegges ansvaret med \u00e5 f\u00e5 de ansatte til\u00a0\u00e5 respektere foretakets interne rutiner og prosedyrer, og gj\u00f8re ansatte kjent med eventuelle f\u00f8lger av det\u00a0\u00e5 bryte med gjeldende regelverk og foretakets interne rutiner og prosedyrer.<\/li>\n<\/ul>\n<p><strong>DSB mener at FA m\u00e5 tillegges ansvaret for \u00e5 etablere gode rutiner og prosedyrer for planlegging, risikovurdering, prosjektering og utf\u00f8relse av arbeid knyttet til elektriske anlegg.\u00a0<\/strong><\/p>\n<ul>\n<li>FA m\u00e5 tillegges ansvaret for \u00e5 dokumentere at disse rutinene og prosedyrene benyttes som verkt\u00f8y og etterleves.\n<ul>\n<li>Foretaket m\u00e5 gj\u00f8re FA kjent med eventuelle f\u00f8lger av det \u00e5 bryte med gjeldende regelverk og foretakets interne rutiner og prosedyrer.<\/li>\n<\/ul>\n<\/li>\n<\/ul>\n\t\t\t\t<\/article>\n\t\t\t<\/div>\n\n\t\t\t<div class=\"cell small-12 medium-5 image\">\n\t\t\t\t\t\t\t<\/div>\n\t\t<\/div>\n\t\t\n\t<\/div>\n<\/section>\n\n\n\n<section id=\"image-content-block_62001291e880c\" class=\"block-section image-content none smaller-fonts no-image has-more-content  align-full\">\n\t<div class=\"grid-container\" id=\"scrollToMe-fas-direkte-ansvar-for-at-foretaket-oppfyller\">\n\n\t\t<div class=\"grid-x grid-padding-x\">\n\n\t\t\t<div class=\"cell small-12 medium-7 content\">\n\t\t\t\t\t\t\t\t\t<h2 class=\"section-title\">FAs direkte ansvar for at foretaket oppfyller<\/h2>\n\t\t\t\t\n\t\t\t\t\t\t\t\t\t<article><p>N\u00f8dvendig kompetanse og rutiner som beskrevet her:<\/p>\n<\/article>\n\t\t\t\t\n\t\t\t\t\t\t\t\t<div class=\"clearfix\"><\/div>\n\t\t\t\t\n\t\t\t\t\t\t\t\t\n\t\t\t\t\t<a\n\t\t\t\t\t\thref=\"#\"\n\t\t\t\t\t\tclass=\"button-plus content-toggler\"\n\t\t\t\t\t\tdata-initialtext=\"Les mer\"\n\t\t\t\t\t\tdata-toggletext=\"Les mindre\"\n\t\t\t\t\t\tdata-target=\"ic-hidden-block_62001291e880c\"\n\t\t\t\t\t\trole=\"button\"\n\t\t\t\t\t\trel=\"nofollow\"\n\t\t\t\t\t\taria-label=\"\u00c5pne skjult innhold\"\n\t\t\t\t\t\taria-expanded=\"false\">\n\t\t\t\t\t\t<span>Les mer<\/span>\n\t\t\t\t\t\t<span class=\"icon icon-plus\"><\/span>\n\t\t\t\t\t<\/a>\n\t\t\t\t\n\t\t\t<\/div>\n\n\t\t\t<div class=\"cell small-12 medium-5 image\">\n\t\t\t\t\t\t\t\t\t\n\t\t\t\t\t\n\t\t\t\t\n\t\t\t<\/div>\n\n\t\t<\/div>\n\n\t\t\t\t\t\t<div class=\"grid-x grid-padding-x hidden-more-content\" aria-expanded=\"false\" aria-hidden=\"true\" id=\"ic-hidden-block_62001291e880c\">\n\t\t\t<div class=\"cell small-12 medium-7 content\">\n\t\t\t\t<article>\n\t\t\t\t<ul>\n<li>N\u00f8dvendig kompetanse til \u00e5 p\u00e5ta seg de oppdragene som er relevante for foretaket, og som FA har kompetanse til \u00e5 v\u00e6re faglig ansvarlig for, gjennom \u00e5 ha:\n<ul>\n<li>Rutine for kartlegging av kompetanse i foretaket, som verkt\u00f8y for valg av personell til hvert enkelt oppdrag.<\/li>\n<li>Rutine for bruk av l\u00e6rlinger til arbeid knyttet til elektriske anlegg (hvis aktuelt) \uf0a7\n<ul>\n<li>Rutine for utpeking av veileder (overv\u00e5ker) med kunnskaper om VG 3 l\u00e6replan for l\u00e6rlingen.<\/li>\n<\/ul>\n<\/li>\n<li>Rutine for bruk av ufagl\u00e6rte til arbeid knyttet til elektriske anlegg. \uf0a7\n<ul>\n<li>Rutine for utpeking av veileder (overv\u00e5ker) med kunnskaper om bruk av ufagl\u00e6rte med fokus p\u00e5 aktuell rutine.<\/li>\n<\/ul>\n<\/li>\n<li>Rutine for valg av arbeidsmetode p\u00e5 arbeidstedet.<\/li>\n<li>Rutine for utpeking av LFS\/AFA.<\/li>\n<li>Rutine for SJA p\u00e5 arbeidsstedet. \uf0b7<\/li>\n<\/ul>\n<\/li>\n<li>Rutine for gjennomf\u00f8ring og dokumentasjon av risikovurdering knyttet til et hver oppdrag (Risiko knyttet til personsikkerhet under gjennomf\u00f8ringen av oppdraget).\n<ul>\n<li>Rutine for kartlegging av risiko.<\/li>\n<li>Rutine for \u00e5 redusere risiko.<\/li>\n<li>Rutine for \u00e5 risikostyring (Barrierer og beredskap).<\/li>\n<\/ul>\n<\/li>\n<li>Rutine for gjennomf\u00f8ring av n\u00f8dvendig kompetanseheving, herunder gjennomgang av sikkerhetsforskriftene.\n<ul>\n<li>Plan og rutine for gjennomf\u00f8ring av kurs, som et ledd i \u00e5 f\u00f8lge med p\u00e5 regelverksendringer og endringer i normer som benyttes som metode for \u00e5 oppfylle krav i regelverket.<\/li>\n<li>Plan og rutine for gjennomf\u00f8ring av lovp\u00e5lagte kurs, som for eksempel kurs i fse og f\u00f8rstehjelp, med fokus p\u00e5 tidligere \u00e5rs erfaringer og nestenulykker eller ulykker. \uf0b7<\/li>\n<\/ul>\n<\/li>\n<li>Rutine for \u00e5 sikre at foretaket benytter kvalifisert personell til de enkelte arbeidsoppdrag.\n<ul>\n<li>Rutine for \u00e5 sikre at foretaket benytter personell som oppfyller minstekrav til kvalifikasjoner, samt krav til n\u00f8dvendig kompetanse knyttet til det konkrete oppdraget.<\/li>\n<\/ul>\n<\/li>\n<li>Rutine for \u00e5 sikre at de som utf\u00f8rer arbeid p\u00e5 elektriske anlegg har tilgang p\u00e5 n\u00f8dvendig verkt\u00f8y, verneutstyr og lignende.\n<ul>\n<li>Rutine som sikrer at personellet f\u00f8lger rutine for bruk av n\u00f8dvendig verkt\u00f8y, verneutstyr, p\u00e5 grunnlag av valgt metode.\n<ul>\n<li>Rutine for vedlikehold av verneutstyr. \uf0b7<\/li>\n<\/ul>\n<\/li>\n<\/ul>\n<\/li>\n<li>Rutine for valg av \u00abmetode\u00bb for utf\u00f8relse, og p\u00e5se at dette oppfyller sikkerhetskravene i gjeldende forskrift for aktuell anleggstype.\n<ul>\n<li>Rutine for utarbeidelse av underlag for person som skal utf\u00f8re bygging og vedlikehold av elektriske anlegg. \uf0a7\n<ul>\n<li>Utarbeidelse av underlag for det arbeidet som skal utf\u00f8res og dokumentasjon p\u00e5 at planlegging og risikovurdering er utf\u00f8rt i samsvar med gjeldende regelverk og interne rutiner og prosedyrer.<\/li>\n<\/ul>\n<\/li>\n<\/ul>\n<\/li>\n<li>P\u00e5se at det utf\u00f8res sluttkontroll av utf\u00f8rt arbeid og at sluttkontrollen er tilfredsstillende utf\u00f8rt og dokumentert.<\/li>\n<li>P\u00e5se at det utf\u00f8res stikkpr\u00f8ver p\u00e5 utf\u00f8rt arbeid p\u00e5 arbeidsstedet, knyttet til etterlevelse av interne rutiner og prosedyrer for valgt arbeidsmetode, utpeking av LFS\/AFA, LFS\/AFAs rolle under arbeidet, bruk av verneutstyr i forhold til valgt metode, utf\u00f8relse av arbeidet og at sluttkontroll etter utf\u00f8rt arbeid blir gjennomf\u00f8rt.\n<ul>\n<li>Person som bygger og vedlikeholder elektriske anlegg kan og skal bli gjenstand for stikkpr\u00f8ver knyttet til det arbeidet som blir utf\u00f8rt. \uf0a7\n<ul>\n<li>Dette skal v\u00e6re stikkpr\u00f8ver med fokus p\u00e5 forbedring, og som skal skape en trygg relasjon mellom FA og den som bygger og vedlikeholder elektriske anlegg. \uf0b7<\/li>\n<\/ul>\n<\/li>\n<\/ul>\n<\/li>\n<li>Foretaket st\u00e5r ansvarlig for at det utarbeides n\u00f8dvendig underlagsdokumentasjon for anlegget og at denne overleveres anleggseier.\n<ul>\n<li>Rutine for overlevering av forskriftsp\u00e5lagt dokumentasjon for det arbeidet som er utf\u00f8rt<\/li>\n<\/ul>\n<\/li>\n<\/ul>\n<blockquote class=\"wp-block-quote is-style-large\"><p><strong>Foretaket skal kontrollere og evaluere HMS-aktiviteter innenfor eget ansvarsomr\u00e5de og p\u00e5 bakgrunn av dette foreta n\u00f8dvendige justeringer.<\/strong><\/p><\/blockquote>\n<ul>\n<li>Foretaket plikter \u00e5 informere alle ansatte om eventuelle endringer i HMS-arbeidet som f\u00f8lge av en slik gjennomgang av egen internkontroll<\/li>\n<\/ul>\n<p>DSB kan vanskelig se at FA reelt utf\u00f8rer arbeidet med \u00e5 ha det faglige ansvaret for arbeid knyttet til elektriske anlegg uten \u00e5 v\u00e6re tilgjengelig innenfor foretakets normale arbeidstid. Tilgjengelighet m\u00e5 ogs\u00e5 kunne sees i lys av at ansatte i foretaket skal kunne ha tillit til at FA kan bist\u00e5 med n\u00f8dvendige opplysninger som m\u00e5tte mangle og kunne p\u00e5regne bistand fra FA p\u00e5 arbeidsstedet i l\u00f8pet av rimelig tid.<\/p>\n<p>FA b\u00f8r bruke en del av sin arbeidstid til \u00e5 gjennomf\u00f8re bes\u00f8k ute p\u00e5 s\u00e5 mange arbeidssteder som mulig, for \u00e5 f\u00f8lge opp sine ansatte p\u00e5 en m\u00e5te som gj\u00f8r at de ansatte f\u00f8ler seg sett og verdsatt for det arbeidet som utf\u00f8res.<\/p>\n\t\t\t\t<\/article>\n\t\t\t<\/div>\n\n\t\t\t<div class=\"cell small-12 medium-5 image\">\n\t\t\t\t\t\t\t<\/div>\n\t\t<\/div>\n\t\t\n\t<\/div>\n<\/section>\n\n\n\n<section class=\"block-section post-cards\">\n\t<div class=\"grid-container\">\n\n        <div class=\"grid-x grid-margin-x section-title-wrapper\">\n            <div class=\"cell small-12 medium-6\">\n                                    <h1 class=\"section-title\">Vi anbefaler<\/h1>\n                            <\/div>\n\n                    <\/div>\n\n        <div class=\"grid-x grid-margin-x cards-wrapper\">\n                                                                    <a href=\"https:\/\/elsikkerhetsportalen.no\/barentsnett\/internkontroll\/internkontroll-elektrovirksomheter\/\" class=\"link-card cell small-12 medium-6\">\n    <article>\n        <div class=\"content\">\n            <h3 class=\"title\">Internkontroll elektrovirksomheter<\/h3>\n            <p class=\"excerpt\"><\/p>\n        <\/div>\n        <span class=\"icon icon-arrow-right\"><\/span>\n    <\/article>\n<\/a>                    \n                                                        <a href=\"https:\/\/elsikkerhetsportalen.no\/barentsnett\/dle\/tilsyn-med-elektrovirksomheter\/\" class=\"link-card cell small-12 medium-6\">\n    <article>\n        <div class=\"content\">\n            <h3 class=\"title\">Tilsyn med elektrovirksomheter<\/h3>\n            <p class=\"excerpt\"><\/p>\n        <\/div>\n        <span class=\"icon icon-arrow-right\"><\/span>\n    <\/article>\n<\/a>                    \n                                                    <\/div>\n\n    <\/div>\n<\/section>","protected":false},"excerpt":{"rendered":"","protected":false},"author":4,"featured_media":0,"parent":14,"menu_order":7,"comment_status":"closed","ping_status":"closed","template":"","meta":{"_acf_changed":false,"footnotes":""},"class_list":["post-1058","page","type-page","status-publish","hentry"],"acf":[],"_links":{"self":[{"href":"https:\/\/elsikkerhetsportalen.no\/barentsnett\/wp-json\/wp\/v2\/pages\/1058","targetHints":{"allow":["GET"]}}],"collection":[{"href":"https:\/\/elsikkerhetsportalen.no\/barentsnett\/wp-json\/wp\/v2\/pages"}],"about":[{"href":"https:\/\/elsikkerhetsportalen.no\/barentsnett\/wp-json\/wp\/v2\/types\/page"}],"author":[{"embeddable":true,"href":"https:\/\/elsikkerhetsportalen.no\/barentsnett\/wp-json\/wp\/v2\/users\/4"}],"replies":[{"embeddable":true,"href":"https:\/\/elsikkerhetsportalen.no\/barentsnett\/wp-json\/wp\/v2\/comments?post=1058"}],"version-history":[{"count":0,"href":"https:\/\/elsikkerhetsportalen.no\/barentsnett\/wp-json\/wp\/v2\/pages\/1058\/revisions"}],"up":[{"embeddable":true,"href":"https:\/\/elsikkerhetsportalen.no\/barentsnett\/wp-json\/wp\/v2\/pages\/14"}],"wp:attachment":[{"href":"https:\/\/elsikkerhetsportalen.no\/barentsnett\/wp-json\/wp\/v2\/media?parent=1058"}],"curies":[{"name":"wp","href":"https:\/\/api.w.org\/{rel}","templated":true}]}}