{"id":20,"date":"2021-02-03T21:30:22","date_gmt":"2021-02-03T21:30:22","guid":{"rendered":"http:\/\/elsikkerhetsportalen.no\/varanger-kraftnett\/?page_id=20"},"modified":"2025-09-26T12:10:26","modified_gmt":"2025-09-26T12:10:26","slug":"finn-elektriker","status":"publish","type":"page","link":"https:\/\/elsikkerhetsportalen.no\/barentsnett\/elektrisk-anlegg\/finn-elektriker\/","title":{"rendered":"Finn elektriker"},"content":{"rendered":"\n<section id=\"image-content-block_e2e5c712088fb6a056af177ee70e5208\" class=\"block-section image-content dark  align-full\">\n\t<div class=\"grid-container\" id=\"scrollToMe-registrert-elektriker\">\n\n\t\t<div class=\"grid-x grid-padding-x\">\n\n\t\t\t<div class=\"cell small-12 medium-7 content\">\n\t\t\t\t\t\t\t\t\t<h2 class=\"section-title\">Registrert elektriker<\/h2>\n\t\t\t\t\n\t\t\t\t\t\t\t\t\t<article><h4>Alt arbeid p\u00e5 elektriske anlegg skal utf\u00f8res og dokumenteres av en registrert elektrovirksomhet. Fall ikke for fristelsen \u00e5 be om en vennetjeneste, eller leke hobbyelektriker selv. Det kan koste deg dyrt. Du finner de registrerte elvirksomhetene i myndighetenes Elvirksomhetsregister. Der er kun de som har lov til \u00e5 utf\u00f8re elektrisk arbeid oppf\u00f8rt.<\/h4>\n<p>N\u00e5r du f\u00e5r utf\u00f8rt arbeid p\u00e5 det elektriske anlegget ditt eller p\u00e5 elektrisk utstyr, finnes det strenge krav til hvem som har lov til \u00e5 gj\u00f8re jobben. Det er fordi elektrisitet kan v\u00e6re farlig dersom det h\u00e5ndteres feil. Kravene skal beskytte deg og andre mot ulykker, brann og skader p\u00e5 b\u00e5de mennesker, dyr og eiendom. Med andre ord: Reglene finnes for \u00e5 sikre at arbeidet blir gjort trygt, slik at du kan stole p\u00e5 at hjemmet ditt er sikkert \u00e5 bo i.<\/p>\n<p>I Elvirksomhetsregisteret til\u00a0Direktoratet for samfunnsikkerhet og beredskap (DSB) kan du s\u00f8ke opp alle registrerte virksomheter. Skriv inn navnet p\u00e5 virksomheten du har tenkt \u00e5 engasjere for \u00e5 sjekke om de er registrert. Du kan\u00a0ogs\u00e5 taste inn kommunenavn. Da f\u00e5r\u00a0du opp en liste med registrerte virksomheter i din kommune. <strong>Finner du ikke \u00abdin\u00bb elektriker her, har ikke firmaet lov til \u00e5 utf\u00f8re arbeid p\u00e5 ditt elektriske anlegg.<\/strong><\/p>\n<p><!-- \/wp:paragraph --> <!-- wp:paragraph --><\/p>\n<p>\u200bArbeid p\u00e5 et elektrisk anlegg skal ledes av en faglig ansvarlig (installat\u00f8r) og utf\u00f8res av en elektrofagarbeider (elektriker). Begge skal oppfylle gitte kvalifikasjonskrav. Disse virksomhetene er underlagt tilsyn fra Det lokale eltilsyn (DLE) for \u00e5 sikre at de har n\u00f8dvendig kompetanse og rutiner for \u00e5 utf\u00f8re arbeidene p\u00e5 en trygg m\u00e5te.<\/p>\n<p><!-- \/wp:paragraph --> <!-- wp:quote --><\/p>\n<blockquote class=\"wp-block-quote\"><p>Det er din plikt som eier av elektriske anlegget at virksomheten du bruker er registrert i DSBs register.<\/p><\/blockquote>\n<\/article>\n\t\t\t\t\n\t\t\t\t\t\t<a class=\"link link--underlined\" href=\"https:\/\/elvirksomhetsregisteret.dsb.no\/\" target=\"_blank\">\n\t\t\tG\u00e5 til Elvirksomhetsregisteret\t\t<\/a>\n\t\t\t\t\t<div class=\"clearfix\"><\/div>\n\t\t\t\t\n\t\t\t\t\t\t\t\t\n\t\t\t<\/div>\n\n\t\t\t<div class=\"cell small-12 medium-5 image\">\n\t\t\t\t<img loading=\"lazy\" decoding=\"async\" width=\"502\" height=\"335\" src=\"https:\/\/elsikkerhetsportalen.no\/barentsnett\/wp-content\/uploads\/2022\/09\/Elektrikeren-502x335.png\" class=\"attachment-image-content size-image-content\" alt=\"\" srcset=\"https:\/\/elsikkerhetsportalen.no\/barentsnett\/wp-content\/uploads\/2022\/09\/Elektrikeren-502x335.png 502w, https:\/\/elsikkerhetsportalen.no\/barentsnett\/wp-content\/uploads\/2022\/09\/Elektrikeren-300x200.png 300w, https:\/\/elsikkerhetsportalen.no\/barentsnett\/wp-content\/uploads\/2022\/09\/Elektrikeren.png 600w\" sizes=\"auto, (max-width: 502px) 100vw, 502px\" \/>\n\t\t\t<\/div>\n\n\t\t<\/div>\n\n\t\t\t\t\n\t<\/div>\n<\/section>\n\n\n\n<section class=\"block-section post-cards\">\n\t<div class=\"grid-container\">\n\n        <div class=\"grid-x grid-margin-x section-title-wrapper\">\n            <div class=\"cell small-12 medium-6\">\n                                    <h1 class=\"section-title\">Vi anbefaler<\/h1>\n                            <\/div>\n\n                            <div class=\"cell small-12 medium-6 small-text-align-left text-align-right\">\n                    <a class=\"link link--underlined\" href=\"https:\/\/elvirksomhetsregisteret.dsb.no\/elreg-ui\/search?term\" target=\"_blank\">\n<!--                        <span class=\"str\">--><!--<\/span>-->\n                        G\u00e5 til Elvirksomhetsregisteret                    <\/a>\n                <\/div>\n                    <\/div>\n\n        <div class=\"grid-x grid-margin-x cards-wrapper\">\n                                                                    <a href=\"https:\/\/elsikkerhetsportalen.no\/barentsnett\/ulovlig\/\" class=\"link-card cell small-12 medium-6\">\n    <article>\n        <div class=\"content\">\n            <h3 class=\"title\">Ulovlig elektrisk arbeid<\/h3>\n            <p class=\"excerpt\">Elektrisk materiell er blitt hyllevare i stadig flere forretninger og nettbutikker. Du kan f\u00e5 kj\u00f8pt&#8230;<\/p>\n        <\/div>\n        <span class=\"icon icon-arrow-right\"><\/span>\n    <\/article>\n<\/a>                    \n                                                        <a href=\"https:\/\/elsikkerhetsportalen.no\/barentsnett\/elektrisk-anlegg\/hva-kan-du-gjore-selv\/\" class=\"link-card cell small-12 medium-6\">\n    <article>\n        <div class=\"content\">\n            <h3 class=\"title\">Hva kan du gj\u00f8re selv?<\/h3>\n            <p class=\"excerpt\"><\/p>\n        <\/div>\n        <span class=\"icon icon-arrow-right\"><\/span>\n    <\/article>\n<\/a>                    \n                                                    <\/div>\n\n    <\/div>\n<\/section>","protected":false},"excerpt":{"rendered":"","protected":false},"author":1,"featured_media":1138,"parent":8,"menu_order":6,"comment_status":"closed","ping_status":"closed","template":"","meta":{"_acf_changed":false,"footnotes":""},"class_list":["post-20","page","type-page","status-publish","has-post-thumbnail","hentry"],"acf":[],"_links":{"self":[{"href":"https:\/\/elsikkerhetsportalen.no\/barentsnett\/wp-json\/wp\/v2\/pages\/20","targetHints":{"allow":["GET"]}}],"collection":[{"href":"https:\/\/elsikkerhetsportalen.no\/barentsnett\/wp-json\/wp\/v2\/pages"}],"about":[{"href":"https:\/\/elsikkerhetsportalen.no\/barentsnett\/wp-json\/wp\/v2\/types\/page"}],"author":[{"embeddable":true,"href":"https:\/\/elsikkerhetsportalen.no\/barentsnett\/wp-json\/wp\/v2\/users\/1"}],"replies":[{"embeddable":true,"href":"https:\/\/elsikkerhetsportalen.no\/barentsnett\/wp-json\/wp\/v2\/comments?post=20"}],"version-history":[{"count":0,"href":"https:\/\/elsikkerhetsportalen.no\/barentsnett\/wp-json\/wp\/v2\/pages\/20\/revisions"}],"up":[{"embeddable":true,"href":"https:\/\/elsikkerhetsportalen.no\/barentsnett\/wp-json\/wp\/v2\/pages\/8"}],"wp:featuredmedia":[{"embeddable":true,"href":"https:\/\/elsikkerhetsportalen.no\/barentsnett\/wp-json\/wp\/v2\/media\/1138"}],"wp:attachment":[{"href":"https:\/\/elsikkerhetsportalen.no\/barentsnett\/wp-json\/wp\/v2\/media?parent=20"}],"curies":[{"name":"wp","href":"https:\/\/api.w.org\/{rel}","templated":true}]}}