{"id":43,"date":"2021-02-03T21:34:11","date_gmt":"2021-02-03T21:34:11","guid":{"rendered":"http:\/\/elsikkerhetsportalen.no\/varanger-kraftnett\/?page_id=43"},"modified":"2022-11-01T12:02:33","modified_gmt":"2022-11-01T12:02:33","slug":"internkontroll-elektrovirksomheter","status":"publish","type":"page","link":"https:\/\/elsikkerhetsportalen.no\/barentsnett\/internkontroll\/internkontroll-elektrovirksomheter\/","title":{"rendered":"Internkontroll elektrovirksomheter"},"content":{"rendered":"<section id=\"scrollable-shortcuts-block_6075b2c66645d\" class=\"block-section scrollable-shortcuts   align-full\">\n\t<div class=\"grid-container\">\n\t\t<div class=\"grid-x grid-padding-x\">\n\n\t\t\t<header class=\"cell small-12 medium-7\">\n\t\t\t\t\t\t\t\t\t<h1>Internkontroll elektrovirksomheter<\/h1>\n\t\t\t\t\n\t\t\t\t\t\t\t\t\t<p class=\"ingress\">Installasjonsvirksomheter har spesielle krav til internkontroll. Virksomheten m\u00e5 et internkontrollsystem som sikrer de ansatte. Den skal ogs\u00e5 sikre riktig faglig utf\u00f8relse av det arbeidet som utf\u00f8res p\u00e5 elektriske anlegg og elektrisk utstyr.<\/p>\n\t\t\t\t\n\t\t\t\t\t\t\t\t\t<h2 class=\"shortcuts-title\">Snarveier<span><span class=\"icon icon-arrow-down\"><\/span><\/span><\/h2>\n\t\t\t\t\n\t\t\t\t<nav><ul><li><a href=\"#faglig-utforelse-av-arbeid\" class=\"link link--underlined\">Faglig utf\u00f8relse av arbeid<\/a><\/li><li><a href=\"#faglig-oppdatering-av-ansatte\" class=\"link link--underlined\">Faglig oppdatering av ansatte<\/a><\/li><li><a href=\"#organisatoriske-krav-til-virksomheten\" class=\"link link--underlined\">Organisatoriske krav til virksomheten<\/a><\/li><li><a href=\"#arbeid-pa-eller-i-naerheten-av-spenningssatte-anlegg\" class=\"link link--underlined\">Arbeid p\u00e5, eller i n\u00e6rheten av, spenningssatte anlegg<\/a><\/li><li><a href=\"#salg-av-elektrisk-materiell-og-utstyr\" class=\"link link--underlined\">Salg av elektrisk materiell og utstyr<\/a><\/li><\/ul><\/nav>\t\t\t<\/header>\n\n\t\t<\/div>\n\t<\/div>\n<\/section>\n\n\n\n<section id=\"image-content-block_6075b2f36645e\" class=\"block-section image-content light smaller-fonts no-image  align-full\">\n\t<div class=\"grid-container\" id=\"scrollToMe-faglig-utforelse-av-arbeid\">\n\n\t\t<div class=\"grid-x grid-padding-x\">\n\n\t\t\t<div class=\"cell small-12 medium-7 content\">\n\t\t\t\t\t\t\t\t\t<h2 class=\"section-title\">Faglig utf\u00f8relse av arbeid<\/h2>\n\t\t\t\t\n\t\t\t\t\t\t\t\t\t<article><ul>\n<li>Virksomheten m\u00e5 ha rutiner som sikrer at det arbeidet som de utf\u00f8rer p\u00e5 elanlegg og elektrisk utstyr er riktig faglig utf\u00f8rt og at arbeidet blir sluttf\u00f8rt slik at det er etter forskriftenes krav i tillegg til \u00e5\u00a0v\u00e6re\u00a0egnet for den forutsatte bruken.<\/li>\n<li>Dersom virksomheten oppdager at det er feil p\u00e5 det utf\u00f8rte arbeidet, eller de blir gjort kjent med at det er feil p\u00e5 anlegg som er kontrollert av DLE, skal virksomheten ha et avviksbehandlingssystem som skal behandle slike saker.<\/li>\n<li>Virksomheten skal ha rutiner som s\u00f8rger for at rett dokumentasjon blir overlevert til anleggseier i rett tid.<\/li>\n<\/ul>\n<\/article>\n\t\t\t\t\n\t\t\t\t\t\t\t\t<div class=\"clearfix\"><\/div>\n\t\t\t\t\n\t\t\t\t\t\t\t\t\n\t\t\t<\/div>\n\n\t\t\t<div class=\"cell small-12 medium-5 image\">\n\t\t\t\t\t\t\t\t\t\n\t\t\t\t\t\n\t\t\t\t\n\t\t\t<\/div>\n\n\t\t<\/div>\n\n\t\t\t\t\n\t<\/div>\n<\/section>\n\n\n\n<section id=\"image-content-block_6155bc54d8e95\" class=\"block-section image-content none smaller-fonts no-image  align-full\">\n\t<div class=\"grid-container\" id=\"scrollToMe-faglig-oppdatering-av-ansatte\">\n\n\t\t<div class=\"grid-x grid-padding-x\">\n\n\t\t\t<div class=\"cell small-12 medium-7 content\">\n\t\t\t\t\t\t\t\t\t<h2 class=\"section-title\">Faglig oppdatering av ansatte<\/h2>\n\t\t\t\t\n\t\t\t\t\t\t\t\t\t<article><ul>\n<li>Virksomheten skal ha rutiner som sikrer at virksomheten er riktig registret i det sentrale registeret til DSB (b\u00e5de med riktig faglig ansvarlig og riktig virkeomr\u00e5de)<\/li>\n<\/ul>\n<\/article>\n\t\t\t\t\n\t\t\t\t\t\t\t\t<div class=\"clearfix\"><\/div>\n\t\t\t\t\n\t\t\t\t\t\t\t\t\n\t\t\t<\/div>\n\n\t\t\t<div class=\"cell small-12 medium-5 image\">\n\t\t\t\t\t\t\t\t\t\n\t\t\t\t\t\n\t\t\t\t\n\t\t\t<\/div>\n\n\t\t<\/div>\n\n\t\t\t\t\n\t<\/div>\n<\/section>\n\n\n\n<section id=\"image-content-block_6075b40666462\" class=\"block-section image-content dark smaller-fonts no-image  align-full\">\n\t<div class=\"grid-container\" id=\"scrollToMe-organisatoriske-krav-til-virksomheten\">\n\n\t\t<div class=\"grid-x grid-padding-x\">\n\n\t\t\t<div class=\"cell small-12 medium-7 content\">\n\t\t\t\t\t\t\t\t\t<h2 class=\"section-title\">Organisatoriske krav til virksomheten<\/h2>\n\t\t\t\t\n\t\t\t\t\t\t\t\t\t<article><ul>\n<li>Virksomheten m\u00e5 s\u00f8rge for at personen som har det faglig ansvarlige er ansatt i full stilling innenfor normalarbeidstiden til virksomheten.<\/li>\n<li>Virksomheten m\u00e5 v\u00e6re organisert slik at de som har det faglige ansvaret ogs\u00e5 reelt kan ivareta sitt ansvar i det daglige virke.<\/li>\n<\/ul>\n<\/article>\n\t\t\t\t\n\t\t\t\t\t\t\t\t<div class=\"clearfix\"><\/div>\n\t\t\t\t\n\t\t\t\t\t\t\t\t\n\t\t\t<\/div>\n\n\t\t\t<div class=\"cell small-12 medium-5 image\">\n\t\t\t\t\t\t\t\t\t\n\t\t\t\t\t\n\t\t\t\t\n\t\t\t<\/div>\n\n\t\t<\/div>\n\n\t\t\t\t\n\t<\/div>\n<\/section>\n\n\n\n<section id=\"image-content-block_6075b47c66464\" class=\"block-section image-content none smaller-fonts no-image  align-full\">\n\t<div class=\"grid-container\" id=\"scrollToMe-arbeid-pa-eller-i-naerheten-av-spenningssatte-anlegg\">\n\n\t\t<div class=\"grid-x grid-padding-x\">\n\n\t\t\t<div class=\"cell small-12 medium-7 content\">\n\t\t\t\t\t\t\t\t\t<h2 class=\"section-title\">Arbeid p\u00e5, eller i n\u00e6rheten av, spenningssatte anlegg<\/h2>\n\t\t\t\t\n\t\t\t\t\t\t\t\t\t<article><ul>\n<li>Virksomheten skal ha rutiner som ivaretar at alle ansatte (de som arbeider p\u00e5 elanlegg og utstyr) f\u00e5r \u00e5rlig oppl\u00e6ring i \u00abfse-forskriften\u00bb.<\/li>\n<li>Virksomheten skal ha oversikt over alle som har f\u00e5tt oppl\u00e6ring i \u00abfse-forskriften\u00bb.<\/li>\n<li>Virksomheten skal ha rutiner for \u00e5 melde ulykker og uhell i forbindelse med\u00a0arbeid p\u00e5 elanlegg.<\/li>\n<li>Virksomheten skal ha rutiner for valg av arbeidsmetode og bruk av verneutstyr.<\/li>\n<li>Virksomheten skal ha rutiner for bruk og vedlikehold av n\u00f8dvending verneutstyr og verkt\u00f8y i forbindelse med arbeid p\u00e5 elanlegg<\/li>\n<\/ul>\n<\/article>\n\t\t\t\t\n\t\t\t\t\t\t\t\t<div class=\"clearfix\"><\/div>\n\t\t\t\t\n\t\t\t\t\t\t\t\t\n\t\t\t<\/div>\n\n\t\t\t<div class=\"cell small-12 medium-5 image\">\n\t\t\t\t\t\t\t\t\t\n\t\t\t\t\t\n\t\t\t\t\n\t\t\t<\/div>\n\n\t\t<\/div>\n\n\t\t\t\t\n\t<\/div>\n<\/section>\n\n\n\n<section id=\"image-content-block_6075b4bb66466\" class=\"block-section image-content dark smaller-fonts no-image  align-full\">\n\t<div class=\"grid-container\" id=\"scrollToMe-salg-av-elektrisk-materiell-og-utstyr\">\n\n\t\t<div class=\"grid-x grid-padding-x\">\n\n\t\t\t<div class=\"cell small-12 medium-7 content\">\n\t\t\t\t\t\t\t\t\t<h2 class=\"section-title\">Salg av elektrisk materiell og utstyr<\/h2>\n\t\t\t\t\n\t\t\t\t\t\t\t\t\t<article><ul>\n<li>Dersom virksomheten selger elektrisk materiell eller utstyr, skal de ha rutiner som sikrer at dette materiell\/utstyret er lovlig omsatt i Norge.<\/li>\n<\/ul>\n<\/article>\n\t\t\t\t\n\t\t\t\t\t\t\t\t<div class=\"clearfix\"><\/div>\n\t\t\t\t\n\t\t\t\t\t\t\t\t\n\t\t\t<\/div>\n\n\t\t\t<div class=\"cell small-12 medium-5 image\">\n\t\t\t\t\t\t\t\t\t\n\t\t\t\t\t\n\t\t\t\t\n\t\t\t<\/div>\n\n\t\t<\/div>\n\n\t\t\t\t\n\t<\/div>\n<\/section>\n\n\n\n<section id=\"download-list-block_607576f86b704\" class=\"block-section download-list none  align-full\">\n\t<div class=\"grid-container\">\n\t\t<div class=\"grid-x grid-padding-x\">\n\n\t\t\t<div class=\"cell small-12 medium-6 large-5 title-wrapper\">\n\t\t\t\t\t\t\t\t\t<h2 class=\"title\">Vi anbefaler<\/h2>\n\t\t\t\t\t\t\t<\/div>\n\n\t\t\t<div class=\"cell small-12 medium-5 large-4 large-offset-1 downloads-wrapper\">\n\n\t\t\t\t\t\t\t\t\t<ul>\n\t\t\t\t\t\t\t\t\t\t\t\n\t\t\t\t\t\t\n\t\t\t\t\t\t\t\t\t\t\t\t\t<li>\n\n\t\t\t\t\t\t\t\t\t\t\t\t\t\t\t<a href=\"\" class=\"link\" download>\n\t\t\t\t\t\t\t\t\t<span class=\"str\">HMS, Internkontroll for elektriske anlegg og utstyr til virksomheter med egen elektrokompetanse<\/span>\n\t\t\t\t\t\t\t\t\t<span class=\"icon icon-download\"><\/span>\n\t\t\t\t\t\t\t\t<\/a>\n\n\t\t\t\t\t\t\t\n\t\t\t\t\t\t\t<\/li>\n\t\t\t\t\t\t\n\t\t\t\t\t\t\t\t\t\t\t\n\t\t\t\t\t\t\n\t\t\t\t\t\t\t\t\t\t\t\t\t<li>\n\n\t\t\t\t\t\t\t\t\t\t\t\t\t\t\t<a href=\"https:\/\/lovdata.no\/dokument\/SF\/forskrift\/2006-04-28-458#KAPITTEL_3\" class=\"link\" target=\"_blank\">\n\t\t\t\t\t\t\t\t\t<span class=\"str\">Forskrift om sikkerhet ved arbeid i og drift av elektriske anlegg (fse-forskriften)<\/span>\n\t\t\t\t\t\t\t\t\t<span class=\"icon icon-arrow-right\"><\/span>\n\t\t\t\t\t\t\t\t<\/a>\n\t\t\t\t\t\t\t\n\t\t\t\t\t\t\t<\/li>\n\t\t\t\t\t\t\n\t\t\t\t\t\t\t\t\t\t<\/ul>\n\t\t\t\t\n\t\t\t<\/div>\n\n\t\t<\/div>\n\t<\/div>\n<\/section>\n\n\n<p><\/p>\n","protected":false},"excerpt":{"rendered":"","protected":false},"author":1,"featured_media":1143,"parent":1053,"menu_order":1,"comment_status":"closed","ping_status":"closed","template":"","meta":{"_acf_changed":false,"footnotes":""},"class_list":["post-43","page","type-page","status-publish","has-post-thumbnail","hentry"],"acf":[],"_links":{"self":[{"href":"https:\/\/elsikkerhetsportalen.no\/barentsnett\/wp-json\/wp\/v2\/pages\/43","targetHints":{"allow":["GET"]}}],"collection":[{"href":"https:\/\/elsikkerhetsportalen.no\/barentsnett\/wp-json\/wp\/v2\/pages"}],"about":[{"href":"https:\/\/elsikkerhetsportalen.no\/barentsnett\/wp-json\/wp\/v2\/types\/page"}],"author":[{"embeddable":true,"href":"https:\/\/elsikkerhetsportalen.no\/barentsnett\/wp-json\/wp\/v2\/users\/1"}],"replies":[{"embeddable":true,"href":"https:\/\/elsikkerhetsportalen.no\/barentsnett\/wp-json\/wp\/v2\/comments?post=43"}],"version-history":[{"count":0,"href":"https:\/\/elsikkerhetsportalen.no\/barentsnett\/wp-json\/wp\/v2\/pages\/43\/revisions"}],"up":[{"embeddable":true,"href":"https:\/\/elsikkerhetsportalen.no\/barentsnett\/wp-json\/wp\/v2\/pages\/1053"}],"wp:featuredmedia":[{"embeddable":true,"href":"https:\/\/elsikkerhetsportalen.no\/barentsnett\/wp-json\/wp\/v2\/media\/1143"}],"wp:attachment":[{"href":"https:\/\/elsikkerhetsportalen.no\/barentsnett\/wp-json\/wp\/v2\/media?parent=43"}],"curies":[{"name":"wp","href":"https:\/\/api.w.org\/{rel}","templated":true}]}}