{"id":50,"date":"2021-02-03T21:35:03","date_gmt":"2021-02-03T21:35:03","guid":{"rendered":"http:\/\/elsikkerhetsportalen.no\/varanger-kraftnett\/?page_id=50"},"modified":"2023-01-24T08:32:21","modified_gmt":"2023-01-24T08:32:21","slug":"elsikkerhet-for-hjemmetjenesten","status":"publish","type":"page","link":"https:\/\/elsikkerhetsportalen.no\/barentsnett\/for-bedrifter\/elsikkerhet-for-hjemmetjenesten\/","title":{"rendered":"Elsikkerhet for hjemmetjenesten"},"content":{"rendered":"\n<h1 class=\"wp-block-heading\">Informasjonstilbud for hjemmetjenesten<\/h1>\n\n\n\n<h4 class=\"wp-block-heading\">Eldre er en risikogruppe og derfor prioritert for forebyggende arbeid innen elsikkerhet. Det lokale eltilsyn (DLE) skal gi tilbud om tilpasset elsikkerhetsinformasjon til hjemmetjenesten i sitt forsyningsomr\u00e5de.<\/h4>\n\n\n\n<section id=\"image-content-block_60c9ed736e577\" class=\"block-section image-content light has-more-content  align-full\">\n\t<div class=\"grid-container\" id=\"scrollToMe-eldre-er-i-risikogruppen\">\n\n\t\t<div class=\"grid-x grid-padding-x\">\n\n\t\t\t<div class=\"cell small-12 medium-7 content\">\n\t\t\t\t\t\t\t\t\t<h2 class=\"section-title\">Eldre er i risikogruppen <\/h2>\n\t\t\t\t\n\t\t\t\t\t\t\t\t\t<article><p>Halvparten av de som omkommer i brann er mottakere av hjemmebaserte tjenester. Det viser en analyse av d\u00f8dsbranner i perioden 2005-2014. Eldre og pleietrengende har \u00f8kt risiko for \u00e5 starte en brann og\/eller har problemer med \u00e5 handle raskt nok og evakuere ved egen hjelp. Kommunen plikter \u00e5 kartlegge hvem som er s\u00e5rbare for \u00e5 omkomme eller bli skadet av dem som bor hjemme og f\u00e5r hjelp av hjemmetjenesten.<\/p>\n<\/article>\n\t\t\t\t\n\t\t\t\t\t\t\t\t<div class=\"clearfix\"><\/div>\n\t\t\t\t\n\t\t\t\t\t\t\t\t\n\t\t\t\t\t<a\n\t\t\t\t\t\thref=\"#\"\n\t\t\t\t\t\tclass=\"button-plus content-toggler\"\n\t\t\t\t\t\tdata-initialtext=\"Les mer\"\n\t\t\t\t\t\tdata-toggletext=\"Les mindre\"\n\t\t\t\t\t\tdata-target=\"ic-hidden-block_60c9ed736e577\"\n\t\t\t\t\t\trole=\"button\"\n\t\t\t\t\t\trel=\"nofollow\"\n\t\t\t\t\t\taria-label=\"\u00c5pne skjult innhold\"\n\t\t\t\t\t\taria-expanded=\"false\">\n\t\t\t\t\t\t<span>Les mer<\/span>\n\t\t\t\t\t\t<span class=\"icon icon-plus\"><\/span>\n\t\t\t\t\t<\/a>\n\t\t\t\t\n\t\t\t<\/div>\n\n\t\t\t<div class=\"cell small-12 medium-5 image\">\n\t\t\t\t<img loading=\"lazy\" decoding=\"async\" width=\"502\" height=\"335\" src=\"https:\/\/elsikkerhetsportalen.no\/barentsnett\/wp-content\/uploads\/sites\/22\/2021\/06\/Eldre-menn-600x400-1-502x335.jpg\" class=\"attachment-image-content size-image-content\" alt=\"\" srcset=\"https:\/\/elsikkerhetsportalen.no\/barentsnett\/wp-content\/uploads\/sites\/22\/2021\/06\/Eldre-menn-600x400-1-502x335.jpg 502w, https:\/\/elsikkerhetsportalen.no\/barentsnett\/wp-content\/uploads\/sites\/22\/2021\/06\/Eldre-menn-600x400-1-300x200.jpg 300w, https:\/\/elsikkerhetsportalen.no\/barentsnett\/wp-content\/uploads\/sites\/22\/2021\/06\/Eldre-menn-600x400-1.jpg 600w\" sizes=\"auto, (max-width: 502px) 100vw, 502px\" \/>\n\t\t\t<\/div>\n\n\t\t<\/div>\n\n\t\t\t\t\t\t<div class=\"grid-x grid-padding-x hidden-more-content\" aria-expanded=\"false\" aria-hidden=\"true\" id=\"ic-hidden-block_60c9ed736e577\">\n\t\t\t<div class=\"cell small-12 medium-7 content\">\n\t\t\t\t<article>\n\t\t\t\t<p>En fellesnevner for mange av de omkomne i brann, er at de mottar kommunale omsorgstjenester. Det er derfor et \u00f8nske at personer som gjennom sitt yrke er i hyppig kontakt med eldre, eller andre pleietrengende, er oppmerksomme p\u00e5 hvilke risikoforhold som finnes i deres hjem. DSB forutsetter i sin instruks at DLE samarbeider blant annet med hjemmehjelpere og hjemmesykepleiere (hjemmetjenesten).<\/p>\n<p>Hjemmetjenesten vil i denne sammenheng v\u00e6re en interessant samarbeidspartner for \u00e5 formidle budskap rettet mot prioriterte m\u00e5lgrupper.\u00a0Alle kommuner blir normalt kontaktet av DLE med tilbud om slik informasjon. Dersom dere ikke er kjent med tilbudet, ta kontakt med DLE for \u00e5 finne ut hva slags informasjonstilbud de kan tilby.<\/p>\n<a class=\"link link--underlined\" href=\"https:\/\/www.nrk.no\/dokumentar\/xl\/ekteparet-i-det-brennende-huset-1.16156868\" target=\"_blank\">Les historien om ekteparet i det brennende huset (nrk.no)<\/a>\t\t\t\t<\/article>\n\t\t\t<\/div>\n\n\t\t\t<div class=\"cell small-12 medium-5 image\">\n\t\t\t\t\t\t\t<\/div>\n\t\t<\/div>\n\t\t\n\t<\/div>\n<\/section>\n\n\n\n<section id=\"image-content-block_62b2ed638f206\" class=\"block-section image-content dark  align-full\">\n\t<div class=\"grid-container\" id=\"scrollToMe-informasjonstilbudet\">\n\n\t\t<div class=\"grid-x grid-padding-x\">\n\n\t\t\t<div class=\"cell small-12 medium-7 content\">\n\t\t\t\t\t\t\t\t\t<h2 class=\"section-title\">Informasjonstilbudet<\/h2>\n\t\t\t\t\n\t\t\t\t\t\t\t\t\t<article><p>Det forutsettes at alle kommuner blir kontaktet av DLE med tilbud om forebyggende informasjon for \u00e5 bidra til \u00f8kt elsikkerhet. F\u00f8lgende temaer vil kunne v\u00e6re spesielt aktuelle ved denne type informasjonsarbeid:<\/p>\n<ul>\n<li>T\u00f8rrkoking\/komfyrvakt<\/li>\n<li>Kaffekoking, kaffetraktere og vannkokere<\/li>\n<li>Varmetepper og flyttbare varmeovner<\/li>\n<li>Elektromedisinsk utstyr<\/li>\n<li>Eldre bor ofte i gamle boliger med underdimensjonerte anlegg<\/li>\n<\/ul>\n<\/article>\n\t\t\t\t\n\t\t\t\t\t\t<a class=\"link link--underlined\" href=\"https:\/\/elsikkerhetsportalen.no\/barentsnett\/dle\/kontakt-dle\/\" target=\"_self\">\n\t\t\tTa kontakt med DLE for mer informasjon\t\t<\/a>\n\t\t\t\t\t<div class=\"clearfix\"><\/div>\n\t\t\t\t\n\t\t\t\t\t\t\t\t\n\t\t\t<\/div>\n\n\t\t\t<div class=\"cell small-12 medium-5 image\">\n\t\t\t\t<img loading=\"lazy\" decoding=\"async\" width=\"502\" height=\"335\" src=\"https:\/\/elsikkerhetsportalen.no\/barentsnett\/wp-content\/uploads\/2021\/11\/Illustrasjon-hjemmetjeneste-502x335.png\" class=\"attachment-image-content size-image-content\" alt=\"\" srcset=\"https:\/\/elsikkerhetsportalen.no\/barentsnett\/wp-content\/uploads\/2021\/11\/Illustrasjon-hjemmetjeneste-502x335.png 502w, https:\/\/elsikkerhetsportalen.no\/barentsnett\/wp-content\/uploads\/2021\/11\/Illustrasjon-hjemmetjeneste-300x200.png 300w, https:\/\/elsikkerhetsportalen.no\/barentsnett\/wp-content\/uploads\/2021\/11\/Illustrasjon-hjemmetjeneste.png 600w\" sizes=\"auto, (max-width: 502px) 100vw, 502px\" \/>\n\t\t\t<\/div>\n\n\t\t<\/div>\n\n\t\t\t\t\n\t<\/div>\n<\/section>\n\n\n\n<section class=\"block-section post-cards\">\n\t<div class=\"grid-container\">\n\n        <div class=\"grid-x grid-margin-x section-title-wrapper\">\n            <div class=\"cell small-12 medium-6\">\n                                    <h1 class=\"section-title\">Vi anbefaler<\/h1>\n                            <\/div>\n\n                    <\/div>\n\n        <div class=\"grid-x grid-margin-x cards-wrapper\">\n                                                                    <a href=\"https:\/\/elsikkerhetsportalen.no\/barentsnett\/dle\/kontakt-dle\/\" class=\"link-card cell small-12 medium-6\">\n    <article>\n        <div class=\"content\">\n            <h3 class=\"title\">Kontakt DLE<\/h3>\n            <p class=\"excerpt\">Det lokale eltilsynet utf\u00f8rer tilsyn i private hjem og i virksomheter. DLE Barents Nett ASNyborgveien&#8230;<\/p>\n        <\/div>\n        <span class=\"icon icon-arrow-right\"><\/span>\n    <\/article>\n<\/a>                    \n                                                        <a href=\"https:\/\/elsikkerhetsportalen.no\/barentsnett\/elektrisk-anlegg\/egenkontroll\/\" class=\"link-card cell small-12 medium-6\">\n    <article>\n        <div class=\"content\">\n            <h3 class=\"title\">Egenkontroll<\/h3>\n            <p class=\"excerpt\">Egenkontroll Hensikten med egenkontroll av det elektriske anlegget og utstyr, er \u00e5 oppdage feil s\u00e5&#8230;<\/p>\n        <\/div>\n        <span class=\"icon icon-arrow-right\"><\/span>\n    <\/article>\n<\/a>                    \n                                                        <a href=\"https:\/\/elsikkerhetsportalen.no\/barentsnett\/host\/\" class=\"link-card cell small-12 medium-6\">\n    <article>\n        <div class=\"content\">\n            <h3 class=\"title\">Tips n\u00e5r du sl\u00e5r p\u00e5 varmen igjen<\/h3>\n            <p class=\"excerpt\">Gj\u00f8r du ting riktig n\u00e5, reduserer du risiko for brann i vinter.<\/p>\n        <\/div>\n        <span class=\"icon icon-arrow-right\"><\/span>\n    <\/article>\n<\/a>                    \n                                                    <\/div>\n\n    <\/div>\n<\/section>","protected":false},"excerpt":{"rendered":"<p>Informasjonstilbud for hjemmetjenesten Eldre er en risikogruppe og derfor prioritert for forebyggende arbeid innen elsikkerhet. Det lokale eltilsyn (DLE) skal gi tilbud om tilpasset elsikkerhetsinformasjon til hjemmetjenesten i sitt forsyningsomr\u00e5de.<\/p>\n","protected":false},"author":1,"featured_media":867,"parent":13,"menu_order":3,"comment_status":"closed","ping_status":"closed","template":"","meta":{"_acf_changed":false,"footnotes":""},"class_list":["post-50","page","type-page","status-publish","has-post-thumbnail","hentry"],"acf":[],"_links":{"self":[{"href":"https:\/\/elsikkerhetsportalen.no\/barentsnett\/wp-json\/wp\/v2\/pages\/50","targetHints":{"allow":["GET"]}}],"collection":[{"href":"https:\/\/elsikkerhetsportalen.no\/barentsnett\/wp-json\/wp\/v2\/pages"}],"about":[{"href":"https:\/\/elsikkerhetsportalen.no\/barentsnett\/wp-json\/wp\/v2\/types\/page"}],"author":[{"embeddable":true,"href":"https:\/\/elsikkerhetsportalen.no\/barentsnett\/wp-json\/wp\/v2\/users\/1"}],"replies":[{"embeddable":true,"href":"https:\/\/elsikkerhetsportalen.no\/barentsnett\/wp-json\/wp\/v2\/comments?post=50"}],"version-history":[{"count":0,"href":"https:\/\/elsikkerhetsportalen.no\/barentsnett\/wp-json\/wp\/v2\/pages\/50\/revisions"}],"up":[{"embeddable":true,"href":"https:\/\/elsikkerhetsportalen.no\/barentsnett\/wp-json\/wp\/v2\/pages\/13"}],"wp:featuredmedia":[{"embeddable":true,"href":"https:\/\/elsikkerhetsportalen.no\/barentsnett\/wp-json\/wp\/v2\/media\/867"}],"wp:attachment":[{"href":"https:\/\/elsikkerhetsportalen.no\/barentsnett\/wp-json\/wp\/v2\/media?parent=50"}],"curies":[{"name":"wp","href":"https:\/\/api.w.org\/{rel}","templated":true}]}}