{"id":57,"date":"2021-02-03T21:36:00","date_gmt":"2021-02-03T21:36:00","guid":{"rendered":"http:\/\/elsikkerhetsportalen.no\/varanger-kraftnett\/?page_id=57"},"modified":"2025-03-25T08:37:26","modified_gmt":"2025-03-25T08:37:26","slug":"installasjon-i-egen-bolig","status":"publish","type":"page","link":"https:\/\/elsikkerhetsportalen.no\/barentsnett\/elbransjen\/installasjon-i-egen-bolig\/","title":{"rendered":"Installasjon i egen bolig"},"content":{"rendered":"<section id=\"scrollable-shortcuts-block_525dd324b22bb18ecb30406ff35e9b33\" class=\"block-section scrollable-shortcuts   align-full\">\n\t<div class=\"grid-container\">\n\t\t<div class=\"grid-x grid-padding-x\">\n\n\t\t\t<header class=\"cell small-12 medium-7\">\n\t\t\t\t\t\t\t\t\t<h1>Installasjon i egen bolig<\/h1>\n\t\t\t\t\n\t\t\t\t\t\t\t\t\t<p class=\"ingress\">I enkelte tilfeller kan du som elektrofagarbeider foreta arbeider p\u00e5 det elektriske anlegget hjemme hos deg selv, eller i din egen fritidsbolig. F\u00f8r du begynner med dette, m\u00e5 du imidlertid v\u00e6re sikker p\u00e5 at du har de rette kvalifikasjonene. Denne type arbeid, avhengig av omfang, m\u00e5 meldes inn til nettselskapet via elektroniske kanaler, feks. Elsmart.\r\n\r\nMed egen bolig menes i dette tilfellet der du har din faste bopel. Med egen fritidsbolig menes fritidsbolig som du eier og som ikke hovedsakelig benyttes til utleie.<\/p>\n\t\t\t\t\n\t\t\t\t\t\t\t\t\t<h2 class=\"shortcuts-title\">Snarveier<span><span class=\"icon icon-arrow-down\"><\/span><\/span><\/h2>\n\t\t\t\t\n\t\t\t\t<nav><ul><li><a href=\"#kvalifikasjonskrav\" class=\"link link--underlined\">Kvalifikasjonskrav<\/a><\/li><li><a href=\"#spesifisering-faglig-ansvarlig-og-utforer\" class=\"link link--underlined\">Spesifisering faglig ansvarlig og utf\u00f8rer<\/a><\/li><li><a href=\"#hva-med-andre-fagbrev\" class=\"link link--underlined\">Hva med andre fagbrev?<\/a><\/li><li><a href=\"#samsvarserklaering-og-dokumentasjon\" class=\"link link--underlined\">Samsvarserkl\u00e6ring og dokumentasjon<\/a><\/li><\/ul><\/nav>\t\t\t<\/header>\n\n\t\t<\/div>\n\t<\/div>\n<\/section>\n\n\n\n<section id=\"image-content-block_d07370cb6016712bc5e1fa63f02074cb\" class=\"block-section image-content light has-more-content  align-full\">\n\t<div class=\"grid-container\" id=\"scrollToMe-kvalifikasjonskrav\">\n\n\t\t<div class=\"grid-x grid-padding-x\">\n\n\t\t\t<div class=\"cell small-12 medium-7 content\">\n\t\t\t\t\t\t\t\t\t<h2 class=\"section-title\">Kvalifikasjonskrav<\/h2>\n\t\t\t\t\n\t\t\t\t\t\t\t\t\t<article><p>Kvalifikasjonskravene finner vi i \u00abForskrift om elektroforetak og kvalifikasjonskrav for arbeid knyttet til elektriske anlegg og elektrisk utstyr (fek)\u00bb. Denne forskriften har erstattet tidligere forskrift om registrering av virksomheter som prosjekterer, utf\u00f8rer og vedlikeholder elektriske anlegg (frv) og forskrift om kvalifikasjoner for elektrofagfolk (FKE).<\/p>\n<\/article>\n\t\t\t\t\n\t\t\t\t\t\t\t\t<div class=\"clearfix\"><\/div>\n\t\t\t\t\n\t\t\t\t\t\t\t\t\n\t\t\t\t\t<a\n\t\t\t\t\t\thref=\"#\"\n\t\t\t\t\t\tclass=\"button-plus content-toggler\"\n\t\t\t\t\t\tdata-initialtext=\"Les mer\"\n\t\t\t\t\t\tdata-toggletext=\"Les mindre\"\n\t\t\t\t\t\tdata-target=\"ic-hidden-block_d07370cb6016712bc5e1fa63f02074cb\"\n\t\t\t\t\t\trole=\"button\"\n\t\t\t\t\t\trel=\"nofollow\"\n\t\t\t\t\t\taria-label=\"\u00c5pne skjult innhold\"\n\t\t\t\t\t\taria-expanded=\"false\">\n\t\t\t\t\t\t<span>Les mer<\/span>\n\t\t\t\t\t\t<span class=\"icon icon-plus\"><\/span>\n\t\t\t\t\t<\/a>\n\t\t\t\t\n\t\t\t<\/div>\n\n\t\t\t<div class=\"cell small-12 medium-5 image\">\n\t\t\t\t<img loading=\"lazy\" decoding=\"async\" width=\"502\" height=\"335\" src=\"https:\/\/elsikkerhetsportalen.no\/barentsnett\/wp-content\/uploads\/2023\/07\/paragraf-502x335.jpg\" class=\"attachment-image-content size-image-content\" alt=\"Paragraftegn\" srcset=\"https:\/\/elsikkerhetsportalen.no\/barentsnett\/wp-content\/uploads\/2023\/07\/paragraf-502x335.jpg 502w, https:\/\/elsikkerhetsportalen.no\/barentsnett\/wp-content\/uploads\/2023\/07\/paragraf-300x200.jpg 300w, https:\/\/elsikkerhetsportalen.no\/barentsnett\/wp-content\/uploads\/2023\/07\/paragraf.jpg 600w\" sizes=\"auto, (max-width: 502px) 100vw, 502px\" \/>\n\t\t\t<\/div>\n\n\t\t<\/div>\n\n\t\t\t\t\t\t<div class=\"grid-x grid-padding-x hidden-more-content\" aria-expanded=\"false\" aria-hidden=\"true\" id=\"ic-hidden-block_d07370cb6016712bc5e1fa63f02074cb\">\n\t\t\t<div class=\"cell small-12 medium-7 content\">\n\t\t\t\t<article>\n\t\t\t\t<p>FEK har ingen bestemmelser om samtykke til personer som \u00f8nsker \u00e5 installere elektriske anlegg i egen bolig og fritidsbolig. Forskriften stiller imidlertid kvalifikasjonskrav til:<\/p>\n<ul>\n<li>Den som skal ha det faglige ansvaret for installasjon av elektriske anlegg i egen bolig og fritidsbolig.<\/li>\n<li>Den som bygger og vedlikeholder elektriske anlegg i egen bolig og fritidsbolig.<\/li>\n<\/ul>\n<p>Dersom disse oppgavene ikke skal deles p\u00e5 to personer, m\u00e5 personen oppfylle begge vilk\u00e5rene.<\/p>\n<a class=\"link link--underlined\" href=\"https:\/\/lovdata.no\/dokument\/SF\/forskrift\/2013-06-19-739\" target=\"_blank\">Forskrift om elektroforetak og kvalifikasjonskrav for arbeid knyttet til elektriske anlegg og elektrisk utstyr (fek)<\/a><p>Dersom du alene \u00f8nsker \u00e5 installere elektriske anlegg i egen bolig og fritidsbolig, plikter du derfor f\u00f8rst \u00e5 forsikre deg om at du tilfredsstiller kvalifikasjonskravene for \u00e5 kunne ha det faglige ansvaret for dette, samtidig som du tilfredsstiller kvalifikasjonskravene for \u00e5 kunne bygge og vedlikeholde slike anlegg (se kravene nedenfor).\u00a0P\u00e5 foresp\u00f8rsel, eksempelvis ved kontroll fra\u00a0Det lokale eltilsyn (DLE), plikter du \u00e5 kunne fremlegge dokumentasjon p\u00e5 disse kvalifikasjonene.<\/p>\n<p>Dette inneb\u00e6rer at tidligere vurdering gjort av DLE, som i hovedsak var basert p\u00e5 \u00e5 sjekke om en person tilfredsstilte kvalifikasjonskrav gitt i tidligere forskrift (FKE),\u00a0<strong>ikke uten videre har gyldighet<\/strong>.<\/p>\n\t\t\t\t<\/article>\n\t\t\t<\/div>\n\n\t\t\t<div class=\"cell small-12 medium-5 image\">\n\t\t\t\t\t\t\t<\/div>\n\t\t<\/div>\n\t\t\n\t<\/div>\n<\/section>\n\n\n\n<section id=\"image-content-block_53e6c815188b16f7dac14c99998fd03f\" class=\"block-section image-content dark has-more-content  align-full\">\n\t<div class=\"grid-container\" id=\"scrollToMe-spesifisering-faglig-ansvarlig-og-utforer\">\n\n\t\t<div class=\"grid-x grid-padding-x\">\n\n\t\t\t<div class=\"cell small-12 medium-7 content\">\n\t\t\t\t\t\t\t\t\t<h2 class=\"section-title\">Spesifisering faglig ansvarlig og utf\u00f8rer<\/h2>\n\t\t\t\t\n\t\t\t\t\t\t\t\t\t<article><p>Det skal alltid v\u00e6re en person som har det faglige ansvaret for arbeid knyttet til elektriske anlegg. Dette gjelder ogs\u00e5 n\u00e5r du skal utf\u00f8re arbeid p\u00e5 det elektriske anlegget hjemme eller i din fritidsbolig.<\/p>\n<\/article>\n\t\t\t\t\n\t\t\t\t\t\t\t\t<div class=\"clearfix\"><\/div>\n\t\t\t\t\n\t\t\t\t\t\t\t\t\n\t\t\t\t\t<a\n\t\t\t\t\t\thref=\"#\"\n\t\t\t\t\t\tclass=\"button-plus content-toggler\"\n\t\t\t\t\t\tdata-initialtext=\"Les mer\"\n\t\t\t\t\t\tdata-toggletext=\"Les mindre\"\n\t\t\t\t\t\tdata-target=\"ic-hidden-block_53e6c815188b16f7dac14c99998fd03f\"\n\t\t\t\t\t\trole=\"button\"\n\t\t\t\t\t\trel=\"nofollow\"\n\t\t\t\t\t\taria-label=\"\u00c5pne skjult innhold\"\n\t\t\t\t\t\taria-expanded=\"false\">\n\t\t\t\t\t\t<span>Les mer<\/span>\n\t\t\t\t\t\t<span class=\"icon icon-plus\"><\/span>\n\t\t\t\t\t<\/a>\n\t\t\t\t\n\t\t\t<\/div>\n\n\t\t\t<div class=\"cell small-12 medium-5 image\">\n\t\t\t\t<img loading=\"lazy\" decoding=\"async\" width=\"502\" height=\"335\" src=\"https:\/\/elsikkerhetsportalen.no\/barentsnett\/wp-content\/uploads\/2023\/07\/elektriker-502x335.jpg\" class=\"attachment-image-content size-image-content\" alt=\"Elektriker kobler kontakt\" srcset=\"https:\/\/elsikkerhetsportalen.no\/barentsnett\/wp-content\/uploads\/2023\/07\/elektriker-502x335.jpg 502w, https:\/\/elsikkerhetsportalen.no\/barentsnett\/wp-content\/uploads\/2023\/07\/elektriker-300x200.jpg 300w, https:\/\/elsikkerhetsportalen.no\/barentsnett\/wp-content\/uploads\/2023\/07\/elektriker.jpg 600w\" sizes=\"auto, (max-width: 502px) 100vw, 502px\" \/>\n\t\t\t<\/div>\n\n\t\t<\/div>\n\n\t\t\t\t\t\t<div class=\"grid-x grid-padding-x hidden-more-content\" aria-expanded=\"false\" aria-hidden=\"true\" id=\"ic-hidden-block_53e6c815188b16f7dac14c99998fd03f\">\n\t\t\t<div class=\"cell small-12 medium-7 content\">\n\t\t\t\t<article>\n\t\t\t\t<h3>Den som skal ha det faglige ansvaret knyttet til elektriske anlegg i egen bolig og fritidsbolig<\/h3><p>Hvis du ikke har avtale om at noen andre skal ha det faglige ansvaret, blir det du selv som f\u00e5r denne rollen, og det ansvar og oppgaver som f\u00f8lger med dette.<\/p>\n<p><strong>FEK \u00a7 7 fjerde ledd sier at:<\/strong>\u00a0<em>Den som har det faglige ansvaret for arbeid knyttet til elektriske anlegg i egen bolig og fritidsbolig skal oppfylle kravene i f\u00f8rste ledd eller ha relevant fagbrev og tre \u00e5rs praksis fra bygging og vedlikehold av lavspenningsanlegg.<\/em><\/p>\n<p><strong>FEK \u00a7 7<\/strong>\u00a0f\u00f8rste ledd sier at:\u00a0<em>Den som har det faglige ansvaret for arbeid knyttet til elektriske anlegg, skal ha relevant master- eller bachelorgrad eller to\u00e5rig utdanning som fagskoletekniker med relevant fagbrev. Vedkommende skal i tillegg ha minst tre \u00e5rs relevant praksis opparbeidet etter endt utdanning.<\/em><\/p>\n<h3>Oppfylling av krav<\/h3><p>Dette betyr at den som skal ha det faglige ansvaret knyttet til elektriske anlegg i egen bolig og fritidsbolig, m\u00e5 tilfredsstille minst ett av f\u00f8lgende alternativer:<\/p>\n<ol>\n<li>Ha relevant master- eller bachelorgrad, med minst tre \u00e5rs relevant praksis opparbeidet etter endt utdanning. Det er ikke krav til at denne personen skal ha fagbrev innenfor elektrofaget.\n<ol>\n<li><strong>P\u00e5 master- og bachelorniv\u00e5 er det kun elkraftteknikk og automasjon som ansees som relevant.<\/strong><\/li>\n<\/ol>\n<\/li>\n<li>Ha to\u00e5rig utdanning som fagskoletekniker med relevant fagbrev, med minst tre \u00e5rs relevant praksis (ingeni\u00f8r\/tekniker\/saksbehandler) opparbeidet etter endt utdanning.<\/li>\n<li>Ha relevant fagbrev og tre \u00e5rs praksis fra bygging og vedlikehold av lavspenningsanlegg.<\/li>\n<\/ol>\n<p><strong>Det er kun fagbrev som elektriker eller elektromont\u00f8r gr. L, som anses som relevant.<\/strong><\/p>\n<ol>\n<li style=\"list-style-type: none\"><\/li>\n<\/ol>\n<p>Det er ogs\u00e5 en forutsetning at du har oppdatert kompetanse p\u00e5 dagens regelverk, dagens standarder, gjeldende praksis og installasjonsmetoder, i tillegg at du har gjennomf\u00f8rt oppl\u00e6ring iht. kravene i FSE i l\u00f8pet av de siste 12 m\u00e5nedene.<\/p>\n\t\t\t\t<\/article>\n\t\t\t<\/div>\n\n\t\t\t<div class=\"cell small-12 medium-5 image\">\n\t\t\t\t\t\t\t<\/div>\n\t\t<\/div>\n\t\t\n\t<\/div>\n<\/section>\n\n\n\n<section id=\"image-content-block_ac9ecc0353b5996fca0517d9889922e5\" class=\"block-section image-content none has-more-content  align-full\">\n\t<div class=\"grid-container\" id=\"scrollToMe-hva-med-andre-fagbrev\">\n\n\t\t<div class=\"grid-x grid-padding-x\">\n\n\t\t\t<div class=\"cell small-12 medium-7 content\">\n\t\t\t\t\t\t\t\t\t<h2 class=\"section-title\">Hva med andre fagbrev?<\/h2>\n\t\t\t\t\n\t\t\t\t\t\t\t\t\t<article><p>Det stilles ofte sp\u00f8rsm\u00e5l om automatikere, energimont\u00f8rer, heismont\u00f8rer, tavlemont\u00f8rer, telekommunikasjonsmont\u00f8rer, togelektrikere, skipselektrikere\u00a0eller personer med andre type fagbrev kan foreta installasjon i egen bolig og fritidsbolig.<\/p>\n<\/article>\n\t\t\t\t\n\t\t\t\t\t\t\t\t<div class=\"clearfix\"><\/div>\n\t\t\t\t\n\t\t\t\t\t\t\t\t\n\t\t\t\t\t<a\n\t\t\t\t\t\thref=\"#\"\n\t\t\t\t\t\tclass=\"button-plus content-toggler\"\n\t\t\t\t\t\tdata-initialtext=\"Les mer\"\n\t\t\t\t\t\tdata-toggletext=\"Les mindre\"\n\t\t\t\t\t\tdata-target=\"ic-hidden-block_ac9ecc0353b5996fca0517d9889922e5\"\n\t\t\t\t\t\trole=\"button\"\n\t\t\t\t\t\trel=\"nofollow\"\n\t\t\t\t\t\taria-label=\"\u00c5pne skjult innhold\"\n\t\t\t\t\t\taria-expanded=\"false\">\n\t\t\t\t\t\t<span>Les mer<\/span>\n\t\t\t\t\t\t<span class=\"icon icon-plus\"><\/span>\n\t\t\t\t\t<\/a>\n\t\t\t\t\n\t\t\t<\/div>\n\n\t\t\t<div class=\"cell small-12 medium-5 image\">\n\t\t\t\t<img loading=\"lazy\" decoding=\"async\" width=\"502\" height=\"335\" src=\"https:\/\/elsikkerhetsportalen.no\/barentsnett\/wp-content\/uploads\/sites\/22\/2021\/05\/bedriftselektriker-502x335.png\" class=\"attachment-image-content size-image-content\" alt=\"Bilde viser en eldre mann som illustrer en faglig ansvarlig i virksomheten\" srcset=\"https:\/\/elsikkerhetsportalen.no\/barentsnett\/wp-content\/uploads\/sites\/22\/2021\/05\/bedriftselektriker-502x335.png 502w, https:\/\/elsikkerhetsportalen.no\/barentsnett\/wp-content\/uploads\/sites\/22\/2021\/05\/bedriftselektriker-300x200.png 300w, https:\/\/elsikkerhetsportalen.no\/barentsnett\/wp-content\/uploads\/sites\/22\/2021\/05\/bedriftselektriker.png 600w\" sizes=\"auto, (max-width: 502px) 100vw, 502px\" \/>\n\t\t\t<\/div>\n\n\t\t<\/div>\n\n\t\t\t\t\t\t<div class=\"grid-x grid-padding-x hidden-more-content\" aria-expanded=\"false\" aria-hidden=\"true\" id=\"ic-hidden-block_ac9ecc0353b5996fca0517d9889922e5\">\n\t\t\t<div class=\"cell small-12 medium-7 content\">\n\t\t\t\t<article>\n\t\t\t\t<p>Personer med denne type fagbrev vil normalt ikke kunne dokumentere minst tre \u00e5rs praksis fra bygging og vedlikehold av elektriske lavspenningsanlegg i bygninger, bygget etter gjeldende teknisk forskrift om elektriske lavspenningsanlegg og eventuelt gjeldende norm, da disse ikke har relevant fagbrev i forhold til \u00e5 bygge og vedlikeholde denne type elektriske anlegg. Dette medf\u00f8rer s\u00e5ledes at de ikke kan ha det faglige ansvaret for arbeid knyttet til elektriske anlegg i egen bolig og fritidsbolig, og heller ikke kunne bygge og vedlikeholde elektriske anlegg i egen bolig og fritidsbolig.<\/p>\n<p>Dersom du ikke har de rette kvalifikasjonene til \u00e5 foreta installasjonsarbeider i egen bolig og fritidsbolig, m\u00e5 arbeidet utf\u00f8res av en registrert elektrovirksomhet som du finner i Elvirksomhetsregisteret.<\/p>\n<a class=\"link link--underlined\" href=\"https:\/\/elvirksomhetsregisteret.dsb.no\/\" target=\"_blank\">S\u00f8k etter registrert elvirksomhet<\/a>\t\t\t\t<\/article>\n\t\t\t<\/div>\n\n\t\t\t<div class=\"cell small-12 medium-5 image\">\n\t\t\t\t\t\t\t<\/div>\n\t\t<\/div>\n\t\t\n\t<\/div>\n<\/section>\n\n\n\n<section id=\"image-content-block_7a61c6e283920a4b29c8b8895d81fe6f\" class=\"block-section image-content dark  align-full\">\n\t<div class=\"grid-container\" id=\"scrollToMe-samsvarserklaering-og-dokumentasjon\">\n\n\t\t<div class=\"grid-x grid-padding-x\">\n\n\t\t\t<div class=\"cell small-12 medium-7 content\">\n\t\t\t\t\t\t\t\t\t<h2 class=\"section-title\">Samsvarserkl\u00e6ring og dokumentasjon<\/h2>\n\t\t\t\t\n\t\t\t\t\t\t\t\t\t<article><p>N\u00e5r du skal foreta installasjonsarbeider i egen bolig eller fritidsbolig, plikter du som beskrevet ovenfor \u00e5 ivareta de oppgavene som ligger til faglig ansvarlig. Dette inneb\u00e6rer blant annet at du m\u00e5 sikre at prosjektering, utf\u00f8relse, sluttkontroll og dokumentasjon utf\u00f8res i tr\u00e5d med regelverket.<\/p>\n<\/article>\n\t\t\t\t\n\t\t\t\t\t\t<a class=\"link link--underlined\" href=\"https:\/\/elsikkerhetsportalen.no\/barentsnett\/samsvarserklaering\/\" target=\"_self\">\n\t\t\tLes om samsvarserkl\u00e6ring\t\t<\/a>\n\t\t\t\t\t<div class=\"clearfix\"><\/div>\n\t\t\t\t\n\t\t\t\t\t\t\t\t\n\t\t\t<\/div>\n\n\t\t\t<div class=\"cell small-12 medium-5 image\">\n\t\t\t\t<img loading=\"lazy\" decoding=\"async\" width=\"502\" height=\"335\" src=\"https:\/\/elsikkerhetsportalen.no\/barentsnett\/wp-content\/uploads\/sites\/22\/2025\/06\/badstuovn-farlig-produkt-502x335.jpg\" class=\"attachment-image-content size-image-content\" alt=\"\" srcset=\"https:\/\/elsikkerhetsportalen.no\/barentsnett\/wp-content\/uploads\/sites\/22\/2025\/06\/badstuovn-farlig-produkt-502x335.jpg 502w, https:\/\/elsikkerhetsportalen.no\/barentsnett\/wp-content\/uploads\/sites\/22\/2025\/06\/badstuovn-farlig-produkt-300x200.jpg 300w, https:\/\/elsikkerhetsportalen.no\/barentsnett\/wp-content\/uploads\/sites\/22\/2025\/06\/badstuovn-farlig-produkt.jpg 600w\" sizes=\"auto, (max-width: 502px) 100vw, 502px\" \/>\n\t\t\t<\/div>\n\n\t\t<\/div>\n\n\t\t\t\t\n\t<\/div>\n<\/section>\n\n\n\n<section class=\"block-section post-cards\">\n\t<div class=\"grid-container\">\n\n        <div class=\"grid-x grid-margin-x section-title-wrapper\">\n            <div class=\"cell small-12 medium-6\">\n                                    <h1 class=\"section-title\">Vi anbefaler<\/h1>\n                            <\/div>\n\n                    <\/div>\n\n        <div class=\"grid-x grid-margin-x cards-wrapper\">\n                                                                    <a href=\"https:\/\/elsikkerhetsportalen.no\/barentsnett\/elektrisk-anlegg\/hva-kan-du-gjore-selv\/\" class=\"link-card cell small-12 medium-6\">\n    <article>\n        <div class=\"content\">\n            <h3 class=\"title\">Hva kan du gj\u00f8re selv?<\/h3>\n            <p class=\"excerpt\"><\/p>\n        <\/div>\n        <span class=\"icon icon-arrow-right\"><\/span>\n    <\/article>\n<\/a>                    \n                                                        <a href=\"https:\/\/elsikkerhetsportalen.no\/barentsnett\/samsvarserklaering\/\" class=\"link-card cell small-12 medium-6\">\n    <article>\n        <div class=\"content\">\n            <h3 class=\"title\">Samsvarserkl\u00e6ring<\/h3>\n            <p class=\"excerpt\">Samsvarserkl\u00e6ring og dokumentasjon Samsvarserkl\u00e6ringen er en garanti av et bygg om at alt elektrisk arbeid&#8230;<\/p>\n        <\/div>\n        <span class=\"icon icon-arrow-right\"><\/span>\n    <\/article>\n<\/a>                    \n                                                    <\/div>\n\n    <\/div>\n<\/section>","protected":false},"excerpt":{"rendered":"","protected":false},"author":1,"featured_media":1216,"parent":14,"menu_order":3,"comment_status":"closed","ping_status":"closed","template":"","meta":{"_acf_changed":false,"footnotes":""},"class_list":["post-57","page","type-page","status-publish","has-post-thumbnail","hentry"],"acf":[],"_links":{"self":[{"href":"https:\/\/elsikkerhetsportalen.no\/barentsnett\/wp-json\/wp\/v2\/pages\/57","targetHints":{"allow":["GET"]}}],"collection":[{"href":"https:\/\/elsikkerhetsportalen.no\/barentsnett\/wp-json\/wp\/v2\/pages"}],"about":[{"href":"https:\/\/elsikkerhetsportalen.no\/barentsnett\/wp-json\/wp\/v2\/types\/page"}],"author":[{"embeddable":true,"href":"https:\/\/elsikkerhetsportalen.no\/barentsnett\/wp-json\/wp\/v2\/users\/1"}],"replies":[{"embeddable":true,"href":"https:\/\/elsikkerhetsportalen.no\/barentsnett\/wp-json\/wp\/v2\/comments?post=57"}],"version-history":[{"count":0,"href":"https:\/\/elsikkerhetsportalen.no\/barentsnett\/wp-json\/wp\/v2\/pages\/57\/revisions"}],"up":[{"embeddable":true,"href":"https:\/\/elsikkerhetsportalen.no\/barentsnett\/wp-json\/wp\/v2\/pages\/14"}],"wp:featuredmedia":[{"embeddable":true,"href":"https:\/\/elsikkerhetsportalen.no\/barentsnett\/wp-json\/wp\/v2\/media\/1216"}],"wp:attachment":[{"href":"https:\/\/elsikkerhetsportalen.no\/barentsnett\/wp-json\/wp\/v2\/media?parent=57"}],"curies":[{"name":"wp","href":"https:\/\/api.w.org\/{rel}","templated":true}]}}