{"id":1564,"date":"2022-11-18T11:43:00","date_gmt":"2022-11-18T11:43:00","guid":{"rendered":"https:\/\/elsikkerhetsportalen.no\/bkk\/elektrisk-utstyr\/unnga-brann-i-julen\/"},"modified":"2022-11-18T12:39:15","modified_gmt":"2022-11-18T12:39:15","slug":"unnga-brann-i-julen","status":"publish","type":"page","link":"https:\/\/elsikkerhetsportalen.no\/bkk\/elektrisk-utstyr\/unnga-brann-i-julen\/","title":{"rendered":"Unng\u00e5 brann i julen"},"content":{"rendered":"<section id=\"scrollable-shortcuts-block_63776fddd4082\" class=\"block-section scrollable-shortcuts   align-full\">\n\t<div class=\"grid-container\">\n\t\t<div class=\"grid-x grid-padding-x\">\n\n\t\t\t<header class=\"cell small-12 medium-7\">\n\t\t\t\t\t\t\t\t\t<h1>Unng\u00e5 brann i jula<\/h1>\n\t\t\t\t\n\t\t\t\t\t\t\t\t\t<p class=\"ingress\">Juleh\u00f8ytiden er h\u00f8ysesong for boligbranner. Vi gir deg noen tips om hvordan du selv kan redusere risikoen for at det skjer hos deg.<\/p>\n\t\t\t\t\n\t\t\t\t\t\t\t\t\t<h2 class=\"shortcuts-title\">Tema<span><span class=\"icon icon-arrow-down\"><\/span><\/span><\/h2>\n\t\t\t\t\n\t\t\t\t<nav><ul><li><a href=\"#matlaging-i-juletiden\" class=\"link link--underlined\">Matlaging i juletiden<\/a><\/li><li><a href=\"#julebelysningen\" class=\"link link--underlined\">Julebelysningen<\/a><\/li><li><a href=\"#holde-varmen-inne\" class=\"link link--underlined\">Holde varmen inne<\/a><\/li><\/ul><\/nav>\t\t\t<\/header>\n\n\t\t<\/div>\n\t<\/div>\n<\/section>\n\n\n\n<section id=\"image-content-block_63777111d4083\" class=\"block-section image-content light  align-full\">\n\t<div class=\"grid-container\" id=\"scrollToMe-matlaging-i-juletiden\">\n\n\t\t<div class=\"grid-x grid-padding-x\">\n\n\t\t\t<div class=\"cell small-12 medium-7 content\">\n\t\t\t\t\t\t\t\t\t<h2 class=\"section-title\">Matlaging i juletiden<\/h2>\n\t\t\t\t\n\t\t\t\t\t\t\t\t\t<article><ul>\n<li>Skru alltid av komfyren etter bruk. Forlat aldri komfyren mens maten lages.<\/li>\n<li>Bruk ikke komfyren i beruset tilstand. Det er stor sjanse for at du sovner fra matlagingen.<\/li>\n<li>Slokk komfyrbrann med lokk, brannteppe eller slokkespray. Bruk aldri vann.<\/li>\n<li>Hold det ryddig og rent p\u00e5 og rundt komfyr.<\/li>\n<li>Installer komfyrvakt.<\/li>\n<li>Fjern brannfarlig matfett fra kj\u00f8kkenvifta.<\/li>\n<\/ul>\n<\/article>\n\t\t\t\t\n\t\t\t\t\t\t\t\t<div class=\"clearfix\"><\/div>\n\t\t\t\t\n\t\t\t\t\t\t\t\t\n\t\t\t<\/div>\n\n\t\t\t<div class=\"cell small-12 medium-5 image\">\n\t\t\t\t<img loading=\"lazy\" decoding=\"async\" width=\"502\" height=\"335\" src=\"https:\/\/elsikkerhetsportalen.no\/bkk\/wp-content\/uploads\/2022\/11\/Kjokkenvifte-502x335.jpg\" class=\"attachment-image-content size-image-content\" alt=\"Bilde viser hender som tar ned filter fra kj\u00f8kkenvifte\" srcset=\"https:\/\/elsikkerhetsportalen.no\/bkk\/wp-content\/uploads\/2022\/11\/Kjokkenvifte-502x335.jpg 502w, https:\/\/elsikkerhetsportalen.no\/bkk\/wp-content\/uploads\/2022\/11\/Kjokkenvifte-300x200.jpg 300w, https:\/\/elsikkerhetsportalen.no\/bkk\/wp-content\/uploads\/2022\/11\/Kjokkenvifte.jpg 600w\" sizes=\"auto, (max-width: 502px) 100vw, 502px\" \/>\n\t\t\t<\/div>\n\n\t\t<\/div>\n\n\t\t\t\t\n\t<\/div>\n<\/section>\n\n\n\n<section id=\"image-content-block_63777464d4084\" class=\"block-section image-content dark  align-full\">\n\t<div class=\"grid-container\" id=\"scrollToMe-julebelysningen\">\n\n\t\t<div class=\"grid-x grid-padding-x\">\n\n\t\t\t<div class=\"cell small-12 medium-7 content\">\n\t\t\t\t\t\t\t\t\t<h2 class=\"section-title\">Julebelysningen<\/h2>\n\t\t\t\t\n\t\t\t\t\t\t\t\t\t<article><ul>\n<li>Sl\u00e5 alltid av julebelysningen om natten og n\u00e5r du ikke er hjemme.<\/li>\n<li>Plasser adventsstaker og julebelysning i god avstand fra brennbart materiale.<\/li>\n<li>Se etter svimerker p\u00e5 lamper og dekorasjoner.<\/li>\n<li>La aldri ledninger g\u00e5 over d\u00f8rterskler eller gjennom vinduet. Unng\u00e5 at den kommer i klem eller f\u00e5r bruddskader.<\/li>\n<li>Kj\u00f8p juletrebelysning av god kvalitet. Sjekk at produktet er CE-merket.<\/li>\n<li>Benytt LED-belysning. De blir ikke like varme som tradisjonell julebelysning.<\/li>\n<\/ul>\n<\/article>\n\t\t\t\t\n\t\t\t\t\t\t\t\t<div class=\"clearfix\"><\/div>\n\t\t\t\t\n\t\t\t\t\t\t\t\t\n\t\t\t<\/div>\n\n\t\t\t<div class=\"cell small-12 medium-5 image\">\n\t\t\t\t<img loading=\"lazy\" decoding=\"async\" width=\"502\" height=\"282\" src=\"https:\/\/elsikkerhetsportalen.no\/bkk\/wp-content\/uploads\/2022\/11\/juletre-med-adventstjerne-502x282.jpg\" class=\"attachment-image-content size-image-content\" alt=\"Bilde av julepyntet hjem med juletre og adventsstjerne\" srcset=\"https:\/\/elsikkerhetsportalen.no\/bkk\/wp-content\/uploads\/2022\/11\/juletre-med-adventstjerne-502x282.jpg 502w, https:\/\/elsikkerhetsportalen.no\/bkk\/wp-content\/uploads\/2022\/11\/juletre-med-adventstjerne-300x169.jpg 300w, https:\/\/elsikkerhetsportalen.no\/bkk\/wp-content\/uploads\/2022\/11\/juletre-med-adventstjerne-768x432.jpg 768w, https:\/\/elsikkerhetsportalen.no\/bkk\/wp-content\/uploads\/2022\/11\/juletre-med-adventstjerne.jpg 1024w\" sizes=\"auto, (max-width: 502px) 100vw, 502px\" \/>\n\t\t\t<\/div>\n\n\t\t<\/div>\n\n\t\t\t\t\n\t<\/div>\n<\/section>\n\n\n\n<section id=\"image-content-block_63777466d4085\" class=\"block-section image-content none  align-full\">\n\t<div class=\"grid-container\" id=\"scrollToMe-holde-varmen-inne\">\n\n\t\t<div class=\"grid-x grid-padding-x\">\n\n\t\t\t<div class=\"cell small-12 medium-7 content\">\n\t\t\t\t\t\t\t\t\t<h2 class=\"section-title\">Holde varmen inne<\/h2>\n\t\t\t\t\n\t\t\t\t\t\t\t\t\t<article><p>Desemberdagene kan bli kalde og vi skur opp varmen. N\u00e5r str\u00f8mforbruket \u00f8ker, \u00f8ker ogs\u00e5 brannfaren i det elektriske anlegget.<\/p>\n<ul>\n<li>Se etter brunsvidde st\u00f8psler og stikkontakter (varmgang).<\/li>\n<li>Sjekk at sikringer, stikkontakter og koblingsbokser ikke er unormalt varme.<\/li>\n<li>La fagfolk sjekke det elektriske anlegget. Sp\u00f8r forsikringsselskapet ditt om rabatt for utf\u00f8rt elkontroll.<\/li>\n<li>Begrens bruken av skj\u00f8teledning. Det skal absolutt ikke brukes til varmeovn\/panelovner.<\/li>\n<\/ul>\n<\/article>\n\t\t\t\t\n\t\t\t\t\t\t\t\t<div class=\"clearfix\"><\/div>\n\t\t\t\t\n\t\t\t\t\t\t\t\t\n\t\t\t<\/div>\n\n\t\t\t<div class=\"cell small-12 medium-5 image\">\n\t\t\t\t<img loading=\"lazy\" decoding=\"async\" width=\"502\" height=\"243\" src=\"https:\/\/elsikkerhetsportalen.no\/bkk\/wp-content\/uploads\/2022\/11\/Varmgang10-502x243.jpg\" class=\"attachment-image-content size-image-content\" alt=\"varmgang i st\u00f8psel og stikk\" srcset=\"https:\/\/elsikkerhetsportalen.no\/bkk\/wp-content\/uploads\/2022\/11\/Varmgang10-502x243.jpg 502w, https:\/\/elsikkerhetsportalen.no\/bkk\/wp-content\/uploads\/2022\/11\/Varmgang10-300x145.jpg 300w, https:\/\/elsikkerhetsportalen.no\/bkk\/wp-content\/uploads\/2022\/11\/Varmgang10-1024x496.jpg 1024w, https:\/\/elsikkerhetsportalen.no\/bkk\/wp-content\/uploads\/2022\/11\/Varmgang10-768x372.jpg 768w, https:\/\/elsikkerhetsportalen.no\/bkk\/wp-content\/uploads\/2022\/11\/Varmgang10-1536x744.jpg 1536w, https:\/\/elsikkerhetsportalen.no\/bkk\/wp-content\/uploads\/2022\/11\/Varmgang10-2048x991.jpg 2048w\" sizes=\"auto, (max-width: 502px) 100vw, 502px\" \/>\n\t\t\t<\/div>\n\n\t\t<\/div>\n\n\t\t\t\t\n\t<\/div>\n<\/section>\n","protected":false},"excerpt":{"rendered":"","protected":false},"author":4,"featured_media":1566,"parent":9,"menu_order":0,"comment_status":"closed","ping_status":"closed","template":"","meta":{"_acf_changed":false,"footnotes":""},"class_list":["post-1564","page","type-page","status-publish","has-post-thumbnail","hentry"],"acf":[],"_links":{"self":[{"href":"https:\/\/elsikkerhetsportalen.no\/bkk\/wp-json\/wp\/v2\/pages\/1564","targetHints":{"allow":["GET"]}}],"collection":[{"href":"https:\/\/elsikkerhetsportalen.no\/bkk\/wp-json\/wp\/v2\/pages"}],"about":[{"href":"https:\/\/elsikkerhetsportalen.no\/bkk\/wp-json\/wp\/v2\/types\/page"}],"author":[{"embeddable":true,"href":"https:\/\/elsikkerhetsportalen.no\/bkk\/wp-json\/wp\/v2\/users\/4"}],"replies":[{"embeddable":true,"href":"https:\/\/elsikkerhetsportalen.no\/bkk\/wp-json\/wp\/v2\/comments?post=1564"}],"version-history":[{"count":0,"href":"https:\/\/elsikkerhetsportalen.no\/bkk\/wp-json\/wp\/v2\/pages\/1564\/revisions"}],"up":[{"embeddable":true,"href":"https:\/\/elsikkerhetsportalen.no\/bkk\/wp-json\/wp\/v2\/pages\/9"}],"wp:featuredmedia":[{"embeddable":true,"href":"https:\/\/elsikkerhetsportalen.no\/bkk\/wp-json\/wp\/v2\/media\/1566"}],"wp:attachment":[{"href":"https:\/\/elsikkerhetsportalen.no\/bkk\/wp-json\/wp\/v2\/media?parent=1564"}],"curies":[{"name":"wp","href":"https:\/\/api.w.org\/{rel}","templated":true}]}}