{"id":2125,"date":"2025-06-17T07:05:43","date_gmt":"2025-06-17T07:05:26","guid":{"rendered":"https:\/\/elsikkerhetsportalen.no\/bkk\/?page_id=2125"},"modified":"2025-07-02T12:23:44","modified_gmt":"2025-07-02T12:23:44","slug":"student","status":"publish","type":"page","link":"https:\/\/elsikkerhetsportalen.no\/bkk\/student\/","title":{"rendered":"Student"},"content":{"rendered":"<section id=\"scrollable-shortcuts-block_75f93a8c19d9867751ecb368829f1e86\" class=\"block-section scrollable-shortcuts   align-full\">\n\t<div class=\"grid-container\">\n\t\t<div class=\"grid-x grid-padding-x\">\n\n\t\t\t<header class=\"cell small-12 medium-7\">\n\t\t\t\t\t\t\t\t\t<h1>Trygt &amp; elsikkert<\/h1>\n\t\t\t\t\n\t\t\t\t\t\t\t\t\t<p class=\"ingress\">Her er det samlet viktig informasjon til deg som er student, eller foreldre til studenter og til deg som leier ut bolig til studenter. Ved \u00e5 ta enkle, men m\u00e5lrettede grep sammen kan vi forebygge brann, unng\u00e5 farlige situasjoner og skape tryggere hjem for v\u00e5re studenter. Hensikten er \u00e5 \u00f8ke elsikkerheten og sikre trygg bruk av str\u00f8m.  La oss gj\u00f8re studentboligen trygg og elsikkert. <\/p>\n\t\t\t\t\n\t\t\t\t\t\t\t\t\t<h2 class=\"shortcuts-title\">Tips til <span><span class=\"icon icon-arrow-down\"><\/span><\/span><\/h2>\n\t\t\t\t\n\t\t\t\t<nav><ul><li><a href=\"#sjekk-at-du-kommer-deg-ut-for-du-flytter-inn\" class=\"link link--underlined\">Studenten<\/a><\/li><li><a href=\"#du-sover-bedre-nar-ungen-er-trygg\" class=\"link link--underlined\">Foreldre<\/a><\/li><li><a href=\"#vaer-en-trygg-utleier\" class=\"link link--underlined\">Utleiere<\/a><\/li><\/ul><\/nav>\t\t\t<\/header>\n\n\t\t<\/div>\n\t<\/div>\n<\/section>\n\n\n\n<section id=\"download-list-block_ebecb4b3bd0f772cbd791fbabe46c1a4\" class=\"block-section download-list dark  align-full\">\n\t<div class=\"grid-container\">\n\t\t<div class=\"grid-x grid-padding-x\">\n\n\t\t\t<div class=\"cell small-12 medium-6 large-5 title-wrapper\">\n\t\t\t\t\t\t\t\t\t<h2 class=\"title\">Ta quiz og bli med i trekning av premie<\/h2>\n\t\t\t\t\t\t\t<\/div>\n\n\t\t\t<div class=\"cell small-12 medium-5 large-4 large-offset-1 downloads-wrapper\">\n\n\t\t\t\t\t\t\t\t\t<ul>\n\t\t\t\t\t\t\t\t\t\t\t\n\t\t\t\t\t\t\n\t\t\t\t\t\t\t\t\t\t\t\t\t<li>\n\n\t\t\t\t\t\t\t\t\t\t\t\t\t\t\t<a href=\"https:\/\/bkk.elsp.no\/quiz\/trygt---elsikkerhet-med-bkk\" class=\"link\" download>\n\t\t\t\t\t\t\t\t\t<span class=\"str\">Studentquiz Bergen 2025<\/span>\n\t\t\t\t\t\t\t\t\t<span class=\"icon icon-download\"><\/span>\n\t\t\t\t\t\t\t\t<\/a>\n\n\t\t\t\t\t\t\t\n\t\t\t\t\t\t\t<\/li>\n\t\t\t\t\t\t\n\t\t\t\t\t\t\t\t\t\t<\/ul>\n\t\t\t\t\n\t\t\t<\/div>\n\n\t\t<\/div>\n\t<\/div>\n<\/section>\n\n\n<section id=\"image-content-block_b5bbea101d5185c8195b2afd49728607\" class=\"block-section image-content light  align-full\">\n\t<div class=\"grid-container\" id=\"scrollToMe-sjekk-at-du-kommer-deg-ut-for-du-flytter-inn\">\n\n\t\t<div class=\"grid-x grid-padding-x\">\n\n\t\t\t<div class=\"cell small-12 medium-7 content\">\n\t\t\t\t\t\t\t\t\t<h2 class=\"section-title\">Sjekk at du kommer deg ut f\u00f8r du flytter inn<\/h2>\n\t\t\t\t\n\t\t\t\t\t\t\t\t\t<article><p>V\u00e6r \u00e9n av de 45 prosentene som sjekker brannsikkerheten f\u00f8r du flytter inn. Det er slett ikke s\u00e5 vanskelig. F\u00f8lg lenken over.<\/p>\n<ul>\n<li>Lad mobil, elsparkesykkel ol. kun n\u00e5r du er v\u00e5ken og til stede.<\/li>\n<li>Spis varm nattmat p\u00e5 byen, eller ta kald mat n\u00e5r du kommer hjem.<\/li>\n<li>\u00d8v p\u00e5 r\u00f8mningsveier og test at r\u00f8ykvarsler funker.<\/li>\n<\/ul>\n<\/article>\n\t\t\t\t\n\t\t\t\t\t\t<a class=\"link link--underlined\" href=\"https:\/\/elsikkerhetsportalen.no\/bkk\/student\/kul-student\/\" target=\"_blank\">\n\t\t\tG\u00e5 til siden for studenter\t\t<\/a>\n\t\t\t\t\t<div class=\"clearfix\"><\/div>\n\t\t\t\t\n\t\t\t\t\t\t\t\t\n\t\t\t<\/div>\n\n\t\t\t<div class=\"cell small-12 medium-5 image\">\n\t\t\t\t<img loading=\"lazy\" decoding=\"async\" width=\"502\" height=\"335\" src=\"https:\/\/elsikkerhetsportalen.no\/bkk\/wp-content\/uploads\/sites\/27\/2025\/06\/Trygge-studenter-02-502x335.png\" class=\"attachment-image-content size-image-content\" alt=\"\" srcset=\"https:\/\/elsikkerhetsportalen.no\/bkk\/wp-content\/uploads\/sites\/27\/2025\/06\/Trygge-studenter-02-502x335.png 502w, https:\/\/elsikkerhetsportalen.no\/bkk\/wp-content\/uploads\/sites\/27\/2025\/06\/Trygge-studenter-02-300x200.png 300w, https:\/\/elsikkerhetsportalen.no\/bkk\/wp-content\/uploads\/sites\/27\/2025\/06\/Trygge-studenter-02-1024x683.png 1024w, https:\/\/elsikkerhetsportalen.no\/bkk\/wp-content\/uploads\/sites\/27\/2025\/06\/Trygge-studenter-02-768x512.png 768w, https:\/\/elsikkerhetsportalen.no\/bkk\/wp-content\/uploads\/sites\/27\/2025\/06\/Trygge-studenter-02-1536x1024.png 1536w, https:\/\/elsikkerhetsportalen.no\/bkk\/wp-content\/uploads\/sites\/27\/2025\/06\/Trygge-studenter-02-2048x1366.png 2048w\" sizes=\"auto, (max-width: 502px) 100vw, 502px\" \/>\n\t\t\t<\/div>\n\n\t\t<\/div>\n\n\t\t\t\t\n\t<\/div>\n<\/section>\n\n\n\n<section id=\"download-list-block_50df75bb1b472eedfbde8e8ec9f4b08e\" class=\"block-section download-list light  align-full\">\n\t<div class=\"grid-container\">\n\t\t<div class=\"grid-x grid-padding-x\">\n\n\t\t\t<div class=\"cell small-12 medium-6 large-5 title-wrapper\">\n\t\t\t\t\t\t\t\t\t<h2 class=\"title\">Sjekk om husrommet ditt er elsikkert<\/h2>\n\t\t\t\t\t\t\t<\/div>\n\n\t\t\t<div class=\"cell small-12 medium-5 large-4 large-offset-1 downloads-wrapper\">\n\n\t\t\t\t\t\t\t\t\t<ul>\n\t\t\t\t\t\t\t\t\t\t\t\n\t\t\t\t\t\t\n\t\t\t\t\t\t\t\t\t\t\t\t\t<li>\n\n\t\t\t\t\t\t\t\t\t\t\t\t\t\t\t<a href=\"https:\/\/www.elsikkerhetsdagen.no\/godkjenn\" class=\"link\" download>\n\t\t\t\t\t\t\t\t\t<span class=\"str\">Gj\u00f8r deg klar og ta elsjekken<\/span>\n\t\t\t\t\t\t\t\t\t<span class=\"icon icon-download\"><\/span>\n\t\t\t\t\t\t\t\t<\/a>\n\n\t\t\t\t\t\t\t\n\t\t\t\t\t\t\t<\/li>\n\t\t\t\t\t\t\n\t\t\t\t\t\t\t\t\t\t<\/ul>\n\t\t\t\t\n\t\t\t<\/div>\n\n\t\t<\/div>\n\t<\/div>\n<\/section>\n\n\n<section id=\"image-content-block_c56f199cb317e67eb40f28a07da51bb0\" class=\"block-section image-content dark has-more-content  align-full\">\n\t<div class=\"grid-container\" id=\"scrollToMe-du-sover-bedre-nar-ungen-er-trygg\">\n\n\t\t<div class=\"grid-x grid-padding-x\">\n\n\t\t\t<div class=\"cell small-12 medium-7 content\">\n\t\t\t\t\t\t\t\t\t<h2 class=\"section-title\">Du sover bedre n\u00e5r ungen er trygg<\/h2>\n\t\t\t\t\n\t\t\t\t\t\t\t\t\t<article><p>N\u00e5r du vet at ungen din bor trygt selv n\u00e5r de har flyttet ut, da sover ogs\u00e5 du bedre om natta. Du har jo alltid passet p\u00e5 dem. Ikke stopp n\u00e5. La de f\u00e5 kunnskap med seg p\u00e5 flyttelasset slik at de vet hvordan de gj\u00f8r studenttilv\u00e6relsen trygg og elsikker. For \u00e5 hjelpe dere p\u00e5 veien, har vi laget en hendig foreldreguide. Ta med din h\u00e5pefulle og g\u00e5 gjennom alle stegene i guiden. Da f\u00e5r du garantert sove bedre de neste m\u00e5nedene.<\/p>\n<\/article>\n\t\t\t\t\n\t\t\t\t\t\t<a class=\"link link--underlined\" href=\"https:\/\/bkk.elsp.no\/survey\/foreldreguiden-fra-bkk\" target=\"_blank\">\n\t\t\tForeldreguide for trygt&amp;elsikkert \t\t<\/a>\n\t\t\t\t\t<div class=\"clearfix\"><\/div>\n\t\t\t\t\n\t\t\t\t\t\t\t\t\n\t\t\t\t\t<a\n\t\t\t\t\t\thref=\"#\"\n\t\t\t\t\t\tclass=\"button-plus content-toggler\"\n\t\t\t\t\t\tdata-initialtext=\"Les mer\"\n\t\t\t\t\t\tdata-toggletext=\"Les mindre\"\n\t\t\t\t\t\tdata-target=\"ic-hidden-block_c56f199cb317e67eb40f28a07da51bb0\"\n\t\t\t\t\t\trole=\"button\"\n\t\t\t\t\t\trel=\"nofollow\"\n\t\t\t\t\t\taria-label=\"\u00c5pne skjult innhold\"\n\t\t\t\t\t\taria-expanded=\"false\">\n\t\t\t\t\t\t<span>Les mer<\/span>\n\t\t\t\t\t\t<span class=\"icon icon-plus\"><\/span>\n\t\t\t\t\t<\/a>\n\t\t\t\t\n\t\t\t<\/div>\n\n\t\t\t<div class=\"cell small-12 medium-5 image\">\n\t\t\t\t<img loading=\"lazy\" decoding=\"async\" width=\"502\" height=\"335\" src=\"https:\/\/elsikkerhetsportalen.no\/bkk\/wp-content\/uploads\/sites\/27\/2025\/06\/Trygge-foreldre-sover-godt-01-502x335.png\" class=\"attachment-image-content size-image-content\" alt=\"\" srcset=\"https:\/\/elsikkerhetsportalen.no\/bkk\/wp-content\/uploads\/sites\/27\/2025\/06\/Trygge-foreldre-sover-godt-01-502x335.png 502w, https:\/\/elsikkerhetsportalen.no\/bkk\/wp-content\/uploads\/sites\/27\/2025\/06\/Trygge-foreldre-sover-godt-01-300x200.png 300w, https:\/\/elsikkerhetsportalen.no\/bkk\/wp-content\/uploads\/sites\/27\/2025\/06\/Trygge-foreldre-sover-godt-01-1024x683.png 1024w, https:\/\/elsikkerhetsportalen.no\/bkk\/wp-content\/uploads\/sites\/27\/2025\/06\/Trygge-foreldre-sover-godt-01-768x512.png 768w, https:\/\/elsikkerhetsportalen.no\/bkk\/wp-content\/uploads\/sites\/27\/2025\/06\/Trygge-foreldre-sover-godt-01-1536x1024.png 1536w, https:\/\/elsikkerhetsportalen.no\/bkk\/wp-content\/uploads\/sites\/27\/2025\/06\/Trygge-foreldre-sover-godt-01-2048x1366.png 2048w\" sizes=\"auto, (max-width: 502px) 100vw, 502px\" \/>\n\t\t\t<\/div>\n\n\t\t<\/div>\n\n\t\t\t\t\t\t<div class=\"grid-x grid-padding-x hidden-more-content\" aria-expanded=\"false\" aria-hidden=\"true\" id=\"ic-hidden-block_c56f199cb317e67eb40f28a07da51bb0\">\n\t\t\t<div class=\"cell small-12 medium-7 content\">\n\t\t\t\t<article>\n\t\t\t\t\t\t\t\t<\/article>\n\t\t\t<\/div>\n\n\t\t\t<div class=\"cell small-12 medium-5 image\">\n\t\t\t\t\t\t\t<\/div>\n\t\t<\/div>\n\t\t\n\t<\/div>\n<\/section>\n\n\n\n<section id=\"image-content-block_267e208bc4274c3f7e97bc14cc6e37b2\" class=\"block-section image-content light has-more-content  align-full\">\n\t<div class=\"grid-container\" id=\"scrollToMe-vaer-en-trygg-utleier\">\n\n\t\t<div class=\"grid-x grid-padding-x\">\n\n\t\t\t<div class=\"cell small-12 medium-7 content\">\n\t\t\t\t\t\t\t\t\t<h2 class=\"section-title\">V\u00e6r en trygg utleier<\/h2>\n\t\t\t\t\n\t\t\t\t\t\t\t\t\t<article><p>Det f\u00f8lger alltid ansvar med \u00e5 leie ut bolig, og spesielt til unge studenter. Trygge studentboliger starter med ansvarlige utleiere. S\u00f8rg for at du er en ansvarlig og trygg utleier.<\/p>\n<p><strong>F\u00f8rste bud: Tilstrekkelig antall r\u00f8ykvarslere som fungerer og r\u00f8mningsveier! Og ha alltid gjennomgang om el- og brannsikkerhet med leietaker.<\/strong><\/p>\n<\/article>\n\t\t\t\t\n\t\t\t\t\t\t<a class=\"link link--underlined\" href=\"https:\/\/bkk.elsp.no\/survey\/studentkampanje-bkk\" target=\"_blank\">\n\t\t\tSjekkliste for gjennomgang med leietaker\t\t<\/a>\n\t\t\t\t\t<div class=\"clearfix\"><\/div>\n\t\t\t\t\n\t\t\t\t\t\t\t\t\n\t\t\t\t\t<a\n\t\t\t\t\t\thref=\"#\"\n\t\t\t\t\t\tclass=\"button-plus content-toggler\"\n\t\t\t\t\t\tdata-initialtext=\"Les mer\"\n\t\t\t\t\t\tdata-toggletext=\"Les mindre\"\n\t\t\t\t\t\tdata-target=\"ic-hidden-block_267e208bc4274c3f7e97bc14cc6e37b2\"\n\t\t\t\t\t\trole=\"button\"\n\t\t\t\t\t\trel=\"nofollow\"\n\t\t\t\t\t\taria-label=\"\u00c5pne skjult innhold\"\n\t\t\t\t\t\taria-expanded=\"false\">\n\t\t\t\t\t\t<span>Les mer<\/span>\n\t\t\t\t\t\t<span class=\"icon icon-plus\"><\/span>\n\t\t\t\t\t<\/a>\n\t\t\t\t\n\t\t\t<\/div>\n\n\t\t\t<div class=\"cell small-12 medium-5 image\">\n\t\t\t\t<img loading=\"lazy\" decoding=\"async\" width=\"502\" height=\"335\" src=\"https:\/\/elsikkerhetsportalen.no\/bkk\/wp-content\/uploads\/sites\/27\/2025\/06\/Student-og-huseier-01-502x335.png\" class=\"attachment-image-content size-image-content\" alt=\"\" srcset=\"https:\/\/elsikkerhetsportalen.no\/bkk\/wp-content\/uploads\/sites\/27\/2025\/06\/Student-og-huseier-01-502x335.png 502w, https:\/\/elsikkerhetsportalen.no\/bkk\/wp-content\/uploads\/sites\/27\/2025\/06\/Student-og-huseier-01-300x200.png 300w, https:\/\/elsikkerhetsportalen.no\/bkk\/wp-content\/uploads\/sites\/27\/2025\/06\/Student-og-huseier-01-1024x683.png 1024w, https:\/\/elsikkerhetsportalen.no\/bkk\/wp-content\/uploads\/sites\/27\/2025\/06\/Student-og-huseier-01-768x512.png 768w, https:\/\/elsikkerhetsportalen.no\/bkk\/wp-content\/uploads\/sites\/27\/2025\/06\/Student-og-huseier-01-1536x1024.png 1536w, https:\/\/elsikkerhetsportalen.no\/bkk\/wp-content\/uploads\/sites\/27\/2025\/06\/Student-og-huseier-01-2048x1366.png 2048w\" sizes=\"auto, (max-width: 502px) 100vw, 502px\" \/>\n\t\t\t<\/div>\n\n\t\t<\/div>\n\n\t\t\t\t\t\t<div class=\"grid-x grid-padding-x hidden-more-content\" aria-expanded=\"false\" aria-hidden=\"true\" id=\"ic-hidden-block_267e208bc4274c3f7e97bc14cc6e37b2\">\n\t\t\t<div class=\"cell small-12 medium-7 content\">\n\t\t\t\t<article>\n\t\t\t\t<h3>Huseiers ansvar<\/h3><p>Som utleier plikter du \u00e5 s\u00f8rge for at boligen oppfyller krav til r\u00f8mningsveier, slokke- og varslingsutstyr skal v\u00e6re i orden og tilfredsstille forskriftskrav.<\/p>\n<ul>\n<li>S\u00f8rge for at det er mange nok r\u00f8ykvarslere<\/li>\n<li>S\u00f8rge for riktig og nok brannslokkingsutstyr i boligen<\/li>\n<li>R\u00f8mningsveier skal v\u00e6re frie og leietakerne skal v\u00e6re opplyste om dem<\/li>\n<li>Det elektriske anlegget skal v\u00e6re fagmessig utf\u00f8rt og i orden<\/li>\n<\/ul>\n<h3>R\u00f8ykvarslere<\/h3><p>Bergen brannvesen avdekker sv\u00e6rt mange avvikt p\u00e5 r\u00f8ykvarslere under sine tilsyn p\u00e5 det private leiemarkedet gjennom \u00e5ret. Bidra til at studentene f\u00f8ler seg trygge n\u00e5r de bor i din bolig.<\/p>\n<p><strong>R\u00f8ykvarsleren<\/strong>\u00a0monteres p\u00e5 h\u00f8yeste punkt i taket, og minimum en halv meter fra veggen.<\/p>\n<ul>\n<li>Du m\u00e5 ha minimum en r\u00f8ykvarsler i hver etasje.<\/li>\n<\/ul>\n<p>S\u00f8rg for at de(n) plasseres slik at de(n) kan oppdage og varsle om brann p\u00e5 kj\u00f8kken, i stua, ganger og soverom. Er det eget vaskerom, b\u00f8r ogs\u00e5 r\u00f8ykvarsler plasseres der. Seriekoblete r\u00f8ykvarslere er lurt.<\/p>\n<p>1.desember er en hensiktsmessig dato og sjekke at r\u00f8ykvarslerne i utleieboligene fungerer, og at det settes i nye batterier. Det er ditt ansvar at dette skjer. Rekker du ikke med \u00e5 f\u00e5 de skiftet selv, be leietakeren om \u00e5 gj\u00f8re det.<\/p>\n<p>&nbsp;<\/p>\n<h3>R\u00f8mningsveier<\/h3>\t\t\t\t<\/article>\n\t\t\t<\/div>\n\n\t\t\t<div class=\"cell small-12 medium-5 image\">\n\t\t\t\t\t\t\t<\/div>\n\t\t<\/div>\n\t\t\n\t<\/div>\n<\/section>\n","protected":false},"excerpt":{"rendered":"","protected":false},"author":4,"featured_media":2232,"parent":0,"menu_order":0,"comment_status":"closed","ping_status":"closed","template":"","meta":{"_acf_changed":false,"footnotes":""},"class_list":["post-2125","page","type-page","status-publish","has-post-thumbnail","hentry"],"acf":[],"_links":{"self":[{"href":"https:\/\/elsikkerhetsportalen.no\/bkk\/wp-json\/wp\/v2\/pages\/2125","targetHints":{"allow":["GET"]}}],"collection":[{"href":"https:\/\/elsikkerhetsportalen.no\/bkk\/wp-json\/wp\/v2\/pages"}],"about":[{"href":"https:\/\/elsikkerhetsportalen.no\/bkk\/wp-json\/wp\/v2\/types\/page"}],"author":[{"embeddable":true,"href":"https:\/\/elsikkerhetsportalen.no\/bkk\/wp-json\/wp\/v2\/users\/4"}],"replies":[{"embeddable":true,"href":"https:\/\/elsikkerhetsportalen.no\/bkk\/wp-json\/wp\/v2\/comments?post=2125"}],"version-history":[{"count":0,"href":"https:\/\/elsikkerhetsportalen.no\/bkk\/wp-json\/wp\/v2\/pages\/2125\/revisions"}],"wp:featuredmedia":[{"embeddable":true,"href":"https:\/\/elsikkerhetsportalen.no\/bkk\/wp-json\/wp\/v2\/media\/2232"}],"wp:attachment":[{"href":"https:\/\/elsikkerhetsportalen.no\/bkk\/wp-json\/wp\/v2\/media?parent=2125"}],"curies":[{"name":"wp","href":"https:\/\/api.w.org\/{rel}","templated":true}]}}