{"id":307,"date":"2021-03-01T17:16:00","date_gmt":"2021-03-01T17:16:00","guid":{"rendered":"http:\/\/elsikkerhetsportalen.no\/tronderkraft\/?page_id=307"},"modified":"2021-03-01T17:16:00","modified_gmt":"2021-03-01T17:16:00","slug":"aktuelt","status":"publish","type":"page","link":"https:\/\/elsikkerhetsportalen.no\/elmat\/aktuelt\/","title":{"rendered":"Aktuelt"},"content":{"rendered":"\n\n<section id=\"aktuelt-block_603d21a74d158\" class=\"block-section aktuelt  \">\n\t<div class=\"grid-container\">\n\n\t\t<header class=\"grid-x grid-padding-x\">\n\n\t\t\t\t\t\t\t<div class=\"cell small-12 medium-6\">\n\t\t\t\t\t<h2 class=\"section-title\">Aktuelt<\/h2>\n\t\t\t\t<\/div>\n\t\t\t\n\n\t\t\t\t\t\t<\/header>\n\n\t\t<div class=\"grid-x grid-margin-x small-up-1 medium-up-2 large-up-3 cards-wrapper\">\n\t\t\t\t\t\t\t<div class=\"cell\">\n\t\t\t\t\t<div class=\"card\">\n\t\t\t\t\t\t<a href=\"https:\/\/elsikkerhetsportalen.no\/elmat\/livsfarlig-hobbyelektriker\/\" class=\"img-link\"><img loading=\"lazy\" decoding=\"async\" width=\"397\" height=\"296\" src=\"https:\/\/elsikkerhetsportalen.no\/elmat\/wp-content\/uploads\/sites\/21\/2026\/04\/ulovlig-arbeid-26-397x296.png\" class=\"attachment-card size-card wp-post-image\" alt=\"Bilde viser shady opplegg ikke utf\u00f8rt av fagperson\" \/><\/a>\n\t\t\t\t\t\t<div class=\"card-section\">\n\t\t\t\t\t\t\t<h3>Livsfarlig hobbyelektriker<\/h3>\n\t\t\t\t\t\t\t<p>Johansen forteller om en hendelse som godt illustrerer faren og kostnaden ved \u00e5 &#8220;leke hobbyelektriker&#8221;&#8230;.<\/p>\n\t\t\t\t\t\t\t<a href=\"https:\/\/elsikkerhetsportalen.no\/elmat\/livsfarlig-hobbyelektriker\/\" class=\"read-more\" aria-label=\"Les artikkelen: Livsfarlig hobbyelektriker\"><i class=\"icon icon-arrow-right\"><\/i><\/a>\n\t\t\t\t\t\t<\/div>\n\t\t\t\t\t<\/div>\n\t\t\t\t<\/div>\n\t\t\t\t\t\t\t<div class=\"cell\">\n\t\t\t\t\t<div class=\"card\">\n\t\t\t\t\t\t<a href=\"https:\/\/elsikkerhetsportalen.no\/elmat\/stikkprovebasert-eltilsyn\/\" class=\"img-link\"><img loading=\"lazy\" decoding=\"async\" width=\"397\" height=\"296\" src=\"https:\/\/elsikkerhetsportalen.no\/elmat\/wp-content\/uploads\/sites\/21\/2021\/04\/tilsyn-397x296.jpg\" class=\"attachment-card size-card wp-post-image\" alt=\"Bilde viser sjekk av jording p\u00e5 stikkpr\u00f8vebasert tilsyn\" \/><\/a>\n\t\t\t\t\t\t<div class=\"card-section\">\n\t\t\t\t\t\t\t<h3>Stikkpr\u00f8vebasert eltilsyn<\/h3>\n\t\t\t\t\t\t\t<p>Har du f\u00e5tt varsel om kontroll? Gratulerer! Hensikten med v\u00e5rt arbeid er forebygging av brann&#8230;<\/p>\n\t\t\t\t\t\t\t<a href=\"https:\/\/elsikkerhetsportalen.no\/elmat\/stikkprovebasert-eltilsyn\/\" class=\"read-more\" aria-label=\"Les artikkelen: Stikkpr\u00f8vebasert eltilsyn\"><i class=\"icon icon-arrow-right\"><\/i><\/a>\n\t\t\t\t\t\t<\/div>\n\t\t\t\t\t<\/div>\n\t\t\t\t<\/div>\n\t\t\t\t\t\t\t<div class=\"cell\">\n\t\t\t\t\t<div class=\"card\">\n\t\t\t\t\t\t<a href=\"https:\/\/elsikkerhetsportalen.no\/elmat\/sjekk-varmtvannsberederen\/\" class=\"img-link\"><img loading=\"lazy\" decoding=\"async\" width=\"397\" height=\"296\" src=\"https:\/\/elsikkerhetsportalen.no\/elmat\/wp-content\/uploads\/sites\/21\/2023\/05\/VVB-varmegang-LPJohansen-EN-397x296.jpg\" class=\"attachment-card size-card wp-post-image\" alt=\"\" srcset=\"https:\/\/elsikkerhetsportalen.no\/elmat\/wp-content\/uploads\/sites\/21\/2023\/05\/VVB-varmegang-LPJohansen-EN-397x296.jpg 397w, https:\/\/elsikkerhetsportalen.no\/elmat\/wp-content\/uploads\/sites\/21\/2023\/05\/VVB-varmegang-LPJohansen-EN-300x225.jpg 300w, https:\/\/elsikkerhetsportalen.no\/elmat\/wp-content\/uploads\/sites\/21\/2023\/05\/VVB-varmegang-LPJohansen-EN-502x376.jpg 502w\" sizes=\"auto, (max-width: 397px) 100vw, 397px\" \/><\/a>\n\t\t\t\t\t\t<div class=\"card-section\">\n\t\t\t\t\t\t\t<h3>Sjekk varmtvannsberederen<\/h3>\n\t\t\t\t\t\t\t<p>V\u00e5rt tips for \u00e5 sikre deg mot varmgang p\u00e5 stikkontakt og st\u00f8psel, er \u00e5 f\u00e5&#8230;<\/p>\n\t\t\t\t\t\t\t<a href=\"https:\/\/elsikkerhetsportalen.no\/elmat\/sjekk-varmtvannsberederen\/\" class=\"read-more\" aria-label=\"Les artikkelen: Sjekk varmtvannsberederen\"><i class=\"icon icon-arrow-right\"><\/i><\/a>\n\t\t\t\t\t\t<\/div>\n\t\t\t\t\t<\/div>\n\t\t\t\t<\/div>\n\t\t\t\t\t\t\t<div class=\"cell\">\n\t\t\t\t\t<div class=\"card\">\n\t\t\t\t\t\t<a href=\"https:\/\/elsikkerhetsportalen.no\/elmat\/kjor-brannovelse-i-pasken\/\" class=\"img-link\"><img loading=\"lazy\" decoding=\"async\" width=\"397\" height=\"296\" src=\"https:\/\/elsikkerhetsportalen.no\/elmat\/wp-content\/uploads\/sites\/21\/2026\/03\/Brannovelse-hytte-vinter-397x296.jpg\" class=\"attachment-card size-card wp-post-image\" alt=\"\" \/><\/a>\n\t\t\t\t\t\t<div class=\"card-section\">\n\t\t\t\t\t\t\t<h3>Kj\u00f8r brann\u00f8velse i p\u00e5sken<\/h3>\n\t\t\t\t\t\t\t<p>Mange hytter har en hems. Noen er trange og potensielle brannfeller som kanskje heller ikke&#8230;<\/p>\n\t\t\t\t\t\t\t<a href=\"https:\/\/elsikkerhetsportalen.no\/elmat\/kjor-brannovelse-i-pasken\/\" class=\"read-more\" aria-label=\"Les artikkelen: Kj\u00f8r brann\u00f8velse i p\u00e5sken\"><i class=\"icon icon-arrow-right\"><\/i><\/a>\n\t\t\t\t\t\t<\/div>\n\t\t\t\t\t<\/div>\n\t\t\t\t<\/div>\n\t\t\t\t\t\t\t<div class=\"cell\">\n\t\t\t\t\t<div class=\"card\">\n\t\t\t\t\t\t<a href=\"https:\/\/elsikkerhetsportalen.no\/elmat\/tips-til-hyttepaske\/\" class=\"img-link\"><img loading=\"lazy\" decoding=\"async\" width=\"397\" height=\"296\" src=\"https:\/\/elsikkerhetsportalen.no\/elmat\/wp-content\/uploads\/sites\/21\/2026\/03\/paske-elsp-397x296.jpg\" class=\"attachment-card size-card wp-post-image\" alt=\"\" \/><\/a>\n\t\t\t\t\t\t<div class=\"card-section\">\n\t\t\t\t\t\t\t<h3>Tips til hyttep\u00e5ske<\/h3>\n\t\t\t\t\t\t\t<p>Ta en elsjekk mens du er p\u00e5 hytta: Det er like viktig med god elsikkerhet&#8230;<\/p>\n\t\t\t\t\t\t\t<a href=\"https:\/\/elsikkerhetsportalen.no\/elmat\/tips-til-hyttepaske\/\" class=\"read-more\" aria-label=\"Les artikkelen: Tips til hyttep\u00e5ske\"><i class=\"icon icon-arrow-right\"><\/i><\/a>\n\t\t\t\t\t\t<\/div>\n\t\t\t\t\t<\/div>\n\t\t\t\t<\/div>\n\t\t\t\t\t\t\t<div class=\"cell\">\n\t\t\t\t\t<div class=\"card\">\n\t\t\t\t\t\t<a href=\"https:\/\/elsikkerhetsportalen.no\/elmat\/elsjekk-av-baten\/\" class=\"img-link\"><img loading=\"lazy\" decoding=\"async\" width=\"397\" height=\"296\" src=\"https:\/\/elsikkerhetsportalen.no\/elmat\/wp-content\/uploads\/sites\/21\/2023\/05\/batbrann-397x296.jpg\" class=\"attachment-card size-card wp-post-image\" alt=\"Bilde viser brann ombord i en b\u00e5t\" \/><\/a>\n\t\t\t\t\t\t<div class=\"card-section\">\n\t\t\t\t\t\t\t<h3>Elsjekk av b\u00e5ten<\/h3>\n\t\t\t\t\t\t\t<p>Er du som mange andre, og bruker p\u00e5skedagene til \u00e5 klargj\u00f8re b\u00e5ten for sesongen. Da&#8230;<\/p>\n\t\t\t\t\t\t\t<a href=\"https:\/\/elsikkerhetsportalen.no\/elmat\/elsjekk-av-baten\/\" class=\"read-more\" aria-label=\"Les artikkelen: Elsjekk av b\u00e5ten\"><i class=\"icon icon-arrow-right\"><\/i><\/a>\n\t\t\t\t\t\t<\/div>\n\t\t\t\t\t<\/div>\n\t\t\t\t<\/div>\n\t\t\t\t\t\t\t\t<\/div>\n\n\t\t\t\t\t<footer class=\"grid-x grid-padding-x pagination-links\">\n\t\t\t\t<div class=\"cell small-12\">\n\t\t\t\t\t<ul><li><span aria-current=\"page\" class=\"page-numbers current\">1<\/span><\/li><li><a class=\"page-numbers\" href=\"https:\/\/elsikkerhetsportalen.no\/elmat\/wp-json\/wp\/v2\/pages\/307\/page\/2\/\">2<\/a><\/li><li><span class=\"page-numbers dots\">&hellip;<\/span><\/li><li><a class=\"page-numbers\" href=\"https:\/\/elsikkerhetsportalen.no\/elmat\/wp-json\/wp\/v2\/pages\/307\/page\/11\/\">11<\/a><\/li><li><a class=\"next page-numbers\" href=\"https:\/\/elsikkerhetsportalen.no\/elmat\/wp-json\/wp\/v2\/pages\/307\/page\/2\/\"> <i class=\"icon icon-arrow-right\"><\/i> <\/a><\/li><\/ul>\t\t\t\t<\/div>\n\t\t\t<\/footer>\n\t\t\n\t<\/div>\n\n<\/section>\n\n","protected":false},"excerpt":{"rendered":"","protected":false},"author":1,"featured_media":0,"parent":0,"menu_order":0,"comment_status":"closed","ping_status":"closed","template":"","meta":{"_acf_changed":false,"footnotes":""},"class_list":["post-307","page","type-page","status-publish","hentry"],"acf":[],"_links":{"self":[{"href":"https:\/\/elsikkerhetsportalen.no\/elmat\/wp-json\/wp\/v2\/pages\/307","targetHints":{"allow":["GET"]}}],"collection":[{"href":"https:\/\/elsikkerhetsportalen.no\/elmat\/wp-json\/wp\/v2\/pages"}],"about":[{"href":"https:\/\/elsikkerhetsportalen.no\/elmat\/wp-json\/wp\/v2\/types\/page"}],"author":[{"embeddable":true,"href":"https:\/\/elsikkerhetsportalen.no\/elmat\/wp-json\/wp\/v2\/users\/1"}],"replies":[{"embeddable":true,"href":"https:\/\/elsikkerhetsportalen.no\/elmat\/wp-json\/wp\/v2\/comments?post=307"}],"version-history":[{"count":0,"href":"https:\/\/elsikkerhetsportalen.no\/elmat\/wp-json\/wp\/v2\/pages\/307\/revisions"}],"wp:attachment":[{"href":"https:\/\/elsikkerhetsportalen.no\/elmat\/wp-json\/wp\/v2\/media?parent=307"}],"curies":[{"name":"wp","href":"https:\/\/api.w.org\/{rel}","templated":true}]}}