{"id":11,"date":"2021-02-03T21:28:22","date_gmt":"2021-02-03T21:28:22","guid":{"rendered":"http:\/\/elsikkerhetsportalen.no\/lofotkraft\/?page_id=11"},"modified":"2025-01-20T12:40:18","modified_gmt":"2025-01-20T12:40:18","slug":"om-elsikkerhetsportalen","status":"publish","type":"page","link":"https:\/\/elsikkerhetsportalen.no\/elmea\/om-elsikkerhetsportalen\/","title":{"rendered":"Nyttige lenker &amp; elsikkerhetsportalen"},"content":{"rendered":"<section id=\"scrollable-shortcuts-block_0e90cb252520adebe9dfb1ec6a0d50fa\" class=\"block-section scrollable-shortcuts   align-full\">\n\t<div class=\"grid-container\">\n\t\t<div class=\"grid-x grid-padding-x\">\n\n\t\t\t<header class=\"cell small-12 medium-7\">\n\t\t\t\t\t\t\t\t\t<h1>Elsikkerhetsportalen og nyttige lenker<\/h1>\n\t\t\t\t\n\t\t\t\t\t\t\t\t\t<p class=\"ingress\">Elsikkerhetsportalen har samlet all informasjon om elsikkerhet p\u00e5 ett sted. Den holdes oppdatert og korrekt til enhver tid. Dermed kan Det lokale eltilsyn drive mer effektivt og bedre informasjonsarbeidet, samtidig som de sparer b\u00e5de tid og ressurser.<\/p>\n\t\t\t\t\n\t\t\t\t\n\t\t\t\t<nav><ul><li><a href=\"#kontaktinformasjon\" class=\"link link--underlined\">Kontaktinformasjon<\/a><\/li><li><a href=\"#informasjonskrav\" class=\"link link--underlined\">Informasjonskrav<\/a><\/li><li><a href=\"#bildebase\" class=\"link link--underlined\">Bildebase<\/a><\/li><li><a href=\"#nyhetsbladet-elsikkerhet\" class=\"link link--underlined\">Nyhetsbladet Elsikkerhet<\/a><\/li><li><a href=\"#elsikkerhetsdagen\" class=\"link link--underlined\">Elsikkerhetsdagen<\/a><\/li><li><a href=\"#brannstatistikk\" class=\"link link--underlined\">Brannstatistikk<\/a><\/li><\/ul><\/nav>\t\t\t<\/header>\n\n\t\t<\/div>\n\t<\/div>\n<\/section>\n\n\n\n<section id=\"image-content-block_2e49ad8f4f732c7963174365c067eaff\" class=\"block-section image-content light  align-full\">\n\t<div class=\"grid-container\" id=\"scrollToMe-kontaktinformasjon\">\n\n\t\t<div class=\"grid-x grid-padding-x\">\n\n\t\t\t<div class=\"cell small-12 medium-7 content\">\n\t\t\t\t\t\t\t\t\t<h2 class=\"section-title\">Kontaktinformasjon<\/h2>\n\t\t\t\t\n\t\t\t\t\t\t\t\t\t<article><p>\u00d8nsker du din egen elsikkerhetsportal?\u00a0Er du journalist eller \u00f8nsker informasjon om elsikkerhet?<br \/>\nSend oss e-post <a href=\"mailto:portalen@elsikkerhetnorge.no\">portalen@elsikkerhetnorge.no<\/a><\/p>\n<\/article>\n\t\t\t\t\n\t\t\t\t\t\t\t\t<div class=\"clearfix\"><\/div>\n\t\t\t\t\n\t\t\t\t\t\t\t\t\n\t\t\t<\/div>\n\n\t\t\t<div class=\"cell small-12 medium-5 image\">\n\t\t\t\t<img loading=\"lazy\" decoding=\"async\" width=\"502\" height=\"335\" src=\"https:\/\/elsikkerhetsportalen.no\/elmea\/wp-content\/uploads\/sites\/11\/2021\/05\/takontakt-502x335.png\" class=\"attachment-image-content size-image-content\" alt=\"\" srcset=\"https:\/\/elsikkerhetsportalen.no\/elmea\/wp-content\/uploads\/sites\/11\/2021\/05\/takontakt-502x335.png 502w, https:\/\/elsikkerhetsportalen.no\/elmea\/wp-content\/uploads\/sites\/11\/2021\/05\/takontakt-300x200.png 300w, https:\/\/elsikkerhetsportalen.no\/elmea\/wp-content\/uploads\/sites\/11\/2021\/05\/takontakt.png 600w\" sizes=\"auto, (max-width: 502px) 100vw, 502px\" \/>\n\t\t\t<\/div>\n\n\t\t<\/div>\n\n\t\t\t\t\n\t<\/div>\n<\/section>\n\n\n\n<section id=\"image-content-block_2283a77c4f61c15ba8b71808fffe3a06\" class=\"block-section image-content dark  align-full\">\n\t<div class=\"grid-container\" id=\"scrollToMe-informasjonskrav\">\n\n\t\t<div class=\"grid-x grid-padding-x\">\n\n\t\t\t<div class=\"cell small-12 medium-7 content\">\n\t\t\t\t\t\t\t\t\t<h2 class=\"section-title\">Informasjonskrav<\/h2>\n\t\t\t\t\n\t\t\t\t\t\t\t\t\t<article><p>DLE skal gi god og tilpasset elsikkerhetsinformasjon ved alle typer tilsyn og henvendelser. DSB fremhever behovet for forebyggende informasjon for \u00e5 bidra til \u00f8kt el- og brannsikkerhet hos folk flest. Det er en ressurskrevende informasjonsjobb \u00e5 bygge opp og vedlikehold relevant og korrekt elsikkerhetsinformasjon. Mange nettselskaper velger \u00e5 anskaffe seg egen elsikkerhetsportal for \u00e5 f\u00e5 oppdatert nettbasert elsikkerhetsinformasjon. Alle nettselskaper har anledning til \u00e5 bestille egen elsikkerhetsportal for \u00e5 sikre relevant og oppdatert informasjon til sine nettkunder. Ta kontakt med oss for et uforpliktende tilbud og\/eller presentasjon av Elsikkerhetsportalen.<\/p>\n<\/article>\n\t\t\t\t\n\t\t\t\t\t\t\t\t<div class=\"clearfix\"><\/div>\n\t\t\t\t\n\t\t\t\t\t\t\t\t\n\t\t\t<\/div>\n\n\t\t\t<div class=\"cell small-12 medium-5 image\">\n\t\t\t\t<img loading=\"lazy\" decoding=\"async\" width=\"502\" height=\"335\" src=\"https:\/\/elsikkerhetsportalen.no\/elmea\/wp-content\/uploads\/sites\/11\/2021\/04\/egenkontroll-502x335.jpg\" class=\"attachment-image-content size-image-content\" alt=\"Bilde av h\u00e5nd som kjenner om sikringene er unormalt varme\" srcset=\"https:\/\/elsikkerhetsportalen.no\/elmea\/wp-content\/uploads\/sites\/11\/2021\/04\/egenkontroll-502x335.jpg 502w, https:\/\/elsikkerhetsportalen.no\/elmea\/wp-content\/uploads\/sites\/11\/2021\/04\/egenkontroll-300x200.jpg 300w, https:\/\/elsikkerhetsportalen.no\/elmea\/wp-content\/uploads\/sites\/11\/2021\/04\/egenkontroll.jpg 600w\" sizes=\"auto, (max-width: 502px) 100vw, 502px\" \/>\n\t\t\t<\/div>\n\n\t\t<\/div>\n\n\t\t\t\t\n\t<\/div>\n<\/section>\n\n\n\n<section id=\"image-content-block_cb5118ab61dd3d092cc1700d3081b3f4\" class=\"block-section image-content light  align-full\">\n\t<div class=\"grid-container\" id=\"scrollToMe-bildebase\">\n\n\t\t<div class=\"grid-x grid-padding-x\">\n\n\t\t\t<div class=\"cell small-12 medium-7 content\">\n\t\t\t\t\t\t\t\t\t<h2 class=\"section-title\">Bildebase<\/h2>\n\t\t\t\t\n\t\t\t\t\t\t\t\t\t<article><p>Det er gratis \u00e5 bruke bildene i v\u00e5rt bildegalleri, men Elsikkerhetsportalen skal krediteres.\u00a0Du m\u00e5 registrere deg som bruker for \u00e5 f\u00e5 lastet ned bilder.\u00a0Vannmerket blir borte n\u00e5r bildene lastes ned.<\/p>\n<\/article>\n\t\t\t\t\n\t\t\t\t\t\t<a class=\"link link--underlined\" href=\"https:\/\/elsikkerhetsportalen.imageshop.no\/533797\/Search\" target=\"_blank\">\n\t\t\tG\u00e5 til bildebasen\t\t<\/a>\n\t\t\t\t\t<div class=\"clearfix\"><\/div>\n\t\t\t\t\n\t\t\t\t\t\t\t\t\n\t\t\t<\/div>\n\n\t\t\t<div class=\"cell small-12 medium-5 image\">\n\t\t\t\t<img loading=\"lazy\" decoding=\"async\" width=\"502\" height=\"335\" src=\"https:\/\/elsikkerhetsportalen.no\/elmea\/wp-content\/uploads\/sites\/11\/2021\/05\/brannetterforsker-LPJ-502x335.png\" class=\"attachment-image-content size-image-content\" alt=\"\" srcset=\"https:\/\/elsikkerhetsportalen.no\/elmea\/wp-content\/uploads\/sites\/11\/2021\/05\/brannetterforsker-LPJ-502x335.png 502w, https:\/\/elsikkerhetsportalen.no\/elmea\/wp-content\/uploads\/sites\/11\/2021\/05\/brannetterforsker-LPJ-300x200.png 300w, https:\/\/elsikkerhetsportalen.no\/elmea\/wp-content\/uploads\/sites\/11\/2021\/05\/brannetterforsker-LPJ.png 600w\" sizes=\"auto, (max-width: 502px) 100vw, 502px\" \/>\n\t\t\t<\/div>\n\n\t\t<\/div>\n\n\t\t\t\t\n\t<\/div>\n<\/section>\n\n\n\n<section id=\"image-content-block_d6f7bf3018cc4bf8f8ad19c798963a82\" class=\"block-section image-content dark  align-full\">\n\t<div class=\"grid-container\" id=\"scrollToMe-nyhetsbladet-elsikkerhet\">\n\n\t\t<div class=\"grid-x grid-padding-x\">\n\n\t\t\t<div class=\"cell small-12 medium-7 content\">\n\t\t\t\t\t\t\t\t\t<h2 class=\"section-title\">Nyhetsbladet Elsikkerhet<\/h2>\n\t\t\t\t\n\t\t\t\t\t\t\t\t\t<article><p>Her finner du digitale utgaver av nyhetsbladet Elsikkerhet.<\/p>\n<\/article>\n\t\t\t\t\n\t\t\t\t\t\t<a class=\"link link--underlined\" href=\"https:\/\/elsikkerhetsportalen.no\/elmea\/om-elsikkerhetsportalen\/nyhetsbladet-elsikkerhet\/\" target=\"_self\">\n\t\t\tG\u00e5 til siden\t\t<\/a>\n\t\t\t\t\t<div class=\"clearfix\"><\/div>\n\t\t\t\t\n\t\t\t\t\t\t\t\t\n\t\t\t<\/div>\n\n\t\t\t<div class=\"cell small-12 medium-5 image\">\n\t\t\t\t<img loading=\"lazy\" decoding=\"async\" width=\"502\" height=\"335\" src=\"https:\/\/elsikkerhetsportalen.no\/elmea\/wp-content\/uploads\/sites\/11\/2021\/05\/elsikkerhet-nb-502x335.png\" class=\"attachment-image-content size-image-content\" alt=\"Bilde viser en rekke av Nyhetsbladet Elsikkerhet\" srcset=\"https:\/\/elsikkerhetsportalen.no\/elmea\/wp-content\/uploads\/sites\/11\/2021\/05\/elsikkerhet-nb-502x335.png 502w, https:\/\/elsikkerhetsportalen.no\/elmea\/wp-content\/uploads\/sites\/11\/2021\/05\/elsikkerhet-nb-300x200.png 300w, https:\/\/elsikkerhetsportalen.no\/elmea\/wp-content\/uploads\/sites\/11\/2021\/05\/elsikkerhet-nb.png 600w\" sizes=\"auto, (max-width: 502px) 100vw, 502px\" \/>\n\t\t\t<\/div>\n\n\t\t<\/div>\n\n\t\t\t\t\n\t<\/div>\n<\/section>\n\n\n\n<section id=\"image-content-block_3f1e80fb72583db2d3441220f5637ef8\" class=\"block-section image-content light  align-full\">\n\t<div class=\"grid-container\" id=\"scrollToMe-elsikkerhetsdagen\">\n\n\t\t<div class=\"grid-x grid-padding-x\">\n\n\t\t\t<div class=\"cell small-12 medium-7 content\">\n\t\t\t\t\t\t\t\t\t<h2 class=\"section-title\">Elsikkerhetsdagen<\/h2>\n\t\t\t\t\n\t\t\t\t\t\t\t\t\t<article><p>Elsikkerhetsdagen er en \u00e5rlig markering som fokuserer p\u00e5 \u00e5 \u00f8ke bevisstheten om elsikkerhet. Selve dagen, 15. oktober brukes til \u00e5 informere om risikoer knyttet til bruk av elektrisk utstyr, elektriske installasjoner og forebygging av ulykker som kan oppst\u00e5 p\u00e5 grunn av elektriske feil. Den har som m\u00e5l \u00e5 fremme gode rutiner for vedlikehold, trygg bruk av elektriske apparater, og viktigheten av \u00e5 bruke kvalifiserte fagfolk til elektrisk arbeid.<\/p>\n<\/article>\n\t\t\t\t\n\t\t\t\t\t\t<a class=\"link link--underlined\" href=\"https:\/\/elsikkerhetsdagen.no\" target=\"_blank\">\n\t\t\tBli med p\u00e5 Elsikkerhetsdagen\t\t<\/a>\n\t\t\t\t\t<div class=\"clearfix\"><\/div>\n\t\t\t\t\n\t\t\t\t\t\t\t\t\n\t\t\t<\/div>\n\n\t\t\t<div class=\"cell small-12 medium-5 image\">\n\t\t\t\t<img loading=\"lazy\" decoding=\"async\" width=\"502\" height=\"312\" src=\"https:\/\/elsikkerhetsportalen.no\/elmea\/wp-content\/uploads\/2023\/11\/Logo_Elsikkerhetsdagen_Sta\u2560eende_CMYK-502x312.jpg\" class=\"attachment-image-content size-image-content\" alt=\"\" srcset=\"https:\/\/elsikkerhetsportalen.no\/elmea\/wp-content\/uploads\/2023\/11\/Logo_Elsikkerhetsdagen_Sta\u2560eende_CMYK-502x312.jpg 502w, https:\/\/elsikkerhetsportalen.no\/elmea\/wp-content\/uploads\/2023\/11\/Logo_Elsikkerhetsdagen_Sta\u2560eende_CMYK-300x187.jpg 300w, https:\/\/elsikkerhetsportalen.no\/elmea\/wp-content\/uploads\/2023\/11\/Logo_Elsikkerhetsdagen_Sta\u2560eende_CMYK-1024x637.jpg 1024w, https:\/\/elsikkerhetsportalen.no\/elmea\/wp-content\/uploads\/2023\/11\/Logo_Elsikkerhetsdagen_Sta\u2560eende_CMYK-768x478.jpg 768w, https:\/\/elsikkerhetsportalen.no\/elmea\/wp-content\/uploads\/2023\/11\/Logo_Elsikkerhetsdagen_Sta\u2560eende_CMYK-1536x956.jpg 1536w, https:\/\/elsikkerhetsportalen.no\/elmea\/wp-content\/uploads\/2023\/11\/Logo_Elsikkerhetsdagen_Sta\u2560eende_CMYK-2048x1274.jpg 2048w\" sizes=\"auto, (max-width: 502px) 100vw, 502px\" \/>\n\t\t\t<\/div>\n\n\t\t<\/div>\n\n\t\t\t\t\n\t<\/div>\n<\/section>\n\n\n\n<section id=\"image-content-block_c6abf48799923003bb9d35588e615997\" class=\"block-section image-content dark  align-full\">\n\t<div class=\"grid-container\" id=\"scrollToMe-brannstatistikk\">\n\n\t\t<div class=\"grid-x grid-padding-x\">\n\n\t\t\t<div class=\"cell small-12 medium-7 content\">\n\t\t\t\t\t\t\t\t\t<h2 class=\"section-title\">Brannstatistikk<\/h2>\n\t\t\t\t\n\t\t\t\t\t\t\t\t\t<article><p>Brannstatistikk viser at en betydelig andel av boligbranner har elektrisk \u00e5rsak. Dette inkluderer feil i elektriske anlegg, overbelastning av stikkontakter, eller feil bruk av elektriske apparater. If\u00f8lge tall fra relevante myndigheter og brannvesenet er elektrisitet en av de vanligste \u00e5rsakene til boligbranner i Norge.<\/p>\n<\/article>\n\t\t\t\t\n\t\t\t\t\t\t<a class=\"link link--underlined\" href=\"https:\/\/brannstatistikk.no\" target=\"_blank\">\n\t\t\tG\u00e5 til brannstatistikk.no (DSB)\t\t<\/a>\n\t\t\t\t\t<div class=\"clearfix\"><\/div>\n\t\t\t\t\n\t\t\t\t\t\t\t\t\n\t\t\t<\/div>\n\n\t\t\t<div class=\"cell small-12 medium-5 image\">\n\t\t\t\t<img loading=\"lazy\" decoding=\"async\" width=\"502\" height=\"335\" src=\"https:\/\/elsikkerhetsportalen.no\/elmea\/wp-content\/uploads\/sites\/11\/2021\/05\/obre-502x335.png\" class=\"attachment-image-content size-image-content\" alt=\"Bilde viser full brann i bygning\" srcset=\"https:\/\/elsikkerhetsportalen.no\/elmea\/wp-content\/uploads\/sites\/11\/2021\/05\/obre-502x335.png 502w, https:\/\/elsikkerhetsportalen.no\/elmea\/wp-content\/uploads\/sites\/11\/2021\/05\/obre-300x200.png 300w, https:\/\/elsikkerhetsportalen.no\/elmea\/wp-content\/uploads\/sites\/11\/2021\/05\/obre.png 600w\" sizes=\"auto, (max-width: 502px) 100vw, 502px\" \/>\n\t\t\t<\/div>\n\n\t\t<\/div>\n\n\t\t\t\t\n\t<\/div>\n<\/section>\n","protected":false},"excerpt":{"rendered":"","protected":false},"author":1,"featured_media":0,"parent":0,"menu_order":12,"comment_status":"closed","ping_status":"closed","template":"","meta":{"_acf_changed":true,"footnotes":""},"class_list":["post-11","page","type-page","status-publish","hentry"],"acf":[],"_links":{"self":[{"href":"https:\/\/elsikkerhetsportalen.no\/elmea\/wp-json\/wp\/v2\/pages\/11","targetHints":{"allow":["GET"]}}],"collection":[{"href":"https:\/\/elsikkerhetsportalen.no\/elmea\/wp-json\/wp\/v2\/pages"}],"about":[{"href":"https:\/\/elsikkerhetsportalen.no\/elmea\/wp-json\/wp\/v2\/types\/page"}],"author":[{"embeddable":true,"href":"https:\/\/elsikkerhetsportalen.no\/elmea\/wp-json\/wp\/v2\/users\/1"}],"replies":[{"embeddable":true,"href":"https:\/\/elsikkerhetsportalen.no\/elmea\/wp-json\/wp\/v2\/comments?post=11"}],"version-history":[{"count":0,"href":"https:\/\/elsikkerhetsportalen.no\/elmea\/wp-json\/wp\/v2\/pages\/11\/revisions"}],"wp:attachment":[{"href":"https:\/\/elsikkerhetsportalen.no\/elmea\/wp-json\/wp\/v2\/media?parent=11"}],"curies":[{"name":"wp","href":"https:\/\/api.w.org\/{rel}","templated":true}]}}