{"id":58,"date":"2021-02-03T21:36:00","date_gmt":"2021-02-03T21:36:00","guid":{"rendered":"http:\/\/elsikkerhetsportalen.no\/lofotkraft\/?page_id=58"},"modified":"2021-10-07T10:15:20","modified_gmt":"2021-10-07T10:15:20","slug":"salg-av-elektrisk-utstyr","status":"publish","type":"page","link":"https:\/\/elsikkerhetsportalen.no\/elmea\/elbransjen\/salg-av-elektrisk-utstyr\/","title":{"rendered":"Salg av elektrisk utstyr"},"content":{"rendered":"<section id=\"scrollable-shortcuts-block_607d3edb42495\" class=\"block-section scrollable-shortcuts   align-full\">\n\t<div class=\"grid-container\">\n\t\t<div class=\"grid-x grid-padding-x\">\n\n\t\t\t<header class=\"cell small-12 medium-7\">\n\t\t\t\t\t\t\t\t\t<h1>Salg av elektrisk utstyr<\/h1>\n\t\t\t\t\n\t\t\t\t\t\t\t\t\t<p class=\"ingress\">Alle elektriske produkter som omsettes i Norge skal v\u00e6re sikre for mennesker, husdyr og eiendom. Det er i hovedsak produsenten eller import\u00f8rens ansvar at et produkt tilfredsstiller kravene til sikkerhet. Likevel, de som omsetter produktene har ogs\u00e5 et ansvar.<\/p>\n\t\t\t\t\n\t\t\t\t\t\t\t\t\t<h2 class=\"shortcuts-title\">Snarveier<span><span class=\"icon icon-arrow-down\"><\/span><\/span><\/h2>\n\t\t\t\t\n\t\t\t\t<nav><ul><li><a href=\"#opplysningsplikt\" class=\"link link--underlined\">Opplysningsplikt<\/a><\/li><li><a href=\"#import-og-omsetning\" class=\"link link--underlined\">Import og omsetning<\/a><\/li><li><a href=\"#meldeplikt-ved-alvorlige-hendelser\" class=\"link link--underlined\">Meldeplikt ved alvorlige hendelser<\/a><\/li><\/ul><\/nav>\t\t\t<\/header>\n\n\t\t<\/div>\n\t<\/div>\n<\/section>\n\n\n\n<section id=\"image-content-block_607d3f0442496\" class=\"block-section image-content light smaller-fonts no-image has-more-content  align-full\">\n\t<div class=\"grid-container\" id=\"scrollToMe-opplysningsplikt\">\n\n\t\t<div class=\"grid-x grid-padding-x\">\n\n\t\t\t<div class=\"cell small-12 medium-7 content\">\n\t\t\t\t\t\t\t\t\t<h2 class=\"section-title\">Opplysningsplikt<\/h2>\n\t\t\t\t\n\t\t\t\t\t\t\t\t\t<article><p>Alt elektrisk materiell skal merkes<strong> &#8220;Kan kun installeres av en registrert installasjonsvirksomhet&#8221;.<\/strong> Det gjelder materiell som forbruker ikke selv kan montere\/installere i den faste installasjonen i et elektrisk anlegg. Det er virksomhetene som selger og\/eller markedsf\u00f8rer denne type elektrisk materiell som er ansvarlig for merkingen.<\/p>\n<\/article>\n\t\t\t\t\n\t\t\t\t\t\t\t\t<div class=\"clearfix\"><\/div>\n\t\t\t\t\n\t\t\t\t\t\t\t\t\n\t\t\t\t\t<a\n\t\t\t\t\t\thref=\"#\"\n\t\t\t\t\t\tclass=\"button-plus content-toggler\"\n\t\t\t\t\t\tdata-initialtext=\"Les mer\"\n\t\t\t\t\t\tdata-toggletext=\"Les mindre\"\n\t\t\t\t\t\tdata-target=\"ic-hidden-block_607d3f0442496\"\n\t\t\t\t\t\trole=\"button\"\n\t\t\t\t\t\trel=\"nofollow\"\n\t\t\t\t\t\taria-label=\"\u00c5pne skjult innhold\"\n\t\t\t\t\t\taria-expanded=\"false\">\n\t\t\t\t\t\t<span>Les mer<\/span>\n\t\t\t\t\t\t<span class=\"icon icon-plus\"><\/span>\n\t\t\t\t\t<\/a>\n\t\t\t\t\n\t\t\t<\/div>\n\n\t\t\t<div class=\"cell small-12 medium-5 image\">\n\t\t\t\t\t\t\t\t\t\n\t\t\t\t\t\n\t\t\t\t\n\t\t\t<\/div>\n\n\t\t<\/div>\n\n\t\t\t\t\t\t<div class=\"grid-x grid-padding-x hidden-more-content\" aria-expanded=\"false\" aria-hidden=\"true\" id=\"ic-hidden-block_607d3f0442496\">\n\t\t\t<div class=\"cell small-12 medium-7 content\">\n\t\t\t\t<article>\n\t\t\t\t<ul>\n<li>Det er krav om at opplysningen skal gis f\u00f8r forbruker kj\u00f8per materiellet.<\/li>\n<li>I butikker kan selve materiellet v\u00e6re merket eller s\u00e5 kan merkingen plasseres p\u00e5 et godt synlig sted i umiddelbar n\u00e6rhet, f.eks. p\u00e5 salgshyllen eller plakater ved salgshyllen.<\/li>\n<li>Hvis materiellet eller emballasjen merkes, b\u00f8r dette gj\u00f8res p\u00e5 forsiden av produktet slik at kj\u00f8per lett ser informasjonen.<\/li>\n<li>All informasjon skal v\u00e6re p\u00e5 norsk.<\/li>\n<li>Ved markedsf\u00f8ring av materiell gjennom annonser (i aviser, blader, tidsskrifter, fagblader, internett, reklamemateriell distribuert til alle husstander etc.), skal det tydelig fremg\u00e5 at dette kun kan installeres av en registrert installasjonsvirksomhet.<\/li>\n<li>I kataloger skal hver side hvor materiell markedsf\u00f8res\/presenteres v\u00e6re merket, enten ved et forklarende symbol eller tekst.<\/li>\n<\/ul>\n<p>Forskriften retter seg mot den som selger eller markedsf\u00f8rer det elektriske materiellet til ufagl\u00e6rte forbrukere.<\/p>\n<p>Ved salg i salgslokaler er det avgj\u00f8rende at opplysningen om hvilke begrensninger som gjelder, blir gitt p\u00e5 en tydelig m\u00e5te og p\u00e5 et synlig sted p\u00e5, eller i direkte<br \/>\nn\u00e6rhet av det aktuelle materiellet. Det kan for eksempel settes opp skilt\/plakat i<br \/>\nbutikken n\u00e6r materiellet eller hyllen der materiellet utstilles kan merkes. Det kan<br \/>\nogs\u00e5 settes klistremerker p\u00e5 selve materiellet eller opplysningen kan v\u00e6re trykket<br \/>\ndirekte p\u00e5 emballasjen der dette er mulig. Ved markedsf\u00f8ring av materiell<br \/>\ngjennom annonser (f.eks. aviser, blader, tidsskrifter, fagblader, internett, reklamemateriell distribuert til alle hustander) skal det tydelig fremg\u00e5 at dette kun kan<br \/>\ninstalleres av en registrert installasjonsvirksomhet. N\u00e5r det gjelder markedsf\u00f8ring<br \/>\np\u00e5 internett m\u00e5 det opplyses om begrensningen i bruken selv om markedsf\u00f8ringen kun er beregnet for profesjonelle kj\u00f8pere.<br \/>\nDet er et krav at opplysningene skal gis p\u00e5 forh\u00e5nd. Det vil si at det ikke er tilstrekkelig \u00e5 gi forbruker informasjonen i etterkant av kj\u00f8pet eller i en veiledning<br \/>\nsom f\u00f8rst \u00e5pnes etter at materiellet er kj\u00f8pt. Det vil derfor ikke v\u00e6re nok \u00e5 gi<br \/>\ndenne informasjonen p\u00e5 for eksempel en salgskvittering som kunden mottar etter<br \/>\nat materiellet er kj\u00f8pt.<\/p>\n\t\t\t\t<\/article>\n\t\t\t<\/div>\n\n\t\t\t<div class=\"cell small-12 medium-5 image\">\n\t\t\t\t\t\t\t<\/div>\n\t\t<\/div>\n\t\t\n\t<\/div>\n<\/section>\n\n\n\n<section id=\"image-content-block_607d44f5424a1\" class=\"block-section image-content dark smaller-fonts no-image has-more-content  align-full\">\n\t<div class=\"grid-container\" id=\"scrollToMe-import-og-omsetning\">\n\n\t\t<div class=\"grid-x grid-padding-x\">\n\n\t\t\t<div class=\"cell small-12 medium-7 content\">\n\t\t\t\t\t\t\t\t\t<h2 class=\"section-title\">Import og omsetning<\/h2>\n\t\t\t\t\n\t\t\t\t\t\t\t\t\t<article><p>Som produsent, import\u00f8r eller annen markedsf\u00f8rer av elektriske produkter er du ansvarlig for det produktet du tilbyr for salg og m\u00e5 forholde deg til ulike bestemmelser i regelverket.<\/p>\n<\/article>\n\t\t\t\t\n\t\t\t\t\t\t\t\t<div class=\"clearfix\"><\/div>\n\t\t\t\t\n\t\t\t\t\t\t\t\t\n\t\t\t\t\t<a\n\t\t\t\t\t\thref=\"#\"\n\t\t\t\t\t\tclass=\"button-plus content-toggler\"\n\t\t\t\t\t\tdata-initialtext=\"Les mer\"\n\t\t\t\t\t\tdata-toggletext=\"Les mindre\"\n\t\t\t\t\t\tdata-target=\"ic-hidden-block_607d44f5424a1\"\n\t\t\t\t\t\trole=\"button\"\n\t\t\t\t\t\trel=\"nofollow\"\n\t\t\t\t\t\taria-label=\"\u00c5pne skjult innhold\"\n\t\t\t\t\t\taria-expanded=\"false\">\n\t\t\t\t\t\t<span>Les mer<\/span>\n\t\t\t\t\t\t<span class=\"icon icon-plus\"><\/span>\n\t\t\t\t\t<\/a>\n\t\t\t\t\n\t\t\t<\/div>\n\n\t\t\t<div class=\"cell small-12 medium-5 image\">\n\t\t\t\t\t\t\t\t\t\n\t\t\t\t\t\n\t\t\t\t\n\t\t\t<\/div>\n\n\t\t<\/div>\n\n\t\t\t\t\t\t<div class=\"grid-x grid-padding-x hidden-more-content\" aria-expanded=\"false\" aria-hidden=\"true\" id=\"ic-hidden-block_607d44f5424a1\">\n\t\t\t<div class=\"cell small-12 medium-7 content\">\n\t\t\t\t<article>\n\t\t\t\t<h3>CE-merket<\/h3><p>CE-merket er produsentens m\u00e5te \u00e5 informere tilsynsmyndighetene om at de grunnleggende sikkerhetskrav er oppfylt. Det betyr at produsenten erkl\u00e6rer at disse kravene er ivaretatt, at produktet er sikkert og at dokumentasjon for dette er tilgjengelig.<\/p>\n<p>Det er bare produsenten (eller produsentens representant i E\u00d8S-omr\u00e5det) som kan CE-merke et produkt. Er du import\u00f8rer eller detaljist, kan du ikke CE-merke produktene du omsetter. Grunnen til dette er at det kun er produsenten eller produsentes representant som har full oversikt over faktorene som p\u00e5virker sikkerheten til produktet, slik som konstruksjon og produksjonsprosesser. Produsentens representant er en person eller et firma som har fullmakt til \u00e5 opptre\u00a0p\u00e5 produsentens vegne i E\u00d8S-omr\u00e5det.<\/p>\n<p>Merkingen skal v\u00e6re synlig, leselig og permanent p\u00e5 produktet. Dersom det ikke er mulig \u00e5 merke selve produktet, kan det settes p\u00e5 emballasjen eller medf\u00f8lgende\u00a0dokumenter.<\/p>\n<a class=\"link link--underlined\" href=\"https:\/\/www.dsb.no\/lover\/produkter-og-forbrukertjenester\/tema\/import-og-omsetning-av-elektriske-produkter\/\" target=\"_blank\">Utfyllende informasjon vedr import og omsetning av elektriske produkter<\/a>\t\t\t\t<\/article>\n\t\t\t<\/div>\n\n\t\t\t<div class=\"cell small-12 medium-5 image\">\n\t\t\t\t\t\t\t<\/div>\n\t\t<\/div>\n\t\t\n\t<\/div>\n<\/section>\n\n\n\n<section id=\"image-content-block_607d43864249b\" class=\"block-section image-content none smaller-fonts no-image has-more-content  align-full\">\n\t<div class=\"grid-container\" id=\"scrollToMe-meldeplikt-ved-alvorlige-hendelser\">\n\n\t\t<div class=\"grid-x grid-padding-x\">\n\n\t\t\t<div class=\"cell small-12 medium-7 content\">\n\t\t\t\t\t\t\t\t\t<h2 class=\"section-title\">Meldeplikt ved alvorlige hendelser<\/h2>\n\t\t\t\t\n\t\t\t\t\t\t\t\t\t<article><p>Det finnes egne retningslinjer for hvordan du skal melde fra ved alvorlige hendelser.<\/p>\n<\/article>\n\t\t\t\t\n\t\t\t\t\t\t\t\t<div class=\"clearfix\"><\/div>\n\t\t\t\t\n\t\t\t\t\t\t\t\t\n\t\t\t\t\t<a\n\t\t\t\t\t\thref=\"#\"\n\t\t\t\t\t\tclass=\"button-plus content-toggler\"\n\t\t\t\t\t\tdata-initialtext=\"Les mer\"\n\t\t\t\t\t\tdata-toggletext=\"Les mindre\"\n\t\t\t\t\t\tdata-target=\"ic-hidden-block_607d43864249b\"\n\t\t\t\t\t\trole=\"button\"\n\t\t\t\t\t\trel=\"nofollow\"\n\t\t\t\t\t\taria-label=\"\u00c5pne skjult innhold\"\n\t\t\t\t\t\taria-expanded=\"false\">\n\t\t\t\t\t\t<span>Les mer<\/span>\n\t\t\t\t\t\t<span class=\"icon icon-plus\"><\/span>\n\t\t\t\t\t<\/a>\n\t\t\t\t\n\t\t\t<\/div>\n\n\t\t\t<div class=\"cell small-12 medium-5 image\">\n\t\t\t\t\t\t\t\t\t\n\t\t\t\t\t\n\t\t\t\t\n\t\t\t<\/div>\n\n\t\t<\/div>\n\n\t\t\t\t\t\t<div class=\"grid-x grid-padding-x hidden-more-content\" aria-expanded=\"false\" aria-hidden=\"true\" id=\"ic-hidden-block_607d43864249b\">\n\t\t\t<div class=\"cell small-12 medium-7 content\">\n\t\t\t\t<article>\n\t\t\t\t<a class=\"link link--underlined\" href=\"https:\/\/lovdata.no\/dokument\/NL\/lov\/1976-06-11-79\/%C2%A76b#%C2%A76b\" target=\"_blank\">Lov om kontroll med produkter og forbrukertjenester<\/a><a class=\"link link--underlined\" href=\"https:\/\/lovdata.no\/dokument\/SF\/forskrift\/2017-10-10-1598\" target=\"_blank\">Forskrift om elektrisk utstyr<\/a><a class=\"link link--underlined\" href=\"https:\/\/www.dsb.no\/lover\/produkter-og-forbrukertjenester\/veiledning-til-forskrift\/veileder-om-meldeplikt-ved-farlige-produkter\/#i-hvilke-tilfeller-gjelder-meldeplikten\" target=\"_blank\">Mer informasjon om meldeplikten hos DSB<\/a>\t\t\t\t<\/article>\n\t\t\t<\/div>\n\n\t\t\t<div class=\"cell small-12 medium-5 image\">\n\t\t\t\t\t\t\t<\/div>\n\t\t<\/div>\n\t\t\n\t<\/div>\n<\/section>\n\n\n\n<section class=\"block-section post-cards\">\n\t<div class=\"grid-container\">\n\n        <div class=\"grid-x grid-margin-x section-title-wrapper\">\n            <div class=\"cell small-12 medium-6\">\n                                    <h1 class=\"section-title\">Vi anbefaler<\/h1>\n                            <\/div>\n\n                    <\/div>\n\n        <div class=\"grid-x grid-margin-x cards-wrapper\">\n                                                                    <a href=\"https:\/\/elsikkerhetsportalen.no\/elmea\/dle\/markedstilsyn\/\" class=\"link-card cell small-12 medium-6\">\n    <article>\n        <div class=\"content\">\n            <h3 class=\"title\">Markedstilsyn<\/h3>\n            <p class=\"excerpt\"><\/p>\n        <\/div>\n        <span class=\"icon icon-arrow-right\"><\/span>\n    <\/article>\n<\/a>                    \n                                                        <a href=\"https:\/\/elsikkerhetsportalen.no\/elmea\/elektrisk-utstyr\/\" class=\"link-card cell small-12 medium-6\">\n    <article>\n        <div class=\"content\">\n            <h3 class=\"title\">Elektrisk utstyr<\/h3>\n            <p class=\"excerpt\"><\/p>\n        <\/div>\n        <span class=\"icon icon-arrow-right\"><\/span>\n    <\/article>\n<\/a>                    \n                                                    <\/div>\n\n    <\/div>\n<\/section>","protected":false},"excerpt":{"rendered":"","protected":false},"author":1,"featured_media":0,"parent":14,"menu_order":6,"comment_status":"closed","ping_status":"closed","template":"","meta":{"_acf_changed":false,"footnotes":""},"class_list":["post-58","page","type-page","status-publish","hentry"],"acf":[],"_links":{"self":[{"href":"https:\/\/elsikkerhetsportalen.no\/elmea\/wp-json\/wp\/v2\/pages\/58","targetHints":{"allow":["GET"]}}],"collection":[{"href":"https:\/\/elsikkerhetsportalen.no\/elmea\/wp-json\/wp\/v2\/pages"}],"about":[{"href":"https:\/\/elsikkerhetsportalen.no\/elmea\/wp-json\/wp\/v2\/types\/page"}],"author":[{"embeddable":true,"href":"https:\/\/elsikkerhetsportalen.no\/elmea\/wp-json\/wp\/v2\/users\/1"}],"replies":[{"embeddable":true,"href":"https:\/\/elsikkerhetsportalen.no\/elmea\/wp-json\/wp\/v2\/comments?post=58"}],"version-history":[{"count":0,"href":"https:\/\/elsikkerhetsportalen.no\/elmea\/wp-json\/wp\/v2\/pages\/58\/revisions"}],"up":[{"embeddable":true,"href":"https:\/\/elsikkerhetsportalen.no\/elmea\/wp-json\/wp\/v2\/pages\/14"}],"wp:attachment":[{"href":"https:\/\/elsikkerhetsportalen.no\/elmea\/wp-json\/wp\/v2\/media?parent=58"}],"curies":[{"name":"wp","href":"https:\/\/api.w.org\/{rel}","templated":true}]}}