{"id":1101,"date":"2021-02-03T21:34:11","date_gmt":"2021-02-03T21:34:11","guid":{"rendered":"https:\/\/elsikkerhetsportalen.no\/elvia\/internkontroll-2\/internkontroll\/"},"modified":"2025-03-21T13:25:20","modified_gmt":"2025-03-21T13:25:20","slug":"internkontroll","status":"publish","type":"page","link":"https:\/\/elsikkerhetsportalen.no\/elvia\/internkontroll\/internkontroll\/","title":{"rendered":"Internkontroll i virksomheter"},"content":{"rendered":"\n<h1 class=\"wp-block-heading\">Internkontroll i virksomheter<\/h1>\n\n\n\n\n<section id=\"text-content-block_d2aab878aa90d5f6ee925535ce50729c\" class=\"block-section text-content   align-full\" >\n\t<div class=\"grid-container\">\n\t\t<div class=\"grid-x grid-padding-x\">\n\t\t\t<div class=\"cell small-12 medium-8 large-6 medium-offset-2 large-offset-3\">\n\t\t\t\t<p>Alle virksomheter skal ha et internkontrollsystem for \u00e5 sikre at helse, milj\u00f8 og sikkerhet p\u00e5 arbeidsplassen blir ivaretatt. Det gjelder ogs\u00e5 elsikkerhet.<\/p>\n<blockquote class=\"wp-block-quote is-layout-flow wp-block-quote-is-layout-flow\"><p>Alle virksomheter som benytter seg av elektriske\u00a0anlegg, eller elektrisk utstyr i sitt virke, skal ha et internkontrollsystem som s\u00f8rger for at elsikkerheten blir ivaretatt uavhengig av virksomhetens st\u00f8rrelse.<\/p><\/blockquote>\n<p>\u200bInternkontroll inneb\u00e6rer et systematisk arbeid for \u00e5 sikre at virksomheten planlegger, organiserer, utf\u00f8rer og vedlikeholder sine aktiviteter i samsvar med gjeldene lover og forskrifter. Systemet skal sikre at problemer oppdages og tas h\u00e5nd om i tide. N\u00e5r det gjelder elsikkerhet handler det rett og slett om \u00e5 jobbe systematisk for \u00e5 forebygge brann og ulykker med elektrisk \u00e5rsak.<\/p>\n<p>Det er viktig \u00e5 merke seg at<strong>\u00a0krav om internkontroll retter seg mot virksomheten<\/strong>, og ikke det\u00a0elektriske\u00a0anlegget. Virksomheten skal ha et internkontrollsystem som ivaretar elsikkerheten uavhengig av om virksomheten eier det\u00a0elektriske\u00a0anlegget selv, eller kun er leietaker. Hvordan ansvar og praktiske oppgaver skal fordeles, m\u00e5 i slike tilfeller avtales mellom utleier og leietaker.<\/p>\n\t\t\t<\/div>\n\t\t<\/div>\n\t<\/div>\n<\/section>\n\n\n\n\n<blockquote class=\"wp-block-quote is-layout-flow wp-block-quote-is-layout-flow\"><\/blockquote>\n\n\n\n\n\n<section id=\"media-gallery-block_f462667774dace763980ef045fc2d3e2\" class=\"block-section faq-accordion dark  align-full\">\n\t<div class=\"grid-container\">\n\n\t\t<div class=\"grid-x grid-padding-x\">\n\t\t\t<div class=\"cell small-12 medium-6 large-5 heading-wrapper\">\n\n\t\t\t\t<h2>Se mer om internkontroll<\/h2>\n\t\t\t<\/div>\n\n\t\t\t<div class=\"cell small-12\">\n\n\t\t\t\t<div class=\"accordion\">\n\n\t\t\t\t\t\t\t\t\t\t\t\t\t\t\t\t\t\t\t\t\t\t\t\t\t\t\t\t\t\t\t\t\t\t<h3 class=\"cell accordion__header\" id=\"580\" data-hash=\"#hvem-kan-hjelpe-oss-med-internkontrollen\">\n    <button class=\"accordion__header__button\">\n        Hvem kan hjelpe oss med internkontrollen?        <span class=\"icon icon-plus\"><\/span>\n    <\/button>\n<\/h3>\n<div class=\"accordion__content\"  >\n    <div class=\"accordion__content__inner\">\n\t    <ul id=\"block-9591a09d-0d34-46ca-b544-8140b94c262e\" class=\"block-editor-rich-text__editable block-editor-block-list__block wp-block is-selected rich-text\" role=\"group\" aria-label=\"Blokk: Liste\" data-block=\"9591a09d-0d34-46ca-b544-8140b94c262e\" data-type=\"core\/list\" data-title=\"Liste\">\n<li><a href=\"http:\/\/www.lovdata.no\/\" data-rich-text-format-boundary=\"true\">\u200b<\/a>Ta kontakt med Det lokale elektrisitetstilsyn (DLE) hvis du har sp\u00f8rsm\u00e5l knyttet til internkontroll for elektriske anlegg og elektrisk utstyr. DLE f\u00f8rer tilsyn med at virksomheter etterlever kravene til internkontroll innenfor sitt omr\u00e5de og skal kunne informere og veilede om forskriftenes krav og prinsippene for det systematiske helse-, milj\u00f8- og sikkerhetsarbeidet. DLE har imidlertid ingen konsulentrolle.<\/li>\n<li>Det finnes mye nyttig informasjon om HMS-arbeid og internkontroll p\u00e5 <a href=\"https:\/\/arbeidstilsynet.no\/hms\/internkontroll\/\" target=\"_blank\" rel=\"noreferrer noopener\" aria-label=\"Arbeidstilsynets nettsider (\u00e5pner i en ny fane)\">Arbeidstilsynets nettsider<\/a>.<\/li>\n<li>Det finnes ogs\u00e5 en rekke bedrifter som holder kurs i HMS-arbeid og som selger produkter du kan ha nytte av. Mange installasjonsvirksomheter tilbyr tjenester som kan v\u00e6re til hjelp i arbeidet med internkontroll innen dette fagomr\u00e5det.<\/li>\n<li>Husk ogs\u00e5 at du kan f\u00e5 hjelp av bransje-, arbeidsgiver- og arbeidstakerorganisasjoner.<\/li>\n<li>P\u00e5 v\u00e5r elsikkerhetsportal kan du se hvordan du lager et internkontrollsystem for elsikkerhet i din virksomhet.<\/li>\n<\/ul>\n    <\/div>\n<\/div>\t\t\t\t\t\t\t\t\t\t\t\t\t\t\t\t\t\t\t\t\t\t\t\t<h3 class=\"cell accordion__header\" id=\"577\" data-hash=\"#hvem-skal-ha-internkontroll\">\n    <button class=\"accordion__header__button\">\n        Hvem skal ha internkontroll?        <span class=\"icon icon-plus\"><\/span>\n    <\/button>\n<\/h3>\n<div class=\"accordion__content\"  >\n    <div class=\"accordion__content__inner\">\n\t    <p>Alle virksomheter skal ha et internkontrollsystem for \u00e5 sikre at de f\u00f8lger HMS-lovgivningen. Dette kan ogs\u00e5 gjelde enkeltpersonsforetak, borettslag, sameier og andre organisasjoner.<\/p>\n<p>Alle virksomheter som benytter seg av elektriske anlegg, eller elektrisk utstyr i sitt virke, skal ha et internkontrollsystem som s\u00f8rger for at elsikkerheten blir ivaretatt uavhengig av virksomhetens st\u00f8rrelse. Det er viktig \u00e5 merke seg at krav om internkontroll retter seg mot virksomheten, og ikke det elektriske anlegget. Virksomheten skal ha et internkontrollsystem som ivaretar elsikkerheten uavhengig av om virksomheten eier det elektriske anlegget selv, eller kun er leietaker. Hvordan ansvar og praktiske oppgaver skal fordeles, m\u00e5 i slike tilfeller avtales mellom utleier og leietaker.<\/p>\n    <\/div>\n<\/div>\t\t\t\t\t\t\t\t\t\t\t\t\t\t\t\t\t\t\t\t\t\t\t\t<h3 class=\"cell accordion__header\" id=\"579\" data-hash=\"#hvor-omfattende-skal-internkontrollen-vaere\">\n    <button class=\"accordion__header__button\">\n        Hvor omfattende skal internkontrollen v\u00e6re?        <span class=\"icon icon-plus\"><\/span>\n    <\/button>\n<\/h3>\n<div class=\"accordion__content\"  >\n    <div class=\"accordion__content__inner\">\n\t    \r\n\r\n\u200bInternkontrollen skal tilpasses virksomheten b\u00e5de omfangs- og innholdsmessig.\r\n\r\n  \r\n<ul class=\"wp-block-list\">\r\n \t<li>Sm\u00e5 bedrifter med lite risikofylt aktivitet beh\u00f8ver ikke noe omfattende system.<\/li>\r\n \t<li>For st\u00f8rre virksomheter med h\u00f8yere risiko blir arbeidet mer omfattende.<\/li>\r\n \t<li>Det viktige er at du tenker gjennom alle ledd og tilpasser systemet til akkurat din virksomhet og de forholdene som er aktuelle hos dere.<\/li>\r\n \t<li>Mange kan allerede ha innf\u00f8rt rutiner og tiltak som langt p\u00e5 vei dekker kravene til en internkontroll uten at man n\u00f8dvendigvis selv er klar over dette. Ofte handler internkontroll om \u00e5 systematisere og dokumentere de rutiner og tiltak som allerede er etablert i virksomheten.<\/li>\r\n<\/ul>\r\n    <\/div>\n<\/div>\t\t\t\t\t\t\t\t\t\t\t\t\t\t\t\t\t\t\t\t\t\t\t\t\t\t\n\t\t\t\t<\/div>\n\n\t\t\t<\/div>\n\n\t\t<\/div>\n\n\t<\/div>\n<\/section>\n\n\n<section id=\"download-list-block_00043128bc16c562f1f3298e784db96c\" class=\"block-section download-list light  align-full\">\n\t<div class=\"grid-container\">\n\t\t<div class=\"grid-x grid-padding-x\">\n\n\t\t\t<div class=\"cell small-12 medium-6 large-5 title-wrapper\">\n\t\t\t\t\t\t\t\t\t<h2 class=\"title\">Hjelpemidler<\/h2>\n\t\t\t\t\t\t\t<\/div>\n\n\t\t\t<div class=\"cell small-12 medium-5 large-4 large-offset-1 downloads-wrapper\">\n\n\t\t\t\t\t\t\t\t\t<ul>\n\t\t\t\t\t\t\t\t\t\t\t\n\t\t\t\t\t\t\n\t\t\t\t\t\t\t\t\t\t\t\t\t<li>\n\n\t\t\t\t\t\t\t\t\t\t\t\t\t\t\t<a href=\"https:\/\/lovdata.no\/dokument\/SF\/forskrift\/1996-12-06-1127?q=internkontroll\" class=\"link\" target=\"_blank\">\n\t\t\t\t\t\t\t\t\t<span class=\"str\">Internkontrollforskriften<\/span>\n\t\t\t\t\t\t\t\t\t<span class=\"icon icon-arrow-right\"><\/span>\n\t\t\t\t\t\t\t\t<\/a>\n\t\t\t\t\t\t\t\n\t\t\t\t\t\t\t<\/li>\n\t\t\t\t\t\t\n\t\t\t\t\t\t\t\t\t\t\t\n\t\t\t\t\t\t\n\t\t\t\t\t\t\t\t\t\t\t\t\t<li>\n\n\t\t\t\t\t\t\t\t\t\t\t\t\t\t\t<a href=\"https:\/\/www.arbeidstilsynet.no\/hms\/internkontroll\/\" class=\"link\" target=\"_blank\">\n\t\t\t\t\t\t\t\t\t<span class=\"str\">Arbeidstilsynet om internkontroll<\/span>\n\t\t\t\t\t\t\t\t\t<span class=\"icon icon-arrow-right\"><\/span>\n\t\t\t\t\t\t\t\t<\/a>\n\t\t\t\t\t\t\t\n\t\t\t\t\t\t\t<\/li>\n\t\t\t\t\t\t\n\t\t\t\t\t\t\t\t\t\t<\/ul>\n\t\t\t\t\n\t\t\t<\/div>\n\n\t\t<\/div>\n\t<\/div>\n<\/section>\n\n\n<section class=\"block-section post-cards\">\n\t<div class=\"grid-container\">\n\n        <div class=\"grid-x grid-margin-x section-title-wrapper\">\n            <div class=\"cell small-12 medium-6\">\n                                    <h1 class=\"section-title\">Vi anbefaler<\/h1>\n                            <\/div>\n\n                    <\/div>\n\n        <div class=\"grid-x grid-margin-x cards-wrapper\">\n                                                                    <a href=\"https:\/\/elsikkerhetsportalen.no\/elvia\/hms\/\" class=\"link-card cell small-12 medium-6\">\n    <article>\n        <div class=\"content\">\n            <h3 class=\"title\">Oppskrift p\u00e5 internkontroll<\/h3>\n            <p class=\"excerpt\"><\/p>\n        <\/div>\n        <span class=\"icon icon-arrow-right\"><\/span>\n    <\/article>\n<\/a>                    \n                                                        <a href=\"https:\/\/elsikkerhetsportalen.no\/elvia\/dle\/\" class=\"link-card cell small-12 medium-6\">\n    <article>\n        <div class=\"content\">\n            <h3 class=\"title\">DLE<\/h3>\n            <p class=\"excerpt\"><\/p>\n        <\/div>\n        <span class=\"icon icon-arrow-right\"><\/span>\n    <\/article>\n<\/a>                    \n                                                    <\/div>\n\n    <\/div>\n<\/section>\n\n\n<h2 class=\"wp-block-heading\"><\/h2>\n\n\n\n<h2 class=\"wp-block-heading\"><\/h2>\n\n\n\n<h2 class=\"wp-block-heading\"><\/h2>\n\n\n\n<h2 class=\"wp-block-heading\"><\/h2>\n\n\n\n<h2 class=\"wp-block-heading\"><\/h2>\n\n\n\n<h2 class=\"wp-block-heading\"><\/h2>\n","protected":false},"excerpt":{"rendered":"<p>Internkontroll i virksomheter<\/p>\n","protected":false},"author":1,"featured_media":1182,"parent":1100,"menu_order":0,"comment_status":"closed","ping_status":"closed","template":"","meta":{"_acf_changed":false,"footnotes":""},"class_list":["post-1101","page","type-page","status-publish","has-post-thumbnail","hentry"],"acf":[],"_links":{"self":[{"href":"https:\/\/elsikkerhetsportalen.no\/elvia\/wp-json\/wp\/v2\/pages\/1101","targetHints":{"allow":["GET"]}}],"collection":[{"href":"https:\/\/elsikkerhetsportalen.no\/elvia\/wp-json\/wp\/v2\/pages"}],"about":[{"href":"https:\/\/elsikkerhetsportalen.no\/elvia\/wp-json\/wp\/v2\/types\/page"}],"author":[{"embeddable":true,"href":"https:\/\/elsikkerhetsportalen.no\/elvia\/wp-json\/wp\/v2\/users\/1"}],"replies":[{"embeddable":true,"href":"https:\/\/elsikkerhetsportalen.no\/elvia\/wp-json\/wp\/v2\/comments?post=1101"}],"version-history":[{"count":0,"href":"https:\/\/elsikkerhetsportalen.no\/elvia\/wp-json\/wp\/v2\/pages\/1101\/revisions"}],"up":[{"embeddable":true,"href":"https:\/\/elsikkerhetsportalen.no\/elvia\/wp-json\/wp\/v2\/pages\/1100"}],"wp:featuredmedia":[{"embeddable":true,"href":"https:\/\/elsikkerhetsportalen.no\/elvia\/wp-json\/wp\/v2\/media\/1182"}],"wp:attachment":[{"href":"https:\/\/elsikkerhetsportalen.no\/elvia\/wp-json\/wp\/v2\/media?parent=1101"}],"curies":[{"name":"wp","href":"https:\/\/api.w.org\/{rel}","templated":true}]}}