{"id":1155,"date":"2022-07-08T09:13:03","date_gmt":"2022-07-08T09:13:03","guid":{"rendered":"https:\/\/elsikkerhetsportalen.no\/elvia\/oppvarmingsprodukter\/"},"modified":"2026-03-10T10:33:59","modified_gmt":"2026-03-10T10:33:59","slug":"arkiv-oppvarmingsprodukter","status":"publish","type":"page","link":"https:\/\/elsikkerhetsportalen.no\/elvia\/obs\/arkiv-oppvarmingsprodukter\/","title":{"rendered":"Farlige oppvarmingsprodukter"},"content":{"rendered":"<section id=\"scrollable-shortcuts-block_9c2786235af1a903567e363edc8e525e\" class=\"block-section scrollable-shortcuts   align-full\">\n\t<div class=\"grid-container\">\n\t\t<div class=\"grid-x grid-padding-x\">\n\n\t\t\t<header class=\"cell small-12 medium-7\">\n\t\t\t\t\t\t\t\t\t<h1>Farlige oppvarmingsprodukter<\/h1>\n\t\t\t\t\n\t\t\t\t\n\t\t\t\t\t\t\t\t\t<h2 class=\"shortcuts-title\">Kategorier<span><span class=\"icon icon-arrow-down\"><\/span><\/span><\/h2>\n\t\t\t\t\n\t\t\t\t<nav><ul><li><a href=\"#varmeovner\" class=\"link link--underlined\">Varmeovner<\/a><\/li><li><a href=\"#varmetepper-puter-mm\" class=\"link link--underlined\">Varmeteppe\/-pute mm.<\/a><\/li><li><a href=\"#diverse-varmeprodukter\" class=\"link link--underlined\">Diverse varmeprodukter<\/a><\/li><\/ul><\/nav>\t\t\t<\/header>\n\n\t\t<\/div>\n\t<\/div>\n<\/section>\n\n\n\n<section id=\"image-content-block_ba368a61137b5b5f31e1ca5af5b3ab3b\" class=\"block-section image-content light has-more-content  align-full\">\n\t<div class=\"grid-container\" id=\"scrollToMe-varmeovner\">\n\n\t\t<div class=\"grid-x grid-padding-x\">\n\n\t\t\t<div class=\"cell small-12 medium-7 content\">\n\t\t\t\t\t\t\t\t\t<h2 class=\"section-title\">Varmeovner<\/h2>\n\t\t\t\t\n\t\t\t\t\t\t\t\t\t<article><p><a href=\"https:\/\/farligeprodukter.no\/produkt\/100318\">Panelovn fra Mill<\/a> er trukket fra markedet pga. brannfare (17.1.23)<\/p>\n<p><a href=\"https:\/\/farligeprodukter.no\/produkt\/100223\" target=\"_blank\" rel=\"noopener\">Point varmeovn solgt hos Power skal ikke brukes.<\/a> (Norge, 7.1.22)<\/p>\n<p><a href=\"https:\/\/www.elsakerhetsverket.se\/privatpersoner\/dina-elprodukter\/forsaljningsforbud\/kaz-europe-sarl-tvingas-saljstoppa-luftfuktare\/\" target=\"_blank\" rel=\"noopener\">Luftfukter av merket Vicks<\/a> er satt omsetningsforbud av Els\u00e4kerhetsverket pga. ber\u00f8ringsfare (3.6.2022)<\/p>\n<p><a href=\"https:\/\/farligeprodukter.no\/produkt\/100187\" target=\"_blank\" rel=\"noopener\">Klimaanlegg fra Jula, varemerke Anslut kan ha en feil som kan f\u00f8re til brann i enheten<\/a>. (10.09.2021)<\/p>\n<\/article>\n\t\t\t\t\n\t\t\t\t\t\t\t\t<div class=\"clearfix\"><\/div>\n\t\t\t\t\n\t\t\t\t\t\t\t\t\n\t\t\t\t\t<a\n\t\t\t\t\t\thref=\"#\"\n\t\t\t\t\t\tclass=\"button-plus content-toggler\"\n\t\t\t\t\t\tdata-initialtext=\"Les mer\"\n\t\t\t\t\t\tdata-toggletext=\"Les mindre\"\n\t\t\t\t\t\tdata-target=\"ic-hidden-block_ba368a61137b5b5f31e1ca5af5b3ab3b\"\n\t\t\t\t\t\trole=\"button\"\n\t\t\t\t\t\trel=\"nofollow\"\n\t\t\t\t\t\taria-label=\"\u00c5pne skjult innhold\"\n\t\t\t\t\t\taria-expanded=\"false\">\n\t\t\t\t\t\t<span>Les mer<\/span>\n\t\t\t\t\t\t<span class=\"icon icon-plus\"><\/span>\n\t\t\t\t\t<\/a>\n\t\t\t\t\n\t\t\t<\/div>\n\n\t\t\t<div class=\"cell small-12 medium-5 image\">\n\t\t\t\t<img loading=\"lazy\" decoding=\"async\" width=\"502\" height=\"335\" src=\"https:\/\/elsikkerhetsportalen.no\/elvia\/wp-content\/uploads\/2022\/07\/Varmeovn-med-glasspanel-fra-Biltema-502x335.png\" class=\"attachment-image-content size-image-content\" alt=\"Bildet viser varmeovn med glasspanel fra Biltema som inneholder feil\" srcset=\"https:\/\/elsikkerhetsportalen.no\/elvia\/wp-content\/uploads\/2022\/07\/Varmeovn-med-glasspanel-fra-Biltema-502x335.png 502w, https:\/\/elsikkerhetsportalen.no\/elvia\/wp-content\/uploads\/2022\/07\/Varmeovn-med-glasspanel-fra-Biltema-300x200.png 300w, https:\/\/elsikkerhetsportalen.no\/elvia\/wp-content\/uploads\/2022\/07\/Varmeovn-med-glasspanel-fra-Biltema.png 600w\" sizes=\"auto, (max-width: 502px) 100vw, 502px\" \/>\n\t\t\t<\/div>\n\n\t\t<\/div>\n\n\t\t\t\t\t\t<div class=\"grid-x grid-padding-x hidden-more-content\" aria-expanded=\"false\" aria-hidden=\"true\" id=\"ic-hidden-block_ba368a61137b5b5f31e1ca5af5b3ab3b\">\n\t\t\t<div class=\"cell small-12 medium-7 content\">\n\t\t\t\t<article>\n\t\t\t\t<p><a href=\"https:\/\/www.elsakerhetsverket.se\/privatpersoner\/dina-elprodukter\/forsaljningsforbud\/luna-sverige-ab-aterkallar-varmeflakt\/\" target=\"_blank\" rel=\"noopener\">Elektrisk varmeovn fra Luna AB<\/a><a href=\"https:\/\/farligeprodukter.no\/produkt\/100105\" target=\"_blank\" rel=\"noopener\"> kan overopphetes og f\u00f8re til brann. (4.6.2021)<\/a><\/p>\n<p><a href=\"https:\/\/farligeprodukter.no\/produkt\/100105\" target=\"_blank\" rel=\"noopener\">GSA panelovn<\/a> inneholder en farlig feil som kan f\u00f8re til brann. (30.3.2020)<\/p>\n<p><a href=\"https:\/\/farligeprodukter.no\/produkt\/100094\" target=\"_blank\" rel=\"noopener\">Aumax veggmontert panelovn <\/a>inneholder feil som kan f\u00f8re til brann. (4.3.2020)<\/p>\n<p><a href=\"https:\/\/www.elsakerhetsverket.se\/privatpersoner\/dina-elprodukter\/forsaljningsforbud\/respice-sweden-ab-saljstoppar-varmeflakt\/\" target=\"_blank\" rel=\"noopener\">Sandberg varmevifte<\/a> har feil som kan f\u00f8re til ber\u00f8ringsfare eller brann. (28.11.2019)<\/p>\n<p><a href=\"https:\/\/farligeprodukter.no\/produkt\/275\" target=\"_blank\" rel=\"noopener\">Tristar vifteovn<\/a> er brannfarlig. (13.11.2017)<\/p>\n<p><a href=\"https:\/\/www.biltema.no\/kundeservice\/produktinformasjon\/tilbakekalling\/paminnelse-tilbakekalling-varmeovn-med-glasspanel\/\" target=\"_blank\" rel=\"noopener\">Biltema varmeovn med glasspanel<\/a> kan ha alvorlig feil og bes returnert. (6.4.2106)<\/p>\n<p><a href=\"https:\/\/www.mynewsdesk.com\/no\/glen-dimplex-nordic\/pressreleases\/tilbakekalling-av-noboe-c2f-xsc-ikon-1312007\" target=\"_blank\" rel=\"noopener\">NOB\u00d8 varmeovn<\/a> har en feilmontering som kan medf\u00f8re en potensiell ber\u00f8ringsfare. (8.2.2016)<\/p>\n<p><a href=\"https:\/\/farligeprodukter.no\/produkt\/146\" target=\"_blank\" rel=\"noopener\">Melissa flyttbar varmeovn 16530031 og 16530026<\/a> kan overopphetes og er brannfarlig. (7.2.2013)<\/p>\n\t\t\t\t<\/article>\n\t\t\t<\/div>\n\n\t\t\t<div class=\"cell small-12 medium-5 image\">\n\t\t\t\t\t\t\t<\/div>\n\t\t<\/div>\n\t\t\n\t<\/div>\n<\/section>\n\n\n\n<section id=\"image-content-block_3c492b0f2ea6c266c9016334192a60a6\" class=\"block-section image-content dark  align-full\">\n\t<div class=\"grid-container\" id=\"scrollToMe-varmetepper-puter-mm\">\n\n\t\t<div class=\"grid-x grid-padding-x\">\n\n\t\t\t<div class=\"cell small-12 medium-7 content\">\n\t\t\t\t\t\t\t\t\t<h2 class=\"section-title\">Varmetepper\/-puter mm.<\/h2>\n\t\t\t\t\n\t\t\t\t\t\t\t\t\t<article><p><a href=\"https:\/\/ec.europa.eu\/safety-gate-alerts\/screen\/webReport\/alertDetail\/10094769?lang=en\" target=\"_blank\" rel=\"noopener\">Varmeteppe fra Online Home Shop<\/a> er trukket tilbake pga. fare for brann og elektrisk st\u00f8t (25.7.25)<\/p>\n<p><a href=\"https:\/\/farligeprodukter.no\/produkt\/100093\" target=\"_blank\" rel=\"noopener\">Varmepute fra S\u00f8strene Grene<\/a> som kan antenne ved oppvarming i mikrob\u00f8lgeovn (7.2.2020)<\/p>\n<p><a href=\"https:\/\/www.elsakerhetsverket.se\/privatpersoner\/dina-elprodukter\/forsaljningsforbud\/medisana-gmbh-aterkallar-ecomed-varmedyna\/\" target=\"_blank\" rel=\"noopener\">Ecomed varmeteppe<\/a> har en kontrollboks som kan eksponere spenningsf\u00f8rende deler. (13.03.2019)<\/p>\n<\/article>\n\t\t\t\t\n\t\t\t\t\t\t\t\t<div class=\"clearfix\"><\/div>\n\t\t\t\t\n\t\t\t\t\t\t\t\t\n\t\t\t<\/div>\n\n\t\t\t<div class=\"cell small-12 medium-5 image\">\n\t\t\t\t<img loading=\"lazy\" decoding=\"async\" width=\"502\" height=\"335\" src=\"https:\/\/elsikkerhetsportalen.no\/elvia\/wp-content\/uploads\/2022\/07\/KY-Immersion-Heater-502x335.png\" class=\"attachment-image-content size-image-content\" alt=\"\" srcset=\"https:\/\/elsikkerhetsportalen.no\/elvia\/wp-content\/uploads\/2022\/07\/KY-Immersion-Heater-502x335.png 502w, https:\/\/elsikkerhetsportalen.no\/elvia\/wp-content\/uploads\/2022\/07\/KY-Immersion-Heater-300x200.png 300w, https:\/\/elsikkerhetsportalen.no\/elvia\/wp-content\/uploads\/2022\/07\/KY-Immersion-Heater.png 600w\" sizes=\"auto, (max-width: 502px) 100vw, 502px\" \/>\n\t\t\t<\/div>\n\n\t\t<\/div>\n\n\t\t\t\t\n\t<\/div>\n<\/section>\n\n\n\n<section id=\"image-content-block_c5086c8f7a80e25eb13753702d9506d4\" class=\"block-section image-content light  align-full\">\n\t<div class=\"grid-container\" id=\"scrollToMe-diverse-varmeprodukter\">\n\n\t\t<div class=\"grid-x grid-padding-x\">\n\n\t\t\t<div class=\"cell small-12 medium-7 content\">\n\t\t\t\t\t\t\t\t\t<h2 class=\"section-title\">Diverse varmeprodukter<\/h2>\n\t\t\t\t\n\t\t\t\t\t\t\t\t\t<article><p><a href=\"https:\/\/ec.europa.eu\/safety-gate-alerts\/screen\/webReport\/alertDetail\/10094228?lang=en\" target=\"_blank\" rel=\"noopener\">Varmeplate til vannkilde<\/a> solgt p\u00e5 online, bl.a. eBay, kan medf\u00f8re elektrisk st\u00f8t (2.5.25)<\/p>\n<p><a href=\"https:\/\/farligeprodukter.no\/produkt\/100507\" target=\"_blank\" rel=\"noopener\">Badstuovn fylt med stein fra produsenten Huum<\/a> mangler isolerende lag og har risiko for elektrisk st\u00f8t ved bruk (16.12.24)<\/p>\n<p><a href=\"https:\/\/www.sik.dk\/farlige-produkter\/immersionsvarmer\" target=\"_blank\" rel=\"noopener\">KY Immersion Heater fra Amazon<\/a> kan medf\u00f8re d\u00f8delig str\u00f8mgjennomgang pga. manglende beskyttelse. Apparatet benyttes til \u00e5 varme opp vann i feks. basseng (6.10.2020)<\/p>\n<\/article>\n\t\t\t\t\n\t\t\t\t\t\t\t\t<div class=\"clearfix\"><\/div>\n\t\t\t\t\n\t\t\t\t\t\t\t\t\n\t\t\t<\/div>\n\n\t\t\t<div class=\"cell small-12 medium-5 image\">\n\t\t\t\t<img loading=\"lazy\" decoding=\"async\" width=\"502\" height=\"335\" src=\"https:\/\/elsikkerhetsportalen.no\/elvia\/wp-content\/uploads\/2025\/06\/badstuovn-farlig-produkt-502x335.jpg\" class=\"attachment-image-content size-image-content\" alt=\"\" srcset=\"https:\/\/elsikkerhetsportalen.no\/elvia\/wp-content\/uploads\/2025\/06\/badstuovn-farlig-produkt-502x335.jpg 502w, https:\/\/elsikkerhetsportalen.no\/elvia\/wp-content\/uploads\/2025\/06\/badstuovn-farlig-produkt-300x200.jpg 300w, https:\/\/elsikkerhetsportalen.no\/elvia\/wp-content\/uploads\/2025\/06\/badstuovn-farlig-produkt.jpg 600w\" sizes=\"auto, (max-width: 502px) 100vw, 502px\" \/>\n\t\t\t<\/div>\n\n\t\t<\/div>\n\n\t\t\t\t\n\t<\/div>\n<\/section>\n\n\n\n<section class=\"block-section post-cards\">\n\t<div class=\"grid-container\">\n\n        <div class=\"grid-x grid-margin-x section-title-wrapper\">\n            <div class=\"cell small-12 medium-6\">\n                                    <h1 class=\"section-title\">Se ogs\u00e5<\/h1>\n                            <\/div>\n\n                    <\/div>\n\n        <div class=\"grid-x grid-margin-x cards-wrapper\">\n                    <\/div>\n\n    <\/div>\n<\/section>","protected":false},"excerpt":{"rendered":"","protected":false},"author":4,"featured_media":1157,"parent":1175,"menu_order":3,"comment_status":"closed","ping_status":"closed","template":"","meta":{"_acf_changed":false,"footnotes":""},"class_list":["post-1155","page","type-page","status-publish","has-post-thumbnail","hentry"],"acf":[],"_links":{"self":[{"href":"https:\/\/elsikkerhetsportalen.no\/elvia\/wp-json\/wp\/v2\/pages\/1155","targetHints":{"allow":["GET"]}}],"collection":[{"href":"https:\/\/elsikkerhetsportalen.no\/elvia\/wp-json\/wp\/v2\/pages"}],"about":[{"href":"https:\/\/elsikkerhetsportalen.no\/elvia\/wp-json\/wp\/v2\/types\/page"}],"author":[{"embeddable":true,"href":"https:\/\/elsikkerhetsportalen.no\/elvia\/wp-json\/wp\/v2\/users\/4"}],"replies":[{"embeddable":true,"href":"https:\/\/elsikkerhetsportalen.no\/elvia\/wp-json\/wp\/v2\/comments?post=1155"}],"version-history":[{"count":0,"href":"https:\/\/elsikkerhetsportalen.no\/elvia\/wp-json\/wp\/v2\/pages\/1155\/revisions"}],"up":[{"embeddable":true,"href":"https:\/\/elsikkerhetsportalen.no\/elvia\/wp-json\/wp\/v2\/pages\/1175"}],"wp:featuredmedia":[{"embeddable":true,"href":"https:\/\/elsikkerhetsportalen.no\/elvia\/wp-json\/wp\/v2\/media\/1157"}],"wp:attachment":[{"href":"https:\/\/elsikkerhetsportalen.no\/elvia\/wp-json\/wp\/v2\/media?parent=1155"}],"curies":[{"name":"wp","href":"https:\/\/api.w.org\/{rel}","templated":true}]}}