{"id":1008,"date":"2021-10-02T09:44:05","date_gmt":"2021-10-02T09:44:05","guid":{"rendered":"https:\/\/elsikkerhetsportalen.no\/haugalandkraftnett\/?page_id=1008"},"modified":"2024-12-13T08:33:21","modified_gmt":"2024-12-13T08:33:21","slug":"trygve","status":"publish","type":"page","link":"https:\/\/elsikkerhetsportalen.no\/fagne\/trygve\/","title":{"rendered":"Trygg med Trygve"},"content":{"rendered":"<section id=\"scrollable-shortcuts-block_7570cb8b42f542897bd16be87385315f\" class=\"block-section scrollable-shortcuts   align-full\">\n\t<div class=\"grid-container\">\n\t\t<div class=\"grid-x grid-padding-x\">\n\n\t\t\t<header class=\"cell small-12 medium-7\">\n\t\t\t\t\t\t\t\t\t<h1>Bli trygg med Trygve<\/h1>\n\t\t\t\t\n\t\t\t\t\t\t\t\t\t<p class=\"ingress\">Har du m\u00f8tt Trygve? Trygve er en artig, men ganske uheldig og uforsiktig fyr som ofte f\u00e5r oppleve at det er farlig ikke \u00e5 ta hensyn til sikkerheten n\u00e5r vi holder p\u00e5 med str\u00f8m.<\/p>\n\t\t\t\t\n\t\t\t\t\t\t\t\t\t<h2 class=\"shortcuts-title\">Aktiviteter med Trygve<span><span class=\"icon icon-arrow-down\"><\/span><\/span><\/h2>\n\t\t\t\t\n\t\t\t\t<nav><ul><li><a href=\"#kortspillet-elektrosjokk\" class=\"link link--underlined\">Kortspill<\/a><\/li><li><a href=\"#trygves-aktivitetsbok\" class=\"link link--underlined\">Aktivitetsbok<\/a><\/li><li><a href=\"#trygves-filmer\" class=\"link link--underlined\">Filmer<\/a><\/li><li><a href=\"#trygves-quizzer-kahoot\" class=\"link link--underlined\">Quizzer &amp; Kahoot<\/a><\/li><\/ul><\/nav>\t\t\t<\/header>\n\n\t\t<\/div>\n\t<\/div>\n<\/section>\n\n\n\n<section id=\"image-content-block_1141a6c37b27129a46ea49a8e7916549\" class=\"block-section image-content light  align-full\">\n\t<div class=\"grid-container\" id=\"scrollToMe-kortspillet-elektrosjokk\">\n\n\t\t<div class=\"grid-x grid-padding-x\">\n\n\t\t\t<div class=\"cell small-12 medium-7 content\">\n\t\t\t\t\t\t\t\t\t<h2 class=\"section-title\">Kortspillet &#8220;Elektrosjokk&#8221;<\/h2>\n\t\t\t\t\n\t\t\t\t\t\t\t\t\t<article><p>Trygve har sitt eget kortspill. Det heter &#8220;Elektrosjokk&#8221; og er like g\u00f8y om du er 10 eller 100 \u00e5r. Her f\u00e5r du vite hvordan du kan f\u00e5 spillet, og noen tips og triks p\u00e5 hvordan du spiller &#8220;Elektrosjokk&#8221;.<\/p>\n<\/article>\n\t\t\t\t\n\t\t\t\t\t\t<a class=\"link link--underlined\" href=\"https:\/\/elsikkerhetsportalen.no\/fagne\/kortspillet-elektrosjokk\/\" target=\"_blank\">\n\t\t\tSpilleregler og kort\t\t<\/a>\n\t\t\t\t\t<div class=\"clearfix\"><\/div>\n\t\t\t\t\n\t\t\t\t\t\t\t\t\n\t\t\t<\/div>\n\n\t\t\t<div class=\"cell small-12 medium-5 image\">\n\t\t\t\t<img loading=\"lazy\" decoding=\"async\" width=\"502\" height=\"335\" src=\"https:\/\/elsikkerhetsportalen.no\/fagne\/wp-content\/uploads\/sites\/7\/2021\/10\/Trygve-kortspill-502x335.jpg\" class=\"attachment-image-content size-image-content\" alt=\"Kort med Trygve\" srcset=\"https:\/\/elsikkerhetsportalen.no\/fagne\/wp-content\/uploads\/sites\/7\/2021\/10\/Trygve-kortspill-502x335.jpg 502w, https:\/\/elsikkerhetsportalen.no\/fagne\/wp-content\/uploads\/sites\/7\/2021\/10\/Trygve-kortspill-300x200.jpg 300w, https:\/\/elsikkerhetsportalen.no\/fagne\/wp-content\/uploads\/sites\/7\/2021\/10\/Trygve-kortspill.jpg 600w\" sizes=\"auto, (max-width: 502px) 100vw, 502px\" \/>\n\t\t\t<\/div>\n\n\t\t<\/div>\n\n\t\t\t\t\n\t<\/div>\n<\/section>\n\n\n\n<section id=\"image-content-block_53f1556339aadacb4e40c4f8495e2a10\" class=\"block-section image-content dark  align-full\">\n\t<div class=\"grid-container\" id=\"scrollToMe-trygves-aktivitetsbok\">\n\n\t\t<div class=\"grid-x grid-padding-x\">\n\n\t\t\t<div class=\"cell small-12 medium-7 content\">\n\t\t\t\t\t\t\t\t\t<h2 class=\"section-title\">Trygves aktivitetsbok<\/h2>\n\t\t\t\t\n\t\t\t\t\t\t\t\t\t<article><p>Trygve har egen aktivitetsbok med fargestifter og klistremerker. Boken f\u00e5r du n\u00e5r DLE bes\u00f8ker skolen eller barnehagen din. Du kan ogs\u00e5 vinne den n\u00e5r du spiller Trygves lykkehjul p\u00e5 Branndag eller \u00c5pen dag hos Haugaland kraft!<\/p>\n<p>&nbsp;<\/p>\n<\/article>\n\t\t\t\t\n\t\t\t\t\t\t\t\t<div class=\"clearfix\"><\/div>\n\t\t\t\t\t\t<a class=\"link link--underlined\" href=\"https:\/\/elsikkerhetsportalen.no\/fagne\/wp-content\/uploads\/sites\/7\/2024\/12\/Aktivitetshefte2019.pdf\" target=\"_blank\">\n\t\t\tLast ned aktivitetsboken\t\t<\/a>\n\t\n\t\t\t\t\t\t\t\t\n\t\t\t<\/div>\n\n\t\t\t<div class=\"cell small-12 medium-5 image\">\n\t\t\t\t<img loading=\"lazy\" decoding=\"async\" width=\"502\" height=\"335\" src=\"https:\/\/elsikkerhetsportalen.no\/fagne\/wp-content\/uploads\/sites\/7\/2021\/10\/Aktivitetsboka-til-Trygve-502x335.jpg\" class=\"attachment-image-content size-image-content\" alt=\"Dette er Trygves aktivitetsbok\" srcset=\"https:\/\/elsikkerhetsportalen.no\/fagne\/wp-content\/uploads\/sites\/7\/2021\/10\/Aktivitetsboka-til-Trygve-502x335.jpg 502w, https:\/\/elsikkerhetsportalen.no\/fagne\/wp-content\/uploads\/sites\/7\/2021\/10\/Aktivitetsboka-til-Trygve-300x200.jpg 300w, https:\/\/elsikkerhetsportalen.no\/fagne\/wp-content\/uploads\/sites\/7\/2021\/10\/Aktivitetsboka-til-Trygve.jpg 600w\" sizes=\"auto, (max-width: 502px) 100vw, 502px\" \/>\n\t\t\t<\/div>\n\n\t\t<\/div>\n\n\t\t\t\t\n\t<\/div>\n<\/section>\n\n\n\n<section id=\"image-content-block_c2082856688493231c422ce779108106\" class=\"block-section image-content light  align-full\">\n\t<div class=\"grid-container\" id=\"scrollToMe-trygves-filmer\">\n\n\t\t<div class=\"grid-x grid-padding-x\">\n\n\t\t\t<div class=\"cell small-12 medium-7 content\">\n\t\t\t\t\t\t\t\t\t<h2 class=\"section-title\">Trygves filmer<\/h2>\n\t\t\t\t\n\t\t\t\t\t\t\t\t\t<article><p>De f\u00f8rste flmene med Trygve ble vist allerede i desember 2014. Vi har laget egen spilleliste p\u00e5 YouTube med alle Trygves filmer.<\/p>\n<\/article>\n\t\t\t\t\n\t\t\t\t\t\t<a class=\"link link--underlined\" href=\"https:\/\/www.youtube.com\/channel\/UCPf9fJADpyF9dvtpAvVQ8wA?view_as=subscriber\" target=\"_blank\">\n\t\t\tSe filmene\t\t<\/a>\n\t\t\t\t\t<div class=\"clearfix\"><\/div>\n\t\t\t\t\n\t\t\t\t\t\t\t\t\n\t\t\t<\/div>\n\n\t\t\t<div class=\"cell small-12 medium-5 image\">\n\t\t\t\t<img loading=\"lazy\" decoding=\"async\" width=\"502\" height=\"335\" src=\"https:\/\/elsikkerhetsportalen.no\/fagne\/wp-content\/uploads\/sites\/7\/2021\/10\/Trygve-sover-502x335.png\" class=\"attachment-image-content size-image-content\" alt=\"Trygve sover\" srcset=\"https:\/\/elsikkerhetsportalen.no\/fagne\/wp-content\/uploads\/sites\/7\/2021\/10\/Trygve-sover-502x335.png 502w, https:\/\/elsikkerhetsportalen.no\/fagne\/wp-content\/uploads\/sites\/7\/2021\/10\/Trygve-sover-300x200.png 300w, https:\/\/elsikkerhetsportalen.no\/fagne\/wp-content\/uploads\/sites\/7\/2021\/10\/Trygve-sover.png 600w\" sizes=\"auto, (max-width: 502px) 100vw, 502px\" \/>\n\t\t\t<\/div>\n\n\t\t<\/div>\n\n\t\t\t\t\n\t<\/div>\n<\/section>\n\n\n\n<section id=\"image-content-block_48911f3a50de8156e182057fc321db32\" class=\"block-section image-content dark  align-full\">\n\t<div class=\"grid-container\" id=\"scrollToMe-trygves-quizzer-kahoot\">\n\n\t\t<div class=\"grid-x grid-padding-x\">\n\n\t\t\t<div class=\"cell small-12 medium-7 content\">\n\t\t\t\t\t\t\t\t\t<h2 class=\"section-title\">Trygves quizzer &amp; Kahoot<\/h2>\n\t\t\t\t\n\t\t\t\t\t\t\t\t\t<article><p>N\u00e5r Trygve skal ha det g\u00f8y sammen med vennene Rolf og Nils, hender det at de spiller Kahoot! Det er morsomt, og i tillegg elsker alle tre \u00e5 konkurrere.<\/p>\n<\/article>\n\t\t\t\t\n\t\t\t\t\t\t<a class=\"link link--underlined\" href=\"https:\/\/elsikkerhetsportalen.no\/fagne\/trygve\/kahoot\/\" target=\"_self\">\n\t\t\tSpill Kahoot!\t\t<\/a>\n\t\t\t\t\t<div class=\"clearfix\"><\/div>\n\t\t\t\t\n\t\t\t\t\t\t\t\t\n\t\t\t<\/div>\n\n\t\t\t<div class=\"cell small-12 medium-5 image\">\n\t\t\t\t<img loading=\"lazy\" decoding=\"async\" width=\"502\" height=\"335\" src=\"https:\/\/elsikkerhetsportalen.no\/fagne\/wp-content\/uploads\/sites\/7\/2021\/10\/gameover-502x335.png\" class=\"attachment-image-content size-image-content\" alt=\"Game over for Trygve\" srcset=\"https:\/\/elsikkerhetsportalen.no\/fagne\/wp-content\/uploads\/sites\/7\/2021\/10\/gameover-502x335.png 502w, https:\/\/elsikkerhetsportalen.no\/fagne\/wp-content\/uploads\/sites\/7\/2021\/10\/gameover-300x200.png 300w, https:\/\/elsikkerhetsportalen.no\/fagne\/wp-content\/uploads\/sites\/7\/2021\/10\/gameover.png 600w\" sizes=\"auto, (max-width: 502px) 100vw, 502px\" \/>\n\t\t\t<\/div>\n\n\t\t<\/div>\n\n\t\t\t\t\n\t<\/div>\n<\/section>\n\n\n\n<section class=\"block-section post-cards\">\n\t<div class=\"grid-container\">\n\n        <div class=\"grid-x grid-margin-x section-title-wrapper\">\n            <div class=\"cell small-12 medium-6\">\n                                    <h1 class=\"section-title\">Sjekk ut Insta-Trygve<\/h1>\n                            <\/div>\n\n                            <div class=\"cell small-12 medium-6 small-text-align-left text-align-right\">\n                    <a class=\"link link--underlined\" href=\"https:\/\/www.instagram.com\/hkelsikkerhetsportalen\/\" target=\"_blank\">\n<!--                        <span class=\"str\">--><!--<\/span>-->\n                        Trygve p\u00e5 Instagram                    <\/a>\n                <\/div>\n                    <\/div>\n\n        <div class=\"grid-x grid-margin-x cards-wrapper\">\n                    <\/div>\n\n    <\/div>\n<\/section>","protected":false},"excerpt":{"rendered":"","protected":false},"author":4,"featured_media":1028,"parent":0,"menu_order":0,"comment_status":"closed","ping_status":"closed","template":"","meta":{"_acf_changed":true,"footnotes":""},"class_list":["post-1008","page","type-page","status-publish","has-post-thumbnail","hentry"],"acf":[],"_links":{"self":[{"href":"https:\/\/elsikkerhetsportalen.no\/fagne\/wp-json\/wp\/v2\/pages\/1008","targetHints":{"allow":["GET"]}}],"collection":[{"href":"https:\/\/elsikkerhetsportalen.no\/fagne\/wp-json\/wp\/v2\/pages"}],"about":[{"href":"https:\/\/elsikkerhetsportalen.no\/fagne\/wp-json\/wp\/v2\/types\/page"}],"author":[{"embeddable":true,"href":"https:\/\/elsikkerhetsportalen.no\/fagne\/wp-json\/wp\/v2\/users\/4"}],"replies":[{"embeddable":true,"href":"https:\/\/elsikkerhetsportalen.no\/fagne\/wp-json\/wp\/v2\/comments?post=1008"}],"version-history":[{"count":0,"href":"https:\/\/elsikkerhetsportalen.no\/fagne\/wp-json\/wp\/v2\/pages\/1008\/revisions"}],"wp:featuredmedia":[{"embeddable":true,"href":"https:\/\/elsikkerhetsportalen.no\/fagne\/wp-json\/wp\/v2\/media\/1028"}],"wp:attachment":[{"href":"https:\/\/elsikkerhetsportalen.no\/fagne\/wp-json\/wp\/v2\/media?parent=1008"}],"curies":[{"name":"wp","href":"https:\/\/api.w.org\/{rel}","templated":true}]}}