{"id":1150,"date":"2022-07-06T15:19:00","date_gmt":"2022-07-06T15:19:00","guid":{"rendered":"https:\/\/elsikkerhetsportalen.no\/fagne\/farlige-husholdningsapparater\/"},"modified":"2026-02-06T12:10:54","modified_gmt":"2026-02-06T12:10:54","slug":"arkiv-husholdningsapparater","status":"publish","type":"page","link":"https:\/\/elsikkerhetsportalen.no\/fagne\/obs\/arkiv-husholdningsapparater\/","title":{"rendered":"Farlige husholdningsapparater"},"content":{"rendered":"<section id=\"scrollable-shortcuts-block_b8b793f37c53bde0ea4bf04dd4440932\" class=\"block-section scrollable-shortcuts   align-full\">\n\t<div class=\"grid-container\">\n\t\t<div class=\"grid-x grid-padding-x\">\n\n\t\t\t<header class=\"cell small-12 medium-7\">\n\t\t\t\t\t\t\t\t\t<h1>Farlige husholdningsapparater<\/h1>\n\t\t\t\t\n\t\t\t\t\n\t\t\t\t\t\t\t\t\t<h2 class=\"shortcuts-title\">Snarveier<span><span class=\"icon icon-arrow-down\"><\/span><\/span><\/h2>\n\t\t\t\t\n\t\t\t\t<nav><ul><li><a href=\"#kjokkenutstyr\" class=\"link link--underlined\">Kj\u00f8kkenutstyr<\/a><\/li><li><a href=\"#hvitevarer\" class=\"link link--underlined\">Hvitevarer<\/a><\/li><li><a href=\"#stovsugere\" class=\"link link--underlined\">St\u00f8vsugere<\/a><\/li><\/ul><\/nav>\t\t\t<\/header>\n\n\t\t<\/div>\n\t<\/div>\n<\/section>\n\n\n\n<section id=\"image-content-block_245114f6292b985556eb27ef194df555\" class=\"block-section image-content light has-more-content  align-full\">\n\t<div class=\"grid-container\" id=\"scrollToMe-kjokkenutstyr\">\n\n\t\t<div class=\"grid-x grid-padding-x\">\n\n\t\t\t<div class=\"cell small-12 medium-7 content\">\n\t\t\t\t\t\t\t\t\t<h2 class=\"section-title\">Kj\u00f8kkenutstyr<\/h2>\n\t\t\t\t\n\t\t\t\t\t\t\t\t\t<article><p><a href=\"https:\/\/ec.europa.eu\/safety-gate-alerts\/screen\/webReport\/alertDetail\/10094868?lang=en\" target=\"_blank\" rel=\"noopener\">Air Fryer fra Tower<\/a> solgt bl.a. p\u00e5 Amazon trekkes tilbake pga. fare for brann og elektrisk st\u00f8t (25.7.25)<\/p>\n<p><a href=\"https:\/\/ec.europa.eu\/safety-gate-alerts\/screen\/webReport\/alertDetail\/10094941?lang=en\" target=\"_blank\" rel=\"noreferrer noopener\">Air Fryer fra Cecotec<\/a> solgt bl.a p\u00e5 Amazon er trukket fra markedet pga. brann- og ber\u00f8ringsfare (4.7.25)<\/p>\n<p><a href=\"https:\/\/ec.europa.eu\/safety-gate-alerts\/screen\/webReport\/alertDetail\/10094737?lang=en\" target=\"_blank\" rel=\"noreferrer noopener\">Air Fryer &#8220;Haden&#8221;<\/a> tilbakekalt fra markedet pga. brannrisiko (20.6.25)<\/p>\n<p><a href=\"https:\/\/farligeprodukter.no\/produkt\/100570\" target=\"_blank\" rel=\"noopener\">Riskoker fra Cuckoo tilbakekalles pga. ber\u00f8ringsfare (2.6.25)<\/a><\/p>\n<\/article>\n\t\t\t\t\n\t\t\t\t\t\t\t\t<div class=\"clearfix\"><\/div>\n\t\t\t\t\n\t\t\t\t\t\t\t\t\n\t\t\t\t\t<a\n\t\t\t\t\t\thref=\"#\"\n\t\t\t\t\t\tclass=\"button-plus content-toggler\"\n\t\t\t\t\t\tdata-initialtext=\"Les mer\"\n\t\t\t\t\t\tdata-toggletext=\"Les mindre\"\n\t\t\t\t\t\tdata-target=\"ic-hidden-block_245114f6292b985556eb27ef194df555\"\n\t\t\t\t\t\trole=\"button\"\n\t\t\t\t\t\trel=\"nofollow\"\n\t\t\t\t\t\taria-label=\"\u00c5pne skjult innhold\"\n\t\t\t\t\t\taria-expanded=\"false\">\n\t\t\t\t\t\t<span>Les mer<\/span>\n\t\t\t\t\t\t<span class=\"icon icon-plus\"><\/span>\n\t\t\t\t\t<\/a>\n\t\t\t\t\n\t\t\t<\/div>\n\n\t\t\t<div class=\"cell small-12 medium-5 image\">\n\t\t\t\t<img loading=\"lazy\" decoding=\"async\" width=\"502\" height=\"335\" src=\"https:\/\/elsikkerhetsportalen.no\/fagne\/wp-content\/uploads\/2025\/06\/riskoker-farlig-produkt-Cuckoo-502x335.jpg\" class=\"attachment-image-content size-image-content\" alt=\"\" srcset=\"https:\/\/elsikkerhetsportalen.no\/fagne\/wp-content\/uploads\/2025\/06\/riskoker-farlig-produkt-Cuckoo-502x335.jpg 502w, https:\/\/elsikkerhetsportalen.no\/fagne\/wp-content\/uploads\/2025\/06\/riskoker-farlig-produkt-Cuckoo-300x200.jpg 300w, https:\/\/elsikkerhetsportalen.no\/fagne\/wp-content\/uploads\/2025\/06\/riskoker-farlig-produkt-Cuckoo.jpg 600w\" sizes=\"auto, (max-width: 502px) 100vw, 502px\" \/>\n\t\t\t<\/div>\n\n\t\t<\/div>\n\n\t\t\t\t\t\t<div class=\"grid-x grid-padding-x hidden-more-content\" aria-expanded=\"false\" aria-hidden=\"true\" id=\"ic-hidden-block_245114f6292b985556eb27ef194df555\">\n\t\t\t<div class=\"cell small-12 medium-7 content\">\n\t\t\t\t<article>\n\t\t\t\t<p><a href=\"https:\/\/fyndiq.se\/fyndiq\/aterkallelser\/\" target=\"_blank\" rel=\"noopener\">Fyndig AB tilbakekaller vannkoker<\/a> pga. ber\u00f8ringsfare (29.1.25)<\/p>\n<p><a href=\"https:\/\/ec.europa.eu\/safety-gate-alerts\/screen\/webReport\/alertDetail\/10093741?lang=en\" target=\"_blank\" rel=\"noopener\">Riskoker er kalt tilbake pga. ber\u00f8ringsfare<\/a> fra EU-kommisjonen. Denne er solgt online via Gifi og Trafic spesielt. (12.12.24)<\/p>\n<p><a href=\"https:\/\/ec.europa.eu\/safety-gate-alerts\/screen\/webReport\/alertDetail\/10092454?lang=en\" target=\"_blank\" rel=\"noopener\">eBay har solgt lite vaffeljern<\/a> med ber\u00f8ringsfare. Produktet er solgt p\u00e5 flere nettsider. (20.12.24)<\/p>\n<p><a href=\"https:\/\/farligeprodukter.no\/produkt\/100419\" target=\"_blank\" rel=\"noopener\">Elektrisk kokeplate fra beber<\/a> med ber\u00f8ringsfare. Kontakt forhandler (10.4.24)<\/p>\n<p><a href=\"https:\/\/ec.europa.eu\/safety-gate-alerts\/screen\/webReport\/alertDetail\/10012107?lang=en\" target=\"_blank\" rel=\"noopener\">Sammenleggbar vannkoker<\/a><a href=\"https:\/\/www.elsakerhetsverket.se\/privatpersoner\/dina-elprodukter\/forsaljningsforbud\/elektronik-since-1963-ab-tvingas-stoppa-forsaljningen-av-varmluftsfritos\/\" target=\"_blank\" rel=\"noopener\"> solgt bla. p\u00e5 Amazon trekkes tilbake pga. ber\u00f8ringsfare (22.3.24)<\/a><\/p>\n<p><a href=\"https:\/\/www.elsakerhetsverket.se\/privatpersoner\/dina-elprodukter\/forsaljningsforbud\/elektronik-since-1963-ab-tvingas-stoppa-forsaljningen-av-varmluftsfritos\/\" target=\"_blank\" rel=\"noopener\">Air Fryer fra ukjent merke<\/a> stoppes av Els\u00e4kerhetsverket pga. teknisk feil med brannrisiko (13.3.24)<\/p>\n<p><a href=\"https:\/\/www.elsakerhetsverket.se\/privatpersoner\/dina-elprodukter\/forsaljningsforbud\/coolstuff-ab-stoppar-forsaljningen-av-vaffeljarn\/\" target=\"_blank\" rel=\"noopener\">Coolstuff AB stopper salget av vaffeljer<\/a>n pga. ber\u00f8ringsfare (5.3.24)<\/p>\n<p><a href=\"https:\/\/www.elsakerhetsverket.se\/privatpersoner\/dina-elprodukter\/forsaljningsforbud\/blendjet-stoppar-forsaljningen-samt-aterkallar-blender\/\" target=\"_blank\" rel=\"noopener\">BlendJet stopper salget og tilbakekaller blender<\/a> pga. brannfare (8.1.24)<\/p>\n<p>Els\u00e4kerhetsverket stopper salget av<a href=\"https:\/\/www.elsakerhetsverket.se\/privatpersoner\/dina-elprodukter\/forsaljningsforbud\/Hungfattrading-saljstoppar-vattenkokare\/\" target=\"_blank\" rel=\"noopener\"> vannkoker fra Luzand<\/a> (Hung Fat Trading) pga. ber\u00f8ringsfare. (5.12.23)<\/p>\n<p><a href=\"https:\/\/ec.europa.eu\/safety-gate-alerts\/screen\/webReport\/alertDetail\/10008154?lang=en\" target=\"_blank\" rel=\"noopener\">Avtrekksvifte av merke EUNEWR<\/a> solgt online (Amazon) trekkes tilbake fra markedet pga. ber\u00f8ringsfare. (7.4.2023)<\/p>\n<p><a href=\"https:\/\/ec.europa.eu\/safety-gate-alerts\/screen\/webReport\/alertDetail\/10007732?lang=en\" target=\"_blank\" rel=\"noopener\">Kokeplate fra Orava<\/a> solgt online trekkes tilbake pga. ber\u00f8ringsfare (3.2.23)<\/p>\n<p><a href=\"https:\/\/produkter.dk\/mangelfuldeprod\/produkt\/1174\" target=\"_blank\" rel=\"noopener\">Vannkoker fra Epiq<\/a> solgt online har feil som medf\u00f8rer alvorlig brannfare og ber\u00f8ringsfare (8.12.22)<\/p>\n<p><a href=\"https:\/\/www.elsakerhetsverket.se\/privatpersoner\/dina-elprodukter\/forsaljningsforbud\/schou-company-as-saljstoppar-blender\/\" target=\"_blank\" rel=\"noopener\">Blender av varemerket DAY<\/a> stoppes i Sverige pga. ber\u00f8ringsfare (22.9.2022)<\/p>\n<p><a href=\"https:\/\/www.elsakerhetsverket.se\/privatpersoner\/dina-elprodukter\/forsaljningsforbud\/optom-aps-aterkallar-torkugn\/\" target=\"_blank\" rel=\"noopener\">T\u00f8rker\/dehydrator fra Excalibur<\/a> tilbakekalles av Els\u00e4kerhetsverket pga. brannfare (14.6.2022)<\/p>\n<p><a href=\"https:\/\/ec.europa.eu\/safety-gate-alerts\/screen\/webReport\/alertDetail\/10006170\" target=\"_blank\" rel=\"noopener\">Vannkoker fra Stahlman<\/a> varsles om ber\u00f8ringsfare.\u00a0 Produktet er solgt online (EU-kommisjonen, 27.5.22)<\/p>\n<p><a href=\"https:\/\/ec.europa.eu\/safety-gate-alerts\/screen\/webReport\/alertDetail\/10004046\" target=\"_blank\" rel=\"noopener\">Toastjern fra Clatronic<\/a> solgt online og tilbakekalt fra markedet pga. ber\u00f8ringsfare. (2.7.2021)<\/p>\n<p><a href=\"https:\/\/www.elsakerhetsverket.se\/privatpersoner\/dina-elprodukter\/forsaljningsforbud\/goda-jorden-ab-saljstoppar-spisplatta\/\" target=\"_blank\" rel=\"noopener\">Kokeplate fra StarChef<\/a> trukket fra markedet pga. feil ved kokeplaten. (6.6.2021)<\/p>\n<p><a href=\"https:\/\/ec.europa.eu\/safety-gate-alerts\/screen\/webReport\/alertDetail\/10003442\" target=\"_blank\" rel=\"noopener\">Viomi Smart Kettle vannkoker<\/a> solgt online har feil som medf\u00f8rer fare for elektrisk st\u00f8t ved vanns\u00f8l. (26.5.2021)<\/p>\n<p><a href=\"https:\/\/ec.europa.eu\/safety-gate-alerts\/screen\/webReport\/alertDetail\/10003523\" target=\"_blank\" rel=\"noopener\">Andersson hybelkomfyr\u00a0<\/a>kan overopphetes og f\u00f8re til brann. (25.5.2021)<\/p>\n<p><a href=\"https:\/\/ec.europa.eu\/safety-gate-alerts\/screen\/webReport\/alertDetail\/10003543\" target=\"_blank\" rel=\"noopener\">L\u00f6wenthal vannkoker<\/a> (28.4.2021)<\/p>\n<p><a href=\"https:\/\/www.elsakerhetsverket.se\/privatpersoner\/dina-elprodukter\/forsaljningsforbud\/ctm-lyng-as-saljstoppar-spisvakt\/\" target=\"_blank\" rel=\"noopener\">CTM Lyng komfyrvakt<\/a> (19.11.202)<\/p>\n<p><a href=\"https:\/\/www.elsakerhetsverket.se\/privatpersoner\/dina-elprodukter\/forsaljningsforbud\/glam-and-beauty-ab-aterkallar-brodrost\/\" target=\"_blank\" rel=\"noopener\">Princess br\u00f8drister<\/a> (26.10.2018)<\/p>\n<p><a href=\"https:\/\/farligeprodukter.no\/produkt\/289\" target=\"_blank\" rel=\"noopener\">Metos br\u00f8drister<\/a> (6.6.2018)<\/p>\n<p><a href=\"https:\/\/www.allehanda.se\/artikel\/ica-aterkallar-elvisp-ica-cook-eat-finns-risk-for-overhettning\" target=\"_blank\" rel=\"noopener\">ICA Cook &amp; Eat elvisp<\/a> (1.12.2017)<\/p>\n<p><a href=\"https:\/\/www.farligeprodukter.no\/produkt\/273\" target=\"_blank\" rel=\"noopener\">Emiro Multi Oven hybelkomfyr<\/a> (10.11.2017)<\/p>\n<p><a href=\"https:\/\/www.farligeprodukter.no\/produkt\/201\" target=\"_blank\" rel=\"noopener\">Beer brew 30-G3 bryggekjele<\/a> (14.7.2016)<\/p>\n\t\t\t\t<\/article>\n\t\t\t<\/div>\n\n\t\t\t<div class=\"cell small-12 medium-5 image\">\n\t\t\t\t\t\t\t<\/div>\n\t\t<\/div>\n\t\t\n\t<\/div>\n<\/section>\n\n\n\n<section id=\"image-content-block_4f45d59afa6f5257e594c90923904e2b\" class=\"block-section image-content dark  align-full\">\n\t<div class=\"grid-container\" id=\"scrollToMe-hvitevarer\">\n\n\t\t<div class=\"grid-x grid-padding-x\">\n\n\t\t\t<div class=\"cell small-12 medium-7 content\">\n\t\t\t\t\t\t\t\t\t<h2 class=\"section-title\">Hvitevarer<\/h2>\n\t\t\t\t\n\t\t\t\t\t\t\t\t\t<article><p><a href=\"https:\/\/www.tv2.no\/a\/8357524\/\" target=\"_blank\" rel=\"noopener\">IKEA Frostfri frysere og kj\u00f8leskap<\/a> tilbakekalt pga. ber\u00f8ringsfare. (3.6.2016)<\/p>\n<p><a href=\"https:\/\/www.farligeprodukter.no\/produkt\/238\" target=\"_blank\" rel=\"noopener\">Ariston t\u00f8rketrommel\u00a0<\/a> har risiko for at lo kan komme i kontakt med varmeelement. (2.6.2016)<\/p>\n<p><a href=\"https:\/\/productsafety.bsh-group.com\/no\/no\/dishcare\" target=\"_blank\" rel=\"noopener\">Oppvaskmaskiner fra Bosch og Siemens\u00a0<\/a> har noen produktserier som har \u00f8kt risiko for overoppheting og brann. (12.1.2016)<\/p>\n<\/article>\n\t\t\t\t\n\t\t\t\t\t\t\t\t<div class=\"clearfix\"><\/div>\n\t\t\t\t\n\t\t\t\t\t\t\t\t\n\t\t\t<\/div>\n\n\t\t\t<div class=\"cell small-12 medium-5 image\">\n\t\t\t\t<img loading=\"lazy\" decoding=\"async\" width=\"502\" height=\"335\" src=\"https:\/\/elsikkerhetsportalen.no\/fagne\/wp-content\/uploads\/2022\/07\/Ariston-502x335.jpg\" class=\"attachment-image-content size-image-content\" alt=\"\" srcset=\"https:\/\/elsikkerhetsportalen.no\/fagne\/wp-content\/uploads\/2022\/07\/Ariston-502x335.jpg 502w, https:\/\/elsikkerhetsportalen.no\/fagne\/wp-content\/uploads\/2022\/07\/Ariston-300x200.jpg 300w, https:\/\/elsikkerhetsportalen.no\/fagne\/wp-content\/uploads\/2022\/07\/Ariston.jpg 600w\" sizes=\"auto, (max-width: 502px) 100vw, 502px\" \/>\n\t\t\t<\/div>\n\n\t\t<\/div>\n\n\t\t\t\t\n\t<\/div>\n<\/section>\n\n\n\n<section id=\"image-content-block_256c882a62e06653aa2739b794a74950\" class=\"block-section image-content light  align-full\">\n\t<div class=\"grid-container\" id=\"scrollToMe-stovsugere\">\n\n\t\t<div class=\"grid-x grid-padding-x\">\n\n\t\t\t<div class=\"cell small-12 medium-7 content\">\n\t\t\t\t\t\t\t\t\t<h2 class=\"section-title\">St\u00f8vsugere<\/h2>\n\t\t\t\t\n\t\t\t\t\t\t\t\t\t<article><p><a href=\"https:\/\/farligeprodukter.no\/produkt\/100503\" target=\"_blank\" rel=\"noopener\">Batteripakke til PHILPS tr\u00e5dl\u00f8s st\u00f8vsuge<\/a>r er tilbakekalt pga. brannfare (5.12.24)<\/p>\n<p><a href=\"https:\/\/ec.europa.eu\/safety-gate-alerts\/screen\/webReport\/alertDetail\/10005064\" target=\"_blank\" rel=\"noopener\">Robotst\u00f8vsuger TESVOR solgt p\u00e5 bl.a. Amazon medf\u00f8rer ber\u00f8ringsfare.<\/a> (24.12.2021)<\/p>\n<p><a href=\"https:\/\/farligeprodukter.no\/produkt\/100217\">St\u00f8vsuger Electrolux Pure F9 \/ AEG FX9 trekkes tilbake pga. brannfare<\/a> (20.12.2021)<\/p>\n<p><a href=\"https:\/\/www.elsakerhetsverket.se\/privatpersoner\/dina-elprodukter\/forsaljningsforbud\/nilfisk-aterkallar-frivilligt-dammsugare\/\" target=\"_blank\" rel=\"noopener\">Nilfisk Handy 2in1 st\u00f8vsuger<\/a> <span class=\"JLqJ4b ChMk0b\" data-language-for-alternatives=\"no\" data-language-to-translate-into=\"sv\" data-phrase-index=\"0\" data-number-of-phrases=\"2\"><span class=\"Q4iAWc\">Nilfisk har funnet ut at noen modeller kan ha en defekt lader eller et defekt batteri.<\/span><\/span> <span class=\"JLqJ4b ChMk0b\" data-language-for-alternatives=\"no\" data-language-to-translate-into=\"sv\" data-phrase-index=\"1\" data-number-of-phrases=\"2\"><span class=\"Q4iAWc\">Det er fare for overoppheting og brann. <\/span><\/span>(29.10.2018)<\/p>\n<\/article>\n\t\t\t\t\n\t\t\t\t\t\t\t\t<div class=\"clearfix\"><\/div>\n\t\t\t\t\n\t\t\t\t\t\t\t\t\n\t\t\t<\/div>\n\n\t\t\t<div class=\"cell small-12 medium-5 image\">\n\t\t\t\t<img loading=\"lazy\" decoding=\"async\" width=\"502\" height=\"335\" src=\"https:\/\/elsikkerhetsportalen.no\/fagne\/wp-content\/uploads\/2022\/07\/Electrolux-502x335.jpg\" class=\"attachment-image-content size-image-content\" alt=\"Electrolux Pure st\u00f8vsuger tilbakekalt\" srcset=\"https:\/\/elsikkerhetsportalen.no\/fagne\/wp-content\/uploads\/2022\/07\/Electrolux-502x335.jpg 502w, https:\/\/elsikkerhetsportalen.no\/fagne\/wp-content\/uploads\/2022\/07\/Electrolux-300x200.jpg 300w, https:\/\/elsikkerhetsportalen.no\/fagne\/wp-content\/uploads\/2022\/07\/Electrolux.jpg 600w\" sizes=\"auto, (max-width: 502px) 100vw, 502px\" \/>\n\t\t\t<\/div>\n\n\t\t<\/div>\n\n\t\t\t\t\n\t<\/div>\n<\/section>\n\n\n\n<section class=\"block-section post-cards\">\n\t<div class=\"grid-container\">\n\n        <div class=\"grid-x grid-margin-x section-title-wrapper\">\n            <div class=\"cell small-12 medium-6\">\n                                    <h1 class=\"section-title\">Se ogs\u00e5<\/h1>\n                            <\/div>\n\n                    <\/div>\n\n        <div class=\"grid-x grid-margin-x cards-wrapper\">\n                                                                    <a href=\"https:\/\/elsikkerhetsportalen.no\/fagne\/hms\/pc-og-kaffekopp\/\" class=\"link-card cell small-12 medium-6\">\n    <article>\n        <div class=\"content\">\n            <h3 class=\"title\">PC og kaffekopp<\/h3>\n            <p class=\"excerpt\"><\/p>\n        <\/div>\n        <span class=\"icon icon-arrow-right\"><\/span>\n    <\/article>\n<\/a>                    \n                                                        <a href=\"https:\/\/elsikkerhetsportalen.no\/fagne\/usb-lader\/usb-lader-ki\/\" class=\"link-card cell small-12 medium-6\">\n    <article>\n        <div class=\"content\">\n            <h3 class=\"title\">USB lader KI<\/h3>\n            <p class=\"excerpt\"><\/p>\n        <\/div>\n        <span class=\"icon icon-arrow-right\"><\/span>\n    <\/article>\n<\/a>                    \n                                                    <\/div>\n\n    <\/div>\n<\/section>","protected":false},"excerpt":{"rendered":"","protected":false},"author":4,"featured_media":808,"parent":1171,"menu_order":2,"comment_status":"closed","ping_status":"closed","template":"","meta":{"_acf_changed":false,"footnotes":""},"class_list":["post-1150","page","type-page","status-publish","has-post-thumbnail","hentry"],"acf":[],"_links":{"self":[{"href":"https:\/\/elsikkerhetsportalen.no\/fagne\/wp-json\/wp\/v2\/pages\/1150","targetHints":{"allow":["GET"]}}],"collection":[{"href":"https:\/\/elsikkerhetsportalen.no\/fagne\/wp-json\/wp\/v2\/pages"}],"about":[{"href":"https:\/\/elsikkerhetsportalen.no\/fagne\/wp-json\/wp\/v2\/types\/page"}],"author":[{"embeddable":true,"href":"https:\/\/elsikkerhetsportalen.no\/fagne\/wp-json\/wp\/v2\/users\/4"}],"replies":[{"embeddable":true,"href":"https:\/\/elsikkerhetsportalen.no\/fagne\/wp-json\/wp\/v2\/comments?post=1150"}],"version-history":[{"count":0,"href":"https:\/\/elsikkerhetsportalen.no\/fagne\/wp-json\/wp\/v2\/pages\/1150\/revisions"}],"up":[{"embeddable":true,"href":"https:\/\/elsikkerhetsportalen.no\/fagne\/wp-json\/wp\/v2\/pages\/1171"}],"wp:featuredmedia":[{"embeddable":true,"href":"https:\/\/elsikkerhetsportalen.no\/fagne\/wp-json\/wp\/v2\/media\/808"}],"wp:attachment":[{"href":"https:\/\/elsikkerhetsportalen.no\/fagne\/wp-json\/wp\/v2\/media?parent=1150"}],"curies":[{"name":"wp","href":"https:\/\/api.w.org\/{rel}","templated":true}]}}