{"id":22,"date":"2021-02-03T21:30:22","date_gmt":"2021-02-03T21:30:22","guid":{"rendered":"http:\/\/elsikkerhetsportalen.no\/haugaland-kraft-nett\/?page_id=22"},"modified":"2025-11-11T08:28:07","modified_gmt":"2025-11-11T08:28:07","slug":"elkontroll","status":"publish","type":"page","link":"https:\/\/elsikkerhetsportalen.no\/fagne\/elektrisk-anlegg\/elkontroll\/","title":{"rendered":"Elkontroll og termografering"},"content":{"rendered":"\n<h1 class=\"wp-block-heading\">Elkontroll<\/h1>\n\n\n\n\n<section id=\"text-content-block_3aad3cd9f7bd778082443cc7b7979141\" class=\"block-section text-content   align-full\" >\n\t<div class=\"grid-container\">\n\t\t<div class=\"grid-x grid-padding-x\">\n\t\t\t<div class=\"cell small-12 medium-8 large-6 medium-offset-2 large-offset-3\">\n\t\t\t\t<p>Elektriske anlegg og elektrisk utstyr skal v\u00e6re trygge i bruk. Da m\u00e5 alle sikkerhetstiltakene som kreves v\u00e6re p\u00e5 plass. Feil i det elektriske anlegget eller elektrisk utstyr kan gi livsfarlige st\u00f8t og for\u00e5rsake brann. \u00c5 sjekke det elektriske anlegget kan v\u00e6re noe av det viktigste du gj\u00f8r.<\/p>\n\t\t\t<\/div>\n\t\t<\/div>\n\t<\/div>\n<\/section>\n\n\n\n\n<p>Eldre elektriske anlegg, mangelfullt vedlikehold, m\u00f8rke og kalde vintre, stort str\u00f8mforbruk og en stor trehusbebyggelse er medvirkende faktorer til at tekniske feil ofte f\u00f8rer til omfattende branner i Norge. Feil kan imidlertid ogs\u00e5 oppst\u00e5 p\u00e5 nyere elektriske anlegg.<\/p>\n\n\n\n<p>En elkontroll som utf\u00f8res av sertifisert virksomhet i henhold til <strong>NEK 405:2023<\/strong>, som er den gjeldende norske standarden for elkontroll, eltakst og elektrotermografi. Standarden stiller krav til kompetanse, gjennomf\u00f8ringsmetode og rapportering, slik at kontrollen gir en grundig og p\u00e5litelig vurdering av det elektriske anleggets tilstand.<\/p>\n\n\n\n<blockquote class=\"wp-block-quote is-layout-flow wp-block-quote-is-layout-flow\">\n<p><a href=\"https:\/\/elvirksomhetsregisteret.dsb.no\/\" data-type=\"link\" data-id=\"https:\/\/elvirksomhetsregisteret.dsb.no\/\" target=\"_blank\" rel=\"noreferrer noopener\">Her finner du elektrovirksomhet som kan ta oppdraget<\/a><\/p>\n<\/blockquote>\n\n\n\n<h3 class=\"wp-block-heading\">Elektrotermografering<\/h3>\n\n\n\n<p>Elektrotermografering er en metode for \u00e5 avdekke varmgang i elektriske installasjoner f\u00f8r det utvikler seg til feil eller brann. Ved hjelp av et termografikamera kan kontroll\u00f8ren se temperaturforskjeller som ikke er synlige for det blotte \u00f8ye, for eksempel i koblingspunkter, sikringer, kabler og tavler.<\/p>\n\n\n\n<p>Metoden er s\u00e6rlig nyttig i bygg med h\u00f8y belastning p\u00e5 det elektriske anlegget, som n\u00e6ringsbygg, landbruk og st\u00f8rre boliger. En elektrotermografisk kontroll utf\u00f8rt etter <strong>NEK 405-3<\/strong> stiller krav til b\u00e5de utstyr, oppl\u00f8sning, kalibrering og kompetanse hos den som utf\u00f8rer m\u00e5lingen. Resultatet dokumenteres i en rapport med bilder og vurderinger av temperaturavvik, slik at n\u00f8dvendige tiltak kan iverksettes f\u00f8r det oppst\u00e5r skade.<\/p>\n\n\n<div class=\"wp-block-image\">\n<figure class=\"aligncenter size-full is-resized\"><a href=\"https:\/\/elsikkerhetsportalen.no\/fagne\/wp-content\/uploads\/sites\/7\/2025\/11\/Termografi-5.jpg\"><img loading=\"lazy\" decoding=\"async\" width=\"640\" height=\"480\" src=\"https:\/\/elsikkerhetsportalen.no\/fagne\/wp-content\/uploads\/sites\/7\/2025\/11\/Termografi-5.jpg\" alt=\"\" class=\"wp-image-1905\" style=\"width:645px;height:auto\" srcset=\"https:\/\/elsikkerhetsportalen.no\/fagne\/wp-content\/uploads\/sites\/7\/2025\/11\/Termografi-5.jpg 640w, https:\/\/elsikkerhetsportalen.no\/fagne\/wp-content\/uploads\/sites\/7\/2025\/11\/Termografi-5-300x225.jpg 300w, https:\/\/elsikkerhetsportalen.no\/fagne\/wp-content\/uploads\/sites\/7\/2025\/11\/Termografi-5-502x376.jpg 502w\" sizes=\"auto, (max-width: 640px) 100vw, 640px\" \/><\/a><figcaption class=\"wp-element-caption\"><em>Et bilde som indikerer varmgang. Ved slike temperaturer kan isolasjonen svekkes og risikoen for brann \u00f8ker betydelig hvis feilen ikke utbedres.<\/em><br>Foto: Elsikkerhet Norge AS<\/figcaption><\/figure>\n<\/div>\n\n\n<p>Elektrotermografering avsl\u00f8rer feil lenge f\u00f8r de blir synlige eller farlige. Det gir en visuell temperaturprofil av anlegget, slik at:<\/p>\n\n\n\n<ul class=\"wp-block-list\">\n<li>Feil kan utbedres f\u00f8r de utvikler seg til varmgang eller brann<\/li>\n\n\n\n<li>Vedlikehold kan planlegges m\u00e5lrettet.<\/li>\n\n\n\n<li>Resultatene dokumenteres i rapport med bilder og temperaturavvik.<\/li>\n<\/ul>\n\n\n\n<h3 class=\"wp-block-heading\">F\u00e5 rabatt p\u00e5 forsikringen<\/h3>\n\n\n\n<p>Flere forsikringsselskaper tilbyr&nbsp;ordninger hvor du kan f\u00e5&nbsp;\u00e5rlig rabatt p\u00e5 boligforsikringen dersom du gjennomf\u00f8rer en elkontroll og utbedrer eventuelle feil og mangler som avdekkes. Det forutsettes ofte at kontrollene utf\u00f8res regelmessig som for eksempel hvert femte \u00e5r.<\/p>\n\n\n\n<p>Dersom du \u00f8nsker en elkontroll med muligheter for rabatt p\u00e5 boligforsikringen, m\u00e5 du ta kontakt med ditt forsikringsselskap og unders\u00f8ke om de har en slik ordning. De vil i s\u00e5 fall kunne svare deg p\u00e5 hvordan dette foreg\u00e5r i praksis.<\/p>\n\n\n\n<p>\u00a0Elkontroll er en liten investering for \u00e5 unng\u00e5 store konsekvenser.<\/p>\n\n\n\n<p><\/p>\n","protected":false},"excerpt":{"rendered":"<p>Elkontroll Eldre elektriske anlegg, mangelfullt vedlikehold, m\u00f8rke og kalde vintre, stort str\u00f8mforbruk og en stor trehusbebyggelse er medvirkende faktorer til at tekniske feil ofte f\u00f8rer til omfattende branner i Norge. Feil kan imidlertid ogs\u00e5 oppst\u00e5 p\u00e5 nyere elektriske anlegg. En elkontroll som utf\u00f8res av sertifisert virksomhet i henhold til NEK 405:2023, som er den gjeldende [&hellip;]<\/p>\n","protected":false},"author":4,"featured_media":1194,"parent":8,"menu_order":4,"comment_status":"closed","ping_status":"closed","template":"","meta":{"_acf_changed":false,"footnotes":""},"class_list":["post-22","page","type-page","status-publish","has-post-thumbnail","hentry"],"acf":[],"_links":{"self":[{"href":"https:\/\/elsikkerhetsportalen.no\/fagne\/wp-json\/wp\/v2\/pages\/22","targetHints":{"allow":["GET"]}}],"collection":[{"href":"https:\/\/elsikkerhetsportalen.no\/fagne\/wp-json\/wp\/v2\/pages"}],"about":[{"href":"https:\/\/elsikkerhetsportalen.no\/fagne\/wp-json\/wp\/v2\/types\/page"}],"author":[{"embeddable":true,"href":"https:\/\/elsikkerhetsportalen.no\/fagne\/wp-json\/wp\/v2\/users\/4"}],"replies":[{"embeddable":true,"href":"https:\/\/elsikkerhetsportalen.no\/fagne\/wp-json\/wp\/v2\/comments?post=22"}],"version-history":[{"count":0,"href":"https:\/\/elsikkerhetsportalen.no\/fagne\/wp-json\/wp\/v2\/pages\/22\/revisions"}],"up":[{"embeddable":true,"href":"https:\/\/elsikkerhetsportalen.no\/fagne\/wp-json\/wp\/v2\/pages\/8"}],"wp:featuredmedia":[{"embeddable":true,"href":"https:\/\/elsikkerhetsportalen.no\/fagne\/wp-json\/wp\/v2\/media\/1194"}],"wp:attachment":[{"href":"https:\/\/elsikkerhetsportalen.no\/fagne\/wp-json\/wp\/v2\/media?parent=22"}],"curies":[{"name":"wp","href":"https:\/\/api.w.org\/{rel}","templated":true}]}}