{"id":59,"date":"2021-02-03T21:36:00","date_gmt":"2021-02-03T21:36:00","guid":{"rendered":"http:\/\/elsikkerhetsportalen.no\/haugaland-kraft-nett\/?page_id=59"},"modified":"2022-01-21T14:53:14","modified_gmt":"2022-01-21T14:53:14","slug":"tavlebyggere","status":"publish","type":"page","link":"https:\/\/elsikkerhetsportalen.no\/fagne\/elbransjen\/tavlebyggere\/","title":{"rendered":"Tavlebyggere"},"content":{"rendered":"<section id=\"scrollable-shortcuts-block_607d46dd4e922\" class=\"block-section scrollable-shortcuts   align-full\">\n\t<div class=\"grid-container\">\n\t\t<div class=\"grid-x grid-padding-x\">\n\n\t\t\t<header class=\"cell small-12 medium-7\">\n\t\t\t\t\t\t\t\t\t<h1>Tavlebyggere <\/h1>\n\t\t\t\t\n\t\t\t\t\t\t\t\t\t<p class=\"ingress\">I prosessen med bestilling, produksjon og tilkobling av slike ferdigproduserte tavler, er det viktig at b\u00e5de tavlebygger og installat\u00f8r har n\u00f8dvendig kompetanse slik at tavlen egner seg til bruk p\u00e5 det aktuelle installasjonsstedet. Tavleprodusenter har imidlertid ingen registreringsplikt i Elvirksomhetsregisteret.<\/p>\n\t\t\t\t\n\t\t\t\t\t\t\t\t\t<h2 class=\"shortcuts-title\">Snarveier<span><span class=\"icon icon-arrow-down\"><\/span><\/span><\/h2>\n\t\t\t\t\n\t\t\t\t<nav><ul><li><a href=\"#myndighetsansvar\" class=\"link link--underlined\">Myndighetsansvar<\/a><\/li><li><a href=\"#kompetansekrav\" class=\"link link--underlined\">Kompetansekrav<\/a><\/li><\/ul><\/nav>\t\t\t<\/header>\n\n\t\t<\/div>\n\t<\/div>\n<\/section>\n\n\n\n<section id=\"image-content-block_607d47114e923\" class=\"block-section image-content light smaller-fonts no-image has-more-content  align-full\">\n\t<div class=\"grid-container\" id=\"scrollToMe-myndighetsansvar\">\n\n\t\t<div class=\"grid-x grid-padding-x\">\n\n\t\t\t<div class=\"cell small-12 medium-7 content\">\n\t\t\t\t\t\t\t\t\t<h2 class=\"section-title\">Myndighetsansvar<\/h2>\n\t\t\t\t\n\t\t\t\t\t\t\t\t\t<article><p>En elektrisk fordelingstavle, som leveres ferdig fra produsent med innmontert utstyr, anses som et elektrisk utstyr og skal derfor tilfredsstille kravene i forskrift om elektrisk utstyr (FEU). Alle fordelingstavler skal v\u00e6re utf\u00f8rt i samsvar med NEK EN 61439.<\/p>\n<\/article>\n\t\t\t\t\n\t\t\t\t\t\t\t\t<div class=\"clearfix\"><\/div>\n\t\t\t\t\n\t\t\t\t\t\t\t\t\n\t\t\t\t\t<a\n\t\t\t\t\t\thref=\"#\"\n\t\t\t\t\t\tclass=\"button-plus content-toggler\"\n\t\t\t\t\t\tdata-initialtext=\"Les mer\"\n\t\t\t\t\t\tdata-toggletext=\"Les mindre\"\n\t\t\t\t\t\tdata-target=\"ic-hidden-block_607d47114e923\"\n\t\t\t\t\t\trole=\"button\"\n\t\t\t\t\t\trel=\"nofollow\"\n\t\t\t\t\t\taria-label=\"\u00c5pne skjult innhold\"\n\t\t\t\t\t\taria-expanded=\"false\">\n\t\t\t\t\t\t<span>Les mer<\/span>\n\t\t\t\t\t\t<span class=\"icon icon-plus\"><\/span>\n\t\t\t\t\t<\/a>\n\t\t\t\t\n\t\t\t<\/div>\n\n\t\t\t<div class=\"cell small-12 medium-5 image\">\n\t\t\t\t\t\t\t\t\t\n\t\t\t\t\t\n\t\t\t\t\n\t\t\t<\/div>\n\n\t\t<\/div>\n\n\t\t\t\t\t\t<div class=\"grid-x grid-padding-x hidden-more-content\" aria-expanded=\"false\" aria-hidden=\"true\" id=\"ic-hidden-block_607d47114e923\">\n\t\t\t<div class=\"cell small-12 medium-7 content\">\n\t\t\t\t<article>\n\t\t\t\t<p>Norsk Elektroteknisk Komit\u00e9 (NEK)\u00a0har gitt ut\u00a0normsamlingen NEK 439. Dette\u00a0er en normsamling i tre deler som omhandler generelle krav og utforming, elektriske lavspenningstavler for spesielle form\u00e5l, samt spesifikasjoner av disse.\u00a0\u00a0Disse\u00a0normene\u00a0ivaretar kravene i NEK EN 61439.<\/p>\n<ul>\n<li>NEK 439 Del A inneholder generelle krav til elektriske lavspenningstavler inkludert de spesifikke kravene for tavler som skal betjenes av henholdsvis sakkyndige personer og ikke-sakkyndig personer.<br \/>\nDel A inneholder NEK 439 del 1-3.<\/li>\n<li>NEK 439 Del B inneholder krav til mer spesialiserte tavler og kanalskinnesystemer, som tilleggskrav for tavler til byggeplasser, kabelskap for allment forsyningsnett, kanalskinnesystemer, tavler for marinaer og campingplasser. Det gj\u00f8res oppmerksom p\u00e5 at kravene i del B m\u00e5 ses i sammenheng med de generelle kravene angitt i NEK EN 61439-1, som er plassert i del A.<br \/>\nDel B inneholder NEK 439 del 4-7.<\/li>\n<li>NEK 439 Del C er en guide som skal underst\u00f8tte god kvalitet ved spesifisering av tavler, kanalskinnesystemer og kabelskap. Guiden vil v\u00e6re et viktig redskap for de som skal bestille tavler. Normserien baserer seg nemlig p\u00e5 at bestiller skal ta stilling til og spesifisere en del forhold. Guiden inneholder nyttig hjelpetekst og tabeller som underst\u00f8tter slike prosesser.<br \/>\nDel C inneholder NEK 439 del 0.<\/li>\n<li>NEK 400 stiller krav om at elektriske lavspenningstavler skal v\u00e6re bygget i henhold til NEK 439.<\/li>\n<li>Som en bekreftelse p\u00e5 at sikkerhetskravene er oppfylt, skal det foreligge en samsvarserkl\u00e6ring fra produsenten, jf.\u00a0FEU \u00a7 12 og\u00a0tavlen skal v\u00e6re CE-merket, jf.\u00a0FEU \u00a7 14.<\/li>\n<li>Det er viktig at fordelingstavlen er tilpasset elanlegget det skal installeres i samt at installat\u00f8r monterer tavlen etter monteringsanvisningen.<\/li>\n<\/ul>\n\t\t\t\t<\/article>\n\t\t\t<\/div>\n\n\t\t\t<div class=\"cell small-12 medium-5 image\">\n\t\t\t\t\t\t\t<\/div>\n\t\t<\/div>\n\t\t\n\t<\/div>\n<\/section>\n\n\n\n<section id=\"image-content-block_607d47494e926\" class=\"block-section image-content dark smaller-fonts no-image has-more-content  align-full\">\n\t<div class=\"grid-container\" id=\"scrollToMe-kompetansekrav\">\n\n\t\t<div class=\"grid-x grid-padding-x\">\n\n\t\t\t<div class=\"cell small-12 medium-7 content\">\n\t\t\t\t\t\t\t\t\t<h2 class=\"section-title\">Kompetansekrav<\/h2>\n\t\t\t\t\n\t\t\t\t\t\t\t\t\t<article><p>\u200bForskrift om elektroforetak og kvalifikasjonskrav for arbeid knyttet til elanlegg og elektrisk utstyr (FEK) er ikke gjeldene for de som bygger fordelingstavler. Det er dermed ingen formelle krav til kompetanse for de som skal produsere fordelingstavler. Det er likevel en forutsetning at arbeidstakerne har den n\u00f8dvendige kompetansen til \u00e5 utf\u00f8re sine arbeidsoppgaver.<\/p>\n<\/article>\n\t\t\t\t\n\t\t\t\t\t\t\t\t<div class=\"clearfix\"><\/div>\n\t\t\t\t\n\t\t\t\t\t\t\t\t\n\t\t\t\t\t<a\n\t\t\t\t\t\thref=\"#\"\n\t\t\t\t\t\tclass=\"button-plus content-toggler\"\n\t\t\t\t\t\tdata-initialtext=\"Les mer\"\n\t\t\t\t\t\tdata-toggletext=\"Les mindre\"\n\t\t\t\t\t\tdata-target=\"ic-hidden-block_607d47494e926\"\n\t\t\t\t\t\trole=\"button\"\n\t\t\t\t\t\trel=\"nofollow\"\n\t\t\t\t\t\taria-label=\"\u00c5pne skjult innhold\"\n\t\t\t\t\t\taria-expanded=\"false\">\n\t\t\t\t\t\t<span>Les mer<\/span>\n\t\t\t\t\t\t<span class=\"icon icon-plus\"><\/span>\n\t\t\t\t\t<\/a>\n\t\t\t\t\n\t\t\t<\/div>\n\n\t\t\t<div class=\"cell small-12 medium-5 image\">\n\t\t\t\t\t\t\t\t\t\n\t\t\t\t\t\n\t\t\t\t\n\t\t\t<\/div>\n\n\t\t<\/div>\n\n\t\t\t\t\t\t<div class=\"grid-x grid-padding-x hidden-more-content\" aria-expanded=\"false\" aria-hidden=\"true\" id=\"ic-hidden-block_607d47494e926\">\n\t\t\t<div class=\"cell small-12 medium-7 content\">\n\t\t\t\t<article>\n\t\t\t\t<div class=\"entry-content\">\n<p>Den som konstruerer og bygger en fordelingstavle m\u00e5 tilfredsstille alle krav som gitt i forskrift om elektrisk utstyr (FEU), med tilh\u00f8rende normer. I forskrift om elektrisk utstyr, og relevante normer, stilles det krav til at den ferdigstilte fordelingstavlen skal v\u00e6re sikker \u00e5 benytte samt v\u00e6re tilpasset\u00a0elanlegget den skal v\u00e6re installert i. For \u00e5 kunne oppn\u00e5 dette, m\u00e5 arbeidstakerne ha kompetanse p\u00e5 arbeidet som skal utf\u00f8res.<\/p>\n<p>For arbeid som utf\u00f8res i Norge, er det ogs\u00e5 et krav om at dette utf\u00f8res i henhold til norske forskrifter som regulerer arbeidstakersikkerhet. Dette inneb\u00e6rer at der arbeidstakere utf\u00f8rer arbeid p\u00e5 eller i n\u00e6rheten av et spenningsatt elektrisk utstyr\/anleggsdel, s\u00e5 stilles det krav til oppl\u00e6ring og rutiner for slike arbeider. Dette er med bakgrunn i interkontrollforskriften og forskrift om sikkerhet ved arbeid i og drift av elanlegg (FSE).<\/p>\n<div id=\"share-after-1464\" class=\"share-after share-outlined share-small\">\n<div id=\"facebook-after-1464\" class=\"facebook sharrre\" data-url=\"https:\/\/www.elsikkerhetsportalen.no\/sikringsskap\/tavlebyggere\/\" data-urlalt=\"https:\/\/www.elsikkerhetsportalen.no\/?p=1464\" data-text=\"Tavlebyggere\" data-title=\"Share\" data-reader=\"Share on Facebook\" data-count=\"%s shares on Facebook\">\n<div class=\"box no-count\"><a class=\"share\" href=\"https:\/\/www.elsikkerhetsportalen.no\/sikringsskap\/tavlebyggere\/#\" aria-labelledby=\"facebook-after-1464-label\"><span aria-hidden=\"true\">Share<\/span><\/a><\/div>\n<\/div>\n<div id=\"twitter-after-1464\" class=\"twitter sharrre\" data-url=\"https:\/\/www.elsikkerhetsportalen.no\/sikringsskap\/tavlebyggere\/\" data-urlalt=\"https:\/\/www.elsikkerhetsportalen.no\/?p=1464\" data-text=\"Tavlebyggere\" data-title=\"Tweet\" data-reader=\"Tweet this\" data-count=\"%s Tweets\">\n<div class=\"box no-count\"><a class=\"share\" href=\"https:\/\/www.elsikkerhetsportalen.no\/sikringsskap\/tavlebyggere\/#\" aria-labelledby=\"twitter-after-1464-label\"><span aria-hidden=\"true\">Tweet<\/span><\/a><\/div>\n<\/div>\n<\/div>\n<div class=\"yarpp-related\">\n<h3>Vi anbefaler ogs\u00e5 informasjon om:<\/h3>\n<ol>\n<li><a title=\"Samsvarserkl\u00e6ring for maskiner\" href=\"https:\/\/www.elsikkerhetsportalen.no\/ukategorisert\/samsvarserklaering-for-maskiner\/\" rel=\"bookmark\">Samsvarserkl\u00e6ring for maskiner\u00a0<abbr title=\"27.000000 er YARPP resultat-terskel mellom det gjeldende og relaterte innholdet. Du ser denne poeng-summen fordi du er logget inn i WordPress som en administrator. Det blir ikke vist til vanlig bes\u00f8kende.\">(27)<\/abbr><\/a><\/li>\n<li><a title=\"Nyhetsbladet Elsikkerhet\" href=\"https:\/\/www.elsikkerhetsportalen.no\/dokumentarkiv-for-dle\/nyhetsbladet-elsikkerhet\/\" rel=\"bookmark\">Nyhetsbladet Elsikkerhet\u00a0<abbr title=\"24.000000 er YARPP resultat-terskel mellom det gjeldende og relaterte innholdet. Du ser denne poeng-summen fordi du er logget inn i WordPress som en administrator. Det blir ikke vist til vanlig bes\u00f8kende.\">(24)<\/abbr><\/a><\/li>\n<li><a title=\"Komfyrvakt redder liv\" href=\"https:\/\/www.elsikkerhetsportalen.no\/nyheter\/komfyrvakt-redder-liv\/\" rel=\"bookmark\">Komfyrvakt redder liv\u00a0<abbr title=\"15.800000 er YARPP resultat-terskel mellom det gjeldende og relaterte innholdet. Du ser denne poeng-summen fordi du er logget inn i WordPress som en administrator. Det blir ikke vist til vanlig bes\u00f8kende.\">(15.8)<\/abbr><\/a><\/li>\n<li><a title=\"1. Regelverkskrav\" href=\"https:\/\/www.elsikkerhetsportalen.no\/hms\/1\/\" rel=\"bookmark\">1. Regelverkskrav\u00a0<abbr title=\"15.500000 er YARPP resultat-terskel mellom det gjeldende og relaterte innholdet. Du ser denne poeng-summen fordi du er logget inn i WordPress som en administrator. Det blir ikke vist til vanlig bes\u00f8kende.\">(15.5)<\/abbr><\/a><\/li>\n<li><a title=\"Automatsikringer\" href=\"https:\/\/www.elsikkerhetsportalen.no\/sikringsskap\/automatsikringer\/\" rel=\"bookmark\">Automatsikringer\u00a0<abbr title=\"15.200000 er YARPP resultat-terskel mellom det gjeldende og relaterte innholdet. Du ser denne poeng-summen fordi du er logget inn i WordPress som en administrator. Det blir ikke vist til vanlig bes\u00f8kende.\">(15.2)<\/abbr><\/a><\/li>\n<\/ol>\n<\/div>\n<\/div>\n<footer class=\"entry-footer\">\n<p class=\"entry-meta\"><a class=\"post-edit-link\" href=\"https:\/\/www.elsikkerhetsportalen.no\/wp-admin\/post.php?post=1464&amp;action=edit\">(REDIGER)<\/a><\/p>\n<\/footer>\n\t\t\t\t<\/article>\n\t\t\t<\/div>\n\n\t\t\t<div class=\"cell small-12 medium-5 image\">\n\t\t\t\t\t\t\t<\/div>\n\t\t<\/div>\n\t\t\n\t<\/div>\n<\/section>\n\n\n\n<section class=\"block-section post-cards\">\n\t<div class=\"grid-container\">\n\n        <div class=\"grid-x grid-margin-x section-title-wrapper\">\n            <div class=\"cell small-12 medium-6\">\n                                    <h1 class=\"section-title\">Vi anbefaler<\/h1>\n                            <\/div>\n\n                    <\/div>\n\n        <div class=\"grid-x grid-margin-x cards-wrapper\">\n                                                                    <a href=\"https:\/\/elsikkerhetsportalen.no\/fagne\/elbransjen\/regelverk\/\" class=\"link-card cell small-12 medium-6\">\n    <article>\n        <div class=\"content\">\n            <h3 class=\"title\">Regelverket<\/h3>\n            <p class=\"excerpt\"><\/p>\n        <\/div>\n        <span class=\"icon icon-arrow-right\"><\/span>\n    <\/article>\n<\/a>                    \n                                                        <a href=\"https:\/\/elsikkerhetsportalen.no\/fagne\/om-elsikkerhetsportalen\/nyhetsbladet-elsikkerhet\/\" class=\"link-card cell small-12 medium-6\">\n    <article>\n        <div class=\"content\">\n            <h3 class=\"title\">Nyhetsbladet Elsikkerhet<\/h3>\n            <p class=\"excerpt\"><\/p>\n        <\/div>\n        <span class=\"icon icon-arrow-right\"><\/span>\n    <\/article>\n<\/a>                    \n                                                    <\/div>\n\n    <\/div>\n<\/section>","protected":false},"excerpt":{"rendered":"","protected":false},"author":1,"featured_media":0,"parent":14,"menu_order":5,"comment_status":"closed","ping_status":"closed","template":"","meta":{"_acf_changed":false,"footnotes":""},"class_list":["post-59","page","type-page","status-publish","hentry"],"acf":[],"_links":{"self":[{"href":"https:\/\/elsikkerhetsportalen.no\/fagne\/wp-json\/wp\/v2\/pages\/59","targetHints":{"allow":["GET"]}}],"collection":[{"href":"https:\/\/elsikkerhetsportalen.no\/fagne\/wp-json\/wp\/v2\/pages"}],"about":[{"href":"https:\/\/elsikkerhetsportalen.no\/fagne\/wp-json\/wp\/v2\/types\/page"}],"author":[{"embeddable":true,"href":"https:\/\/elsikkerhetsportalen.no\/fagne\/wp-json\/wp\/v2\/users\/1"}],"replies":[{"embeddable":true,"href":"https:\/\/elsikkerhetsportalen.no\/fagne\/wp-json\/wp\/v2\/comments?post=59"}],"version-history":[{"count":0,"href":"https:\/\/elsikkerhetsportalen.no\/fagne\/wp-json\/wp\/v2\/pages\/59\/revisions"}],"up":[{"embeddable":true,"href":"https:\/\/elsikkerhetsportalen.no\/fagne\/wp-json\/wp\/v2\/pages\/14"}],"wp:attachment":[{"href":"https:\/\/elsikkerhetsportalen.no\/fagne\/wp-json\/wp\/v2\/media?parent=59"}],"curies":[{"name":"wp","href":"https:\/\/api.w.org\/{rel}","templated":true}]}}