{"id":61,"date":"2021-02-03T21:37:31","date_gmt":"2021-02-03T21:37:31","guid":{"rendered":"http:\/\/elsikkerhetsportalen.no\/haugaland-kraft-nett\/?page_id=61"},"modified":"2024-06-06T06:57:01","modified_gmt":"2024-06-06T06:57:01","slug":"kontakt-dle","status":"publish","type":"page","link":"https:\/\/elsikkerhetsportalen.no\/fagne\/dle\/kontakt-dle\/","title":{"rendered":"Kontakt DLE"},"content":{"rendered":"\n<p>Det lokale eltilsynet utf\u00f8rer tilsyn i private hjem og i virksomheter.<\/p>\n\n\n\n<ul class=\"wp-block-list\">\n<li><strong>Seksjonsleder DLE:<\/strong>\u00a0<a href=\"mailto:rolf.magnar.robberstad@fagne.no\">Rolf M. Robberstad<\/a><\/li>\n\n\n\n<li><strong>Fagansvarlig tilsyn:<\/strong>\u00a0Tilsynsingeni\u00f8r\u00a0<a href=\"mailto:nils.saltnes@fagne.no\">Nils Saltnes<\/a><\/li>\n\n\n\n<li><strong>Ansvarlig brannetterforsking:<\/strong>\u00a0Tilsynsingeni\u00f8r\u00a0<a href=\"mailto:ronny.gjerde@fagne.no\">Ronny Gjerde<\/a><\/li>\n\n\n\n<li><strong>Informasjonsansvarlig<\/strong>: Tilsynsingeni\u00f8r <a href=\"mailto:rune.larsen@fagne.no\">Rune Larsen<\/a><\/li>\n<\/ul>\n\n\n\n<p><\/p>\n\n\n\n<ul class=\"wp-block-list\">\n<li>Tilsynsingeni\u00f8r\u00a0<a href=\"mailto:haakon.e.mehus@fagne.no\">Haakon Mehus<\/a><\/li>\n\n\n\n<li>Tilsynsingeni\u00f8r\u00a0<a href=\"mailto:morten.larsen@fagne.no\">Morten Larsen<\/a><\/li>\n\n\n\n<li>Tilsynsingeni\u00f8r\u00a0<a href=\"mailto:einar.birger.ostebo@fagne.no\">Einar Birger \u00d8steb\u00f8<\/a><\/li>\n\n\n\n<li>Tilsynsingeni\u00f8r\u00a0<a href=\"mailto:bjarne.bunes@fagne.no\">Bjarne Bunes<\/a><\/li>\n\n\n\n<li>Tilsynsingeni\u00f8r\u00a0<a href=\"mailto:oyvind.brekke@fagne.no\">\u00d8yvind Brekke<\/a><\/li>\n\n\n\n<li>Tilsynsingeni\u00f8r\u00a0<a href=\"mailto:jan.ove.karlsen@fagne.no\">Jan Ove Karlsen<\/a><\/li>\n\n\n\n<li>Tilsynsingeni\u00f8r\u00a0<a href=\"mailto:thomas.lund.midtun@fagne.no\">Thomas Lund Midtun<\/a><\/li>\n\n\n\n<li>Tilsynsingeni\u00f8r <a href=\"mailto:anders.kallevik@fagne.no\">Anders Kallevik<\/a><\/li>\n\n\n\n<li>Tilsynsingeni\u00f8r <a href=\"mailto:helge.traeet@fagne.no\">Helge Myrmel Tr\u00e6et<\/a><\/li>\n<\/ul>\n\n\n\n<p><strong>Kontaktpersoner for tilsynsrelaterte henvendelser i f\u00f8lgende omr\u00e5der:<\/strong><\/p>\n\n\n\n<ul class=\"wp-block-list\">\n<li>Sauda og Suldal:\u00a0 \u00a0 \u00a0\u00a0<a href=\"mailto:haakon.e.mehus@fagne.no\">Haakon Mehus<\/a><\/li>\n\n\n\n<li>Stord og Fitjar:\u00a0 \u00a0 \u00a0 \u00a0 \u00a0\u00a0<a href=\"mailto:morten.larsen@fagne.no\">Morten Larsen<\/a><\/li>\n\n\n\n<li>Odda og Ullensvang:\u00a0<a href=\"mailto:jan.ove.karlsen@fagne.no\">Jan Ove Karlsen<\/a><\/li>\n<\/ul>\n\n\n\n<p>For andre henvendelser til DLE Fagne AS benytt&nbsp;<a href=\"mailto:eltilsyn@fagne.no\">eltilsyn@fagne.no<\/a><\/p>\n","protected":false},"excerpt":{"rendered":"<p>Det lokale eltilsynet utf\u00f8rer tilsyn i private hjem og i virksomheter. Kontaktpersoner for tilsynsrelaterte henvendelser i f\u00f8lgende omr\u00e5der: For andre henvendelser til DLE Fagne AS benytt&nbsp;eltilsyn@fagne.no<\/p>\n","protected":false},"author":1,"featured_media":0,"parent":15,"menu_order":2,"comment_status":"closed","ping_status":"closed","template":"","meta":{"_acf_changed":false,"footnotes":""},"class_list":["post-61","page","type-page","status-publish","hentry"],"acf":[],"_links":{"self":[{"href":"https:\/\/elsikkerhetsportalen.no\/fagne\/wp-json\/wp\/v2\/pages\/61","targetHints":{"allow":["GET"]}}],"collection":[{"href":"https:\/\/elsikkerhetsportalen.no\/fagne\/wp-json\/wp\/v2\/pages"}],"about":[{"href":"https:\/\/elsikkerhetsportalen.no\/fagne\/wp-json\/wp\/v2\/types\/page"}],"author":[{"embeddable":true,"href":"https:\/\/elsikkerhetsportalen.no\/fagne\/wp-json\/wp\/v2\/users\/1"}],"replies":[{"embeddable":true,"href":"https:\/\/elsikkerhetsportalen.no\/fagne\/wp-json\/wp\/v2\/comments?post=61"}],"version-history":[{"count":0,"href":"https:\/\/elsikkerhetsportalen.no\/fagne\/wp-json\/wp\/v2\/pages\/61\/revisions"}],"up":[{"embeddable":true,"href":"https:\/\/elsikkerhetsportalen.no\/fagne\/wp-json\/wp\/v2\/pages\/15"}],"wp:attachment":[{"href":"https:\/\/elsikkerhetsportalen.no\/fagne\/wp-json\/wp\/v2\/media?parent=61"}],"curies":[{"name":"wp","href":"https:\/\/api.w.org\/{rel}","templated":true}]}}