{"id":10,"date":"2021-02-03T21:28:43","date_gmt":"2021-02-03T21:28:22","guid":{"rendered":"http:\/\/elsikkerhetsportalen.no\/varanger-kraftnett\/?page_id=10"},"modified":"2026-02-06T12:34:35","modified_gmt":"2026-02-06T12:34:35","slug":"kjope-eller-pusse-opp","status":"publish","type":"page","link":"https:\/\/elsikkerhetsportalen.no\/foie\/kjope-eller-pusse-opp\/","title":{"rendered":"Kj\u00f8pe eller pusse opp?"},"content":{"rendered":"<section id=\"scrollable-shortcuts-block_60914fc7ba682\" class=\"block-section scrollable-shortcuts   align-full\">\n\t<div class=\"grid-container\">\n\t\t<div class=\"grid-x grid-padding-x\">\n\n\t\t\t<header class=\"cell small-12 medium-7\">\n\t\t\t\t\t\t\t\t\t<h1>Kj\u00f8pe, pusse opp eller bygge nytt?<\/h1>\n\t\t\t\t\n\t\t\t\t\t\t\t\t\t<p class=\"ingress\">Enten du skal kj\u00f8pe bolig, pusse opp eller bygge nytt, er det en god id\u00e9 \u00e5 tenke elsikkerhet helt fra starten av. Her gir vi deg noe gode r\u00e5d for hvordan du kan g\u00e5 frem.  <\/p>\n\t\t\t\t\n\t\t\t\t\t\t\t\t\t<h2 class=\"shortcuts-title\">Snarveier<span><span class=\"icon icon-arrow-down\"><\/span><\/span><\/h2>\n\t\t\t\t\n\t\t\t\t<nav><ul><li><a href=\"#tips-til-visningen\" class=\"link link--underlined\">Tips til visningen<\/a><\/li><li><a href=\"#tips-til-oppussing-og-bygging\" class=\"link link--underlined\">Tips til oppussing og bygging<\/a><\/li><li><a href=\"#smarthus\" class=\"link link--underlined\">Smarthus<\/a><\/li><\/ul><\/nav>\t\t\t<\/header>\n\n\t\t<\/div>\n\t<\/div>\n<\/section>\n\n\n\n<section id=\"image-content-block_609150bcba683\" class=\"block-section image-content light  align-full\">\n\t<div class=\"grid-container\" id=\"scrollToMe-tips-til-visningen\">\n\n\t\t<div class=\"grid-x grid-padding-x\">\n\n\t\t\t<div class=\"cell small-12 medium-7 content\">\n\t\t\t\t\t\t\t\t\t<h2 class=\"section-title\">Tips til visningen<\/h2>\n\t\t\t\t\n\t\t\t\t\t\t\t\t\t<article><p>N\u00e5r du er p\u00e5 visning, er det lurt \u00e5 ta det elektriske anlegget med i betraktningen. Her gir vi deg tips til hva du b\u00f8r se etter.<\/p>\n<\/article>\n\t\t\t\t\n\t\t\t\t\t\t<a class=\"link link--underlined\" href=\"https:\/\/elsikkerhetsportalen.no\/foie\/kjope-eller-pusse-opp\/visning\/\" target=\"_self\">\n\t\t\tG\u00e5 til siden\t\t<\/a>\n\t\t\t\t\t<div class=\"clearfix\"><\/div>\n\t\t\t\t\n\t\t\t\t\t\t\t\t\n\t\t\t<\/div>\n\n\t\t\t<div class=\"cell small-12 medium-5 image\">\n\t\t\t\t<img loading=\"lazy\" decoding=\"async\" width=\"502\" height=\"335\" src=\"https:\/\/elsikkerhetsportalen.no\/foie\/wp-content\/uploads\/sites\/32\/2021\/06\/Til-salgs-600x400-1-502x335.jpg\" class=\"attachment-image-content size-image-content\" alt=\"\" srcset=\"https:\/\/elsikkerhetsportalen.no\/foie\/wp-content\/uploads\/sites\/32\/2021\/06\/Til-salgs-600x400-1-502x335.jpg 502w, https:\/\/elsikkerhetsportalen.no\/foie\/wp-content\/uploads\/sites\/32\/2021\/06\/Til-salgs-600x400-1-300x200.jpg 300w, https:\/\/elsikkerhetsportalen.no\/foie\/wp-content\/uploads\/sites\/32\/2021\/06\/Til-salgs-600x400-1.jpg 600w\" sizes=\"auto, (max-width: 502px) 100vw, 502px\" \/>\n\t\t\t<\/div>\n\n\t\t<\/div>\n\n\t\t\t\t\n\t<\/div>\n<\/section>\n\n\n\n<section id=\"image-content-block_60915141ba685\" class=\"block-section image-content dark  align-full\">\n\t<div class=\"grid-container\" id=\"scrollToMe-tips-til-oppussing-og-bygging\">\n\n\t\t<div class=\"grid-x grid-padding-x\">\n\n\t\t\t<div class=\"cell small-12 medium-7 content\">\n\t\t\t\t\t\t\t\t\t<h2 class=\"section-title\">Tips til oppussing og bygging<\/h2>\n\t\t\t\t\n\t\t\t\t\t\t\t\t\t<article><p>Skal du pusse opp eller bygge nytt, er det viktig at arbeidet utf\u00f8res p\u00e5 en elsikker m\u00e5te. Her kan du lese mer hva du b\u00f8r tenke p\u00e5.<\/p>\n<\/article>\n\t\t\t\t\n\t\t\t\t\t\t<a class=\"link link--underlined\" href=\"https:\/\/elsikkerhetsportalen.no\/foie\/kjope-eller-pusse-opp\/oppussing\/\" target=\"_self\">\n\t\t\tG\u00e5 til siden\t\t<\/a>\n\t\t\t\t\t<div class=\"clearfix\"><\/div>\n\t\t\t\t\n\t\t\t\t\t\t\t\t\n\t\t\t<\/div>\n\n\t\t\t<div class=\"cell small-12 medium-5 image\">\n\t\t\t\t<img loading=\"lazy\" decoding=\"async\" width=\"502\" height=\"335\" src=\"https:\/\/elsikkerhetsportalen.no\/foie\/wp-content\/uploads\/sites\/32\/2021\/05\/Hustegning-600x400-1-502x335.jpg\" class=\"attachment-image-content size-image-content\" alt=\"\" srcset=\"https:\/\/elsikkerhetsportalen.no\/foie\/wp-content\/uploads\/sites\/32\/2021\/05\/Hustegning-600x400-1-502x335.jpg 502w, https:\/\/elsikkerhetsportalen.no\/foie\/wp-content\/uploads\/sites\/32\/2021\/05\/Hustegning-600x400-1-300x200.jpg 300w, https:\/\/elsikkerhetsportalen.no\/foie\/wp-content\/uploads\/sites\/32\/2021\/05\/Hustegning-600x400-1.jpg 600w\" sizes=\"auto, (max-width: 502px) 100vw, 502px\" \/>\n\t\t\t<\/div>\n\n\t\t<\/div>\n\n\t\t\t\t\n\t<\/div>\n<\/section>\n\n\n\n<section id=\"image-content-block_60915171ba686\" class=\"block-section image-content light  align-full\">\n\t<div class=\"grid-container\" id=\"scrollToMe-smarthus\">\n\n\t\t<div class=\"grid-x grid-padding-x\">\n\n\t\t\t<div class=\"cell small-12 medium-7 content\">\n\t\t\t\t\t\t\t\t\t<h2 class=\"section-title\">Smarthus<\/h2>\n\t\t\t\t\n\t\t\t\t\t\t\t\t\t<article><p>Med et smarthus kan du f\u00e5 l\u00f8sninger som gj\u00f8r hverdagen din b\u00e5de enklere og mer elsikker.<\/p>\n<\/article>\n\t\t\t\t\n\t\t\t\t\t\t<a class=\"link link--underlined\" href=\"https:\/\/elsikkerhetsportalen.no\/foie\/kjope-eller-pusse-opp\/smarthjem\/\" target=\"_self\">\n\t\t\tG\u00e5 til siden\t\t<\/a>\n\t\t\t\t\t<div class=\"clearfix\"><\/div>\n\t\t\t\t\n\t\t\t\t\t\t\t\t\n\t\t\t<\/div>\n\n\t\t\t<div class=\"cell small-12 medium-5 image\">\n\t\t\t\t<img loading=\"lazy\" decoding=\"async\" width=\"502\" height=\"335\" src=\"https:\/\/elsikkerhetsportalen.no\/foie\/wp-content\/uploads\/sites\/32\/2021\/06\/Smarthus-502x335.jpg\" class=\"attachment-image-content size-image-content\" alt=\"\" srcset=\"https:\/\/elsikkerhetsportalen.no\/foie\/wp-content\/uploads\/sites\/32\/2021\/06\/Smarthus-502x335.jpg 502w, https:\/\/elsikkerhetsportalen.no\/foie\/wp-content\/uploads\/sites\/32\/2021\/06\/Smarthus-300x200.jpg 300w, https:\/\/elsikkerhetsportalen.no\/foie\/wp-content\/uploads\/sites\/32\/2021\/06\/Smarthus-1024x683.jpg 1024w, https:\/\/elsikkerhetsportalen.no\/foie\/wp-content\/uploads\/sites\/32\/2021\/06\/Smarthus-768x512.jpg 768w, https:\/\/elsikkerhetsportalen.no\/foie\/wp-content\/uploads\/sites\/32\/2021\/06\/Smarthus-1536x1024.jpg 1536w, https:\/\/elsikkerhetsportalen.no\/foie\/wp-content\/uploads\/sites\/32\/2021\/06\/Smarthus-2048x1366.jpg 2048w\" sizes=\"auto, (max-width: 502px) 100vw, 502px\" \/>\n\t\t\t<\/div>\n\n\t\t<\/div>\n\n\t\t\t\t\n\t<\/div>\n<\/section>\n","protected":false},"excerpt":{"rendered":"","protected":false},"author":1,"featured_media":0,"parent":0,"menu_order":10,"comment_status":"closed","ping_status":"closed","template":"","meta":{"_acf_changed":false,"footnotes":""},"class_list":["post-10","page","type-page","status-publish","hentry"],"acf":[],"_links":{"self":[{"href":"https:\/\/elsikkerhetsportalen.no\/foie\/wp-json\/wp\/v2\/pages\/10","targetHints":{"allow":["GET"]}}],"collection":[{"href":"https:\/\/elsikkerhetsportalen.no\/foie\/wp-json\/wp\/v2\/pages"}],"about":[{"href":"https:\/\/elsikkerhetsportalen.no\/foie\/wp-json\/wp\/v2\/types\/page"}],"author":[{"embeddable":true,"href":"https:\/\/elsikkerhetsportalen.no\/foie\/wp-json\/wp\/v2\/users\/1"}],"replies":[{"embeddable":true,"href":"https:\/\/elsikkerhetsportalen.no\/foie\/wp-json\/wp\/v2\/comments?post=10"}],"version-history":[{"count":0,"href":"https:\/\/elsikkerhetsportalen.no\/foie\/wp-json\/wp\/v2\/pages\/10\/revisions"}],"wp:attachment":[{"href":"https:\/\/elsikkerhetsportalen.no\/foie\/wp-json\/wp\/v2\/media?parent=10"}],"curies":[{"name":"wp","href":"https:\/\/api.w.org\/{rel}","templated":true}]}}