{"id":25,"date":"2021-02-03T21:31:38","date_gmt":"2021-02-03T21:31:38","guid":{"rendered":"http:\/\/elsikkerhetsportalen.no\/varanger-kraftnett\/?page_id=25"},"modified":"2021-11-05T10:04:35","modified_gmt":"2021-11-05T10:04:35","slug":"hvitevarer","status":"publish","type":"page","link":"https:\/\/elsikkerhetsportalen.no\/foie\/elektrisk-utstyr\/hvitevarer\/","title":{"rendered":"Hvitevarer"},"content":{"rendered":"<section id=\"scrollable-shortcuts-block_6076c82f86534\" class=\"block-section scrollable-shortcuts   align-full\">\n\t<div class=\"grid-container\">\n\t\t<div class=\"grid-x grid-padding-x\">\n\n\t\t\t<header class=\"cell small-12 medium-7\">\n\t\t\t\t\t\t\t\t\t<h1>Hvitevarer<\/h1>\n\t\t\t\t\n\t\t\t\t\t\t\t\t\t<p class=\"ingress\">I f\u00f8lge brannstatistikken er hvitevarer de mest brannutsatte gjenstandene vi har i husene v\u00e5re. Det er derfor viktig at du er v\u00e5ken og til stede n\u00e5r du bruker hvitevarer som for eksempel vaskemaskin, t\u00f8rketrommel og oppvaskmaskin. <\/p>\n\t\t\t\t\n\t\t\t\t\t\t\t\t\t<h2 class=\"shortcuts-title\">Snarveier<span><span class=\"icon icon-arrow-down\"><\/span><\/span><\/h2>\n\t\t\t\t\n\t\t\t\t<nav><ul><li><a href=\"#la-vaskemaskinen-hvile-om-natten\" class=\"link link--underlined\">La vaskemaskinen hvile om natten<\/a><\/li><li><a href=\"#roykvarsleren-redder-liv\" class=\"link link--underlined\">R\u00f8ykvarsleren redder liv!<\/a><\/li><li><a href=\"#bruk-komfyrvakt\" class=\"link link--underlined\">Bruk komfyrvakt!<\/a><\/li><\/ul><\/nav>\t\t\t<\/header>\n\n\t\t<\/div>\n\t<\/div>\n<\/section>\n\n\n\n<section id=\"image-content-block_6061bb73a3b7f\" class=\"block-section image-content light has-more-content  align-full\">\n\t<div class=\"grid-container\" id=\"scrollToMe-la-vaskemaskinen-hvile-om-natten\">\n\n\t\t<div class=\"grid-x grid-padding-x\">\n\n\t\t\t<div class=\"cell small-12 medium-7 content\">\n\t\t\t\t\t\t\t\t\t<h2 class=\"section-title\">La vaskemaskinen hvile om natten<\/h2>\n\t\t\t\t\n\t\t\t\t\t\t\t\t\t<article><p>Det er ikke slik at hvitevarer har st\u00f8rre sjans for \u00e5 ta fyr p\u00e5 natten, men det skal mer til at du oppdager det i tide n\u00e5r du sover.<\/p>\n<\/article>\n\t\t\t\t\n\t\t\t\t\t\t\t\t<div class=\"clearfix\"><\/div>\n\t\t\t\t\n\t\t\t\t\t\t\t\t\n\t\t\t\t\t<a\n\t\t\t\t\t\thref=\"#\"\n\t\t\t\t\t\tclass=\"button-plus content-toggler\"\n\t\t\t\t\t\tdata-initialtext=\"Les mer\"\n\t\t\t\t\t\tdata-toggletext=\"Les mindre\"\n\t\t\t\t\t\tdata-target=\"ic-hidden-block_6061bb73a3b7f\"\n\t\t\t\t\t\trole=\"button\"\n\t\t\t\t\t\trel=\"nofollow\"\n\t\t\t\t\t\taria-label=\"\u00c5pne skjult innhold\"\n\t\t\t\t\t\taria-expanded=\"false\">\n\t\t\t\t\t\t<span>Les mer<\/span>\n\t\t\t\t\t\t<span class=\"icon icon-plus\"><\/span>\n\t\t\t\t\t<\/a>\n\t\t\t\t\n\t\t\t<\/div>\n\n\t\t\t<div class=\"cell small-12 medium-5 image\">\n\t\t\t\t<img loading=\"lazy\" decoding=\"async\" width=\"502\" height=\"335\" src=\"https:\/\/elsikkerhetsportalen.no\/foie\/wp-content\/uploads\/sites\/32\/2021\/04\/Vaskemaskin-sover-502x335.jpg\" class=\"attachment-image-content size-image-content\" alt=\"\" srcset=\"https:\/\/elsikkerhetsportalen.no\/foie\/wp-content\/uploads\/sites\/32\/2021\/04\/Vaskemaskin-sover-502x335.jpg 502w, https:\/\/elsikkerhetsportalen.no\/foie\/wp-content\/uploads\/sites\/32\/2021\/04\/Vaskemaskin-sover-300x200.jpg 300w, https:\/\/elsikkerhetsportalen.no\/foie\/wp-content\/uploads\/sites\/32\/2021\/04\/Vaskemaskin-sover.jpg 600w\" sizes=\"auto, (max-width: 502px) 100vw, 502px\" \/>\n\t\t\t<\/div>\n\n\t\t<\/div>\n\n\t\t\t\t\t\t<div class=\"grid-x grid-padding-x hidden-more-content\" aria-expanded=\"false\" aria-hidden=\"true\" id=\"ic-hidden-block_6061bb73a3b7f\">\n\t\t\t<div class=\"cell small-12 medium-7 content\">\n\t\t\t\t<article>\n\t\t\t\t<p>Hvitevarer som vaskemaskiner, t\u00f8rketromler og oppvaskmaskiner\u00a0bruker relativt mye str\u00f8m og utsettes for p\u00e5kjenninger som varme, fuktighet, vibrasjoner og st\u00f8v\/lo. Maskinene inneholder ogs\u00e5 mye elektronikk, varmelementer, vifter og motorer.\u00a0<strong>Det er ikke uvanlig at\u00a0det starter brann i\u00a0disse maskinene.<\/strong><\/p>\n<p>Her er noen gode tips til bruk av hvitevarer:<\/p>\n<ul>\n<li>Ikke bruk hvitevarer n\u00e5r ingen er hjemme eller om natten n\u00e5r alle sover.<\/li>\n<li>Husk \u00e5 rengj\u00f8re lofilteret i t\u00f8rketrommelen etter bruk. Tette lofiltre kan\u00a0faktisk gi s\u00e5 h\u00f8y varmeutvikling at det f\u00f8rer til brann.<\/li>\n<li>F\u00f8lg produsentens anvisning med tanke p\u00e5 plassering og bruk av maskinene.<\/li>\n<\/ul>\n\t\t\t\t<\/article>\n\t\t\t<\/div>\n\n\t\t\t<div class=\"cell small-12 medium-5 image\">\n\t\t\t\t<img loading=\"lazy\" decoding=\"async\" width=\"502\" height=\"335\" src=\"https:\/\/elsikkerhetsportalen.no\/foie\/wp-content\/uploads\/sites\/32\/2021\/04\/Brent-vaskemaskin-502x335.jpg\" class=\"attachment-image-content size-image-content\" alt=\"\" srcset=\"https:\/\/elsikkerhetsportalen.no\/foie\/wp-content\/uploads\/sites\/32\/2021\/04\/Brent-vaskemaskin-502x335.jpg 502w, https:\/\/elsikkerhetsportalen.no\/foie\/wp-content\/uploads\/sites\/32\/2021\/04\/Brent-vaskemaskin-300x200.jpg 300w, https:\/\/elsikkerhetsportalen.no\/foie\/wp-content\/uploads\/sites\/32\/2021\/04\/Brent-vaskemaskin.jpg 600w\" sizes=\"auto, (max-width: 502px) 100vw, 502px\" \/>\t\t\t<\/div>\n\t\t<\/div>\n\t\t\n\t<\/div>\n<\/section>\n\n\n\n<section id=\"image-content-block_606300bea3b82\" class=\"block-section image-content dark has-more-content  align-full\">\n\t<div class=\"grid-container\" id=\"scrollToMe-roykvarsleren-redder-liv\">\n\n\t\t<div class=\"grid-x grid-padding-x\">\n\n\t\t\t<div class=\"cell small-12 medium-7 content\">\n\t\t\t\t\t\t\t\t\t<h2 class=\"section-title\">R\u00f8ykvarsleren redder liv!<\/h2>\n\t\t\t\t\n\t\t\t\t\t\t\t\t\t<article><p>En god r\u00f8ykvarsler kan redde livet ditt n\u00e5r uhellet f\u00f8rst er ute.<\/p>\n<\/article>\n\t\t\t\t\n\t\t\t\t\t\t\t\t<div class=\"clearfix\"><\/div>\n\t\t\t\t\n\t\t\t\t\t\t\t\t\n\t\t\t\t\t<a\n\t\t\t\t\t\thref=\"#\"\n\t\t\t\t\t\tclass=\"button-plus content-toggler\"\n\t\t\t\t\t\tdata-initialtext=\"Les mer\"\n\t\t\t\t\t\tdata-toggletext=\"Les mindre\"\n\t\t\t\t\t\tdata-target=\"ic-hidden-block_606300bea3b82\"\n\t\t\t\t\t\trole=\"button\"\n\t\t\t\t\t\trel=\"nofollow\"\n\t\t\t\t\t\taria-label=\"\u00c5pne skjult innhold\"\n\t\t\t\t\t\taria-expanded=\"false\">\n\t\t\t\t\t\t<span>Les mer<\/span>\n\t\t\t\t\t\t<span class=\"icon icon-plus\"><\/span>\n\t\t\t\t\t<\/a>\n\t\t\t\t\n\t\t\t<\/div>\n\n\t\t\t<div class=\"cell small-12 medium-5 image\">\n\t\t\t\t<img loading=\"lazy\" decoding=\"async\" width=\"502\" height=\"335\" src=\"https:\/\/elsikkerhetsportalen.no\/foie\/wp-content\/uploads\/sites\/32\/2021\/04\/Roykvarsler-pip2-502x335.jpg\" class=\"attachment-image-content size-image-content\" alt=\"\" srcset=\"https:\/\/elsikkerhetsportalen.no\/foie\/wp-content\/uploads\/sites\/32\/2021\/04\/Roykvarsler-pip2-502x335.jpg 502w, https:\/\/elsikkerhetsportalen.no\/foie\/wp-content\/uploads\/sites\/32\/2021\/04\/Roykvarsler-pip2-300x200.jpg 300w, https:\/\/elsikkerhetsportalen.no\/foie\/wp-content\/uploads\/sites\/32\/2021\/04\/Roykvarsler-pip2.jpg 600w\" sizes=\"auto, (max-width: 502px) 100vw, 502px\" \/>\n\t\t\t<\/div>\n\n\t\t<\/div>\n\n\t\t\t\t\t\t<div class=\"grid-x grid-padding-x hidden-more-content\" aria-expanded=\"false\" aria-hidden=\"true\" id=\"ic-hidden-block_606300bea3b82\">\n\t\t\t<div class=\"cell small-12 medium-7 content\">\n\t\t\t\t<article>\n\t\t\t\t<p>Oppst\u00e5r det varmgang eller et branntill\u00f8p kan dette utvikle seg over lengre tid uten at man blir oppmerksom p\u00e5 det. Dette gjelder s\u00e6rlig hvis de st\u00e5r i egne rom eller er plassert i kjelleren. I vaskerom (og kj\u00f8kken) b\u00f8r du kun bruke optisk r\u00f8ykvarsler som\u00a0b\u00f8r v\u00e6re koblet sammen med de \u00f8vrige r\u00f8ykvarslerne i hjemmet.<\/p>\n\t\t\t\t<\/article>\n\t\t\t<\/div>\n\n\t\t\t<div class=\"cell small-12 medium-5 image\">\n\t\t\t\t\t\t\t<\/div>\n\t\t<\/div>\n\t\t\n\t<\/div>\n<\/section>\n\n\n\n<section id=\"image-content-block_606c2c33c93e8\" class=\"block-section image-content none has-more-content  align-full\">\n\t<div class=\"grid-container\" id=\"scrollToMe-bruk-komfyrvakt\">\n\n\t\t<div class=\"grid-x grid-padding-x\">\n\n\t\t\t<div class=\"cell small-12 medium-7 content\">\n\t\t\t\t\t\t\t\t\t<h2 class=\"section-title\">Bruk komfyrvakt!<\/h2>\n\t\t\t\t\n\t\t\t\t\t\t\t\t\t<article><p>Komfyrvakt er en enkel m\u00e5te \u00e5 gj\u00f8re matlagingen tryggere p\u00e5.<\/p>\n<\/article>\n\t\t\t\t\n\t\t\t\t\t\t\t\t<div class=\"clearfix\"><\/div>\n\t\t\t\t\n\t\t\t\t\t\t\t\t\n\t\t\t\t\t<a\n\t\t\t\t\t\thref=\"#\"\n\t\t\t\t\t\tclass=\"button-plus content-toggler\"\n\t\t\t\t\t\tdata-initialtext=\"Les mer\"\n\t\t\t\t\t\tdata-toggletext=\"Les mindre\"\n\t\t\t\t\t\tdata-target=\"ic-hidden-block_606c2c33c93e8\"\n\t\t\t\t\t\trole=\"button\"\n\t\t\t\t\t\trel=\"nofollow\"\n\t\t\t\t\t\taria-label=\"\u00c5pne skjult innhold\"\n\t\t\t\t\t\taria-expanded=\"false\">\n\t\t\t\t\t\t<span>Les mer<\/span>\n\t\t\t\t\t\t<span class=\"icon icon-plus\"><\/span>\n\t\t\t\t\t<\/a>\n\t\t\t\t\n\t\t\t<\/div>\n\n\t\t\t<div class=\"cell small-12 medium-5 image\">\n\t\t\t\t<img loading=\"lazy\" decoding=\"async\" width=\"502\" height=\"335\" src=\"https:\/\/elsikkerhetsportalen.no\/foie\/wp-content\/uploads\/sites\/32\/2021\/04\/Komfyrvakt-pip-502x335.jpg\" class=\"attachment-image-content size-image-content\" alt=\"\" srcset=\"https:\/\/elsikkerhetsportalen.no\/foie\/wp-content\/uploads\/sites\/32\/2021\/04\/Komfyrvakt-pip-502x335.jpg 502w, https:\/\/elsikkerhetsportalen.no\/foie\/wp-content\/uploads\/sites\/32\/2021\/04\/Komfyrvakt-pip-300x200.jpg 300w, https:\/\/elsikkerhetsportalen.no\/foie\/wp-content\/uploads\/sites\/32\/2021\/04\/Komfyrvakt-pip.jpg 600w\" sizes=\"auto, (max-width: 502px) 100vw, 502px\" \/>\n\t\t\t<\/div>\n\n\t\t<\/div>\n\n\t\t\t\t\t\t<div class=\"grid-x grid-padding-x hidden-more-content\" aria-expanded=\"false\" aria-hidden=\"true\" id=\"ic-hidden-block_606c2c33c93e8\">\n\t\t\t<div class=\"cell small-12 medium-7 content\">\n\t\t\t\t<article>\n\t\t\t\t<p>Regel nummer \u00e9n er\u00a0<strong>alltid \u00e5 holde oppsikt med komfyren mens den st\u00e5r p\u00e5<\/strong>. En brann oppst\u00e5r sv\u00e6rt fort, og den lille tiden du forlater kj\u00f8kkenet kan v\u00e6re nok til at ting g\u00e5r veldig galt. Hvis du blir avbrutt i matlagingen, skru ned varmen p\u00e5 kokeplatene.<\/p>\n<p>Branntill\u00f8p under matlaging kan ogs\u00e5 lett spre seg til kj\u00f8kkenvifta og f\u00f8re til rask og uventet brannspredning. Matfettet i kj\u00f8kkenvifta kan faktisk selvantennes(!) av varmestr\u00e5ling fra komfyren.\u00a0<strong>Husk derfor \u00e5 rengj\u00f8re kj\u00f8kkenvifta regelmessig for matfett slik at risikoen for brann blir mindre!<\/strong><\/p>\n<h3>Slik monterer du selv en enkel komfyrvakt <\/h3><p><iframe loading=\"lazy\" title=\"Slik monterer du komfyrvakt\" width=\"500\" height=\"281\" src=\"https:\/\/www.youtube.com\/embed\/kCqBqw6wPzQ?start=1&#038;feature=oembed\" frameborder=\"0\" allow=\"accelerometer; autoplay; clipboard-write; encrypted-media; gyroscope; picture-in-picture; web-share\" referrerpolicy=\"strict-origin-when-cross-origin\" allowfullscreen><\/iframe><\/p>\n<p>\u200bKomfyrbranner oppst\u00e5r hyppigst hos eldre og unge enslige. D\u00f8dsbrannene skjer ofte om natten n\u00e5r den unge mannen skal lage seg nattmat og sovner fra matlagingen. Selv om komfyrbranner er hyppigste \u00e5rsaken til boligbrann, har kun seks prosent montert komfyrvakt.<\/p>\n<p>En komfyrvakt kan enkelt installeres, og i nye boliger er det et krav om \u00e5 ha det. En komfyrvakt sl\u00e5r av komfyren hvis kjelen blir t\u00f8rrkokt eller en plate blir st\u00e5ende p\u00e5. Enkelte komfyrvakter kan ogs\u00e5 brukes som barnesikring av komfyren.\u00a0<strong>Komfyrvakt er et fornuftig sikkerhetstiltak i alle boliger.<\/strong><\/p>\n<p>Komfyrvakten i nye boliger skal monteres av elektriker og v\u00e6re en del av den faste installasjonen. Det betyr at du skal kunne plugge inn hvilke som helst komfyr eller platetopp, uten \u00e5 m\u00e5tte tenke p\u00e5 at dette skal ber\u00f8re komfyrvakten.\u00a0Dersom f\u00f8leren som sitter over komfyren ikke er fastmontert m\u00e5 det v\u00e6re mekanismer som gj\u00f8r at str\u00f8mmen kobles ut dersom f\u00f8leren blir fjernet. Dersom f\u00f8ler er tr\u00e5dl\u00f8s skal det varsles ved d\u00e5rlig batteri og str\u00f8mmen kobles ut dersom batteriet er tomt.<\/p>\n\t\t\t\t<\/article>\n\t\t\t<\/div>\n\n\t\t\t<div class=\"cell small-12 medium-5 image\">\n\t\t\t\t\t\t\t<\/div>\n\t\t<\/div>\n\t\t\n\t<\/div>\n<\/section>\n\n\n\n<section class=\"block-section post-cards\">\n\t<div class=\"grid-container\">\n\n        <div class=\"grid-x grid-margin-x section-title-wrapper\">\n            <div class=\"cell small-12 medium-6\">\n                                    <h1 class=\"section-title\">Vi anbefaler<\/h1>\n                            <\/div>\n\n                    <\/div>\n\n        <div class=\"grid-x grid-margin-x cards-wrapper\">\n                                                                    <a href=\"https:\/\/elsikkerhetsportalen.no\/foie\/elektrisk-utstyr\/kjop-og-bruk-av-elektrisk-utstyr\/\" class=\"link-card cell small-12 medium-6\">\n    <article>\n        <div class=\"content\">\n            <h3 class=\"title\">Kj\u00f8p og bruk av elektrisk utstyr<\/h3>\n            <p class=\"excerpt\"><\/p>\n        <\/div>\n        <span class=\"icon icon-arrow-right\"><\/span>\n    <\/article>\n<\/a>                    \n                                                        <a href=\"https:\/\/elsikkerhetsportalen.no\/foie\/nar-vasken-brenner\/\" class=\"link-card cell small-12 medium-6\">\n    <article>\n        <div class=\"content\">\n            <h3 class=\"title\">N\u00e5r vasken brenner<\/h3>\n            <p class=\"excerpt\">Brannen startet i utleieleiligheten. N\u00e5r du leier ut en del av hjemmet ditt, har leietaker&#8230;<\/p>\n        <\/div>\n        <span class=\"icon icon-arrow-right\"><\/span>\n    <\/article>\n<\/a>                    \n                                                        <a href=\"https:\/\/elsikkerhetsportalen.no\/foie\/slik-bor-studenten-trygt\/\" class=\"link-card cell small-12 medium-6\">\n    <article>\n        <div class=\"content\">\n            <h3 class=\"title\">Slik bor studenten trygt<\/h3>\n            <p class=\"excerpt\">Utrygge, blokkerte eller manglende r\u00f8mningsveier er en av de st\u00f8rste farene i mange boliger. R\u00f8mningsveiene&#8230;<\/p>\n        <\/div>\n        <span class=\"icon icon-arrow-right\"><\/span>\n    <\/article>\n<\/a>                    \n                                                    <\/div>\n\n    <\/div>\n<\/section>","protected":false},"excerpt":{"rendered":"","protected":false},"author":1,"featured_media":0,"parent":9,"menu_order":3,"comment_status":"closed","ping_status":"closed","template":"","meta":{"_acf_changed":false,"footnotes":""},"class_list":["post-25","page","type-page","status-publish","hentry"],"acf":[],"_links":{"self":[{"href":"https:\/\/elsikkerhetsportalen.no\/foie\/wp-json\/wp\/v2\/pages\/25","targetHints":{"allow":["GET"]}}],"collection":[{"href":"https:\/\/elsikkerhetsportalen.no\/foie\/wp-json\/wp\/v2\/pages"}],"about":[{"href":"https:\/\/elsikkerhetsportalen.no\/foie\/wp-json\/wp\/v2\/types\/page"}],"author":[{"embeddable":true,"href":"https:\/\/elsikkerhetsportalen.no\/foie\/wp-json\/wp\/v2\/users\/1"}],"replies":[{"embeddable":true,"href":"https:\/\/elsikkerhetsportalen.no\/foie\/wp-json\/wp\/v2\/comments?post=25"}],"version-history":[{"count":0,"href":"https:\/\/elsikkerhetsportalen.no\/foie\/wp-json\/wp\/v2\/pages\/25\/revisions"}],"up":[{"embeddable":true,"href":"https:\/\/elsikkerhetsportalen.no\/foie\/wp-json\/wp\/v2\/pages\/9"}],"wp:attachment":[{"href":"https:\/\/elsikkerhetsportalen.no\/foie\/wp-json\/wp\/v2\/media?parent=25"}],"curies":[{"name":"wp","href":"https:\/\/api.w.org\/{rel}","templated":true}]}}