{"id":557,"date":"2021-04-12T12:56:47","date_gmt":"2021-04-12T12:56:47","guid":{"rendered":"https:\/\/elsikkerhetsportalen.no\/varanger-kraftnett\/?page_id=557"},"modified":"2022-02-08T13:49:36","modified_gmt":"2022-02-08T13:49:36","slug":"sikringsskap","status":"publish","type":"page","link":"https:\/\/elsikkerhetsportalen.no\/foie\/elektrisk-anlegg\/sikringsskap\/","title":{"rendered":"Sikringsskap"},"content":{"rendered":"<section id=\"scrollable-shortcuts-block_6074403a40c30\" class=\"block-section scrollable-shortcuts   align-full\">\n\t<div class=\"grid-container\">\n\t\t<div class=\"grid-x grid-padding-x\">\n\n\t\t\t<header class=\"cell small-12 medium-7\">\n\t\t\t\t\t\t\t\t\t<h1>Sikringsskapet<\/h1>\n\t\t\t\t\n\t\t\t\t\t\t\t\t\t<p class=\"ingress\">Sikringsskapet er den sentrale delen av det elektriske anlegget, og skal ivareta sikkerheten i anlegget.\r\nEn sikring brukes i elektriske installasjoner for \u00e5 beskytte ledninger og apparater mot overbelastning og kortslutning. I sikringsskapet er det en rekke sikringer som kontrollerer str\u00f8mflyten til ulike deler av hjemmet ditt. \u00c9n sikring kan for eksempel dekke flere soverom, men du har ogs\u00e5 dedikerte sikringer til apparater som trekker mye str\u00f8m som varmtvannsbereder og stekeovn. En kurs betegner inndelingen av det elektriske anlegget. Kursen beskyttes av en sikring.<\/p>\n\t\t\t\t\n\t\t\t\t\t\t\t\t\t<h2 class=\"shortcuts-title\">Snarveier<span><span class=\"icon icon-arrow-down\"><\/span><\/span><\/h2>\n\t\t\t\t\n\t\t\t\t<nav><ul><li><a href=\"#skrusikringer\" class=\"link link--underlined\">Skrusikringer<\/a><\/li><li><a href=\"#automatsikringer\" class=\"link link--underlined\">Automatsikringer<\/a><\/li><li><a href=\"#overspenningsvern\" class=\"link link--underlined\">Overspenningsvern<\/a><\/li><li><a href=\"#jordfeilbryter\" class=\"link link--underlined\">Jordfeilbryter<\/a><\/li><li><a href=\"#jordfeilvarsler\" class=\"link link--underlined\">Jordfeilvarsler<\/a><\/li><\/ul><\/nav>\t\t\t<\/header>\n\n\t\t<\/div>\n\t<\/div>\n<\/section>\n\n\n\n<section id=\"image-content-block_607440e240c31\" class=\"block-section image-content light has-more-content  align-full\">\n\t<div class=\"grid-container\" id=\"scrollToMe-skrusikringer\">\n\n\t\t<div class=\"grid-x grid-padding-x\">\n\n\t\t\t<div class=\"cell small-12 medium-7 content\">\n\t\t\t\t\t\t\t\t\t<h2 class=\"section-title\">Skrusikringer<\/h2>\n\t\t\t\t\n\t\t\t\t\t\t\t\t\t<article><p>D\u00e5rlige kontaktpunkter og varmgang er spesielt aktuelt i eldre sikringsskap med skrusikringer. Dersom du har et slikt sikringsskap, b\u00f8r du v\u00e6re oppmerksom.<\/p>\n<\/article>\n\t\t\t\t\n\t\t\t\t\t\t\t\t<div class=\"clearfix\"><\/div>\n\t\t\t\t\n\t\t\t\t\t\t\t\t\n\t\t\t\t\t<a\n\t\t\t\t\t\thref=\"#\"\n\t\t\t\t\t\tclass=\"button-plus content-toggler\"\n\t\t\t\t\t\tdata-initialtext=\"Les mer\"\n\t\t\t\t\t\tdata-toggletext=\"Les mindre\"\n\t\t\t\t\t\tdata-target=\"ic-hidden-block_607440e240c31\"\n\t\t\t\t\t\trole=\"button\"\n\t\t\t\t\t\trel=\"nofollow\"\n\t\t\t\t\t\taria-label=\"\u00c5pne skjult innhold\"\n\t\t\t\t\t\taria-expanded=\"false\">\n\t\t\t\t\t\t<span>Les mer<\/span>\n\t\t\t\t\t\t<span class=\"icon icon-plus\"><\/span>\n\t\t\t\t\t<\/a>\n\t\t\t\t\n\t\t\t<\/div>\n\n\t\t\t<div class=\"cell small-12 medium-5 image\">\n\t\t\t\t<img loading=\"lazy\" decoding=\"async\" width=\"502\" height=\"335\" src=\"https:\/\/elsikkerhetsportalen.no\/foie\/wp-content\/uploads\/sites\/32\/2021\/04\/Sikringsskap-skru-502x335.jpg\" class=\"attachment-image-content size-image-content\" alt=\"Bilde av skrusikringer i sikringsskap\" srcset=\"https:\/\/elsikkerhetsportalen.no\/foie\/wp-content\/uploads\/sites\/32\/2021\/04\/Sikringsskap-skru-502x335.jpg 502w, https:\/\/elsikkerhetsportalen.no\/foie\/wp-content\/uploads\/sites\/32\/2021\/04\/Sikringsskap-skru-300x200.jpg 300w, https:\/\/elsikkerhetsportalen.no\/foie\/wp-content\/uploads\/sites\/32\/2021\/04\/Sikringsskap-skru.jpg 600w\" sizes=\"auto, (max-width: 502px) 100vw, 502px\" \/>\n\t\t\t<\/div>\n\n\t\t<\/div>\n\n\t\t\t\t\t\t<div class=\"grid-x grid-padding-x hidden-more-content\" aria-expanded=\"false\" aria-hidden=\"true\" id=\"ic-hidden-block_607440e240c31\">\n\t\t\t<div class=\"cell small-12 medium-7 content\">\n\t\t\t\t<article>\n\t\t\t\t<ul>\n<li>Minimum \u00e9n gang i \u00e5ret, m\u00e5 du\u00a0<strong>skru til sikringslokkene<\/strong>. Disse har lett for \u00e5 l\u00f8sne noe over tid.<\/li>\n<li>Du m\u00e5 aldri sette inn st\u00f8rre sikringer enn det som st\u00e5r i kursfortegnelsen.\u00a0<strong>Bruk av for store eller falske sikringer kan f\u00f8re til overbelastning av ledningen<\/strong>. Dette har f\u00f8rt til en rekke branner.<\/li>\n<li>Sjekk at bunnskruen (porselensring) er intakt slik at det ikke er mulig \u00e5 sette inn en for stor sikring.<\/li>\n<\/ul>\n<blockquote><p>Det er ulovlig \u00e5 manipulere sikringer fordi det inneb\u00e6rer brannfare.<\/p><\/blockquote>\n<ul>\n<li>Du m\u00e5 f\u00f8lge med p\u00e5 at sikringene ikke er unormalt varme.\u00a0<strong>Sjekk det om vinteren n\u00e5r str\u00f8mforbruket er st\u00f8rst.\u00a0<\/strong>Hvis de er s\u00e5 varme at du ikke kan holde h\u00e5nden p\u00e5 dem, m\u00e5 du kontakte en elektriker som kan unders\u00f8ke forholdene n\u00e6rmere.<\/li>\n<li>Unng\u00e5 \u00e5 skru sikringene ut eller inn mens det er stor belastning p\u00e5 kursen. Det kan f\u00f8re til lysbuer\/gnister som lager sveisepunkter i sikringslokket og i bunnen av sikringselementet. Slike sveisepunkter vil igjen f\u00f8re til d\u00e5rlig kontakt og \u00f8ke risikoen for varmgang. Skru derfor av de apparatene som er tilkoblet kursen f\u00f8r du skrur ut eller inn sikringen. F\u00f8lg ogs\u00e5 med p\u00e5 at det ikke ser brent ut i sikringslokket eller i bunn av sikringselementet.<\/li>\n<li>Du skal<strong>\u00a0ikke ta p\u00e5 ledninger eller koblinger<\/strong>\u00a0inne i sikringsskapet. Hvis du ser ledninger som har blitt misfarget, eller at isolasjonen rett og slett har begynt \u00e5 smelte, m\u00e5 elektriker kontaktes snarest!<\/li>\n<li>Det er ikke lenger tillatt med skrusikringer i nye boliger. Imidlertid finnes det ingen direkte krav om \u00e5 skifte ut gamle sikringsskap. Har du et slikt, tyder det likevel p\u00e5 at elektriske anlegget din begynner \u00e5 bli gammelt. Da er det sannsynligvis heller ikke tilpasset dagens bruk.<\/li>\n<\/ul>\n<p>En oppgradering av sikringsskapet, med bruk av automatsikringer og jordfeilbrytere med fordeling av belastningen over flere kurser vil definitivt \u00f8ke sikkerheten. Kontakt elektriker og be om et tilbud!<\/p>\n<a class=\"link link--underlined\" href=\"https:\/\/elsikkerhetsportalen.no\/foie\/elektrisk-anlegg\/finn-elektriker\/\" target=\"_self\">Finn elektriker<\/a>\t\t\t\t<\/article>\n\t\t\t<\/div>\n\n\t\t\t<div class=\"cell small-12 medium-5 image\">\n\t\t\t\t\t\t\t<\/div>\n\t\t<\/div>\n\t\t\n\t<\/div>\n<\/section>\n\n\n\n<section id=\"image-content-block_6074417440c34\" class=\"block-section image-content dark has-more-content  align-full\">\n\t<div class=\"grid-container\" id=\"scrollToMe-automatsikringer\">\n\n\t\t<div class=\"grid-x grid-padding-x\">\n\n\t\t\t<div class=\"cell small-12 medium-7 content\">\n\t\t\t\t\t\t\t\t\t<h2 class=\"section-title\">Automatsikringer<\/h2>\n\t\t\t\t\n\t\t\t\t\t\t\t\t\t<article><p>Sikringsskapet er et knutepunkt med store belastninger og risiko for varmgang dersom det oppst\u00e5r en feil, selv med automatsikringer.<\/p>\n<\/article>\n\t\t\t\t\n\t\t\t\t\t\t\t\t<div class=\"clearfix\"><\/div>\n\t\t\t\t\n\t\t\t\t\t\t\t\t\n\t\t\t\t\t<a\n\t\t\t\t\t\thref=\"#\"\n\t\t\t\t\t\tclass=\"button-plus content-toggler\"\n\t\t\t\t\t\tdata-initialtext=\"Les mer\"\n\t\t\t\t\t\tdata-toggletext=\"Les mindre\"\n\t\t\t\t\t\tdata-target=\"ic-hidden-block_6074417440c34\"\n\t\t\t\t\t\trole=\"button\"\n\t\t\t\t\t\trel=\"nofollow\"\n\t\t\t\t\t\taria-label=\"\u00c5pne skjult innhold\"\n\t\t\t\t\t\taria-expanded=\"false\">\n\t\t\t\t\t\t<span>Les mer<\/span>\n\t\t\t\t\t\t<span class=\"icon icon-plus\"><\/span>\n\t\t\t\t\t<\/a>\n\t\t\t\t\n\t\t\t<\/div>\n\n\t\t\t<div class=\"cell small-12 medium-5 image\">\n\t\t\t\t<img loading=\"lazy\" decoding=\"async\" width=\"502\" height=\"335\" src=\"https:\/\/elsikkerhetsportalen.no\/foie\/wp-content\/uploads\/sites\/32\/2021\/04\/Sikringsskap-aut-502x335.jpg\" class=\"attachment-image-content size-image-content\" alt=\"bilde av sikringsskap med automatsikringer\" srcset=\"https:\/\/elsikkerhetsportalen.no\/foie\/wp-content\/uploads\/sites\/32\/2021\/04\/Sikringsskap-aut-502x335.jpg 502w, https:\/\/elsikkerhetsportalen.no\/foie\/wp-content\/uploads\/sites\/32\/2021\/04\/Sikringsskap-aut-300x200.jpg 300w, https:\/\/elsikkerhetsportalen.no\/foie\/wp-content\/uploads\/sites\/32\/2021\/04\/Sikringsskap-aut.jpg 600w\" sizes=\"auto, (max-width: 502px) 100vw, 502px\" \/>\n\t\t\t<\/div>\n\n\t\t<\/div>\n\n\t\t\t\t\t\t<div class=\"grid-x grid-padding-x hidden-more-content\" aria-expanded=\"false\" aria-hidden=\"true\" id=\"ic-hidden-block_6074417440c34\">\n\t\t\t<div class=\"cell small-12 medium-7 content\">\n\t\t\t\t<article>\n\t\t\t\t<p>Det kan ogs\u00e5 forekomme feil og varmgang i nyere sikringsskap med automatsikringer. Det skyldes gjerne at sikringsmateriellet ikke fungerer som det skal, at det er en overspenning eller at det har skjedd en feil ved montering eller arbeid i sikringsskapet.<\/p>\n<p>V\u00e6r klar over at slike feil kan utvikle seg over tid og f\u00f8rst bli alvorlige etter lang tid, kanskje flere \u00e5r. Det er imidlertid begrenset hvor mye du selv f\u00e5r kontrollert i et nyere\u00a0sikringsskap.<\/p>\n<blockquote><p><strong>Du b\u00f8r likevel regelmessig ta en titt i sikringsskapet.\u00a0<\/strong><\/p><\/blockquote>\n<ul>\n<li>Legg\u00a0h\u00e5nda utenp\u00e5 dekselet og kjenn etter varme sikringer.<\/li>\n<li>Rare lukter og lyder eller blinking i lyset kan ogs\u00e5 v\u00e6re tegn p\u00e5 at noe er galt.<\/li>\n<\/ul>\n<p>Ta kontakt med en elektriker dersom du er i tvil.<\/p>\n<p>&nbsp;<\/p>\n<a class=\"link link--underlined\" href=\"https:\/\/elvirksomhetsregisteret.dsb.no\/elreg-ui\/\" target=\"_blank\">G\u00e5 til Elvirksomhetsregisteret<\/a><h3>Beskyttelsesvern<\/h3><p>Enten det gjelder sikringsskapet hjemme, p\u00e5 hytta eller p\u00e5 jobben, s\u00e5 er det et vern som skal beskytte det elektriske anlegget mot kortslutninger og overbelastninger. Det kan ogs\u00e5 finnes vern som beskytter mot jordfeil eller overspenninger.\u00a0Hvordan du skal betjene og etterse sikringsskapet, vil v\u00e6re avhengig av alder, innhold, konstruksjon og hvordan du bruker det elektriske anlegget.<\/p>\n<p>Pass p\u00e5 at det ikke oppbevares papirer eller andre brennbare materialer i sikringsskap og tavlerom. Dette antenner lett dersom det oppst\u00e5r kortslutninger eller varmgang. Pass ogs\u00e5 p\u00e5 at det ikke er \u00e5pne hull i sikringsskapene, og hold skapd\u00f8rer lukket til enhver tid. Hvis det skulle begynne \u00e5 brenne, bidrar dette til \u00e5 redusere risikoen for at den sprer seg og det reduserer lufttilf\u00f8rselen til brannen.<\/p>\n\t\t\t\t<\/article>\n\t\t\t<\/div>\n\n\t\t\t<div class=\"cell small-12 medium-5 image\">\n\t\t\t\t\t\t\t<\/div>\n\t\t<\/div>\n\t\t\n\t<\/div>\n<\/section>\n\n\n\n<section id=\"image-content-block_607441b340c36\" class=\"block-section image-content none has-more-content  align-full\">\n\t<div class=\"grid-container\" id=\"scrollToMe-overspenningsvern\">\n\n\t\t<div class=\"grid-x grid-padding-x\">\n\n\t\t\t<div class=\"cell small-12 medium-7 content\">\n\t\t\t\t\t\t\t\t\t<h2 class=\"section-title\">Overspenningsvern<\/h2>\n\t\t\t\t\n\t\t\t\t\t\t\t\t\t<article><p>Overspenningsvern beskytter det elektriske anlegge ditt mot blant annet torden. Men ved kraftige overspenninger kan det bli defekt s\u00e5 det er lurt \u00e5 f\u00f8lge litt med.<\/p>\n<\/article>\n\t\t\t\t\n\t\t\t\t\t\t\t\t<div class=\"clearfix\"><\/div>\n\t\t\t\t\n\t\t\t\t\t\t\t\t\n\t\t\t\t\t<a\n\t\t\t\t\t\thref=\"#\"\n\t\t\t\t\t\tclass=\"button-plus content-toggler\"\n\t\t\t\t\t\tdata-initialtext=\"Les mer\"\n\t\t\t\t\t\tdata-toggletext=\"Les mindre\"\n\t\t\t\t\t\tdata-target=\"ic-hidden-block_607441b340c36\"\n\t\t\t\t\t\trole=\"button\"\n\t\t\t\t\t\trel=\"nofollow\"\n\t\t\t\t\t\taria-label=\"\u00c5pne skjult innhold\"\n\t\t\t\t\t\taria-expanded=\"false\">\n\t\t\t\t\t\t<span>Les mer<\/span>\n\t\t\t\t\t\t<span class=\"icon icon-plus\"><\/span>\n\t\t\t\t\t<\/a>\n\t\t\t\t\n\t\t\t<\/div>\n\n\t\t\t<div class=\"cell small-12 medium-5 image\">\n\t\t\t\t<img loading=\"lazy\" decoding=\"async\" width=\"502\" height=\"335\" src=\"https:\/\/elsikkerhetsportalen.no\/foie\/wp-content\/uploads\/sites\/32\/2021\/05\/Overspenningsvern-Thor-600x400-1-502x335.jpg\" class=\"attachment-image-content size-image-content\" alt=\"\" srcset=\"https:\/\/elsikkerhetsportalen.no\/foie\/wp-content\/uploads\/sites\/32\/2021\/05\/Overspenningsvern-Thor-600x400-1-502x335.jpg 502w, https:\/\/elsikkerhetsportalen.no\/foie\/wp-content\/uploads\/sites\/32\/2021\/05\/Overspenningsvern-Thor-600x400-1-300x200.jpg 300w, https:\/\/elsikkerhetsportalen.no\/foie\/wp-content\/uploads\/sites\/32\/2021\/05\/Overspenningsvern-Thor-600x400-1.jpg 600w\" sizes=\"auto, (max-width: 502px) 100vw, 502px\" \/>\n\t\t\t<\/div>\n\n\t\t<\/div>\n\n\t\t\t\t\t\t<div class=\"grid-x grid-padding-x hidden-more-content\" aria-expanded=\"false\" aria-hidden=\"true\" id=\"ic-hidden-block_607441b340c36\">\n\t\t\t<div class=\"cell small-12 medium-7 content\">\n\t\t\t\t<article>\n\t\t\t\t<p>Dersom du har montert overspenningsvern i anlegget, m\u00e5 du f\u00f8lge litt med p\u00e5 dette.<\/p>\n<blockquote><p><strong>Ved kraftige overspenninger, eller gjentatte overspenninger, kan de bli defekt og ikke lenger gi beskyttelser.<\/strong><\/p><\/blockquote>\n<p>Alle overspenningsvern har en indikator som varsler om det er defekt. Hvordan dette vises vil variere avhengig av type og produsent, men det er gjerne et felt eller lampe som skifter farge. Etter et tordenv\u00e6r b\u00f8r du derfor kontrollere at overspenningsvernet ikke er defekt.<\/p>\n<h3>Slik sjekker du om overspenningsvernet fungerer.<\/h3>\n<p><iframe loading=\"lazy\" title=\"Ken Uno sjekker overspenningsvern\" width=\"500\" height=\"281\" src=\"https:\/\/www.youtube.com\/embed\/i1FdWfx5F6Q?feature=oembed\" frameborder=\"0\" allow=\"accelerometer; autoplay; clipboard-write; encrypted-media; gyroscope; picture-in-picture; web-share\" referrerpolicy=\"strict-origin-when-cross-origin\" allowfullscreen><\/iframe><\/p>\n\t\t\t\t<\/article>\n\t\t\t<\/div>\n\n\t\t\t<div class=\"cell small-12 medium-5 image\">\n\t\t\t\t\t\t\t<\/div>\n\t\t<\/div>\n\t\t\n\t<\/div>\n<\/section>\n\n\n\n<section id=\"image-content-block_6074424640c39\" class=\"block-section image-content light has-more-content  align-full\">\n\t<div class=\"grid-container\" id=\"scrollToMe-jordfeilbryter\">\n\n\t\t<div class=\"grid-x grid-padding-x\">\n\n\t\t\t<div class=\"cell small-12 medium-7 content\">\n\t\t\t\t\t\t\t\t\t<h2 class=\"section-title\">Jordfeilbryter<\/h2>\n\t\t\t\t\n\t\t\t\t\t\t\t\t\t<article><p>\u200bEn jordfeilbryter skal automatisk koble ut str\u00f8mmen dersom det oppst\u00e5r en jordfeil i det elektriske anlegget eller i noen av de tilkoblede apparatene. P\u00e5 denne m\u00e5ten beskyttes du mot st\u00f8t og str\u00f8mgjennomgang ved jordfeil.<\/p>\n<\/article>\n\t\t\t\t\n\t\t\t\t\t\t\t\t<div class=\"clearfix\"><\/div>\n\t\t\t\t\n\t\t\t\t\t\t\t\t\n\t\t\t\t\t<a\n\t\t\t\t\t\thref=\"#\"\n\t\t\t\t\t\tclass=\"button-plus content-toggler\"\n\t\t\t\t\t\tdata-initialtext=\"Les mer\"\n\t\t\t\t\t\tdata-toggletext=\"Les mindre\"\n\t\t\t\t\t\tdata-target=\"ic-hidden-block_6074424640c39\"\n\t\t\t\t\t\trole=\"button\"\n\t\t\t\t\t\trel=\"nofollow\"\n\t\t\t\t\t\taria-label=\"\u00c5pne skjult innhold\"\n\t\t\t\t\t\taria-expanded=\"false\">\n\t\t\t\t\t\t<span>Les mer<\/span>\n\t\t\t\t\t\t<span class=\"icon icon-plus\"><\/span>\n\t\t\t\t\t<\/a>\n\t\t\t\t\n\t\t\t<\/div>\n\n\t\t\t<div class=\"cell small-12 medium-5 image\">\n\t\t\t\t<img loading=\"lazy\" decoding=\"async\" width=\"502\" height=\"335\" src=\"https:\/\/elsikkerhetsportalen.no\/foie\/wp-content\/uploads\/sites\/32\/2021\/04\/jordfeilbrytertest-502x335.jpg\" class=\"attachment-image-content size-image-content\" alt=\"\" srcset=\"https:\/\/elsikkerhetsportalen.no\/foie\/wp-content\/uploads\/sites\/32\/2021\/04\/jordfeilbrytertest-502x335.jpg 502w, https:\/\/elsikkerhetsportalen.no\/foie\/wp-content\/uploads\/sites\/32\/2021\/04\/jordfeilbrytertest-300x200.jpg 300w, https:\/\/elsikkerhetsportalen.no\/foie\/wp-content\/uploads\/sites\/32\/2021\/04\/jordfeilbrytertest.jpg 600w\" sizes=\"auto, (max-width: 502px) 100vw, 502px\" \/>\n\t\t\t<\/div>\n\n\t\t<\/div>\n\n\t\t\t\t\t\t<div class=\"grid-x grid-padding-x hidden-more-content\" aria-expanded=\"false\" aria-hidden=\"true\" id=\"ic-hidden-block_6074424640c39\">\n\t\t\t<div class=\"cell small-12 medium-7 content\">\n\t\t\t\t<article>\n\t\t\t\t<p>I noen sikringsskap er det en overordnet jordfeilbryter for alle sikringene, mens i andre er det installert jordfeilautomater. Da har hver enkelt kurs en jordfeilbryter.<\/p>\n<blockquote><p><strong>Dersom du ikke har jordfeilbrytere i ditt sikringsskap, b\u00f8r du vurdere en ombygging av sikringsskapet.<\/strong><\/p><\/blockquote>\n<p>Det er ikke noe formelt krav om \u00e5 ettermontere jordfeilbrytere, men det vil absolutt \u00f8ke sikkerheten til det elektriske anlegget.<\/p>\n<a class=\"link link--underlined\" href=\"https:\/\/elsikkerhetsportalen.no\/foie\/faq\/slik-tester-du-jordfeilbryter\/\" target=\"_blank\">Slik tester du jordfeilbryter<\/a>\t\t\t\t<\/article>\n\t\t\t<\/div>\n\n\t\t\t<div class=\"cell small-12 medium-5 image\">\n\t\t\t\t\t\t\t<\/div>\n\t\t<\/div>\n\t\t\n\t<\/div>\n<\/section>\n\n\n\n<section id=\"image-content-block_607442d940c3e\" class=\"block-section image-content dark has-more-content  align-full\">\n\t<div class=\"grid-container\" id=\"scrollToMe-jordfeilvarsler\">\n\n\t\t<div class=\"grid-x grid-padding-x\">\n\n\t\t\t<div class=\"cell small-12 medium-7 content\">\n\t\t\t\t\t\t\t\t\t<h2 class=\"section-title\">Jordfeilvarsler<\/h2>\n\t\t\t\t\n\t\t\t\t\t\t\t\t\t<article><p>Jordfeilvarsleren skal varsle med lyd- og lyssignal hvis det oppst\u00e5r jordfeil. Slik f\u00e5r du beskjed om at det finnes en feil.<\/p>\n<\/article>\n\t\t\t\t\n\t\t\t\t\t\t\t\t<div class=\"clearfix\"><\/div>\n\t\t\t\t\n\t\t\t\t\t\t\t\t\n\t\t\t\t\t<a\n\t\t\t\t\t\thref=\"#\"\n\t\t\t\t\t\tclass=\"button-plus content-toggler\"\n\t\t\t\t\t\tdata-initialtext=\"Les mer\"\n\t\t\t\t\t\tdata-toggletext=\"Les mindre\"\n\t\t\t\t\t\tdata-target=\"ic-hidden-block_607442d940c3e\"\n\t\t\t\t\t\trole=\"button\"\n\t\t\t\t\t\trel=\"nofollow\"\n\t\t\t\t\t\taria-label=\"\u00c5pne skjult innhold\"\n\t\t\t\t\t\taria-expanded=\"false\">\n\t\t\t\t\t\t<span>Les mer<\/span>\n\t\t\t\t\t\t<span class=\"icon icon-plus\"><\/span>\n\t\t\t\t\t<\/a>\n\t\t\t\t\n\t\t\t<\/div>\n\n\t\t\t<div class=\"cell small-12 medium-5 image\">\n\t\t\t\t<img loading=\"lazy\" decoding=\"async\" width=\"502\" height=\"335\" src=\"https:\/\/elsikkerhetsportalen.no\/foie\/wp-content\/uploads\/sites\/32\/2021\/04\/jordfeilvarsler-502x335.jpg\" class=\"attachment-image-content size-image-content\" alt=\"\" srcset=\"https:\/\/elsikkerhetsportalen.no\/foie\/wp-content\/uploads\/sites\/32\/2021\/04\/jordfeilvarsler-502x335.jpg 502w, https:\/\/elsikkerhetsportalen.no\/foie\/wp-content\/uploads\/sites\/32\/2021\/04\/jordfeilvarsler-300x200.jpg 300w, https:\/\/elsikkerhetsportalen.no\/foie\/wp-content\/uploads\/sites\/32\/2021\/04\/jordfeilvarsler.jpg 600w\" sizes=\"auto, (max-width: 502px) 100vw, 502px\" \/>\n\t\t\t<\/div>\n\n\t\t<\/div>\n\n\t\t\t\t\t\t<div class=\"grid-x grid-padding-x hidden-more-content\" aria-expanded=\"false\" aria-hidden=\"true\" id=\"ic-hidden-block_607442d940c3e\">\n\t\t\t<div class=\"cell small-12 medium-7 content\">\n\t\t\t\t<article>\n\t\t\t\t<h3>Dette gj\u00f8r du n\u00e5r det varsles om feil:<\/h3><ol>\n<li>Sl\u00e5 av alle kurssikringer. Hvis jordfeilvarsleren overv\u00e5ker bare deler av installasjonen sl\u00e5r du kun av de kursene som varsleren overv\u00e5ker. Enkelte varslere kan f\u00e5 str\u00f8mtilf\u00f8rsel fra en av kurssikringene. Den kursen m\u00e5 st\u00e5 p\u00e5 for at varsleren skal virke. Informasjon om dette ser du p\u00e5 kursfortegnelsen.<\/li>\n<li>Jordfeilvarsleren skal n\u00e5 slutte \u00e5 varsle om jordfeil.<\/li>\n<li>Vipp opp en og en kurs til jordfeilvarsleren p\u00e5 nytt begynner \u00e5 varsle om feil.<\/li>\n<li>Den siste kursen du vippet opp igjen har antagelig en feil. Sl\u00e5 denne kursen av igjen.<\/li>\n<li>Vipp deretter opp de gjenv\u00e6rende kurssikringene med unntak av\u00a0den med feil p\u00e5.<\/li>\n<li>Se p\u00e5 hva som er tilkoblet den kursen du har feil p\u00e5. Trekk ut st\u00f8pselet p\u00e5 alle tilknyttede apparater, skj\u00f8teledninger etc. og skru av eventuelle varmekabler, varmeovner, lamper etc. som er tilkoblet denne kursen.<\/li>\n<li>Pr\u00f8v deretter \u00e5 vippe opp kurssikringen igjen. Hvis jordfeilvarsleren ikke varsler om feil n\u00e5, har du feil p\u00e5 noe av det du skrudde av eller trakk ut. Plugg inn eller skru p\u00e5 igjen ett og ett apparat til jordfeilvarsleren igjen varsler om feil. Det apparatet du sist plugget inn eller skrur\u00a0p\u00e5 har feil.<\/li>\n<li>Det apparatet eller de delene av installasjonen som har feil m\u00e5 ikke benyttes f\u00f8r feilen er utbedret.<\/li>\n<li>Dersom overnevnte tiltak ikke hjelper og jordfeilvarsleren fremdeles varsler om feil, er feilen sannsynlig i den faste installasjonen. Du m\u00e5 i s\u00e5 fall tilkalle elektriker for \u00e5 f\u00e5 rettet feilen. V\u00e6r oppmerksom p\u00e5 at en jordfeil ofte kommer og g\u00e5r, noe som kan gj\u00f8re letingen etter feil b\u00e5de vanskelig og tidkrevende.<\/li>\n<\/ol>\n<p>Du kan sl\u00e5 av lyden p\u00e5 de fleste jordfeilvarslere, men feilen\u00a0forsvinner ikke av den grunn! Jordfeilvarsler brukes ikke i nyere boliger, siden det brukes jordfeilbryter i stedet. Har du et anlegg med jordfeilvarsler, er det lurt \u00e5 bytte ut denne med jordfeilbryter.<\/p>\n\t\t\t\t<\/article>\n\t\t\t<\/div>\n\n\t\t\t<div class=\"cell small-12 medium-5 image\">\n\t\t\t\t\t\t\t<\/div>\n\t\t<\/div>\n\t\t\n\t<\/div>\n<\/section>\n\n\n\n<section class=\"block-section post-cards\">\n\t<div class=\"grid-container\">\n\n        <div class=\"grid-x grid-margin-x section-title-wrapper\">\n            <div class=\"cell small-12 medium-6\">\n                                    <h1 class=\"section-title\">Vi anbefaler<\/h1>\n                            <\/div>\n\n                    <\/div>\n\n        <div class=\"grid-x grid-margin-x cards-wrapper\">\n                                                                    <a href=\"https:\/\/elsikkerhetsportalen.no\/foie\/elektrisk-anlegg\/finn-elektriker\/\" class=\"link-card cell small-12 medium-6\">\n    <article>\n        <div class=\"content\">\n            <h3 class=\"title\">Finn elektriker<\/h3>\n            <p class=\"excerpt\"><\/p>\n        <\/div>\n        <span class=\"icon icon-arrow-right\"><\/span>\n    <\/article>\n<\/a>                    \n                                                        <a href=\"https:\/\/elsikkerhetsportalen.no\/foie\/elektrisk-anlegg\/egenkontroll\/\" class=\"link-card cell small-12 medium-6\">\n    <article>\n        <div class=\"content\">\n            <h3 class=\"title\">Egenkontroll<\/h3>\n            <p class=\"excerpt\">Egenkontroll Hensikten med egenkontroll av det elektriske anlegget og utstyr, er \u00e5 oppdage feil s\u00e5&#8230;<\/p>\n        <\/div>\n        <span class=\"icon icon-arrow-right\"><\/span>\n    <\/article>\n<\/a>                    \n                                                        <a href=\"https:\/\/elsikkerhetsportalen.no\/foie\/elektrisk-anlegg\/elkontroll\/\" class=\"link-card cell small-12 medium-6\">\n    <article>\n        <div class=\"content\">\n            <h3 class=\"title\">Elkontroll og termografering<\/h3>\n            <p class=\"excerpt\">Elkontroll Elektriske anlegg og elektrisk utstyr skal v\u00e6re trygge i bruk. Da m\u00e5 alle sikkerhetstiltakene&#8230;<\/p>\n        <\/div>\n        <span class=\"icon icon-arrow-right\"><\/span>\n    <\/article>\n<\/a>                    \n                                                    <\/div>\n\n    <\/div>\n<\/section>","protected":false},"excerpt":{"rendered":"","protected":false},"author":4,"featured_media":547,"parent":8,"menu_order":0,"comment_status":"closed","ping_status":"closed","template":"","meta":{"_acf_changed":false,"footnotes":""},"class_list":["post-557","page","type-page","status-publish","has-post-thumbnail","hentry"],"acf":[],"_links":{"self":[{"href":"https:\/\/elsikkerhetsportalen.no\/foie\/wp-json\/wp\/v2\/pages\/557","targetHints":{"allow":["GET"]}}],"collection":[{"href":"https:\/\/elsikkerhetsportalen.no\/foie\/wp-json\/wp\/v2\/pages"}],"about":[{"href":"https:\/\/elsikkerhetsportalen.no\/foie\/wp-json\/wp\/v2\/types\/page"}],"author":[{"embeddable":true,"href":"https:\/\/elsikkerhetsportalen.no\/foie\/wp-json\/wp\/v2\/users\/4"}],"replies":[{"embeddable":true,"href":"https:\/\/elsikkerhetsportalen.no\/foie\/wp-json\/wp\/v2\/comments?post=557"}],"version-history":[{"count":0,"href":"https:\/\/elsikkerhetsportalen.no\/foie\/wp-json\/wp\/v2\/pages\/557\/revisions"}],"up":[{"embeddable":true,"href":"https:\/\/elsikkerhetsportalen.no\/foie\/wp-json\/wp\/v2\/pages\/8"}],"wp:featuredmedia":[{"embeddable":true,"href":"https:\/\/elsikkerhetsportalen.no\/foie\/wp-json\/wp\/v2\/media\/547"}],"wp:attachment":[{"href":"https:\/\/elsikkerhetsportalen.no\/foie\/wp-json\/wp\/v2\/media?parent=557"}],"curies":[{"name":"wp","href":"https:\/\/api.w.org\/{rel}","templated":true}]}}