{"id":64,"date":"2021-02-03T21:37:31","date_gmt":"2021-02-03T21:37:31","guid":{"rendered":"http:\/\/elsikkerhetsportalen.no\/varanger-kraftnett\/?page_id=64"},"modified":"2021-09-23T15:04:21","modified_gmt":"2021-09-23T15:04:21","slug":"tilsyn-med-elektrovirksomheter","status":"publish","type":"page","link":"https:\/\/elsikkerhetsportalen.no\/foie\/dle\/tilsyn-med-elektrovirksomheter\/","title":{"rendered":"Tilsyn med elektrovirksomheter"},"content":{"rendered":"<section id=\"scrollable-shortcuts-block_60869f3eaf3d4\" class=\"block-section scrollable-shortcuts   align-full\">\n\t<div class=\"grid-container\">\n\t\t<div class=\"grid-x grid-padding-x\">\n\n\t\t\t<header class=\"cell small-12 medium-7\">\n\t\t\t\t\t\t\t\t\t<h1>Tilsyn med elektrovirksomheter<\/h1>\n\t\t\t\t\n\t\t\t\t\t\t\t\t\t<p class=\"ingress\">Alle nettselskaper er p\u00e5lagt \u00e5 f\u00f8re tilsyn med elvirksomheter innen deres forsyningsomr\u00e5de. Det lokale eltilsyn (DLE) er ansvarlig for \u00e5 utf\u00f8re kontrollene av disse virksomhetene.<\/p>\n\t\t\t\t\n\t\t\t\t\t\t\t\t\t<h2 class=\"shortcuts-title\">Snarveier<span><span class=\"icon icon-arrow-down\"><\/span><\/span><\/h2>\n\t\t\t\t\n\t\t\t\t<nav><ul><li><a href=\"#regelverket\" class=\"link link--underlined\">Regelverket<\/a><\/li><li><a href=\"#systemrevisjon\" class=\"link link--underlined\">Systemrevisjon<\/a><\/li><li><a href=\"#tilsyn-med-radgivende-ingeniorer\" class=\"link link--underlined\">R\u00e5dgivende ingeni\u00f8rer<\/a><\/li><li><a href=\"#tilsyn-med-elektroreparatorer\" class=\"link link--underlined\">Tilsyn med elektroreparat\u00f8rer<\/a><\/li><li><a href=\"#saksgang-etter-et-tilsyn\" class=\"link link--underlined\">Saksgang<\/a><\/li><li><a href=\"#utsettelse-av-utbedringsfrist\" class=\"link link--underlined\">Utsettelse av utbedringsfrist<\/a><\/li><\/ul><\/nav>\t\t\t<\/header>\n\n\t\t<\/div>\n\t<\/div>\n<\/section>\n\n\n\n<section id=\"image-content-block_60869f6aaf3d5\" class=\"block-section image-content light smaller-fonts no-image has-more-content  align-full\">\n\t<div class=\"grid-container\" id=\"scrollToMe-regelverket\">\n\n\t\t<div class=\"grid-x grid-padding-x\">\n\n\t\t\t<div class=\"cell small-12 medium-7 content\">\n\t\t\t\t\t\t\t\t\t<h2 class=\"section-title\">Regelverket<\/h2>\n\t\t\t\t\n\t\t\t\t\t\t\t\t\t<article><p>Med hjemmel i lov av 24. mai 1929 om tilsyn med elanlegg og elektrisk utstyr \u00a7 5 skal tilsynsmyndigheten til enhver tid ha uhindret adgang til anlegget og virksomheten. DLE har, etter samme lov, rett til og kan p\u00e5legge eier av, eller ansvarlige for anlegget\/virksomhet, eller representant for denne, \u00e5 v\u00e6re til stede under kontrollen.<\/p>\n<\/article>\n\t\t\t\t\n\t\t\t\t\t\t\t\t<div class=\"clearfix\"><\/div>\n\t\t\t\t\n\t\t\t\t\t\t\t\t\n\t\t\t\t\t<a\n\t\t\t\t\t\thref=\"#\"\n\t\t\t\t\t\tclass=\"button-plus content-toggler\"\n\t\t\t\t\t\tdata-initialtext=\"Les mer\"\n\t\t\t\t\t\tdata-toggletext=\"Les mindre\"\n\t\t\t\t\t\tdata-target=\"ic-hidden-block_60869f6aaf3d5\"\n\t\t\t\t\t\trole=\"button\"\n\t\t\t\t\t\trel=\"nofollow\"\n\t\t\t\t\t\taria-label=\"\u00c5pne skjult innhold\"\n\t\t\t\t\t\taria-expanded=\"false\">\n\t\t\t\t\t\t<span>Les mer<\/span>\n\t\t\t\t\t\t<span class=\"icon icon-plus\"><\/span>\n\t\t\t\t\t<\/a>\n\t\t\t\t\n\t\t\t<\/div>\n\n\t\t\t<div class=\"cell small-12 medium-5 image\">\n\t\t\t\t\t\t\t\t\t\n\t\t\t\t\t\n\t\t\t\t\n\t\t\t<\/div>\n\n\t\t<\/div>\n\n\t\t\t\t\t\t<div class=\"grid-x grid-padding-x hidden-more-content\" aria-expanded=\"false\" aria-hidden=\"true\" id=\"ic-hidden-block_60869f6aaf3d5\">\n\t\t\t<div class=\"cell small-12 medium-7 content\">\n\t\t\t\t<article>\n\t\t\t\t<p>Med hjemmel i lov av 24. mai 1929 om tilsyn med elanlegg og elektrisk utstyr \u00a7 5 skal tilsynsmyndigheten til enhver tid ha uhindret adgang til anlegget og virksomheten. DLE har, etter samme lov, rett til og kan p\u00e5legge eier av, eller ansvarlige for anlegget\/virksomhet, eller representant for denne, \u00e5 v\u00e6re til stede under kontrollen.<\/p>\n<a class=\"link link--underlined\" href=\"https:\/\/lovdata.no\/dokument\/NL\/lov\/1929-05-24-4\" target=\"_blank\">Lov om tilsyn med elektriske anlegg og elektrisk utstyr (eltilsynsloven)<\/a><a class=\"link link--underlined\" href=\"https:\/\/lovdata.no\/dokument\/SF\/forskrift\/1996-12-06-1127\" target=\"_blank\">Internkontrollforskriften<\/a><a class=\"link link--underlined\" href=\"https:\/\/lovdata.no\/dokument\/NL\/lov\/1967-02-10\" target=\"_blank\">Lov om behandlingsm\u00e5te i forvaltningssaker (forvaltningsloven)<\/a><a class=\"link link--underlined\" href=\"https:\/\/lovdata.no\/dokument\/NL\/lov\/2006-05-19-16\" target=\"_blank\">Lov om rett til innsyn i dokument i offentleg verksemd (offentleglova)<\/a>\t\t\t\t<\/article>\n\t\t\t<\/div>\n\n\t\t\t<div class=\"cell small-12 medium-5 image\">\n\t\t\t\t\t\t\t<\/div>\n\t\t<\/div>\n\t\t\n\t<\/div>\n<\/section>\n\n\n\n<section id=\"image-content-block_6086a0b6af3dd\" class=\"block-section image-content dark smaller-fonts no-image has-more-content  align-full\">\n\t<div class=\"grid-container\" id=\"scrollToMe-systemrevisjon\">\n\n\t\t<div class=\"grid-x grid-padding-x\">\n\n\t\t\t<div class=\"cell small-12 medium-7 content\">\n\t\t\t\t\t\t\t\t\t<h2 class=\"section-title\">Systemrevisjon<\/h2>\n\t\t\t\t\n\t\t\t\t\t\t\t\t\t<article><p>Alle installasjonsvirksomheter innenfor netteiers forsyningsomr\u00e5de skal i l\u00f8pet av en tre\u00e5rsperiode v\u00e6re gjenstand for minst \u00e9n systemrevisjon.<\/p>\n<\/article>\n\t\t\t\t\n\t\t\t\t\t\t\t\t<div class=\"clearfix\"><\/div>\n\t\t\t\t\n\t\t\t\t\t\t\t\t\n\t\t\t\t\t<a\n\t\t\t\t\t\thref=\"#\"\n\t\t\t\t\t\tclass=\"button-plus content-toggler\"\n\t\t\t\t\t\tdata-initialtext=\"Les mer\"\n\t\t\t\t\t\tdata-toggletext=\"Les mindre\"\n\t\t\t\t\t\tdata-target=\"ic-hidden-block_6086a0b6af3dd\"\n\t\t\t\t\t\trole=\"button\"\n\t\t\t\t\t\trel=\"nofollow\"\n\t\t\t\t\t\taria-label=\"\u00c5pne skjult innhold\"\n\t\t\t\t\t\taria-expanded=\"false\">\n\t\t\t\t\t\t<span>Les mer<\/span>\n\t\t\t\t\t\t<span class=\"icon icon-plus\"><\/span>\n\t\t\t\t\t<\/a>\n\t\t\t\t\n\t\t\t<\/div>\n\n\t\t\t<div class=\"cell small-12 medium-5 image\">\n\t\t\t\t\t\t\t\t\t\n\t\t\t\t\t\n\t\t\t\t\n\t\t\t<\/div>\n\n\t\t<\/div>\n\n\t\t\t\t\t\t<div class=\"grid-x grid-padding-x hidden-more-content\" aria-expanded=\"false\" aria-hidden=\"true\" id=\"ic-hidden-block_6086a0b6af3dd\">\n\t\t\t<div class=\"cell small-12 medium-7 content\">\n\t\t\t\t<article>\n\t\t\t\t<p>Dette er hovedregelen. Det gis \u00e5pning for at DLE kan risikovurdere hvorvidt installasjonsvirksomheter, som over en periode har levert feilfrie anlegg, kan revideres hvert femte \u00e5r. DSB forutsetter at DLE benytter data fra \u00e5rene med kontroll av utf\u00f8rte arbeider til \u00e5 ta resultatene opp med installasjonsvirksomhetene\u00a0for \u00e5 avdekke eventuelle systemavvik hos disse.<\/p>\n<p>Innsatsen skal prim\u00e6rt rettes mot de virksomhetene som etter DLEs vurdering trenger mest oppf\u00f8lging, men det forutsettes at det foretas stikkpr\u00f8ver hos alle i form av verifikasjoner av utf\u00f8rt arbeid, at forskrift om sikkerhet ved arbeid i og drift av elanlegg (fse) etterleves og at virksomheten er registrert i DSBs sentrale register med korrekte opplysninger.<\/p>\n<p>For nyregistrerte virksomheter, med utf\u00f8relse og vedlikehold som virkeomr\u00e5de, skal det innen to uker etter at melding om registrering er mottatt, v\u00e6re kontrollert at faglig ansvarlig oppfyller kravene i forskrift om elektroforetak og kvalifikasjonskrav for arbeid knyttet til elanlegg og elektrisk utstyr (FEK) \u00a7 7 (tidligere FKE \u00a7 11) og at registrerte faglige virkeomr\u00e5der samsvarer med de kvalifikasjonene som det er dokumentert at faglig ansvarlig har. Det samme kravet til oppf\u00f8lging gjelder for registrerte virksomheter hvor det er ansatt ny faglig ansvarlig.<\/p>\n<h3>Kontroll av utf\u00f8rte arbeider<\/h3><p>Alle nye elektriske installasjoner skal kontrolleres. Det skal minst gjennomf\u00f8res f\u00f8lgende antall verifikasjoner av utf\u00f8rt arbeid pr. installasjonsvirksomhet pr. \u00e5r, avhengig av hvor mange mont\u00f8rer som er ansatt i virksomheten:<\/p>\n<ul>\n<li>0-9 ansatte: 6 kontroller<\/li>\n<li>10-24 ansatte: 8 kontroller<\/li>\n<li>25-99: 12 kontroller<\/li>\n<li>100+ ansatte: 16 kontroller<\/li>\n<\/ul>\n<p>En andel av kontrollene skal utf\u00f8res i byggeperioden (byggeplasskontroll). Ved \u201dbyggeplasskontroll\u201d skal det sjekkes om kravene i FEK og FSE blir etterlevd. Videre skal provisoriske anlegg p\u00e5 byggeplassen kontrolleres. Ovennevnte vil v\u00e6re dimensjonerende for ressursbruken, men en risikovurdering vil kunne legges til grunn for en omdisponering av antall kontroller ved at en virksomhet som leverer anlegg med feil blir gjenstand for flere kontroller enn det som er angitt til fordel for en annen virksomhet som har bevist at de leverer feilfrie anlegg. I spesielle tilfeller vil det kunne v\u00e6re behov for oppf\u00f8lging av alle utf\u00f8rte arbeider.<\/p>\n<h3>Informasjonstiltak<\/h3><p>DLE skal \u00e5rlig tilby et informasjonsm\u00f8te for elektromont\u00f8rene i 10 prosent av virksomhetene i forsyningsomr\u00e5det. DLE skal ogs\u00e5 minst \u00e9n gang i \u00e5ret arrangere ett informasjonsm\u00f8te for alle registrerte elvirksomheter.<\/p>\n\t\t\t\t<\/article>\n\t\t\t<\/div>\n\n\t\t\t<div class=\"cell small-12 medium-5 image\">\n\t\t\t\t\t\t\t<\/div>\n\t\t<\/div>\n\t\t\n\t<\/div>\n<\/section>\n\n\n\n<section id=\"image-content-block_6086a160af3e2\" class=\"block-section image-content none smaller-fonts no-image has-more-content  align-full\">\n\t<div class=\"grid-container\" id=\"scrollToMe-tilsyn-med-radgivende-ingeniorer\">\n\n\t\t<div class=\"grid-x grid-padding-x\">\n\n\t\t\t<div class=\"cell small-12 medium-7 content\">\n\t\t\t\t\t\t\t\t\t<h2 class=\"section-title\">Tilsyn med r\u00e5dgivende ingeni\u00f8rer<\/h2>\n\t\t\t\t\n\t\t\t\t\t\t\t\t\t<article><p>\u200bN\u00e5r prosjektering og utf\u00f8relse utf\u00f8res av ulike virksomheter skal det kontrolleres om det foreligger egenerkl\u00e6ring om samsvar for prosjekteringen. Det skal dessuten vurderes om p\u00e5viste avvik ved verifikasjon av det utf\u00f8rte anlegget kan tilbakef\u00f8res til prosjekteringen. Eventuelle avvik legges til grunn for tilsyn av den prosjekterende virksomheten.<\/p>\n<\/article>\n\t\t\t\t\n\t\t\t\t\t\t\t\t<div class=\"clearfix\"><\/div>\n\t\t\t\t\n\t\t\t\t\t\t\t\t\n\t\t\t\t\t<a\n\t\t\t\t\t\thref=\"#\"\n\t\t\t\t\t\tclass=\"button-plus content-toggler\"\n\t\t\t\t\t\tdata-initialtext=\"Les mer\"\n\t\t\t\t\t\tdata-toggletext=\"Les mindre\"\n\t\t\t\t\t\tdata-target=\"ic-hidden-block_6086a160af3e2\"\n\t\t\t\t\t\trole=\"button\"\n\t\t\t\t\t\trel=\"nofollow\"\n\t\t\t\t\t\taria-label=\"\u00c5pne skjult innhold\"\n\t\t\t\t\t\taria-expanded=\"false\">\n\t\t\t\t\t\t<span>Les mer<\/span>\n\t\t\t\t\t\t<span class=\"icon icon-plus\"><\/span>\n\t\t\t\t\t<\/a>\n\t\t\t\t\n\t\t\t<\/div>\n\n\t\t\t<div class=\"cell small-12 medium-5 image\">\n\t\t\t\t\t\t\t\t\t\n\t\t\t\t\t\n\t\t\t\t\n\t\t\t<\/div>\n\n\t\t<\/div>\n\n\t\t\t\t\t\t<div class=\"grid-x grid-padding-x hidden-more-content\" aria-expanded=\"false\" aria-hidden=\"true\" id=\"ic-hidden-block_6086a160af3e2\">\n\t\t\t<div class=\"cell small-12 medium-7 content\">\n\t\t\t\t<article>\n\t\t\t\t<p>Aktuelle temaer for tilsyn med prosjekterende virksomheter vil v\u00e6re:<\/p>\n<ul>\n<li>Kvalifikasjoner<\/li>\n<li>Rutiner for risikovurdering<\/li>\n<li>Rutiner for utstedelse av erkl\u00e6ring om samsvar<\/li>\n<\/ul>\n<p>1. juli 2013 ble \u00abForskrift om elektroforetak og kvalifikasjonskrav for arbeid knyttet til elektriske anlegg og elektrisk utstyr\u00bb innf\u00f8rt. Her stilles det krav til virksomheten i forbindelse med den faglig ansvarlige og krav til registering i DSBs sentrale register.<\/p>\n<a class=\"link link--underlined\" href=\"https:\/\/lovdata.no\/dokument\/SF\/forskrift\/2013-06-19-739\" target=\"_blank\">Forskrift om elektroforetak og kvalifikasjonskrav for arbeid knyttet til elektriske anlegg og elektrisk utstyr<\/a><a class=\"link link--underlined\" href=\"https:\/\/www.dsb.no\/lover\/elektriske-anlegg-og-elektrisk-utstyr\/tema\/info_elvirksomhetsregisteret\/#om-elvirksomhetsregisteret\" target=\"_blank\">Se mer informasjon om Elvirksomhetsregisteret<\/a>\t\t\t\t<\/article>\n\t\t\t<\/div>\n\n\t\t\t<div class=\"cell small-12 medium-5 image\">\n\t\t\t\t\t\t\t<\/div>\n\t\t<\/div>\n\t\t\n\t<\/div>\n<\/section>\n\n\n\n<section id=\"image-content-block_6086a2b4af3e9\" class=\"block-section image-content light smaller-fonts no-image has-more-content  align-full\">\n\t<div class=\"grid-container\" id=\"scrollToMe-tilsyn-med-elektroreparatorer\">\n\n\t\t<div class=\"grid-x grid-padding-x\">\n\n\t\t\t<div class=\"cell small-12 medium-7 content\">\n\t\t\t\t\t\t\t\t\t<h2 class=\"section-title\">Tilsyn med elektroreparat\u00f8rer<\/h2>\n\t\t\t\t\n\t\t\t\t\t\t\t\t\t<article><p>DLE skal gjennomf\u00f8re kontroll av kvalifikasjonene hos eventuelle nye elektroreparat\u00f8rer innenfor forsyningsomr\u00e5det. Det er ogs\u00e5 krav om at elektroreparat\u00f8rvirksomheter skal registrere seg i Elvirksomhetsregisteret.<\/p>\n<\/article>\n\t\t\t\t\n\t\t\t\t\t\t\t\t<div class=\"clearfix\"><\/div>\n\t\t\t\t\n\t\t\t\t\t\t\t\t\n\t\t\t\t\t<a\n\t\t\t\t\t\thref=\"#\"\n\t\t\t\t\t\tclass=\"button-plus content-toggler\"\n\t\t\t\t\t\tdata-initialtext=\"Les mer\"\n\t\t\t\t\t\tdata-toggletext=\"Les mindre\"\n\t\t\t\t\t\tdata-target=\"ic-hidden-block_6086a2b4af3e9\"\n\t\t\t\t\t\trole=\"button\"\n\t\t\t\t\t\trel=\"nofollow\"\n\t\t\t\t\t\taria-label=\"\u00c5pne skjult innhold\"\n\t\t\t\t\t\taria-expanded=\"false\">\n\t\t\t\t\t\t<span>Les mer<\/span>\n\t\t\t\t\t\t<span class=\"icon icon-plus\"><\/span>\n\t\t\t\t\t<\/a>\n\t\t\t\t\n\t\t\t<\/div>\n\n\t\t\t<div class=\"cell small-12 medium-5 image\">\n\t\t\t\t\t\t\t\t\t\n\t\t\t\t\t\n\t\t\t\t\n\t\t\t<\/div>\n\n\t\t<\/div>\n\n\t\t\t\t\t\t<div class=\"grid-x grid-padding-x hidden-more-content\" aria-expanded=\"false\" aria-hidden=\"true\" id=\"ic-hidden-block_6086a2b4af3e9\">\n\t\t\t<div class=\"cell small-12 medium-7 content\">\n\t\t\t\t<article>\n\t\t\t\t<p>Kontroll av kvalifikasjonene er hjemla i fek \u00a7\u00a7 5, 7 og 8.<\/p>\n<p>DLE skal ogs\u00e5 ha et oppdatert register over elektroreparat\u00f8rer slik at nyetablerte reparat\u00f8rer kan bli kontrollert. Det samme vil kunne v\u00e6re gjeldene dersom det er foretatt endringer i virksomhete eller at den har v\u00e6rt kontrollert tidligere.<\/p>\n<p>I forbindelse med innf\u00f8ringen (1. juli 2013) av den nye forskriften \u00abforskrift om elektroforetak og kvalifikasjonskrav for arbeid knyttet til elektriske anlegg og elektrisk utstyr\u00bb stilles det noen nye krav til virksomheten i forbindelse med faglig ansvarlig og krav til registering i DSBs sentrale register.<\/p>\n<a class=\"link link--underlined\" href=\"https:\/\/lovdata.no\/dokument\/SF\/forskrift\/2013-06-19-739\/KAPITTEL_3#KAPITTEL_3\" target=\"_blank\">Krav til kvalifikasjoner i fek<\/a>\t\t\t\t<\/article>\n\t\t\t<\/div>\n\n\t\t\t<div class=\"cell small-12 medium-5 image\">\n\t\t\t\t\t\t\t<\/div>\n\t\t<\/div>\n\t\t\n\t<\/div>\n<\/section>\n\n\n\n<section id=\"image-content-block_6086a3b9af3ed\" class=\"block-section image-content dark smaller-fonts no-image has-more-content  align-full\">\n\t<div class=\"grid-container\" id=\"scrollToMe-saksgang-etter-et-tilsyn\">\n\n\t\t<div class=\"grid-x grid-padding-x\">\n\n\t\t\t<div class=\"cell small-12 medium-7 content\">\n\t\t\t\t\t\t\t\t\t<h2 class=\"section-title\">Saksgang etter et tilsyn<\/h2>\n\t\t\t\t\n\t\t\t\t\t\t\t\t\t<article><p>Etter tilsynet f\u00e5r virksomheten tilsendt tilsynsrapporter som beskriver resultatet av revisjonen og kontrollen. Normalt vil dette v\u00e6re delt i to rapporter: \u00e9n rapport fra revisjonen og \u00e9n rapport fra kontrollen av\u00a0elanlegget. Rapportene kan inneholde avvik, anmerkninger og kommentarer.<\/p>\n<\/article>\n\t\t\t\t\n\t\t\t\t\t\t\t\t<div class=\"clearfix\"><\/div>\n\t\t\t\t\n\t\t\t\t\t\t\t\t\n\t\t\t\t\t<a\n\t\t\t\t\t\thref=\"#\"\n\t\t\t\t\t\tclass=\"button-plus content-toggler\"\n\t\t\t\t\t\tdata-initialtext=\"Les mer\"\n\t\t\t\t\t\tdata-toggletext=\"Les mindre\"\n\t\t\t\t\t\tdata-target=\"ic-hidden-block_6086a3b9af3ed\"\n\t\t\t\t\t\trole=\"button\"\n\t\t\t\t\t\trel=\"nofollow\"\n\t\t\t\t\t\taria-label=\"\u00c5pne skjult innhold\"\n\t\t\t\t\t\taria-expanded=\"false\">\n\t\t\t\t\t\t<span>Les mer<\/span>\n\t\t\t\t\t\t<span class=\"icon icon-plus\"><\/span>\n\t\t\t\t\t<\/a>\n\t\t\t\t\n\t\t\t<\/div>\n\n\t\t\t<div class=\"cell small-12 medium-5 image\">\n\t\t\t\t\t\t\t\t\t\n\t\t\t\t\t\n\t\t\t\t\n\t\t\t<\/div>\n\n\t\t<\/div>\n\n\t\t\t\t\t\t<div class=\"grid-x grid-padding-x hidden-more-content\" aria-expanded=\"false\" aria-hidden=\"true\" id=\"ic-hidden-block_6086a3b9af3ed\">\n\t\t\t<div class=\"cell small-12 medium-7 content\">\n\t\t\t\t<article>\n\t\t\t\t<ul>\n<li>Rapporten fra revisjonen vil inneholde forhold vedr\u00f8rende virksomhetens internkontroll. Hvis det under revisjonen ikke ble avdekket avvik, vil dette fremg\u00e5 av rapporten og saken avsluttes.<\/li>\n<li>Rapporten fra kontrollen vil inneholde forhold vedr\u00f8rende\u00a0elanlegget. Hvis det under kontrollen ikke ble avdekket avvik, vil dette fremg\u00e5 av rapporten og saken avsluttes.<\/li>\n<\/ul>\n<p>Dersom det under tilsynet ble avdekket forhold som krever utbedring, vil dette bli p\u00e5pekt i form av avvik i rapportene. Du vil da f\u00e5 tilsendt rapportene sammen med et forh\u00e5ndsvarsel om vedtak. Dermed gis det anledning til \u00e5 rette opp avvikene eller komme med kommentarer til forh\u00e5ndsvarselet innen en angitt frist.<\/p>\n<h3>Avvik funnet under tilsynet<\/h3><p>Avvik i rapporten fra revisjonen skal utbedres av virksomheten selv. En skriftlig tilbakemeldning, med en redegj\u00f8relse for hvilke tiltak som er iverksatt, skal sendes til DLE eller til det sakkyndige selskapet som har utf\u00f8rt revisjonen. Etter at tilfredsstillende tilbakemelding er mottatt vil dere f\u00e5 en bekreftelse p\u00e5 at saken er avsluttet.<\/p>\n<p>Avvik i rapporten fra kontrollen m\u00e5 normalt rettes av en registrert installasjonsvirksomhet. N\u00e5r feil og mangler er rettet, skal installasjonsvirksomheten sende melding om dette til DLE eller til det sakkyndige selskapet som har utf\u00f8rt kontrollen. Etter at tilfredsstillende tilbakemelding er mottatt vil dere f\u00e5 en bekreftelse p\u00e5 at saken er avsluttet.<\/p>\n<p>Dersom det innen fristen ikke blir gitt tilbakemelding som bekrefter at avvikene er utbedret, eller dere kommer med kommentarer som tilsier en revurdering av avvikene, kan DLE gi p\u00e5legg om \u00e5 rette disse avvikene. Slike p\u00e5legg er enkeltvedtak i juridisk forstand. Virksomheten har mulighet til \u00e5 klage p\u00e5 hele eller deler av vedtaket fattet av DLE innen klagefristen. DLE kan velge \u00e5 ta klagen til f\u00f8lge og omgj\u00f8re sitt tidligere vedtak, eller vedtaket kan opprettholdes og saken oversendes til DSBs regionskontor for videre klagebehandling der. N\u00e5r et vedtak er endelig, og p\u00e5legget om \u00e5 rette avvikene fortsatt ikke er etterkommet, kan det vurderes om det skal reises sak om bruk av andre sanksjonsmidler, f.eks. tvangsmulkt. Alle saksdokumenter oversendes da til DSB som\u00a0vurderer om det er grunnlag for \u00e5 reise sak\u00a0mot eier\/bruker av anlegget. DSB vil i s\u00e5 fall forh\u00e5ndsvarsle om dette og eventuelt treffe\u00a0vedtak i saken.<\/p>\n<p>Dersom saken kun inneholder avvik som er mindre alvorlige, kan DLE velge \u00e5\u00a0skrive til\u00a0virksomheten om at DLE ikke vil forf\u00f8lge saken videre i denne omgang. Virksomheten gj\u00f8res da oppmerksom p\u00e5 at dersom det kreves innsyn i saken senere vil avvikene vises. I enkelte tilfeller hvor feil eller mangler er s\u00e5 alvorlig at de kan medf\u00f8re stor fare for liv og helse vil det bli fattet direkte vedtak. Dette kan bety umiddelbar frakobling av hele eller deler av anlegget eller\u00a0eventuelt et vedtak med kort frist for retting.<\/p>\n\t\t\t\t<\/article>\n\t\t\t<\/div>\n\n\t\t\t<div class=\"cell small-12 medium-5 image\">\n\t\t\t\t\t\t\t<\/div>\n\t\t<\/div>\n\t\t\n\t<\/div>\n<\/section>\n\n\n\n<section id=\"image-content-block_6086a435af3f4\" class=\"block-section image-content none smaller-fonts no-image  align-full\">\n\t<div class=\"grid-container\" id=\"scrollToMe-utsettelse-av-utbedringsfrist\">\n\n\t\t<div class=\"grid-x grid-padding-x\">\n\n\t\t\t<div class=\"cell small-12 medium-7 content\">\n\t\t\t\t\t\t\t\t\t<h2 class=\"section-title\">Utsettelse av utbedringsfrist<\/h2>\n\t\t\t\t\n\t\t\t\t\t\t\t\t\t<article><p>Ved slike behov for utsettelse m\u00e5 virksomheten ta kontakt med DLE eller det sakkyndige selskapet som har utf\u00f8rt kontrollen og begrunne behovet. Om fristen kan forlenges vil vurderes i det enkelte tilfellet og vil v\u00e6re avhengig av alvorlighetsgraden i de feil\/mangler som er funnet. \u00d8konomiske \u00e5rsaker gir ikke grunnlag for \u00e5 forlenge utbedringsfristen.<\/p>\n<\/article>\n\t\t\t\t\n\t\t\t\t\t\t\t\t<div class=\"clearfix\"><\/div>\n\t\t\t\t\n\t\t\t\t\t\t\t\t\n\t\t\t<\/div>\n\n\t\t\t<div class=\"cell small-12 medium-5 image\">\n\t\t\t\t\t\t\t\t\t\n\t\t\t\t\t\n\t\t\t\t\n\t\t\t<\/div>\n\n\t\t<\/div>\n\n\t\t\t\t\n\t<\/div>\n<\/section>\n\n\n\n<section class=\"block-section post-cards\">\n\t<div class=\"grid-container\">\n\n        <div class=\"grid-x grid-margin-x section-title-wrapper\">\n            <div class=\"cell small-12 medium-6\">\n                                    <h1 class=\"section-title\">Vi anbefaler<\/h1>\n                            <\/div>\n\n                    <\/div>\n\n        <div class=\"grid-x grid-margin-x cards-wrapper\">\n                                                                    <a href=\"https:\/\/elsikkerhetsportalen.no\/foie\/dle\/markedstilsyn\/\" class=\"link-card cell small-12 medium-6\">\n    <article>\n        <div class=\"content\">\n            <h3 class=\"title\">Markedstilsyn<\/h3>\n            <p class=\"excerpt\"><\/p>\n        <\/div>\n        <span class=\"icon icon-arrow-right\"><\/span>\n    <\/article>\n<\/a>                    \n                                                        <a href=\"https:\/\/elsikkerhetsportalen.no\/foie\/dle\/om-dle\/\" class=\"link-card cell small-12 medium-6\">\n    <article>\n        <div class=\"content\">\n            <h3 class=\"title\">Om DLE<\/h3>\n            <p class=\"excerpt\"><\/p>\n        <\/div>\n        <span class=\"icon icon-arrow-right\"><\/span>\n    <\/article>\n<\/a>                    \n                                                    <\/div>\n\n    <\/div>\n<\/section>","protected":false},"excerpt":{"rendered":"","protected":false},"author":1,"featured_media":0,"parent":15,"menu_order":5,"comment_status":"closed","ping_status":"closed","template":"","meta":{"_acf_changed":false,"footnotes":""},"class_list":["post-64","page","type-page","status-publish","hentry"],"acf":[],"_links":{"self":[{"href":"https:\/\/elsikkerhetsportalen.no\/foie\/wp-json\/wp\/v2\/pages\/64","targetHints":{"allow":["GET"]}}],"collection":[{"href":"https:\/\/elsikkerhetsportalen.no\/foie\/wp-json\/wp\/v2\/pages"}],"about":[{"href":"https:\/\/elsikkerhetsportalen.no\/foie\/wp-json\/wp\/v2\/types\/page"}],"author":[{"embeddable":true,"href":"https:\/\/elsikkerhetsportalen.no\/foie\/wp-json\/wp\/v2\/users\/1"}],"replies":[{"embeddable":true,"href":"https:\/\/elsikkerhetsportalen.no\/foie\/wp-json\/wp\/v2\/comments?post=64"}],"version-history":[{"count":0,"href":"https:\/\/elsikkerhetsportalen.no\/foie\/wp-json\/wp\/v2\/pages\/64\/revisions"}],"up":[{"embeddable":true,"href":"https:\/\/elsikkerhetsportalen.no\/foie\/wp-json\/wp\/v2\/pages\/15"}],"wp:attachment":[{"href":"https:\/\/elsikkerhetsportalen.no\/foie\/wp-json\/wp\/v2\/media?parent=64"}],"curies":[{"name":"wp","href":"https:\/\/api.w.org\/{rel}","templated":true}]}}