{"id":20,"date":"2021-02-03T21:30:22","date_gmt":"2021-02-03T21:30:22","guid":{"rendered":"http:\/\/elsikkerhetsportalen.no\/noknett\/?page_id=20"},"modified":"2021-09-30T08:28:48","modified_gmt":"2021-09-30T08:28:48","slug":"finn-elektriker","status":"publish","type":"page","link":"https:\/\/elsikkerhetsportalen.no\/ihk\/elektrisk-anlegg\/finn-elektriker\/","title":{"rendered":"Finn elektriker"},"content":{"rendered":"<section id=\"scrollable-shortcuts-block_6075b646a6d36\" class=\"block-section scrollable-shortcuts   align-full\">\n\t<div class=\"grid-container\">\n\t\t<div class=\"grid-x grid-padding-x\">\n\n\t\t\t<header class=\"cell small-12 medium-7\">\n\t\t\t\t\t\t\t\t\t<h1>Finn elektriker<\/h1>\n\t\t\t\t\n\t\t\t\t\t\t\t\t\t<p class=\"ingress\">Alt arbeid p\u00e5 elektriske anlegg skal utf\u00f8res og dokumenteres av en registrert elektrovirksomhet. Fall  ikke for fristelsen \u00e5 be om en vennetjeneste, eller leke hobbyelektriker selv. Det kan koste deg dyrt.<\/p>\n\t\t\t\t\n\t\t\t\t\n\t\t\t\t<nav><ul><li><a href=\"#registrert-elektriker\" class=\"link link--underlined\">Registrert elektriker<\/a><\/li><\/ul><\/nav>\t\t\t<\/header>\n\n\t\t<\/div>\n\t<\/div>\n<\/section>\n\n\n\n<section id=\"image-content-block_6075b684a6d37\" class=\"block-section image-content dark has-more-content  align-full\">\n\t<div class=\"grid-container\" id=\"scrollToMe-registrert-elektriker\">\n\n\t\t<div class=\"grid-x grid-padding-x\">\n\n\t\t\t<div class=\"cell small-12 medium-7 content\">\n\t\t\t\t\t\t\t\t\t<h2 class=\"section-title\">Registrert elektriker<\/h2>\n\t\t\t\t\n\t\t\t\t\t\t\t\t\t<article><p>Alle registrerte elvirksomheter finner du i DSBs Elvirksomhetsregister. Dette er godkjente elektrikere som har lov til \u00e5 utf\u00f8re elektrisk arbeid.<\/p>\n<\/article>\n\t\t\t\t\n\t\t\t\t\t\t\t\t<div class=\"clearfix\"><\/div>\n\t\t\t\t\n\t\t\t\t\t\t\t\t\n\t\t\t\t\t<a\n\t\t\t\t\t\thref=\"#\"\n\t\t\t\t\t\tclass=\"button-plus content-toggler\"\n\t\t\t\t\t\tdata-initialtext=\"Les mer\"\n\t\t\t\t\t\tdata-toggletext=\"Les mindre\"\n\t\t\t\t\t\tdata-target=\"ic-hidden-block_6075b684a6d37\"\n\t\t\t\t\t\trole=\"button\"\n\t\t\t\t\t\trel=\"nofollow\"\n\t\t\t\t\t\taria-label=\"\u00c5pne skjult innhold\"\n\t\t\t\t\t\taria-expanded=\"false\">\n\t\t\t\t\t\t<span>Les mer<\/span>\n\t\t\t\t\t\t<span class=\"icon icon-plus\"><\/span>\n\t\t\t\t\t<\/a>\n\t\t\t\t\n\t\t\t<\/div>\n\n\t\t\t<div class=\"cell small-12 medium-5 image\">\n\t\t\t\t<img loading=\"lazy\" decoding=\"async\" width=\"502\" height=\"335\" src=\"https:\/\/elsikkerhetsportalen.no\/ihk\/wp-content\/uploads\/sites\/28\/2022\/06\/komfyrvakt-montering-502x335.png\" class=\"attachment-image-content size-image-content\" alt=\"\" srcset=\"https:\/\/elsikkerhetsportalen.no\/ihk\/wp-content\/uploads\/sites\/28\/2022\/06\/komfyrvakt-montering-502x335.png 502w, https:\/\/elsikkerhetsportalen.no\/ihk\/wp-content\/uploads\/sites\/28\/2022\/06\/komfyrvakt-montering-300x200.png 300w, https:\/\/elsikkerhetsportalen.no\/ihk\/wp-content\/uploads\/sites\/28\/2022\/06\/komfyrvakt-montering.png 600w\" sizes=\"auto, (max-width: 502px) 100vw, 502px\" \/>\n\t\t\t<\/div>\n\n\t\t<\/div>\n\n\t\t\t\t\t\t<div class=\"grid-x grid-padding-x hidden-more-content\" aria-expanded=\"false\" aria-hidden=\"true\" id=\"ic-hidden-block_6075b684a6d37\">\n\t\t\t<div class=\"cell small-12 medium-7 content\">\n\t\t\t\t<article>\n\t\t\t\t<a class=\"link link--underlined\" href=\"https:\/\/elvirksomhetsregisteret.dsb.no\/elreg-ui\/search?term\" target=\"_self\">G\u00e5 til Elvirksomhetsregisteret<\/a><p><!-- wp:paragraph --><\/p>\n<p>I Elvirksomhetsregisteret til\u00a0Direktoratet for samfunnsikkerhet og beredskap (DSB) kan du s\u00f8ke opp alle registrerte virksomheter. Skriv inn navnet p\u00e5 virksomheten du har tenkt \u00e5 engasjere for \u00e5 sjekke om de er registrert. Du kan\u00a0ogs\u00e5 taste inn kommunenavn. Da f\u00e5r\u00a0du opp en liste med registrerte virksomheter i din kommune. <strong>Finner du ikke \u00abdin\u00bb elektriker her, har ikke firmaet lov til \u00e5 utf\u00f8re arbeid p\u00e5 ditt elektriske anlegg.<\/strong><\/p>\n<p><!-- \/wp:paragraph --> <!-- wp:paragraph --><\/p>\n<p>\u200bArbeid p\u00e5 et elektrisk anlegg skal ledes av en faglig ansvarlig (installat\u00f8r) og utf\u00f8res av en elektrofagarbeider (elektriker). Begge skal oppfylle gitte kvalifikasjonskrav. Disse virksomhetene er underlagt tilsyn fra Det lokale eltilsyn (DLE) for \u00e5 sikre at de har n\u00f8dvendig kompetanse og rutiner for \u00e5 utf\u00f8re arbeidene p\u00e5 en trygg m\u00e5te.<\/p>\n<p><!-- \/wp:paragraph --> <!-- wp:quote --><\/p>\n<blockquote class=\"wp-block-quote\"><p>Det er din plikt som eier av elektriske anlegget at virksomheten du bruker er registrert i DSBs register.<\/p><\/blockquote>\n<p><!-- \/wp:quote --><\/p>\n\t\t\t\t<\/article>\n\t\t\t<\/div>\n\n\t\t\t<div class=\"cell small-12 medium-5 image\">\n\t\t\t\t\t\t\t<\/div>\n\t\t<\/div>\n\t\t\n\t<\/div>\n<\/section>\n\n\n\n<section class=\"block-section post-cards\">\n\t<div class=\"grid-container\">\n\n        <div class=\"grid-x grid-margin-x section-title-wrapper\">\n            <div class=\"cell small-12 medium-6\">\n                                    <h1 class=\"section-title\">Vi anbefaler<\/h1>\n                            <\/div>\n\n                            <div class=\"cell small-12 medium-6 small-text-align-left text-align-right\">\n                    <a class=\"link link--underlined\" href=\"https:\/\/elvirksomhetsregisteret.dsb.no\/elreg-ui\/search?term\" target=\"_blank\">\n<!--                        <span class=\"str\">--><!--<\/span>-->\n                        G\u00e5 til Elvirksomhetsregisteret                    <\/a>\n                <\/div>\n                    <\/div>\n\n        <div class=\"grid-x grid-margin-x cards-wrapper\">\n                                                                    <a href=\"https:\/\/elsikkerhetsportalen.no\/ihk\/ulovlig\/\" class=\"link-card cell small-12 medium-6\">\n    <article>\n        <div class=\"content\">\n            <h3 class=\"title\">Ulovlig elektrisk arbeid<\/h3>\n            <p class=\"excerpt\">Elektrisk materiell er blitt hyllevare i stadig flere forretninger og nettbutikker. Du kan f\u00e5 kj\u00f8pt&#8230;<\/p>\n        <\/div>\n        <span class=\"icon icon-arrow-right\"><\/span>\n    <\/article>\n<\/a>                    \n                                                        <a href=\"https:\/\/elsikkerhetsportalen.no\/ihk\/elektrisk-anlegg\/hva-kan-du-gjore-selv\/\" class=\"link-card cell small-12 medium-6\">\n    <article>\n        <div class=\"content\">\n            <h3 class=\"title\">Hva kan du gj\u00f8re selv?<\/h3>\n            <p class=\"excerpt\"><\/p>\n        <\/div>\n        <span class=\"icon icon-arrow-right\"><\/span>\n    <\/article>\n<\/a>                    \n                                                    <\/div>\n\n    <\/div>\n<\/section>","protected":false},"excerpt":{"rendered":"","protected":false},"author":1,"featured_media":0,"parent":8,"menu_order":6,"comment_status":"closed","ping_status":"closed","template":"","meta":{"_acf_changed":false,"footnotes":""},"class_list":["post-20","page","type-page","status-publish","hentry"],"acf":[],"_links":{"self":[{"href":"https:\/\/elsikkerhetsportalen.no\/ihk\/wp-json\/wp\/v2\/pages\/20","targetHints":{"allow":["GET"]}}],"collection":[{"href":"https:\/\/elsikkerhetsportalen.no\/ihk\/wp-json\/wp\/v2\/pages"}],"about":[{"href":"https:\/\/elsikkerhetsportalen.no\/ihk\/wp-json\/wp\/v2\/types\/page"}],"author":[{"embeddable":true,"href":"https:\/\/elsikkerhetsportalen.no\/ihk\/wp-json\/wp\/v2\/users\/1"}],"replies":[{"embeddable":true,"href":"https:\/\/elsikkerhetsportalen.no\/ihk\/wp-json\/wp\/v2\/comments?post=20"}],"version-history":[{"count":0,"href":"https:\/\/elsikkerhetsportalen.no\/ihk\/wp-json\/wp\/v2\/pages\/20\/revisions"}],"up":[{"embeddable":true,"href":"https:\/\/elsikkerhetsportalen.no\/ihk\/wp-json\/wp\/v2\/pages\/8"}],"wp:attachment":[{"href":"https:\/\/elsikkerhetsportalen.no\/ihk\/wp-json\/wp\/v2\/media?parent=20"}],"curies":[{"name":"wp","href":"https:\/\/api.w.org\/{rel}","templated":true}]}}