{"id":30,"date":"2021-02-03T21:31:38","date_gmt":"2021-02-03T21:31:38","guid":{"rendered":"http:\/\/elsikkerhetsportalen.no\/noknett\/?page_id=30"},"modified":"2022-03-18T08:49:30","modified_gmt":"2022-03-18T08:49:30","slug":"10-elsikre-tips","status":"publish","type":"page","link":"https:\/\/elsikkerhetsportalen.no\/ihk\/elektrisk-utstyr\/10-elsikre-tips\/","title":{"rendered":"10 elsikre tips"},"content":{"rendered":"<section id=\"scrollable-shortcuts-block_607d3ac83fe60\" class=\"block-section scrollable-shortcuts   align-full\">\n\t<div class=\"grid-container\">\n\t\t<div class=\"grid-x grid-padding-x\">\n\n\t\t\t<header class=\"cell small-12 medium-7\">\n\t\t\t\t\t\t\t\t\t<h1>V\u00e5re topp tips<\/h1>\n\t\t\t\t\n\t\t\t\t\t\t\t\t\t<p class=\"ingress\">Her gir vi deg v\u00e5re beste tips for at du skal kunne holde hjemmet ditt elsikkert.<\/p>\n\t\t\t\t\n\t\t\t\t\n\t\t\t\t<nav><ul><\/ul><\/nav>\t\t\t<\/header>\n\n\t\t<\/div>\n\t<\/div>\n<\/section>\n\n\n\n<section id=\"sorted-list-block_607d5f3e3fe63\" class=\"block-section sorted-list none  align-full\">\n\t<div class=\"grid-container\">\n\t\t<div class=\"grid-x grid-padding-x\">\n\n\t\t\t<div class=\"cell small-12 medium-6 large-5 title-wrapper\">\n\t\t\t\t\t\t\t\t\t<h2 class=\"title\">10 elsikre tips<\/h2>\n\t\t\t\t\t\t\t<\/div>\n\n\t\t\t<div class=\"cell small-12 medium-6 large-6 large-offset-1 list-wrapper\">\n\t\t\t\t\t\t\t\t\t<ol>\n\t\t\t\t\t\t\t\t\t\t\t\n\t\t\t\t\t\t\t\t\t\t\t\t\t<li>Sjekk ofte om stikkontakter og st\u00f8psler er brente<\/li>\n\t\t\t\t\t\t\n\t\t\t\t\t\t\t\t\t\t\t\n\t\t\t\t\t\t\t\t\t\t\t\t\t<li>Unng\u00e5 komfyrbrann. Bruk komfyrvakt.<\/li>\n\t\t\t\t\t\t\n\t\t\t\t\t\t\t\t\t\t\t\n\t\t\t\t\t\t\t\t\t\t\t\t\t<li>Lad mobil, nettbrett og andre litiumsbatterier kun n\u00e5r du er v\u00e5ken og tilstede<\/li>\n\t\t\t\t\t\t\n\t\t\t\t\t\t\t\t\t\t\t\n\t\t\t\t\t\t\t\t\t\t\t\t\t<li>Ikke bruk skj\u00f8teledning til varmeovner, vaskemaskin og t\u00f8rketrommel etc.<\/li>\n\t\t\t\t\t\t\n\t\t\t\t\t\t\t\t\t\t\t\n\t\t\t\t\t\t\t\t\t\t\t\t\t<li>Vask kl\u00e6r n\u00e5r du er hjemme og v\u00e5ken<\/li>\n\t\t\t\t\t\t\n\t\t\t\t\t\t\t\t\t\t\t\n\t\t\t\t\t\t\t\t\t\t\t\t\t<li>T\u00f8rk ikke t\u00f8y p\u00e5 elektriske ovner<\/li>\n\t\t\t\t\t\t\n\t\t\t\t\t\t\t\t\t\t\t\n\t\t\t\t\t\t\t\t\t\t\t\t\t<li>Bruk kun elektrikere som er registrert i Elvirksomhetsregisteret<\/li>\n\t\t\t\t\t\t\n\t\t\t\t\t\t\t\t\t\t\t\n\t\t\t\t\t\t\t\t\t\t\t\t\t<li>Sjekk at jordfeilbryter(e) og evt. jordfeilvarsler reagerer p\u00e5 testknapp. Sjekk ogs\u00e5 at sikringsskapet er ryddig og at d\u00f8r er lukket.<\/li>\n\t\t\t\t\t\t\n\t\t\t\t\t\t\t\t\t\t\t\n\t\t\t\t\t\t\t\t\t\t\t\t\t<li>Trekk ut st\u00f8psel fra elektriske termostatstyrte apparater som ikke er i bruk<\/li>\n\t\t\t\t\t\t\n\t\t\t\t\t\t\t\t\t\t\t\n\t\t\t\t\t\t\t\t\t\t\t\t\t<li>Lad elbil kun fra egnet ladeuttak. Installer en hjemmelader der du lader til daglig.<\/li>\n\t\t\t\t\t\t\n\t\t\t\t\t\t\t\t\t\t<\/ol>\n\t\t\t\t\t\t\t<\/div>\n\n\t\t<\/div>\n\t<\/div>\n<\/section>\n\n\n\n<figure class=\"wp-block-gallery has-nested-images columns-default is-cropped wp-block-gallery-1 is-layout-flex wp-block-gallery-is-layout-flex\">\n<figure class=\"wp-block-image size-large\"><a href=\"https:\/\/elsikkerhetsportalen.no\/wp-content\/uploads\/2021\/04\/Untitled-design-72.jpg\"><img loading=\"lazy\" decoding=\"async\" width=\"1024\" height=\"536\" data-id=\"661\" src=\"https:\/\/elsikkerhetsportalen.no\/wp-content\/uploads\/2021\/04\/Untitled-design-72-1024x536.jpg\" alt=\"\" class=\"wp-image-661\" srcset=\"https:\/\/elsikkerhetsportalen.no\/ihk\/wp-content\/uploads\/sites\/28\/2021\/04\/Untitled-design-72-1024x536.jpg 1024w, https:\/\/elsikkerhetsportalen.no\/ihk\/wp-content\/uploads\/sites\/28\/2021\/04\/Untitled-design-72-300x157.jpg 300w, https:\/\/elsikkerhetsportalen.no\/ihk\/wp-content\/uploads\/sites\/28\/2021\/04\/Untitled-design-72-768x402.jpg 768w, https:\/\/elsikkerhetsportalen.no\/ihk\/wp-content\/uploads\/sites\/28\/2021\/04\/Untitled-design-72-502x263.jpg 502w, https:\/\/elsikkerhetsportalen.no\/ihk\/wp-content\/uploads\/sites\/28\/2021\/04\/Untitled-design-72.jpg 1200w\" sizes=\"auto, (max-width: 1024px) 100vw, 1024px\" \/><\/a><figcaption>Unng\u00e5 smeltede kjeler &#8211; monter komfyrvakt!<\/figcaption><\/figure>\n\n\n\n<figure class=\"wp-block-image size-large\"><a href=\"https:\/\/elsikkerhetsportalen.no\/wp-content\/uploads\/2021\/04\/Untitled-design-60.jpg\"><img loading=\"lazy\" decoding=\"async\" width=\"1024\" height=\"536\" data-id=\"662\" src=\"https:\/\/elsikkerhetsportalen.no\/wp-content\/uploads\/2021\/04\/Untitled-design-60-1024x536.jpg\" alt=\"\" class=\"wp-image-662\" srcset=\"https:\/\/elsikkerhetsportalen.no\/ihk\/wp-content\/uploads\/sites\/28\/2021\/04\/Untitled-design-60-1024x536.jpg 1024w, https:\/\/elsikkerhetsportalen.no\/ihk\/wp-content\/uploads\/sites\/28\/2021\/04\/Untitled-design-60-300x157.jpg 300w, https:\/\/elsikkerhetsportalen.no\/ihk\/wp-content\/uploads\/sites\/28\/2021\/04\/Untitled-design-60-768x402.jpg 768w, https:\/\/elsikkerhetsportalen.no\/ihk\/wp-content\/uploads\/sites\/28\/2021\/04\/Untitled-design-60-502x263.jpg 502w, https:\/\/elsikkerhetsportalen.no\/ihk\/wp-content\/uploads\/sites\/28\/2021\/04\/Untitled-design-60.jpg 1200w\" sizes=\"auto, (max-width: 1024px) 100vw, 1024px\" \/><\/a><figcaption>Smeltet varmtvannstank.<\/figcaption><\/figure>\n\n\n\n<figure class=\"wp-block-image size-large\"><a href=\"https:\/\/elsikkerhetsportalen.no\/wp-content\/uploads\/2021\/04\/mobilseng.jpg\"><img loading=\"lazy\" decoding=\"async\" width=\"1024\" height=\"601\" data-id=\"664\" src=\"https:\/\/elsikkerhetsportalen.no\/wp-content\/uploads\/2021\/04\/mobilseng-1024x601.jpg\" alt=\"\" class=\"wp-image-664\" srcset=\"https:\/\/elsikkerhetsportalen.no\/ihk\/wp-content\/uploads\/sites\/28\/2021\/04\/mobilseng-1024x601.jpg 1024w, https:\/\/elsikkerhetsportalen.no\/ihk\/wp-content\/uploads\/sites\/28\/2021\/04\/mobilseng-300x176.jpg 300w, https:\/\/elsikkerhetsportalen.no\/ihk\/wp-content\/uploads\/sites\/28\/2021\/04\/mobilseng-768x451.jpg 768w, https:\/\/elsikkerhetsportalen.no\/ihk\/wp-content\/uploads\/sites\/28\/2021\/04\/mobilseng-502x295.jpg 502w, https:\/\/elsikkerhetsportalen.no\/ihk\/wp-content\/uploads\/sites\/28\/2021\/04\/mobilseng.jpg 1260w\" sizes=\"auto, (max-width: 1024px) 100vw, 1024px\" \/><\/a><figcaption>Ikke lad mobilen i senga!<\/figcaption><\/figure>\n<\/figure>\n\n\n\n<section class=\"block-section post-cards\">\n\t<div class=\"grid-container\">\n\n        <div class=\"grid-x grid-margin-x section-title-wrapper\">\n            <div class=\"cell small-12 medium-6\">\n                                    <h1 class=\"section-title\">Vi anbefaler<\/h1>\n                            <\/div>\n\n                    <\/div>\n\n        <div class=\"grid-x grid-margin-x cards-wrapper\">\n                                                                    <a href=\"https:\/\/elsikkerhetsportalen.no\/ihk\/elektrisk-anlegg\/finn-elektriker\/\" class=\"link-card cell small-12 medium-6\">\n    <article>\n        <div class=\"content\">\n            <h3 class=\"title\">Finn elektriker<\/h3>\n            <p class=\"excerpt\"><\/p>\n        <\/div>\n        <span class=\"icon icon-arrow-right\"><\/span>\n    <\/article>\n<\/a>                    \n                                                        <a href=\"https:\/\/elsikkerhetsportalen.no\/ihk\/elektrisk-utstyr\/elbil\/\" class=\"link-card cell small-12 medium-6\">\n    <article>\n        <div class=\"content\">\n            <h3 class=\"title\">Lading av elbil<\/h3>\n            <p class=\"excerpt\"><\/p>\n        <\/div>\n        <span class=\"icon icon-arrow-right\"><\/span>\n    <\/article>\n<\/a>                    \n                                                        <a href=\"https:\/\/elsikkerhetsportalen.no\/ihk\/obs\/\" class=\"link-card cell small-12 medium-6\">\n    <article>\n        <div class=\"content\">\n            <h3 class=\"title\">Utrygge elektriske produkter<\/h3>\n            <p class=\"excerpt\"><\/p>\n        <\/div>\n        <span class=\"icon icon-arrow-right\"><\/span>\n    <\/article>\n<\/a>                    \n                                                        <a href=\"https:\/\/elsikkerhetsportalen.no\/ihk\/elektrisk-utstyr\/hvitevarer\/\" class=\"link-card cell small-12 medium-6\">\n    <article>\n        <div class=\"content\">\n            <h3 class=\"title\">Hvitevarer<\/h3>\n            <p class=\"excerpt\"><\/p>\n        <\/div>\n        <span class=\"icon icon-arrow-right\"><\/span>\n    <\/article>\n<\/a>                    \n                                                    <\/div>\n\n    <\/div>\n<\/section>","protected":false},"excerpt":{"rendered":"","protected":false},"author":1,"featured_media":0,"parent":9,"menu_order":7,"comment_status":"closed","ping_status":"closed","template":"","meta":{"_acf_changed":false,"footnotes":""},"class_list":["post-30","page","type-page","status-publish","hentry"],"acf":[],"_links":{"self":[{"href":"https:\/\/elsikkerhetsportalen.no\/ihk\/wp-json\/wp\/v2\/pages\/30","targetHints":{"allow":["GET"]}}],"collection":[{"href":"https:\/\/elsikkerhetsportalen.no\/ihk\/wp-json\/wp\/v2\/pages"}],"about":[{"href":"https:\/\/elsikkerhetsportalen.no\/ihk\/wp-json\/wp\/v2\/types\/page"}],"author":[{"embeddable":true,"href":"https:\/\/elsikkerhetsportalen.no\/ihk\/wp-json\/wp\/v2\/users\/1"}],"replies":[{"embeddable":true,"href":"https:\/\/elsikkerhetsportalen.no\/ihk\/wp-json\/wp\/v2\/comments?post=30"}],"version-history":[{"count":0,"href":"https:\/\/elsikkerhetsportalen.no\/ihk\/wp-json\/wp\/v2\/pages\/30\/revisions"}],"up":[{"embeddable":true,"href":"https:\/\/elsikkerhetsportalen.no\/ihk\/wp-json\/wp\/v2\/pages\/9"}],"wp:attachment":[{"href":"https:\/\/elsikkerhetsportalen.no\/ihk\/wp-json\/wp\/v2\/media?parent=30"}],"curies":[{"name":"wp","href":"https:\/\/api.w.org\/{rel}","templated":true}]}}