{"id":40,"date":"2021-02-03T21:33:17","date_gmt":"2021-02-03T21:33:17","guid":{"rendered":"http:\/\/elsikkerhetsportalen.no\/noknett\/?page_id=40"},"modified":"2021-09-30T12:34:50","modified_gmt":"2021-09-30T12:34:50","slug":"brannstatistikk","status":"publish","type":"page","link":"https:\/\/elsikkerhetsportalen.no\/ihk\/om-elsikkerhetsportalen\/brannstatistikk\/","title":{"rendered":"Brannstatistikk"},"content":{"rendered":"<section id=\"scrollable-shortcuts-block_607d53a89c313\" class=\"block-section scrollable-shortcuts   align-full\">\n\t<div class=\"grid-container\">\n\t\t<div class=\"grid-x grid-padding-x\">\n\n\t\t\t<header class=\"cell small-12 medium-7\">\n\t\t\t\t\t\t\t\t\t<h1>Brannstatistikk<\/h1>\n\t\t\t\t\n\t\t\t\t\t\t\t\t\t<p class=\"ingress\">Kunnskap om brann\u00e5rsaker er vesentlig for \u00e5 kunne forebygge brann. Direktoratet for samfunnssikkerhet og beredskap (DSB) f\u00f8rer derfor brannstatistikk basert p\u00e5 innrapportering fra brannvesen og politi.\r\nElsikkerhetsportalen utarbeider ikke egen statistikk!<\/p>\n\t\t\t\t\n\t\t\t\t\t\t\t\t\t<h2 class=\"shortcuts-title\">Tema<span><span class=\"icon icon-arrow-down\"><\/span><\/span><\/h2>\n\t\t\t\t\n\t\t\t\t<nav><ul><li><a href=\"#omkomne-i-brann\" class=\"link link--underlined\">D\u00f8dsbranner<\/a><\/li><li><a href=\"#brann-og-redningsvesenets-utrykninger\" class=\"link link--underlined\">Utrykninger<\/a><\/li><li><a href=\"#hvor-er-det-flest-komfyrbranner\" class=\"link link--underlined\">Komfyrbrann<\/a><\/li><\/ul><\/nav>\t\t\t<\/header>\n\n\t\t<\/div>\n\t<\/div>\n<\/section>\n\n\n\n<section id=\"image-content-block_607d544c9c314\" class=\"block-section image-content light smaller-fonts no-image  align-full\">\n\t<div class=\"grid-container\" id=\"scrollToMe-omkomne-i-brann\">\n\n\t\t<div class=\"grid-x grid-padding-x\">\n\n\t\t\t<div class=\"cell small-12 medium-7 content\">\n\t\t\t\t\t\t\t\t\t<h2 class=\"section-title\">Omkomne i brann<\/h2>\n\t\t\t\t\n\t\t\t\t\n\t\t\t\t\t\t\t\t<div class=\"clearfix\"><\/div>\n\t\t\t\t\n\t\t\t\t\t\t\t\t\n\t\t\t<\/div>\n\n\t\t\t<div class=\"cell small-12 medium-5 image\">\n\t\t\t\t\t\t\t\t\t\n\t\t\t\t\t\t\t\t\t\t\t<article>\n\t\t\t\t\t\t<p>14 personer har omkommet i brann s\u00e5 langt i \u00e5r (per 18.4.2021). Fire av de omkomne er barn under 16 \u00e5r.<\/p>\n<p>I 2020 omkom 44 personer i brann.<\/p>\n<a class=\"link link--underlined\" href=\"https:\/\/www.dsb.no\/menyartikler\/statistikk\/omkomne-i-brann\/\" target=\"_blank\">Les mer om utviklingen av omkomne i brann hos DSB<\/a>\t\t\t\t\t\t<\/article>\n\t\t\t\t\t\n\t\t\t\t\n\t\t\t<\/div>\n\n\t\t<\/div>\n\n\t\t\t\t\n\t<\/div>\n<\/section>\n\n\n\n<section id=\"image-content-block_607d55209c317\" class=\"block-section image-content dark smaller-fonts no-image  align-full\">\n\t<div class=\"grid-container\" id=\"scrollToMe-brann-og-redningsvesenets-utrykninger\">\n\n\t\t<div class=\"grid-x grid-padding-x\">\n\n\t\t\t<div class=\"cell small-12 medium-7 content\">\n\t\t\t\t\t\t\t\t\t<h2 class=\"section-title\">Brann- og redningsvesenets utrykninger<\/h2>\n\t\t\t\t\n\t\t\t\t\n\t\t\t\t\t\t\t\t<div class=\"clearfix\"><\/div>\n\t\t\t\t\n\t\t\t\t\t\t\t\t\n\t\t\t<\/div>\n\n\t\t\t<div class=\"cell small-12 medium-5 image\">\n\t\t\t\t\t\t\t\t\t\n\t\t\t\t\t\t\t\t\t\t\t<article>\n\t\t\t\t\t\t<p>De siste \u00e5rene har brann- og redningsvesenet rykket ut 72 250 ganger til brann.<\/p>\n<p>9 623 av utrykningene var t\u00f8rrkoking\/komfyrbrann (&#8220;mat eller gjenstander p\u00e5\/i komfyr&#8221;)<\/p>\n<p>5 558 av brannene\/branntill\u00f8p startet i elektrisk utstyr.<\/p>\n<p>263 703 ganger var un\u00f8dige og falske utrykninger.<\/p>\n\t\t\t\t\t\t<\/article>\n\t\t\t\t\t\n\t\t\t\t\n\t\t\t<\/div>\n\n\t\t<\/div>\n\n\t\t\t\t\n\t<\/div>\n<\/section>\n\n\n\n<section id=\"image-content-block_607d5a6d9c319\" class=\"block-section image-content light smaller-fonts no-image has-more-content  align-full\">\n\t<div class=\"grid-container\" id=\"scrollToMe-hvor-er-det-flest-komfyrbranner\">\n\n\t\t<div class=\"grid-x grid-padding-x\">\n\n\t\t\t<div class=\"cell small-12 medium-7 content\">\n\t\t\t\t\t\t\t\t\t<h2 class=\"section-title\">Hvor er det flest komfyrbranner?<\/h2>\n\t\t\t\t\n\t\t\t\t\n\t\t\t\t\t\t\t\t<div class=\"clearfix\"><\/div>\n\t\t\t\t\n\t\t\t\t\t\t\t\t\n\t\t\t\t\t<a\n\t\t\t\t\t\thref=\"#\"\n\t\t\t\t\t\tclass=\"button-plus content-toggler\"\n\t\t\t\t\t\tdata-initialtext=\"Les mer\"\n\t\t\t\t\t\tdata-toggletext=\"Les mindre\"\n\t\t\t\t\t\tdata-target=\"ic-hidden-block_607d5a6d9c319\"\n\t\t\t\t\t\trole=\"button\"\n\t\t\t\t\t\trel=\"nofollow\"\n\t\t\t\t\t\taria-label=\"\u00c5pne skjult innhold\"\n\t\t\t\t\t\taria-expanded=\"false\">\n\t\t\t\t\t\t<span>Les mer<\/span>\n\t\t\t\t\t\t<span class=\"icon icon-plus\"><\/span>\n\t\t\t\t\t<\/a>\n\t\t\t\t\n\t\t\t<\/div>\n\n\t\t\t<div class=\"cell small-12 medium-5 image\">\n\t\t\t\t\t\t\t\t\t\n\t\t\t\t\t\t\t\t\t\t\t<article>\n\t\t\t\t\t\t<ol>\n<li>Oslo (33,5)<\/li>\n<li>Trondheim (32,9)<\/li>\n<li>Kristiansand (25,8)<\/li>\n<li>Bergen (21,9)<\/li>\n<li>Drammen (18,8)<\/li>\n<\/ol>\n<p><em>Per 10 000 innbyggere fra 1.1.2016 til i dag.<\/em><\/p>\n\t\t\t\t\t\t<\/article>\n\t\t\t\t\t\n\t\t\t\t\n\t\t\t<\/div>\n\n\t\t<\/div>\n\n\t\t\t\t\t\t<div class=\"grid-x grid-padding-x hidden-more-content\" aria-expanded=\"false\" aria-hidden=\"true\" id=\"ic-hidden-block_607d5a6d9c319\">\n\t\t\t<div class=\"cell small-12 medium-7 content\">\n\t\t\t\t<article>\n\t\t\t\t\t\t\t\t<\/article>\n\t\t\t<\/div>\n\n\t\t\t<div class=\"cell small-12 medium-5 image\">\n\t\t\t\t\t\t\t<\/div>\n\t\t<\/div>\n\t\t\n\t<\/div>\n<\/section>\n\n\n\n<section class=\"block-section post-cards\">\n\t<div class=\"grid-container\">\n\n        <div class=\"grid-x grid-margin-x section-title-wrapper\">\n            <div class=\"cell small-12 medium-6\">\n                                    <h1 class=\"section-title\">Vi anbefaler<\/h1>\n                            <\/div>\n\n                    <\/div>\n\n        <div class=\"grid-x grid-margin-x cards-wrapper\">\n                                                                    <a href=\"https:\/\/elsikkerhetsportalen.no\/ihk\/brannutredning\/\" class=\"link-card cell small-12 medium-6\">\n    <article>\n        <div class=\"content\">\n            <h3 class=\"title\">Brannutredning<\/h3>\n            <p class=\"excerpt\">Politiet har plikt til \u00e5 etterforske alle branner; ogs\u00e5 i tilfeller hvor det ikke foreligger&#8230;<\/p>\n        <\/div>\n        <span class=\"icon icon-arrow-right\"><\/span>\n    <\/article>\n<\/a>                    \n                                                    <\/div>\n\n    <\/div>\n<\/section>","protected":false},"excerpt":{"rendered":"","protected":false},"author":1,"featured_media":0,"parent":11,"menu_order":1,"comment_status":"closed","ping_status":"closed","template":"","meta":{"_acf_changed":false,"footnotes":""},"class_list":["post-40","page","type-page","status-publish","hentry"],"acf":[],"_links":{"self":[{"href":"https:\/\/elsikkerhetsportalen.no\/ihk\/wp-json\/wp\/v2\/pages\/40","targetHints":{"allow":["GET"]}}],"collection":[{"href":"https:\/\/elsikkerhetsportalen.no\/ihk\/wp-json\/wp\/v2\/pages"}],"about":[{"href":"https:\/\/elsikkerhetsportalen.no\/ihk\/wp-json\/wp\/v2\/types\/page"}],"author":[{"embeddable":true,"href":"https:\/\/elsikkerhetsportalen.no\/ihk\/wp-json\/wp\/v2\/users\/1"}],"replies":[{"embeddable":true,"href":"https:\/\/elsikkerhetsportalen.no\/ihk\/wp-json\/wp\/v2\/comments?post=40"}],"version-history":[{"count":0,"href":"https:\/\/elsikkerhetsportalen.no\/ihk\/wp-json\/wp\/v2\/pages\/40\/revisions"}],"up":[{"embeddable":true,"href":"https:\/\/elsikkerhetsportalen.no\/ihk\/wp-json\/wp\/v2\/pages\/11"}],"wp:attachment":[{"href":"https:\/\/elsikkerhetsportalen.no\/ihk\/wp-json\/wp\/v2\/media?parent=40"}],"curies":[{"name":"wp","href":"https:\/\/api.w.org\/{rel}","templated":true}]}}