{"id":461,"date":"2021-04-07T15:48:15","date_gmt":"2021-04-07T15:48:15","guid":{"rendered":"https:\/\/elsikkerhetsportalen.no\/noknett\/elektrisk-utstyr\/ladetips\/"},"modified":"2021-11-09T14:10:22","modified_gmt":"2021-11-09T14:10:22","slug":"ladetips","status":"publish","type":"page","link":"https:\/\/elsikkerhetsportalen.no\/ihk\/elektrisk-utstyr\/ladetips\/","title":{"rendered":"Ladetips"},"content":{"rendered":"<section id=\"scrollable-shortcuts-block_60744d131e01a\" class=\"block-section scrollable-shortcuts   align-full\">\n\t<div class=\"grid-container\">\n\t\t<div class=\"grid-x grid-padding-x\">\n\n\t\t\t<header class=\"cell small-12 medium-7\">\n\t\t\t\t\t\t\t\t\t<h1>Ladetips<\/h1>\n\t\t\t\t\n\t\t\t\t\t\t\t\t\t<p class=\"ingress\">Vi har samlet gode tips uansett om du skal lade mobilen, nettbrettet eller elsykkelen. <\/p>\n\t\t\t\t\n\t\t\t\t\t\t\t\t\t<h2 class=\"shortcuts-title\">Snarveier<span><span class=\"icon icon-arrow-down\"><\/span><\/span><\/h2>\n\t\t\t\t\n\t\t\t\t<nav><ul><li><a href=\"#generelt-om-lading\" class=\"link link--underlined\">Generelt om lading<\/a><\/li><li><a href=\"#lading-av-elektriske-kjoretoy\" class=\"link link--underlined\">Lading av elektriske kj\u00f8ret\u00f8y<\/a><\/li><li><a href=\"#10-ladevettregler\" class=\"link link--underlined\">10 ladevettregler<\/a><\/li><\/ul><\/nav>\t\t\t<\/header>\n\n\t\t<\/div>\n\t<\/div>\n<\/section>\n\n\n\n<section id=\"image-content-block_60a3a46087005\" class=\"block-section image-content light has-more-content  align-full\">\n\t<div class=\"grid-container\" id=\"scrollToMe-generelt-om-lading\">\n\n\t\t<div class=\"grid-x grid-padding-x\">\n\n\t\t\t<div class=\"cell small-12 medium-7 content\">\n\t\t\t\t\t\t\t\t\t<h2 class=\"section-title\">Generelt om lading<\/h2>\n\t\t\t\t\n\t\t\t\t\t\t\t\t\t<article><p>Litiumbatterier er ikke til \u00e5 sp\u00f8ke med! Det er derfor lurt \u00e5 vise forsiktighet n\u00e5r du lader.<\/p>\n<\/article>\n\t\t\t\t\n\t\t\t\t\t\t\t\t<div class=\"clearfix\"><\/div>\n\t\t\t\t\n\t\t\t\t\t\t\t\t\n\t\t\t\t\t<a\n\t\t\t\t\t\thref=\"#\"\n\t\t\t\t\t\tclass=\"button-plus content-toggler\"\n\t\t\t\t\t\tdata-initialtext=\"Les mer\"\n\t\t\t\t\t\tdata-toggletext=\"Les mindre\"\n\t\t\t\t\t\tdata-target=\"ic-hidden-block_60a3a46087005\"\n\t\t\t\t\t\trole=\"button\"\n\t\t\t\t\t\trel=\"nofollow\"\n\t\t\t\t\t\taria-label=\"\u00c5pne skjult innhold\"\n\t\t\t\t\t\taria-expanded=\"false\">\n\t\t\t\t\t\t<span>Les mer<\/span>\n\t\t\t\t\t\t<span class=\"icon icon-plus\"><\/span>\n\t\t\t\t\t<\/a>\n\t\t\t\t\n\t\t\t<\/div>\n\n\t\t\t<div class=\"cell small-12 medium-5 image\">\n\t\t\t\t<img loading=\"lazy\" decoding=\"async\" width=\"502\" height=\"335\" src=\"https:\/\/elsikkerhetsportalen.no\/ihk\/wp-content\/uploads\/sites\/28\/2021\/06\/Ladere-600x400-1-502x335.jpg\" class=\"attachment-image-content size-image-content\" alt=\"\" srcset=\"https:\/\/elsikkerhetsportalen.no\/ihk\/wp-content\/uploads\/sites\/28\/2021\/06\/Ladere-600x400-1-502x335.jpg 502w, https:\/\/elsikkerhetsportalen.no\/ihk\/wp-content\/uploads\/sites\/28\/2021\/06\/Ladere-600x400-1-300x200.jpg 300w, https:\/\/elsikkerhetsportalen.no\/ihk\/wp-content\/uploads\/sites\/28\/2021\/06\/Ladere-600x400-1.jpg 600w\" sizes=\"auto, (max-width: 502px) 100vw, 502px\" \/>\n\t\t\t<\/div>\n\n\t\t<\/div>\n\n\t\t\t\t\t\t<div class=\"grid-x grid-padding-x hidden-more-content\" aria-expanded=\"false\" aria-hidden=\"true\" id=\"ic-hidden-block_60a3a46087005\">\n\t\t\t<div class=\"cell small-12 medium-7 content\">\n\t\t\t\t<article>\n\t\t\t\t<p>Det er ikke s\u00e5nn at elektriske gjenstander oftere brenner p\u00e5 natten, men hvis ulykken f\u00f8rst skulle v\u00e6re ut skal det mye mer til at det oppdages fort hvis du sover enn om du er v\u00e5ken. Derfor anbefaler vi at du alltid er v\u00e5ken og til stede n\u00e5r du lader. P\u00e5 den m\u00e5ten kan du slukke en eventuell brann fort, og du unng\u00e5r brann- og r\u00f8ykskader p\u00e5 boligen din.<\/p>\n<h3>Litiumbatterier<\/h3><p>Litiumbatterier, som vi finner i blant annet mobiltelefoner og elsykler, er f\u00f8lsomme for slag, temperaturer og overbelastning. De benyttes likevel fordi de lagrer energi best; de har h\u00f8yere energitetthet enn alkaliske batterier. De har h\u00f8yt energiinnhold og kan avgi brannfarlige gasser og ta fyr om de kortsluttes. N\u00e5r litiumbatterier begynner \u00e5 brenne, kan temperaturen bli s\u00e5 h\u00f8y at det er vanskelig \u00e5 slukke brannen. I tillegg kan det eksplodere.<\/p>\n<p>For \u00e5 slukke brann i litiumbatterier kreves det mye vann for \u00e5 kj\u00f8le ned batteriet. Det kan v\u00e6re en god ide \u00e5 fylle for eksempel en balje eller en stor s\u00f8ppeldunk med kaldt vann og senke batteriet nedi.<\/p>\n<p><img loading=\"lazy\" decoding=\"async\" class=\"alignnone size-medium wp-image-814\" src=\"http:\/\/elsikkerhetsportalen.no\/noknett\/wp-content\/uploads\/sites\/20\/2021\/05\/ELSP-Fremhevet-bilde-elsparkesykkel-under-slukking-300x200.jpg\" alt=\"\" width=\"300\" height=\"200\" srcset=\"https:\/\/elsikkerhetsportalen.no\/ihk\/wp-content\/uploads\/sites\/28\/2021\/05\/ELSP-Fremhevet-bilde-elsparkesykkel-under-slukking-300x200.jpg 300w, https:\/\/elsikkerhetsportalen.no\/ihk\/wp-content\/uploads\/sites\/28\/2021\/05\/ELSP-Fremhevet-bilde-elsparkesykkel-under-slukking-768x513.jpg 768w, https:\/\/elsikkerhetsportalen.no\/ihk\/wp-content\/uploads\/sites\/28\/2021\/05\/ELSP-Fremhevet-bilde-elsparkesykkel-under-slukking-502x335.jpg 502w, https:\/\/elsikkerhetsportalen.no\/ihk\/wp-content\/uploads\/sites\/28\/2021\/05\/ELSP-Fremhevet-bilde-elsparkesykkel-under-slukking.jpg 1024w\" sizes=\"auto, (max-width: 300px) 100vw, 300px\" \/><\/p>\n<p>P\u00e5 bildet har Oslo brann- og redningsvesen fylt en s\u00f8ppeldunk med vann og senket en elsparkesykkel nedi for \u00e5 klare \u00e5 slukke brannen i litiumbatteriet.<\/p>\n<p>Litiumbatterier eller gjenstander som inneholder litiumbatterier skal ikke kastes i restavfall, men leveres hos egne milj\u00f8stasjoner. Disse finner du ofte hos forhandlere som selger batterier eller produkter som bruker dem.<\/p>\n\t\t\t\t<\/article>\n\t\t\t<\/div>\n\n\t\t\t<div class=\"cell small-12 medium-5 image\">\n\t\t\t\t\t\t\t<\/div>\n\t\t<\/div>\n\t\t\n\t<\/div>\n<\/section>\n\n\n\n<section id=\"image-content-block_6093deb6b8271\" class=\"block-section image-content dark has-more-content  align-full\">\n\t<div class=\"grid-container\" id=\"scrollToMe-lading-av-elektriske-kjoretoy\">\n\n\t\t<div class=\"grid-x grid-padding-x\">\n\n\t\t\t<div class=\"cell small-12 medium-7 content\">\n\t\t\t\t\t\t\t\t\t<h2 class=\"section-title\">Lading av elektriske kj\u00f8ret\u00f8y<\/h2>\n\t\t\t\t\n\t\t\t\t\t\t\t\t\t<article><p>Elsykkel, elsparkesykkel og hoverboards er fine, milj\u00f8vennlige fremkomstmidler s\u00e5 lenge du bruker dem elsikkert.<\/p>\n<\/article>\n\t\t\t\t\n\t\t\t\t\t\t\t\t<div class=\"clearfix\"><\/div>\n\t\t\t\t\n\t\t\t\t\t\t\t\t\n\t\t\t\t\t<a\n\t\t\t\t\t\thref=\"#\"\n\t\t\t\t\t\tclass=\"button-plus content-toggler\"\n\t\t\t\t\t\tdata-initialtext=\"Les mer\"\n\t\t\t\t\t\tdata-toggletext=\"Les mindre\"\n\t\t\t\t\t\tdata-target=\"ic-hidden-block_6093deb6b8271\"\n\t\t\t\t\t\trole=\"button\"\n\t\t\t\t\t\trel=\"nofollow\"\n\t\t\t\t\t\taria-label=\"\u00c5pne skjult innhold\"\n\t\t\t\t\t\taria-expanded=\"false\">\n\t\t\t\t\t\t<span>Les mer<\/span>\n\t\t\t\t\t\t<span class=\"icon icon-plus\"><\/span>\n\t\t\t\t\t<\/a>\n\t\t\t\t\n\t\t\t<\/div>\n\n\t\t\t<div class=\"cell small-12 medium-5 image\">\n\t\t\t\t<img loading=\"lazy\" decoding=\"async\" width=\"502\" height=\"335\" src=\"https:\/\/elsikkerhetsportalen.no\/ihk\/wp-content\/uploads\/sites\/28\/2021\/06\/Elsykkel-600x400-1-502x335.jpg\" class=\"attachment-image-content size-image-content\" alt=\"\" srcset=\"https:\/\/elsikkerhetsportalen.no\/ihk\/wp-content\/uploads\/sites\/28\/2021\/06\/Elsykkel-600x400-1-502x335.jpg 502w, https:\/\/elsikkerhetsportalen.no\/ihk\/wp-content\/uploads\/sites\/28\/2021\/06\/Elsykkel-600x400-1-300x200.jpg 300w, https:\/\/elsikkerhetsportalen.no\/ihk\/wp-content\/uploads\/sites\/28\/2021\/06\/Elsykkel-600x400-1.jpg 600w\" sizes=\"auto, (max-width: 502px) 100vw, 502px\" \/>\n\t\t\t<\/div>\n\n\t\t<\/div>\n\n\t\t\t\t\t\t<div class=\"grid-x grid-padding-x hidden-more-content\" aria-expanded=\"false\" aria-hidden=\"true\" id=\"ic-hidden-block_6093deb6b8271\">\n\t\t\t<div class=\"cell small-12 medium-7 content\">\n\t\t\t\t<article>\n\t\t\t\t<ul id=\"block-58ac3854-555e-445e-95a3-3c3b66a5b151\" class=\"block-editor-rich-text__editable block-editor-block-list__block wp-block is-selected rich-text\" tabindex=\"0\" role=\"group\" contenteditable=\"true\" aria-multiline=\"true\" aria-label=\"Block: List\" data-block=\"58ac3854-555e-445e-95a3-3c3b66a5b151\" data-type=\"core\/list\" data-title=\"List\">\n<li>Du kan lade batteriet mens det sitter fast p\u00e5 kj\u00f8ret\u00f8yet, eller ved \u00e5 l\u00f8sne det og lade batteriet separat.<\/li>\n<li>Under ladingen skal b\u00e5de batteriet og laderen ligge p\u00e5 flatt underlag.<\/li>\n<li>Laderen skal aldri tildekkes n\u00e5r den er tilkoblet.<\/li>\n<li>Koble fra laderen n\u00e5r ladingen er fullf\u00f8rt.<\/li>\n<li>Ladingen b\u00f8r skje p\u00e5 steder hvor det ikke finnes brennbart materiale i umiddelbar n\u00e6rhet.<\/li>\n<li>Om vinteren er det en fordel \u00e5 lade batteriet innend\u00f8rs, ettersom det kan v\u00e6re skadelig for batteriet \u00e5 lade n\u00e5r det er kaldt.\u00a0Ha r\u00f8ykvarsler i rommet der ladingen skjer.<\/li>\n<li>Lad aldri mens du sover, eller dersom ingen er tilstede i boligen!<\/li>\n<\/ul>\n<div id=\"attachment_815\" style=\"width: 310px\" class=\"wp-caption alignnone\"><img loading=\"lazy\" decoding=\"async\" aria-describedby=\"caption-attachment-815\" class=\"wp-image-815 size-medium\" src=\"https:\/\/elsikkerhetsportalen.no\/wp-content\/uploads\/2021\/05\/hoverboard-300x300.jpg\" alt=\"\" width=\"300\" height=\"300\" srcset=\"https:\/\/elsikkerhetsportalen.no\/ihk\/wp-content\/uploads\/sites\/28\/2021\/05\/hoverboard-300x300.jpg 300w, https:\/\/elsikkerhetsportalen.no\/ihk\/wp-content\/uploads\/sites\/28\/2021\/05\/hoverboard-150x150.jpg 150w, https:\/\/elsikkerhetsportalen.no\/ihk\/wp-content\/uploads\/sites\/28\/2021\/05\/hoverboard-376x376.jpg 376w, https:\/\/elsikkerhetsportalen.no\/ihk\/wp-content\/uploads\/sites\/28\/2021\/05\/hoverboard-16x16.jpg 16w, https:\/\/elsikkerhetsportalen.no\/ihk\/wp-content\/uploads\/sites\/28\/2021\/05\/hoverboard-32x32.jpg 32w, https:\/\/elsikkerhetsportalen.no\/ihk\/wp-content\/uploads\/sites\/28\/2021\/05\/hoverboard-180x180.jpg 180w, https:\/\/elsikkerhetsportalen.no\/ihk\/wp-content\/uploads\/sites\/28\/2021\/05\/hoverboard.jpg 470w\" sizes=\"auto, (max-width: 300px) 100vw, 300px\" \/><p id=\"caption-attachment-815\" class=\"wp-caption-text\">P\u00e5 bildet har batteriet p\u00e5 en hoverboard tatt fyr.<\/p><\/div>\n<p>&nbsp;<\/p>\n<p><a href=\"https:\/\/elsikkerhetsportalen.no\/klive\/wp-content\/uploads\/sites\/20\/2021\/11\/Elsparkesykkel-branntillop-Foto-Vestfold-Interkommunale-Brannvesen-IKS.png\"><img loading=\"lazy\" decoding=\"async\" class=\"size-medium wp-image-1026\" src=\"https:\/\/elsikkerhetsportalen.no\/klive\/wp-content\/uploads\/sites\/20\/2021\/11\/Elsparkesykkel-branntillop-Foto-Vestfold-Interkommunale-Brannvesen-IKS-300x200.png\" alt=\"Bilde viser en forbrent elsparkesykkel\" width=\"300\" height=\"200\" srcset=\"https:\/\/elsikkerhetsportalen.no\/ihk\/wp-content\/uploads\/sites\/28\/2021\/11\/Elsparkesykkel-branntillop-Foto-Vestfold-Interkommunale-Brannvesen-IKS-300x200.png 300w, https:\/\/elsikkerhetsportalen.no\/ihk\/wp-content\/uploads\/sites\/28\/2021\/11\/Elsparkesykkel-branntillop-Foto-Vestfold-Interkommunale-Brannvesen-IKS-502x335.png 502w, https:\/\/elsikkerhetsportalen.no\/ihk\/wp-content\/uploads\/sites\/28\/2021\/11\/Elsparkesykkel-branntillop-Foto-Vestfold-Interkommunale-Brannvesen-IKS.png 600w\" sizes=\"auto, (max-width: 300px) 100vw, 300px\" \/><\/a><span style=\"font-size: 14px;\">Foto: Vestfold Interkommunale Brannvesen IKS<\/span><\/p>\n<p>Stadig flere har private elsparkesykler og lader disse hjemme. Fremtind har registrert flere tilfeller av batterier som har eksplodert under lading, og tilfeller av at batteriene har eksplodert selv n\u00e5r de ikke st\u00e5r til lading.<\/p>\n\t\t\t\t<\/article>\n\t\t\t<\/div>\n\n\t\t\t<div class=\"cell small-12 medium-5 image\">\n\t\t\t\t\t\t\t<\/div>\n\t\t<\/div>\n\t\t\n\t<\/div>\n<\/section>\n\n\n\n<section id=\"image-content-block_618a7f74a148d\" class=\"block-section image-content none has-more-content  align-full\">\n\t<div class=\"grid-container\" id=\"scrollToMe-10-ladevettregler\">\n\n\t\t<div class=\"grid-x grid-padding-x\">\n\n\t\t\t<div class=\"cell small-12 medium-7 content\">\n\t\t\t\t\t\t\t\t\t<h2 class=\"section-title\">10 ladevettregler<\/h2>\n\t\t\t\t\n\t\t\t\t\t\t\t\t\t<article><p>Ladevettreglene er utarbeidet av Norsk brannvernforening, Direktoratet for samfunnssikkerhet og beredskap (DSB) og forsikringsselskapet If.<\/p>\n<\/article>\n\t\t\t\t\n\t\t\t\t\t\t\t\t<div class=\"clearfix\"><\/div>\n\t\t\t\t\n\t\t\t\t\t\t\t\t\n\t\t\t\t\t<a\n\t\t\t\t\t\thref=\"#\"\n\t\t\t\t\t\tclass=\"button-plus content-toggler\"\n\t\t\t\t\t\tdata-initialtext=\"Les mer\"\n\t\t\t\t\t\tdata-toggletext=\"Les mindre\"\n\t\t\t\t\t\tdata-target=\"ic-hidden-block_618a7f74a148d\"\n\t\t\t\t\t\trole=\"button\"\n\t\t\t\t\t\trel=\"nofollow\"\n\t\t\t\t\t\taria-label=\"\u00c5pne skjult innhold\"\n\t\t\t\t\t\taria-expanded=\"false\">\n\t\t\t\t\t\t<span>Les mer<\/span>\n\t\t\t\t\t\t<span class=\"icon icon-plus\"><\/span>\n\t\t\t\t\t<\/a>\n\t\t\t\t\n\t\t\t<\/div>\n\n\t\t\t<div class=\"cell small-12 medium-5 image\">\n\t\t\t\t<img loading=\"lazy\" decoding=\"async\" width=\"502\" height=\"335\" src=\"https:\/\/elsikkerhetsportalen.no\/ihk\/wp-content\/uploads\/sites\/28\/2021\/05\/Mobil-og-nettbrett-lader-600x400-1-502x335.jpg\" class=\"attachment-image-content size-image-content\" alt=\"\" srcset=\"https:\/\/elsikkerhetsportalen.no\/ihk\/wp-content\/uploads\/sites\/28\/2021\/05\/Mobil-og-nettbrett-lader-600x400-1-502x335.jpg 502w, https:\/\/elsikkerhetsportalen.no\/ihk\/wp-content\/uploads\/sites\/28\/2021\/05\/Mobil-og-nettbrett-lader-600x400-1-300x200.jpg 300w, https:\/\/elsikkerhetsportalen.no\/ihk\/wp-content\/uploads\/sites\/28\/2021\/05\/Mobil-og-nettbrett-lader-600x400-1.jpg 600w\" sizes=\"auto, (max-width: 502px) 100vw, 502px\" \/>\n\t\t\t<\/div>\n\n\t\t<\/div>\n\n\t\t\t\t\t\t<div class=\"grid-x grid-padding-x hidden-more-content\" aria-expanded=\"false\" aria-hidden=\"true\" id=\"ic-hidden-block_618a7f74a148d\">\n\t\t\t<div class=\"cell small-12 medium-7 content\">\n\t\t\t\t<article>\n\t\t\t\t<ol>\n<li>Lad i rom med r\u00f8ykvarsler.<\/li>\n<li>Lad n\u00e5r du er v\u00e5ken og tilstede.<\/li>\n<li>Les og f\u00f8lg produsentenes bruksanvisning.<\/li>\n<li>Bruk helst original lader.<\/li>\n<li>Lad p\u00e5 et underlag som ikke lett kan brenne.<\/li>\n<li>Ikke lad i senga.<\/li>\n<li>Ikke lad i korridor eller trapperom. De m\u00e5 kunne brukes som fluktvei ved brann.<\/li>\n<li>Bytt ut skadet utstyr.<\/li>\n<li>Stopp lading dersom det kommer lyder, lukter eller blir unormalt varmt.<\/li>\n<li>Ved r\u00f8yk og flammer, ring brannvesenet p\u00e5 110.<\/li>\n<\/ol>\n<p><iframe loading=\"lazy\" title=\"Ladeskrekk\" width=\"500\" height=\"281\" src=\"https:\/\/www.youtube.com\/embed\/VqAaOkRo43o?feature=oembed\" frameborder=\"0\" allow=\"accelerometer; autoplay; clipboard-write; encrypted-media; gyroscope; picture-in-picture; web-share\" referrerpolicy=\"strict-origin-when-cross-origin\" allowfullscreen><\/iframe><\/p>\n\t\t\t\t<\/article>\n\t\t\t<\/div>\n\n\t\t\t<div class=\"cell small-12 medium-5 image\">\n\t\t\t\t\t\t\t<\/div>\n\t\t<\/div>\n\t\t\n\t<\/div>\n<\/section>\n\n\n\n<section class=\"block-section post-cards\">\n\t<div class=\"grid-container\">\n\n        <div class=\"grid-x grid-margin-x section-title-wrapper\">\n            <div class=\"cell small-12 medium-6\">\n                                    <h1 class=\"section-title\">Vi anbefaler<\/h1>\n                            <\/div>\n\n                    <\/div>\n\n        <div class=\"grid-x grid-margin-x cards-wrapper\">\n                                                                    <a href=\"https:\/\/elsikkerhetsportalen.no\/ihk\/kjope-eller-pusse-opp\/smarthjem\/\" class=\"link-card cell small-12 medium-6\">\n    <article>\n        <div class=\"content\">\n            <h3 class=\"title\">Elsikkerhet i smarthus<\/h3>\n            <p class=\"excerpt\">Smarte hus er mer elsikre De tekniske nyvinningene gir mulighet for st\u00f8rre elsikkerhet. Tenk derfor&#8230;<\/p>\n        <\/div>\n        <span class=\"icon icon-arrow-right\"><\/span>\n    <\/article>\n<\/a>                    \n                                                        <a href=\"https:\/\/elsikkerhetsportalen.no\/ihk\/elektrisk-utstyr\/kjop-og-bruk-av-elektrisk-utstyr\/\" class=\"link-card cell small-12 medium-6\">\n    <article>\n        <div class=\"content\">\n            <h3 class=\"title\">Kj\u00f8p og bruk av elektrisk utstyr<\/h3>\n            <p class=\"excerpt\"><\/p>\n        <\/div>\n        <span class=\"icon icon-arrow-right\"><\/span>\n    <\/article>\n<\/a>                    \n                                                        <a href=\"https:\/\/elsikkerhetsportalen.no\/ihk\/obs\/\" class=\"link-card cell small-12 medium-6\">\n    <article>\n        <div class=\"content\">\n            <h3 class=\"title\">Utrygge elektriske produkter<\/h3>\n            <p class=\"excerpt\"><\/p>\n        <\/div>\n        <span class=\"icon icon-arrow-right\"><\/span>\n    <\/article>\n<\/a>                    \n                                                        <a href=\"https:\/\/elsikkerhetsportalen.no\/ihk\/om-elsikkerhetsportalen\/brannstatistikk\/\" class=\"link-card cell small-12 medium-6\">\n    <article>\n        <div class=\"content\">\n            <h3 class=\"title\">Brannstatistikk<\/h3>\n            <p class=\"excerpt\"><\/p>\n        <\/div>\n        <span class=\"icon icon-arrow-right\"><\/span>\n    <\/article>\n<\/a>                    \n                                                    <\/div>\n\n    <\/div>\n<\/section>","protected":false},"excerpt":{"rendered":"","protected":false},"author":1,"featured_media":1026,"parent":9,"menu_order":3,"comment_status":"closed","ping_status":"closed","template":"","meta":{"_acf_changed":false,"footnotes":""},"class_list":["post-461","page","type-page","status-publish","has-post-thumbnail","hentry"],"acf":[],"_links":{"self":[{"href":"https:\/\/elsikkerhetsportalen.no\/ihk\/wp-json\/wp\/v2\/pages\/461","targetHints":{"allow":["GET"]}}],"collection":[{"href":"https:\/\/elsikkerhetsportalen.no\/ihk\/wp-json\/wp\/v2\/pages"}],"about":[{"href":"https:\/\/elsikkerhetsportalen.no\/ihk\/wp-json\/wp\/v2\/types\/page"}],"author":[{"embeddable":true,"href":"https:\/\/elsikkerhetsportalen.no\/ihk\/wp-json\/wp\/v2\/users\/1"}],"replies":[{"embeddable":true,"href":"https:\/\/elsikkerhetsportalen.no\/ihk\/wp-json\/wp\/v2\/comments?post=461"}],"version-history":[{"count":0,"href":"https:\/\/elsikkerhetsportalen.no\/ihk\/wp-json\/wp\/v2\/pages\/461\/revisions"}],"up":[{"embeddable":true,"href":"https:\/\/elsikkerhetsportalen.no\/ihk\/wp-json\/wp\/v2\/pages\/9"}],"wp:featuredmedia":[{"embeddable":true,"href":"https:\/\/elsikkerhetsportalen.no\/ihk\/wp-json\/wp\/v2\/media\/1026"}],"wp:attachment":[{"href":"https:\/\/elsikkerhetsportalen.no\/ihk\/wp-json\/wp\/v2\/media?parent=461"}],"curies":[{"name":"wp","href":"https:\/\/api.w.org\/{rel}","templated":true}]}}