{"id":545,"date":"2021-04-12T11:13:02","date_gmt":"2021-04-12T11:13:02","guid":{"rendered":"https:\/\/elsikkerhetsportalen.no\/noknett\/?page_id=545"},"modified":"2022-01-26T17:33:28","modified_gmt":"2022-01-26T17:33:28","slug":"egenkontroll","status":"publish","type":"page","link":"https:\/\/elsikkerhetsportalen.no\/ihk\/elektrisk-anlegg\/egenkontroll\/","title":{"rendered":"Egenkontroll"},"content":{"rendered":"\n<h1 class=\"wp-block-heading\">Egenkontroll<\/h1>\n\n\n\n<h4 class=\"wp-block-heading\"><strong>Hensikten med egenkontroll av det elektriske anlegget og utstyr, er \u00e5 oppdage feil s\u00e5 tidlig som mulig.<\/strong><\/h4>\n\n\n\n<p>Sjekk hvor elsikkert hjemmet ditt er, og ta v\u00e5r nettbaserte egenkontroll. Fant du alvorlige feil, m\u00e5 du rette opp i disse. Elektriker som kan utbedre feil, finner du i Elvirksomhetsregisteret.<\/p>\n\n\n\n<div class=\"wp-block-buttons is-layout-flex wp-block-buttons-is-layout-flex\">\n<div class=\"wp-block-button\"><a class=\"wp-block-button__link\" href=\"https:\/\/kontroll.elsikkerhetsportalen.no\/survey\/elsikkerhetsportalens-egenkontroll\" target=\"_blank\" rel=\"noreferrer noopener\">Start digital elsjekk<\/a><\/div>\n<\/div>\n\n\n\n<h3 class=\"wp-block-heading\">Utbedring av feil og mangler<\/h3>\n\n\n\n<p>Skulle du finne feil og mangler, m\u00e5 du kontakte en elektriker som tar seg av det. Du finner elektrikere som har lov til \u00e5 arbeide p\u00e5 ditt elektriske anlegg i myndighetenes register; Elvirksomhetsregisteret. <\/p>\n\n\n\n<p><a href=\"https:\/\/elvirksomhetsregisteret.dsb.no\/elreg-ui\/\" target=\"_blank\" rel=\"noreferrer noopener\">G\u00e5 til Elvirksomhetsregisteret<\/a><\/p>\n\n\n\n<section class=\"block-section post-cards\">\n\t<div class=\"grid-container\">\n\n        <div class=\"grid-x grid-margin-x section-title-wrapper\">\n            <div class=\"cell small-12 medium-6\">\n                                    <h1 class=\"section-title\">Vi anbefaler<\/h1>\n                            <\/div>\n\n                    <\/div>\n\n        <div class=\"grid-x grid-margin-x cards-wrapper\">\n                                                                    <a href=\"https:\/\/elsikkerhetsportalen.no\/ihk\/elektrisk-anlegg-2\/elkontroll\/\" class=\"link-card cell small-12 medium-6\">\n    <article>\n        <div class=\"content\">\n            <h3 class=\"title\">Elkontroll og termografering<\/h3>\n            <p class=\"excerpt\">Elkontroll Eldre elektriske anlegg, mangelfullt vedlikehold, m\u00f8rke og kalde vintre, stort str\u00f8mforbruk og en stor&#8230;<\/p>\n        <\/div>\n        <span class=\"icon icon-arrow-right\"><\/span>\n    <\/article>\n<\/a>                    \n                                                        <a href=\"https:\/\/elsikkerhetsportalen.no\/ihk\/elektrisk-utstyr\/kjop-og-bruk-av-elektrisk-utstyr\/\" class=\"link-card cell small-12 medium-6\">\n    <article>\n        <div class=\"content\">\n            <h3 class=\"title\">Kj\u00f8p og bruk av elektrisk utstyr<\/h3>\n            <p class=\"excerpt\"><\/p>\n        <\/div>\n        <span class=\"icon icon-arrow-right\"><\/span>\n    <\/article>\n<\/a>                    \n                                                        <a href=\"https:\/\/elsikkerhetsportalen.no\/ihk\/elektrisk-anlegg-2\/sikringsskap\/\" class=\"link-card cell small-12 medium-6\">\n    <article>\n        <div class=\"content\">\n            <h3 class=\"title\">Sikringsskap<\/h3>\n            <p class=\"excerpt\"><\/p>\n        <\/div>\n        <span class=\"icon icon-arrow-right\"><\/span>\n    <\/article>\n<\/a>                    \n                                                        <a href=\"https:\/\/elsikkerhetsportalen.no\/ihk\/elektrisk-anlegg\/finn-elektriker\/\" class=\"link-card cell small-12 medium-6\">\n    <article>\n        <div class=\"content\">\n            <h3 class=\"title\">Finn elektriker<\/h3>\n            <p class=\"excerpt\"><\/p>\n        <\/div>\n        <span class=\"icon icon-arrow-right\"><\/span>\n    <\/article>\n<\/a>                    \n                                                    <\/div>\n\n    <\/div>\n<\/section>","protected":false},"excerpt":{"rendered":"<p>Egenkontroll Hensikten med egenkontroll av det elektriske anlegget og utstyr, er \u00e5 oppdage feil s\u00e5 tidlig som mulig. Sjekk hvor elsikkert hjemmet ditt er, og ta v\u00e5r nettbaserte egenkontroll. Fant du alvorlige feil, m\u00e5 du rette opp i disse. Elektriker som kan utbedre feil, finner du i Elvirksomhetsregisteret. Utbedring av feil og mangler Skulle du [&hellip;]<\/p>\n","protected":false},"author":4,"featured_media":0,"parent":8,"menu_order":3,"comment_status":"closed","ping_status":"closed","template":"","meta":{"_acf_changed":false,"footnotes":""},"class_list":["post-545","page","type-page","status-publish","hentry"],"acf":[],"_links":{"self":[{"href":"https:\/\/elsikkerhetsportalen.no\/ihk\/wp-json\/wp\/v2\/pages\/545","targetHints":{"allow":["GET"]}}],"collection":[{"href":"https:\/\/elsikkerhetsportalen.no\/ihk\/wp-json\/wp\/v2\/pages"}],"about":[{"href":"https:\/\/elsikkerhetsportalen.no\/ihk\/wp-json\/wp\/v2\/types\/page"}],"author":[{"embeddable":true,"href":"https:\/\/elsikkerhetsportalen.no\/ihk\/wp-json\/wp\/v2\/users\/4"}],"replies":[{"embeddable":true,"href":"https:\/\/elsikkerhetsportalen.no\/ihk\/wp-json\/wp\/v2\/comments?post=545"}],"version-history":[{"count":0,"href":"https:\/\/elsikkerhetsportalen.no\/ihk\/wp-json\/wp\/v2\/pages\/545\/revisions"}],"up":[{"embeddable":true,"href":"https:\/\/elsikkerhetsportalen.no\/ihk\/wp-json\/wp\/v2\/pages\/8"}],"wp:attachment":[{"href":"https:\/\/elsikkerhetsportalen.no\/ihk\/wp-json\/wp\/v2\/media?parent=545"}],"curies":[{"name":"wp","href":"https:\/\/api.w.org\/{rel}","templated":true}]}}