{"id":1075,"date":"2021-02-03T21:28:22","date_gmt":"2021-02-03T21:28:22","guid":{"rendered":"https:\/\/elsikkerhetsportalen.no\/lede\/internkontroll-2\/"},"modified":"2023-02-20T14:23:44","modified_gmt":"2023-02-20T14:23:44","slug":"internkontroll","status":"publish","type":"page","link":"https:\/\/elsikkerhetsportalen.no\/lede\/internkontroll\/","title":{"rendered":"Internkontroll"},"content":{"rendered":"<section id=\"scrollable-shortcuts-block_24cb7188dc27320b1130f84f717a8c4e\" class=\"block-section scrollable-shortcuts   align-full\">\n\t<div class=\"grid-container\">\n\t\t<div class=\"grid-x grid-padding-x\">\n\n\t\t\t<header class=\"cell small-12 medium-7\">\n\t\t\t\t\t\t\t\t\t<h1>Internkontroll<\/h1>\n\t\t\t\t\n\t\t\t\t\t\t\t\t\t<p class=\"ingress\">Alle virksomheter har krav til internkontroll. P\u00e5 v\u00e5re sider omtaler vi elsikkerheten i internkontrollen.<\/p>\n\t\t\t\t\n\t\t\t\t\t\t\t\t\t<h2 class=\"shortcuts-title\">Snarveier<span><span class=\"icon icon-arrow-down\"><\/span><\/span><\/h2>\n\t\t\t\t\n\t\t\t\t<nav><ul><li><a href=\"#internkontroll-i-virksomheter\" class=\"link link--underlined\">Virksomheter<\/a><\/li><li><a href=\"#internkontroll-i-elektrovirksomheter\" class=\"link link--underlined\">Elektrovirksomheter<\/a><\/li><li><a href=\"#internkontroll-i-landbruket\" class=\"link link--underlined\">Landbruket<\/a><\/li><li><a href=\"#internkontroll-elektromedisinsk\" class=\"link link--underlined\">Elektromedisinsk<\/a><\/li><li><a href=\"#oppskrift-pa-internkontroll\" class=\"link link--underlined\">Oppskrift p\u00e5 internkontroll<\/a><\/li><\/ul><\/nav>\t\t\t<\/header>\n\n\t\t<\/div>\n\t<\/div>\n<\/section>\n\n\n\n<section id=\"image-content-block_fbefa760e5635ae899ac999fe1c8b63b\" class=\"block-section image-content dark  align-full\">\n\t<div class=\"grid-container\" id=\"scrollToMe-internkontroll-i-virksomheter\">\n\n\t\t<div class=\"grid-x grid-padding-x\">\n\n\t\t\t<div class=\"cell small-12 medium-7 content\">\n\t\t\t\t\t\t\t\t\t<h2 class=\"section-title\">Internkontroll i virksomheter<\/h2>\n\t\t\t\t\n\t\t\t\t\t\t\t\t\t<article><p>Internkontroll inneb\u00e6rer et systematisk arbeid for \u00e5 sikre at virksomheten planlegger, organiserer, utf\u00f8rer og vedlikeholder sine aktiviteter i samsvar med gjeldene lover og forskrifter. Systemet skal sikre at problemer oppdages og tas h\u00e5nd om i tide. N\u00e5r det gjelder elsikkerhet handler det rett og slett om\u00a0<strong>\u00e5 jobbe systematisk for \u00e5 forebygge brann og ulykker med elektrisk \u00e5rsak.<\/strong><\/p>\n<\/article>\n\t\t\t\t\n\t\t\t\t\t\t<a class=\"link link--underlined\" href=\"https:\/\/elsikkerhetsportalen.no\/lede\/internkontroll\/internkontroll\/\" target=\"_self\">\n\t\t\tG\u00e5 til siden\t\t<\/a>\n\t\t\t\t\t<div class=\"clearfix\"><\/div>\n\t\t\t\t\n\t\t\t\t\t\t\t\t\n\t\t\t<\/div>\n\n\t\t\t<div class=\"cell small-12 medium-5 image\">\n\t\t\t\t<img loading=\"lazy\" decoding=\"async\" width=\"502\" height=\"335\" src=\"https:\/\/elsikkerhetsportalen.no\/lede\/wp-content\/uploads\/2022\/11\/IK-virksomhet-502x335.jpg\" class=\"attachment-image-content size-image-content\" alt=\"Bilde viser medarbeider i klesbutikk\" srcset=\"https:\/\/elsikkerhetsportalen.no\/lede\/wp-content\/uploads\/2022\/11\/IK-virksomhet-502x335.jpg 502w, https:\/\/elsikkerhetsportalen.no\/lede\/wp-content\/uploads\/2022\/11\/IK-virksomhet-300x200.jpg 300w, https:\/\/elsikkerhetsportalen.no\/lede\/wp-content\/uploads\/2022\/11\/IK-virksomhet.jpg 600w\" sizes=\"auto, (max-width: 502px) 100vw, 502px\" \/>\n\t\t\t<\/div>\n\n\t\t<\/div>\n\n\t\t\t\t\n\t<\/div>\n<\/section>\n\n\n\n<section id=\"image-content-block_164fa525c4ea6ce0e7bbd00f90dfeb69\" class=\"block-section image-content light  align-full\">\n\t<div class=\"grid-container\" id=\"scrollToMe-internkontroll-i-elektrovirksomheter\">\n\n\t\t<div class=\"grid-x grid-padding-x\">\n\n\t\t\t<div class=\"cell small-12 medium-7 content\">\n\t\t\t\t\t\t\t\t\t<h2 class=\"section-title\">Internkontroll i elektrovirksomheter<\/h2>\n\t\t\t\t\n\t\t\t\t\t\t\t\t\t<article><p>Installasjonsvirksomheter har noen spesielle krav til internkontrollen. Virksomheten m\u00e5 ha et internkontrollsystem som sikrer de ansatte. Den skal ogs\u00e5 sikre riktig faglig utf\u00f8relse av det arbeidet som utf\u00f8res p\u00e5 elanlegg og elektrisk utstyr.<\/p>\n<\/article>\n\t\t\t\t\n\t\t\t\t\t\t<a class=\"link link--underlined\" href=\"https:\/\/elsikkerhetsportalen.no\/lede\/internkontroll\/internkontroll-elektrovirksomheter\/\" target=\"_self\">\n\t\t\tG\u00e5 til siden\t\t<\/a>\n\t\t\t\t\t<div class=\"clearfix\"><\/div>\n\t\t\t\t\n\t\t\t\t\t\t\t\t\n\t\t\t<\/div>\n\n\t\t\t<div class=\"cell small-12 medium-5 image\">\n\t\t\t\t<img loading=\"lazy\" decoding=\"async\" width=\"502\" height=\"335\" src=\"https:\/\/elsikkerhetsportalen.no\/lede\/wp-content\/uploads\/2022\/11\/IK-elvirksomhet-502x335.jpg\" class=\"attachment-image-content size-image-content\" alt=\"internkontroll utf\u00f8res hos elektrovirksomheter\" srcset=\"https:\/\/elsikkerhetsportalen.no\/lede\/wp-content\/uploads\/2022\/11\/IK-elvirksomhet-502x335.jpg 502w, https:\/\/elsikkerhetsportalen.no\/lede\/wp-content\/uploads\/2022\/11\/IK-elvirksomhet-300x200.jpg 300w, https:\/\/elsikkerhetsportalen.no\/lede\/wp-content\/uploads\/2022\/11\/IK-elvirksomhet.jpg 600w\" sizes=\"auto, (max-width: 502px) 100vw, 502px\" \/>\n\t\t\t<\/div>\n\n\t\t<\/div>\n\n\t\t\t\t\n\t<\/div>\n<\/section>\n\n\n\n<section id=\"image-content-block_c44c4ca3700a48c5c1d6f0d0bfb0a570\" class=\"block-section image-content dark  align-full\">\n\t<div class=\"grid-container\" id=\"scrollToMe-internkontroll-i-landbruket\">\n\n\t\t<div class=\"grid-x grid-padding-x\">\n\n\t\t\t<div class=\"cell small-12 medium-7 content\">\n\t\t\t\t\t\t\t\t\t<h2 class=\"section-title\">Internkontroll i landbruket<\/h2>\n\t\t\t\t\n\t\t\t\t\t\t\t\t\t<article><p>I landbruket m\u00e5 du ogs\u00e5 jobbe systematisk for \u00e5 forebygge brann og ulykker med elektrisk \u00e5rsak som et ledd i HMS-arbeidet. Det gjelder uansett om du driver med husdyrhold eller om du bruker driftsbygningen kun til kornt\u00f8rking, verksted e.l.<\/p>\n<\/article>\n\t\t\t\t\n\t\t\t\t\t\t<a class=\"link link--underlined\" href=\"https:\/\/elsikkerhetsportalen.no\/lede\/internkontroll\/internkontroll-landbruk\/\" target=\"_self\">\n\t\t\tG\u00e5 til siden\t\t<\/a>\n\t\t\t\t\t<div class=\"clearfix\"><\/div>\n\t\t\t\t\n\t\t\t\t\t\t\t\t\n\t\t\t<\/div>\n\n\t\t\t<div class=\"cell small-12 medium-5 image\">\n\t\t\t\t<img loading=\"lazy\" decoding=\"async\" width=\"502\" height=\"335\" src=\"https:\/\/elsikkerhetsportalen.no\/lede\/wp-content\/uploads\/2022\/11\/ik-landbruk-502x335.jpg\" class=\"attachment-image-content size-image-content\" alt=\"internkontroll gj\u00f8res i landbruksvirksomheter\" srcset=\"https:\/\/elsikkerhetsportalen.no\/lede\/wp-content\/uploads\/2022\/11\/ik-landbruk-502x335.jpg 502w, https:\/\/elsikkerhetsportalen.no\/lede\/wp-content\/uploads\/2022\/11\/ik-landbruk-300x200.jpg 300w, https:\/\/elsikkerhetsportalen.no\/lede\/wp-content\/uploads\/2022\/11\/ik-landbruk.jpg 600w\" sizes=\"auto, (max-width: 502px) 100vw, 502px\" \/>\n\t\t\t<\/div>\n\n\t\t<\/div>\n\n\t\t\t\t\n\t<\/div>\n<\/section>\n\n\n\n<section id=\"image-content-block_de3728bfe7dc3245145b7ed4902b9ec9\" class=\"block-section image-content light  align-full\">\n\t<div class=\"grid-container\" id=\"scrollToMe-internkontroll-elektromedisinsk\">\n\n\t\t<div class=\"grid-x grid-padding-x\">\n\n\t\t\t<div class=\"cell small-12 medium-7 content\">\n\t\t\t\t\t\t\t\t\t<h2 class=\"section-title\">Internkontroll elektromedisinsk<\/h2>\n\t\t\t\t\n\t\t\t\t\t\t\t\t\t<article><p>Det er egne forskrifter som skal f\u00f8lges i h\u00e5ndteringen av elektromedisinsk utstyr.<\/p>\n<\/article>\n\t\t\t\t\n\t\t\t\t\t\t<a class=\"link link--underlined\" href=\"https:\/\/elsikkerhetsportalen.no\/lede\/internkontroll\/internkontroll-elektromedisinsk\/\" target=\"_self\">\n\t\t\tG\u00e5 til siden\t\t<\/a>\n\t\t\t\t\t<div class=\"clearfix\"><\/div>\n\t\t\t\t\n\t\t\t\t\t\t\t\t\n\t\t\t<\/div>\n\n\t\t\t<div class=\"cell small-12 medium-5 image\">\n\t\t\t\t<img loading=\"lazy\" decoding=\"async\" width=\"502\" height=\"335\" src=\"https:\/\/elsikkerhetsportalen.no\/lede\/wp-content\/uploads\/2022\/11\/Ik-elmedisinsk-502x335.jpg\" class=\"attachment-image-content size-image-content\" alt=\"Internkontroll utf\u00f8res p\u00e5 elektromedisinsk utstyr\" srcset=\"https:\/\/elsikkerhetsportalen.no\/lede\/wp-content\/uploads\/2022\/11\/Ik-elmedisinsk-502x335.jpg 502w, https:\/\/elsikkerhetsportalen.no\/lede\/wp-content\/uploads\/2022\/11\/Ik-elmedisinsk-300x200.jpg 300w, https:\/\/elsikkerhetsportalen.no\/lede\/wp-content\/uploads\/2022\/11\/Ik-elmedisinsk.jpg 600w\" sizes=\"auto, (max-width: 502px) 100vw, 502px\" \/>\n\t\t\t<\/div>\n\n\t\t<\/div>\n\n\t\t\t\t\n\t<\/div>\n<\/section>\n\n\n\n<section id=\"image-content-block_740d286c2790f8313e87a57eeee6aca7\" class=\"block-section image-content dark  align-full\">\n\t<div class=\"grid-container\" id=\"scrollToMe-oppskrift-pa-internkontroll\">\n\n\t\t<div class=\"grid-x grid-padding-x\">\n\n\t\t\t<div class=\"cell small-12 medium-7 content\">\n\t\t\t\t\t\t\t\t\t<h2 class=\"section-title\">Oppskrift p\u00e5 internkontroll<\/h2>\n\t\t\t\t\n\t\t\t\t\t\t\t\t\t<article><p>Her gir vi deg hjelp til hvordan en internkontroll kan utformes, men v\u00e6r oppmerksom p\u00e5 at dette er ikke er en fasit og den omhandler kun det elektriske.<\/p>\n<\/article>\n\t\t\t\t\n\t\t\t\t\t\t<a class=\"link link--underlined\" href=\"https:\/\/elsikkerhetsportalen.no\/lede\/hms\/\" target=\"_self\">\n\t\t\tG\u00e5 til siden\t\t<\/a>\n\t\t\t\t\t<div class=\"clearfix\"><\/div>\n\t\t\t\t\n\t\t\t\t\t\t\t\t\n\t\t\t<\/div>\n\n\t\t\t<div class=\"cell small-12 medium-5 image\">\n\t\t\t\t<img loading=\"lazy\" decoding=\"async\" width=\"502\" height=\"335\" src=\"https:\/\/elsikkerhetsportalen.no\/lede\/wp-content\/uploads\/2022\/01\/oppskrift-pa-internkontroll-502x335.png\" class=\"attachment-image-content size-image-content\" alt=\"\" srcset=\"https:\/\/elsikkerhetsportalen.no\/lede\/wp-content\/uploads\/2022\/01\/oppskrift-pa-internkontroll-502x335.png 502w, https:\/\/elsikkerhetsportalen.no\/lede\/wp-content\/uploads\/2022\/01\/oppskrift-pa-internkontroll-300x200.png 300w, https:\/\/elsikkerhetsportalen.no\/lede\/wp-content\/uploads\/2022\/01\/oppskrift-pa-internkontroll.png 600w\" sizes=\"auto, (max-width: 502px) 100vw, 502px\" \/>\n\t\t\t<\/div>\n\n\t\t<\/div>\n\n\t\t\t\t\n\t<\/div>\n<\/section>\n\n\n\n<section class=\"block-section post-cards\">\n\t<div class=\"grid-container\">\n\n        <div class=\"grid-x grid-margin-x section-title-wrapper\">\n            <div class=\"cell small-12 medium-6\">\n                                    <h1 class=\"section-title\">Vi anbefaler<\/h1>\n                            <\/div>\n\n                    <\/div>\n\n        <div class=\"grid-x grid-margin-x cards-wrapper\">\n                                                                    <a href=\"https:\/\/elsikkerhetsportalen.no\/lede\/dle\/om-dle\/\" class=\"link-card cell small-12 medium-6\">\n    <article>\n        <div class=\"content\">\n            <h3 class=\"title\">Om DLE<\/h3>\n            <p class=\"excerpt\"><\/p>\n        <\/div>\n        <span class=\"icon icon-arrow-right\"><\/span>\n    <\/article>\n<\/a>                    \n                                                        <a href=\"https:\/\/elsikkerhetsportalen.no\/lede\/dle\/kontakt-dle\/\" class=\"link-card cell small-12 medium-6\">\n    <article>\n        <div class=\"content\">\n            <h3 class=\"title\">Kontakt DLE<\/h3>\n            <p class=\"excerpt\">Det lokale eltilsynet utf\u00f8rer tilsyn i private hjem og i virksomheter. E-post:&nbsp;dle@lede.noTelefon:&nbsp;+47 334 13 400&#8230;<\/p>\n        <\/div>\n        <span class=\"icon icon-arrow-right\"><\/span>\n    <\/article>\n<\/a>                    \n                                                    <\/div>\n\n    <\/div>\n<\/section>\n\n\n<p><\/p>\n","protected":false},"excerpt":{"rendered":"","protected":false},"author":1,"featured_media":1150,"parent":0,"menu_order":13,"comment_status":"closed","ping_status":"closed","template":"","meta":{"_acf_changed":false,"footnotes":""},"class_list":["post-1075","page","type-page","status-publish","has-post-thumbnail","hentry"],"acf":[],"_links":{"self":[{"href":"https:\/\/elsikkerhetsportalen.no\/lede\/wp-json\/wp\/v2\/pages\/1075","targetHints":{"allow":["GET"]}}],"collection":[{"href":"https:\/\/elsikkerhetsportalen.no\/lede\/wp-json\/wp\/v2\/pages"}],"about":[{"href":"https:\/\/elsikkerhetsportalen.no\/lede\/wp-json\/wp\/v2\/types\/page"}],"author":[{"embeddable":true,"href":"https:\/\/elsikkerhetsportalen.no\/lede\/wp-json\/wp\/v2\/users\/1"}],"replies":[{"embeddable":true,"href":"https:\/\/elsikkerhetsportalen.no\/lede\/wp-json\/wp\/v2\/comments?post=1075"}],"version-history":[{"count":0,"href":"https:\/\/elsikkerhetsportalen.no\/lede\/wp-json\/wp\/v2\/pages\/1075\/revisions"}],"wp:featuredmedia":[{"embeddable":true,"href":"https:\/\/elsikkerhetsportalen.no\/lede\/wp-json\/wp\/v2\/media\/1150"}],"wp:attachment":[{"href":"https:\/\/elsikkerhetsportalen.no\/lede\/wp-json\/wp\/v2\/media?parent=1075"}],"curies":[{"name":"wp","href":"https:\/\/api.w.org\/{rel}","templated":true}]}}