{"id":1079,"date":"2022-02-01T11:04:43","date_gmt":"2022-02-01T11:04:43","guid":{"rendered":"https:\/\/elsikkerhetsportalen.no\/lede\/elbransjen\/radgivere\/"},"modified":"2023-01-18T11:56:18","modified_gmt":"2023-01-18T11:56:18","slug":"radgivere","status":"publish","type":"page","link":"https:\/\/elsikkerhetsportalen.no\/lede\/elbransjen\/radgivere\/","title":{"rendered":"R\u00e5dgivende ingeni\u00f8rer"},"content":{"rendered":"\n<h1 class=\"wp-block-heading\">R\u00e5dgivende ingeni\u00f8rer<\/h1>\n\n\n\n<h4 class=\"wp-block-heading\">Det finnes ca. 300 r\u00e5dgivende ingeni\u00f8rvirksomheter i Norge som kun er prosjekterende. Disse kommer i tillegg til installasjonsvirksomheter som b\u00e5de prosjekterer og utf\u00f8rer. Vi vil her ta for oss de virksomheten som kun er prosjekterende.<\/h4>\n\n\n\n<p>Det har kommet krav om at alle r\u00e5dgivende ingeni\u00f8rer skal registrere seg i DSBs sentrale register fra 1. juli 2013. Dette er forankret i den nye forskriften Forskrift om elektroforetak og kvalifikasjonskrav for arbeid knyttet til elanlegg og elektrisk utstyr.<\/p>\n\n\n\n<h3 class=\"wp-block-heading\">Prosjektering av elanlegg<\/h3>\n\n\n\n<p>\u200bEt nytt elanlegg skal prosjekteres slik at det er egnet for den forutsatte bruken. Elanlegg skal planlegges og utf\u00f8res slik at mennesker, husdyr og eiendom er beskyttet mot fare og skader ved normal bruk og slik at anlegget blir egnet til den forutsatte bruk.<\/p>\n\n\n\n<p>Den r\u00e5dgivende virksomheten m\u00e5 f\u00f8r prosjektering avklare med eier\/bruker hvilket behov og funksjon\/bruk elanlegget skal ha.<\/p>\n\n\n\n<p>Ved prosjektering av&nbsp;elanlegget m\u00e5 det ogs\u00e5 foretas en risikovurdering slik at u\u00f8nskede hendelser i elanlegger minimeres.<\/p>\n\n\n\n<h3 class=\"wp-block-heading\">Samsvarserkl\u00e6ring og dokumentasjon<\/h3>\n\n\n\n<p>Samsvarserkl\u00e6ringen skal utstedes av den virksomheten som har utf\u00f8rt prosjekteringen og arbeidet og skal overleveres til eier av elanlegget. Dokumentasjon som gj\u00f8r det mulig \u00e5 vurdere om anlegget er i samsvar med forskriftenes krav skal ogs\u00e5 f\u00f8lge med samsvarserkl\u00e6ringen.<\/p>\n\n\n\n<p>Dersom prosjekteringen og utf\u00f8relsen av arbeidet p\u00e5&nbsp;elanlegget ikke er utf\u00f8rt av samme virksomhet, skal begge virksomhetene utstede samsvarserkl\u00e6ring for det arbeidet de har utf\u00f8rt. Det vil si en samsvarserkl\u00e6ring fra den prosjekterende og en fra den utf\u00f8rende.<\/p>\n\n\n\n<p>Eier av elanlegget plikter \u00e5 ta vare p\u00e5 denne typen dokumenter\u00a0gjennom hele anleggets levetid. Den prosjekterende virksomheten plikter \u00e5 ta vare p\u00e5 en kopi av denne typen dokumenter i minst 5 \u00e5r<\/p>\n\n\n\n<section class=\"block-section post-cards\">\n\t<div class=\"grid-container\">\n\n        <div class=\"grid-x grid-margin-x section-title-wrapper\">\n            <div class=\"cell small-12 medium-6\">\n                                    <h1 class=\"section-title\">Vi anbefaler<\/h1>\n                            <\/div>\n\n                    <\/div>\n\n        <div class=\"grid-x grid-margin-x cards-wrapper\">\n                                                                    <a href=\"https:\/\/elsikkerhetsportalen.no\/lede\/samsvarserklaering\/\" class=\"link-card cell small-12 medium-6\">\n    <article>\n        <div class=\"content\">\n            <h3 class=\"title\">Samsvarserkl\u00e6ring<\/h3>\n            <p class=\"excerpt\">Samsvarserkl\u00e6ring og dokumentasjon Samsvarserkl\u00e6ringen er en garanti av et bygg om at alt elektrisk arbeid&#8230;<\/p>\n        <\/div>\n        <span class=\"icon icon-arrow-right\"><\/span>\n    <\/article>\n<\/a>                    \n                                                        <a href=\"https:\/\/elsikkerhetsportalen.no\/lede\/dle\/tilsyn-med-elektrovirksomheter\/\" class=\"link-card cell small-12 medium-6\">\n    <article>\n        <div class=\"content\">\n            <h3 class=\"title\">Tilsyn med elektrovirksomheter<\/h3>\n            <p class=\"excerpt\"><\/p>\n        <\/div>\n        <span class=\"icon icon-arrow-right\"><\/span>\n    <\/article>\n<\/a>                    \n                                                    <\/div>\n\n    <\/div>\n<\/section>","protected":false},"excerpt":{"rendered":"<p>R\u00e5dgivende ingeni\u00f8rer Det finnes ca. 300 r\u00e5dgivende ingeni\u00f8rvirksomheter i Norge som kun er prosjekterende. Disse kommer i tillegg til installasjonsvirksomheter som b\u00e5de prosjekterer og utf\u00f8rer. Vi vil her ta for oss de virksomheten som kun er prosjekterende. Det har kommet krav om at alle r\u00e5dgivende ingeni\u00f8rer skal registrere seg i DSBs sentrale register fra 1. [&hellip;]<\/p>\n","protected":false},"author":4,"featured_media":0,"parent":14,"menu_order":8,"comment_status":"closed","ping_status":"closed","template":"","meta":{"_acf_changed":false,"footnotes":""},"class_list":["post-1079","page","type-page","status-publish","hentry"],"acf":[],"_links":{"self":[{"href":"https:\/\/elsikkerhetsportalen.no\/lede\/wp-json\/wp\/v2\/pages\/1079","targetHints":{"allow":["GET"]}}],"collection":[{"href":"https:\/\/elsikkerhetsportalen.no\/lede\/wp-json\/wp\/v2\/pages"}],"about":[{"href":"https:\/\/elsikkerhetsportalen.no\/lede\/wp-json\/wp\/v2\/types\/page"}],"author":[{"embeddable":true,"href":"https:\/\/elsikkerhetsportalen.no\/lede\/wp-json\/wp\/v2\/users\/4"}],"replies":[{"embeddable":true,"href":"https:\/\/elsikkerhetsportalen.no\/lede\/wp-json\/wp\/v2\/comments?post=1079"}],"version-history":[{"count":0,"href":"https:\/\/elsikkerhetsportalen.no\/lede\/wp-json\/wp\/v2\/pages\/1079\/revisions"}],"up":[{"embeddable":true,"href":"https:\/\/elsikkerhetsportalen.no\/lede\/wp-json\/wp\/v2\/pages\/14"}],"wp:attachment":[{"href":"https:\/\/elsikkerhetsportalen.no\/lede\/wp-json\/wp\/v2\/media?parent=1079"}],"curies":[{"name":"wp","href":"https:\/\/api.w.org\/{rel}","templated":true}]}}