{"id":14,"date":"2021-02-03T21:28:22","date_gmt":"2021-02-03T21:28:22","guid":{"rendered":"http:\/\/elsikkerhetsportalen.no\/lede\/?page_id=14"},"modified":"2025-04-30T08:19:34","modified_gmt":"2025-04-30T08:19:34","slug":"elbransjen","status":"publish","type":"page","link":"https:\/\/elsikkerhetsportalen.no\/lede\/elbransjen\/","title":{"rendered":"Elbransjen"},"content":{"rendered":"<section id=\"scrollable-shortcuts-block_5e1f38730667b5e64e2c392ec37414b7\" class=\"block-section scrollable-shortcuts   align-full\">\n\t<div class=\"grid-container\">\n\t\t<div class=\"grid-x grid-padding-x\">\n\n\t\t\t<header class=\"cell small-12 medium-7\">\n\t\t\t\t\t\t\t\t\t<h1>Elbransjen<\/h1>\n\t\t\t\t\n\t\t\t\t\t\t\t\t\t<p class=\"ingress\">Elbransjen har en rekke regler, forskrifter og normer \u00e5 forholde seg til for at elektriske installasjoner skal v\u00e6re trygge b\u00e5de for mont\u00f8rer og forbrukere. <\/p>\n\t\t\t\t\n\t\t\t\t\t\t\t\t\t<h2 class=\"shortcuts-title\">Snarveier<span><span class=\"icon icon-arrow-down\"><\/span><\/span><\/h2>\n\t\t\t\t\n\t\t\t\t<nav><ul><li><a href=\"#regelverket\" class=\"link link--underlined\">Regelverket<\/a><\/li><li><a href=\"#presisjon-fra-dsb\" class=\"link link--underlined\">Presisjon fra DSB<\/a><\/li><li><a href=\"#bolignormen\" class=\"link link--underlined\">Bolignormen<\/a><\/li><li><a href=\"#elulykker-og-stromskader\" class=\"link link--underlined\">Elulykker og str\u00f8mskader<\/a><\/li><li><a href=\"#installasjon-i-egen-bolig\" class=\"link link--underlined\">Installasjon i egen bolig<\/a><\/li><li><a href=\"#salg-av-elektrisk-utstyr\" class=\"link link--underlined\">Salg av elektrisk utstyr<\/a><\/li><li><a href=\"#tavlebyggere\" class=\"link link--underlined\">Tavlebyggere<\/a><\/li><li><a href=\"#radgivende-ingeniorer\" class=\"link link--underlined\">R\u00e5dgivende ingeni\u00f8rer<\/a><\/li><li><a href=\"#faglig-ansvarlig-fa\" class=\"link link--underlined\">Faglig ansvarlig FA<\/a><\/li><\/ul><\/nav>\t\t\t<\/header>\n\n\t\t<\/div>\n\t<\/div>\n<\/section>\n\n\n\n<section id=\"image-content-block_e3305f49d847e7da4fe44b8733db594f\" class=\"block-section image-content light smaller-fonts no-image  align-full\">\n\t<div class=\"grid-container\" id=\"scrollToMe-regelverket\">\n\n\t\t<div class=\"grid-x grid-padding-x\">\n\n\t\t\t<div class=\"cell small-12 medium-7 content\">\n\t\t\t\t\t\t\t\t\t<h2 class=\"section-title\">Regelverket<\/h2>\n\t\t\t\t\n\t\t\t\t\t\t\t\t\t<article><p>Prosjektering, utf\u00f8relse, bruk og vedlikehold av elektriske anlegg og elektrisk utstyr reguleres gjennom lover, forskrifter og normer.<\/p>\n<\/article>\n\t\t\t\t\n\t\t\t\t\t\t<a class=\"link link--underlined\" href=\"https:\/\/elsikkerhetsportalen.no\/lede\/elbransjen\/regelverk\/\" target=\"_self\">\n\t\t\tG\u00e5 til siden\t\t<\/a>\n\t\t\t\t\t<div class=\"clearfix\"><\/div>\n\t\t\t\t\n\t\t\t\t\t\t\t\t\n\t\t\t<\/div>\n\n\t\t\t<div class=\"cell small-12 medium-5 image\">\n\t\t\t\t\t\t\t\t\t\n\t\t\t\t\t\n\t\t\t\t\n\t\t\t<\/div>\n\n\t\t<\/div>\n\n\t\t\t\t\n\t<\/div>\n<\/section>\n\n\n\n<section id=\"image-content-block_8e354f1eeef71eb00086f08b8eb07936\" class=\"block-section image-content none smaller-fonts no-image has-more-content  align-full\">\n\t<div class=\"grid-container\" id=\"scrollToMe-presisjon-fra-dsb\">\n\n\t\t<div class=\"grid-x grid-padding-x\">\n\n\t\t\t<div class=\"cell small-12 medium-7 content\">\n\t\t\t\t\t\t\t\t\t<h2 class=\"section-title\">Presisjon fra DSB <\/h2>\n\t\t\t\t\n\t\t\t\t\t\t\t\t\t<article><p>I Nyhetsbladet Elsikkerhet nr. 96 tar DSB opp forskjellen mellom &#8220;dedikert&#8221; kurs og &#8220;egen&#8221; kurs. <a href=\"https:\/\/elsikkerhetsportalen.no\/wp-content\/uploads\/2025\/03\/Elsikkerhet-96.pdf\" target=\"_blank\" rel=\"noopener\">Last ned Elsikkerhet nr. 96<\/a><\/p>\n<p>Klikk p\u00e5 Les mer for ytterligere presisjon av dedikert vs. egen kurs.<\/p>\n<\/article>\n\t\t\t\t\n\t\t\t\t\t\t\t\t<div class=\"clearfix\"><\/div>\n\t\t\t\t\n\t\t\t\t\t\t\t\t\n\t\t\t\t\t<a\n\t\t\t\t\t\thref=\"#\"\n\t\t\t\t\t\tclass=\"button-plus content-toggler\"\n\t\t\t\t\t\tdata-initialtext=\"Les mer\"\n\t\t\t\t\t\tdata-toggletext=\"Les mindre\"\n\t\t\t\t\t\tdata-target=\"ic-hidden-block_8e354f1eeef71eb00086f08b8eb07936\"\n\t\t\t\t\t\trole=\"button\"\n\t\t\t\t\t\trel=\"nofollow\"\n\t\t\t\t\t\taria-label=\"\u00c5pne skjult innhold\"\n\t\t\t\t\t\taria-expanded=\"false\">\n\t\t\t\t\t\t<span>Les mer<\/span>\n\t\t\t\t\t\t<span class=\"icon icon-plus\"><\/span>\n\t\t\t\t\t<\/a>\n\t\t\t\t\n\t\t\t<\/div>\n\n\t\t\t<div class=\"cell small-12 medium-5 image\">\n\t\t\t\t\t\t\t\t\t\n\t\t\t\t\t\n\t\t\t\t\n\t\t\t<\/div>\n\n\t\t<\/div>\n\n\t\t\t\t\t\t<div class=\"grid-x grid-padding-x hidden-more-content\" aria-expanded=\"false\" aria-hidden=\"true\" id=\"ic-hidden-block_8e354f1eeef71eb00086f08b8eb07936\">\n\t\t\t<div class=\"cell small-12 medium-7 content\">\n\t\t\t\t<article>\n\t\t\t\t<p>DSB viser til NK64s &#8220;Tolkning 2: NEK 400-7-151:2022, avsnitt 751.302.1.102.1&#8221; hvor det blant annet kommer frem at solcellepaneler som leveres med en pluggbar enhet for tilkobling direkte inn i den elektriske installasjonen, bare kan benyttes dersom de plugges inn i en dedikert kurs for hver pluggbar enhet. <a href=\"https:\/\/elsikkerhetsportalen.no\/tenk-deg-om\/\">Se ogs\u00e5 egen sak om pluggbare solcellepaneler<\/a>.<\/p>\n<p>Begrepene &#8220;dedikert kurs&#8221; og &#8220;egen kurs&#8221; brukes ofte om hverandre, noe som er uheldig, da de har forskjellige betydning. DSB presiseres derfor at med en dedikert kurs &#8211; menes det en kurs som er ment for tilkobling av det utstyret som den skal forsyne. En stikkontakt p\u00e5 egen kurs vil ikke v\u00e6re egnet til forutsatt bruk, med mindre den er prosjektert og utf\u00f8rt for tilkobling av det utstyret hvor det er krav til dedikert kurs. Kravet til dedikert kurs kommer av at noe utstyr, som feks solcellepaneler kan tilf\u00f8re den elektriske installasjonen andre risikomomenter som m\u00e5 ivaretas spesielt. For eksempel introduksjon av DC-komponenter, som hindrer tradisjonelle jordfeilvern (type A) i \u00e5 fungere korrekt.<\/p>\n\t\t\t\t<\/article>\n\t\t\t<\/div>\n\n\t\t\t<div class=\"cell small-12 medium-5 image\">\n\t\t\t\t\t\t\t<\/div>\n\t\t<\/div>\n\t\t\n\t<\/div>\n<\/section>\n\n\n\n<section id=\"image-content-block_41dee070f162602ab94e433a5db872ec\" class=\"block-section image-content dark smaller-fonts no-image  align-full\">\n\t<div class=\"grid-container\" id=\"scrollToMe-bolignormen\">\n\n\t\t<div class=\"grid-x grid-padding-x\">\n\n\t\t\t<div class=\"cell small-12 medium-7 content\">\n\t\t\t\t\t\t\t\t\t<h2 class=\"section-title\">Bolignormen<\/h2>\n\t\t\t\t\n\t\t\t\t\t\t\t\t\t<article><p>NEI 800-8-823. kalles bolignormen. Det er en delnorm (standard) som er spesielt rettet mot elektriske installasjoner i boliger, og omhandler bl.a. krav om antall stikkontakter boligen skal ha.<\/p>\n<\/article>\n\t\t\t\t\n\t\t\t\t\t\t<a class=\"link link--underlined\" href=\"https:\/\/elsikkerhetsportalen.no\/lede\/elbransjen\/bolignormen\/\" target=\"_self\">\n\t\t\tG\u00e5 til siden\t\t<\/a>\n\t\t\t\t\t<div class=\"clearfix\"><\/div>\n\t\t\t\t\n\t\t\t\t\t\t\t\t\n\t\t\t<\/div>\n\n\t\t\t<div class=\"cell small-12 medium-5 image\">\n\t\t\t\t\t\t\t\t\t\n\t\t\t\t\t\n\t\t\t\t\n\t\t\t<\/div>\n\n\t\t<\/div>\n\n\t\t\t\t\n\t<\/div>\n<\/section>\n\n\n\n<section id=\"image-content-block_fd81366269d3e9f311165ff7bc5b73ea\" class=\"block-section image-content light smaller-fonts no-image  align-full\">\n\t<div class=\"grid-container\" id=\"scrollToMe-elulykker-og-stromskader\">\n\n\t\t<div class=\"grid-x grid-padding-x\">\n\n\t\t\t<div class=\"cell small-12 medium-7 content\">\n\t\t\t\t\t\t\t\t\t<h2 class=\"section-title\">Elulykker og str\u00f8mskader<\/h2>\n\t\t\t\t\n\t\t\t\t\t\t\t\t\t<article><p>De fleste elulykker og str\u00f8mskader rammer profesjonelle som arbeider med elektrisitet, men det hender ogs\u00e5 at andre utsettes for denne typen ulykker.<\/p>\n<\/article>\n\t\t\t\t\n\t\t\t\t\t\t<a class=\"link link--underlined\" href=\"https:\/\/elsikkerhetsportalen.no\/lede\/elbransjen\/elulykker-og-stromskader\/\" target=\"_self\">\n\t\t\tG\u00e5 til siden\t\t<\/a>\n\t\t\t\t\t<div class=\"clearfix\"><\/div>\n\t\t\t\t\n\t\t\t\t\t\t\t\t\n\t\t\t<\/div>\n\n\t\t\t<div class=\"cell small-12 medium-5 image\">\n\t\t\t\t\t\t\t\t\t\n\t\t\t\t\t\n\t\t\t\t\n\t\t\t<\/div>\n\n\t\t<\/div>\n\n\t\t\t\t\n\t<\/div>\n<\/section>\n\n\n\n<section id=\"image-content-block_ae01409e40fa18117ef12d91b9fdc573\" class=\"block-section image-content dark smaller-fonts no-image  align-full\">\n\t<div class=\"grid-container\" id=\"scrollToMe-installasjon-i-egen-bolig\">\n\n\t\t<div class=\"grid-x grid-padding-x\">\n\n\t\t\t<div class=\"cell small-12 medium-7 content\">\n\t\t\t\t\t\t\t\t\t<h2 class=\"section-title\">Installasjon i egen bolig<\/h2>\n\t\t\t\t\n\t\t\t\t\t\t\t\t\t<article><p>I enkelte tilfeller kan elektrofagarbeidere utf\u00f8re elektrisk arbeid i egen bolig. F\u00f8r du begynner med dette, m\u00e5 du sikre deg at du har de rette kvalifikasjonene.<\/p>\n<\/article>\n\t\t\t\t\n\t\t\t\t\t\t<a class=\"link link--underlined\" href=\"https:\/\/elsikkerhetsportalen.no\/lede\/elbransjen\/installasjon-i-egen-bolig\/\" target=\"_self\">\n\t\t\tG\u00e5 til siden\t\t<\/a>\n\t\t\t\t\t<div class=\"clearfix\"><\/div>\n\t\t\t\t\n\t\t\t\t\t\t\t\t\n\t\t\t<\/div>\n\n\t\t\t<div class=\"cell small-12 medium-5 image\">\n\t\t\t\t\t\t\t\t\t\n\t\t\t\t\t\n\t\t\t\t\n\t\t\t<\/div>\n\n\t\t<\/div>\n\n\t\t\t\t\n\t<\/div>\n<\/section>\n\n\n\n<section id=\"image-content-block_2c4b95ae0f8122db21e5bdbb90506eb2\" class=\"block-section image-content light smaller-fonts no-image  align-full\">\n\t<div class=\"grid-container\" id=\"scrollToMe-salg-av-elektrisk-utstyr\">\n\n\t\t<div class=\"grid-x grid-padding-x\">\n\n\t\t\t<div class=\"cell small-12 medium-7 content\">\n\t\t\t\t\t\t\t\t\t<h2 class=\"section-title\">Salg av elektrisk utstyr<\/h2>\n\t\t\t\t\n\t\t\t\t\t\t\t\t\t<article><p>Det kreves rutiner for \u00e5 sikre at salg av elektrisk utstyr og materiell er i samsvar med Forskrift om elektrisk utstyr (feu). Det er sikkerhet for forbrukerne som skal kunne kj\u00f8pe trygge elektriske produkter.<\/p>\n<\/article>\n\t\t\t\t\n\t\t\t\t\t\t<a class=\"link link--underlined\" href=\"https:\/\/elsikkerhetsportalen.no\/lede\/elbransjen\/salg-av-elektrisk-utstyr\/\" target=\"_self\">\n\t\t\tG\u00e5 til siden\t\t<\/a>\n\t\t\t\t\t<div class=\"clearfix\"><\/div>\n\t\t\t\t\n\t\t\t\t\t\t\t\t\n\t\t\t<\/div>\n\n\t\t\t<div class=\"cell small-12 medium-5 image\">\n\t\t\t\t\t\t\t\t\t\n\t\t\t\t\t\n\t\t\t\t\n\t\t\t<\/div>\n\n\t\t<\/div>\n\n\t\t\t\t\n\t<\/div>\n<\/section>\n\n\n\n<section id=\"image-content-block_6f7dc8c25aa29c5c76f87f3b6a46b90b\" class=\"block-section image-content dark smaller-fonts no-image  align-full\">\n\t<div class=\"grid-container\" id=\"scrollToMe-tavlebyggere\">\n\n\t\t<div class=\"grid-x grid-padding-x\">\n\n\t\t\t<div class=\"cell small-12 medium-7 content\">\n\t\t\t\t\t\t\t\t\t<h2 class=\"section-title\">Tavlebyggere<\/h2>\n\t\t\t\t\n\t\t\t\t\t\t\t\t\t<article><p>De fleste fordelingstavler produseres hos profesjonelle tavlebyggere. Dette kan v\u00e6re standardiserte produkter eller tavler bygget for et spesifikt anlegg.<\/p>\n<\/article>\n\t\t\t\t\n\t\t\t\t\t\t<a class=\"link link--underlined\" href=\"https:\/\/elsikkerhetsportalen.no\/lede\/elbransjen\/tavlebyggere\/\" target=\"_self\">\n\t\t\tG\u00e5 til siden\t\t<\/a>\n\t\t\t\t\t<div class=\"clearfix\"><\/div>\n\t\t\t\t\n\t\t\t\t\t\t\t\t\n\t\t\t<\/div>\n\n\t\t\t<div class=\"cell small-12 medium-5 image\">\n\t\t\t\t\t\t\t\t\t\n\t\t\t\t\t\n\t\t\t\t\n\t\t\t<\/div>\n\n\t\t<\/div>\n\n\t\t\t\t\n\t<\/div>\n<\/section>\n\n\n\n<section id=\"image-content-block_a0139512e724abe4a661d4013dd3f4cc\" class=\"block-section image-content none smaller-fonts no-image  align-full\">\n\t<div class=\"grid-container\" id=\"scrollToMe-radgivende-ingeniorer\">\n\n\t\t<div class=\"grid-x grid-padding-x\">\n\n\t\t\t<div class=\"cell small-12 medium-7 content\">\n\t\t\t\t\t\t\t\t\t<h2 class=\"section-title\">R\u00e5dgivende ingeni\u00f8rer<\/h2>\n\t\t\t\t\n\t\t\t\t\t\t\t\t\t<article><p>Det finnes ca. 300 r\u00e5dgivende ingeni\u00f8rvirksomheter i Norge. Sjekk ut hvilke krav FEK stiller til dem.<\/p>\n<\/article>\n\t\t\t\t\n\t\t\t\t\t\t<a class=\"link link--underlined\" href=\"https:\/\/elsikkerhetsportalen.no\/elbransjen\/radgivere\/\" target=\"_blank\">\n\t\t\tG\u00e5 til siden\t\t<\/a>\n\t\t\t\t\t<div class=\"clearfix\"><\/div>\n\t\t\t\t\n\t\t\t\t\t\t\t\t\n\t\t\t<\/div>\n\n\t\t\t<div class=\"cell small-12 medium-5 image\">\n\t\t\t\t\t\t\t\t\t\n\t\t\t\t\t\n\t\t\t\t\n\t\t\t<\/div>\n\n\t\t<\/div>\n\n\t\t\t\t\n\t<\/div>\n<\/section>\n\n\n\n<section id=\"image-content-block_207169264c08655ab4382d5cb96b1bc2\" class=\"block-section image-content dark smaller-fonts no-image  align-full\">\n\t<div class=\"grid-container\" id=\"scrollToMe-faglig-ansvarlig-fa\">\n\n\t\t<div class=\"grid-x grid-padding-x\">\n\n\t\t\t<div class=\"cell small-12 medium-7 content\">\n\t\t\t\t\t\t\t\t\t<h2 class=\"section-title\">Faglig ansvarlig (FA)<\/h2>\n\t\t\t\t\n\t\t\t\t\t\t\t\t\t<article><p>Faglig ansvarliges rolle i elektroforetak, og de oppgaver FA har ansvar for er regulert av DSB.<\/p>\n<\/article>\n\t\t\t\t\n\t\t\t\t\t\t<a class=\"link link--underlined\" href=\"https:\/\/elsikkerhetsportalen.no\/elbransjen\/faglig-ansvarlig\/\" target=\"_blank\">\n\t\t\tG\u00e5 til siden\t\t<\/a>\n\t\t\t\t\t<div class=\"clearfix\"><\/div>\n\t\t\t\t\n\t\t\t\t\t\t\t\t\n\t\t\t<\/div>\n\n\t\t\t<div class=\"cell small-12 medium-5 image\">\n\t\t\t\t\t\t\t\t\t\n\t\t\t\t\t\n\t\t\t\t\n\t\t\t<\/div>\n\n\t\t<\/div>\n\n\t\t\t\t\n\t<\/div>\n<\/section>\n\n\n\n<section class=\"block-section post-cards\">\n\t<div class=\"grid-container\">\n\n        <div class=\"grid-x grid-margin-x section-title-wrapper\">\n            <div class=\"cell small-12 medium-6\">\n                                    <h1 class=\"section-title\">Vi anbefaler<\/h1>\n                            <\/div>\n\n                    <\/div>\n\n        <div class=\"grid-x grid-margin-x cards-wrapper\">\n                                                                    <a href=\"https:\/\/elsikkerhetsportalen.no\/lede\/elbransjen\/elulykker-og-stromskader\/\" class=\"link-card cell small-12 medium-6\">\n    <article>\n        <div class=\"content\">\n            <h3 class=\"title\">Elulykker og str\u00f8mskader<\/h3>\n            <p class=\"excerpt\"><\/p>\n        <\/div>\n        <span class=\"icon icon-arrow-right\"><\/span>\n    <\/article>\n<\/a>                    \n                                                        <a href=\"https:\/\/elsikkerhetsportalen.no\/lede\/om-elsikkerhetsportalen\/nyhetsbladet-elsikkerhet\/\" class=\"link-card cell small-12 medium-6\">\n    <article>\n        <div class=\"content\">\n            <h3 class=\"title\">Nyhetsbladet Elsikkerhet<\/h3>\n            <p class=\"excerpt\"><\/p>\n        <\/div>\n        <span class=\"icon icon-arrow-right\"><\/span>\n    <\/article>\n<\/a>                    \n                                                    <\/div>\n\n    <\/div>\n<\/section>","protected":false},"excerpt":{"rendered":"","protected":false},"author":1,"featured_media":0,"parent":0,"menu_order":15,"comment_status":"closed","ping_status":"closed","template":"","meta":{"_acf_changed":false,"footnotes":""},"class_list":["post-14","page","type-page","status-publish","hentry"],"acf":[],"_links":{"self":[{"href":"https:\/\/elsikkerhetsportalen.no\/lede\/wp-json\/wp\/v2\/pages\/14","targetHints":{"allow":["GET"]}}],"collection":[{"href":"https:\/\/elsikkerhetsportalen.no\/lede\/wp-json\/wp\/v2\/pages"}],"about":[{"href":"https:\/\/elsikkerhetsportalen.no\/lede\/wp-json\/wp\/v2\/types\/page"}],"author":[{"embeddable":true,"href":"https:\/\/elsikkerhetsportalen.no\/lede\/wp-json\/wp\/v2\/users\/1"}],"replies":[{"embeddable":true,"href":"https:\/\/elsikkerhetsportalen.no\/lede\/wp-json\/wp\/v2\/comments?post=14"}],"version-history":[{"count":0,"href":"https:\/\/elsikkerhetsportalen.no\/lede\/wp-json\/wp\/v2\/pages\/14\/revisions"}],"wp:attachment":[{"href":"https:\/\/elsikkerhetsportalen.no\/lede\/wp-json\/wp\/v2\/media?parent=14"}],"curies":[{"name":"wp","href":"https:\/\/api.w.org\/{rel}","templated":true}]}}