{"id":19,"date":"2021-02-03T21:30:22","date_gmt":"2021-02-03T21:30:22","guid":{"rendered":"http:\/\/elsikkerhetsportalen.no\/lede\/?page_id=19"},"modified":"2025-04-25T10:28:30","modified_gmt":"2025-04-25T10:28:30","slug":"overspenning","status":"publish","type":"page","link":"https:\/\/elsikkerhetsportalen.no\/lede\/elektrisk-anlegg\/overspenning\/","title":{"rendered":"Overspenning"},"content":{"rendered":"<section id=\"scrollable-shortcuts-block_f529f2c3850f465f8c7205bf9f79a72b\" class=\"block-section scrollable-shortcuts   align-full\">\n\t<div class=\"grid-container\">\n\t\t<div class=\"grid-x grid-padding-x\">\n\n\t\t\t<header class=\"cell small-12 medium-7\">\n\t\t\t\t\t\t\t\t\t<h1>Overspenningsvern<\/h1>\n\t\t\t\t\n\t\t\t\t\t\t\t\t\t<p class=\"ingress\">Et overspenningsvern beskytter det elektriske anlegget mot spenningsendringer. Vernet plasseres i sikringsskapet og skal f\u00f8re overspenningene til jord i stedet for innover i installasjonen og for\u00e5rsake skade. Dette skal v\u00e6re montert i alle nyere boliger.<\/p>\n\t\t\t\t\n\t\t\t\t\t\t\t\t\t<h2 class=\"shortcuts-title\">Snarveier<span><span class=\"icon icon-arrow-down\"><\/span><\/span><\/h2>\n\t\t\t\t\n\t\t\t\t<nav><ul><li><a href=\"#overspenninger\" class=\"link link--underlined\">Overspenninger<\/a><\/li><li><a href=\"#beskyttelse-av-elanlegget\" class=\"link link--underlined\">Overspenningsvernet<\/a><\/li><li><a href=\"#sjekk-overspenningsvernet\" class=\"link link--underlined\">Sjekk overspenningsvernet<\/a><\/li><li><a href=\"#beskyttelse-av-elektrisk-utstyr\" class=\"link link--underlined\">Finvernet<\/a><\/li><\/ul><\/nav>\t\t\t<\/header>\n\n\t\t<\/div>\n\t<\/div>\n<\/section>\n\n\n\n<section id=\"image-content-block_77312e6554fa57b8cfae0505fad203fd\" class=\"block-section image-content light has-more-content  align-full\">\n\t<div class=\"grid-container\" id=\"scrollToMe-overspenninger\">\n\n\t\t<div class=\"grid-x grid-padding-x\">\n\n\t\t\t<div class=\"cell small-12 medium-7 content\">\n\t\t\t\t\t\t\t\t\t<h2 class=\"section-title\">Overspenninger<\/h2>\n\t\t\t\t\n\t\t\t\t\t\t\t\t\t<article><p>Overspenninger som kommer inn fra str\u00f8mnettet kan gj\u00f8re store skader p\u00e5 det elektriske anlegget og det du har koblet til dette.<\/p>\n<\/article>\n\t\t\t\t\n\t\t\t\t\t\t\t\t<div class=\"clearfix\"><\/div>\n\t\t\t\t\n\t\t\t\t\t\t\t\t\n\t\t\t\t\t<a\n\t\t\t\t\t\thref=\"#\"\n\t\t\t\t\t\tclass=\"button-plus content-toggler\"\n\t\t\t\t\t\tdata-initialtext=\"Les mer\"\n\t\t\t\t\t\tdata-toggletext=\"Les mindre\"\n\t\t\t\t\t\tdata-target=\"ic-hidden-block_77312e6554fa57b8cfae0505fad203fd\"\n\t\t\t\t\t\trole=\"button\"\n\t\t\t\t\t\trel=\"nofollow\"\n\t\t\t\t\t\taria-label=\"\u00c5pne skjult innhold\"\n\t\t\t\t\t\taria-expanded=\"false\">\n\t\t\t\t\t\t<span>Les mer<\/span>\n\t\t\t\t\t\t<span class=\"icon icon-plus\"><\/span>\n\t\t\t\t\t<\/a>\n\t\t\t\t\n\t\t\t<\/div>\n\n\t\t\t<div class=\"cell small-12 medium-5 image\">\n\t\t\t\t<img loading=\"lazy\" decoding=\"async\" width=\"502\" height=\"335\" src=\"https:\/\/elsikkerhetsportalen.no\/lede\/wp-content\/uploads\/sites\/10\/2021\/06\/Overspenning-600x400-1-502x335.jpg\" class=\"attachment-image-content size-image-content\" alt=\"\" srcset=\"https:\/\/elsikkerhetsportalen.no\/lede\/wp-content\/uploads\/sites\/10\/2021\/06\/Overspenning-600x400-1-502x335.jpg 502w, https:\/\/elsikkerhetsportalen.no\/lede\/wp-content\/uploads\/sites\/10\/2021\/06\/Overspenning-600x400-1-300x200.jpg 300w, https:\/\/elsikkerhetsportalen.no\/lede\/wp-content\/uploads\/sites\/10\/2021\/06\/Overspenning-600x400-1-1024x683.jpg 1024w, https:\/\/elsikkerhetsportalen.no\/lede\/wp-content\/uploads\/sites\/10\/2021\/06\/Overspenning-600x400-1-768x512.jpg 768w, https:\/\/elsikkerhetsportalen.no\/lede\/wp-content\/uploads\/sites\/10\/2021\/06\/Overspenning-600x400-1-1536x1024.jpg 1536w, https:\/\/elsikkerhetsportalen.no\/lede\/wp-content\/uploads\/sites\/10\/2021\/06\/Overspenning-600x400-1-2048x1366.jpg 2048w\" sizes=\"auto, (max-width: 502px) 100vw, 502px\" \/>\n\t\t\t<\/div>\n\n\t\t<\/div>\n\n\t\t\t\t\t\t<div class=\"grid-x grid-padding-x hidden-more-content\" aria-expanded=\"false\" aria-hidden=\"true\" id=\"ic-hidden-block_77312e6554fa57b8cfae0505fad203fd\">\n\t\t\t<div class=\"cell small-12 medium-7 content\">\n\t\t\t\t<article>\n\t\t\t\t<p>Disse spenningene kommer\u00a0fra\u00a0lynnedslag i eller\u00a0i\u00a0n\u00e6rheten av\u00a0kraftledninger (atmosf\u00e6riske overspenninger). De kan ogs\u00e5 komme\u00a0ved inn- og utkobling av store belastninger i str\u00f8mnettet (koplingsoverspenninger).<\/p>\n<p>Skader etter overspenninger er ofte store og tydelige, men de kan ogs\u00e5\u00a0f\u00f8re til mindre skader p\u00e5 installasjoner og utstyr som\u00a0du ikke\u00a0oppdager umiddelbart. Dette kan p\u00e5 et senere tidspunkt f\u00f8re til mer alvorlig skade, varmgang og branntill\u00f8p.<\/p>\n<a class=\"link link--underlined\" href=\"https:\/\/elsikkerhetsportalen.no\/lede\/lynnedslag-i-sommer-gir-brann-til-jul\/\" target=\"_blank\">Lynnedslag i sommer gir brann til jul<\/a>\t\t\t\t<\/article>\n\t\t\t<\/div>\n\n\t\t\t<div class=\"cell small-12 medium-5 image\">\n\t\t\t\t\t\t\t<\/div>\n\t\t<\/div>\n\t\t\n\t<\/div>\n<\/section>\n\n\n\n<section id=\"image-content-block_171f1bcb39b6e0be70ea717adea5a66a\" class=\"block-section image-content dark has-more-content  align-full\">\n\t<div class=\"grid-container\" id=\"scrollToMe-beskyttelse-av-elanlegget\">\n\n\t\t<div class=\"grid-x grid-padding-x\">\n\n\t\t\t<div class=\"cell small-12 medium-7 content\">\n\t\t\t\t\t\t\t\t\t<h2 class=\"section-title\">Beskyttelse av elanlegget<\/h2>\n\t\t\t\t\n\t\t\t\t\t\t\t\t\t<article><p>Et overspenningsvern skal beskytte det elektriske anlegget og det elektriske utstyret du har tilkoblet mot overspenninger. Det skal ogs\u00e5 sjekkes jevnlig slik at du vet det fungerer!<\/p>\n<\/article>\n\t\t\t\t\n\t\t\t\t\t\t\t\t<div class=\"clearfix\"><\/div>\n\t\t\t\t\n\t\t\t\t\t\t\t\t\n\t\t\t\t\t<a\n\t\t\t\t\t\thref=\"#\"\n\t\t\t\t\t\tclass=\"button-plus content-toggler\"\n\t\t\t\t\t\tdata-initialtext=\"Les mer\"\n\t\t\t\t\t\tdata-toggletext=\"Les mindre\"\n\t\t\t\t\t\tdata-target=\"ic-hidden-block_171f1bcb39b6e0be70ea717adea5a66a\"\n\t\t\t\t\t\trole=\"button\"\n\t\t\t\t\t\trel=\"nofollow\"\n\t\t\t\t\t\taria-label=\"\u00c5pne skjult innhold\"\n\t\t\t\t\t\taria-expanded=\"false\">\n\t\t\t\t\t\t<span>Les mer<\/span>\n\t\t\t\t\t\t<span class=\"icon icon-plus\"><\/span>\n\t\t\t\t\t<\/a>\n\t\t\t\t\n\t\t\t<\/div>\n\n\t\t\t<div class=\"cell small-12 medium-5 image\">\n\t\t\t\t<img loading=\"lazy\" decoding=\"async\" width=\"502\" height=\"335\" src=\"https:\/\/elsikkerhetsportalen.no\/lede\/wp-content\/uploads\/sites\/10\/2021\/04\/overspenningsvern-502x335.jpg\" class=\"attachment-image-content size-image-content\" alt=\"Bilde viser et overspenningsvern som er i orden\" srcset=\"https:\/\/elsikkerhetsportalen.no\/lede\/wp-content\/uploads\/sites\/10\/2021\/04\/overspenningsvern-502x335.jpg 502w, https:\/\/elsikkerhetsportalen.no\/lede\/wp-content\/uploads\/sites\/10\/2021\/04\/overspenningsvern-300x200.jpg 300w, https:\/\/elsikkerhetsportalen.no\/lede\/wp-content\/uploads\/sites\/10\/2021\/04\/overspenningsvern.jpg 600w\" sizes=\"auto, (max-width: 502px) 100vw, 502px\" \/>\n\t\t\t<\/div>\n\n\t\t<\/div>\n\n\t\t\t\t\t\t<div class=\"grid-x grid-padding-x hidden-more-content\" aria-expanded=\"false\" aria-hidden=\"true\" id=\"ic-hidden-block_171f1bcb39b6e0be70ea717adea5a66a\">\n\t\t\t<div class=\"cell small-12 medium-7 content\">\n\t\t\t\t<article>\n\t\t\t\t<p>N\u00e5r &#8220;overspenningsvern&#8221; omtales, menes som regel den enheten som sitter inne i sikringsskapet ditt og beskytter anlegget mot uventede spenningsendringer. Vernet skal f\u00f8re overspenningene til jord i stedet for at de fortsetter innover i installasjonen (ledningene i boligen) og for\u00e5rsaker skade\/svekkelser som igjen kan f\u00f8re til brann.<\/p>\n<p>I 2010 ble det innf\u00f8rt et absolutt krav om at alle elektriske anlegg skulle beskyttes med overspenningsvern, men det har ikke tilbakevirkende kraft. De fleste eldre anlegg har derfor ikke beskyttelse. Det er absolutt fornuftig \u00e5 ettermontere dette, og flere forsikringsselskaper tilbyr rabatt p\u00e5 boligforsikringen dersom du har overspenningsvern.<\/p>\n<h3>Sjekk overspenningsvernet jevnlig<\/h3><p>Et overspenningsvern har patroner som vises i et lite vindu p\u00e5 vernet. De skal v\u00e6re gr\u00f8nnfarget n\u00e5r vernet er intakt. N\u00e5r det er r\u00f8dt, sort eller annen farge enn gr\u00f8nn betyr det at vernet er &#8220;brukt opp&#8221;. Det har ingen betydning om det fremdeles er to gr\u00f8nne &#8220;vinduer&#8221;. N\u00e5r en av patronene er brukt opp, er vernet ikke intakt og beskytter ikke det elektriske anlegget.<\/p>\n<p><iframe loading=\"lazy\" title=\"Ken Uno sjekker overspenningsvern\" width=\"500\" height=\"281\" src=\"https:\/\/www.youtube.com\/embed\/i1FdWfx5F6Q?feature=oembed\" frameborder=\"0\" allow=\"accelerometer; autoplay; clipboard-write; encrypted-media; gyroscope; picture-in-picture; web-share\" referrerpolicy=\"strict-origin-when-cross-origin\" allowfullscreen><\/iframe><\/p>\n<h3>Typer overspenningsvern<\/h3><p><strong>Type 1 (Grovvern):<\/strong> Er et overspenningsvern med\u00a0stor avlederkapasitet. Brukes som oftest i anlegg hvor det monteres lynavleder. Monteres i fordeleren bak overstr\u00f8msvernet slik at koblingsledningen mellom overstr\u00f8msvernet og hovedjordskinnen er sikret av overstr\u00f8msvernet (automatsikring\/smeltesikring). Grovvernet skal beskytte installasjonen mot umiddelbare eller langsiktige skadevirkninger og gir ikke alltid tilstrekkelig beskyttelse av \u00f8mfintlig elektronisk utstyr. Type 1 er ogs\u00e5 kjent som grovvern\/prim\u00e6rvern.\u200b\u200b\u00a0Beskytter mot 10\/350 \u00b5s impulsstr\u00f8m.<\/p>\n<p><strong>Type 2 (Mellomvern):<\/strong> Er et vern med normal avlederkapasitet. Denne beskytter mot indirekte effekt av lyn og koblingsoverspenninger. Brukes som hovedvern i omr\u00e5der med liten hyppighet av overspenninger, eller som mellomvern etter et hovedvern. Brukes til IT- og TN-nett. Type 2 er det vernet som oftest benyttes som beskyttelse i normale installasjoner. Beskytter mot 8\/20 \u00b5s impulsstr\u00f8m.<\/p>\n<p><strong>Type 3 (Finvern)<\/strong>: Er et vern \u00a0med lav avlederkapasitet. Monteres s\u00e5 n\u00e6r som mulig det utstyret som skal beskyttes. Finvernet skal beskytte utstyr mot \u00e5 bli \u00f8delagt av overspenningspulser og brukes ofte i forbindelse med elektronisk utstyr. Finvern kalles ogs\u00e5 sekund\u00e6rvern. Det skal alltid v\u00e6re forankoblet et mellomvern i anlegget f\u00f8r finvern kan benyttes. Beskytter mot 8\/20 \u00b5s impulsstr\u00f8m.<\/p>\n<p><strong>Type 1+2 (Grovvern og Mellomvern):\u00a0<\/strong>Er et kombinert lyn- og overspenningsvern som oftest brukes i anlegg der det er montert lynavleder. Denne kan monteres p\u00e5 hovedinntaket eller i hovedtavle. Disse klarer direkte lynnedslag med en\u00a010\/350 \u00b5s impulsstr\u00f8m og tar ogs\u00e5 unna de verste restspenningen. Velger man et Type 1+2 lyn- og overspenningsvern, trenger man kun en Type 3\/ Finvern for best mulig beskyttelse. Har man underfordelinger med mer enn 10m strekk, skal disse beskyttes med et rent Type 2 overspenningsvern.<\/p>\n<p>Et overspenningsvern i sikringsskapet gir ikke n\u00f8dvendigvis beskyttelse utstyr tilkoblet anlegget som TV, dekoder, radio, PC, modem, fryser, kj\u00f8leskap etc. <strong>Vi anbefaler at du trekker ut st\u00f8pselet <\/strong>av disse apparatene hvis det brygger opp til tordenv\u00e6r, eller n\u00e5r du reiser p\u00e5 ferie. Det kan ogs\u00e5 v\u00e6re smart \u00e5 sette i finvern til de apparatene, men det krever at overspenningsvernet i sikringsskapet er montert.<\/p>\n\t\t\t\t<\/article>\n\t\t\t<\/div>\n\n\t\t\t<div class=\"cell small-12 medium-5 image\">\n\t\t\t\t\t\t\t<\/div>\n\t\t<\/div>\n\t\t\n\t<\/div>\n<\/section>\n\n\n\n<section id=\"image-content-block_4639996ce2875f1ff9ef1691da38bdf8\" class=\"block-section image-content light has-more-content  align-full\">\n\t<div class=\"grid-container\" id=\"scrollToMe-sjekk-overspenningsvernet\">\n\n\t\t<div class=\"grid-x grid-padding-x\">\n\n\t\t\t<div class=\"cell small-12 medium-7 content\">\n\t\t\t\t\t\t\t\t\t<h2 class=\"section-title\">Sjekk overspenningsvernet<\/h2>\n\t\t\t\t\n\t\t\t\t\t\t\t\t\t<article><p>Et overspenningsvern tar st\u00f8yten n\u00e5r det kommer plutselige spenningstopper, som fra lynnedslag, koblingsfeil fra nettselskapet, industriell st\u00f8y eller store maskiner som sl\u00e5r inn\/ut. Det &#8220;ofrer&#8221; seg hver gang det tar i mot st\u00f8t. Det slites ned, og derfor m\u00e5 du sjekke tilstanden jevnlig. Klikk p\u00e5 Les mer for \u00e5 se hvordan du sjekker overspenningsvernet.<\/p>\n<\/article>\n\t\t\t\t\n\t\t\t\t\t\t\t\t<div class=\"clearfix\"><\/div>\n\t\t\t\t\n\t\t\t\t\t\t\t\t\n\t\t\t\t\t<a\n\t\t\t\t\t\thref=\"#\"\n\t\t\t\t\t\tclass=\"button-plus content-toggler\"\n\t\t\t\t\t\tdata-initialtext=\"Les mer\"\n\t\t\t\t\t\tdata-toggletext=\"Les mindre\"\n\t\t\t\t\t\tdata-target=\"ic-hidden-block_4639996ce2875f1ff9ef1691da38bdf8\"\n\t\t\t\t\t\trole=\"button\"\n\t\t\t\t\t\trel=\"nofollow\"\n\t\t\t\t\t\taria-label=\"\u00c5pne skjult innhold\"\n\t\t\t\t\t\taria-expanded=\"false\">\n\t\t\t\t\t\t<span>Les mer<\/span>\n\t\t\t\t\t\t<span class=\"icon icon-plus\"><\/span>\n\t\t\t\t\t<\/a>\n\t\t\t\t\n\t\t\t<\/div>\n\n\t\t\t<div class=\"cell small-12 medium-5 image\">\n\t\t\t\t<img loading=\"lazy\" decoding=\"async\" width=\"502\" height=\"335\" src=\"https:\/\/elsikkerhetsportalen.no\/lede\/wp-content\/uploads\/2025\/04\/Ken-Uno-overspenningsvern-502x335.jpg\" class=\"attachment-image-content size-image-content\" alt=\"Bilde av Ken Uno. Han hjelper deg med hvordan du sjekker overspenningsvernet\" srcset=\"https:\/\/elsikkerhetsportalen.no\/lede\/wp-content\/uploads\/2025\/04\/Ken-Uno-overspenningsvern-502x335.jpg 502w, https:\/\/elsikkerhetsportalen.no\/lede\/wp-content\/uploads\/2025\/04\/Ken-Uno-overspenningsvern-300x200.jpg 300w, https:\/\/elsikkerhetsportalen.no\/lede\/wp-content\/uploads\/2025\/04\/Ken-Uno-overspenningsvern.jpg 600w\" sizes=\"auto, (max-width: 502px) 100vw, 502px\" \/>\n\t\t\t<\/div>\n\n\t\t<\/div>\n\n\t\t\t\t\t\t<div class=\"grid-x grid-padding-x hidden-more-content\" aria-expanded=\"false\" aria-hidden=\"true\" id=\"ic-hidden-block_4639996ce2875f1ff9ef1691da38bdf8\">\n\t\t\t<div class=\"cell small-12 medium-7 content\">\n\t\t\t\t<article>\n\t\t\t\t<p><iframe loading=\"lazy\" title=\"Ken Uno sjekker overspenningsvern\" width=\"500\" height=\"281\" src=\"https:\/\/www.youtube.com\/embed\/i1FdWfx5F6Q?feature=oembed\" frameborder=\"0\" allow=\"accelerometer; autoplay; clipboard-write; encrypted-media; gyroscope; picture-in-picture; web-share\" referrerpolicy=\"strict-origin-when-cross-origin\" allowfullscreen><\/iframe><\/p>\n\t\t\t\t<\/article>\n\t\t\t<\/div>\n\n\t\t\t<div class=\"cell small-12 medium-5 image\">\n\t\t\t\t\t\t\t<\/div>\n\t\t<\/div>\n\t\t\n\t<\/div>\n<\/section>\n\n\n\n<section id=\"image-content-block_589b890af3e6365f82012d228745cd49\" class=\"block-section image-content dark has-more-content  align-full\">\n\t<div class=\"grid-container\" id=\"scrollToMe-beskyttelse-av-elektrisk-utstyr\">\n\n\t\t<div class=\"grid-x grid-padding-x\">\n\n\t\t\t<div class=\"cell small-12 medium-7 content\">\n\t\t\t\t\t\t\t\t\t<h2 class=\"section-title\">Beskyttelse av elektrisk utstyr<\/h2>\n\t\t\t\t\n\t\t\t\t\t\t\t\t\t<article><p>Du kan bruke et finvern for \u00e5 beskytte det elektriske utstyret ditt mot siste rest av overspenninger.<\/p>\n<\/article>\n\t\t\t\t\n\t\t\t\t\t\t\t\t<div class=\"clearfix\"><\/div>\n\t\t\t\t\n\t\t\t\t\t\t\t\t\n\t\t\t\t\t<a\n\t\t\t\t\t\thref=\"#\"\n\t\t\t\t\t\tclass=\"button-plus content-toggler\"\n\t\t\t\t\t\tdata-initialtext=\"Les mer\"\n\t\t\t\t\t\tdata-toggletext=\"Les mindre\"\n\t\t\t\t\t\tdata-target=\"ic-hidden-block_589b890af3e6365f82012d228745cd49\"\n\t\t\t\t\t\trole=\"button\"\n\t\t\t\t\t\trel=\"nofollow\"\n\t\t\t\t\t\taria-label=\"\u00c5pne skjult innhold\"\n\t\t\t\t\t\taria-expanded=\"false\">\n\t\t\t\t\t\t<span>Les mer<\/span>\n\t\t\t\t\t\t<span class=\"icon icon-plus\"><\/span>\n\t\t\t\t\t<\/a>\n\t\t\t\t\n\t\t\t<\/div>\n\n\t\t\t<div class=\"cell small-12 medium-5 image\">\n\t\t\t\t<img loading=\"lazy\" decoding=\"async\" width=\"502\" height=\"335\" src=\"https:\/\/elsikkerhetsportalen.no\/lede\/wp-content\/uploads\/2022\/07\/Finvern-600x400-1-502x335.jpg\" class=\"attachment-image-content size-image-content\" alt=\"Bilde viser tilkoblet finvern\" srcset=\"https:\/\/elsikkerhetsportalen.no\/lede\/wp-content\/uploads\/2022\/07\/Finvern-600x400-1-502x335.jpg 502w, https:\/\/elsikkerhetsportalen.no\/lede\/wp-content\/uploads\/2022\/07\/Finvern-600x400-1-300x200.jpg 300w, https:\/\/elsikkerhetsportalen.no\/lede\/wp-content\/uploads\/2022\/07\/Finvern-600x400-1-1024x683.jpg 1024w, https:\/\/elsikkerhetsportalen.no\/lede\/wp-content\/uploads\/2022\/07\/Finvern-600x400-1-768x512.jpg 768w, https:\/\/elsikkerhetsportalen.no\/lede\/wp-content\/uploads\/2022\/07\/Finvern-600x400-1-1536x1024.jpg 1536w, https:\/\/elsikkerhetsportalen.no\/lede\/wp-content\/uploads\/2022\/07\/Finvern-600x400-1-2048x1365.jpg 2048w\" sizes=\"auto, (max-width: 502px) 100vw, 502px\" \/>\n\t\t\t<\/div>\n\n\t\t<\/div>\n\n\t\t\t\t\t\t<div class=\"grid-x grid-padding-x hidden-more-content\" aria-expanded=\"false\" aria-hidden=\"true\" id=\"ic-hidden-block_589b890af3e6365f82012d228745cd49\">\n\t\t\t<div class=\"cell small-12 medium-7 content\">\n\t\t\t\t<article>\n\t\t\t\t<p>Ekstra overspenningsvern ute i det elektriske anlegget kalles finvern. De kan plugges inn i stikkontakten eller monteres som en del av den faste installasjonen. De m\u00e5 plasseres i umiddelbar n\u00e6rhet av det utstyret som skal beskyttes. Finvernet beskytter mot siste rest av overspenninger som overspenningsvernet i sikringsskapet kan slippe gjennom.<\/p>\n<p>Finvern er en rimelig og enkel beskyttelse. Det finnes b\u00e5de som fastmontert og pluggbart. Finvern kan ikke brukes alene, kun i tillegg til mellomvern (overspenningsvernet i sikringsskapet).<\/p>\n<p>Godkjente finvern (T3) i IT-nett skal ha beskyttelse i b\u00e5de fase\/jord og fase\/fase, og beskytter dermed elektronikk fra restspenning og indusert fase\/fase-spenning.<\/p>\n<p>Det finnes et stort utvalg av pluggbare overspenningsvern p\u00e5 markedet. V\u00e6r oppmerksom p\u00e5 at finvernprodukter kan v\u00e6re produsert for TN-nett og ikke oppfyller sikkerheten i norske IT-nett. For \u00e5 finne ut hvordan du kan beskytte ditt anlegg og utstyr mot overspenninger, b\u00f8r du s\u00f8ke r\u00e5d hos en elektriker. Da f\u00e5r du ulike overspenningsvern som passer sammen og gir best mulig beskyttelse.<\/p>\n<a class=\"link link--underlined\" href=\"https:\/\/elvirksomhetsregisteret.dsb.no\/elreg-ui\/\" target=\"_blank\">Finn elektriker<\/a>\t\t\t\t<\/article>\n\t\t\t<\/div>\n\n\t\t\t<div class=\"cell small-12 medium-5 image\">\n\t\t\t\t\t\t\t<\/div>\n\t\t<\/div>\n\t\t\n\t<\/div>\n<\/section>\n\n\n\n<section class=\"block-section post-cards\">\n\t<div class=\"grid-container\">\n\n        <div class=\"grid-x grid-margin-x section-title-wrapper\">\n            <div class=\"cell small-12 medium-6\">\n                                    <h1 class=\"section-title\">Vi anbefaler<\/h1>\n                            <\/div>\n\n                    <\/div>\n\n        <div class=\"grid-x grid-margin-x cards-wrapper\">\n                                                                    <a href=\"https:\/\/elsikkerhetsportalen.no\/lede\/beskytt-hjemmet-fra-lynskader\/\" class=\"link-card cell small-12 medium-6\">\n    <article>\n        <div class=\"content\">\n            <h3 class=\"title\">Beskytt hjemmet fra lynskader<\/h3>\n            <p class=\"excerpt\">Lyner og tordner det der du bor, b\u00f8r du trekke ut st\u00f8pslene til alt elektrisk&#8230;<\/p>\n        <\/div>\n        <span class=\"icon icon-arrow-right\"><\/span>\n    <\/article>\n<\/a>                    \n                                                        <a href=\"https:\/\/elsikkerhetsportalen.no\/lede\/elbransjen\/bolignormen\/\" class=\"link-card cell small-12 medium-6\">\n    <article>\n        <div class=\"content\">\n            <h3 class=\"title\">Bolignormen<\/h3>\n            <p class=\"excerpt\"><\/p>\n        <\/div>\n        <span class=\"icon icon-arrow-right\"><\/span>\n    <\/article>\n<\/a>                    \n                                                    <\/div>\n\n    <\/div>\n<\/section>","protected":false},"excerpt":{"rendered":"","protected":false},"author":1,"featured_media":929,"parent":8,"menu_order":2,"comment_status":"closed","ping_status":"closed","template":"","meta":{"_acf_changed":false,"footnotes":""},"class_list":["post-19","page","type-page","status-publish","has-post-thumbnail","hentry"],"acf":[],"_links":{"self":[{"href":"https:\/\/elsikkerhetsportalen.no\/lede\/wp-json\/wp\/v2\/pages\/19","targetHints":{"allow":["GET"]}}],"collection":[{"href":"https:\/\/elsikkerhetsportalen.no\/lede\/wp-json\/wp\/v2\/pages"}],"about":[{"href":"https:\/\/elsikkerhetsportalen.no\/lede\/wp-json\/wp\/v2\/types\/page"}],"author":[{"embeddable":true,"href":"https:\/\/elsikkerhetsportalen.no\/lede\/wp-json\/wp\/v2\/users\/1"}],"replies":[{"embeddable":true,"href":"https:\/\/elsikkerhetsportalen.no\/lede\/wp-json\/wp\/v2\/comments?post=19"}],"version-history":[{"count":0,"href":"https:\/\/elsikkerhetsportalen.no\/lede\/wp-json\/wp\/v2\/pages\/19\/revisions"}],"up":[{"embeddable":true,"href":"https:\/\/elsikkerhetsportalen.no\/lede\/wp-json\/wp\/v2\/pages\/8"}],"wp:featuredmedia":[{"embeddable":true,"href":"https:\/\/elsikkerhetsportalen.no\/lede\/wp-json\/wp\/v2\/media\/929"}],"wp:attachment":[{"href":"https:\/\/elsikkerhetsportalen.no\/lede\/wp-json\/wp\/v2\/media?parent=19"}],"curies":[{"name":"wp","href":"https:\/\/api.w.org\/{rel}","templated":true}]}}