{"id":23,"date":"2021-02-03T21:30:22","date_gmt":"2021-02-03T21:30:22","guid":{"rendered":"http:\/\/elsikkerhetsportalen.no\/lede\/?page_id=23"},"modified":"2024-09-25T10:06:14","modified_gmt":"2024-09-25T10:06:14","slug":"samsvarserklaering","status":"publish","type":"page","link":"https:\/\/elsikkerhetsportalen.no\/lede\/samsvarserklaering\/","title":{"rendered":"Samsvarserkl\u00e6ring"},"content":{"rendered":"\n<h1 class=\"wp-block-heading\">Samsvarserkl\u00e6ring og dokumentasjon<\/h1>\n\n\n\n<h4 class=\"wp-block-heading\"><strong>Samsvarserkl\u00e6ringen er en garanti av et bygg om at alt elektrisk arbeid er utf\u00f8rt i tr\u00e5d med gjeldende sikkerhetskrav. Dette dokumentet skal f\u00f8lge boligen og v\u00e6re tilgjengelig ved kj\u00f8p og salg for \u00e5 sikre alt elektrisk arbeid er riktig dokumentert.<\/strong><\/h4>\n\n\n\n<h3 class=\"wp-block-heading\">Samsvarserkl\u00e6ringen skal inneholde f\u00f8lgende opplysninger:<\/h3>\n\n\n<div class=\"wp-block-image\">\n<figure class=\"alignright size-full is-resized\"><a href=\"https:\/\/elsikkerhetsportalen.no\/lede\/wp-content\/uploads\/sites\/10\/2024\/09\/samsvarserklaering-screen.png\"><img loading=\"lazy\" decoding=\"async\" width=\"579\" height=\"371\" src=\"https:\/\/elsikkerhetsportalen.no\/lede\/wp-content\/uploads\/sites\/10\/2024\/09\/samsvarserklaering-screen.png\" alt=\"\" class=\"wp-image-1442\" style=\"width:312px;height:208px\" srcset=\"https:\/\/elsikkerhetsportalen.no\/lede\/wp-content\/uploads\/sites\/10\/2024\/09\/samsvarserklaering-screen.png 579w, https:\/\/elsikkerhetsportalen.no\/lede\/wp-content\/uploads\/sites\/10\/2024\/09\/samsvarserklaering-screen-300x192.png 300w, https:\/\/elsikkerhetsportalen.no\/lede\/wp-content\/uploads\/sites\/10\/2024\/09\/samsvarserklaering-screen-502x322.png 502w\" sizes=\"auto, (max-width: 579px) 100vw, 579px\" \/><\/a><\/figure>\n<\/div>\n\n\n<ul class=\"wp-block-list\">\n<li>Anleggsadresse<\/li>\n\n\n\n<li>Hvilken installasjonsvirksomhet som har utf\u00f8rt arbeidet.<\/li>\n\n\n\n<li>Om arbeidene gjelder nyanlegg, utvidelse eller endring av det elektriske anlegget.<\/li>\n\n\n\n<li>En beskrivelse av hva som er gjort.<\/li>\n\n\n\n<li>Hvilke normer og spesifikasjoner som ligger til grunn for arbeidet.<\/li>\n\n\n\n<li>En erkl\u00e6ring om at de utf\u00f8rte arbeidene oppfyller forskriftens sikkerhetskrav.<\/li>\n\n\n\n<li>Dato, navn og underskrift til ansvarlig eller bemyndiget person i installasjonsvirksomheten.<\/li>\n<\/ul>\n\n\n\n<p>Kravet om samsvarserkl\u00e6ring er hjemlet i <a href=\"http:\/\/lovdata.no\/for\/sf\/jd\/td-19981106-1060-004.html#12\" target=\"_blank\" rel=\"noreferrer noopener\">Forskrift om elektriske lavspenningsanlegg \u00a7\u00a712-13<\/a><\/p>\n\n\n\n<h3 class=\"wp-block-heading\">Boligdokumentasjonen 5 elsikre<\/h3>\n\n\n\n<p>5 sikre er en &#8220;verkt\u00f8ykasse&#8221; for utarbeidelse av en standard boligdokumentasjon som tilfredsstiller gjeldende krav:<\/p>\n\n\n\n<ol class=\"wp-block-list\">\n<li>Risikovurdering<\/li>\n\n\n\n<li>Samsvarserkl\u00e6ring<\/li>\n\n\n\n<li>Sluttkontroll<\/li>\n\n\n\n<li>Kursfortegnelse<\/li>\n\n\n\n<li>Utstyrdokumentasjon<\/li>\n<\/ol>\n\n\n\n<ol class=\"wp-block-list\">\n<li><strong>Rapport fra risikovurdering\u00a0<\/strong>er en\u00a0beskrivelse av hvilke forutsetninger som ligger til grunn for prosjektering og utf\u00f8relse av arbeidene. Rapporten skal i tillegg beskrive spesielle forhold ved installasjonen og begrunne eventuelle avvik fra normal praksis og anvendte normer. Krav til \u00e5 gjennomf\u00f8re risikovurdering finnes i Forskrift om elektriske lavspenningsanlegg \u00a7 16.<\/li>\n\n\n\n<li><strong>Samsvarserkl\u00e6ring <\/strong>skal ihht. fel \u00a7 12 alltid overleveres eier av anlegg f\u00f8r det tas i bruk. Den viser at anlegget er i samsvar med sikkerhetskravene i fel.<\/li>\n\n\n\n<li><strong>Rapport fra sluttkontroll<\/strong>&nbsp;er dokumentasjon p\u00e5 at de utf\u00f8rte installasjonsarbeidene er kontrollert visuelt og&nbsp;gjennom m\u00e5linger og tester.<\/li>\n\n\n\n<li><strong>Kursfortegnelse i sikringsskapet<\/strong>\u00a0er en beskrivelse\u00a0av hvilke deler av anlegget de ulike kursene forsyner. Det skal\u00a0opplyses om\u00a0tekniske spesifikasjoner for kursene\u00a0slik som\u00a0f.eks.\u00a0anvendte sikringsst\u00f8rrelser, ledningstverrsnitt etc.<\/li>\n\n\n\n<li><strong>Utstyrsdokumentasjon\u00a0<\/strong>kan v\u00e6re montasje- og brukerveiledninger p\u00e5 det utstyret og materiellet som er benyttet i anlegget\u00a0som f.eks.\u00a0termostater, varmeovner og lamper. For st\u00f8rre anlegg kan det v\u00e6re n\u00f8dvendig med tavledokumentasjon, installasjonstegninger, dokumentasjon p\u00e5 jordingsanlegg etc.\n<ul class=\"wp-block-list\">\n<li><strong>Dokumentasjon p\u00e5 skjulte oppvarmingssystemer\u00a0<\/strong>inkluderer varmekabler og varmefolie. Dokumentasjonen skal inneholde teknisk informasjon om varmelementene, plassering av\u00a0disse og en brukerveiledning for oppvarmingssystemet.<\/li>\n\n\n\n<li><strong>Dokumentasjon p\u00e5 lavvolt innfelt belysning&nbsp;<\/strong>inkluderer informasjon om plassering av transformatorer.<\/li>\n<\/ul>\n<\/li>\n<\/ol>\n\n\n\n<section id=\"download-list-block_19a01477c14b12a91fe47fd479f12987\" class=\"block-section download-list dark  align-full\">\n\t<div class=\"grid-container\">\n\t\t<div class=\"grid-x grid-padding-x\">\n\n\t\t\t<div class=\"cell small-12 medium-6 large-5 title-wrapper\">\n\t\t\t\t\t\t\t\t\t<h2 class=\"title\">Last ned 5 sikre dokumenter<\/h2>\n\t\t\t\t\t\t\t<\/div>\n\n\t\t\t<div class=\"cell small-12 medium-5 large-4 large-offset-1 downloads-wrapper\">\n\n\t\t\t\t\t\t\t\t\t<ul>\n\t\t\t\t\t\t\t\t\t\t\t\n\t\t\t\t\t\t\n\t\t\t\t\t\t\t\t\t\t\t\t\t<li>\n\n\t\t\t\t\t\t\t\t\t\t\t\t\t\t\t<a href=\"\" class=\"link\" download>\n\t\t\t\t\t\t\t\t\t<span class=\"str\">Rapport fra risikovurdering<\/span>\n\t\t\t\t\t\t\t\t\t<span class=\"icon icon-download\"><\/span>\n\t\t\t\t\t\t\t\t<\/a>\n\n\t\t\t\t\t\t\t\n\t\t\t\t\t\t\t<\/li>\n\t\t\t\t\t\t\n\t\t\t\t\t\t\t\t\t\t\t\n\t\t\t\t\t\t\n\t\t\t\t\t\t\t\t\t\t\t\t\t<li>\n\n\t\t\t\t\t\t\t\t\t\t\t\t\t\t\t<a href=\"\" class=\"link\" download>\n\t\t\t\t\t\t\t\t\t<span class=\"str\">Sjekkliste for risikovurdering<\/span>\n\t\t\t\t\t\t\t\t\t<span class=\"icon icon-download\"><\/span>\n\t\t\t\t\t\t\t\t<\/a>\n\n\t\t\t\t\t\t\t\n\t\t\t\t\t\t\t<\/li>\n\t\t\t\t\t\t\n\t\t\t\t\t\t\t\t\t\t\t\n\t\t\t\t\t\t\n\t\t\t\t\t\t\t\t\t\t\t\t\t<li>\n\n\t\t\t\t\t\t\t\t\t\t\t\t\t\t\t<a href=\"\" class=\"link\" download>\n\t\t\t\t\t\t\t\t\t<span class=\"str\">Standard kursfortegnelse<\/span>\n\t\t\t\t\t\t\t\t\t<span class=\"icon icon-download\"><\/span>\n\t\t\t\t\t\t\t\t<\/a>\n\n\t\t\t\t\t\t\t\n\t\t\t\t\t\t\t<\/li>\n\t\t\t\t\t\t\n\t\t\t\t\t\t\t\t\t\t\t\n\t\t\t\t\t\t\n\t\t\t\t\t\t\t\t\t\t\t\t\t<li>\n\n\t\t\t\t\t\t\t\t\t\t\t\t\t\t\t<a href=\"\" class=\"link\" download>\n\t\t\t\t\t\t\t\t\t<span class=\"str\">Rapport fra sluttkontroll<\/span>\n\t\t\t\t\t\t\t\t\t<span class=\"icon icon-download\"><\/span>\n\t\t\t\t\t\t\t\t<\/a>\n\n\t\t\t\t\t\t\t\n\t\t\t\t\t\t\t<\/li>\n\t\t\t\t\t\t\n\t\t\t\t\t\t\t\t\t\t\t\n\t\t\t\t\t\t\n\t\t\t\t\t\t\t\t\t\t\t\t\t<li>\n\n\t\t\t\t\t\t\t\t\t\t\t\t\t\t\t<a href=\"\" class=\"link\" download>\n\t\t\t\t\t\t\t\t\t<span class=\"str\">Samsvarserkl\u00e6ring<\/span>\n\t\t\t\t\t\t\t\t\t<span class=\"icon icon-download\"><\/span>\n\t\t\t\t\t\t\t\t<\/a>\n\n\t\t\t\t\t\t\t\n\t\t\t\t\t\t\t<\/li>\n\t\t\t\t\t\t\n\t\t\t\t\t\t\t\t\t\t<\/ul>\n\t\t\t\t\n\t\t\t<\/div>\n\n\t\t<\/div>\n\t<\/div>\n<\/section>\n\n\n<section class=\"block-section post-cards\">\n\t<div class=\"grid-container\">\n\n        <div class=\"grid-x grid-margin-x section-title-wrapper\">\n            <div class=\"cell small-12 medium-6\">\n                                    <h1 class=\"section-title\">Vi anbefaler<\/h1>\n                            <\/div>\n\n                    <\/div>\n\n        <div class=\"grid-x grid-margin-x cards-wrapper\">\n                                                                    <a href=\"https:\/\/elsikkerhetsportalen.no\/lede\/dle\/tilsyn-med-boliger\/\" class=\"link-card cell small-12 medium-6\">\n    <article>\n        <div class=\"content\">\n            <h3 class=\"title\">Tilsyn med boliger<\/h3>\n            <p class=\"excerpt\"><\/p>\n        <\/div>\n        <span class=\"icon icon-arrow-right\"><\/span>\n    <\/article>\n<\/a>                    \n                                                        <a href=\"https:\/\/elsikkerhetsportalen.no\/lede\/faq\/oppbevaring-av-samsvarserklaering-og-dokumentasjon\/\" class=\"link-card cell small-12 medium-6\">\n    <article>\n        <div class=\"content\">\n            <h3 class=\"title\">Oppbevaring av samsvarserkl\u00e6ring og dokumentasjon<\/h3>\n            <p class=\"excerpt\">Eier av anlegget plikter til enhver tid \u00e5 bevare samsvarserkl\u00e6ringer og dokumentasjon helt til anlegget&#8230;<\/p>\n        <\/div>\n        <span class=\"icon icon-arrow-right\"><\/span>\n    <\/article>\n<\/a>                    \n                                                    <\/div>\n\n    <\/div>\n<\/section>","protected":false},"excerpt":{"rendered":"<p>Samsvarserkl\u00e6ring og dokumentasjon Samsvarserkl\u00e6ringen er en garanti av et bygg om at alt elektrisk arbeid er utf\u00f8rt i tr\u00e5d med gjeldende sikkerhetskrav. Dette dokumentet skal f\u00f8lge boligen og v\u00e6re tilgjengelig ved kj\u00f8p og salg for \u00e5 sikre alt elektrisk arbeid er riktig dokumentert. Samsvarserkl\u00e6ringen skal inneholde f\u00f8lgende opplysninger: Kravet om samsvarserkl\u00e6ring er hjemlet i Forskrift [&hellip;]<\/p>\n","protected":false},"author":4,"featured_media":1441,"parent":0,"menu_order":9,"comment_status":"closed","ping_status":"closed","template":"","meta":{"_acf_changed":false,"footnotes":""},"class_list":["post-23","page","type-page","status-publish","has-post-thumbnail","hentry"],"acf":[],"_links":{"self":[{"href":"https:\/\/elsikkerhetsportalen.no\/lede\/wp-json\/wp\/v2\/pages\/23","targetHints":{"allow":["GET"]}}],"collection":[{"href":"https:\/\/elsikkerhetsportalen.no\/lede\/wp-json\/wp\/v2\/pages"}],"about":[{"href":"https:\/\/elsikkerhetsportalen.no\/lede\/wp-json\/wp\/v2\/types\/page"}],"author":[{"embeddable":true,"href":"https:\/\/elsikkerhetsportalen.no\/lede\/wp-json\/wp\/v2\/users\/4"}],"replies":[{"embeddable":true,"href":"https:\/\/elsikkerhetsportalen.no\/lede\/wp-json\/wp\/v2\/comments?post=23"}],"version-history":[{"count":0,"href":"https:\/\/elsikkerhetsportalen.no\/lede\/wp-json\/wp\/v2\/pages\/23\/revisions"}],"wp:featuredmedia":[{"embeddable":true,"href":"https:\/\/elsikkerhetsportalen.no\/lede\/wp-json\/wp\/v2\/media\/1441"}],"wp:attachment":[{"href":"https:\/\/elsikkerhetsportalen.no\/lede\/wp-json\/wp\/v2\/media?parent=23"}],"curies":[{"name":"wp","href":"https:\/\/api.w.org\/{rel}","templated":true}]}}