{"id":24,"date":"2021-02-03T21:31:38","date_gmt":"2021-02-03T21:31:38","guid":{"rendered":"http:\/\/elsikkerhetsportalen.no\/lede\/?page_id=24"},"modified":"2026-03-11T09:41:18","modified_gmt":"2026-03-11T09:41:18","slug":"kjop-og-bruk-av-elektrisk-utstyr","status":"publish","type":"page","link":"https:\/\/elsikkerhetsportalen.no\/lede\/elektrisk-utstyr\/kjop-og-bruk-av-elektrisk-utstyr\/","title":{"rendered":"Kj\u00f8p og bruk av elektrisk utstyr"},"content":{"rendered":"<section id=\"scrollable-shortcuts-block_c404dd29b015155aa74e4668455b82f6\" class=\"block-section scrollable-shortcuts   align-full\">\n\t<div class=\"grid-container\">\n\t\t<div class=\"grid-x grid-padding-x\">\n\n\t\t\t<header class=\"cell small-12 medium-7\">\n\t\t\t\t\t\t\t\t\t<h1>Kj\u00f8p og bruk av elektrisk utstyr<\/h1>\n\t\t\t\t\n\t\t\t\t\t\t\t\t\t<p class=\"ingress\">For at du skal kunne v\u00e6re trygg i hjemmet ditt, er det viktig at elektrisk utstyr blir brukt riktig og at du kj\u00f8per trygge elektriske produkter. Alle elektriske produkter som omsettes i Norge skal v\u00e6re sikre for mennesker, husdyr og eiendom. Det er produsentens eller import\u00f8rens ansvar at et produkt tilfredsstiller kravene til sikkerhet. Likevel er det viktig at du som forbruker er bevisst p\u00e5 innkj\u00f8p, bruk og vedlikehold av produktene.<\/p>\n\t\t\t\t\n\t\t\t\t\t\t\t\t\t<h2 class=\"shortcuts-title\">Snarveier<span><span class=\"icon icon-arrow-down\"><\/span><\/span><\/h2>\n\t\t\t\t\n\t\t\t\t<nav><ul><li><a href=\"#gode-tips-og-rad\" class=\"link link--underlined\">Gode tips og r\u00e5d<\/a><\/li><li><a href=\"#netthandel\" class=\"link link--underlined\">Netthandel<\/a><\/li><li><a href=\"#gjenbruk-og-bruktkjop\" class=\"link link--underlined\">Bruktkj\u00f8p<\/a><\/li><li><a href=\"#skjoteledninger\" class=\"link link--underlined\">Skj\u00f8teledninger<\/a><\/li><li><a href=\"#bruk-av-elektriske-produkter-utendors\" class=\"link link--underlined\">Elektriske produkter utend\u00f8rs<\/a><\/li><\/ul><\/nav>\t\t\t<\/header>\n\n\t\t<\/div>\n\t<\/div>\n<\/section>\n\n\n\n<section id=\"image-content-block_89fe8780dcb5005fa5f1cd58270a0809\" class=\"block-section image-content light has-more-content  align-full\">\n\t<div class=\"grid-container\" id=\"scrollToMe-gode-tips-og-rad\">\n\n\t\t<div class=\"grid-x grid-padding-x\">\n\n\t\t\t<div class=\"cell small-12 medium-7 content\">\n\t\t\t\t\t\t\t\t\t<h2 class=\"section-title\">Gode tips og r\u00e5d<\/h2>\n\t\t\t\t\n\t\t\t\t\t\t\t\t\t<article><p>Her er noen gode tips \u00e5 f\u00f8lge for \u00e5 ha et elsikkert hjem:<\/p>\n<\/article>\n\t\t\t\t\n\t\t\t\t\t\t\t\t<div class=\"clearfix\"><\/div>\n\t\t\t\t\n\t\t\t\t\t\t\t\t\n\t\t\t\t\t<a\n\t\t\t\t\t\thref=\"#\"\n\t\t\t\t\t\tclass=\"button-plus content-toggler\"\n\t\t\t\t\t\tdata-initialtext=\"Les mer\"\n\t\t\t\t\t\tdata-toggletext=\"Les mindre\"\n\t\t\t\t\t\tdata-target=\"ic-hidden-block_89fe8780dcb5005fa5f1cd58270a0809\"\n\t\t\t\t\t\trole=\"button\"\n\t\t\t\t\t\trel=\"nofollow\"\n\t\t\t\t\t\taria-label=\"\u00c5pne skjult innhold\"\n\t\t\t\t\t\taria-expanded=\"false\">\n\t\t\t\t\t\t<span>Les mer<\/span>\n\t\t\t\t\t\t<span class=\"icon icon-plus\"><\/span>\n\t\t\t\t\t<\/a>\n\t\t\t\t\n\t\t\t<\/div>\n\n\t\t\t<div class=\"cell small-12 medium-5 image\">\n\t\t\t\t<img loading=\"lazy\" decoding=\"async\" width=\"502\" height=\"335\" src=\"https:\/\/elsikkerhetsportalen.no\/lede\/wp-content\/uploads\/sites\/10\/2021\/04\/Kaffetrakter-600x400-1-502x335.jpg\" class=\"attachment-image-content size-image-content\" alt=\"\" srcset=\"https:\/\/elsikkerhetsportalen.no\/lede\/wp-content\/uploads\/sites\/10\/2021\/04\/Kaffetrakter-600x400-1-502x335.jpg 502w, https:\/\/elsikkerhetsportalen.no\/lede\/wp-content\/uploads\/sites\/10\/2021\/04\/Kaffetrakter-600x400-1-300x200.jpg 300w, https:\/\/elsikkerhetsportalen.no\/lede\/wp-content\/uploads\/sites\/10\/2021\/04\/Kaffetrakter-600x400-1.jpg 600w\" sizes=\"auto, (max-width: 502px) 100vw, 502px\" \/>\n\t\t\t<\/div>\n\n\t\t<\/div>\n\n\t\t\t\t\t\t<div class=\"grid-x grid-padding-x hidden-more-content\" aria-expanded=\"false\" aria-hidden=\"true\" id=\"ic-hidden-block_89fe8780dcb5005fa5f1cd58270a0809\">\n\t\t\t<div class=\"cell small-12 medium-7 content\">\n\t\t\t\t<article>\n\t\t\t\t<ul>\n<li>Bruk kun CE-merkede produkter<\/li>\n<li>F\u00f8lg alltid bruksanvisningen p\u00e5 elektriske apparater n\u00e5r det gjelder b\u00e5de bruk og vedlikehold<\/li>\n<li>Sl\u00e5 helt av elektriske apparater som ikke er i bruk. Ikke la dem st\u00e5 i \u00abstandby\u00bb<\/li>\n<li>Trekk alltid ut st\u00f8pselet i termostatstyrte apparater n\u00e5r de ikke er i bruk<\/li>\n<li>Ikke bruk lysp\u00e6rer med st\u00f8rre effekt enn det lampen er beregnet for<\/li>\n<li>Ikke dekk til varmeovnen din<\/li>\n<li>Ikke bruk vaskemaskin, t\u00f8rketrommel eller oppvaskmaskin om natten, eller n\u00e5r ingen er hjemme<\/li>\n<li>Ikke lad mobiltelefonen din p\u00e5 natten<\/li>\n<li>Husk at selv om du kan kj\u00f8pe elektrisk materiell, har du ikke lov til \u00e5 installere alt selv<\/li>\n<li>Ikke alle elektriske produkter er trygge og bruke. Her kan du se hvilke produkter som er tilbakekalt fra markedet<\/li>\n<\/ul>\n<a class=\"link link--underlined\" href=\"https:\/\/elsikkerhetsportalen.no\/lede\/obs\/\" target=\"_self\">G\u00e5 til Utrygge elektriske produkter<\/a>\t\t\t\t<\/article>\n\t\t\t<\/div>\n\n\t\t\t<div class=\"cell small-12 medium-5 image\">\n\t\t\t\t\t\t\t<\/div>\n\t\t<\/div>\n\t\t\n\t<\/div>\n<\/section>\n\n\n\n<section id=\"image-content-block_d802352e1d11a35b2da4a369acd1a685\" class=\"block-section image-content dark has-more-content  align-full\">\n\t<div class=\"grid-container\" id=\"scrollToMe-netthandel\">\n\n\t\t<div class=\"grid-x grid-padding-x\">\n\n\t\t\t<div class=\"cell small-12 medium-7 content\">\n\t\t\t\t\t\t\t\t\t<h2 class=\"section-title\">Netthandel<\/h2>\n\t\t\t\t\n\t\t\t\t\t\t\t\t\t<article><p>P\u00e5 nettet finner man mye spennende, men skal du handle elektrisk er det best \u00e5 v\u00e6re f\u00f8re var!<\/p>\n<\/article>\n\t\t\t\t\n\t\t\t\t\t\t\t\t<div class=\"clearfix\"><\/div>\n\t\t\t\t\n\t\t\t\t\t\t\t\t\n\t\t\t\t\t<a\n\t\t\t\t\t\thref=\"#\"\n\t\t\t\t\t\tclass=\"button-plus content-toggler\"\n\t\t\t\t\t\tdata-initialtext=\"Les mer\"\n\t\t\t\t\t\tdata-toggletext=\"Les mindre\"\n\t\t\t\t\t\tdata-target=\"ic-hidden-block_d802352e1d11a35b2da4a369acd1a685\"\n\t\t\t\t\t\trole=\"button\"\n\t\t\t\t\t\trel=\"nofollow\"\n\t\t\t\t\t\taria-label=\"\u00c5pne skjult innhold\"\n\t\t\t\t\t\taria-expanded=\"false\">\n\t\t\t\t\t\t<span>Les mer<\/span>\n\t\t\t\t\t\t<span class=\"icon icon-plus\"><\/span>\n\t\t\t\t\t<\/a>\n\t\t\t\t\n\t\t\t<\/div>\n\n\t\t\t<div class=\"cell small-12 medium-5 image\">\n\t\t\t\t<img loading=\"lazy\" decoding=\"async\" width=\"502\" height=\"335\" src=\"https:\/\/elsikkerhetsportalen.no\/lede\/wp-content\/uploads\/sites\/10\/2021\/04\/Netthandel-600x400-1-502x335.jpg\" class=\"attachment-image-content size-image-content\" alt=\"\" srcset=\"https:\/\/elsikkerhetsportalen.no\/lede\/wp-content\/uploads\/sites\/10\/2021\/04\/Netthandel-600x400-1-502x335.jpg 502w, https:\/\/elsikkerhetsportalen.no\/lede\/wp-content\/uploads\/sites\/10\/2021\/04\/Netthandel-600x400-1-300x200.jpg 300w, https:\/\/elsikkerhetsportalen.no\/lede\/wp-content\/uploads\/sites\/10\/2021\/04\/Netthandel-600x400-1.jpg 600w\" sizes=\"auto, (max-width: 502px) 100vw, 502px\" \/>\n\t\t\t<\/div>\n\n\t\t<\/div>\n\n\t\t\t\t\t\t<div class=\"grid-x grid-padding-x hidden-more-content\" aria-expanded=\"false\" aria-hidden=\"true\" id=\"ic-hidden-block_d802352e1d11a35b2da4a369acd1a685\">\n\t\t\t<div class=\"cell small-12 medium-7 content\">\n\t\t\t\t<article>\n\t\t\t\t<ul>\n<li>Du f\u00e5r ikke sjekket produktet fysisk f\u00f8r du kj\u00f8per det.<\/li>\n<li>Du\u00a0er import\u00f8r n\u00e5r du handler en vare utenfor\u00a0Norge og f\u00e5r den\u00a0sendt hit.<\/li>\n<li>Reklamasjon kan v\u00e6re en utfordring. Mange av nettbutikkene er sm\u00e5 selskaper\u00a0som ikke er kjent med hvilke krav som gjelder import og salg av elektriske produkter. De har heller ikke mulighet til \u00e5 ha samme kvalitetskontroll p\u00e5\u00a0sine produkter.<\/li>\n<\/ul>\n<p><strong>V\u00e6r kritisk n\u00e5r du handler p\u00e5 nett!\u00a0<\/strong>S\u00f8rg for at dokumentasjon leses f\u00f8r\u00a0du handler, og dette er spesielt viktig\u00a0n\u00e5r du handler utenlands. Du b\u00f8r forsikre deg om at du kj\u00f8per et trygt elektrisk produkt som du har lov til \u00e5 bruke i Norge.<\/p>\n\t\t\t\t<\/article>\n\t\t\t<\/div>\n\n\t\t\t<div class=\"cell small-12 medium-5 image\">\n\t\t\t\t\t\t\t<\/div>\n\t\t<\/div>\n\t\t\n\t<\/div>\n<\/section>\n\n\n\n<section id=\"image-content-block_69e1b3272480c30c3f9c681e9a1f0203\" class=\"block-section image-content light  align-full\">\n\t<div class=\"grid-container\" id=\"scrollToMe-gjenbruk-og-bruktkjop\">\n\n\t\t<div class=\"grid-x grid-padding-x\">\n\n\t\t\t<div class=\"cell small-12 medium-7 content\">\n\t\t\t\t\t\t\t\t\t<h2 class=\"section-title\">Gjenbruk og bruktkj\u00f8p<\/h2>\n\t\t\t\t\n\t\t\t\t\t\t\t\t\t<article><p>Elektrisk utstyr er i utgangspunktet ferskvare med begrenset levetid. Her f\u00e5r du gode r\u00e5d f\u00f8r du tar en gammel lampe eller br\u00f8drister i gjenbruk.<\/p>\n<\/article>\n\t\t\t\t\n\t\t\t\t\t\t<a class=\"link link--underlined\" href=\"https:\/\/elsikkerhetsportalen.no\/lede\/loppisfunn-av-elektrisk-utstyr\/\" target=\"_self\">\n\t\t\tLoppisfunn av elektrisk utstyr\t\t<\/a>\n\t\t\t\t\t<div class=\"clearfix\"><\/div>\n\t\t\t\t\n\t\t\t\t\t\t\t\t\n\t\t\t<\/div>\n\n\t\t\t<div class=\"cell small-12 medium-5 image\">\n\t\t\t\t<img loading=\"lazy\" decoding=\"async\" width=\"502\" height=\"335\" src=\"https:\/\/elsikkerhetsportalen.no\/lede\/wp-content\/uploads\/2022\/07\/gjenbruk-elektriske-produkter-502x335.png\" class=\"attachment-image-content size-image-content\" alt=\"Bilde fra gjenbruksbutikk der det selges elektriske produkter\" srcset=\"https:\/\/elsikkerhetsportalen.no\/lede\/wp-content\/uploads\/2022\/07\/gjenbruk-elektriske-produkter-502x335.png 502w, https:\/\/elsikkerhetsportalen.no\/lede\/wp-content\/uploads\/2022\/07\/gjenbruk-elektriske-produkter-300x200.png 300w, https:\/\/elsikkerhetsportalen.no\/lede\/wp-content\/uploads\/2022\/07\/gjenbruk-elektriske-produkter.png 600w\" sizes=\"auto, (max-width: 502px) 100vw, 502px\" \/>\n\t\t\t<\/div>\n\n\t\t<\/div>\n\n\t\t\t\t\n\t<\/div>\n<\/section>\n\n\n\n\n\n<section id=\"media-gallery-block_9dca4a92b56c254009dce74ee933dfc5\" class=\"block-section faq-accordion light  align-full\">\n\t<div class=\"grid-container\">\n\n\t\t<div class=\"grid-x grid-padding-x\">\n\t\t\t<div class=\"cell small-12 medium-6 large-5 heading-wrapper\">\n\n\t\t\t\t<h2>Ulike klassifiseringer<\/h2>\n\t\t\t<\/div>\n\n\t\t\t<div class=\"cell small-12\">\n\n\t\t\t\t<div class=\"accordion\">\n\n\t\t\t\t\t\t\t\t\t\t\t\t\t\t\t\t\t\t\t\t\t\t\t\t\t\t\t\t\t\t\t\t\t\t<h3 class=\"cell accordion__header\" id=\"679\" data-hash=\"#ce-merking\">\n    <button class=\"accordion__header__button\">\n        CE-merking        <span class=\"icon icon-plus\"><\/span>\n    <\/button>\n<\/h3>\n<div class=\"accordion__content\"  >\n    <div class=\"accordion__content__inner\">\n\t    <p>CE-merket er et tegn p\u00e5 at det dokumenteres at produktet\u00a0oppfyller sikkerhetskravene.\u00a0Det\u00a0gir allikevel\u00a0<strong>ingen garanti for at produktet er sikkert<\/strong>. Det er viktig at forbrukerne ikke oppfatter CE-merket som en garanti for at produktet er sikkert. Merket er kun produsentens egen bekreftelse overfor myndighetene p\u00e5 at selve produksjonen og dokumentasjonen av denne er i henhold til regelverket.<\/p>\n<p>Du kan lese mer om CE-merking hos <a href=\"https:\/\/www.dsb.no\/lover\/produkter-og-forbrukertjenester\/artikler\/fakta-om-ce-merking\/\">DSB.no<\/a>.<\/p>\n<p><img loading=\"lazy\" decoding=\"async\" class=\"alignnone size-medium wp-image-887\" src=\"https:\/\/elsikkerhetsportalen.no\/lede\/wp-content\/uploads\/sites\/10\/2021\/04\/CE-merking-300x200.jpg\" alt=\"\" width=\"300\" height=\"200\" srcset=\"https:\/\/elsikkerhetsportalen.no\/lede\/wp-content\/uploads\/sites\/10\/2021\/04\/CE-merking-300x200.jpg 300w, https:\/\/elsikkerhetsportalen.no\/lede\/wp-content\/uploads\/sites\/10\/2021\/04\/CE-merking-502x335.jpg 502w, https:\/\/elsikkerhetsportalen.no\/lede\/wp-content\/uploads\/sites\/10\/2021\/04\/CE-merking.jpg 600w\" sizes=\"auto, (max-width: 300px) 100vw, 300px\" \/><\/p>\n    <\/div>\n<\/div>\t\t\t\t\t\t\t\t\t\t\t\t\t\t\t\t\t\t\t\t\t\t\t\t<h3 class=\"cell accordion__header\" id=\"681\" data-hash=\"#nemko-godkjenning\">\n    <button class=\"accordion__header__button\">\n        Nemko-godkjenning        <span class=\"icon icon-plus\"><\/span>\n    <\/button>\n<\/h3>\n<div class=\"accordion__content\"  >\n    <div class=\"accordion__content__inner\">\n\t    <p>F\u00f8r ordningen med CE-merking og samsvarserkl\u00e6ring ble innf\u00f8rt i 1991 ble godkjente produkter merket med N (med ring rundt). Selv om godkjenningsordningen ikke lenger er virksom, vil vi i mange tilfeller finne et Nemko-merke. Det er fordi en del produsenter frivillig velger \u00e5 la et laboratorium teste prototypen av utstyret de lager. I enkelte tilfeller f\u00f8lger ogs\u00e5 testhusene opp produksjonen av utstyret som er testet. Dette er et krav fra Nemko for at produktet skal kunne N-merkes.<\/p>\n<p><img loading=\"lazy\" decoding=\"async\" class=\"alignnone size-medium wp-image-888\" src=\"https:\/\/elsikkerhetsportalen.no\/lede\/wp-content\/uploads\/sites\/10\/2021\/04\/Nemko-godkjenning-300x200.jpg\" alt=\"\" width=\"300\" height=\"200\" srcset=\"https:\/\/elsikkerhetsportalen.no\/lede\/wp-content\/uploads\/sites\/10\/2021\/04\/Nemko-godkjenning-300x200.jpg 300w, https:\/\/elsikkerhetsportalen.no\/lede\/wp-content\/uploads\/sites\/10\/2021\/04\/Nemko-godkjenning-502x335.jpg 502w, https:\/\/elsikkerhetsportalen.no\/lede\/wp-content\/uploads\/sites\/10\/2021\/04\/Nemko-godkjenning.jpg 600w\" sizes=\"auto, (max-width: 300px) 100vw, 300px\" \/><\/p>\n    <\/div>\n<\/div>\t\t\t\t\t\t\t\t\t\t\t\t\t\t\t\t\t\t\t\t\t\t\t\t\t\t\n\t\t\t\t<\/div>\n\n\t\t\t<\/div>\n\n\t\t<\/div>\n\n\t<\/div>\n<\/section>\n\n\n<section id=\"image-content-block_9dd327b1e94a84763349932076508151\" class=\"block-section image-content light has-more-content  align-full\">\n\t<div class=\"grid-container\" id=\"scrollToMe-skjoteledninger\">\n\n\t\t<div class=\"grid-x grid-padding-x\">\n\n\t\t\t<div class=\"cell small-12 medium-7 content\">\n\t\t\t\t\t\t\t\t\t<h2 class=\"section-title\">Skj\u00f8teledninger<\/h2>\n\t\t\t\t\n\t\t\t\t\t\t\t\t\t<article><p>Selv om det ikke er ideelt, har de fleste av oss noen skj\u00f8teledninger hjemme. Her viser vi deg hvordan du kan bruke dem tryggest mulig.<\/p>\n<\/article>\n\t\t\t\t\n\t\t\t\t\t\t\t\t<div class=\"clearfix\"><\/div>\n\t\t\t\t\n\t\t\t\t\t\t\t\t\n\t\t\t\t\t<a\n\t\t\t\t\t\thref=\"#\"\n\t\t\t\t\t\tclass=\"button-plus content-toggler\"\n\t\t\t\t\t\tdata-initialtext=\"Les mer\"\n\t\t\t\t\t\tdata-toggletext=\"Les mindre\"\n\t\t\t\t\t\tdata-target=\"ic-hidden-block_9dd327b1e94a84763349932076508151\"\n\t\t\t\t\t\trole=\"button\"\n\t\t\t\t\t\trel=\"nofollow\"\n\t\t\t\t\t\taria-label=\"\u00c5pne skjult innhold\"\n\t\t\t\t\t\taria-expanded=\"false\">\n\t\t\t\t\t\t<span>Les mer<\/span>\n\t\t\t\t\t\t<span class=\"icon icon-plus\"><\/span>\n\t\t\t\t\t<\/a>\n\t\t\t\t\n\t\t\t<\/div>\n\n\t\t\t<div class=\"cell small-12 medium-5 image\">\n\t\t\t\t<img loading=\"lazy\" decoding=\"async\" width=\"502\" height=\"335\" src=\"https:\/\/elsikkerhetsportalen.no\/lede\/wp-content\/uploads\/sites\/10\/2021\/04\/Skjoteledning-502x335.jpg\" class=\"attachment-image-content size-image-content\" alt=\"\" srcset=\"https:\/\/elsikkerhetsportalen.no\/lede\/wp-content\/uploads\/sites\/10\/2021\/04\/Skjoteledning-502x335.jpg 502w, https:\/\/elsikkerhetsportalen.no\/lede\/wp-content\/uploads\/sites\/10\/2021\/04\/Skjoteledning-300x200.jpg 300w, https:\/\/elsikkerhetsportalen.no\/lede\/wp-content\/uploads\/sites\/10\/2021\/04\/Skjoteledning.jpg 600w\" sizes=\"auto, (max-width: 502px) 100vw, 502px\" \/>\n\t\t\t<\/div>\n\n\t\t<\/div>\n\n\t\t\t\t\t\t<div class=\"grid-x grid-padding-x hidden-more-content\" aria-expanded=\"false\" aria-hidden=\"true\" id=\"ic-hidden-block_9dd327b1e94a84763349932076508151\">\n\t\t\t<div class=\"cell small-12 medium-7 content\">\n\t\t\t\t<article>\n\t\t\t\t<p>Her er noen gode r\u00e5d for bruk av skj\u00f8teledning:<\/p>\n<ul>\n<li>Begrens bruken av skj\u00f8teledninger\/skj\u00f8tekontakter til et minimum.<\/li>\n<li>Unng\u00e5 seriekoblinger (flere skj\u00f8teledninger sammen).<\/li>\n<li>Ikke bruk skj\u00f8teledning til varmeovner, hvitevarer (vaskemaskin, t\u00f8rketrommel, ect.) og annet utstyr som bruker mye str\u00f8m.<\/li>\n<li>Bruk skj\u00f8teledning kun til midlertidig bruk!<\/li>\n<li>Ikke trekk skj\u00f8teledninger gjennom vegger, d\u00f8rer eller vinduer.<\/li>\n<\/ul>\n<p>En god tommelfingerregel er at\u00a0<strong>produkter som bruker mer enn 1000 watt skal ikke tilkobles med skj\u00f8teledning<\/strong>. \u00c5rsaken er at stor belastning over tid kan f\u00f8re til varmgang, som igjen kan f\u00f8re til brann. Ta heller kontakt med en elektriker som setter opp ekstra kontakter\u00a0for deg.<\/p>\n<p>M\u00e5 du bruke skj\u00f8teledning til\u00a0<strong>belysning\u00a0<\/strong>utend\u00f8rs for en kort periode, m\u00e5 denne kobles til en\u00a0<strong>jordet stikkontakt<\/strong>. Vanlige skj\u00f8teledninger er ikke lagd for utend\u00f8rs bruk fordi de trekker vann, det er st\u00f8rre fare for slitasje og varmgang. Ved bruk over lengre perioder kan de t\u00f8rke ut og sprekke opp. I beste fall blir de \u00abbare\u00bb \u00f8delagte. I verste fall kan de f\u00f8re til brann.<\/p>\n\t\t\t\t<\/article>\n\t\t\t<\/div>\n\n\t\t\t<div class=\"cell small-12 medium-5 image\">\n\t\t\t\t\t\t\t<\/div>\n\t\t<\/div>\n\t\t\n\t<\/div>\n<\/section>\n\n\n\n<section id=\"image-content-block_798a3d3157a4b976bd9493ae310db16b\" class=\"block-section image-content dark has-more-content  align-full\">\n\t<div class=\"grid-container\" id=\"scrollToMe-bruk-av-elektriske-produkter-utendors\">\n\n\t\t<div class=\"grid-x grid-padding-x\">\n\n\t\t\t<div class=\"cell small-12 medium-7 content\">\n\t\t\t\t\t\t\t\t\t<h2 class=\"section-title\">Bruk av elektriske produkter utend\u00f8rs<\/h2>\n\t\t\t\t\n\t\t\t\t\t\t\t\t\t<article><p>Elektriske produkter som brukes utend\u00f8rs m\u00e5 v\u00e6re mer hardf\u00f8re enn de vi bruker innend\u00f8rs. Vi viser deg hva du m\u00e5 tenke p\u00e5 n\u00e5r du bruker elektrisk produkter ute.<\/p>\n<\/article>\n\t\t\t\t\n\t\t\t\t\t\t\t\t<div class=\"clearfix\"><\/div>\n\t\t\t\t\n\t\t\t\t\t\t\t\t\n\t\t\t\t\t<a\n\t\t\t\t\t\thref=\"#\"\n\t\t\t\t\t\tclass=\"button-plus content-toggler\"\n\t\t\t\t\t\tdata-initialtext=\"Les mer\"\n\t\t\t\t\t\tdata-toggletext=\"Les mindre\"\n\t\t\t\t\t\tdata-target=\"ic-hidden-block_798a3d3157a4b976bd9493ae310db16b\"\n\t\t\t\t\t\trole=\"button\"\n\t\t\t\t\t\trel=\"nofollow\"\n\t\t\t\t\t\taria-label=\"\u00c5pne skjult innhold\"\n\t\t\t\t\t\taria-expanded=\"false\">\n\t\t\t\t\t\t<span>Les mer<\/span>\n\t\t\t\t\t\t<span class=\"icon icon-plus\"><\/span>\n\t\t\t\t\t<\/a>\n\t\t\t\t\n\t\t\t<\/div>\n\n\t\t\t<div class=\"cell small-12 medium-5 image\">\n\t\t\t\t<img loading=\"lazy\" decoding=\"async\" width=\"502\" height=\"335\" src=\"https:\/\/elsikkerhetsportalen.no\/lede\/wp-content\/uploads\/sites\/10\/2021\/04\/Roboklipper-600x400-1-502x335.jpg\" class=\"attachment-image-content size-image-content\" alt=\"\" srcset=\"https:\/\/elsikkerhetsportalen.no\/lede\/wp-content\/uploads\/sites\/10\/2021\/04\/Roboklipper-600x400-1-502x335.jpg 502w, https:\/\/elsikkerhetsportalen.no\/lede\/wp-content\/uploads\/sites\/10\/2021\/04\/Roboklipper-600x400-1-300x200.jpg 300w, https:\/\/elsikkerhetsportalen.no\/lede\/wp-content\/uploads\/sites\/10\/2021\/04\/Roboklipper-600x400-1.jpg 600w\" sizes=\"auto, (max-width: 502px) 100vw, 502px\" \/>\n\t\t\t<\/div>\n\n\t\t<\/div>\n\n\t\t\t\t\t\t<div class=\"grid-x grid-padding-x hidden-more-content\" aria-expanded=\"false\" aria-hidden=\"true\" id=\"ic-hidden-block_798a3d3157a4b976bd9493ae310db16b\">\n\t\t\t<div class=\"cell small-12 medium-7 content\">\n\t\t\t\t<article>\n\t\t\t\t<p>Skj\u00f8teledninger er kanskje en lettvint l\u00f8sning, men skal ikke brukes til store variable laster som for eksempel terrassevarmere, billadere, boblebad, drivhus og lignende. Skj\u00f8teledninger er beregnet for provisorisk og midlertidig bruk innend\u00f8rs.<\/p>\n<p>M\u00e5 du bruke skj\u00f8teledning til belysning utend\u00f8rs for en kort periode, m\u00e5 denne kobles til en jordet stikkontakt. Vanlige skj\u00f8teledninger er ikke lagd for utend\u00f8rs bruk fordi de trekker vann, det er st\u00f8rre fare for slitasje og varmgang. Ved bruk over lengre perioder kan de t\u00f8rke ut og sprekke opp. I beste fall blir de \u00abbare\u00bb \u00f8delagte. I verste fall kan de f\u00f8re til brann. Unng\u00e5 ledningskveiler og seriekobling. Jo lenger ledningen er, jo mindre sjanse er det for at sikringen l\u00f8ses ut ved kortslutning. Dette kan f\u00f8re til at oppheting og branntill\u00f8p.<\/p>\n<h3>Monter flere stikkontakter<\/h3><p>Det anbefales \u00e5 f\u00e5 etablert nok stikkontakter for dagens bruk, og for fremtiden. Vi anbefaler ogs\u00e5 \u00e5 ta kontakt med elektrofagfolk f\u00f8r du kj\u00f8per for eksempel drivhuset eller boblebadet. En profesjonell autorisert elektriker vurderer om det elektriske anlegget m\u00e5 forsterkes eller om det m\u00e5 legges opp egne kurser til de nye produktene. Siden et boblebad eller en terrassevarmer bruker mye str\u00f8m, er muligens det elektriske anlegget ikke tilpasset denne bruken.<\/p>\n<h3>Dette m\u00e5 du tenke p\u00e5<\/h3><ul>\n<li>Boblebadet m\u00e5 plasseres slik at det er tilgang til motorrommet for inspeksjon, fremtidig service osv.<\/li>\n<li>Hvis du skal felle ned badet i terrassen, b\u00f8r du s\u00f8rge for tilgang enten fra undersiden eller i form av en luke\/lem som gir tilgang til hele kabinettsiden og en bredde slik at du som kunde eller tekniker kan f\u00e5 tilgang.<\/li>\n<li>Boblebadet m\u00e5 normalt tilkobles en egen kurs med jordfeilbryter.<\/li>\n<li>Dette m\u00e5 naturligvis utf\u00f8res av en\u00a0elektriker.<\/li>\n<\/ul>\n<h3>Sjekk IP-klassifiseringen<\/h3><p>Det er et\u00a0hav \u00e5 velge i n\u00e5r det gjelder\u00a0utend\u00f8rsbelysning. Riktig utend\u00f8rsbelysning \u00f8ker trivselen.\u00a0Den skaper en god stemning, og en pen utsikt fra huset, i tillegg til at den har en betryggende og preventiv effekt.<strong>\u00a0N\u00e5r du skal velge elektriske produkter for utend\u00f8rs bruk m\u00e5 du\u00a0huske at det er mye fuktighet og dermed\u00a0m\u00e5\u00a0du ogs\u00e5 velge en h\u00f8yere IP-klassifisering<\/strong>\u00a0enn det du benytter i for eksempel stua.<\/p>\n<p><strong>En IP-klassifisering beskriver hvilken beskyttelsesgrad lysarmaturet har<\/strong>; alts\u00e5 hvor mye vann og st\u00f8v som kan trenge inn.<\/p>\n<p><strong>En IP-klassifisering best\u00e5r av to tall:<\/strong><\/p>\n<ol>\n<li>Det f\u00f8rste tallet beskriver beskyttelse\u00a0mot\u00a0inntrengning av objekter som for eksempel st\u00f8v.<\/li>\n<li>Det andre tallet beskriver beskyttelse\u00a0mot vann.<\/li>\n<\/ol>\n<ul>\n<li>Jo h\u00f8yere IP-klassifisering jo\u00a0tettere er produktet.<\/li>\n<li>Det er fagfolk som best vet hvilken IP-klassifisering\u00a0du b\u00f8r\u00a0velge p\u00e5 de ulike omr\u00e5dene\u00a0utend\u00f8rs.<\/li>\n<li><strong>R\u00e5df\u00f8r deg derfor med elektrikeren f\u00f8r du kj\u00f8per inn utelamper.\u00a0Du m\u00e5 uansett ha elektriker til monteringen.<\/strong><\/li>\n<\/ul>\n\t\t\t\t<\/article>\n\t\t\t<\/div>\n\n\t\t\t<div class=\"cell small-12 medium-5 image\">\n\t\t\t\t<img loading=\"lazy\" decoding=\"async\" width=\"502\" height=\"335\" src=\"https:\/\/elsikkerhetsportalen.no\/lede\/wp-content\/uploads\/sites\/10\/2021\/04\/Spabad-600x400-1-502x335.jpg\" class=\"attachment-image-content size-image-content\" alt=\"\" srcset=\"https:\/\/elsikkerhetsportalen.no\/lede\/wp-content\/uploads\/sites\/10\/2021\/04\/Spabad-600x400-1-502x335.jpg 502w, https:\/\/elsikkerhetsportalen.no\/lede\/wp-content\/uploads\/sites\/10\/2021\/04\/Spabad-600x400-1-300x200.jpg 300w, https:\/\/elsikkerhetsportalen.no\/lede\/wp-content\/uploads\/sites\/10\/2021\/04\/Spabad-600x400-1.jpg 600w\" sizes=\"auto, (max-width: 502px) 100vw, 502px\" \/>\t\t\t<\/div>\n\t\t<\/div>\n\t\t\n\t<\/div>\n<\/section>\n\n\n\n<section class=\"block-section post-cards\">\n\t<div class=\"grid-container\">\n\n        <div class=\"grid-x grid-margin-x section-title-wrapper\">\n            <div class=\"cell small-12 medium-6\">\n                                    <h1 class=\"section-title\">Vi anbefaler<\/h1>\n                            <\/div>\n\n                    <\/div>\n\n        <div class=\"grid-x grid-margin-x cards-wrapper\">\n                                                                    <a href=\"https:\/\/elsikkerhetsportalen.no\/lede\/elektrisk-utstyr\/10-elsikre-tips\/\" class=\"link-card cell small-12 medium-6\">\n    <article>\n        <div class=\"content\">\n            <h3 class=\"title\">10 elsikre tips<\/h3>\n            <p class=\"excerpt\"><\/p>\n        <\/div>\n        <span class=\"icon icon-arrow-right\"><\/span>\n    <\/article>\n<\/a>                    \n                                                        <a href=\"https:\/\/elsikkerhetsportalen.no\/lede\/elektrisk-anlegg\/hva-kan-du-gjore-selv\/\" class=\"link-card cell small-12 medium-6\">\n    <article>\n        <div class=\"content\">\n            <h3 class=\"title\">Hva kan du gj\u00f8re selv?<\/h3>\n            <p class=\"excerpt\"><\/p>\n        <\/div>\n        <span class=\"icon icon-arrow-right\"><\/span>\n    <\/article>\n<\/a>                    \n                                                        <a href=\"https:\/\/elsikkerhetsportalen.no\/lede\/ulovlig\/\" class=\"link-card cell small-12 medium-6\">\n    <article>\n        <div class=\"content\">\n            <h3 class=\"title\">Ulovlig elektrisk arbeid<\/h3>\n            <p class=\"excerpt\">Elektrisk materiell er blitt hyllevare i stadig flere forretninger og nettbutikker. Du kan f\u00e5 kj\u00f8pt&#8230;<\/p>\n        <\/div>\n        <span class=\"icon icon-arrow-right\"><\/span>\n    <\/article>\n<\/a>                    \n                                                    <\/div>\n\n    <\/div>\n<\/section>","protected":false},"excerpt":{"rendered":"","protected":false},"author":1,"featured_media":0,"parent":9,"menu_order":1,"comment_status":"closed","ping_status":"closed","template":"","meta":{"_acf_changed":false,"footnotes":""},"class_list":["post-24","page","type-page","status-publish","hentry"],"acf":[],"_links":{"self":[{"href":"https:\/\/elsikkerhetsportalen.no\/lede\/wp-json\/wp\/v2\/pages\/24","targetHints":{"allow":["GET"]}}],"collection":[{"href":"https:\/\/elsikkerhetsportalen.no\/lede\/wp-json\/wp\/v2\/pages"}],"about":[{"href":"https:\/\/elsikkerhetsportalen.no\/lede\/wp-json\/wp\/v2\/types\/page"}],"author":[{"embeddable":true,"href":"https:\/\/elsikkerhetsportalen.no\/lede\/wp-json\/wp\/v2\/users\/1"}],"replies":[{"embeddable":true,"href":"https:\/\/elsikkerhetsportalen.no\/lede\/wp-json\/wp\/v2\/comments?post=24"}],"version-history":[{"count":0,"href":"https:\/\/elsikkerhetsportalen.no\/lede\/wp-json\/wp\/v2\/pages\/24\/revisions"}],"up":[{"embeddable":true,"href":"https:\/\/elsikkerhetsportalen.no\/lede\/wp-json\/wp\/v2\/pages\/9"}],"wp:attachment":[{"href":"https:\/\/elsikkerhetsportalen.no\/lede\/wp-json\/wp\/v2\/media?parent=24"}],"curies":[{"name":"wp","href":"https:\/\/api.w.org\/{rel}","templated":true}]}}