{"id":27,"date":"2021-02-03T21:31:38","date_gmt":"2021-02-03T21:31:38","guid":{"rendered":"http:\/\/elsikkerhetsportalen.no\/lede\/?page_id=27"},"modified":"2026-03-11T11:10:11","modified_gmt":"2026-03-11T11:10:11","slug":"oppvarming","status":"publish","type":"page","link":"https:\/\/elsikkerhetsportalen.no\/lede\/elektrisk-utstyr\/oppvarming\/","title":{"rendered":"Oppvarming"},"content":{"rendered":"<section id=\"scrollable-shortcuts-block_25c98adc3de691205bfdeb6e2a0aef43\" class=\"block-section scrollable-shortcuts   align-full\">\n\t<div class=\"grid-container\">\n\t\t<div class=\"grid-x grid-padding-x\">\n\n\t\t\t<header class=\"cell small-12 medium-7\">\n\t\t\t\t\t\t\t\t\t<h1>Oppvarming<\/h1>\n\t\t\t\t\n\t\t\t\t\t\t\t\t\t<p class=\"ingress\">Elektriske produkter beregnet til oppvarming, ligger h\u00f8yt i statistikken over utstyr som for\u00e5rsaker brann. Dette forekommer spesielt hyppig i Norge hvor vi i st\u00f8rre grad baserer oss p\u00e5 elektrisk oppvarming enn i andre land. De fleste brannene relatert til varmeovner skyldes tildekking av utstyret.<\/p>\n\t\t\t\t\n\t\t\t\t\t\t\t\t\t<h2 class=\"shortcuts-title\">Snarveier<span><span class=\"icon icon-arrow-down\"><\/span><\/span><\/h2>\n\t\t\t\t\n\t\t\t\t<nav><ul><li><a href=\"#varmeovner\" class=\"link link--underlined\">Varmeovner<\/a><\/li><li><a href=\"#flyttbare-ovner\" class=\"link link--underlined\">Flyttbare ovner<\/a><\/li><li><a href=\"#varmeputer-og-varmetepper\" class=\"link link--underlined\">Varmeputer og varmetepper<\/a><\/li><\/ul><\/nav>\t\t\t<\/header>\n\n\t\t<\/div>\n\t<\/div>\n<\/section>\n\n\n\n<section id=\"image-content-block_4a7e1c4962c48d936b95d92fab383a8e\" class=\"block-section image-content light has-more-content  align-full\">\n\t<div class=\"grid-container\" id=\"scrollToMe-varmeovner\">\n\n\t\t<div class=\"grid-x grid-padding-x\">\n\n\t\t\t<div class=\"cell small-12 medium-7 content\">\n\t\t\t\t\t\t\t\t\t<h2 class=\"section-title\">Varmeovner<\/h2>\n\t\t\t\t\n\t\t\t\t\t\t\t\t\t<article><p>Elektriske varmeovner er praktiske, men krever litt planlegging med innredningen.<\/p>\n<\/article>\n\t\t\t\t\n\t\t\t\t\t\t\t\t<div class=\"clearfix\"><\/div>\n\t\t\t\t\n\t\t\t\t\t\t\t\t\n\t\t\t\t\t<a\n\t\t\t\t\t\thref=\"#\"\n\t\t\t\t\t\tclass=\"button-plus content-toggler\"\n\t\t\t\t\t\tdata-initialtext=\"Les mer\"\n\t\t\t\t\t\tdata-toggletext=\"Les mindre\"\n\t\t\t\t\t\tdata-target=\"ic-hidden-block_4a7e1c4962c48d936b95d92fab383a8e\"\n\t\t\t\t\t\trole=\"button\"\n\t\t\t\t\t\trel=\"nofollow\"\n\t\t\t\t\t\taria-label=\"\u00c5pne skjult innhold\"\n\t\t\t\t\t\taria-expanded=\"false\">\n\t\t\t\t\t\t<span>Les mer<\/span>\n\t\t\t\t\t\t<span class=\"icon icon-plus\"><\/span>\n\t\t\t\t\t<\/a>\n\t\t\t\t\n\t\t\t<\/div>\n\n\t\t\t<div class=\"cell small-12 medium-5 image\">\n\t\t\t\t<img loading=\"lazy\" decoding=\"async\" width=\"502\" height=\"335\" src=\"https:\/\/elsikkerhetsportalen.no\/lede\/wp-content\/uploads\/sites\/10\/2021\/04\/Varmeovn-600x400-1-502x335.jpg\" class=\"attachment-image-content size-image-content\" alt=\"\" srcset=\"https:\/\/elsikkerhetsportalen.no\/lede\/wp-content\/uploads\/sites\/10\/2021\/04\/Varmeovn-600x400-1-502x335.jpg 502w, https:\/\/elsikkerhetsportalen.no\/lede\/wp-content\/uploads\/sites\/10\/2021\/04\/Varmeovn-600x400-1-300x200.jpg 300w, https:\/\/elsikkerhetsportalen.no\/lede\/wp-content\/uploads\/sites\/10\/2021\/04\/Varmeovn-600x400-1.jpg 600w\" sizes=\"auto, (max-width: 502px) 100vw, 502px\" \/>\n\t\t\t<\/div>\n\n\t\t<\/div>\n\n\t\t\t\t\t\t<div class=\"grid-x grid-padding-x hidden-more-content\" aria-expanded=\"false\" aria-hidden=\"true\" id=\"ic-hidden-block_4a7e1c4962c48d936b95d92fab383a8e\">\n\t\t\t<div class=\"cell small-12 medium-7 content\">\n\t\t\t\t<article>\n\t\t\t\t<p>\u200bDet kan v\u00e6re en utfordring \u00e5 finne gode l\u00f8sninger for oppvarming, spesielt i sm\u00e5 rom. Varmeovner vil ha best effekt n\u00e5r de monteres under et vindu. Dette kommer ofte i konflikt med m\u00f8blering og gardiner. Kanskje passer det best \u00e5 plassere sofaen foran vinduet ogs\u00e5? Det er fort gjort at avstanden mellom varmeovnen og brennbart materiale blir for liten!<\/p>\n<ul>\n<li>Se til at avstanden til brennbart materiale rundt varmeovnen ikke er for liten. Det m\u00e5 ikke komme for n\u00e6re! Det gjelder bl.a. kl\u00e6r, gardiner, m\u00f8bler etc.<\/li>\n<li>Dekk aldri til en varmeovn og bruk aldri elektriske ovner til \u00e5 t\u00f8rke t\u00f8y p\u00e5.<\/li>\n<li>V\u00e6r spesielt varsomme n\u00e5r det gjelder flyttbare ovner, str\u00e5leovner og vifteovner.<\/li>\n<li>Bruk fastmonterte varmekilder til hovedoppvarming i alle bygninger. Ikke baser deg p\u00e5 bruk av flyttbare ovner.<\/li>\n<li>F\u00f8lg monteringsanvisningen og sikkerhetsinformasjonen fra produsenten for \u00e5 ivareta sikkerheten.<\/li>\n<li>Ikke bruk skj\u00f8teledning til varmeovner, men plugg dem rett i en stikkontakt.<\/li>\n<\/ul>\n\t\t\t\t<\/article>\n\t\t\t<\/div>\n\n\t\t\t<div class=\"cell small-12 medium-5 image\">\n\t\t\t\t\t\t\t<\/div>\n\t\t<\/div>\n\t\t\n\t<\/div>\n<\/section>\n\n\n\n<section id=\"image-content-block_9655114d4fb1f977cf486c78bc0c8a1e\" class=\"block-section image-content dark has-more-content  align-full\">\n\t<div class=\"grid-container\" id=\"scrollToMe-flyttbare-ovner\">\n\n\t\t<div class=\"grid-x grid-padding-x\">\n\n\t\t\t<div class=\"cell small-12 medium-7 content\">\n\t\t\t\t\t\t\t\t\t<h2 class=\"section-title\">Flyttbare ovner<\/h2>\n\t\t\t\t\n\t\t\t\t\t\t\t\t\t<article><p>Rundt 50 boligbranner i \u00e5ret skyldes feil bruk av varmeovner. Her gir vi deg tips til god bruk av flyttbare varmeovner.<\/p>\n<\/article>\n\t\t\t\t\n\t\t\t\t\t\t<a class=\"link link--underlined\" href=\"https:\/\/elsikkerhetsportalen.no\/lede\/han-som-vaknet-opp-i-en-brennende-seng\/\" target=\"_self\">\n\t\t\tLes om han som v\u00e5knet i brennende seng\t\t<\/a>\n\t\t\t\t\t<div class=\"clearfix\"><\/div>\n\t\t\t\t\n\t\t\t\t\t\t\t\t\n\t\t\t\t\t<a\n\t\t\t\t\t\thref=\"#\"\n\t\t\t\t\t\tclass=\"button-plus content-toggler\"\n\t\t\t\t\t\tdata-initialtext=\"Les mer\"\n\t\t\t\t\t\tdata-toggletext=\"Les mindre\"\n\t\t\t\t\t\tdata-target=\"ic-hidden-block_9655114d4fb1f977cf486c78bc0c8a1e\"\n\t\t\t\t\t\trole=\"button\"\n\t\t\t\t\t\trel=\"nofollow\"\n\t\t\t\t\t\taria-label=\"\u00c5pne skjult innhold\"\n\t\t\t\t\t\taria-expanded=\"false\">\n\t\t\t\t\t\t<span>Les mer<\/span>\n\t\t\t\t\t\t<span class=\"icon icon-plus\"><\/span>\n\t\t\t\t\t<\/a>\n\t\t\t\t\n\t\t\t<\/div>\n\n\t\t\t<div class=\"cell small-12 medium-5 image\">\n\t\t\t\t<img loading=\"lazy\" decoding=\"async\" width=\"502\" height=\"335\" src=\"https:\/\/elsikkerhetsportalen.no\/lede\/wp-content\/uploads\/sites\/10\/2021\/04\/Flyttbar-varmeovn-600x400-1-502x335.jpg\" class=\"attachment-image-content size-image-content\" alt=\"\" srcset=\"https:\/\/elsikkerhetsportalen.no\/lede\/wp-content\/uploads\/sites\/10\/2021\/04\/Flyttbar-varmeovn-600x400-1-502x335.jpg 502w, https:\/\/elsikkerhetsportalen.no\/lede\/wp-content\/uploads\/sites\/10\/2021\/04\/Flyttbar-varmeovn-600x400-1-300x200.jpg 300w, https:\/\/elsikkerhetsportalen.no\/lede\/wp-content\/uploads\/sites\/10\/2021\/04\/Flyttbar-varmeovn-600x400-1.jpg 600w\" sizes=\"auto, (max-width: 502px) 100vw, 502px\" \/>\n\t\t\t<\/div>\n\n\t\t<\/div>\n\n\t\t\t\t\t\t<div class=\"grid-x grid-padding-x hidden-more-content\" aria-expanded=\"false\" aria-hidden=\"true\" id=\"ic-hidden-block_9655114d4fb1f977cf486c78bc0c8a1e\">\n\t\t\t<div class=\"cell small-12 medium-7 content\">\n\t\t\t\t<article>\n\t\t\t\t<h3>Gode r\u00e5d for bruk av flyttbare oljefylte ovner<\/h3><ul>\n<li>Les bruksanvisningen og bruk ovnen riktig.<\/li>\n<li>Ikke bruk skj\u00f8teledning.<\/li>\n<li>Ikke dekk til ovnen eller plasser den i n\u00e6rheten av brennbart materiale.<\/li>\n<li>Pass p\u00e5 at ovnen ikke velter ved lagring og bruk, eller blir skadd under flytting. Ovnen skal oppbevares st\u00e5ende.<\/li>\n<li>Bruk aldri en ovn som lekker olje. Ovner som lekker skal leveres tilbake til forhandleren.<\/li>\n<li><strong>Bytt ut ovnen etter fem \u00e5rs bruk.<\/strong><\/li>\n<\/ul>\n<p>Flyttbare varmeovner gir rask varme i et kaldt rom. Utvalget er stort, men v\u00e6r klar over brann- og sikkerhetsfeller. Oljefylte varmeovner p\u00e5 hjul har v\u00e6rt popul\u00e6re i flere \u00e5r. Egenskapen er som for en vannfylt radioator, med jevn varme uten for h\u00f8y temperatur p\u00e5 overflaten. Ovnene har olje under trykk! Det forekommer at noen typer frittst\u00e5ende oljeovner lekker. Derfor skal disse kun brukes under oppsyn.<\/p>\n<p>I snitt brenner det i fire norske hjem hver dag. Rundt 50 boligbranner i \u00e5ret skyldes feil bruk av varmeovner (kilde: Frende Forsikring). Sm\u00e5 vifteovner velter lett, b\u00e5de sm\u00e5barn og kj\u00e6ledyr kan vippe en over ende. Bruk aldri vifteovn i rom hvor barn eller kj\u00e6ledyr er alene! Selv om en vifteovn har en sikring som skal koble ut str\u00f8mmen, er det ikke alltid den fungerer. G\u00e5r termostaten i stykker, kan temperaturen p\u00e5 kort tid \u00f8ke og for\u00e5rsake brann. Over tid kan det v\u00e6re risikabelt \u00e5 stole p\u00e5 termostat og automatsikring mot overoppheting.<\/p>\n<h3>Ikke bruk flyttbare ovner p\u00e5 barnerommet!<\/h3><p>Flyttbare varmeovner som vifteovner og oljefylte ovner\u00a0h\u00f8rer ikke hjemme p\u00e5 et barnerom.\u00a0<strong>Faren med frittst\u00e5ende ovner\u00a0er at de lett kan velte eller tildekkes av tekstiler<\/strong>, som dyner eller kl\u00e6r, og f\u00f8re til brann eller branntill\u00f8p. Direktoratet for samfunnssikkerhet og beredskap (DSB) er klare i sin oppfordring; bruk av flyttbare ovner m\u00e5 skje under tilsyn slik at du kan begrense omfanget av skaden hvis uhellet er ute. Det er st\u00f8rre fare for at det skjer noe med slike ovner, enn med fastmonterte.<\/p>\n\t\t\t\t<\/article>\n\t\t\t<\/div>\n\n\t\t\t<div class=\"cell small-12 medium-5 image\">\n\t\t\t\t\t\t\t<\/div>\n\t\t<\/div>\n\t\t\n\t<\/div>\n<\/section>\n\n\n\n<section id=\"image-content-block_08e0c7d66c1bc62e9d6d25b86b33d558\" class=\"block-section image-content none has-more-content  align-full\">\n\t<div class=\"grid-container\" id=\"scrollToMe-varmeputer-og-varmetepper\">\n\n\t\t<div class=\"grid-x grid-padding-x\">\n\n\t\t\t<div class=\"cell small-12 medium-7 content\">\n\t\t\t\t\t\t\t\t\t<h2 class=\"section-title\">Varmeputer og varmetepper<\/h2>\n\t\t\t\t\n\t\t\t\t\t\t\t\t\t<article><p>F\u00f8lg alltid bruksanvisningen n\u00e5r du bruker varmetepper eller varmeputer.<\/p>\n<\/article>\n\t\t\t\t\n\t\t\t\t\t\t\t\t<div class=\"clearfix\"><\/div>\n\t\t\t\t\n\t\t\t\t\t\t\t\t\n\t\t\t\t\t<a\n\t\t\t\t\t\thref=\"#\"\n\t\t\t\t\t\tclass=\"button-plus content-toggler\"\n\t\t\t\t\t\tdata-initialtext=\"Les mer\"\n\t\t\t\t\t\tdata-toggletext=\"Les mindre\"\n\t\t\t\t\t\tdata-target=\"ic-hidden-block_08e0c7d66c1bc62e9d6d25b86b33d558\"\n\t\t\t\t\t\trole=\"button\"\n\t\t\t\t\t\trel=\"nofollow\"\n\t\t\t\t\t\taria-label=\"\u00c5pne skjult innhold\"\n\t\t\t\t\t\taria-expanded=\"false\">\n\t\t\t\t\t\t<span>Les mer<\/span>\n\t\t\t\t\t\t<span class=\"icon icon-plus\"><\/span>\n\t\t\t\t\t<\/a>\n\t\t\t\t\n\t\t\t<\/div>\n\n\t\t\t<div class=\"cell small-12 medium-5 image\">\n\t\t\t\t<img loading=\"lazy\" decoding=\"async\" width=\"502\" height=\"335\" src=\"https:\/\/elsikkerhetsportalen.no\/lede\/wp-content\/uploads\/sites\/10\/2021\/04\/Varmepute-600x400-1-502x335.jpg\" class=\"attachment-image-content size-image-content\" alt=\"\" srcset=\"https:\/\/elsikkerhetsportalen.no\/lede\/wp-content\/uploads\/sites\/10\/2021\/04\/Varmepute-600x400-1-502x335.jpg 502w, https:\/\/elsikkerhetsportalen.no\/lede\/wp-content\/uploads\/sites\/10\/2021\/04\/Varmepute-600x400-1-300x200.jpg 300w, https:\/\/elsikkerhetsportalen.no\/lede\/wp-content\/uploads\/sites\/10\/2021\/04\/Varmepute-600x400-1.jpg 600w\" sizes=\"auto, (max-width: 502px) 100vw, 502px\" \/>\n\t\t\t<\/div>\n\n\t\t<\/div>\n\n\t\t\t\t\t\t<div class=\"grid-x grid-padding-x hidden-more-content\" aria-expanded=\"false\" aria-hidden=\"true\" id=\"ic-hidden-block_08e0c7d66c1bc62e9d6d25b86b33d558\">\n\t\t\t<div class=\"cell small-12 medium-7 content\">\n\t\t\t\t<article>\n\t\t\t\t<p>Varmetepper\u00a0best\u00e5r av varmetr\u00e5der som skal spre varmen jevnt utover teppet. Hvis s\u00f8mmene som holder disse tr\u00e5dene p\u00e5 plass blir \u00f8delagte, kan tr\u00e5dene komme i kontakt med hverandre. Dette kan medf\u00f8re at temperaturen i et omr\u00e5de blir s\u00e5pas h\u00f8y at overoppheting og brann oppst\u00e5r. Det viktigste er \u00e5 bruke produktene riktig. Blant annet skal noen av varmeteppene ikke brukes n\u00e5r du ligger p\u00e5 dem. Det er viktig \u00e5 lese bruksanvisningen og f\u00f8lge den.<\/p>\n<h3>Ta f\u00f8lgende forholdsregler ved bruk av varmeputer og varmetepper:<\/h3><ul>\n<li>Kontroller at varmeteppe er CE-merket (sikkerhetsgaranti fra produsenten).<\/li>\n<li>F\u00f8lg bruksanvisningen n\u00f8ye.<\/li>\n<li>Varmeteppet m\u00e5 aldri brettes, men brukes flatt og utstrakt.<\/li>\n<li>Unng\u00e5 at varmeteppet beveger seg eller kr\u00f8ller seg i senga.<\/li>\n<li>Ikke fors\u00f8k \u00e5 reparere et defekt varmeteppe selv, men overlat dette til fagfolk eller kj\u00f8p et nytt.<\/li>\n<\/ul>\n\t\t\t\t<\/article>\n\t\t\t<\/div>\n\n\t\t\t<div class=\"cell small-12 medium-5 image\">\n\t\t\t\t\t\t\t<\/div>\n\t\t<\/div>\n\t\t\n\t<\/div>\n<\/section>\n\n\n\n<section class=\"block-section post-cards\">\n\t<div class=\"grid-container\">\n\n        <div class=\"grid-x grid-margin-x section-title-wrapper\">\n            <div class=\"cell small-12 medium-6\">\n                                    <h1 class=\"section-title\">Vi anbefaler<\/h1>\n                            <\/div>\n\n                    <\/div>\n\n        <div class=\"grid-x grid-margin-x cards-wrapper\">\n                                                                    <a href=\"https:\/\/elsikkerhetsportalen.no\/lede\/elektrisk-utstyr\/kjop-og-bruk-av-elektrisk-utstyr\/\" class=\"link-card cell small-12 medium-6\">\n    <article>\n        <div class=\"content\">\n            <h3 class=\"title\">Kj\u00f8p og bruk av elektrisk utstyr<\/h3>\n            <p class=\"excerpt\"><\/p>\n        <\/div>\n        <span class=\"icon icon-arrow-right\"><\/span>\n    <\/article>\n<\/a>                    \n                                                        <a href=\"https:\/\/elsikkerhetsportalen.no\/lede\/elektrisk-utstyr\/10-elsikre-tips\/\" class=\"link-card cell small-12 medium-6\">\n    <article>\n        <div class=\"content\">\n            <h3 class=\"title\">10 elsikre tips<\/h3>\n            <p class=\"excerpt\"><\/p>\n        <\/div>\n        <span class=\"icon icon-arrow-right\"><\/span>\n    <\/article>\n<\/a>                    \n                                                        <a href=\"https:\/\/elsikkerhetsportalen.no\/lede\/kjope-eller-pusse-opp\/oppussing\/\" class=\"link-card cell small-12 medium-6\">\n    <article>\n        <div class=\"content\">\n            <h3 class=\"title\">Tips til oppussing<\/h3>\n            <p class=\"excerpt\"><\/p>\n        <\/div>\n        <span class=\"icon icon-arrow-right\"><\/span>\n    <\/article>\n<\/a>                    \n                                                    <\/div>\n\n    <\/div>\n<\/section>","protected":false},"excerpt":{"rendered":"","protected":false},"author":1,"featured_media":0,"parent":9,"menu_order":7,"comment_status":"closed","ping_status":"closed","template":"","meta":{"_acf_changed":false,"footnotes":""},"class_list":["post-27","page","type-page","status-publish","hentry"],"acf":[],"_links":{"self":[{"href":"https:\/\/elsikkerhetsportalen.no\/lede\/wp-json\/wp\/v2\/pages\/27","targetHints":{"allow":["GET"]}}],"collection":[{"href":"https:\/\/elsikkerhetsportalen.no\/lede\/wp-json\/wp\/v2\/pages"}],"about":[{"href":"https:\/\/elsikkerhetsportalen.no\/lede\/wp-json\/wp\/v2\/types\/page"}],"author":[{"embeddable":true,"href":"https:\/\/elsikkerhetsportalen.no\/lede\/wp-json\/wp\/v2\/users\/1"}],"replies":[{"embeddable":true,"href":"https:\/\/elsikkerhetsportalen.no\/lede\/wp-json\/wp\/v2\/comments?post=27"}],"version-history":[{"count":0,"href":"https:\/\/elsikkerhetsportalen.no\/lede\/wp-json\/wp\/v2\/pages\/27\/revisions"}],"up":[{"embeddable":true,"href":"https:\/\/elsikkerhetsportalen.no\/lede\/wp-json\/wp\/v2\/pages\/9"}],"wp:attachment":[{"href":"https:\/\/elsikkerhetsportalen.no\/lede\/wp-json\/wp\/v2\/media?parent=27"}],"curies":[{"name":"wp","href":"https:\/\/api.w.org\/{rel}","templated":true}]}}