{"id":36,"date":"2021-02-03T21:32:34","date_gmt":"2021-02-03T21:32:34","guid":{"rendered":"http:\/\/elsikkerhetsportalen.no\/lede\/?page_id=36"},"modified":"2021-09-23T07:17:29","modified_gmt":"2021-09-23T07:17:29","slug":"oppussing","status":"publish","type":"page","link":"https:\/\/elsikkerhetsportalen.no\/lede\/kjope-eller-pusse-opp\/oppussing\/","title":{"rendered":"Tips til oppussing"},"content":{"rendered":"<section id=\"scrollable-shortcuts-block_608a7f3e0f27c\" class=\"block-section scrollable-shortcuts   align-full\">\n\t<div class=\"grid-container\">\n\t\t<div class=\"grid-x grid-padding-x\">\n\n\t\t\t<header class=\"cell small-12 medium-7\">\n\t\t\t\t\t\t\t\t\t<h1>Tips til oppussing og bygging<\/h1>\n\t\t\t\t\n\t\t\t\t\t\t\t\t\t<p class=\"ingress\">Det er veldig lite du har lov til \u00e5 gj\u00f8re selv p\u00e5 det elektriske anlegget. Selv om installasjonsmateriell, som for eksempel varmekabler og stikkontakter kan kj\u00f8pes av hvem som helst, er det kun registrerte installasjonsvirksomheter som har lov til \u00e5 installere dette materiellet. Husk at amat\u00f8rarbeider p\u00e5 det elektriske anlegget kan v\u00e6re livsfarlig og vil f\u00f8re til problemer om du skal selge huset ditt. <\/p>\n\t\t\t\t\n\t\t\t\t\t\t\t\t\t<h2 class=\"shortcuts-title\">Snarveier<span><span class=\"icon icon-arrow-down\"><\/span><\/span><\/h2>\n\t\t\t\t\n\t\t\t\t<nav><ul><li><a href=\"#gode-rad-til-oppussing-og-bygging\" class=\"link link--underlined\">Gode r\u00e5d til oppussing og bygging<\/a><\/li><li><a href=\"#pusse-opp-eller-bygge-bad\" class=\"link link--underlined\">Pusse opp eller bygge bad<\/a><\/li><li><a href=\"#pusse-opp-eller-bygge-kjokken\" class=\"link link--underlined\">Pusse opp eller bygge kj\u00f8kken<\/a><\/li><\/ul><\/nav>\t\t\t<\/header>\n\n\t\t<\/div>\n\t<\/div>\n<\/section>\n\n\n\n<section id=\"image-content-block_608b94a663bf9\" class=\"block-section image-content light has-more-content  align-full\">\n\t<div class=\"grid-container\" id=\"scrollToMe-gode-rad-til-oppussing-og-bygging\">\n\n\t\t<div class=\"grid-x grid-padding-x\">\n\n\t\t\t<div class=\"cell small-12 medium-7 content\">\n\t\t\t\t\t\t\t\t\t<h2 class=\"section-title\">Gode r\u00e5d til oppussing og bygging<\/h2>\n\t\t\t\t\n\t\t\t\t\t\t\t\t\t<article><p>Vi nordmenn elsker \u00e5 fikse p\u00e5 hjemmene v\u00e5re, og vi er p\u00e5 verdenstoppen i oppussing. Enkelte vil helst gj\u00f8re alt arbeidet p\u00e5 egenh\u00e5nd, men en del av oppussingen m\u00e5 du overlate til fagfolk!<\/p>\n<\/article>\n\t\t\t\t\n\t\t\t\t\t\t\t\t<div class=\"clearfix\"><\/div>\n\t\t\t\t\n\t\t\t\t\t\t\t\t\n\t\t\t\t\t<a\n\t\t\t\t\t\thref=\"#\"\n\t\t\t\t\t\tclass=\"button-plus content-toggler\"\n\t\t\t\t\t\tdata-initialtext=\"Les mer\"\n\t\t\t\t\t\tdata-toggletext=\"Les mindre\"\n\t\t\t\t\t\tdata-target=\"ic-hidden-block_608b94a663bf9\"\n\t\t\t\t\t\trole=\"button\"\n\t\t\t\t\t\trel=\"nofollow\"\n\t\t\t\t\t\taria-label=\"\u00c5pne skjult innhold\"\n\t\t\t\t\t\taria-expanded=\"false\">\n\t\t\t\t\t\t<span>Les mer<\/span>\n\t\t\t\t\t\t<span class=\"icon icon-plus\"><\/span>\n\t\t\t\t\t<\/a>\n\t\t\t\t\n\t\t\t<\/div>\n\n\t\t\t<div class=\"cell small-12 medium-5 image\">\n\t\t\t\t<img loading=\"lazy\" decoding=\"async\" width=\"502\" height=\"335\" src=\"https:\/\/elsikkerhetsportalen.no\/lede\/wp-content\/uploads\/sites\/10\/2021\/04\/Malebotte-600x400-1-502x335.jpg\" class=\"attachment-image-content size-image-content\" alt=\"\" srcset=\"https:\/\/elsikkerhetsportalen.no\/lede\/wp-content\/uploads\/sites\/10\/2021\/04\/Malebotte-600x400-1-502x335.jpg 502w, https:\/\/elsikkerhetsportalen.no\/lede\/wp-content\/uploads\/sites\/10\/2021\/04\/Malebotte-600x400-1-300x200.jpg 300w, https:\/\/elsikkerhetsportalen.no\/lede\/wp-content\/uploads\/sites\/10\/2021\/04\/Malebotte-600x400-1.jpg 600w\" sizes=\"auto, (max-width: 502px) 100vw, 502px\" \/>\n\t\t\t<\/div>\n\n\t\t<\/div>\n\n\t\t\t\t\t\t<div class=\"grid-x grid-padding-x hidden-more-content\" aria-expanded=\"false\" aria-hidden=\"true\" id=\"ic-hidden-block_608b94a663bf9\">\n\t\t\t<div class=\"cell small-12 medium-7 content\">\n\t\t\t\t<article>\n\t\t\t\t<p>Det elektriske anlegget ber\u00f8res som regel av oppussing. Selv n\u00e5r du \u00abkun\u00bb skal male en vegg, er det sannsynligvis stikkontakter p\u00e5 veggen som ikke skal males over. Du kan selv fjerne dekselet, men<strong>\u00a0husk \u00e5 koble ut str\u00f8mmen f\u00f8rst!<\/strong><\/p>\n<p>Ta det elektriske anlegget med i beregningen n\u00e5r du skal pusse opp. Det best\u00e5r ikke kun av hvite lysbrytere og stikkontakter. Det finnes et stort utvalg av utstyr og materiell som b\u00e5de ser pent ut, er funksjonelt, ivaretar sikkerheten og gj\u00f8r hverdagen litt enklere. Ta kontakt med elektriker og bruk hennes kompetanse n\u00e5r du pusser opp! Du finner henne hos en godkjent installasjonsvirksomhet i <a href=\"https:\/\/elvirksomhetsregisteret.dsb.no\/elreg-ui\/\">Elvirksomhetsregisteret<\/a>.<\/p>\n<h3>Bruk fagfolk<\/h3><p>Alt arbeid som utf\u00f8res p\u00e5 ditt elektriske anlegg vil Det lokale eltilsyn (og megler ved salg) kreve \u00e5 se dokumentasjon og samsvarserkl\u00e6ring p\u00e5. Det er derfor viktig at du bruker en elektrikerbedrift som er registrert i Elvirksomhetsregisteret.<\/p>\n<p>Selv om du kan kj\u00f8pe\u00a0alt av stikkontakter,\u00a0brytere\u00a0og koblingsbokser i butikken, er det\u00a0<strong>kun\u00a0fagl\u00e6rte som\u00a0har lov til \u00e5\u00a0installere det<\/strong>. Slipper du ufagl\u00e6rte til, kan det koste deg dyrt i form av krav om\u00a0utbedringer av\u00a0Det lokale eltilsyn (DLE),\u00a0redusert verdi\u00a0som f\u00f8lge av manglende dokumentasjon og i verste fall\u00a0brann eller ulykker\u00a0som skyldes feilmontering.<\/p>\n<p>Husk at det er ditt ansvar \u00e5 unders\u00f8ke om elektrikeren er ansatt i en bedrift som er registrert i Elvirksomhetsregisteret.<\/p>\n<p>&nbsp;<\/p>\n<h3>Hvilke behov har du?<\/h3><p>Skal det ogs\u00e5 v\u00e6re lys i garderobeskapet, kj\u00f8kkenskapene og i taket? Vil du ha tv p\u00e5 soverommet og PlayStation, Xbox, Switch og dekoder i stua? Dessuten trenger du kanskje godt arbeidslys, men ogs\u00e5 kul stemningsbelysning?. Skriv ned liste over behovet ditt, s\u00e5 kan du utfordre elektrikeren p\u00e5 beste l\u00f8sning!<\/p>\n<ul>\n<li>Skal det\u00a0v\u00e6re\u00a0mer elektrisk utstyr og belysning i rommet enn det som var tidligere? Da kan det v\u00e6re behov for flere stikkontakter og nye ledninger!<\/li>\n<li>Det kan v\u00e6re stor forskjell i str\u00f8mforbruket p\u00e5 et ungdomsrom, et barnerom og et gjesterom.<\/li>\n<li>Har det elektriske anlegget nok kapasitet, eller b\u00f8r det oppgraderes? Har du gammelt elanlegg, b\u00f8r du oppgradere det!<\/li>\n<\/ul>\n<p>Det finnes krav om hvor mange stikkontakter boligen din skal ha. Hensikten er \u00e5 beskytte mot brann grunnet overbelastning eller varmgang, og redusere bruken av skj\u00f8teledninger\/skj\u00f8tekontakter.\u00a0Her finner du krav i bolignormen. (LINK)<\/p>\n<p>Hvis du m\u00e5 ta av karmer og lister for \u00e5 sette opp ny tapet eller male,\u00a0<strong>sjekk samtidig ledningene<\/strong>! Kanskje er det lurt \u00e5 f\u00e5 lagt opp nye ledninger og\u00a0montert\u00a0nye brytere og dimmere som passer bedre til din nye stue.<\/p>\n\t\t\t\t<\/article>\n\t\t\t<\/div>\n\n\t\t\t<div class=\"cell small-12 medium-5 image\">\n\t\t\t\t\t\t\t<\/div>\n\t\t<\/div>\n\t\t\n\t<\/div>\n<\/section>\n\n\n\n<section id=\"image-content-block_608b967163bfa\" class=\"block-section image-content dark has-more-content  align-full\">\n\t<div class=\"grid-container\" id=\"scrollToMe-pusse-opp-eller-bygge-bad\">\n\n\t\t<div class=\"grid-x grid-padding-x\">\n\n\t\t\t<div class=\"cell small-12 medium-7 content\">\n\t\t\t\t\t\t\t\t\t<h2 class=\"section-title\">Pusse opp eller bygge bad<\/h2>\n\t\t\t\t\n\t\t\t\t\t\t\t\t\t<article><p>Skal du pusse opp badet p\u00e5 egenh\u00e5nd, m\u00e5 du vite hva du har lov til \u00e5 gj\u00f8re selv, og hva som krever profesjonelle h\u00e5ndverkere.<\/p>\n<\/article>\n\t\t\t\t\n\t\t\t\t\t\t\t\t<div class=\"clearfix\"><\/div>\n\t\t\t\t\n\t\t\t\t\t\t\t\t\n\t\t\t\t\t<a\n\t\t\t\t\t\thref=\"#\"\n\t\t\t\t\t\tclass=\"button-plus content-toggler\"\n\t\t\t\t\t\tdata-initialtext=\"Les mer\"\n\t\t\t\t\t\tdata-toggletext=\"Les mindre\"\n\t\t\t\t\t\tdata-target=\"ic-hidden-block_608b967163bfa\"\n\t\t\t\t\t\trole=\"button\"\n\t\t\t\t\t\trel=\"nofollow\"\n\t\t\t\t\t\taria-label=\"\u00c5pne skjult innhold\"\n\t\t\t\t\t\taria-expanded=\"false\">\n\t\t\t\t\t\t<span>Les mer<\/span>\n\t\t\t\t\t\t<span class=\"icon icon-plus\"><\/span>\n\t\t\t\t\t<\/a>\n\t\t\t\t\n\t\t\t<\/div>\n\n\t\t\t<div class=\"cell small-12 medium-5 image\">\n\t\t\t\t<img loading=\"lazy\" decoding=\"async\" width=\"502\" height=\"335\" src=\"https:\/\/elsikkerhetsportalen.no\/lede\/wp-content\/uploads\/sites\/10\/2021\/04\/Bad-600x400-1-502x335.jpg\" class=\"attachment-image-content size-image-content\" alt=\"\" srcset=\"https:\/\/elsikkerhetsportalen.no\/lede\/wp-content\/uploads\/sites\/10\/2021\/04\/Bad-600x400-1-502x335.jpg 502w, https:\/\/elsikkerhetsportalen.no\/lede\/wp-content\/uploads\/sites\/10\/2021\/04\/Bad-600x400-1-300x200.jpg 300w, https:\/\/elsikkerhetsportalen.no\/lede\/wp-content\/uploads\/sites\/10\/2021\/04\/Bad-600x400-1.jpg 600w\" sizes=\"auto, (max-width: 502px) 100vw, 502px\" \/>\n\t\t\t<\/div>\n\n\t\t<\/div>\n\n\t\t\t\t\t\t<div class=\"grid-x grid-padding-x hidden-more-content\" aria-expanded=\"false\" aria-hidden=\"true\" id=\"ic-hidden-block_608b967163bfa\">\n\t\t\t<div class=\"cell small-12 medium-7 content\">\n\t\t\t\t<article>\n\t\t\t\t<p>Vann og elektrisitet er en farlig kombinasjon, og derfor er det viktig at alle elektroinstallasjoner p\u00e5 badet f\u00f8lger forskriftene! Bruk alltid elektrofagfolk du finner i\u00a0<a href=\"https:\/\/innmelding.dsb.no\/elvirksomhetsregisteret\/privatsok?0\" target=\"_blank\" rel=\"noreferrer noopener\">Elvirksomhetsregisteret<\/a>.<\/p>\n<ul>\n<li>Det er kun registrerte elektrikere som har lov til \u00e5 utf\u00f8re arbeid p\u00e5 det elektriske anlegget ditt.<\/li>\n<li>Du har plikt til \u00e5 sjekke at firmaet du bruker st\u00e5r oppf\u00f8rt i Elvirksomhetsregisteret!<\/li>\n<li>Elektriker skal gi deg en samsvarserkl\u00e6ring etter endt arbeid. Denne er du pliktig \u00e5 oppbevare p\u00e5 et trygt sted eller p\u00e5 <a href=\"https:\/\/www.boligmappa.no\/\">Boligmappa.no<\/a>.<\/li>\n<\/ul>\n<h3>Ikke r\u00f8r varmekablene!<\/h3><p>F\u00f8r var det kun utvalgte fagforhandlere som solgte varmekabler, og dermed enklere \u00e5 forst\u00e5 at dette ikke var for hvem-som-helst \u00e5 montere. N\u00e5 er det imidlertid lett tilgjengelig og kan kj\u00f8pes av hvem som helst. Men du kan ikke montere dem selv. Ikke-fagl\u00e6rte kan verken legge, montere eller koble til fastmonterte varmekabler. Det er kun fagfolk som kan gj\u00f8re dette. De finner du i Elvirksomhetsregisteret!<\/p>\n<p>Det er flere tilfeller der folk har lagt varmekabler p\u00e5 badet selv eller f\u00e5tt noen andre til \u00e5 gj\u00f8re det, men som ikke har v\u00e6rt registrert i Elvirksomhetsregisteret. N\u00e5r eltilsynet kommer, blir det skrevet en avviksrapport og huseier risikerer at badet pigges opp igjen eller at str\u00f8mkabelen kuttes.<\/p>\n<p><a href=\"http:\/\/elsikkerhetsportalen.no\/lede\/wp-content\/uploads\/sites\/10\/2021\/04\/Varmekabler-feilmontert-600x400-1.jpg\"><img loading=\"lazy\" decoding=\"async\" class=\"alignnone wp-image-765 size-medium\" src=\"http:\/\/elsikkerhetsportalen.no\/lede\/wp-content\/uploads\/sites\/10\/2021\/04\/Varmekabler-feilmontert-600x400-1-300x200.jpg\" alt=\"\" width=\"300\" height=\"200\" srcset=\"https:\/\/elsikkerhetsportalen.no\/lede\/wp-content\/uploads\/sites\/10\/2021\/04\/Varmekabler-feilmontert-600x400-1-300x200.jpg 300w, https:\/\/elsikkerhetsportalen.no\/lede\/wp-content\/uploads\/sites\/10\/2021\/04\/Varmekabler-feilmontert-600x400-1-502x335.jpg 502w, https:\/\/elsikkerhetsportalen.no\/lede\/wp-content\/uploads\/sites\/10\/2021\/04\/Varmekabler-feilmontert-600x400-1.jpg 600w\" sizes=\"auto, (max-width: 300px) 100vw, 300px\" \/><\/a><\/p>\n<p>Overopphetede varmekabler p\u00e5 grunn av feilmontering.<\/p>\n<h3>Dette kan du gj\u00f8re uten \u00e5 s\u00f8ke<\/h3><p>F\u00f8r 2012 m\u00e5tte du som regel s\u00f8ke kommunen for \u00e5 f\u00e5 lov til \u00e5 renovere et bad. Reglene er endret, og det er som regel ikke s\u00f8knadspliktig med renovering av kj\u00f8kken eller bad.<\/p>\n<ul>\n<li>Full ombygging av v\u00e5trom\/bad innenfor \u00e9n bruksenhet<\/li>\n<li>Bygge nytt v\u00e5trom innenfor \u00e9n bruksenhet<\/li>\n<li>Installere toalett med og uten innebygget sisterne dersom det kobles til eksisterende r\u00f8rledninger og ikke ber\u00f8rer v\u00e5t sone.<\/li>\n<li>Installere, endre og reparere\u00a0sanit\u00e6rinstallasjoner som ikke ber\u00f8rer membran i v\u00e5tsoner.<\/li>\n<li>Montere vannstoppventil eller vannm\u00e5ler.<\/li>\n<li>Installere\u00a0ny, eller skifte ut, varmtvannsbereder.<\/li>\n<li>Trekke om\u00a0og skifte ut\u00a0innerr\u00f8r i r\u00f8r-i-r\u00f8r-systemer som kan gj\u00f8res uten \u00e5 komme i konflikt med v\u00e5t sone.<\/li>\n<li>Installere oppvaskmaskin, is-\/vannmaskin, kaffemaskin o.l.<\/li>\n<li>Skifte ut\u00a0armatur; ogs\u00e5 som ber\u00f8rer v\u00e5t sone n\u00e5r man bruker eksisterende r\u00f8rledninger og tilkobling.<\/li>\n<\/ul>\n<p>Dersom du er i tvil om oppussingsprosjektet ditt er s\u00f8knadspliktig, h\u00f8r med entrepren\u00f8ren.<\/p>\n\t\t\t\t<\/article>\n\t\t\t<\/div>\n\n\t\t\t<div class=\"cell small-12 medium-5 image\">\n\t\t\t\t\t\t\t<\/div>\n\t\t<\/div>\n\t\t\n\t<\/div>\n<\/section>\n\n\n\n<section id=\"image-content-block_608b97ca63bfc\" class=\"block-section image-content none has-more-content  align-full\">\n\t<div class=\"grid-container\" id=\"scrollToMe-pusse-opp-eller-bygge-kjokken\">\n\n\t\t<div class=\"grid-x grid-padding-x\">\n\n\t\t\t<div class=\"cell small-12 medium-7 content\">\n\t\t\t\t\t\t\t\t\t<h2 class=\"section-title\">Pusse opp eller bygge kj\u00f8kken<\/h2>\n\t\t\t\t\n\t\t\t\t\t\t\t\t\t<article><p>Mange mener kj\u00f8kkenet er selve hjerte i hjemmet. Det er hvert fall her de fleste boligbrannene starter. Det kan du unng\u00e5 ved \u00e5 tenke elsikkerhet n\u00e5r du pusser opp eller bygger nytt kj\u00f8kken!<\/p>\n<\/article>\n\t\t\t\t\n\t\t\t\t\t\t\t\t<div class=\"clearfix\"><\/div>\n\t\t\t\t\n\t\t\t\t\t\t\t\t\n\t\t\t\t\t<a\n\t\t\t\t\t\thref=\"#\"\n\t\t\t\t\t\tclass=\"button-plus content-toggler\"\n\t\t\t\t\t\tdata-initialtext=\"Les mer\"\n\t\t\t\t\t\tdata-toggletext=\"Les mindre\"\n\t\t\t\t\t\tdata-target=\"ic-hidden-block_608b97ca63bfc\"\n\t\t\t\t\t\trole=\"button\"\n\t\t\t\t\t\trel=\"nofollow\"\n\t\t\t\t\t\taria-label=\"\u00c5pne skjult innhold\"\n\t\t\t\t\t\taria-expanded=\"false\">\n\t\t\t\t\t\t<span>Les mer<\/span>\n\t\t\t\t\t\t<span class=\"icon icon-plus\"><\/span>\n\t\t\t\t\t<\/a>\n\t\t\t\t\n\t\t\t<\/div>\n\n\t\t\t<div class=\"cell small-12 medium-5 image\">\n\t\t\t\t<img loading=\"lazy\" decoding=\"async\" width=\"502\" height=\"335\" src=\"https:\/\/elsikkerhetsportalen.no\/lede\/wp-content\/uploads\/sites\/10\/2021\/04\/Kjokken-600x400-1-502x335.jpg\" class=\"attachment-image-content size-image-content\" alt=\"\" srcset=\"https:\/\/elsikkerhetsportalen.no\/lede\/wp-content\/uploads\/sites\/10\/2021\/04\/Kjokken-600x400-1-502x335.jpg 502w, https:\/\/elsikkerhetsportalen.no\/lede\/wp-content\/uploads\/sites\/10\/2021\/04\/Kjokken-600x400-1-300x200.jpg 300w, https:\/\/elsikkerhetsportalen.no\/lede\/wp-content\/uploads\/sites\/10\/2021\/04\/Kjokken-600x400-1.jpg 600w\" sizes=\"auto, (max-width: 502px) 100vw, 502px\" \/>\n\t\t\t<\/div>\n\n\t\t<\/div>\n\n\t\t\t\t\t\t<div class=\"grid-x grid-padding-x hidden-more-content\" aria-expanded=\"false\" aria-hidden=\"true\" id=\"ic-hidden-block_608b97ca63bfc\">\n\t\t\t<div class=\"cell small-12 medium-7 content\">\n\t\t\t\t<article>\n\t\t\t\t<p>Trender og v\u00e5re levem\u00e5ter p\u00e5virker kravene vi har til hvilke funksjoner kj\u00f8kkenet skal dekke. Behovet for riktig lys og nok stikkontakter \u00f8ker i takt med st\u00f8rrelsen p\u00e5 kj\u00f8kkenet. Her lages ikke bare mat!\u00a0Kj\u00f8kkenet er\u00a0ogs\u00e5 lekerom, arbeidsrom og spiserom. Stue og kj\u00f8kken sl\u00e5s n\u00e5 ofte sammen, og du f\u00e5r ett stort og \u00e5pent rom som samler familien.<\/p>\n<h3>Tips til nytt kj\u00f8kken<\/h3><ul>\n<li>Monter komfyrvakt! Den skal v\u00e6re en del av den faste installasjonen (skjerpet krav fra 2014).<\/li>\n<li>Husk at nye koketopper og komfyrer trekker mer str\u00f8m enn gamle. Hvis du i tillegg har kaffemaskin, mikrob\u00f8lgeovn eller dampovn p\u00e5 det nye kj\u00f8kkenet, m\u00e5 du sannsynligvis tilrettelegge for \u00f8kt str\u00f8mbruk i forkant!<\/li>\n<li>Vurder\u00a0styringssystem\u00a0for elektrisk utstyr og belysning.\u00a0<a href=\"https:\/\/elsikkerhetsportalen.no\/kjope-eller-pusse-opp\/smarthjem\/\" target=\"_blank\" rel=\"noreferrer noopener\">Se smarthjem<\/a><\/li>\n<li>Bruk fagfolk! Sl\u00e5 opp i\u00a0<a href=\"https:\/\/innmelding.dsb.no\/elvirksomhetsregisteret\/start?0\" target=\"_blank\" rel=\"noreferrer noopener\">Elvirksomhetsregisteret<\/a><\/li>\n<\/ul>\n<h3>Invester i brytere og ledninger <\/h3><p>Det er mange som legger store summer i \u00e5 pusse opp eller bygge kj\u00f8kken. Da er det en god id\u00e9 \u00e5 sette seg inn i hva som finnes av elektrisk materiell. Det finnes et stort utvalg i brytere og ledninger, s\u00e5 du kan sannsynligvis finne et design som passer til ditt interi\u00f8r. N\u00e5r du pusser opp, anbefaler vi at du investerer i nye ledninger og brytere i stede for \u00e5 sette opp igjen de gamle. Kontakt din elektriker for r\u00e5d og inspirasjon.<\/p>\n<h3>Et kj\u00f8kken brukes til mer enn matlaging<\/h3><p>I dag brukes kj\u00f8kkenet i stor grad som oppholdsrom for hele familien. Ofte er kj\u00f8kkenet ogs\u00e5 sl\u00e5tt sammen med stuen, noe som forsterker kj\u00f8kkenets rolle som oppholdsrom. Tenk derfor n\u00f8ye gjennom hvilke funksjoner du vil at ditt nye kj\u00f8kken skal utfylle n\u00e5r du planlegger belysning. Det kan v\u00e6re lurt \u00e5 installere b\u00e5de godt arbeidslys til matlaging og lekser og stemningslys til kosekvelder. En god l\u00f8sning er \u00e5 installere lysstyring; enten med enkle dimmere eller et komplett anlegg som styrer all belysning. Ta kontakt med en godkjent elektriker for gode r\u00e5d ut fra ditt behov og budsjett!<\/p>\n\t\t\t\t<\/article>\n\t\t\t<\/div>\n\n\t\t\t<div class=\"cell small-12 medium-5 image\">\n\t\t\t\t<img loading=\"lazy\" decoding=\"async\" width=\"502\" height=\"335\" src=\"https:\/\/elsikkerhetsportalen.no\/lede\/wp-content\/uploads\/sites\/10\/2021\/04\/liten-gutt-og-dame-ved-komfyr-Shutterstock-502x335.jpg\" class=\"attachment-image-content size-image-content\" alt=\"\" srcset=\"https:\/\/elsikkerhetsportalen.no\/lede\/wp-content\/uploads\/sites\/10\/2021\/04\/liten-gutt-og-dame-ved-komfyr-Shutterstock-502x335.jpg 502w, https:\/\/elsikkerhetsportalen.no\/lede\/wp-content\/uploads\/sites\/10\/2021\/04\/liten-gutt-og-dame-ved-komfyr-Shutterstock-300x200.jpg 300w, https:\/\/elsikkerhetsportalen.no\/lede\/wp-content\/uploads\/sites\/10\/2021\/04\/liten-gutt-og-dame-ved-komfyr-Shutterstock-1024x683.jpg 1024w, https:\/\/elsikkerhetsportalen.no\/lede\/wp-content\/uploads\/sites\/10\/2021\/04\/liten-gutt-og-dame-ved-komfyr-Shutterstock-768x512.jpg 768w, https:\/\/elsikkerhetsportalen.no\/lede\/wp-content\/uploads\/sites\/10\/2021\/04\/liten-gutt-og-dame-ved-komfyr-Shutterstock-1536x1024.jpg 1536w, https:\/\/elsikkerhetsportalen.no\/lede\/wp-content\/uploads\/sites\/10\/2021\/04\/liten-gutt-og-dame-ved-komfyr-Shutterstock-2048x1365.jpg 2048w\" sizes=\"auto, (max-width: 502px) 100vw, 502px\" \/>\t\t\t<\/div>\n\t\t<\/div>\n\t\t\n\t<\/div>\n<\/section>\n\n\n\n<section class=\"block-section post-cards\">\n\t<div class=\"grid-container\">\n\n        <div class=\"grid-x grid-margin-x section-title-wrapper\">\n            <div class=\"cell small-12 medium-6\">\n                                    <h1 class=\"section-title\">Vi anbefaler<\/h1>\n                            <\/div>\n\n                    <\/div>\n\n        <div class=\"grid-x grid-margin-x cards-wrapper\">\n                                                                    <a href=\"https:\/\/elsikkerhetsportalen.no\/lede\/elektrisk-anlegg\/hva-kan-du-gjore-selv\/\" class=\"link-card cell small-12 medium-6\">\n    <article>\n        <div class=\"content\">\n            <h3 class=\"title\">Hva kan du gj\u00f8re selv?<\/h3>\n            <p class=\"excerpt\"><\/p>\n        <\/div>\n        <span class=\"icon icon-arrow-right\"><\/span>\n    <\/article>\n<\/a>                    \n                                                        <a href=\"https:\/\/elsikkerhetsportalen.no\/lede\/elektrisk-utstyr\/hvitevarer\/\" class=\"link-card cell small-12 medium-6\">\n    <article>\n        <div class=\"content\">\n            <h3 class=\"title\">Hvitevarer<\/h3>\n            <p class=\"excerpt\"><\/p>\n        <\/div>\n        <span class=\"icon icon-arrow-right\"><\/span>\n    <\/article>\n<\/a>                    \n                                                        <a href=\"https:\/\/elsikkerhetsportalen.no\/lede\/elektrisk-utstyr\/belysning\/\" class=\"link-card cell small-12 medium-6\">\n    <article>\n        <div class=\"content\">\n            <h3 class=\"title\">Belysning<\/h3>\n            <p class=\"excerpt\"><\/p>\n        <\/div>\n        <span class=\"icon icon-arrow-right\"><\/span>\n    <\/article>\n<\/a>                    \n                                                        <a href=\"https:\/\/elsikkerhetsportalen.no\/lede\/jordet-eller-ujordet\/\" class=\"link-card cell small-12 medium-6\">\n    <article>\n        <div class=\"content\">\n            <h3 class=\"title\">Jordet eller ujordet<\/h3>\n            <p class=\"excerpt\">Har du en relativt ny bolig, er det kun jordete kontakter i alle rom. Bor&#8230;<\/p>\n        <\/div>\n        <span class=\"icon icon-arrow-right\"><\/span>\n    <\/article>\n<\/a>                    \n                                                    <\/div>\n\n    <\/div>\n<\/section>","protected":false},"excerpt":{"rendered":"","protected":false},"author":1,"featured_media":0,"parent":10,"menu_order":1,"comment_status":"closed","ping_status":"closed","template":"","meta":{"_acf_changed":false,"footnotes":""},"class_list":["post-36","page","type-page","status-publish","hentry"],"acf":[],"_links":{"self":[{"href":"https:\/\/elsikkerhetsportalen.no\/lede\/wp-json\/wp\/v2\/pages\/36","targetHints":{"allow":["GET"]}}],"collection":[{"href":"https:\/\/elsikkerhetsportalen.no\/lede\/wp-json\/wp\/v2\/pages"}],"about":[{"href":"https:\/\/elsikkerhetsportalen.no\/lede\/wp-json\/wp\/v2\/types\/page"}],"author":[{"embeddable":true,"href":"https:\/\/elsikkerhetsportalen.no\/lede\/wp-json\/wp\/v2\/users\/1"}],"replies":[{"embeddable":true,"href":"https:\/\/elsikkerhetsportalen.no\/lede\/wp-json\/wp\/v2\/comments?post=36"}],"version-history":[{"count":0,"href":"https:\/\/elsikkerhetsportalen.no\/lede\/wp-json\/wp\/v2\/pages\/36\/revisions"}],"up":[{"embeddable":true,"href":"https:\/\/elsikkerhetsportalen.no\/lede\/wp-json\/wp\/v2\/pages\/10"}],"wp:attachment":[{"href":"https:\/\/elsikkerhetsportalen.no\/lede\/wp-json\/wp\/v2\/media?parent=36"}],"curies":[{"name":"wp","href":"https:\/\/api.w.org\/{rel}","templated":true}]}}