{"id":461,"date":"2021-04-07T15:48:15","date_gmt":"2021-04-07T15:48:15","guid":{"rendered":"https:\/\/elsikkerhetsportalen.no\/lede\/elektrisk-utstyr\/ladetips\/"},"modified":"2025-06-19T06:53:05","modified_gmt":"2025-06-19T06:53:05","slug":"ladetips","status":"publish","type":"page","link":"https:\/\/elsikkerhetsportalen.no\/lede\/elektrisk-utstyr\/ladetips\/","title":{"rendered":"Ladetips"},"content":{"rendered":"<section id=\"scrollable-shortcuts-block_83d4e85561894b9ae84f7b27ef8909d8\" class=\"block-section scrollable-shortcuts   align-full\">\n\t<div class=\"grid-container\">\n\t\t<div class=\"grid-x grid-padding-x\">\n\n\t\t\t<header class=\"cell small-12 medium-7\">\n\t\t\t\t\t\t\t\t\t<h1>Det du trenger \u00e5 vite om lading<\/h1>\n\t\t\t\t\n\t\t\t\t\t\t\t\t\t<p class=\"ingress\">Vi har samlet gode tips uansett om du skal lade mobilen, nettbrettet eller elsykkelen. Aller f\u00f8rst finner du 10 ladevettregler.<\/p>\n\t\t\t\t\n\t\t\t\t\t\t\t\t\t<h2 class=\"shortcuts-title\">Snarveier<span><span class=\"icon icon-arrow-down\"><\/span><\/span><\/h2>\n\t\t\t\t\n\t\t\t\t<nav><ul><li><a href=\"#10-ladevettregler\" class=\"link link--underlined\">10 ladevettregler<\/a><\/li><li><a href=\"#generelt-om-lading\" class=\"link link--underlined\">Generelt om lading<\/a><\/li><li><a href=\"#lading-av-elektriske-kjoretoy\" class=\"link link--underlined\">Lading av elektriske kj\u00f8ret\u00f8y<\/a><\/li><\/ul><\/nav>\t\t\t<\/header>\n\n\t\t<\/div>\n\t<\/div>\n<\/section>\n\n\n\n<section id=\"image-content-block_328c04597e1fb2271d5e260dab4392c8\" class=\"block-section image-content dark has-more-content  align-full\">\n\t<div class=\"grid-container\" id=\"scrollToMe-10-ladevettregler\">\n\n\t\t<div class=\"grid-x grid-padding-x\">\n\n\t\t\t<div class=\"cell small-12 medium-7 content\">\n\t\t\t\t\t\t\t\t\t<h2 class=\"section-title\">10 ladevettregler<\/h2>\n\t\t\t\t\n\t\t\t\t\t\t\t\t\t<article><p>Ladevettreglene er utarbeidet av Norsk brannvernforening, Direktoratet for samfunnssikkerhet og beredskap (DSB) og forsikringsselskapet If.<\/p>\n<\/article>\n\t\t\t\t\n\t\t\t\t\t\t\t\t<div class=\"clearfix\"><\/div>\n\t\t\t\t\n\t\t\t\t\t\t\t\t\n\t\t\t\t\t<a\n\t\t\t\t\t\thref=\"#\"\n\t\t\t\t\t\tclass=\"button-plus content-toggler\"\n\t\t\t\t\t\tdata-initialtext=\"Les mer\"\n\t\t\t\t\t\tdata-toggletext=\"Les mindre\"\n\t\t\t\t\t\tdata-target=\"ic-hidden-block_328c04597e1fb2271d5e260dab4392c8\"\n\t\t\t\t\t\trole=\"button\"\n\t\t\t\t\t\trel=\"nofollow\"\n\t\t\t\t\t\taria-label=\"\u00c5pne skjult innhold\"\n\t\t\t\t\t\taria-expanded=\"false\">\n\t\t\t\t\t\t<span>Les mer<\/span>\n\t\t\t\t\t\t<span class=\"icon icon-plus\"><\/span>\n\t\t\t\t\t<\/a>\n\t\t\t\t\n\t\t\t<\/div>\n\n\t\t\t<div class=\"cell small-12 medium-5 image\">\n\t\t\t\t<img loading=\"lazy\" decoding=\"async\" width=\"502\" height=\"335\" src=\"https:\/\/elsikkerhetsportalen.no\/lede\/wp-content\/uploads\/sites\/10\/2021\/05\/Mobil-og-nettbrett-lader-600x400-1-502x335.jpg\" class=\"attachment-image-content size-image-content\" alt=\"\" srcset=\"https:\/\/elsikkerhetsportalen.no\/lede\/wp-content\/uploads\/sites\/10\/2021\/05\/Mobil-og-nettbrett-lader-600x400-1-502x335.jpg 502w, https:\/\/elsikkerhetsportalen.no\/lede\/wp-content\/uploads\/sites\/10\/2021\/05\/Mobil-og-nettbrett-lader-600x400-1-300x200.jpg 300w, https:\/\/elsikkerhetsportalen.no\/lede\/wp-content\/uploads\/sites\/10\/2021\/05\/Mobil-og-nettbrett-lader-600x400-1.jpg 600w\" sizes=\"auto, (max-width: 502px) 100vw, 502px\" \/>\n\t\t\t<\/div>\n\n\t\t<\/div>\n\n\t\t\t\t\t\t<div class=\"grid-x grid-padding-x hidden-more-content\" aria-expanded=\"false\" aria-hidden=\"true\" id=\"ic-hidden-block_328c04597e1fb2271d5e260dab4392c8\">\n\t\t\t<div class=\"cell small-12 medium-7 content\">\n\t\t\t\t<article>\n\t\t\t\t<ol>\n<li>Lad i rom med r\u00f8ykvarsler.<\/li>\n<li>Lad n\u00e5r du er v\u00e5ken og tilstede.<\/li>\n<li>Les og f\u00f8lg produsentenes bruksanvisning.<\/li>\n<li>Bruk helst original lader.<\/li>\n<li>Lad p\u00e5 et underlag som ikke lett kan brenne.<\/li>\n<li>Ikke lad i senga.<\/li>\n<li>Ikke lad i korridor eller trapperom. De m\u00e5 kunne brukes som fluktvei ved brann.<\/li>\n<li>Bytt ut skadet utstyr.<\/li>\n<li>Stopp lading dersom det kommer lyder, lukter eller blir unormalt varmt.<\/li>\n<li>Ved r\u00f8yk og flammer, ring brannvesenet p\u00e5 110.<\/li>\n<\/ol>\n<p><iframe loading=\"lazy\" title=\"Ladeskrekk\" width=\"500\" height=\"281\" src=\"https:\/\/www.youtube.com\/embed\/VqAaOkRo43o?feature=oembed\" frameborder=\"0\" allow=\"accelerometer; autoplay; clipboard-write; encrypted-media; gyroscope; picture-in-picture; web-share\" referrerpolicy=\"strict-origin-when-cross-origin\" allowfullscreen><\/iframe><\/p>\n\t\t\t\t<\/article>\n\t\t\t<\/div>\n\n\t\t\t<div class=\"cell small-12 medium-5 image\">\n\t\t\t\t\t\t\t<\/div>\n\t\t<\/div>\n\t\t\n\t<\/div>\n<\/section>\n\n\n\n<section id=\"image-content-block_d52750a46f67ae4b4e3f00aac060a618\" class=\"block-section image-content light has-more-content  align-full\">\n\t<div class=\"grid-container\" id=\"scrollToMe-generelt-om-lading\">\n\n\t\t<div class=\"grid-x grid-padding-x\">\n\n\t\t\t<div class=\"cell small-12 medium-7 content\">\n\t\t\t\t\t\t\t\t\t<h2 class=\"section-title\">Generelt om lading<\/h2>\n\t\t\t\t\n\t\t\t\t\t\t\t\t\t<article><p>Litiumionbatterier er ikke til \u00e5 sp\u00f8ke med! Det er derfor lurt \u00e5 vise forsiktighet n\u00e5r du lader.<\/p>\n<\/article>\n\t\t\t\t\n\t\t\t\t\t\t\t\t<div class=\"clearfix\"><\/div>\n\t\t\t\t\n\t\t\t\t\t\t\t\t\n\t\t\t\t\t<a\n\t\t\t\t\t\thref=\"#\"\n\t\t\t\t\t\tclass=\"button-plus content-toggler\"\n\t\t\t\t\t\tdata-initialtext=\"Les mer\"\n\t\t\t\t\t\tdata-toggletext=\"Les mindre\"\n\t\t\t\t\t\tdata-target=\"ic-hidden-block_d52750a46f67ae4b4e3f00aac060a618\"\n\t\t\t\t\t\trole=\"button\"\n\t\t\t\t\t\trel=\"nofollow\"\n\t\t\t\t\t\taria-label=\"\u00c5pne skjult innhold\"\n\t\t\t\t\t\taria-expanded=\"false\">\n\t\t\t\t\t\t<span>Les mer<\/span>\n\t\t\t\t\t\t<span class=\"icon icon-plus\"><\/span>\n\t\t\t\t\t<\/a>\n\t\t\t\t\n\t\t\t<\/div>\n\n\t\t\t<div class=\"cell small-12 medium-5 image\">\n\t\t\t\t<img loading=\"lazy\" decoding=\"async\" width=\"502\" height=\"335\" src=\"https:\/\/elsikkerhetsportalen.no\/lede\/wp-content\/uploads\/sites\/10\/2021\/06\/Ladere-600x400-1-502x335.jpg\" class=\"attachment-image-content size-image-content\" alt=\"\" srcset=\"https:\/\/elsikkerhetsportalen.no\/lede\/wp-content\/uploads\/sites\/10\/2021\/06\/Ladere-600x400-1-502x335.jpg 502w, https:\/\/elsikkerhetsportalen.no\/lede\/wp-content\/uploads\/sites\/10\/2021\/06\/Ladere-600x400-1-300x200.jpg 300w, https:\/\/elsikkerhetsportalen.no\/lede\/wp-content\/uploads\/sites\/10\/2021\/06\/Ladere-600x400-1.jpg 600w\" sizes=\"auto, (max-width: 502px) 100vw, 502px\" \/>\n\t\t\t<\/div>\n\n\t\t<\/div>\n\n\t\t\t\t\t\t<div class=\"grid-x grid-padding-x hidden-more-content\" aria-expanded=\"false\" aria-hidden=\"true\" id=\"ic-hidden-block_d52750a46f67ae4b4e3f00aac060a618\">\n\t\t\t<div class=\"cell small-12 medium-7 content\">\n\t\t\t\t<article>\n\t\t\t\t<p>Det er ikke s\u00e5nn at elektriske gjenstander oftere brenner p\u00e5 natten, men hvis ulykken f\u00f8rst skulle v\u00e6re ut skal det mye mer til at det oppdages fort hvis du sover enn om du er v\u00e5ken. Derfor anbefaler vi at du alltid er v\u00e5ken og til stede n\u00e5r du lader. P\u00e5 den m\u00e5ten kan du slukke en eventuell brann fort, og du unng\u00e5r brann- og r\u00f8ykskader p\u00e5 boligen din.<\/p>\n<h3>Litiumionbatterier<\/h3><p>Litiumionbatterier, som vi finner i blant annet mobiltelefoner og elsykler, er f\u00f8lsomme for slag, temperaturer og overbelastning. De benyttes likevel fordi de lagrer energi best; de har h\u00f8yere energitetthet enn alkaliske batterier. De har h\u00f8yt energiinnhold og kan avgi brannfarlige gasser og ta fyr om de kortsluttes. N\u00e5r litiumionbatterier begynner \u00e5 brenne, kan temperaturen bli s\u00e5 h\u00f8y at det er vanskelig \u00e5 slukke brannen. I tillegg kan det eksplodere.<\/p>\n<p>For \u00e5 slukke brann i litiumbatterier kreves det mye vann for \u00e5 kj\u00f8le ned batteriet. Det kan v\u00e6re en god ide \u00e5 fylle for eksempel en balje eller en stor s\u00f8ppeldunk med kaldt vann og senke batteriet nedi.<\/p>\n<p><img loading=\"lazy\" decoding=\"async\" class=\"alignnone size-medium wp-image-814\" src=\"https:\/\/elsikkerhetsportalen.no\/wp-content\/uploads\/2021\/05\/ELSP-Fremhevet-bilde-elsparkesykkel-under-slukking-300x200.jpg\" alt=\"\" width=\"300\" height=\"200\" srcset=\"https:\/\/elsikkerhetsportalen.no\/lede\/wp-content\/uploads\/sites\/10\/2021\/05\/ELSP-Fremhevet-bilde-elsparkesykkel-under-slukking-300x200.jpg 300w, https:\/\/elsikkerhetsportalen.no\/lede\/wp-content\/uploads\/sites\/10\/2021\/05\/ELSP-Fremhevet-bilde-elsparkesykkel-under-slukking-768x513.jpg 768w, https:\/\/elsikkerhetsportalen.no\/lede\/wp-content\/uploads\/sites\/10\/2021\/05\/ELSP-Fremhevet-bilde-elsparkesykkel-under-slukking-502x335.jpg 502w, https:\/\/elsikkerhetsportalen.no\/lede\/wp-content\/uploads\/sites\/10\/2021\/05\/ELSP-Fremhevet-bilde-elsparkesykkel-under-slukking.jpg 1024w\" sizes=\"auto, (max-width: 300px) 100vw, 300px\" \/><\/p>\n<p>P\u00e5 bildet har Oslo brann- og redningsvesen fylt en s\u00f8ppeldunk med vann og senket en elsparkesykkel nedi for \u00e5 klare \u00e5 slukke brannen i litiumbatteriet.<\/p>\n<p>Litiumbatterier eller gjenstander som inneholder litiumbatterier skal ikke kastes i restavfall, men leveres hos egne milj\u00f8stasjoner. Disse finner du ofte hos forhandlere som selger batterier eller produkter som bruker dem.<\/p>\n\t\t\t\t<\/article>\n\t\t\t<\/div>\n\n\t\t\t<div class=\"cell small-12 medium-5 image\">\n\t\t\t\t\t\t\t<\/div>\n\t\t<\/div>\n\t\t\n\t<\/div>\n<\/section>\n\n\n\n<section id=\"image-content-block_5d72f90225e13324091bfbd51b8af17c\" class=\"block-section image-content dark has-more-content  align-full\">\n\t<div class=\"grid-container\" id=\"scrollToMe-lading-av-elektriske-kjoretoy\">\n\n\t\t<div class=\"grid-x grid-padding-x\">\n\n\t\t\t<div class=\"cell small-12 medium-7 content\">\n\t\t\t\t\t\t\t\t\t<h2 class=\"section-title\">Lading av elektriske kj\u00f8ret\u00f8y<\/h2>\n\t\t\t\t\n\t\t\t\t\t\t\t\t\t<article><p>Branner i litiumsbatterier kan v\u00e6re ekspolsive, gi rask r\u00f8ykutvikling og brennende deler kan bli kastet flere meter av g\u00e5rde.<\/p>\n<p>Lad s\u00e5 trygt som mulig, og ikke lad i r\u00f8mningsveier!!<\/p>\n<\/article>\n\t\t\t\t\n\t\t\t\t\t\t\t\t<div class=\"clearfix\"><\/div>\n\t\t\t\t\n\t\t\t\t\t\t\t\t\n\t\t\t\t\t<a\n\t\t\t\t\t\thref=\"#\"\n\t\t\t\t\t\tclass=\"button-plus content-toggler\"\n\t\t\t\t\t\tdata-initialtext=\"Les mer\"\n\t\t\t\t\t\tdata-toggletext=\"Les mindre\"\n\t\t\t\t\t\tdata-target=\"ic-hidden-block_5d72f90225e13324091bfbd51b8af17c\"\n\t\t\t\t\t\trole=\"button\"\n\t\t\t\t\t\trel=\"nofollow\"\n\t\t\t\t\t\taria-label=\"\u00c5pne skjult innhold\"\n\t\t\t\t\t\taria-expanded=\"false\">\n\t\t\t\t\t\t<span>Les mer<\/span>\n\t\t\t\t\t\t<span class=\"icon icon-plus\"><\/span>\n\t\t\t\t\t<\/a>\n\t\t\t\t\n\t\t\t<\/div>\n\n\t\t\t<div class=\"cell small-12 medium-5 image\">\n\t\t\t\t<img loading=\"lazy\" decoding=\"async\" width=\"502\" height=\"335\" src=\"https:\/\/elsikkerhetsportalen.no\/lede\/wp-content\/uploads\/sites\/10\/2021\/06\/Elsykkel-600x400-1-502x335.jpg\" class=\"attachment-image-content size-image-content\" alt=\"\" srcset=\"https:\/\/elsikkerhetsportalen.no\/lede\/wp-content\/uploads\/sites\/10\/2021\/06\/Elsykkel-600x400-1-502x335.jpg 502w, https:\/\/elsikkerhetsportalen.no\/lede\/wp-content\/uploads\/sites\/10\/2021\/06\/Elsykkel-600x400-1-300x200.jpg 300w, https:\/\/elsikkerhetsportalen.no\/lede\/wp-content\/uploads\/sites\/10\/2021\/06\/Elsykkel-600x400-1.jpg 600w\" sizes=\"auto, (max-width: 502px) 100vw, 502px\" \/>\n\t\t\t<\/div>\n\n\t\t<\/div>\n\n\t\t\t\t\t\t<div class=\"grid-x grid-padding-x hidden-more-content\" aria-expanded=\"false\" aria-hidden=\"true\" id=\"ic-hidden-block_5d72f90225e13324091bfbd51b8af17c\">\n\t\t\t<div class=\"cell small-12 medium-7 content\">\n\t\t\t\t<article>\n\t\t\t\t<ul id=\"block-58ac3854-555e-445e-95a3-3c3b66a5b151\" class=\"block-editor-rich-text__editable block-editor-block-list__block wp-block is-selected rich-text\" role=\"group\" aria-label=\"Block: List\" data-block=\"58ac3854-555e-445e-95a3-3c3b66a5b151\" data-type=\"core\/list\" data-title=\"List\">\n<li>Du kan lade batteriet mens det sitter fast p\u00e5 kj\u00f8ret\u00f8yet, eller ved \u00e5 l\u00f8sne det og lade batteriet separat.<\/li>\n<li>Under ladingen skal b\u00e5de batteriet og laderen ligge p\u00e5 flatt underlag.<\/li>\n<li>Laderen skal aldri tildekkes n\u00e5r den er tilkoblet.<\/li>\n<li>Koble fra laderen n\u00e5r ladingen er fullf\u00f8rt.<\/li>\n<li>Ladingen b\u00f8r skje p\u00e5 steder hvor det ikke finnes brennbart materiale i umiddelbar n\u00e6rhet.<\/li>\n<li>Om vinteren er det en fordel \u00e5 lade batteriet innend\u00f8rs, ettersom det kan v\u00e6re skadelig for batteriet \u00e5 lade n\u00e5r det er kaldt.\u00a0Ha r\u00f8ykvarsler i rommet der ladingen skjer.<\/li>\n<li>Lad aldri mens du sover, eller dersom ingen er tilstede i boligen!<\/li>\n<\/ul>\n<p>Stadig flere har private elsparkesykler og lader disse hjemme. Fremtind har registrert flere tilfeller av batterier som har eksplodert under lading, og tilfeller av at batteriene har eksplodert selv n\u00e5r de ikke st\u00e5r til lading.<\/p>\n<p><em>Bildet av elsparkesykkel er fra en brann i et rekkehus p\u00e5 Tolvsr\u00f8d i T\u00f8nsberg 10. desember 2021. Den startet i eller ved en elektrisk sparkesykkel innend\u00f8rs. Det opplyser Vestfold Interkommunale brannvesen etter at politiet har funnet ut hvor brannen startet. Beboeren med elsparkesykkelen fikk alvorlig brannskade, men klarte \u00e5 r\u00f8mme ut og varsle en nabo, som ringte n\u00f8detatene. To beboere ble reddet ut av politiet som kom f\u00f8rst til stedet. To andre personer ble reddet ut av brannvesenets r\u00f8ykdykkere. Alle de seks leilighetene ble totalskadet.<\/em><\/p>\n<p><em>Bildet av hoverboard er fra brannetterforskning av boligbrann\u00a0som startet i hoverboard som stod til lading. Det for\u00e5rsaket store skader, men huset ble reddet fordi eier var hjemme og oppdaget brannen.<\/em><\/p>\n<a class=\"link link--underlined\" href=\"https:\/\/www.nrk.no\/vestfoldogtelemark\/dsb-tar-grep-etter-at-flere-branntilfeller-med-elsparkesykler-1.16012491\" target=\"_blank\">Over 40 branner knyttet til elsparkesykler. DSB tar grep.<\/a><h3>Ny rapport om branner i litiumbatterier<\/h3><p>Slike branner er eksplosjonsartede og uforutsigbare. Brennende deler kan kastes flere meter av g\u00e5rde og starte nye branner. I tillegg kommer det store mengder giftig gass som kan gj\u00f8re det vanskelig \u00e5 evakuere. Hvis du har mulighet, b\u00f8r du lade og oppbevare elsparkesykkel og lignende elkj\u00f8ret\u00f8y utenfor boligen din, sier avdelingsdirekt\u00f8r Johan Marius Ly i DSB.<\/p>\n<p>Forskningsrapporten \u00abR\u00f8mning ved brann i litiumbatteri i el-sparkesykkel\u00bb er utf\u00f8rt av RISE Fire Research p\u00e5 oppdrag fra DSB. Rapporten anbefaler at man tilrettelegger og finner gode l\u00f8sninger for trygg lagring av el-sparkesykler og lignende utstyr med litiumbatterier. Konklusjonene fra studien er ogs\u00e5 relevant for publikumsbygg der det oppholder seg mange mennesker. Her m\u00e5 det unng\u00e5s \u00e5 lade eller lagre el-kj\u00f8ret\u00f8y i r\u00f8mningsveiene. En brann i litiumbatteri er voldsom og skremmende og kan p\u00e5virke evnen til \u00e5 evakuere. Sm\u00e5 barn og eldre er ogs\u00e5 spesielt utsatt for kvelende giftstoffer.<\/p>\n<h3>R\u00e5d og fakta fra rapporten<\/h3><ul>\n<li>Elsparkesykkelen kan begynne \u00e5 brenne, selv om den ikke st\u00e5r til lading.<\/li>\n<li>Elsparkesykkelen kan begynne \u00e5 brenne selv om den er helt ny.<\/li>\n<li>Kj\u00f8p elsparkesykkel av god kvalitet, og unng\u00e5 \u00e5 importere dem selv. D\u00e5rlig kvalitet kan \u00f8ke faren for brannstart, raskere og mer intens brannutvikling.<\/li>\n<li>En fungerende r\u00f8ykvarsler er viktig.<\/li>\n<li>Ikke lad batteriet hvis batteriet eller elsparkesykkelen er skadet.<\/li>\n<li>Bruk originale batterier og ladere.<\/li>\n<li>Oppbevar helst batteriene i romtemperatur, og unng\u00e5 lading i minusgrader.<\/li>\n<li>F\u00f8lg <a href=\"https:\/\/elsikkerhetsportalen.no\/faq\/hva-er-ladevettreglene\/\">ladevettreglene<\/a><\/li>\n<\/ul>\n<a class=\"link link--underlined\" href=\"https:\/\/www.dsb.no\/nyhetsarkiv\/2023\/ny-rapport-om-branner-i-litiumbatterier\/\" target=\"_blank\">Les rapporten hos DSB<\/a>\t\t\t\t<\/article>\n\t\t\t<\/div>\n\n\t\t\t<div class=\"cell small-12 medium-5 image\">\n\t\t\t\t<img loading=\"lazy\" decoding=\"async\" width=\"502\" height=\"335\" src=\"https:\/\/elsikkerhetsportalen.no\/lede\/wp-content\/uploads\/2021\/11\/Elsparkesykkel-branntillop-Foto-Vestfold-Interkommunale-Brannvesen-IKS-502x335.png\" class=\"attachment-image-content size-image-content\" alt=\"Bilde viser en forbrent elsparkesykkel\" srcset=\"https:\/\/elsikkerhetsportalen.no\/lede\/wp-content\/uploads\/2021\/11\/Elsparkesykkel-branntillop-Foto-Vestfold-Interkommunale-Brannvesen-IKS-502x335.png 502w, https:\/\/elsikkerhetsportalen.no\/lede\/wp-content\/uploads\/2021\/11\/Elsparkesykkel-branntillop-Foto-Vestfold-Interkommunale-Brannvesen-IKS-300x200.png 300w, https:\/\/elsikkerhetsportalen.no\/lede\/wp-content\/uploads\/2021\/11\/Elsparkesykkel-branntillop-Foto-Vestfold-Interkommunale-Brannvesen-IKS.png 600w\" sizes=\"auto, (max-width: 502px) 100vw, 502px\" \/><img loading=\"lazy\" decoding=\"async\" width=\"502\" height=\"335\" src=\"https:\/\/elsikkerhetsportalen.no\/lede\/wp-content\/uploads\/sites\/10\/2021\/04\/Utbrent-batteri-hoverboard-stabrett-502x335.jpg\" class=\"attachment-image-content size-image-content\" alt=\"\" srcset=\"https:\/\/elsikkerhetsportalen.no\/lede\/wp-content\/uploads\/sites\/10\/2021\/04\/Utbrent-batteri-hoverboard-stabrett-502x335.jpg 502w, https:\/\/elsikkerhetsportalen.no\/lede\/wp-content\/uploads\/sites\/10\/2021\/04\/Utbrent-batteri-hoverboard-stabrett-300x200.jpg 300w, https:\/\/elsikkerhetsportalen.no\/lede\/wp-content\/uploads\/sites\/10\/2021\/04\/Utbrent-batteri-hoverboard-stabrett.jpg 600w\" sizes=\"auto, (max-width: 502px) 100vw, 502px\" \/>\t\t\t<\/div>\n\t\t<\/div>\n\t\t\n\t<\/div>\n<\/section>\n\n\n\n<section class=\"block-section post-cards\">\n\t<div class=\"grid-container\">\n\n        <div class=\"grid-x grid-margin-x section-title-wrapper\">\n            <div class=\"cell small-12 medium-6\">\n                                    <h1 class=\"section-title\">Vi anbefaler<\/h1>\n                            <\/div>\n\n                    <\/div>\n\n        <div class=\"grid-x grid-margin-x cards-wrapper\">\n                                                                    <a href=\"https:\/\/elsikkerhetsportalen.no\/lede\/kjope-eller-pusse-opp\/smarthjem\/\" class=\"link-card cell small-12 medium-6\">\n    <article>\n        <div class=\"content\">\n            <h3 class=\"title\">Elsikkerhet i smarthus<\/h3>\n            <p class=\"excerpt\">Smarte hus er mer elsikre De tekniske nyvinningene gir mulighet for st\u00f8rre elsikkerhet. Tenk derfor&#8230;<\/p>\n        <\/div>\n        <span class=\"icon icon-arrow-right\"><\/span>\n    <\/article>\n<\/a>                    \n                                                        <a href=\"https:\/\/elsikkerhetsportalen.no\/lede\/elektrisk-utstyr\/kjop-og-bruk-av-elektrisk-utstyr\/\" class=\"link-card cell small-12 medium-6\">\n    <article>\n        <div class=\"content\">\n            <h3 class=\"title\">Kj\u00f8p og bruk av elektrisk utstyr<\/h3>\n            <p class=\"excerpt\"><\/p>\n        <\/div>\n        <span class=\"icon icon-arrow-right\"><\/span>\n    <\/article>\n<\/a>                    \n                                                    <\/div>\n\n    <\/div>\n<\/section>","protected":false},"excerpt":{"rendered":"","protected":false},"author":1,"featured_media":1037,"parent":9,"menu_order":4,"comment_status":"closed","ping_status":"closed","template":"","meta":{"_acf_changed":false,"footnotes":""},"class_list":["post-461","page","type-page","status-publish","has-post-thumbnail","hentry"],"acf":[],"_links":{"self":[{"href":"https:\/\/elsikkerhetsportalen.no\/lede\/wp-json\/wp\/v2\/pages\/461","targetHints":{"allow":["GET"]}}],"collection":[{"href":"https:\/\/elsikkerhetsportalen.no\/lede\/wp-json\/wp\/v2\/pages"}],"about":[{"href":"https:\/\/elsikkerhetsportalen.no\/lede\/wp-json\/wp\/v2\/types\/page"}],"author":[{"embeddable":true,"href":"https:\/\/elsikkerhetsportalen.no\/lede\/wp-json\/wp\/v2\/users\/1"}],"replies":[{"embeddable":true,"href":"https:\/\/elsikkerhetsportalen.no\/lede\/wp-json\/wp\/v2\/comments?post=461"}],"version-history":[{"count":0,"href":"https:\/\/elsikkerhetsportalen.no\/lede\/wp-json\/wp\/v2\/pages\/461\/revisions"}],"up":[{"embeddable":true,"href":"https:\/\/elsikkerhetsportalen.no\/lede\/wp-json\/wp\/v2\/pages\/9"}],"wp:featuredmedia":[{"embeddable":true,"href":"https:\/\/elsikkerhetsportalen.no\/lede\/wp-json\/wp\/v2\/media\/1037"}],"wp:attachment":[{"href":"https:\/\/elsikkerhetsportalen.no\/lede\/wp-json\/wp\/v2\/media?parent=461"}],"curies":[{"name":"wp","href":"https:\/\/api.w.org\/{rel}","templated":true}]}}