{"id":47,"date":"2021-02-03T21:35:03","date_gmt":"2021-02-03T21:35:03","guid":{"rendered":"http:\/\/elsikkerhetsportalen.no\/lede\/?page_id=47"},"modified":"2024-01-26T13:52:29","modified_gmt":"2024-01-26T13:52:29","slug":"bedriftselektriker","status":"publish","type":"page","link":"https:\/\/elsikkerhetsportalen.no\/lede\/for-bedrifter\/bedriftselektriker\/","title":{"rendered":"Bedriftselektriker"},"content":{"rendered":"<section id=\"scrollable-shortcuts-block_b987e12fc6c2a3bcb406e25919c3b509\" class=\"block-section scrollable-shortcuts   align-full\">\n\t<div class=\"grid-container\">\n\t\t<div class=\"grid-x grid-padding-x\">\n\n\t\t\t<header class=\"cell small-12 medium-7\">\n\t\t\t\t\t\t\t\t\t<h1>Bedriftselektrikeren<\/h1>\n\t\t\t\t\n\t\t\t\t\t\t\t\t\t<p class=\"ingress\">Mange virksomheter har egne elektrofagfolk blant sine ansatte. Dette gjelder spesielt i industrien. En bedriftselektriker kan likevel ikke utf\u00f8re arbeider p\u00e5 det elektriske anlegget, eller tilknyttede maskiner og utstyr, helt uten videre.\r\nVi gj\u00f8r oppmerksom p\u00e5 at de nyeste presiseringene i Nyhetsbladet Elsikkerhet gjelder foran tidligere presiseringer. Temaet er omtalt flere ganger, bl.a. i nr. 87, 89, 92 og 95.<\/p>\n\t\t\t\t\n\t\t\t\t\t\t\t\t\t<h2 class=\"shortcuts-title\">Snarveier<span><span class=\"icon icon-arrow-down\"><\/span><\/span><\/h2>\n\t\t\t\t\n\t\t\t\t<nav><ul><li><a href=\"#registrering-i-elvirksomhetsregisteret\" class=\"link link--underlined\">Registrering<\/a><\/li><li><a href=\"#faglig-ansvarlig\" class=\"link link--underlined\">Faglig ansvarlig<\/a><\/li><li><a href=\"#utforer-av-oppgaver\" class=\"link link--underlined\">Utf\u00f8rer<\/a><\/li><li><a href=\"#krav-til-internkontroll\" class=\"link link--underlined\">Krav til internkontroll<\/a><\/li><\/ul><\/nav>\t\t\t<\/header>\n\n\t\t<\/div>\n\t<\/div>\n<\/section>\n\n\n\n<section id=\"download-list-block_5aaa8b1b994af6fa41d52522beb6abb9\" class=\"block-section download-list dark  align-full\">\n\t<div class=\"grid-container\">\n\t\t<div class=\"grid-x grid-padding-x\">\n\n\t\t\t<div class=\"cell small-12 medium-6 large-5 title-wrapper\">\n\t\t\t\t\t\t\t\t\t<h2 class=\"title\">Se presiseringene<\/h2>\n\t\t\t\t\t\t\t<\/div>\n\n\t\t\t<div class=\"cell small-12 medium-5 large-4 large-offset-1 downloads-wrapper\">\n\n\t\t\t\t\t\t\t\t\t<ul>\n\t\t\t\t\t\t\t\t\t\t\t\n\t\t\t\t\t\t\n\t\t\t\t\t\t\t\t\t\t\t\t\t<li>\n\n\t\t\t\t\t\t\t\t\t\t\t\t\t\t\t<a href=\"https:\/\/elsikkerhetsportalen.no\/om-elsikkerhetsportalen\/nyhetsbladet-elsikkerhet\/\" class=\"link\" target=\"_blank\">\n\t\t\t\t\t\t\t\t\t<span class=\"str\">Nyhetsbladet Elsikkerhet<\/span>\n\t\t\t\t\t\t\t\t\t<span class=\"icon icon-arrow-right\"><\/span>\n\t\t\t\t\t\t\t\t<\/a>\n\t\t\t\t\t\t\t\n\t\t\t\t\t\t\t<\/li>\n\t\t\t\t\t\t\n\t\t\t\t\t\t\t\t\t\t\t\n\t\t\t\t\t\t\n\t\t\t\t\t\t\n\t\t\t\t\t\t\t\t\t\t<\/ul>\n\t\t\t\t\n\t\t\t<\/div>\n\n\t\t<\/div>\n\t<\/div>\n<\/section>\n\n\n<section id=\"image-content-block_20eb590112ea8fccf76037060c6bbd3e\" class=\"block-section image-content light smaller-fonts no-image has-more-content  align-full\">\n\t<div class=\"grid-container\" id=\"scrollToMe-registrering-i-elvirksomhetsregisteret\">\n\n\t\t<div class=\"grid-x grid-padding-x\">\n\n\t\t\t<div class=\"cell small-12 medium-7 content\">\n\t\t\t\t\t\t\t\t\t<h2 class=\"section-title\">Registrering i Elvirksomhetsregisteret<\/h2>\n\t\t\t\t\n\t\t\t\t\t\t\t\t\t<article><p>Den som har det faglige ansvaret for drift og vedlikehold av arbeidsgiverens egne lavspenningsanlegg, eller sm\u00e5, enkle h\u00f8yspenningsanlegg, skal ha kompetanse iht. kravene i fek. I tillegg m\u00e5 foretaket v\u00e6re registrert i DSB sitt Elvirksomhetsregister.<\/p>\n<\/article>\n\t\t\t\t\n\t\t\t\t\t\t\t\t<div class=\"clearfix\"><\/div>\n\t\t\t\t\n\t\t\t\t\t\t\t\t\n\t\t\t\t\t<a\n\t\t\t\t\t\thref=\"#\"\n\t\t\t\t\t\tclass=\"button-plus content-toggler\"\n\t\t\t\t\t\tdata-initialtext=\"Les mer\"\n\t\t\t\t\t\tdata-toggletext=\"Les mindre\"\n\t\t\t\t\t\tdata-target=\"ic-hidden-block_20eb590112ea8fccf76037060c6bbd3e\"\n\t\t\t\t\t\trole=\"button\"\n\t\t\t\t\t\trel=\"nofollow\"\n\t\t\t\t\t\taria-label=\"\u00c5pne skjult innhold\"\n\t\t\t\t\t\taria-expanded=\"false\">\n\t\t\t\t\t\t<span>Les mer<\/span>\n\t\t\t\t\t\t<span class=\"icon icon-plus\"><\/span>\n\t\t\t\t\t<\/a>\n\t\t\t\t\n\t\t\t<\/div>\n\n\t\t\t<div class=\"cell small-12 medium-5 image\">\n\t\t\t\t\t\t\t\t\t\n\t\t\t\t\t\n\t\t\t\t\n\t\t\t<\/div>\n\n\t\t<\/div>\n\n\t\t\t\t\t\t<div class=\"grid-x grid-padding-x hidden-more-content\" aria-expanded=\"false\" aria-hidden=\"true\" id=\"ic-hidden-block_20eb590112ea8fccf76037060c6bbd3e\">\n\t\t\t<div class=\"cell small-12 medium-7 content\">\n\t\t\t\t<article>\n\t\t\t\t<p>Hva som faller inn under begrepet \u00absm\u00e5, enkle h\u00f8yspenningsanlegg\u00bb avgj\u00f8res av DSB i hvert enkelt tilfelle, men et eksempel er konstantstr\u00f8mserieringer for flyplassbelysning.<\/p>\n<p>Alle virksomheter som utf\u00f8rer arbeid knyttet til elektriske anlegg, og reparasjon av elektrisk utstyr, skal registreres i myndighetenes register.<\/p>\n<p>Dette gjelder ogs\u00e5 virksomheter som med egne ansatte foretar \u00abDrift og vedlikehold av virksomhetens egne elektriske lavspenningsanlegg\u00bb eller \u00abBygging, drift og vedlikehold av virksomhetens egne elektriske lavspenningsanlegg\u00bb. Registreringsplikten er \u00e5 finne i fek \u00a73.<\/p>\n<a class=\"link link--underlined\" href=\"https:\/\/www.dsb.no\/lover\/elektriske-anlegg-og-elektrisk-utstyr\/tema\/info_elvirksomhetsregisteret\/#registrere-virksomhet\" target=\"_blank\">Registrere og oppdatere opplysning om virksomhet i Elvirksomhetsregisteret<\/a><a class=\"link link--underlined\" href=\"https:\/\/lovdata.no\/dokument\/SF\/forskrift\/2013-06-19-739\" target=\"_blank\">Forskrift om elektroforetak og kvalifikasjonskrav for arbeid knyttet til elektriske anlegg og elektrisk utstyr (fek)<\/a><h3>Registrering av underenhet og arbeidsoppgave<\/h3><p>Registreringsplikten gjelder i utgangspunkt alle underenheter\/bedrifter i et foretak som benytter sine egne ansatte til \u00e5 utf\u00f8re arbeidet p\u00e5 deres elektriske anlegg. Det er imidlertid gitt \u00e5pning for at et foretak kan benytte egne ansatte til arbeid p\u00e5 egne elektriske lavspenningsanlegg tilh\u00f8rende andre underenheter under samme foretak. Det er da den underenheten som utf\u00f8rer arbeidet som skal registreres.<\/p>\n<ul>\n<li>En underenhet\/bedrift som kun benytter egne ansatte til \u00e5\u00a0<strong>drifte og vedlikeholde<\/strong>\u00a0<strong>egne elektriske lavspenningsanlegg<\/strong>, skal registreres med arbeidsoppgaven \u00abDrift og vedlikehold av virksomhetens egne elektriske lavspenningsanlegg\u00bb.<\/li>\n<\/ul>\n<ul>\n<li>En underenhet\/bedrift som benytter egne ansatte til \u00e5\u00a0<strong>bygge, drifte og vedlikeholde<\/strong>\u00a0<strong>egne elektriske lavspenningsanlegg<\/strong>, skal registreres med arbeidsoppgaven \u00abBygging, drift og vedlikehold av virksomhetens egne elektriske lavspenningsanlegg.\u00bb.<\/li>\n<\/ul>\n<ul>\n<li>En underenhet\/bedrift som benytter egne ansatte til ogs\u00e5 \u00e5\u00a0<strong>bygge, drifte og vedlikeholde elektriske lavspenningsanlegg tilh\u00f8rende andre underenheter\/ bedrifter<\/strong>\u00a0under samme foretak, skal registreres med arbeidsoppgaven \u00abBygging, drift og vedlikehold av virksomhetens egne elektriske lavspenningsanlegg.\u00bb. Alternativt kan underenheten v\u00e6re registrert som en ordin\u00e6r tilbyder i tredjepartsmarkedet med arbeidsoppgavene \u00abProsjektering av andres elektriske anlegg\u00bb og \u00abBygging, drift og vedlikehold av andres elektriske anlegg\u00bb. I s\u00e5 fall skal ikke de andre nevnte arbeidsoppgavene benyttes.<\/li>\n<\/ul>\n\t\t\t\t<\/article>\n\t\t\t<\/div>\n\n\t\t\t<div class=\"cell small-12 medium-5 image\">\n\t\t\t\t\t\t\t<\/div>\n\t\t<\/div>\n\t\t\n\t<\/div>\n<\/section>\n\n\n\n<section id=\"image-content-block_10af5924828196e401a060904a0f949e\" class=\"block-section image-content dark smaller-fonts no-image has-more-content  align-full\">\n\t<div class=\"grid-container\" id=\"scrollToMe-faglig-ansvarlig\">\n\n\t\t<div class=\"grid-x grid-padding-x\">\n\n\t\t\t<div class=\"cell small-12 medium-7 content\">\n\t\t\t\t\t\t\t\t\t<h2 class=\"section-title\">Faglig ansvarlig<\/h2>\n\t\t\t\t\n\t\t\t\t\t\t\t\t\t<article><p>Alle registrerte elvirksomheter m\u00e5 ha en faglig ansvarlig. Det er en forutsetning at den faglig ansvarlige er fast ansatt i foretaket. Foretaket er ogs\u00e5 ansvarlig for at den som har det faglige ansvaret ut\u00f8ver arbeidet og er tilgjengelig innenfor foretakets normale arbeidstid. Den som har det faglige ansvaret kan ikke samtidig inneha en stilling med sammenfallende, eller delvis sammenfallende, arbeidstid i et annet foretak.<\/p>\n<\/article>\n\t\t\t\t\n\t\t\t\t\t\t\t\t<div class=\"clearfix\"><\/div>\n\t\t\t\t\n\t\t\t\t\t\t\t\t\n\t\t\t\t\t<a\n\t\t\t\t\t\thref=\"#\"\n\t\t\t\t\t\tclass=\"button-plus content-toggler\"\n\t\t\t\t\t\tdata-initialtext=\"Les mer\"\n\t\t\t\t\t\tdata-toggletext=\"Les mindre\"\n\t\t\t\t\t\tdata-target=\"ic-hidden-block_10af5924828196e401a060904a0f949e\"\n\t\t\t\t\t\trole=\"button\"\n\t\t\t\t\t\trel=\"nofollow\"\n\t\t\t\t\t\taria-label=\"\u00c5pne skjult innhold\"\n\t\t\t\t\t\taria-expanded=\"false\">\n\t\t\t\t\t\t<span>Les mer<\/span>\n\t\t\t\t\t\t<span class=\"icon icon-plus\"><\/span>\n\t\t\t\t\t<\/a>\n\t\t\t\t\n\t\t\t<\/div>\n\n\t\t\t<div class=\"cell small-12 medium-5 image\">\n\t\t\t\t\t\t\t\t\t\n\t\t\t\t\t\n\t\t\t\t\n\t\t\t<\/div>\n\n\t\t<\/div>\n\n\t\t\t\t\t\t<div class=\"grid-x grid-padding-x hidden-more-content\" aria-expanded=\"false\" aria-hidden=\"true\" id=\"ic-hidden-block_10af5924828196e401a060904a0f949e\">\n\t\t\t<div class=\"cell small-12 medium-7 content\">\n\t\t\t\t<article>\n\t\t\t\t<p>Den som skal ha det faglige ansvaret for\u00a0<strong>drift og vedlikehold<\/strong>\u00a0av arbeidsgiverens egne lavspenningsanlegg, eller sm\u00e5, enkle h\u00f8yspenningsanlegg, m\u00e5 tilfredsstille minst ett av f\u00f8lgende krav:<\/p>\n<ol>\n<li>Har relevant master- eller bachelorgrad eller to\u00e5rig utdanning som fagskoletekniker med relevant fagbrev. Vedkommende skal i tillegg ha opparbeidet minst tre \u00e5rs relevant praksis etter endt utdanning.<\/li>\n<li>Har relevant fagbrev for de aktuelle arbeidsoppgavene og tre \u00e5rs relevant praksis fra de anleggstyper som fagbrevet omfatter.<\/li>\n<\/ol>\n<blockquote class=\"wp-block-quote\"><p>Relevant fagbrev vil her v\u00e6re elektriker eller elektromont\u00f8r gr. L, med noen f\u00e5 unntak. Vedkommende kan kun v\u00e6re faglig ansvarlig for drift og vedlikehold av anleggs- og utstyrstyper som faller innenfor sitt eget kompetanseomr\u00e5de.<\/p><\/blockquote>\n<p>Den som skal ha det faglige ansvaret for\u00a0<strong>bygging, utvidelser eller endringer<\/strong>\u00a0av arbeidsgivers egne elektriske anlegg, m\u00e5 oppfylle kravene i fek \u00a7 7 f\u00f8rste ledd.<\/p>\n<p>Dette betyr at faglig ansvarlig m\u00e5 tilfredsstille kravene i punkt 1 ovenfor, alts\u00e5 ha relevant master- eller bachelorgrad eller to\u00e5rig utdanning som fagskoletekniker med relevant fagbrev. Vedkommende skal i tillegg ha opparbeidet minst tre \u00e5rs relevant praksis etter endt utdanning. Det er imidlertid ikke et krav at vedkommende har best\u00e5tt installat\u00f8rpr\u00f8ven (fek \u00a7 7 andre ledd), s\u00e5 lenge bedriften kun utf\u00f8rer arbeid p\u00e5 sitt eget elektriske anlegg.<\/p>\n<p>Dersom en underenhet\/bedrift benytter egne ansatte til ogs\u00e5 \u00e5 bygge, drifte og vedlikehold elektriske lavspenningsanlegg tilh\u00f8rende andre underenheter\/bedrifter under samme foretak, m\u00e5 faglig ansvarlig ha best\u00e5tt installat\u00f8rpr\u00f8ven (fek \u00a77, andre ledd)<\/p>\n<a class=\"link link--underlined\" href=\"https:\/\/lovdata.no\/dokument\/SF\/forskrift\/2013-06-19-739#KAPITTEL_3\" target=\"_blank\">Forskrift om elektroforetak og kvalifikasjonskrav for arbeid knyttet til elektriske anlegg og elektrisk utstyr (fek)<\/a>\t\t\t\t<\/article>\n\t\t\t<\/div>\n\n\t\t\t<div class=\"cell small-12 medium-5 image\">\n\t\t\t\t\t\t\t<\/div>\n\t\t<\/div>\n\t\t\n\t<\/div>\n<\/section>\n\n\n\n<section id=\"image-content-block_f11e3c015601a0f4cade921923ecd987\" class=\"block-section image-content none smaller-fonts no-image has-more-content  align-full\">\n\t<div class=\"grid-container\" id=\"scrollToMe-utforer-av-oppgaver\">\n\n\t\t<div class=\"grid-x grid-padding-x\">\n\n\t\t\t<div class=\"cell small-12 medium-7 content\">\n\t\t\t\t\t\t\t\t\t<h2 class=\"section-title\">Utf\u00f8rer av oppgaver<\/h2>\n\t\t\t\t\n\t\t\t\t\t\t\t\t\t<article><p>Personer som skal utf\u00f8re oppgaver knyttet til bygging, drift og vedlikehold av arbeidsgiverens egne lavspenningsanlegg skal oppfylle kravene i fek \u00a7 6 f\u00f8rste ledd, som sier: \u201cDen som bygger og vedlikeholder elektriske anlegg, skal ha fagbrev innenfor elektrofag som er relevant for de aktuelle arbeidsoppgavene.\u201d<\/p>\n<\/article>\n\t\t\t\t\n\t\t\t\t\t\t\t\t<div class=\"clearfix\"><\/div>\n\t\t\t\t\n\t\t\t\t\t\t\t\t\n\t\t\t\t\t<a\n\t\t\t\t\t\thref=\"#\"\n\t\t\t\t\t\tclass=\"button-plus content-toggler\"\n\t\t\t\t\t\tdata-initialtext=\"Les mer\"\n\t\t\t\t\t\tdata-toggletext=\"Les mindre\"\n\t\t\t\t\t\tdata-target=\"ic-hidden-block_f11e3c015601a0f4cade921923ecd987\"\n\t\t\t\t\t\trole=\"button\"\n\t\t\t\t\t\trel=\"nofollow\"\n\t\t\t\t\t\taria-label=\"\u00c5pne skjult innhold\"\n\t\t\t\t\t\taria-expanded=\"false\">\n\t\t\t\t\t\t<span>Les mer<\/span>\n\t\t\t\t\t\t<span class=\"icon icon-plus\"><\/span>\n\t\t\t\t\t<\/a>\n\t\t\t\t\n\t\t\t<\/div>\n\n\t\t\t<div class=\"cell small-12 medium-5 image\">\n\t\t\t\t\t\t\t\t\t\n\t\t\t\t\t\n\t\t\t\t\n\t\t\t<\/div>\n\n\t\t<\/div>\n\n\t\t\t\t\t\t<div class=\"grid-x grid-padding-x hidden-more-content\" aria-expanded=\"false\" aria-hidden=\"true\" id=\"ic-hidden-block_f11e3c015601a0f4cade921923ecd987\">\n\t\t\t<div class=\"cell small-12 medium-7 content\">\n\t\t\t\t<article>\n\t\t\t\t<p>Dette betyr at minstekravet til person som skal utf\u00f8re oppgaver knyttet til bygging, drift og vedlikehold av arbeidsgiverens egne elektriske lavspenningsanlegg er at vedkommende skal kunne dokumentere relevant fagbrev for de aktuelle arbeidsoppgavene. Relevant fagbrev vil her v\u00e6re elektriker eller elektromont\u00f8r gr.L, med noen f\u00e5 unntak.<\/p>\n<p>For\u00f8vrig m\u00e5 personer som bygger, drifter og vedlikeholder elektriske lavspenningsanlegg v\u00e6re ansatt i den samme underenheten\/bedriften som den faglig ansvarlige.<br \/>\n<a href=\"https:\/\/www.elsikkerhetsportalen.no\/bedriftselektriker\/instruert-personell\/\" target=\"_blank\" rel=\"noreferrer noopener\">En instruert person<\/a>\u00a0uten relevant fagbrev kan ogs\u00e5 gj\u00f8re enkle drifts- og vedlikeholdsoppgaver, forutsatt at dette foreg\u00e5r innenfor definerte rammer og at n\u00f8dvendig oppl\u00e6ring blir gitt.<\/p>\n<p>Dersom den faglige ansvarlige kun har master- eller bachelorgrad, kan vedkommende ikke selv \u00abbygge\u00bb p\u00e5 virksomhetens anlegg. For \u00e5 kunne gj\u00f8re dette, m\u00e5 man ha relevant fagbrev jf. fek \u00a7 6 f\u00f8rste ledd. S\u00e5 lenge vedkommende tilfredsstiller kravene i fek \u00a7 7, kan denne personen imidlertid utf\u00f8re enkelte oppgaver knyttet til drift og vedlikehold, jf. fek \u00a7 6 tredje ledd.<\/p>\n<a class=\"link link--underlined\" href=\"https:\/\/lovdata.no\/dokument\/SF\/forskrift\/2013-06-19-739#KAPITTEL_3\" target=\"_blank\">Forskrift om elektroforetak og kvalifikasjonskrav for arbeid knyttet til elektriske anlegg og elektrisk utstyr (fek)<\/a>\t\t\t\t<\/article>\n\t\t\t<\/div>\n\n\t\t\t<div class=\"cell small-12 medium-5 image\">\n\t\t\t\t\t\t\t<\/div>\n\t\t<\/div>\n\t\t\n\t<\/div>\n<\/section>\n\n\n\n<section id=\"image-content-block_3ba3f007cef173c946c2b5fe477c3bc4\" class=\"block-section image-content light smaller-fonts no-image has-more-content  align-full\">\n\t<div class=\"grid-container\" id=\"scrollToMe-krav-til-internkontroll\">\n\n\t\t<div class=\"grid-x grid-padding-x\">\n\n\t\t\t<div class=\"cell small-12 medium-7 content\">\n\t\t\t\t\t\t\t\t\t<h2 class=\"section-title\">Krav til internkontroll<\/h2>\n\t\t\t\t\n\t\t\t\t\t\t\t\t\t<article><p>For virksomheter som selv st\u00e5r for bygging og\/eller drift og vedlikehold av egne elektriske anlegg, vil det noen spesielle krav til internkontroll. Det m\u00e5 s\u00f8rges for at virksomheten har et internkontrollsystem som ivaretar sikkerheten til de ansatte og sikrer rett faglig utf\u00f8relse av arbeidet.<\/p>\n<\/article>\n\t\t\t\t\n\t\t\t\t\t\t\t\t<div class=\"clearfix\"><\/div>\n\t\t\t\t\n\t\t\t\t\t\t\t\t\n\t\t\t\t\t<a\n\t\t\t\t\t\thref=\"#\"\n\t\t\t\t\t\tclass=\"button-plus content-toggler\"\n\t\t\t\t\t\tdata-initialtext=\"Les mer\"\n\t\t\t\t\t\tdata-toggletext=\"Les mindre\"\n\t\t\t\t\t\tdata-target=\"ic-hidden-block_3ba3f007cef173c946c2b5fe477c3bc4\"\n\t\t\t\t\t\trole=\"button\"\n\t\t\t\t\t\trel=\"nofollow\"\n\t\t\t\t\t\taria-label=\"\u00c5pne skjult innhold\"\n\t\t\t\t\t\taria-expanded=\"false\">\n\t\t\t\t\t\t<span>Les mer<\/span>\n\t\t\t\t\t\t<span class=\"icon icon-plus\"><\/span>\n\t\t\t\t\t<\/a>\n\t\t\t\t\n\t\t\t<\/div>\n\n\t\t\t<div class=\"cell small-12 medium-5 image\">\n\t\t\t\t\t\t\t\t\t\n\t\t\t\t\t\n\t\t\t\t\n\t\t\t<\/div>\n\n\t\t<\/div>\n\n\t\t\t\t\t\t<div class=\"grid-x grid-padding-x hidden-more-content\" aria-expanded=\"false\" aria-hidden=\"true\" id=\"ic-hidden-block_3ba3f007cef173c946c2b5fe477c3bc4\">\n\t\t\t<div class=\"cell small-12 medium-7 content\">\n\t\t\t\t<article>\n\t\t\t\t<p>Dette inneb\u00e6rer blant annet f\u00f8lgende krav:<\/p>\n<ul>\n<li>Virksomheten m\u00e5 s\u00f8rge for, og kunne dokumentere, at faglig ansvarlig tilfredsstiller kvalifikasjonskravene.<\/li>\n<li>Virksomheten m\u00e5 s\u00f8rge for at de som har det faglige ansvaret ut\u00f8ver arbeidet, og er tilgjengelige, innenfor foretakets normale arbeidstid.<\/li>\n<li>Virksomheten m\u00e5 v\u00e6re organisert slik at de som har det faglige ansvaret ogs\u00e5 reelt kan ivareta sitt ansvar i det daglige virket.<\/li>\n<li>Det m\u00e5 dokumenteres hvilke anlegg den faglige ansvarlige har det faglige ansvaret for drift og vedlikehold av. Det m\u00e5 oppgis anleggstyper og hvilken underenhet, med bedriftsnummer, disse elektriske anleggene tilh\u00f8rer.<\/li>\n<li>Det skal foreligge en beskrivelse av ansvars- og arbeidsomr\u00e5dene for faglig ansvarlig og \u00f8vrige fagarbeidere som utf\u00f8rer drift og vedlikehold av elektriske anlegg (omfang og begrensninger).<\/li>\n<li>Virksomheten skal ha rutiner som sikrer at virksomheten er registret i Elvirksomhetsregisteret, og rutiner for oppdatering av registrerte opplysninger.<\/li>\n<li>Dersom virksomheten oppdager feil knyttet til det utf\u00f8rte arbeidet, skal virksomheten ha et avviksbehandlingsystem for h\u00e5ndtering av slike saker.<\/li>\n<li>Virksomheten m\u00e5 besitte rett kompetanse b\u00e5de hos de som er ansvarlige for arbeidet og hos de ansatte som utf\u00f8rer arbeid p\u00e5 elektrisk anlegg og elektrisk utstyr.<\/li>\n<li>Virksomheten skal ha rutiner som sikrer at alle ansatte som arbeider med elektriske anlegg og elektrisk utstyr er kompetente til det arbeidet de utf\u00f8rer.<\/li>\n<li>Virksomheten skal ha rutiner som sikrer at ansatte f\u00e5r oppl\u00e6ring og at det lages oppl\u00e6ringsplaner i virksomheten.<\/li>\n<li>Virksomheten m\u00e5 ha en oversikt over antall ansatte som utf\u00f8rer drift- og vedlikeholdsoppgaver, samt kompetansen til disse (b\u00e5de formell og praktisk kompetanse).<\/li>\n<li>Dokumenterte rutiner for oppl\u00e6ring av eventuelt instruert personell med tilh\u00f8rende instrukser for hva vedkommende kan utf\u00f8re.<\/li>\n<li>Dokumentasjon p\u00e5 \u00e5rlig oppl\u00e6ring i sikkerhetsforskrifter, herunder Forskrift om sikkerhet ved arbeid i, og drift av, elektriske anlegg (fse).<\/li>\n<li>Virksomheten skal ha rutiner for \u00e5 melde ulykker og uhell ved arbeid p\u00e5 elektriske anlegg.<\/li>\n<li>Virksomheten skal ha rutiner for valg av arbeidsmetode og bruk av verneutstyr.<\/li>\n<li>Virksomheten skal ha rutiner for bruk og vedlikehold av n\u00f8dvendig verneutstyr og verkt\u00f8y i forbindelse med arbeid p\u00e5 elektriske anlegg.<\/li>\n<\/ul>\n\t\t\t\t<\/article>\n\t\t\t<\/div>\n\n\t\t\t<div class=\"cell small-12 medium-5 image\">\n\t\t\t\t\t\t\t<\/div>\n\t\t<\/div>\n\t\t\n\t<\/div>\n<\/section>\n\n\n\n<section class=\"block-section post-cards\">\n\t<div class=\"grid-container\">\n\n        <div class=\"grid-x grid-margin-x section-title-wrapper\">\n            <div class=\"cell small-12 medium-6\">\n                                    <h1 class=\"section-title\">Vi anbefaler<\/h1>\n                            <\/div>\n\n                    <\/div>\n\n        <div class=\"grid-x grid-margin-x cards-wrapper\">\n                                                                    <a href=\"https:\/\/elsikkerhetsportalen.no\/lede\/elbransjen\/regelverk\/\" class=\"link-card cell small-12 medium-6\">\n    <article>\n        <div class=\"content\">\n            <h3 class=\"title\">Regelverket<\/h3>\n            <p class=\"excerpt\"><\/p>\n        <\/div>\n        <span class=\"icon icon-arrow-right\"><\/span>\n    <\/article>\n<\/a>                    \n                                                        <a href=\"https:\/\/elsikkerhetsportalen.no\/lede\/om-elsikkerhetsportalen\/nyhetsbladet-elsikkerhet\/\" class=\"link-card cell small-12 medium-6\">\n    <article>\n        <div class=\"content\">\n            <h3 class=\"title\">Nyhetsbladet Elsikkerhet<\/h3>\n            <p class=\"excerpt\"><\/p>\n        <\/div>\n        <span class=\"icon icon-arrow-right\"><\/span>\n    <\/article>\n<\/a>                    \n                                                        <a href=\"https:\/\/elsikkerhetsportalen.no\/lede\/dle\/kontakt-dle\/\" class=\"link-card cell small-12 medium-6\">\n    <article>\n        <div class=\"content\">\n            <h3 class=\"title\">Kontakt DLE<\/h3>\n            <p class=\"excerpt\">Det lokale eltilsynet utf\u00f8rer tilsyn i private hjem og i virksomheter. E-post:&nbsp;dle@lede.noTelefon:&nbsp;+47 334 13 400&#8230;<\/p>\n        <\/div>\n        <span class=\"icon icon-arrow-right\"><\/span>\n    <\/article>\n<\/a>                    \n                                                    <\/div>\n\n    <\/div>\n<\/section>","protected":false},"excerpt":{"rendered":"","protected":false},"author":1,"featured_media":0,"parent":13,"menu_order":0,"comment_status":"closed","ping_status":"closed","template":"","meta":{"_acf_changed":false,"footnotes":""},"class_list":["post-47","page","type-page","status-publish","hentry"],"acf":[],"_links":{"self":[{"href":"https:\/\/elsikkerhetsportalen.no\/lede\/wp-json\/wp\/v2\/pages\/47","targetHints":{"allow":["GET"]}}],"collection":[{"href":"https:\/\/elsikkerhetsportalen.no\/lede\/wp-json\/wp\/v2\/pages"}],"about":[{"href":"https:\/\/elsikkerhetsportalen.no\/lede\/wp-json\/wp\/v2\/types\/page"}],"author":[{"embeddable":true,"href":"https:\/\/elsikkerhetsportalen.no\/lede\/wp-json\/wp\/v2\/users\/1"}],"replies":[{"embeddable":true,"href":"https:\/\/elsikkerhetsportalen.no\/lede\/wp-json\/wp\/v2\/comments?post=47"}],"version-history":[{"count":0,"href":"https:\/\/elsikkerhetsportalen.no\/lede\/wp-json\/wp\/v2\/pages\/47\/revisions"}],"up":[{"embeddable":true,"href":"https:\/\/elsikkerhetsportalen.no\/lede\/wp-json\/wp\/v2\/pages\/13"}],"wp:attachment":[{"href":"https:\/\/elsikkerhetsportalen.no\/lede\/wp-json\/wp\/v2\/media?parent=47"}],"curies":[{"name":"wp","href":"https:\/\/api.w.org\/{rel}","templated":true}]}}