{"id":62,"date":"2021-02-03T21:37:31","date_gmt":"2021-02-03T21:37:31","guid":{"rendered":"http:\/\/elsikkerhetsportalen.no\/lede\/?page_id=62"},"modified":"2025-09-12T12:58:05","modified_gmt":"2025-09-12T12:58:05","slug":"tilsyn-med-boliger","status":"publish","type":"page","link":"https:\/\/elsikkerhetsportalen.no\/lede\/dle\/tilsyn-med-boliger\/","title":{"rendered":"Tilsyn med boliger"},"content":{"rendered":"<section id=\"scrollable-shortcuts-block_46371e3b8613324c7c87083344ca4c72\" class=\"block-section scrollable-shortcuts   align-full\">\n\t<div class=\"grid-container\">\n\t\t<div class=\"grid-x grid-padding-x\">\n\n\t\t\t<header class=\"cell small-12 medium-7\">\n\t\t\t\t\t\t\t\t\t<h1>Tilsyn med boliger og hytter<\/h1>\n\t\t\t\t\n\t\t\t\t\t\t\t\t\t<p class=\"ingress\">Tilsyn av elektriske anlegg i boliger og fritidsboliger er en av det lokale eltilsyn (DLE) sine oppgaver. Hensikten er \u00e5 redusere risikoen for skade p\u00e5 liv og eiendom hjemme hos deg. Kontrollen er dekket inn av nettleien, og du betaler derfor ikke noe ekstra for den.\r\nDu mottar alltid varsel i forkant av et kontrollbes\u00f8k. Nettselskapet kan leie inn et sakkyndig selskap til \u00e5 utf\u00f8re selve kontrollen hjemme hos deg.  Du f\u00e5r informasjon om hvem som f\u00f8rer tilsyn med elektriske anlegget ditt. Tilsynspersonellet skal legitimere seg uoppfordret.<\/p>\n\t\t\t\t\n\t\t\t\t\t\t\t\t\t<h2 class=\"shortcuts-title\">Snarveier<span><span class=\"icon icon-arrow-down\"><\/span><\/span><\/h2>\n\t\t\t\t\n\t\t\t\t<nav><ul><li><a href=\"#for-vi-kommer\" class=\"link link--underlined\">F\u00f8r vi kommer<\/a><\/li><li><a href=\"#under-kontrollen\" class=\"link link--underlined\">Under kontrollen<\/a><\/li><li><a href=\"#etter-kontrollen\" class=\"link link--underlined\">Etter kontrollen<\/a><\/li><\/ul><\/nav>\t\t\t<\/header>\n\n\t\t<\/div>\n\t<\/div>\n<\/section>\n\n\n\n<section id=\"image-content-block_14b8dae8595c375af7469c25ecb2ba80\" class=\"block-section image-content light has-more-content  align-full\">\n\t<div class=\"grid-container\" id=\"scrollToMe-for-vi-kommer\">\n\n\t\t<div class=\"grid-x grid-padding-x\">\n\n\t\t\t<div class=\"cell small-12 medium-7 content\">\n\t\t\t\t\t\t\t\t\t<h2 class=\"section-title\">F\u00f8r vi kommer<\/h2>\n\t\t\t\t\n\t\t\t\t\t\t\t\t\t<article><p>Bruker eller eier av\u00a0det elektriske anlegget m\u00e5 s\u00f8rge for at\u00a0<strong>noen er til stede ved kontrollen.<\/strong>\u00a0Det beste er selvsagt at\u00a0du selv\u00a0er til stede. Da f\u00e5r tilsynspersonellet informert om det som eventuelt p\u00e5vises av feil og bakgrunnen for at utbedring m\u00e5 gj\u00f8res. Hvis du ikke har anledning til \u00e5 v\u00e6re til stede, m\u00e5 du sende en som kan v\u00e6re din representant i stedet.<\/p>\n<\/article>\n\t\t\t\t\n\t\t\t\t\t\t\t\t<div class=\"clearfix\"><\/div>\n\t\t\t\t\n\t\t\t\t\t\t\t\t\n\t\t\t\t\t<a\n\t\t\t\t\t\thref=\"#\"\n\t\t\t\t\t\tclass=\"button-plus content-toggler\"\n\t\t\t\t\t\tdata-initialtext=\"Les mer\"\n\t\t\t\t\t\tdata-toggletext=\"Les mindre\"\n\t\t\t\t\t\tdata-target=\"ic-hidden-block_14b8dae8595c375af7469c25ecb2ba80\"\n\t\t\t\t\t\trole=\"button\"\n\t\t\t\t\t\trel=\"nofollow\"\n\t\t\t\t\t\taria-label=\"\u00c5pne skjult innhold\"\n\t\t\t\t\t\taria-expanded=\"false\">\n\t\t\t\t\t\t<span>Les mer<\/span>\n\t\t\t\t\t\t<span class=\"icon icon-plus\"><\/span>\n\t\t\t\t\t<\/a>\n\t\t\t\t\n\t\t\t<\/div>\n\n\t\t\t<div class=\"cell small-12 medium-5 image\">\n\t\t\t\t<img loading=\"lazy\" decoding=\"async\" width=\"502\" height=\"335\" src=\"https:\/\/elsikkerhetsportalen.no\/lede\/wp-content\/uploads\/sites\/10\/2021\/06\/Dokumenter-600x400-1-502x335.jpg\" class=\"attachment-image-content size-image-content\" alt=\"\" srcset=\"https:\/\/elsikkerhetsportalen.no\/lede\/wp-content\/uploads\/sites\/10\/2021\/06\/Dokumenter-600x400-1-502x335.jpg 502w, https:\/\/elsikkerhetsportalen.no\/lede\/wp-content\/uploads\/sites\/10\/2021\/06\/Dokumenter-600x400-1-300x200.jpg 300w, https:\/\/elsikkerhetsportalen.no\/lede\/wp-content\/uploads\/sites\/10\/2021\/06\/Dokumenter-600x400-1.jpg 600w\" sizes=\"auto, (max-width: 502px) 100vw, 502px\" \/>\n\t\t\t<\/div>\n\n\t\t<\/div>\n\n\t\t\t\t\t\t<div class=\"grid-x grid-padding-x hidden-more-content\" aria-expanded=\"false\" aria-hidden=\"true\" id=\"ic-hidden-block_14b8dae8595c375af7469c25ecb2ba80\">\n\t\t\t<div class=\"cell small-12 medium-7 content\">\n\t\t\t\t<article>\n\t\t\t\t<ul>\n<li>Har du, eller har hatt problemer med det elektriske anlegget, eller med elektriske apparater?<\/li>\n<li>Gj\u00f8r det lett \u00e5 komme til sikringsskap og eventuelle sikringer p\u00e5 loftet.<\/li>\n<li>Har du nytt hus, eller f\u00e5tt utf\u00f8rt elektriske arbeider? Ha samsvarserkl\u00e6ring og dokumentasjon tilgjengelig.<\/li>\n<\/ul>\n<p>&nbsp;<\/p>\n<p>&nbsp;<\/p>\n<a class=\"link link--underlined\" href=\"https:\/\/elsikkerhetsportalen.no\/lede\/samsvarserklaering\/\" target=\"_blank\">Se hva samsvarserkl\u00e6ring og dokumentasjon er.<\/a>\t\t\t\t<\/article>\n\t\t\t<\/div>\n\n\t\t\t<div class=\"cell small-12 medium-5 image\">\n\t\t\t\t\t\t\t<\/div>\n\t\t<\/div>\n\t\t\n\t<\/div>\n<\/section>\n\n\n\n<section id=\"image-content-block_de0701e279834451b0eb63cb416ab7c8\" class=\"block-section image-content dark has-more-content  align-full\">\n\t<div class=\"grid-container\" id=\"scrollToMe-under-kontrollen\">\n\n\t\t<div class=\"grid-x grid-padding-x\">\n\n\t\t\t<div class=\"cell small-12 medium-7 content\">\n\t\t\t\t\t\t\t\t\t<h2 class=\"section-title\">Under kontrollen<\/h2>\n\t\t\t\t\n\t\t\t\t\t\t\t\t\t<article><p>Det foretas b\u00e5de m\u00e5linger og visuell sjekk av anlegget. I tillegg\u00a0gis det\u00a0gode r\u00e5d og informasjon om elsikkerhet. Deler av kontrollen m\u00e5 gj\u00f8res p\u00e5 spenningsl\u00f8st anlegg, noe som betyr at str\u00f8mmen blir borte en kort stund.\u00a0Det utf\u00f8res et stikkpr\u00f8vebasert tilsyn.<\/p>\n<\/article>\n\t\t\t\t\n\t\t\t\t\t\t\t\t<div class=\"clearfix\"><\/div>\n\t\t\t\t\n\t\t\t\t\t\t\t\t\n\t\t\t\t\t<a\n\t\t\t\t\t\thref=\"#\"\n\t\t\t\t\t\tclass=\"button-plus content-toggler\"\n\t\t\t\t\t\tdata-initialtext=\"Les mer\"\n\t\t\t\t\t\tdata-toggletext=\"Les mindre\"\n\t\t\t\t\t\tdata-target=\"ic-hidden-block_de0701e279834451b0eb63cb416ab7c8\"\n\t\t\t\t\t\trole=\"button\"\n\t\t\t\t\t\trel=\"nofollow\"\n\t\t\t\t\t\taria-label=\"\u00c5pne skjult innhold\"\n\t\t\t\t\t\taria-expanded=\"false\">\n\t\t\t\t\t\t<span>Les mer<\/span>\n\t\t\t\t\t\t<span class=\"icon icon-plus\"><\/span>\n\t\t\t\t\t<\/a>\n\t\t\t\t\n\t\t\t<\/div>\n\n\t\t\t<div class=\"cell small-12 medium-5 image\">\n\t\t\t\t<img loading=\"lazy\" decoding=\"async\" width=\"502\" height=\"335\" src=\"https:\/\/elsikkerhetsportalen.no\/lede\/wp-content\/uploads\/sites\/10\/2021\/04\/tilsyn-502x335.jpg\" class=\"attachment-image-content size-image-content\" alt=\"Bilde viser sjekk av jording p\u00e5 stikkpr\u00f8vebasert tilsyn\" srcset=\"https:\/\/elsikkerhetsportalen.no\/lede\/wp-content\/uploads\/sites\/10\/2021\/04\/tilsyn-502x335.jpg 502w, https:\/\/elsikkerhetsportalen.no\/lede\/wp-content\/uploads\/sites\/10\/2021\/04\/tilsyn-300x200.jpg 300w, https:\/\/elsikkerhetsportalen.no\/lede\/wp-content\/uploads\/sites\/10\/2021\/04\/tilsyn.jpg 600w\" sizes=\"auto, (max-width: 502px) 100vw, 502px\" \/>\n\t\t\t<\/div>\n\n\t\t<\/div>\n\n\t\t\t\t\t\t<div class=\"grid-x grid-padding-x hidden-more-content\" aria-expanded=\"false\" aria-hidden=\"true\" id=\"ic-hidden-block_de0701e279834451b0eb63cb416ab7c8\">\n\t\t\t<div class=\"cell small-12 medium-7 content\">\n\t\t\t\t<article>\n\t\t\t\t<h3>Dette er noe av det som sjekkes:<\/h3>\n<ul>\n<li>inntakssikringer<\/li>\n<li>sikringsskap<\/li>\n<li>jordingsanlegg<\/li>\n<li>defekt materiell<\/li>\n<li>skj\u00f8teledninger<\/li>\n<li>bruk av apparater og utstyr<\/li>\n<\/ul>\n<p>Tilsynspersonellet m\u00e5 ha tilgang til alle deler av boligen med mindre det er spesielle forhold som skulle tilsi noe annet. Det er derfor viktig at eieren ogs\u00e5 har s\u00f8rget for tilgang til eventuelle hybler eller utleieleiligheter som h\u00f8rer til boligen.<\/p>\n<p>Hvor lenge kontrollen varer, er avhengig av st\u00f8rrelse av boligen, alderen og anleggets tilstand. Normalt tar det 30-60 minutter, men beregne gjerne bedre tid.<\/p>\n\t\t\t\t<\/article>\n\t\t\t<\/div>\n\n\t\t\t<div class=\"cell small-12 medium-5 image\">\n\t\t\t\t\t\t\t<\/div>\n\t\t<\/div>\n\t\t\n\t<\/div>\n<\/section>\n\n\n\n<section id=\"image-content-block_47b38ae59c6df0d62a8ca2cf2f7a9e7b\" class=\"block-section image-content none has-more-content  align-full\">\n\t<div class=\"grid-container\" id=\"scrollToMe-etter-kontrollen\">\n\n\t\t<div class=\"grid-x grid-padding-x\">\n\n\t\t\t<div class=\"cell small-12 medium-7 content\">\n\t\t\t\t\t\t\t\t\t<h2 class=\"section-title\">Etter kontrollen<\/h2>\n\t\t\t\t\n\t\t\t\t\t\t\t\t\t<article><p>Feil eller mangler m\u00e5 normalt rettes av en registrert installasjonsvirksomhet og innen en gitt frist. N\u00e5r feil og mangler er rettet skal installasjonsvirksomheten sende melding om dette til DLE eller til det sakkyndige selskapet som har utf\u00f8rt kontrollen. Etter at tilfredsstillende tilbakemelding er mottatt vil du f\u00e5 en bekreftelse p\u00e5 at saken er avsluttet.<\/p>\n<\/article>\n\t\t\t\t\n\t\t\t\t\t\t\t\t<div class=\"clearfix\"><\/div>\n\t\t\t\t\n\t\t\t\t\t\t\t\t\n\t\t\t\t\t<a\n\t\t\t\t\t\thref=\"#\"\n\t\t\t\t\t\tclass=\"button-plus content-toggler\"\n\t\t\t\t\t\tdata-initialtext=\"Les mer\"\n\t\t\t\t\t\tdata-toggletext=\"Les mindre\"\n\t\t\t\t\t\tdata-target=\"ic-hidden-block_47b38ae59c6df0d62a8ca2cf2f7a9e7b\"\n\t\t\t\t\t\trole=\"button\"\n\t\t\t\t\t\trel=\"nofollow\"\n\t\t\t\t\t\taria-label=\"\u00c5pne skjult innhold\"\n\t\t\t\t\t\taria-expanded=\"false\">\n\t\t\t\t\t\t<span>Les mer<\/span>\n\t\t\t\t\t\t<span class=\"icon icon-plus\"><\/span>\n\t\t\t\t\t<\/a>\n\t\t\t\t\n\t\t\t<\/div>\n\n\t\t\t<div class=\"cell small-12 medium-5 image\">\n\t\t\t\t<img loading=\"lazy\" decoding=\"async\" width=\"502\" height=\"335\" src=\"https:\/\/elsikkerhetsportalen.no\/lede\/wp-content\/uploads\/sites\/10\/2021\/04\/Varmepute-600x400-1-502x335.jpg\" class=\"attachment-image-content size-image-content\" alt=\"\" srcset=\"https:\/\/elsikkerhetsportalen.no\/lede\/wp-content\/uploads\/sites\/10\/2021\/04\/Varmepute-600x400-1-502x335.jpg 502w, https:\/\/elsikkerhetsportalen.no\/lede\/wp-content\/uploads\/sites\/10\/2021\/04\/Varmepute-600x400-1-300x200.jpg 300w, https:\/\/elsikkerhetsportalen.no\/lede\/wp-content\/uploads\/sites\/10\/2021\/04\/Varmepute-600x400-1.jpg 600w\" sizes=\"auto, (max-width: 502px) 100vw, 502px\" \/>\n\t\t\t<\/div>\n\n\t\t<\/div>\n\n\t\t\t\t\t\t<div class=\"grid-x grid-padding-x hidden-more-content\" aria-expanded=\"false\" aria-hidden=\"true\" id=\"ic-hidden-block_47b38ae59c6df0d62a8ca2cf2f7a9e7b\">\n\t\t\t<div class=\"cell small-12 medium-7 content\">\n\t\t\t\t<article>\n\t\t\t\t<p>Etter kontrollen vil du f\u00e5 tilsendt en tilsynsrapport som beskriver resultatet av kontrollen. Dersom det ble avdekket feil eller mangler, vil rapporten beskrive dette n\u00e6rmere.<\/p>\n<h4>Frist for \u00e5 rette feil eller mangler<\/h4>\n<p>Feil eller mangler m\u00e5 normalt rettes av en registrert installasjonsvirksomhet innen en gitt frist. N\u00e5r feil og mangler er rettet skal installasjonsvirksomheten sende melding om dette til DLE, eller til det sakkyndige selskapet som har utf\u00f8rt kontrollen. Etter at tilfredsstillende tilbakemelding er mottatt, vil du f\u00e5 en bekreftelse p\u00e5 at saken er avsluttet.<\/p>\n<h4>Utsettelse av utbedringsfrist<\/h4>\n<p>Dersom det er behov for \u00e5 utsette fristen for utbedring av feil eller mangler, er det mulig \u00e5 s\u00f8ke om dette. Om fristen kan forlenges vurderes i det enkelte tilfelle, og vil v\u00e6re avhengig av alvorlighetsgraden i de feil og\/eller mangler som ble funnet. \u00d8konomiske \u00e5rsaker gir ikke grunnlag for \u00e5 forlenge utbedringsfristen.<\/p>\n<a class=\"link link--underlined\" href=\"https:\/\/elsikkerhetsportalen.no\/lede\/dle\/tilsyn-med-boliger\/det-er-ditt-ansvar\/\" target=\"_self\">Det er ditt ansvar<\/a>\t\t\t\t<\/article>\n\t\t\t<\/div>\n\n\t\t\t<div class=\"cell small-12 medium-5 image\">\n\t\t\t\t\t\t\t<\/div>\n\t\t<\/div>\n\t\t\n\t<\/div>\n<\/section>\n\n\n\n<section class=\"block-section post-cards\">\n\t<div class=\"grid-container\">\n\n        <div class=\"grid-x grid-margin-x section-title-wrapper\">\n            <div class=\"cell small-12 medium-6\">\n                                    <h1 class=\"section-title\">Vi anbefaler<\/h1>\n                            <\/div>\n\n                    <\/div>\n\n        <div class=\"grid-x grid-margin-x cards-wrapper\">\n                                                                    <a href=\"https:\/\/elsikkerhetsportalen.no\/lede\/stikkprovebasert-eltilsyn\/\" class=\"link-card cell small-12 medium-6\">\n    <article>\n        <div class=\"content\">\n            <h3 class=\"title\">Stikkpr\u00f8vebasert eltilsyn<\/h3>\n            <p class=\"excerpt\">Har du f\u00e5tt varsel om kontroll? Gratulerer! Hensikten med v\u00e5rt arbeid er forebygging av brann&#8230;<\/p>\n        <\/div>\n        <span class=\"icon icon-arrow-right\"><\/span>\n    <\/article>\n<\/a>                    \n                                                        <a href=\"https:\/\/elsikkerhetsportalen.no\/lede\/samsvarserklaering\/\" class=\"link-card cell small-12 medium-6\">\n    <article>\n        <div class=\"content\">\n            <h3 class=\"title\">Samsvarserkl\u00e6ring<\/h3>\n            <p class=\"excerpt\">Samsvarserkl\u00e6ring og dokumentasjon Samsvarserkl\u00e6ringen er en garanti av et bygg om at alt elektrisk arbeid&#8230;<\/p>\n        <\/div>\n        <span class=\"icon icon-arrow-right\"><\/span>\n    <\/article>\n<\/a>                    \n                                                        <a href=\"https:\/\/elsikkerhetsportalen.no\/lede\/dle\/om-dle\/\" class=\"link-card cell small-12 medium-6\">\n    <article>\n        <div class=\"content\">\n            <h3 class=\"title\">Om DLE<\/h3>\n            <p class=\"excerpt\"><\/p>\n        <\/div>\n        <span class=\"icon icon-arrow-right\"><\/span>\n    <\/article>\n<\/a>                    \n                                                        <a href=\"https:\/\/elsikkerhetsportalen.no\/lede\/elektrisk-anlegg\/finn-elektriker\/\" class=\"link-card cell small-12 medium-6\">\n    <article>\n        <div class=\"content\">\n            <h3 class=\"title\">Finn elektriker<\/h3>\n            <p class=\"excerpt\"><\/p>\n        <\/div>\n        <span class=\"icon icon-arrow-right\"><\/span>\n    <\/article>\n<\/a>                    \n                                                    <\/div>\n\n    <\/div>\n<\/section>","protected":false},"excerpt":{"rendered":"","protected":false},"author":1,"featured_media":0,"parent":15,"menu_order":3,"comment_status":"closed","ping_status":"closed","template":"","meta":{"_acf_changed":false,"footnotes":""},"class_list":["post-62","page","type-page","status-publish","hentry"],"acf":[],"_links":{"self":[{"href":"https:\/\/elsikkerhetsportalen.no\/lede\/wp-json\/wp\/v2\/pages\/62","targetHints":{"allow":["GET"]}}],"collection":[{"href":"https:\/\/elsikkerhetsportalen.no\/lede\/wp-json\/wp\/v2\/pages"}],"about":[{"href":"https:\/\/elsikkerhetsportalen.no\/lede\/wp-json\/wp\/v2\/types\/page"}],"author":[{"embeddable":true,"href":"https:\/\/elsikkerhetsportalen.no\/lede\/wp-json\/wp\/v2\/users\/1"}],"replies":[{"embeddable":true,"href":"https:\/\/elsikkerhetsportalen.no\/lede\/wp-json\/wp\/v2\/comments?post=62"}],"version-history":[{"count":0,"href":"https:\/\/elsikkerhetsportalen.no\/lede\/wp-json\/wp\/v2\/pages\/62\/revisions"}],"up":[{"embeddable":true,"href":"https:\/\/elsikkerhetsportalen.no\/lede\/wp-json\/wp\/v2\/pages\/15"}],"wp:attachment":[{"href":"https:\/\/elsikkerhetsportalen.no\/lede\/wp-json\/wp\/v2\/media?parent=62"}],"curies":[{"name":"wp","href":"https:\/\/api.w.org\/{rel}","templated":true}]}}