{"id":65,"date":"2021-02-03T21:37:31","date_gmt":"2021-02-03T21:37:31","guid":{"rendered":"http:\/\/elsikkerhetsportalen.no\/lede\/?page_id=65"},"modified":"2025-10-28T09:09:19","modified_gmt":"2025-10-28T09:09:19","slug":"markedstilsyn","status":"publish","type":"page","link":"https:\/\/elsikkerhetsportalen.no\/lede\/dle\/markedstilsyn\/","title":{"rendered":"Markedstilsyn"},"content":{"rendered":"<section id=\"scrollable-shortcuts-block_33eaa2de8a1ff81699974ac94b59addb\" class=\"block-section scrollable-shortcuts   align-full\">\n\t<div class=\"grid-container\">\n\t\t<div class=\"grid-x grid-padding-x\">\n\n\t\t\t<header class=\"cell small-12 medium-7\">\n\t\t\t\t\t\t\t\t\t<h1>Tilsyn med elektriske produkter<\/h1>\n\t\t\t\t\n\t\t\t\t\t\t\t\t\t<p class=\"ingress\">Direktoratet for samfunnssikkerhet og beredskap (DSB) driver markedstilsyn overfor produsenter, import\u00f8rer og markedsf\u00f8rere av elektriske produkter. Det lokale eltilsynet utf\u00f8rer oppgaven p\u00e5 vegne av DSB.<\/p>\n\t\t\t\t\n\t\t\t\t\t\t\t\t\t<h2 class=\"shortcuts-title\">Snarveier<span><span class=\"icon icon-arrow-down\"><\/span><\/span><\/h2>\n\t\t\t\t\n\t\t\t\t<nav><ul><li><a href=\"#oversikt-over-farlige-produkter\" class=\"link link--underlined\">Oversikt farlige produkter<\/a><\/li><li><a href=\"#om-markedstilsyn\" class=\"link link--underlined\">Om markedstilsyn<\/a><\/li><li><a href=\"#samarbeidspartnere\" class=\"link link--underlined\">Samarbeidspartnere<\/a><\/li><li><a href=\"#samsvarserklaering\" class=\"link link--underlined\">Samsvarserkl\u00e6ring<\/a><\/li><li><a href=\"#sikkerhetskrav\" class=\"link link--underlined\">Sikkerhetskrav<\/a><\/li><\/ul><\/nav>\t\t\t<\/header>\n\n\t\t<\/div>\n\t<\/div>\n<\/section>\n\n\n\n<section id=\"image-content-block_72ae3d7c1d5ea42cf1186cd5c9973ddf\" class=\"block-section image-content dark smaller-fonts no-image  align-full\">\n\t<div class=\"grid-container\" id=\"scrollToMe-oversikt-over-farlige-produkter\">\n\n\t\t<div class=\"grid-x grid-padding-x\">\n\n\t\t\t<div class=\"cell small-12 medium-7 content\">\n\t\t\t\t\t\t\t\t\t<h2 class=\"section-title\">Oversikt over farlige produkter<\/h2>\n\t\t\t\t\n\t\t\t\t\t\t\t\t\t<article><p>G\u00e5 inn og sjekk om du har farlige elektriske produkter hjemme.<\/p>\n<\/article>\n\t\t\t\t\n\t\t\t\t\t\t<a class=\"link link--underlined\" href=\"https:\/\/elsikkerhetsportalen.no\/lede\/obs\/\" target=\"_self\">\n\t\t\tFarlige produkter\t\t<\/a>\n\t\t\t\t\t<div class=\"clearfix\"><\/div>\n\t\t\t\t\t\t<a class=\"link link--underlined\" href=\"https:\/\/farligeprodukter.no\/innmelding\" target=\"_blank\">\n\t\t\tMeld inn bekymring om farlig produkt\t\t<\/a>\n\t\n\t\t\t\t\t\t\t\t\n\t\t\t<\/div>\n\n\t\t\t<div class=\"cell small-12 medium-5 image\">\n\t\t\t\t\t\t\t\t\t\n\t\t\t\t\t\n\t\t\t\t\n\t\t\t<\/div>\n\n\t\t<\/div>\n\n\t\t\t\t\n\t<\/div>\n<\/section>\n\n\n\n<section id=\"image-content-block_6943bf5f930f1b178167709b9bebf129\" class=\"block-section image-content light smaller-fonts no-image has-more-content  align-full\">\n\t<div class=\"grid-container\" id=\"scrollToMe-om-markedstilsyn\">\n\n\t\t<div class=\"grid-x grid-padding-x\">\n\n\t\t\t<div class=\"cell small-12 medium-7 content\">\n\t\t\t\t\t\t\t\t\t<h2 class=\"section-title\">Om markedstilsyn<\/h2>\n\t\t\t\t\n\t\t\t\t\t\t\t\t\t<article><p>Med\u00a0<em>markedstilsyn\u00a0<\/em>menes en kontroll av at produkter p\u00e5 markedet er i samsvar med krav i regelverket.<\/p>\n<\/article>\n\t\t\t\t\n\t\t\t\t\t\t\t\t<div class=\"clearfix\"><\/div>\n\t\t\t\t\n\t\t\t\t\t\t\t\t\n\t\t\t\t\t<a\n\t\t\t\t\t\thref=\"#\"\n\t\t\t\t\t\tclass=\"button-plus content-toggler\"\n\t\t\t\t\t\tdata-initialtext=\"Les mer\"\n\t\t\t\t\t\tdata-toggletext=\"Les mindre\"\n\t\t\t\t\t\tdata-target=\"ic-hidden-block_6943bf5f930f1b178167709b9bebf129\"\n\t\t\t\t\t\trole=\"button\"\n\t\t\t\t\t\trel=\"nofollow\"\n\t\t\t\t\t\taria-label=\"\u00c5pne skjult innhold\"\n\t\t\t\t\t\taria-expanded=\"false\">\n\t\t\t\t\t\t<span>Les mer<\/span>\n\t\t\t\t\t\t<span class=\"icon icon-plus\"><\/span>\n\t\t\t\t\t<\/a>\n\t\t\t\t\n\t\t\t<\/div>\n\n\t\t\t<div class=\"cell small-12 medium-5 image\">\n\t\t\t\t\t\t\t\t\t\n\t\t\t\t\t\n\t\t\t\t\n\t\t\t<\/div>\n\n\t\t<\/div>\n\n\t\t\t\t\t\t<div class=\"grid-x grid-padding-x hidden-more-content\" aria-expanded=\"false\" aria-hidden=\"true\" id=\"ic-hidden-block_6943bf5f930f1b178167709b9bebf129\">\n\t\t\t<div class=\"cell small-12 medium-7 content\">\n\t\t\t\t<article>\n\t\t\t\t<p>Innen E\u00d8S blir betydningen av et effektivt markedstilsyn understreket i mange sammenhenger. Medlemskap i E\u00d8S forutsetter en l\u00f8pende markedstilsyn.<\/p>\n<p>DSB har valgt \u00e5 benytte seg av DLEs lokalkunnskap og kompetanse i sitt l\u00f8pende markedstilsynsarbeid. Oppdraget er beskrevet i DSBs instruks for DLE, kapittel 7.7.<\/p>\n<blockquote class=\"wp-block-quote\"><p>DLE, med spesielle oppgaver innen markedstilsyn, har et spesielt ansvar for \u00e5 gj\u00f8re kontroll av produkter hos detaljister, tilsyn med import\u00f8rer og produsenter, samarbeide med tollmyndighetene og drive informasjonsarbeid mot bransje og publikum.<\/p>\n<p><cite>Aktivitetene definert i\u00a0instruksen\u00a0omfatter alt utstyr relatert til det regelverket som her hjemlet i Eltilsynsloven.<\/cite><\/p><\/blockquote>\n<p>Markedskontrollen skal v\u00e6re risikobasert, og fokusomr\u00e5der skal prioriteres i samarbeid med DSB. N\u00e6rmere beskrivelse og avgrensing f\u00f8lger av en egen rutinebeskrivelse som er lagt ut hos\u00a0DSB.<\/p>\n<p>Dette er en plikt Norge har gjennom E\u00d8S-avtalen og de direktiver som omfattes av denne. Markedstilsynet er myndighetenes\u00a0virkemiddel for \u00e5 kontrollere at produkter er i samsvar med kravene i regelverket. For elektriske produkter gjelder forskrift av 10.08.1995 nr. 713 om elektrisk utstyr. Da kontrolleres merking og dokumentasjon, og det foretas enkle visuelle tester. P\u00e5 bakgrunn av erfaring og kompetanse p\u00e5 produkter og regelverk sendes melding om potensielt farlige produkter til DSB som vurderer behovet for testing hos et uavhengig testhus. En eventuell testrapport vil kun v\u00e6re et hjelpemiddel i den tekniske vurderingen. DSB har det endelige ansvaret for \u00e5 avgj\u00f8re om produkter er i overensstemmelse med regelverket eller ikke. Henvendelser fra forbruker, samt hendelser\u00a0ang\u00e5ende produkter, er ogs\u00e5 utgangspunkt for markedskontrollen som utf\u00f8res av DLE\/DSB.<\/p>\n<p>Dersom det viser seg at et produkt ikke tilfredsstiller sikkerhetskravene, kan DSB nedlegge forbud mot videre salg og markedsf\u00f8ring i tillegg til \u00e5\u00a0trekke tilbake produktet\u00a0fra markedet. Det er oftest brannfare, og ikke ber\u00f8ringsfare, som preger de elektriske produktene som ikke tilfredsstiller sikkerhetskravene. Derfor vil markedskontroll og overv\u00e5kning av elektriske produkter p\u00e5 markedet bidra til redusert risiko for brann i norske hjem.<\/p>\n\t\t\t\t<\/article>\n\t\t\t<\/div>\n\n\t\t\t<div class=\"cell small-12 medium-5 image\">\n\t\t\t\t\t\t\t<\/div>\n\t\t<\/div>\n\t\t\n\t<\/div>\n<\/section>\n\n\n\n<section id=\"image-content-block_79f1b94e4ce77de5c0ef6d4f388e7d69\" class=\"block-section image-content dark smaller-fonts no-image has-more-content  align-full\">\n\t<div class=\"grid-container\" id=\"scrollToMe-samarbeidspartnere\">\n\n\t\t<div class=\"grid-x grid-padding-x\">\n\n\t\t\t<div class=\"cell small-12 medium-7 content\">\n\t\t\t\t\t\t\t\t\t<h2 class=\"section-title\">Samarbeidspartnere<\/h2>\n\t\t\t\t\n\t\t\t\t\t\t\t\t\t<article><p>Markedskontroll, tollsamarbeid, tilsyn med markedsakt\u00f8rer og informasjonsarbeid (mk) avviker fra de \u00f8vrige tilsynsoppgavene DLE utf\u00f8rer. Derfor er det valgt en modell der s\u00e6rskilte DLE er utvalgt for disse oppgavene. Se hvilke DLE som er blitt tildelt disse oppgavene for 2026:<\/p>\n<\/article>\n\t\t\t\t\n\t\t\t\t\t\t\t\t<div class=\"clearfix\"><\/div>\n\t\t\t\t\n\t\t\t\t\t\t\t\t\n\t\t\t\t\t<a\n\t\t\t\t\t\thref=\"#\"\n\t\t\t\t\t\tclass=\"button-plus content-toggler\"\n\t\t\t\t\t\tdata-initialtext=\"Les mer\"\n\t\t\t\t\t\tdata-toggletext=\"Les mindre\"\n\t\t\t\t\t\tdata-target=\"ic-hidden-block_79f1b94e4ce77de5c0ef6d4f388e7d69\"\n\t\t\t\t\t\trole=\"button\"\n\t\t\t\t\t\trel=\"nofollow\"\n\t\t\t\t\t\taria-label=\"\u00c5pne skjult innhold\"\n\t\t\t\t\t\taria-expanded=\"false\">\n\t\t\t\t\t\t<span>Les mer<\/span>\n\t\t\t\t\t\t<span class=\"icon icon-plus\"><\/span>\n\t\t\t\t\t<\/a>\n\t\t\t\t\n\t\t\t<\/div>\n\n\t\t\t<div class=\"cell small-12 medium-5 image\">\n\t\t\t\t\t\t\t\t\t\n\t\t\t\t\t\n\t\t\t\t\n\t\t\t<\/div>\n\n\t\t<\/div>\n\n\t\t\t\t\t\t<div class=\"grid-x grid-padding-x hidden-more-content\" aria-expanded=\"false\" aria-hidden=\"true\" id=\"ic-hidden-block_79f1b94e4ce77de5c0ef6d4f388e7d69\">\n\t\t\t<div class=\"cell small-12 medium-7 content\">\n\t\t\t\t<article>\n\t\t\t\t<p><strong>F\u00f8lgende DLE har blitt tildelt disse oppgavene for 2026:<\/strong><\/p>\n<ul>\n<li>Lnett AS 1500 timer<\/li>\n<li>BKK AS 1500 timer<\/li>\n<li>Elvia AS 3400 timer<\/li>\n<li>Glitre Nett AS 2000 timer<\/li>\n<li>Lede 1500 timer<\/li>\n<li>Tensio TS AS 1500 timer<\/li>\n<li>F\u00f8ie 300<\/li>\n<\/ul>\n<p>Tilsynet skal gj\u00f8res med basis i internkontrollforskriften og forskrift om elektrisk utstyr.<\/p>\n<p>Systemrevisjonene skal ha som form\u00e5l \u00e5 unders\u00f8ke om virksomhetens systemer for import og omsetning av elektriske produkter er tilstrekkelige\u00a0for \u00e5 ivareta hensynet til produktsikkerheten. De skal kombineres med verifikasjoner av produkter som f\u00f8lges opp av DSB p\u00e5 vanlig m\u00e5te.<\/p>\n<a class=\"link link--underlined\" href=\"https:\/\/lovdata.no\/dokument\/SF\/forskrift\/2017-10-10-1598?q=forskrift%20elektrisk%20utstyr\" target=\"_blank\">Forskrift om elektrisk utstyr<\/a><a class=\"link link--underlined\" href=\"https:\/\/lovdata.no\/dokument\/SF\/forskrift\/1996-12-06-1127\" target=\"_blank\">Internkontrollforskriften<\/a>\t\t\t\t<\/article>\n\t\t\t<\/div>\n\n\t\t\t<div class=\"cell small-12 medium-5 image\">\n\t\t\t\t\t\t\t<\/div>\n\t\t<\/div>\n\t\t\n\t<\/div>\n<\/section>\n\n\n\n<section id=\"image-content-block_2a15021ab45e758d2178d1e6a9983d2c\" class=\"block-section image-content none smaller-fonts no-image has-more-content  align-full\">\n\t<div class=\"grid-container\" id=\"scrollToMe-samsvarserklaering\">\n\n\t\t<div class=\"grid-x grid-padding-x\">\n\n\t\t\t<div class=\"cell small-12 medium-7 content\">\n\t\t\t\t\t\t\t\t\t<h2 class=\"section-title\">Samsvarserkl\u00e6ring<\/h2>\n\t\t\t\t\n\t\t\t\t\t\t\t\t\t<article><p>\u200bDet er produsentens og import\u00f8rens ansvar \u00e5 se til at de produktene de produserer, eller tar inn til landet, tilfredsstiller kravene til sikkerhet.<\/p>\n<\/article>\n\t\t\t\t\n\t\t\t\t\t\t\t\t<div class=\"clearfix\"><\/div>\n\t\t\t\t\n\t\t\t\t\t\t\t\t\n\t\t\t\t\t<a\n\t\t\t\t\t\thref=\"#\"\n\t\t\t\t\t\tclass=\"button-plus content-toggler\"\n\t\t\t\t\t\tdata-initialtext=\"Les mer\"\n\t\t\t\t\t\tdata-toggletext=\"Les mindre\"\n\t\t\t\t\t\tdata-target=\"ic-hidden-block_2a15021ab45e758d2178d1e6a9983d2c\"\n\t\t\t\t\t\trole=\"button\"\n\t\t\t\t\t\trel=\"nofollow\"\n\t\t\t\t\t\taria-label=\"\u00c5pne skjult innhold\"\n\t\t\t\t\t\taria-expanded=\"false\">\n\t\t\t\t\t\t<span>Les mer<\/span>\n\t\t\t\t\t\t<span class=\"icon icon-plus\"><\/span>\n\t\t\t\t\t<\/a>\n\t\t\t\t\n\t\t\t<\/div>\n\n\t\t\t<div class=\"cell small-12 medium-5 image\">\n\t\t\t\t\t\t\t\t\t\n\t\t\t\t\t\n\t\t\t\t\n\t\t\t<\/div>\n\n\t\t<\/div>\n\n\t\t\t\t\t\t<div class=\"grid-x grid-padding-x hidden-more-content\" aria-expanded=\"false\" aria-hidden=\"true\" id=\"ic-hidden-block_2a15021ab45e758d2178d1e6a9983d2c\">\n\t\t\t<div class=\"cell small-12 medium-7 content\">\n\t\t\t\t<article>\n\t\t\t\t<p>Denne overensstemmelsen dokumenteres ved en samsvarserkl\u00e6ring med tilh\u00f8rende teknisk underlagsmateriale, typisk en testrapport.<\/p>\n<p>En samsvarserkl\u00e6ring er en forsikring som utarbeides av produsenten, eller dennes utpekte representant innenfor E\u00d8S-omr\u00e5det, om at de produkter de har produsert tilfredsstiller kravene i regelverket.<\/p>\n\t\t\t\t<\/article>\n\t\t\t<\/div>\n\n\t\t\t<div class=\"cell small-12 medium-5 image\">\n\t\t\t\t\t\t\t<\/div>\n\t\t<\/div>\n\t\t\n\t<\/div>\n<\/section>\n\n\n\n<section id=\"image-content-block_1c0cfc5d4cd6233bbefbff55e61d2623\" class=\"block-section image-content dark smaller-fonts no-image has-more-content  align-full\">\n\t<div class=\"grid-container\" id=\"scrollToMe-sikkerhetskrav\">\n\n\t\t<div class=\"grid-x grid-padding-x\">\n\n\t\t\t<div class=\"cell small-12 medium-7 content\">\n\t\t\t\t\t\t\t\t\t<h2 class=\"section-title\">Sikkerhetskrav<\/h2>\n\t\t\t\t\n\t\t\t\t\t\t\t\t\t<article><p>Kravene i forskrift om elektrisk utstyr er funksjonelle. Det vil si at de representerer det sikkerhetsniv\u00e5et produktene forventes \u00e5 ha. Dette inneb\u00e6rer en viss frihet med hensyn til bruk av tekniske l\u00f8sninger under forutsetning av at de funksjonelle kravene til sikkerhet oppfylles. Bruk av standarder er frivillig.<\/p>\n<\/article>\n\t\t\t\t\n\t\t\t\t\t\t\t\t<div class=\"clearfix\"><\/div>\n\t\t\t\t\n\t\t\t\t\t\t\t\t\n\t\t\t\t\t<a\n\t\t\t\t\t\thref=\"#\"\n\t\t\t\t\t\tclass=\"button-plus content-toggler\"\n\t\t\t\t\t\tdata-initialtext=\"Les mer\"\n\t\t\t\t\t\tdata-toggletext=\"Les mindre\"\n\t\t\t\t\t\tdata-target=\"ic-hidden-block_1c0cfc5d4cd6233bbefbff55e61d2623\"\n\t\t\t\t\t\trole=\"button\"\n\t\t\t\t\t\trel=\"nofollow\"\n\t\t\t\t\t\taria-label=\"\u00c5pne skjult innhold\"\n\t\t\t\t\t\taria-expanded=\"false\">\n\t\t\t\t\t\t<span>Les mer<\/span>\n\t\t\t\t\t\t<span class=\"icon icon-plus\"><\/span>\n\t\t\t\t\t<\/a>\n\t\t\t\t\n\t\t\t<\/div>\n\n\t\t\t<div class=\"cell small-12 medium-5 image\">\n\t\t\t\t\t\t\t\t\t\n\t\t\t\t\t\n\t\t\t\t\n\t\t\t<\/div>\n\n\t\t<\/div>\n\n\t\t\t\t\t\t<div class=\"grid-x grid-padding-x hidden-more-content\" aria-expanded=\"false\" aria-hidden=\"true\" id=\"ic-hidden-block_1c0cfc5d4cd6233bbefbff55e61d2623\">\n\t\t\t<div class=\"cell small-12 medium-7 content\">\n\t\t\t\t<article>\n\t\t\t\t<p>Dersom man benytter europeiske harmoniserte standarder, antas utstyret \u00e5 oppfylle de grunnleggende krav til sikkerhet. Med harmonisert standard menes en teknisk spesifikasjon som er utarbeidet av de europeiske standardiseringsorganisasjonene CEN og CENELEC og som er vurdert av EU\/E\u00d8S \u00e5 gi l\u00f8sninger som antas \u00e5 tilfredsstille disse sikkerhetskravene.<\/p>\n\t\t\t\t<\/article>\n\t\t\t<\/div>\n\n\t\t\t<div class=\"cell small-12 medium-5 image\">\n\t\t\t\t\t\t\t<\/div>\n\t\t<\/div>\n\t\t\n\t<\/div>\n<\/section>\n\n\n\n<section class=\"block-section post-cards\">\n\t<div class=\"grid-container\">\n\n        <div class=\"grid-x grid-margin-x section-title-wrapper\">\n            <div class=\"cell small-12 medium-6\">\n                                    <h1 class=\"section-title\">Vi anbefaler<\/h1>\n                            <\/div>\n\n                            <div class=\"cell small-12 medium-6 small-text-align-left text-align-right\">\n                    <a class=\"link link--underlined\" href=\"https:\/\/www.dropbox.com\/s\/mbp7xnpxu8h6gss\/Internkontroll-for-elanlegg-omsetter-elutstyr.pdf?dl=0\" target=\"_blank\">\n<!--                        <span class=\"str\">--><!--<\/span>-->\n                        Internkontrollforskriften til virksomheter som omsetter elektrisk utstyr                    <\/a>\n                <\/div>\n                    <\/div>\n\n        <div class=\"grid-x grid-margin-x cards-wrapper\">\n                                                                    <a href=\"https:\/\/elsikkerhetsportalen.no\/lede\/faq\/ce-merking\/\" class=\"link-card cell small-12 medium-6\">\n    <article>\n        <div class=\"content\">\n            <h3 class=\"title\">CE-merking<\/h3>\n            <p class=\"excerpt\">CE-merket er et tegn p\u00e5 at det dokumenteres at produktet\u00a0oppfyller sikkerhetskravene.\u00a0Det\u00a0gir allikevel\u00a0ingen garanti for at&#8230;<\/p>\n        <\/div>\n        <span class=\"icon icon-arrow-right\"><\/span>\n    <\/article>\n<\/a>                    \n                                                        <a href=\"https:\/\/elsikkerhetsportalen.no\/lede\/faq\/nemko-godkjenning\/\" class=\"link-card cell small-12 medium-6\">\n    <article>\n        <div class=\"content\">\n            <h3 class=\"title\">Nemko-godkjenning<\/h3>\n            <p class=\"excerpt\">F\u00f8r ordningen med CE-merking og samsvarserkl\u00e6ring ble innf\u00f8rt i 1991 ble godkjente produkter merket med&#8230;<\/p>\n        <\/div>\n        <span class=\"icon icon-arrow-right\"><\/span>\n    <\/article>\n<\/a>                    \n                                                        <a href=\"https:\/\/elsikkerhetsportalen.no\/lede\/elbransjen\/salg-av-elektrisk-utstyr\/\" class=\"link-card cell small-12 medium-6\">\n    <article>\n        <div class=\"content\">\n            <h3 class=\"title\">Salg av elektrisk utstyr<\/h3>\n            <p class=\"excerpt\"><\/p>\n        <\/div>\n        <span class=\"icon icon-arrow-right\"><\/span>\n    <\/article>\n<\/a>                    \n                                                    <\/div>\n\n    <\/div>\n<\/section>","protected":false},"excerpt":{"rendered":"","protected":false},"author":1,"featured_media":1484,"parent":15,"menu_order":6,"comment_status":"closed","ping_status":"closed","template":"","meta":{"_acf_changed":false,"footnotes":""},"class_list":["post-65","page","type-page","status-publish","has-post-thumbnail","hentry"],"acf":[],"_links":{"self":[{"href":"https:\/\/elsikkerhetsportalen.no\/lede\/wp-json\/wp\/v2\/pages\/65","targetHints":{"allow":["GET"]}}],"collection":[{"href":"https:\/\/elsikkerhetsportalen.no\/lede\/wp-json\/wp\/v2\/pages"}],"about":[{"href":"https:\/\/elsikkerhetsportalen.no\/lede\/wp-json\/wp\/v2\/types\/page"}],"author":[{"embeddable":true,"href":"https:\/\/elsikkerhetsportalen.no\/lede\/wp-json\/wp\/v2\/users\/1"}],"replies":[{"embeddable":true,"href":"https:\/\/elsikkerhetsportalen.no\/lede\/wp-json\/wp\/v2\/comments?post=65"}],"version-history":[{"count":0,"href":"https:\/\/elsikkerhetsportalen.no\/lede\/wp-json\/wp\/v2\/pages\/65\/revisions"}],"up":[{"embeddable":true,"href":"https:\/\/elsikkerhetsportalen.no\/lede\/wp-json\/wp\/v2\/pages\/15"}],"wp:featuredmedia":[{"embeddable":true,"href":"https:\/\/elsikkerhetsportalen.no\/lede\/wp-json\/wp\/v2\/media\/1484"}],"wp:attachment":[{"href":"https:\/\/elsikkerhetsportalen.no\/lede\/wp-json\/wp\/v2\/media?parent=65"}],"curies":[{"name":"wp","href":"https:\/\/api.w.org\/{rel}","templated":true}]}}