{"id":9,"date":"2021-02-03T21:28:22","date_gmt":"2021-02-03T21:28:22","guid":{"rendered":"http:\/\/elsikkerhetsportalen.no\/lede\/?page_id=9"},"modified":"2022-02-25T08:48:39","modified_gmt":"2022-02-25T08:48:39","slug":"elektrisk-utstyr","status":"publish","type":"page","link":"https:\/\/elsikkerhetsportalen.no\/lede\/elektrisk-utstyr\/","title":{"rendered":"Elektrisk utstyr"},"content":{"rendered":"<section id=\"scrollable-shortcuts-block_60914da67ed42\" class=\"block-section scrollable-shortcuts   align-full\">\n\t<div class=\"grid-container\">\n\t\t<div class=\"grid-x grid-padding-x\">\n\n\t\t\t<header class=\"cell small-12 medium-7\">\n\t\t\t\t\t\t\t\t\t<h1>Elektrisk utstyr<\/h1>\n\t\t\t\t\n\t\t\t\t\t\t\t\t\t<p class=\"ingress\">Vi omgir oss daglig med mye forskjellig elektrisk utstyr. Her gir vi deg gode r\u00e5d for hvordan du kan gj\u00f8re hverdagen mer elsikker.<\/p>\n\t\t\t\t\n\t\t\t\t\t\t\t\t\t<h2 class=\"shortcuts-title\">Snarveier<span><span class=\"icon icon-arrow-down\"><\/span><\/span><\/h2>\n\t\t\t\t\n\t\t\t\t<nav><ul><li><a href=\"#kjop-og-bruk-av-elektrisk-utstyr\" class=\"link link--underlined\">Kj\u00f8p og bruk av elektrisk utstyr<\/a><\/li><li><a href=\"#belysning\" class=\"link link--underlined\">Belysning<\/a><\/li><li><a href=\"#oppvarming\" class=\"link link--underlined\">Oppvarming<\/a><\/li><li><a href=\"#hvitevarer\" class=\"link link--underlined\">Hvitevarer<\/a><\/li><li><a href=\"#ladetips\" class=\"link link--underlined\">Ladetips<\/a><\/li><li><a href=\"#lading-av-elbil\" class=\"link link--underlined\">Lading av elbil<\/a><\/li><li><a href=\"#utrygge-elektriske-produkter\" class=\"link link--underlined\">Utrygge elektriske produkter<\/a><\/li><li><a href=\"#10-elsikre-tips\" class=\"link link--underlined\">10 elsikre tips<\/a><\/li><\/ul><\/nav>\t\t\t<\/header>\n\n\t\t<\/div>\n\t<\/div>\n<\/section>\n\n\n\n<section id=\"image-content-block_6092506f62654\" class=\"block-section image-content light  align-full\">\n\t<div class=\"grid-container\" id=\"scrollToMe-kjop-og-bruk-av-elektrisk-utstyr\">\n\n\t\t<div class=\"grid-x grid-padding-x\">\n\n\t\t\t<div class=\"cell small-12 medium-7 content\">\n\t\t\t\t\t\t\t\t\t<h2 class=\"section-title\">Kj\u00f8p og bruk av elektrisk utstyr<\/h2>\n\t\t\t\t\n\t\t\t\t\t\t\t\t\t<article><p>Ikke alle elektriske produkter er trygge \u00e5 bruke og noe blir utrygge om vi bruker dem feil.<\/p>\n<\/article>\n\t\t\t\t\n\t\t\t\t\t\t<a class=\"link link--underlined\" href=\"https:\/\/elsikkerhetsportalen.no\/lede\/elektrisk-utstyr\/kjop-og-bruk-av-elektrisk-utstyr\/\" target=\"_self\">\n\t\t\tG\u00e5 til siden\t\t<\/a>\n\t\t\t\t\t<div class=\"clearfix\"><\/div>\n\t\t\t\t\n\t\t\t\t\t\t\t\t\n\t\t\t<\/div>\n\n\t\t\t<div class=\"cell small-12 medium-5 image\">\n\t\t\t\t<img loading=\"lazy\" decoding=\"async\" width=\"502\" height=\"335\" src=\"https:\/\/elsikkerhetsportalen.no\/lede\/wp-content\/uploads\/sites\/10\/2021\/05\/Div-elektrisk-600x400-1-502x335.jpg\" class=\"attachment-image-content size-image-content\" alt=\"\" srcset=\"https:\/\/elsikkerhetsportalen.no\/lede\/wp-content\/uploads\/sites\/10\/2021\/05\/Div-elektrisk-600x400-1-502x335.jpg 502w, https:\/\/elsikkerhetsportalen.no\/lede\/wp-content\/uploads\/sites\/10\/2021\/05\/Div-elektrisk-600x400-1-300x200.jpg 300w, https:\/\/elsikkerhetsportalen.no\/lede\/wp-content\/uploads\/sites\/10\/2021\/05\/Div-elektrisk-600x400-1.jpg 600w\" sizes=\"auto, (max-width: 502px) 100vw, 502px\" \/>\n\t\t\t<\/div>\n\n\t\t<\/div>\n\n\t\t\t\t\n\t<\/div>\n<\/section>\n\n\n\n<section id=\"image-content-block_60924e68b89d6\" class=\"block-section image-content dark  align-full\">\n\t<div class=\"grid-container\" id=\"scrollToMe-belysning\">\n\n\t\t<div class=\"grid-x grid-padding-x\">\n\n\t\t\t<div class=\"cell small-12 medium-7 content\">\n\t\t\t\t\t\t\t\t\t<h2 class=\"section-title\">Belysning<\/h2>\n\t\t\t\t\n\t\t\t\t\t\t\t\t\t<article><p>Her finner du gode tips for \u00e5 gj\u00f8re belysningen din mest mulig elsikker.<\/p>\n<\/article>\n\t\t\t\t\n\t\t\t\t\t\t<a class=\"link link--underlined\" href=\"https:\/\/elsikkerhetsportalen.no\/lede\/elektrisk-utstyr\/belysning\/\" target=\"_self\">\n\t\t\tG\u00e5 til siden\t\t<\/a>\n\t\t\t\t\t<div class=\"clearfix\"><\/div>\n\t\t\t\t\n\t\t\t\t\t\t\t\t\n\t\t\t<\/div>\n\n\t\t\t<div class=\"cell small-12 medium-5 image\">\n\t\t\t\t<img loading=\"lazy\" decoding=\"async\" width=\"502\" height=\"335\" src=\"https:\/\/elsikkerhetsportalen.no\/lede\/wp-content\/uploads\/sites\/10\/2021\/05\/Lyspaerer-600x400-1-502x335.jpg\" class=\"attachment-image-content size-image-content\" alt=\"\" srcset=\"https:\/\/elsikkerhetsportalen.no\/lede\/wp-content\/uploads\/sites\/10\/2021\/05\/Lyspaerer-600x400-1-502x335.jpg 502w, https:\/\/elsikkerhetsportalen.no\/lede\/wp-content\/uploads\/sites\/10\/2021\/05\/Lyspaerer-600x400-1-300x200.jpg 300w, https:\/\/elsikkerhetsportalen.no\/lede\/wp-content\/uploads\/sites\/10\/2021\/05\/Lyspaerer-600x400-1.jpg 600w\" sizes=\"auto, (max-width: 502px) 100vw, 502px\" \/>\n\t\t\t<\/div>\n\n\t\t<\/div>\n\n\t\t\t\t\n\t<\/div>\n<\/section>\n\n\n\n<section id=\"image-content-block_6092509d62655\" class=\"block-section image-content light  align-full\">\n\t<div class=\"grid-container\" id=\"scrollToMe-oppvarming\">\n\n\t\t<div class=\"grid-x grid-padding-x\">\n\n\t\t\t<div class=\"cell small-12 medium-7 content\">\n\t\t\t\t\t\t\t\t\t<h2 class=\"section-title\">Oppvarming<\/h2>\n\t\t\t\t\n\t\t\t\t\t\t\t\t\t<article><p>Uansett hvordan du velger \u00e5 varme opp hjemmet ditt, er det viktig at du er elsikker.<\/p>\n<\/article>\n\t\t\t\t\n\t\t\t\t\t\t<a class=\"link link--underlined\" href=\"https:\/\/elsikkerhetsportalen.no\/lede\/elektrisk-utstyr\/oppvarming\/\" target=\"_self\">\n\t\t\tG\u00e5 til siden\t\t<\/a>\n\t\t\t\t\t<div class=\"clearfix\"><\/div>\n\t\t\t\t\n\t\t\t\t\t\t\t\t\n\t\t\t<\/div>\n\n\t\t\t<div class=\"cell small-12 medium-5 image\">\n\t\t\t\t<img loading=\"lazy\" decoding=\"async\" width=\"502\" height=\"335\" src=\"https:\/\/elsikkerhetsportalen.no\/lede\/wp-content\/uploads\/sites\/10\/2021\/06\/Varmeovn2-600x400-1-502x335.jpg\" class=\"attachment-image-content size-image-content\" alt=\"\" srcset=\"https:\/\/elsikkerhetsportalen.no\/lede\/wp-content\/uploads\/sites\/10\/2021\/06\/Varmeovn2-600x400-1-502x335.jpg 502w, https:\/\/elsikkerhetsportalen.no\/lede\/wp-content\/uploads\/sites\/10\/2021\/06\/Varmeovn2-600x400-1-300x200.jpg 300w, https:\/\/elsikkerhetsportalen.no\/lede\/wp-content\/uploads\/sites\/10\/2021\/06\/Varmeovn2-600x400-1.jpg 600w\" sizes=\"auto, (max-width: 502px) 100vw, 502px\" \/>\n\t\t\t<\/div>\n\n\t\t<\/div>\n\n\t\t\t\t\n\t<\/div>\n<\/section>\n\n\n\n<section id=\"image-content-block_609250af62656\" class=\"block-section image-content dark  align-full\">\n\t<div class=\"grid-container\" id=\"scrollToMe-hvitevarer\">\n\n\t\t<div class=\"grid-x grid-padding-x\">\n\n\t\t\t<div class=\"cell small-12 medium-7 content\">\n\t\t\t\t\t\t\t\t\t<h2 class=\"section-title\">Hvitevarer<\/h2>\n\t\t\t\t\n\t\t\t\t\t\t\t\t\t<article><p>Hvitevarer er noe av det som brenner oftest i hjemmene v\u00e5re. Her f\u00e5r du tips til \u00e5 bruke dem tryggere.<\/p>\n<\/article>\n\t\t\t\t\n\t\t\t\t\t\t<a class=\"link link--underlined\" href=\"https:\/\/elsikkerhetsportalen.no\/lede\/elektrisk-utstyr\/hvitevarer\/\" target=\"_self\">\n\t\t\tG\u00e5 til siden\t\t<\/a>\n\t\t\t\t\t<div class=\"clearfix\"><\/div>\n\t\t\t\t\n\t\t\t\t\t\t\t\t\n\t\t\t<\/div>\n\n\t\t\t<div class=\"cell small-12 medium-5 image\">\n\t\t\t\t<img loading=\"lazy\" decoding=\"async\" width=\"502\" height=\"335\" src=\"https:\/\/elsikkerhetsportalen.no\/lede\/wp-content\/uploads\/sites\/10\/2021\/05\/Vaskemaskin-mini-600x400-1-502x335.jpg\" class=\"attachment-image-content size-image-content\" alt=\"\" srcset=\"https:\/\/elsikkerhetsportalen.no\/lede\/wp-content\/uploads\/sites\/10\/2021\/05\/Vaskemaskin-mini-600x400-1-502x335.jpg 502w, https:\/\/elsikkerhetsportalen.no\/lede\/wp-content\/uploads\/sites\/10\/2021\/05\/Vaskemaskin-mini-600x400-1-300x200.jpg 300w, https:\/\/elsikkerhetsportalen.no\/lede\/wp-content\/uploads\/sites\/10\/2021\/05\/Vaskemaskin-mini-600x400-1.jpg 600w\" sizes=\"auto, (max-width: 502px) 100vw, 502px\" \/>\n\t\t\t<\/div>\n\n\t\t<\/div>\n\n\t\t\t\t\n\t<\/div>\n<\/section>\n\n\n\n<section id=\"image-content-block_609250c862657\" class=\"block-section image-content light  align-full\">\n\t<div class=\"grid-container\" id=\"scrollToMe-ladetips\">\n\n\t\t<div class=\"grid-x grid-padding-x\">\n\n\t\t\t<div class=\"cell small-12 medium-7 content\">\n\t\t\t\t\t\t\t\t\t<h2 class=\"section-title\">Ladetips<\/h2>\n\t\t\t\t\n\t\t\t\t\t\t\t\t\t<article><p>Vi omgir oss med en masse dingser som m\u00e5 lades. Vi hjelper deg \u00e5 lade trygt.<\/p>\n<\/article>\n\t\t\t\t\n\t\t\t\t\t\t<a class=\"link link--underlined\" href=\"https:\/\/elsikkerhetsportalen.no\/lede\/elektrisk-utstyr\/ladetips\/\" target=\"_self\">\n\t\t\tG\u00e5 til siden\t\t<\/a>\n\t\t\t\t\t<div class=\"clearfix\"><\/div>\n\t\t\t\t\n\t\t\t\t\t\t\t\t\n\t\t\t<\/div>\n\n\t\t\t<div class=\"cell small-12 medium-5 image\">\n\t\t\t\t<img loading=\"lazy\" decoding=\"async\" width=\"502\" height=\"335\" src=\"https:\/\/elsikkerhetsportalen.no\/lede\/wp-content\/uploads\/sites\/10\/2021\/05\/Ladetips-502x335.jpg\" class=\"attachment-image-content size-image-content\" alt=\"\" srcset=\"https:\/\/elsikkerhetsportalen.no\/lede\/wp-content\/uploads\/sites\/10\/2021\/05\/Ladetips-502x335.jpg 502w, https:\/\/elsikkerhetsportalen.no\/lede\/wp-content\/uploads\/sites\/10\/2021\/05\/Ladetips-300x200.jpg 300w, https:\/\/elsikkerhetsportalen.no\/lede\/wp-content\/uploads\/sites\/10\/2021\/05\/Ladetips.jpg 600w\" sizes=\"auto, (max-width: 502px) 100vw, 502px\" \/>\n\t\t\t<\/div>\n\n\t\t<\/div>\n\n\t\t\t\t\n\t<\/div>\n<\/section>\n\n\n\n<section id=\"image-content-block_609250da62658\" class=\"block-section image-content dark  align-full\">\n\t<div class=\"grid-container\" id=\"scrollToMe-lading-av-elbil\">\n\n\t\t<div class=\"grid-x grid-padding-x\">\n\n\t\t\t<div class=\"cell small-12 medium-7 content\">\n\t\t\t\t\t\t\t\t\t<h2 class=\"section-title\">Lading av elbil<\/h2>\n\t\t\t\t\n\t\t\t\t\t\t\t\t\t<article><p>Med en elbil f\u00f8lger det ogs\u00e5 noen krav for \u00e5 gj\u00f8re ladingen s\u00e5 trygg som mulig.<\/p>\n<\/article>\n\t\t\t\t\n\t\t\t\t\t\t<a class=\"link link--underlined\" href=\"https:\/\/elsikkerhetsportalen.no\/lede\/elektrisk-utstyr\/elbil\/\" target=\"_self\">\n\t\t\tG\u00e5 til siden\t\t<\/a>\n\t\t\t\t\t<div class=\"clearfix\"><\/div>\n\t\t\t\t\n\t\t\t\t\t\t\t\t\n\t\t\t<\/div>\n\n\t\t\t<div class=\"cell small-12 medium-5 image\">\n\t\t\t\t<img loading=\"lazy\" decoding=\"async\" width=\"502\" height=\"335\" src=\"https:\/\/elsikkerhetsportalen.no\/lede\/wp-content\/uploads\/sites\/10\/2021\/05\/Elbil-i-lader-600x400-1-502x335.jpg\" class=\"attachment-image-content size-image-content\" alt=\"\" srcset=\"https:\/\/elsikkerhetsportalen.no\/lede\/wp-content\/uploads\/sites\/10\/2021\/05\/Elbil-i-lader-600x400-1-502x335.jpg 502w, https:\/\/elsikkerhetsportalen.no\/lede\/wp-content\/uploads\/sites\/10\/2021\/05\/Elbil-i-lader-600x400-1-300x200.jpg 300w, https:\/\/elsikkerhetsportalen.no\/lede\/wp-content\/uploads\/sites\/10\/2021\/05\/Elbil-i-lader-600x400-1.jpg 600w\" sizes=\"auto, (max-width: 502px) 100vw, 502px\" \/>\n\t\t\t<\/div>\n\n\t\t<\/div>\n\n\t\t\t\t\n\t<\/div>\n<\/section>\n\n\n\n<section id=\"image-content-block_60a78b66cb17a\" class=\"block-section image-content light  align-full\">\n\t<div class=\"grid-container\" id=\"scrollToMe-utrygge-elektriske-produkter\">\n\n\t\t<div class=\"grid-x grid-padding-x\">\n\n\t\t\t<div class=\"cell small-12 medium-7 content\">\n\t\t\t\t\t\t\t\t\t<h2 class=\"section-title\">Utrygge elektriske produkter<\/h2>\n\t\t\t\t\n\t\t\t\t\t\t\t\t\t<article><p>Noen elektriske produkter er dessverre ikke trygge for oss forbrukere. Vi viser deg hvilke!<\/p>\n<\/article>\n\t\t\t\t\n\t\t\t\t\t\t<a class=\"link link--underlined\" href=\"https:\/\/elsikkerhetsportalen.no\/lede\/obs\/\" target=\"_self\">\n\t\t\tG\u00e5 til siden\t\t<\/a>\n\t\t\t\t\t<div class=\"clearfix\"><\/div>\n\t\t\t\t\n\t\t\t\t\t\t\t\t\n\t\t\t<\/div>\n\n\t\t\t<div class=\"cell small-12 medium-5 image\">\n\t\t\t\t<img loading=\"lazy\" decoding=\"async\" width=\"502\" height=\"335\" src=\"https:\/\/elsikkerhetsportalen.no\/lede\/wp-content\/uploads\/sites\/10\/2021\/05\/Radio-svidd-600x400-1-502x335.jpg\" class=\"attachment-image-content size-image-content\" alt=\"\" srcset=\"https:\/\/elsikkerhetsportalen.no\/lede\/wp-content\/uploads\/sites\/10\/2021\/05\/Radio-svidd-600x400-1-502x335.jpg 502w, https:\/\/elsikkerhetsportalen.no\/lede\/wp-content\/uploads\/sites\/10\/2021\/05\/Radio-svidd-600x400-1-300x200.jpg 300w, https:\/\/elsikkerhetsportalen.no\/lede\/wp-content\/uploads\/sites\/10\/2021\/05\/Radio-svidd-600x400-1.jpg 600w\" sizes=\"auto, (max-width: 502px) 100vw, 502px\" \/>\n\t\t\t<\/div>\n\n\t\t<\/div>\n\n\t\t\t\t\n\t<\/div>\n<\/section>\n\n\n\n<section id=\"image-content-block_60a78bda9ec14\" class=\"block-section image-content dark  align-full\">\n\t<div class=\"grid-container\" id=\"scrollToMe-10-elsikre-tips\">\n\n\t\t<div class=\"grid-x grid-padding-x\">\n\n\t\t\t<div class=\"cell small-12 medium-7 content\">\n\t\t\t\t\t\t\t\t\t<h2 class=\"section-title\">10 elsikre tips<\/h2>\n\t\t\t\t\n\t\t\t\t\t\t\t\t\t<article><p>Her f\u00e5r du v\u00e6re 10 beste tips for \u00e5 holde deg elsikker.<\/p>\n<\/article>\n\t\t\t\t\n\t\t\t\t\t\t<a class=\"link link--underlined\" href=\"https:\/\/elsikkerhetsportalen.no\/lede\/elektrisk-utstyr\/10-elsikre-tips\/\" target=\"_self\">\n\t\t\tG\u00e5 til siden\t\t<\/a>\n\t\t\t\t\t<div class=\"clearfix\"><\/div>\n\t\t\t\t\n\t\t\t\t\t\t\t\t\n\t\t\t<\/div>\n\n\t\t\t<div class=\"cell small-12 medium-5 image\">\n\t\t\t\t<img loading=\"lazy\" decoding=\"async\" width=\"502\" height=\"335\" src=\"https:\/\/elsikkerhetsportalen.no\/lede\/wp-content\/uploads\/sites\/10\/2021\/05\/Brodrister-mini-600x400-1-502x335.jpg\" class=\"attachment-image-content size-image-content\" alt=\"\" srcset=\"https:\/\/elsikkerhetsportalen.no\/lede\/wp-content\/uploads\/sites\/10\/2021\/05\/Brodrister-mini-600x400-1-502x335.jpg 502w, https:\/\/elsikkerhetsportalen.no\/lede\/wp-content\/uploads\/sites\/10\/2021\/05\/Brodrister-mini-600x400-1-300x200.jpg 300w, https:\/\/elsikkerhetsportalen.no\/lede\/wp-content\/uploads\/sites\/10\/2021\/05\/Brodrister-mini-600x400-1.jpg 600w\" sizes=\"auto, (max-width: 502px) 100vw, 502px\" \/>\n\t\t\t<\/div>\n\n\t\t<\/div>\n\n\t\t\t\t\n\t<\/div>\n<\/section>\n","protected":false},"excerpt":{"rendered":"","protected":false},"author":1,"featured_media":0,"parent":0,"menu_order":10,"comment_status":"closed","ping_status":"closed","template":"","meta":{"_acf_changed":false,"footnotes":""},"class_list":["post-9","page","type-page","status-publish","hentry"],"acf":[],"_links":{"self":[{"href":"https:\/\/elsikkerhetsportalen.no\/lede\/wp-json\/wp\/v2\/pages\/9","targetHints":{"allow":["GET"]}}],"collection":[{"href":"https:\/\/elsikkerhetsportalen.no\/lede\/wp-json\/wp\/v2\/pages"}],"about":[{"href":"https:\/\/elsikkerhetsportalen.no\/lede\/wp-json\/wp\/v2\/types\/page"}],"author":[{"embeddable":true,"href":"https:\/\/elsikkerhetsportalen.no\/lede\/wp-json\/wp\/v2\/users\/1"}],"replies":[{"embeddable":true,"href":"https:\/\/elsikkerhetsportalen.no\/lede\/wp-json\/wp\/v2\/comments?post=9"}],"version-history":[{"count":0,"href":"https:\/\/elsikkerhetsportalen.no\/lede\/wp-json\/wp\/v2\/pages\/9\/revisions"}],"wp:attachment":[{"href":"https:\/\/elsikkerhetsportalen.no\/lede\/wp-json\/wp\/v2\/media?parent=9"}],"curies":[{"name":"wp","href":"https:\/\/api.w.org\/{rel}","templated":true}]}}