{"id":1485,"date":"2022-04-20T12:34:13","date_gmt":"2022-04-20T12:34:13","guid":{"rendered":"https:\/\/elsikkerhetsportalen.no\/linea\/obs\/"},"modified":"2026-03-11T08:49:09","modified_gmt":"2026-03-11T08:49:09","slug":"obs","status":"publish","type":"page","link":"https:\/\/elsikkerhetsportalen.no\/linea\/obs\/","title":{"rendered":"Farlige produkter"},"content":{"rendered":"<section id=\"scrollable-shortcuts-block_2b8bd08b525987b263b9326442676583\" class=\"block-section scrollable-shortcuts   align-full\">\n\t<div class=\"grid-container\">\n\t\t<div class=\"grid-x grid-padding-x\">\n\n\t\t\t<header class=\"cell small-12 medium-7\">\n\t\t\t\t\t\t\t\t\t<h1>Farlige elektriske produkter<\/h1>\n\t\t\t\t\n\t\t\t\t\t\t\t\t\t<p class=\"ingress\">Det hender at det oppdages feil p\u00e5 elektriske produkter som kan v\u00e6re farlig \u00e5 bruke. Det kan v\u00e6re risiko for brann eller elektrisk st\u00f8t\/str\u00f8mgjennomgang (ber\u00f8ringsfare). Ofte tilbakekalles disse produktene fra markedet uten at informasjonen n\u00e5r ut til alle forbrukere. Derfor har vi laget denne oversikten og anbefaler deg \u00e5 sjekke om du har noen av disse produktene hjemme.<\/p>\n\t\t\t\t\n\t\t\t\t\t\t\t\t\t<h2 class=\"shortcuts-title\">Kategorier<span><span class=\"icon icon-arrow-down\"><\/span><\/span><\/h2>\n\t\t\t\t\n\t\t\t\t<nav><ul><li><a href=\"#belysning\" class=\"link link--underlined\">Belysning<\/a><\/li><li><a href=\"#ladere-og-batterier\" class=\"link link--underlined\">Ladere og batterier<\/a><\/li><li><a href=\"#husholdningsapparater\" class=\"link link--underlined\">Husholdning (br\u00f8drister, vannkoker, h\u00e5rf\u00f8ner, hvitevarer etc.<\/a><\/li><li><a href=\"#varmeovner\" class=\"link link--underlined\">Varmeovner o.l<\/a><\/li><li><a href=\"#sma-elektriske-produkter\" class=\"link link--underlined\">Sm\u00e5 elektriske produkter<\/a><\/li><\/ul><\/nav>\t\t\t<\/header>\n\n\t\t<\/div>\n\t<\/div>\n<\/section>\n\n\n\n<section id=\"download-list-block_1d08aaeeb927845939b084dcc1240938\" class=\"block-section download-list light  align-full\">\n\t<div class=\"grid-container\">\n\t\t<div class=\"grid-x grid-padding-x\">\n\n\t\t\t<div class=\"cell small-12 medium-6 large-5 title-wrapper\">\n\t\t\t\t\t\t\t\t\t<h2 class=\"title\">Har du OSO Hotwater varmtvannsbereder eller Flexit baderomsvifte?<\/h2>\n\t\t\t\t\t\t\t<\/div>\n\n\t\t\t<div class=\"cell small-12 medium-5 large-4 large-offset-1 downloads-wrapper\">\n\n\t\t\t\t\t\t\t\t\t<ul>\n\t\t\t\t\t\t\t\t\t\t\t\n\t\t\t\t\t\t\n\t\t\t\t\t\t\t\t\t\t\t\t\t<li>\n\n\t\t\t\t\t\t\t\t\t\t\t\t\t\t\t<a href=\"https:\/\/osohotwater.no\/ledning\/\" class=\"link\" target=\"_blank\">\n\t\t\t\t\t\t\t\t\t<span class=\"str\">Sjekk om du har en OSO Hotwater bereder med fare for branntill\u00f8p.<\/span>\n\t\t\t\t\t\t\t\t\t<span class=\"icon icon-arrow-right\"><\/span>\n\t\t\t\t\t\t\t\t<\/a>\n\t\t\t\t\t\t\t\n\t\t\t\t\t\t\t<\/li>\n\t\t\t\t\t\t\n\t\t\t\t\t\t\t\t\t\t\t\n\t\t\t\t\t\t\n\t\t\t\t\t\t\t\t\t\t\t\t\t<li>\n\n\t\t\t\t\t\t\t\t\t\t\t\t\t\t\t<a href=\"https:\/\/www.flexit.no\/aktuelt\/silent-eco\/\" class=\"link\" target=\"_blank\">\n\t\t\t\t\t\t\t\t\t<span class=\"str\">Flexit Silent Eco baderomsvifte er brannfarlig. Sjekk hva du m\u00e5 gj\u00f8re.<\/span>\n\t\t\t\t\t\t\t\t\t<span class=\"icon icon-arrow-right\"><\/span>\n\t\t\t\t\t\t\t\t<\/a>\n\t\t\t\t\t\t\t\n\t\t\t\t\t\t\t<\/li>\n\t\t\t\t\t\t\n\t\t\t\t\t\t\t\t\t\t<\/ul>\n\t\t\t\t\n\t\t\t<\/div>\n\n\t\t<\/div>\n\t<\/div>\n<\/section>\n\n\n\n\n<section id=\"media-gallery-block_49d8c1ef0aac3fbf60e383ff3f44560b\" class=\"block-section faq-accordion light  align-full\">\n\t<div class=\"grid-container\">\n\n\t\t<div class=\"grid-x grid-padding-x\">\n\t\t\t<div class=\"cell small-12 medium-6 large-5 heading-wrapper\">\n\n\t\t\t\t\n\t\t\t<\/div>\n\n\t\t\t<div class=\"cell small-12\">\n\n\t\t\t\t<div class=\"accordion\">\n\n\t\t\t\t\t\t\t\t\t\t\t\t\t\t\t\t\t\t\t\t\t\t\t\t\t\t\t\t\t\t\t\t\t\t<h3 class=\"cell accordion__header\" id=\"1031\" data-hash=\"#har-du-oppdaget-farlig-produkt\">\n    <button class=\"accordion__header__button\">\n        Har du oppdaget farlig produkt?        <span class=\"icon icon-plus\"><\/span>\n    <\/button>\n<\/h3>\n<div class=\"accordion__content\"  >\n    <div class=\"accordion__content__inner\">\n\t    <p>Oppdager du et elektrisk produkt som er, eller kan v\u00e6re farlig, m\u00e5 du melde fra til Direktoratet for samfunnssikkerhet og beredskap (DSB).\u00a0B\u00e5de privatpersoner, import\u00f8rer, produsenter og forhandlere skal melde fra til Direktoratet for samfunnssikkerhet og beredskap (DSB) hvis de oppdager produkter som kan medf\u00f8re fare.<\/p>\n<p>Fyll ut <a href=\"https:\/\/www.farligeprodukter.no\/innmelding\/bekymring\" target=\"_blank\" rel=\"noopener\">elektronisk bekymringsmelding<\/a><\/p>\n    <\/div>\n<\/div>\t\t\t\t\t\t\t\t\t\t\t\t\t\t\t\t\t\t\t\t\t\t\t\t<h3 class=\"cell accordion__header\" id=\"986\" data-hash=\"#hvem-har-ansvar-for-sikkerheten-til-elektriske-produkter\">\n    <button class=\"accordion__header__button\">\n        Hvem har ansvar for sikkerheten til elektriske produkter?        <span class=\"icon icon-plus\"><\/span>\n    <\/button>\n<\/h3>\n<div class=\"accordion__content\"  >\n    <div class=\"accordion__content__inner\">\n\t    <p>Produsent, import\u00f8r, detaljist eller annen markedsf\u00f8rer har ansvaret for at det elektriske produktet tilfredsstiller relevante myndighetskrav n\u00e5r produktet kommer p\u00e5 markedet. Du er ansvarlig for at det brukes og vedlikeholdes riktig. Myndighetenes rolle er \u00e5 f\u00f8re tilsyn med markedet og import\u00f8rer gjennom <a href=\"https:\/\/elsikkerhetsportalen.no\/linea\/dle\/markedstilsyn\/\">markedskontroll<\/a> og import\u00f8rtilsyn.<\/p>\n    <\/div>\n<\/div>\t\t\t\t\t\t\t\t\t\t\t\t\t\t\t\t\t\t\t\t\t\t\t\t\t\t\n\t\t\t\t<\/div>\n\n\t\t\t<\/div>\n\n\t\t<\/div>\n\n\t<\/div>\n<\/section>\n\n\n<section id=\"image-content-block_cf3e7ff3f4a02edd160299ae24e93eb4\" class=\"block-section image-content light  align-full\">\n\t<div class=\"grid-container\" id=\"scrollToMe-belysning\">\n\n\t\t<div class=\"grid-x grid-padding-x\">\n\n\t\t\t<div class=\"cell small-12 medium-7 content\">\n\t\t\t\t\t\t\t\t\t<h2 class=\"section-title\">Belysning<\/h2>\n\t\t\t\t\n\t\t\t\t\t\t\t\t\t<article><p><a href=\"https:\/\/farligeprodukter.no\/produkt\/100722\">Serona lyslenke<\/a> solgt av Bohus tilbakekalles pga. brannfare (17.2.26)<\/p>\n<p><a href=\"https:\/\/farligeprodukter.no\/produkt\/100721\">NYM\u00c5NE vegglampe<\/a> fra Ikea pga. fare for elektrisk st\u00f8t (10.2.26)<\/p>\n<p><a href=\"https:\/\/farligaprodukter.fi\/anm%C3%A4lningar\/anm%C3%A4lning\/ea8c0771-37c5-42ad-8440-f22955db7eb9\" target=\"_blank\" rel=\"noopener\">master LED lyskjede<\/a> tilbakekalles pga. fare for elst\u00f8t (23.12.25)<\/p>\n<\/article>\n\t\t\t\t\n\t\t\t\t\t\t<a class=\"link link--underlined\" href=\"https:\/\/elsikkerhetsportalen.no\/linea\/obs\/arkiv-belysning\/\" target=\"_self\">\n\t\t\tSe flere farlige belysningsprodukter\t\t<\/a>\n\t\t\t\t\t<div class=\"clearfix\"><\/div>\n\t\t\t\t\n\t\t\t\t\t\t\t\t\n\t\t\t<\/div>\n\n\t\t\t<div class=\"cell small-12 medium-5 image\">\n\t\t\t\t<img loading=\"lazy\" decoding=\"async\" width=\"502\" height=\"335\" src=\"https:\/\/elsikkerhetsportalen.no\/linea\/wp-content\/uploads\/sites\/26\/2021\/05\/Lyspaerer-600x400-1-502x335.jpg\" class=\"attachment-image-content size-image-content\" alt=\"\" srcset=\"https:\/\/elsikkerhetsportalen.no\/linea\/wp-content\/uploads\/sites\/26\/2021\/05\/Lyspaerer-600x400-1-502x335.jpg 502w, https:\/\/elsikkerhetsportalen.no\/linea\/wp-content\/uploads\/sites\/26\/2021\/05\/Lyspaerer-600x400-1-300x200.jpg 300w, https:\/\/elsikkerhetsportalen.no\/linea\/wp-content\/uploads\/sites\/26\/2021\/05\/Lyspaerer-600x400-1.jpg 600w\" sizes=\"auto, (max-width: 502px) 100vw, 502px\" \/>\n\t\t\t<\/div>\n\n\t\t<\/div>\n\n\t\t\t\t\n\t<\/div>\n<\/section>\n\n\n\n<section id=\"image-content-block_cd55f889daaee942be2187d614a669e8\" class=\"block-section image-content dark  align-full\">\n\t<div class=\"grid-container\" id=\"scrollToMe-ladere-og-batterier\">\n\n\t\t<div class=\"grid-x grid-padding-x\">\n\n\t\t\t<div class=\"cell small-12 medium-7 content\">\n\t\t\t\t\t\t\t\t\t<h2 class=\"section-title\">Ladere og batterier<\/h2>\n\t\t\t\t\n\t\t\t\t\t\t\t\t\t<article><p><a href=\"https:\/\/farligeprodukter.no\/produkt\/100719\">Auto-sporende stativ med ladefunksjon fra Belki<\/a>n tilbaketrekkes pga. brannfare (10.2.26)<\/p>\n<p><a href=\"https:\/\/www.elsakerhetsverket.se\/privatpersoner\/dina-elprodukter\/forsaljningsforbud\/belkin-limited-stoppar-forsaljningen-samt-aterkallar-batteri\/\">Belkin Lmtd stopper salget og tilbakekaller<\/a> pga. produksjonsfeil som kan f\u00e5 batteriene til overopphetes og utgj\u00f8r en brannfare. (12.1.26)<\/p>\n<p><a href=\"https:\/\/www.elsakerhetsverket.se\/privatpersoner\/dina-elprodukter\/forsaljningsforbud\/cooley-llp-stoppar-forsaljningen-samt-aterkallar-batteri\/\">DEWALT batteri<\/a> (mod. DCBPS0554) skal ikke brukes eller lades pga. brannfare (7.1.26)<\/p>\n<\/article>\n\t\t\t\t\n\t\t\t\t\t\t<a class=\"link link--underlined\" href=\"https:\/\/elsikkerhetsportalen.no\/linea\/obs\/arkiv-ladere\/\" target=\"_self\">\n\t\t\tSe flere farlige ladere, batterier ol.\t\t<\/a>\n\t\t\t\t\t<div class=\"clearfix\"><\/div>\n\t\t\t\t\n\t\t\t\t\t\t\t\t\n\t\t\t<\/div>\n\n\t\t\t<div class=\"cell small-12 medium-5 image\">\n\t\t\t\t<img loading=\"lazy\" decoding=\"async\" width=\"502\" height=\"335\" src=\"https:\/\/elsikkerhetsportalen.no\/linea\/wp-content\/uploads\/sites\/26\/2021\/05\/Mobil-og-nettbrett-lader-600x400-1-502x335.jpg\" class=\"attachment-image-content size-image-content\" alt=\"Bilde viser nettbrett og mobil til lading\" srcset=\"https:\/\/elsikkerhetsportalen.no\/linea\/wp-content\/uploads\/sites\/26\/2021\/05\/Mobil-og-nettbrett-lader-600x400-1-502x335.jpg 502w, https:\/\/elsikkerhetsportalen.no\/linea\/wp-content\/uploads\/sites\/26\/2021\/05\/Mobil-og-nettbrett-lader-600x400-1-300x200.jpg 300w, https:\/\/elsikkerhetsportalen.no\/linea\/wp-content\/uploads\/sites\/26\/2021\/05\/Mobil-og-nettbrett-lader-600x400-1.jpg 600w\" sizes=\"auto, (max-width: 502px) 100vw, 502px\" \/>\n\t\t\t<\/div>\n\n\t\t<\/div>\n\n\t\t\t\t\n\t<\/div>\n<\/section>\n\n\n\n<section id=\"image-content-block_b14a1ea7535acc0459aedae675236b03\" class=\"block-section image-content light  align-full\">\n\t<div class=\"grid-container\" id=\"scrollToMe-husholdningsapparater\">\n\n\t\t<div class=\"grid-x grid-padding-x\">\n\n\t\t\t<div class=\"cell small-12 medium-7 content\">\n\t\t\t\t\t\t\t\t\t<h2 class=\"section-title\">Husholdningsapparater<\/h2>\n\t\t\t\t\n\t\t\t\t\t\t\t\t\t<article><p><a href=\"https:\/\/ec.europa.eu\/safety-gate-alerts\/screen\/webReport\/alertDetail\/10098068?lang=en\">Gr\u00e5 elektrisk oppladbar varmeflaske<\/a> solgt p\u00e5 nett (bl.a. via TikTok) utgj\u00f8r brannfare. (6.3.26)<\/p>\n<p><a href=\"https:\/\/ec.europa.eu\/safety-gate-alerts\/screen\/webReport\/alertDetail\/10097642?lang=en\">Eggkoker solgt p\u00e5 nett, i s\u00e6r AliExpress<\/a> er trukket av markedt pga. ber\u00f8ringsfare (6.2.26)<\/p>\n<p><a href=\"https:\/\/ec.europa.eu\/safety-gate-alerts\/screen\/webReport\/alertDetail\/10096918?lang=en\" target=\"_blank\" rel=\"noopener\">Mini-vaskemaskin solgt bl.a. fra Amazon<\/a> ilegges omsetningsforbud pga. brannfare (2.12.25)<\/p>\n<p><a href=\"https:\/\/www.obhnordica.no\/tilbakekalling-av-produkter\/recall-eo99f1no\" target=\"_blank\" rel=\"noopener\">Batteripakke til h\u00e5ndst\u00f8vsuger fra OBH Nordica<\/a> bes byttet pga.brannfare (8.10.25)<\/p>\n<\/article>\n\t\t\t\t\n\t\t\t\t\t\t<a class=\"link link--underlined\" href=\"https:\/\/elsikkerhetsportalen.no\/linea\/obs\/arkiv-husholdningsapparater\/\" target=\"_self\">\n\t\t\tSe flere farlige husholdningsapparater\t\t<\/a>\n\t\t\t\t\t<div class=\"clearfix\"><\/div>\n\t\t\t\t\n\t\t\t\t\t\t\t\t\n\t\t\t<\/div>\n\n\t\t\t<div class=\"cell small-12 medium-5 image\">\n\t\t\t\t<img loading=\"lazy\" decoding=\"async\" width=\"502\" height=\"335\" src=\"https:\/\/elsikkerhetsportalen.no\/linea\/wp-content\/uploads\/2026\/02\/eggkoker-502x335.jpg\" class=\"attachment-image-content size-image-content\" alt=\"\" srcset=\"https:\/\/elsikkerhetsportalen.no\/linea\/wp-content\/uploads\/2026\/02\/eggkoker-502x335.jpg 502w, https:\/\/elsikkerhetsportalen.no\/linea\/wp-content\/uploads\/2026\/02\/eggkoker-300x200.jpg 300w, https:\/\/elsikkerhetsportalen.no\/linea\/wp-content\/uploads\/2026\/02\/eggkoker.jpg 600w\" sizes=\"auto, (max-width: 502px) 100vw, 502px\" \/>\n\t\t\t<\/div>\n\n\t\t<\/div>\n\n\t\t\t\t\n\t<\/div>\n<\/section>\n\n\n\n<section id=\"image-content-block_c51a809c8a4c3a53674aa9c793ccddc0\" class=\"block-section image-content dark  align-full\">\n\t<div class=\"grid-container\" id=\"scrollToMe-varmeovner\">\n\n\t\t<div class=\"grid-x grid-padding-x\">\n\n\t\t\t<div class=\"cell small-12 medium-7 content\">\n\t\t\t\t\t\t\t\t\t<h2 class=\"section-title\">Varmeovner<\/h2>\n\t\t\t\t\n\t\t\t\t\t\t\t\t\t<article><p><a href=\"https:\/\/www.elsakerhetsverket.se\/privatpersoner\/dina-elprodukter\/forsaljningsforbud\/osmo-sverige-seth-global-bv-stoppar-forsaljningen-samt-aterkallar-varmefilt\/\">Osmo Sverige stopper salget av varmetepp<\/a>e pga. brannfare (27.1.2026)<\/p>\n<p><a href=\"https:\/\/ec.europa.eu\/safety-gate-alerts\/screen\/webReport\/alertDetail\/10097243?lang=en\" target=\"_blank\" rel=\"noopener\">B\u00e6rbar vifteovn<\/a> med tilkoblet veggplugg solgt p\u00e5 nett, bl.a. Amazon har ber\u00f8ringsfare (6.1.26)<\/p>\n<p><a href=\"https:\/\/farligaprodukter.fi\/anm%C3%A4lningar\/anm%C3%A4lning\/83708ad4-341a-4238-9805-64b60792a0e2\" target=\"_blank\" rel=\"noopener\">Advarsel mot veggmontering av Idala str\u00f8mningsvarmer<\/a> pga. brannfare (21.8.25)<\/p>\n<\/article>\n\t\t\t\t\n\t\t\t\t\t\t<a class=\"link link--underlined\" href=\"https:\/\/elsikkerhetsportalen.no\/linea\/obs\/arkiv-oppvarmingsprodukter\/\" target=\"_self\">\n\t\t\tSe flere farlige oppvarmingsprodukter\t\t<\/a>\n\t\t\t\t\t<div class=\"clearfix\"><\/div>\n\t\t\t\t\n\t\t\t\t\t\t\t\t\n\t\t\t<\/div>\n\n\t\t\t<div class=\"cell small-12 medium-5 image\">\n\t\t\t\t<img loading=\"lazy\" decoding=\"async\" width=\"502\" height=\"335\" src=\"https:\/\/elsikkerhetsportalen.no\/linea\/wp-content\/uploads\/sites\/26\/2021\/04\/Varmeovn-600x400-1-502x335.jpg\" class=\"attachment-image-content size-image-content\" alt=\"\" srcset=\"https:\/\/elsikkerhetsportalen.no\/linea\/wp-content\/uploads\/sites\/26\/2021\/04\/Varmeovn-600x400-1-502x335.jpg 502w, https:\/\/elsikkerhetsportalen.no\/linea\/wp-content\/uploads\/sites\/26\/2021\/04\/Varmeovn-600x400-1-300x200.jpg 300w, https:\/\/elsikkerhetsportalen.no\/linea\/wp-content\/uploads\/sites\/26\/2021\/04\/Varmeovn-600x400-1.jpg 600w\" sizes=\"auto, (max-width: 502px) 100vw, 502px\" \/>\n\t\t\t<\/div>\n\n\t\t<\/div>\n\n\t\t\t\t\n\t<\/div>\n<\/section>\n\n\n\n<section id=\"image-content-block_66d0105f0d3273b37e3b3e8a5cc04216\" class=\"block-section image-content light  align-full\">\n\t<div class=\"grid-container\" id=\"scrollToMe-sma-elektriske-produkter\">\n\n\t\t<div class=\"grid-x grid-padding-x\">\n\n\t\t\t<div class=\"cell small-12 medium-7 content\">\n\t\t\t\t\t\t\t\t\t<h2 class=\"section-title\">Sm\u00e5 elektriske produkter<\/h2>\n\t\t\t\t\n\t\t\t\t\t\t\t\t\t<article><p><a href=\"https:\/\/www.elsakerhetsverket.se\/privatpersoner\/dina-elprodukter\/forsaljningsforbud\/hisense-ltd.-stoppar-forsaljningen-samt-aterkallar-baby-monitor\/\">Salgsstopp for babymonitor<\/a> av merket Babysense pga. brannfare (10.3.26)<\/p>\n<p><a href=\"https:\/\/ec.europa.eu\/safety-gate-alerts\/screen\/webReport\/alertDetail\/10097613?lang=en\">Salgstopp av glattetang (h\u00e5r) fra KEMEI<\/a> solgt bl.a. p\u00e5 Wish pga. ber\u00f8ringsfare. (6.2.26)<\/p>\n<p><a href=\"https:\/\/ec.europa.eu\/safety-gate-alerts\/screen\/webReport\/alertDetail\/10097175?lang=en\" target=\"_blank\" rel=\"noopener\">Maskin for oppsamling av neglest\u00f8v<\/a> solgt p\u00e5 nett, bl.a. Amazon trekkes fra markedet pga. ber\u00f8rings- og brannfare (5.1.26)<\/p>\n<p>Normal stopper salget og tilbakekaller <a href=\"https:\/\/farligeprodukter.no\/produkt\/100695\" target=\"_blank\" rel=\"noopener\">UV neglelampe<\/a> pga. alvorlig feil som utgj\u00f8r en sikkerhetsrisiko (19.12.25)<\/p>\n<p><a href=\"https:\/\/ec.europa.eu\/safety-gate-alerts\/screen\/webReport\/alertDetail\/10096319?lang=en\" target=\"_blank\" rel=\"noopener\">Elektriske h\u00e5rruller<\/a> solgt bl.a. p\u00e5 Amazon trekkes tilbake pga. brann- og ber\u00f8ringsfare (31.10.25)<\/p>\n<\/article>\n\t\t\t\t\n\t\t\t\t\t\t<a class=\"link link--underlined\" href=\"https:\/\/elsikkerhetsportalen.no\/linea\/obs\/arkiv-sma-elprodukter\/\" target=\"_self\">\n\t\t\tSe flere farlige elektriske sm\u00e5produkter\t\t<\/a>\n\t\t\t\t\t<div class=\"clearfix\"><\/div>\n\t\t\t\t\n\t\t\t\t\t\t\t\t\n\t\t\t<\/div>\n\n\t\t\t<div class=\"cell small-12 medium-5 image\">\n\t\t\t\t<img loading=\"lazy\" decoding=\"async\" width=\"502\" height=\"335\" src=\"https:\/\/elsikkerhetsportalen.no\/linea\/wp-content\/uploads\/2026\/01\/Neglelampe-fra-Normal-502x335.png\" class=\"attachment-image-content size-image-content\" alt=\"Neglelampe fra Normal som er stoppet i salg.\" srcset=\"https:\/\/elsikkerhetsportalen.no\/linea\/wp-content\/uploads\/2026\/01\/Neglelampe-fra-Normal-502x335.png 502w, https:\/\/elsikkerhetsportalen.no\/linea\/wp-content\/uploads\/2026\/01\/Neglelampe-fra-Normal-300x200.png 300w, https:\/\/elsikkerhetsportalen.no\/linea\/wp-content\/uploads\/2026\/01\/Neglelampe-fra-Normal.png 600w\" sizes=\"auto, (max-width: 502px) 100vw, 502px\" \/>\n\t\t\t<\/div>\n\n\t\t<\/div>\n\n\t\t\t\t\n\t<\/div>\n<\/section>\n","protected":false},"excerpt":{"rendered":"","protected":false},"author":4,"featured_media":1030,"parent":0,"menu_order":3,"comment_status":"closed","ping_status":"closed","template":"","meta":{"_acf_changed":false,"footnotes":""},"class_list":["post-1485","page","type-page","status-publish","has-post-thumbnail","hentry"],"acf":[],"_links":{"self":[{"href":"https:\/\/elsikkerhetsportalen.no\/linea\/wp-json\/wp\/v2\/pages\/1485","targetHints":{"allow":["GET"]}}],"collection":[{"href":"https:\/\/elsikkerhetsportalen.no\/linea\/wp-json\/wp\/v2\/pages"}],"about":[{"href":"https:\/\/elsikkerhetsportalen.no\/linea\/wp-json\/wp\/v2\/types\/page"}],"author":[{"embeddable":true,"href":"https:\/\/elsikkerhetsportalen.no\/linea\/wp-json\/wp\/v2\/users\/4"}],"replies":[{"embeddable":true,"href":"https:\/\/elsikkerhetsportalen.no\/linea\/wp-json\/wp\/v2\/comments?post=1485"}],"version-history":[{"count":0,"href":"https:\/\/elsikkerhetsportalen.no\/linea\/wp-json\/wp\/v2\/pages\/1485\/revisions"}],"wp:featuredmedia":[{"embeddable":true,"href":"https:\/\/elsikkerhetsportalen.no\/linea\/wp-json\/wp\/v2\/media\/1030"}],"wp:attachment":[{"href":"https:\/\/elsikkerhetsportalen.no\/linea\/wp-json\/wp\/v2\/media?parent=1485"}],"curies":[{"name":"wp","href":"https:\/\/api.w.org\/{rel}","templated":true}]}}