{"id":1330,"date":"2023-08-29T06:26:07","date_gmt":"2023-08-29T06:26:07","guid":{"rendered":"https:\/\/elsikkerhetsportalen.no\/linja\/?page_id=1330"},"modified":"2023-08-29T06:27:36","modified_gmt":"2023-08-29T06:27:36","slug":"tilsynet","status":"publish","type":"page","link":"https:\/\/elsikkerhetsportalen.no\/linja\/tilsynet\/","title":{"rendered":"Tips til husstanden"},"content":{"rendered":"\n<p><\/p>\n\n\n<section id=\"scrollable-shortcuts-block_99305fb3d11568ee0d99158eef67f2e3\" class=\"block-section scrollable-shortcuts   align-full\">\n\t<div class=\"grid-container\">\n\t\t<div class=\"grid-x grid-padding-x\">\n\n\t\t\t<header class=\"cell small-12 medium-7\">\n\t\t\t\t\t\t\t\t\t<h1>Informasjonstips fra Eltilsynet<\/h1>\n\t\t\t\t\n\t\t\t\t\t\t\t\t\t<p class=\"ingress\">Vi benytter str\u00f8m ulikt gjennom livet. Den skal v\u00e6re trygg for b\u00e5de minsten og de eldste. Her har vi samlet noen tips som vil v\u00e6re relevante for deg og din familie.<\/p>\n\t\t\t\t\n\t\t\t\t\t\t\t\t\t<h2 class=\"shortcuts-title\">Tips for husstanden<span><span class=\"icon icon-arrow-down\"><\/span><\/span><\/h2>\n\t\t\t\t\n\t\t\t\t<nav><ul><li><a href=\"#smabarnsfamilien\" class=\"link link--underlined\">Sm\u00e5barnsfamilien<\/a><\/li><li><a href=\"#tenaringsfamilien\" class=\"link link--underlined\">Ten\u00e5ringsfamilien<\/a><\/li><li><a href=\"#vare-eldre\" class=\"link link--underlined\">V\u00e5re eldre<\/a><\/li><\/ul><\/nav>\t\t\t<\/header>\n\n\t\t<\/div>\n\t<\/div>\n<\/section>\n\n\n\n<section id=\"image-content-block_bbb257846dd593daf80363187ea35fe4\" class=\"block-section image-content light has-more-content  align-full\">\n\t<div class=\"grid-container\" id=\"scrollToMe-smabarnsfamilien\">\n\n\t\t<div class=\"grid-x grid-padding-x\">\n\n\t\t\t<div class=\"cell small-12 medium-7 content\">\n\t\t\t\t\t\t\t\t\t<h2 class=\"section-title\">Sm\u00e5barnsfamilien<\/h2>\n\t\t\t\t\n\t\t\t\t\t\t\t\t\t<article><ul>\n<li>S\u00f8rg for barnevern i stikkontakter, enten innebygget eller plugg til stikkontakt (barnesikring)<\/li>\n<li>Fjern alle l\u00f8se lamper fra barnerommet.<\/li>\n<li>Flyttbare varmeovner h\u00f8rer ikke hjemme p\u00e5 barnerom.<\/li>\n<\/ul>\n<\/article>\n\t\t\t\t\n\t\t\t\t\t\t\t\t<div class=\"clearfix\"><\/div>\n\t\t\t\t\n\t\t\t\t\t\t\t\t\n\t\t\t\t\t<a\n\t\t\t\t\t\thref=\"#\"\n\t\t\t\t\t\tclass=\"button-plus content-toggler\"\n\t\t\t\t\t\tdata-initialtext=\"Les mer\"\n\t\t\t\t\t\tdata-toggletext=\"Les mindre\"\n\t\t\t\t\t\tdata-target=\"ic-hidden-block_bbb257846dd593daf80363187ea35fe4\"\n\t\t\t\t\t\trole=\"button\"\n\t\t\t\t\t\trel=\"nofollow\"\n\t\t\t\t\t\taria-label=\"\u00c5pne skjult innhold\"\n\t\t\t\t\t\taria-expanded=\"false\">\n\t\t\t\t\t\t<span>Les mer<\/span>\n\t\t\t\t\t\t<span class=\"icon icon-plus\"><\/span>\n\t\t\t\t\t<\/a>\n\t\t\t\t\n\t\t\t<\/div>\n\n\t\t\t<div class=\"cell small-12 medium-5 image\">\n\t\t\t\t<img loading=\"lazy\" decoding=\"async\" width=\"502\" height=\"335\" src=\"https:\/\/elsikkerhetsportalen.no\/linja\/wp-content\/uploads\/sites\/15\/2023\/07\/barn-stopsel-502x335.jpg\" class=\"attachment-image-content size-image-content\" alt=\"Barn setter inn st\u00f8psel (eurostikk)\" srcset=\"https:\/\/elsikkerhetsportalen.no\/linja\/wp-content\/uploads\/sites\/15\/2023\/07\/barn-stopsel-502x335.jpg 502w, https:\/\/elsikkerhetsportalen.no\/linja\/wp-content\/uploads\/sites\/15\/2023\/07\/barn-stopsel-300x200.jpg 300w, https:\/\/elsikkerhetsportalen.no\/linja\/wp-content\/uploads\/sites\/15\/2023\/07\/barn-stopsel.jpg 600w\" sizes=\"auto, (max-width: 502px) 100vw, 502px\" \/>\n\t\t\t<\/div>\n\n\t\t<\/div>\n\n\t\t\t\t\t\t<div class=\"grid-x grid-padding-x hidden-more-content\" aria-expanded=\"false\" aria-hidden=\"true\" id=\"ic-hidden-block_bbb257846dd593daf80363187ea35fe4\">\n\t\t\t<div class=\"cell small-12 medium-7 content\">\n\t\t\t\t<article>\n\t\t\t\t<p>L\u00f8se lamper kan velte og falle ned slik at lysp\u00e6ren kommer i kontakt med dyne, pute eller annet brennbart materiale.<\/p>\n<blockquote><p>Klypelamper av plast har gjentatte ganger for\u00e5rsaket branntill\u00f8p fordi de lett l\u00f8sninger og faller ned p\u00e5 brennbart materiale.<\/p><\/blockquote>\n<ul>\n<li>Bytt ut brannfarlige halogenp\u00e6rer med LED-lys.<\/li>\n<li>Skj\u00f8teledninger b\u00f8r ikke brukes p\u00e5 et barnerom.<\/li>\n<li>PCer og spillkonsoller kan bli overopphetet og ta fyr. S\u00f8rg for god lufting.<\/li>\n<li>Oppladbare leker medf\u00f8rer brannfare. S\u00f8rg for at lading av leker utf\u00f8res av voksne n\u00e5r du er tilstede og v\u00e5ken. Trekk ut ladere n\u00e5r de ikke er i bruk.<\/li>\n<\/ul>\n<blockquote><p>Det er smart \u00e5 ta en kveldskontroll for \u00e5 sjekke at elektriske apparater er avsl\u00e5tt.<\/p><\/blockquote>\n\t\t\t\t<\/article>\n\t\t\t<\/div>\n\n\t\t\t<div class=\"cell small-12 medium-5 image\">\n\t\t\t\t<img loading=\"lazy\" decoding=\"async\" width=\"502\" height=\"334\" src=\"https:\/\/elsikkerhetsportalen.no\/linja\/wp-content\/uploads\/sites\/15\/2021\/11\/barnerom-hobbyelektriker-502x334.jpg\" class=\"attachment-image-content size-image-content\" alt=\"Bilde viser del av barnerom etter branntill\u00f8p\" srcset=\"https:\/\/elsikkerhetsportalen.no\/linja\/wp-content\/uploads\/sites\/15\/2021\/11\/barnerom-hobbyelektriker-502x334.jpg 502w, https:\/\/elsikkerhetsportalen.no\/linja\/wp-content\/uploads\/sites\/15\/2021\/11\/barnerom-hobbyelektriker-300x199.jpg 300w, https:\/\/elsikkerhetsportalen.no\/linja\/wp-content\/uploads\/sites\/15\/2021\/11\/barnerom-hobbyelektriker-1024x681.jpg 1024w, https:\/\/elsikkerhetsportalen.no\/linja\/wp-content\/uploads\/sites\/15\/2021\/11\/barnerom-hobbyelektriker-768x511.jpg 768w, https:\/\/elsikkerhetsportalen.no\/linja\/wp-content\/uploads\/sites\/15\/2021\/11\/barnerom-hobbyelektriker-1536x1021.jpg 1536w, https:\/\/elsikkerhetsportalen.no\/linja\/wp-content\/uploads\/sites\/15\/2021\/11\/barnerom-hobbyelektriker-2048x1362.jpg 2048w\" sizes=\"auto, (max-width: 502px) 100vw, 502px\" \/>\t\t\t<\/div>\n\t\t<\/div>\n\t\t\n\t<\/div>\n<\/section>\n\n\n\n<section id=\"image-content-block_33550adf828a1178504ca720b4daaeef\" class=\"block-section image-content dark  align-full\">\n\t<div class=\"grid-container\" id=\"scrollToMe-tenaringsfamilien\">\n\n\t\t<div class=\"grid-x grid-padding-x\">\n\n\t\t\t<div class=\"cell small-12 medium-7 content\">\n\t\t\t\t\t\t\t\t\t<h2 class=\"section-title\">Ten\u00e5ringsfamilien<\/h2>\n\t\t\t\t\n\t\t\t\t\t\t\t\t\t<article><ul>\n<li>Lad mobiler, lesebrett, elsykler, sparkesykler, st\u00e5brett etc. kun n\u00e5r du er v\u00e5ken og tilstede.<\/li>\n<li>Sjekk varmtvannsberederen; b\u00e5de tilkobling og st\u00f8psel\/stikkontakt jevnlig.<\/li>\n<li>La de unge spise nattmat som ikke m\u00e5 lages p\u00e5 komfyren\/stekeovnen.<\/li>\n<\/ul>\n<\/article>\n\t\t\t\t\n\t\t\t\t\t\t<a class=\"link link--underlined\" href=\"https:\/\/elsikkerhetsportalen.no\/linja\/vi-ma-snakke-om-dette\/\" target=\"_blank\">\n\t\t\tElsparkesykler som brenner\t\t<\/a>\n\t\t\t\t\t<div class=\"clearfix\"><\/div>\n\t\t\t\t\n\t\t\t\t\t\t\t\t\n\t\t\t<\/div>\n\n\t\t\t<div class=\"cell small-12 medium-5 image\">\n\t\t\t\t<img loading=\"lazy\" decoding=\"async\" width=\"502\" height=\"335\" src=\"https:\/\/elsikkerhetsportalen.no\/linja\/wp-content\/uploads\/sites\/15\/2021\/11\/Elsparkesykkel-branntillop-Foto-Vestfold-Interkommunale-Brannvesen-IKS-502x335.png\" class=\"attachment-image-content size-image-content\" alt=\"Bilde viser en forbrent elsparkesykkel\" srcset=\"https:\/\/elsikkerhetsportalen.no\/linja\/wp-content\/uploads\/sites\/15\/2021\/11\/Elsparkesykkel-branntillop-Foto-Vestfold-Interkommunale-Brannvesen-IKS-502x335.png 502w, https:\/\/elsikkerhetsportalen.no\/linja\/wp-content\/uploads\/sites\/15\/2021\/11\/Elsparkesykkel-branntillop-Foto-Vestfold-Interkommunale-Brannvesen-IKS-300x200.png 300w, https:\/\/elsikkerhetsportalen.no\/linja\/wp-content\/uploads\/sites\/15\/2021\/11\/Elsparkesykkel-branntillop-Foto-Vestfold-Interkommunale-Brannvesen-IKS.png 600w\" sizes=\"auto, (max-width: 502px) 100vw, 502px\" \/>\n\t\t\t<\/div>\n\n\t\t<\/div>\n\n\t\t\t\t\n\t<\/div>\n<\/section>\n\n\n\n<section id=\"image-content-block_c4a5c0e03736b2b70540f92b7ad47eb7\" class=\"block-section image-content none has-more-content  align-full\">\n\t<div class=\"grid-container\" id=\"scrollToMe-vare-eldre\">\n\n\t\t<div class=\"grid-x grid-padding-x\">\n\n\t\t\t<div class=\"cell small-12 medium-7 content\">\n\t\t\t\t\t\t\t\t\t<h2 class=\"section-title\">V\u00e5re eldre<\/h2>\n\t\t\t\t\n\t\t\t\t\t\t\t\t\t<article><ul>\n<li>Monter komfyrvakt. Komfyrbranner oppst\u00e5r hyppig hos eldre. En komfyrvakt redder liv.<\/li>\n<li>Monter tidsur eller bryter som skrur av str\u00f8mmen til kaffetrakter, vannkoker, strykejern, br\u00f8drister etc. Ev. trekk ut st\u00f8pslene etter bruk.<\/li>\n<li>Bruk varmepute\/varmeteppe slik det er beskrevet i bruksanvisningen. Du skal aldri ligge p\u00e5 varmetepper. De skal heller aldri brettes.<\/li>\n<\/ul>\n<\/article>\n\t\t\t\t\n\t\t\t\t\t\t\t\t<div class=\"clearfix\"><\/div>\n\t\t\t\t\n\t\t\t\t\t\t\t\t\n\t\t\t\t\t<a\n\t\t\t\t\t\thref=\"#\"\n\t\t\t\t\t\tclass=\"button-plus content-toggler\"\n\t\t\t\t\t\tdata-initialtext=\"Les mer\"\n\t\t\t\t\t\tdata-toggletext=\"Les mindre\"\n\t\t\t\t\t\tdata-target=\"ic-hidden-block_c4a5c0e03736b2b70540f92b7ad47eb7\"\n\t\t\t\t\t\trole=\"button\"\n\t\t\t\t\t\trel=\"nofollow\"\n\t\t\t\t\t\taria-label=\"\u00c5pne skjult innhold\"\n\t\t\t\t\t\taria-expanded=\"false\">\n\t\t\t\t\t\t<span>Les mer<\/span>\n\t\t\t\t\t\t<span class=\"icon icon-plus\"><\/span>\n\t\t\t\t\t<\/a>\n\t\t\t\t\n\t\t\t<\/div>\n\n\t\t\t<div class=\"cell small-12 medium-5 image\">\n\t\t\t\t<img loading=\"lazy\" decoding=\"async\" width=\"502\" height=\"335\" src=\"https:\/\/elsikkerhetsportalen.no\/linja\/wp-content\/uploads\/sites\/15\/2021\/04\/Komfyrvakt-pip-502x335.jpg\" class=\"attachment-image-content size-image-content\" alt=\"\" srcset=\"https:\/\/elsikkerhetsportalen.no\/linja\/wp-content\/uploads\/sites\/15\/2021\/04\/Komfyrvakt-pip-502x335.jpg 502w, https:\/\/elsikkerhetsportalen.no\/linja\/wp-content\/uploads\/sites\/15\/2021\/04\/Komfyrvakt-pip-300x200.jpg 300w, https:\/\/elsikkerhetsportalen.no\/linja\/wp-content\/uploads\/sites\/15\/2021\/04\/Komfyrvakt-pip.jpg 600w\" sizes=\"auto, (max-width: 502px) 100vw, 502px\" \/>\n\t\t\t<\/div>\n\n\t\t<\/div>\n\n\t\t\t\t\t\t<div class=\"grid-x grid-padding-x hidden-more-content\" aria-expanded=\"false\" aria-hidden=\"true\" id=\"ic-hidden-block_c4a5c0e03736b2b70540f92b7ad47eb7\">\n\t\t\t<div class=\"cell small-12 medium-7 content\">\n\t\t\t\t<article>\n\t\t\t\t<ul>\n<li>Pass p\u00e5 at gardiner, duker, aviser og m\u00f8bler er i god avstand til varmeovner.<\/li>\n<li>Bruk aldri skj\u00f8teledning til varmeovner, hvitevarer og varmtvannsbereder.<\/li>\n<li>Sjekk at r\u00f8ykvarsleren virker og kan h\u00f8res overalt i boligen. Bruk seriekoblede r\u00f8ykvarslere.<\/li>\n<li>S\u00f8rg for at det finnes slukkeutstyr du klarer \u00e5 bruke, og s\u00f8rg for frie r\u00f8mningsveier.<\/li>\n<\/ul>\n<blockquote><p>Sjekk om du har rett til komfyrvakt fra <a href=\"https:\/\/www.hjelpemiddeldatabasen.no\/r4x.asp?linktype=name&amp;linkinfo=komfyrvakt&amp;sp=komfyrvakt\" target=\"_blank\" rel=\"noopener\">Hjelpemiddelsentralen (NAV)<\/a><\/p><\/blockquote>\n\t\t\t\t<\/article>\n\t\t\t<\/div>\n\n\t\t\t<div class=\"cell small-12 medium-5 image\">\n\t\t\t\t\t\t\t<\/div>\n\t\t<\/div>\n\t\t\n\t<\/div>\n<\/section>\n\n\n\n<section class=\"block-section post-cards\">\n\t<div class=\"grid-container\">\n\n        <div class=\"grid-x grid-margin-x section-title-wrapper\">\n            <div class=\"cell small-12 medium-6\">\n                                    <h1 class=\"section-title\">Vi anbefaler<\/h1>\n                            <\/div>\n\n                    <\/div>\n\n        <div class=\"grid-x grid-margin-x cards-wrapper\">\n                                                                    <a href=\"https:\/\/elsikkerhetsportalen.no\/linja\/sjekk-varmtvannsberederen\/\" class=\"link-card cell small-12 medium-6\">\n    <article>\n        <div class=\"content\">\n            <h3 class=\"title\">Sjekk varmtvannsberederen<\/h3>\n            <p class=\"excerpt\">V\u00e5rt tips for \u00e5 sikre deg mot varmgang p\u00e5 stikkontakt og st\u00f8psel, er \u00e5 f\u00e5&#8230;<\/p>\n        <\/div>\n        <span class=\"icon icon-arrow-right\"><\/span>\n    <\/article>\n<\/a>                    \n                                                        <a href=\"https:\/\/elsikkerhetsportalen.no\/linja\/ta-kontroll-over-din-egen-elsikkerhet\/\" class=\"link-card cell small-12 medium-6\">\n    <article>\n        <div class=\"content\">\n            <h3 class=\"title\">Bli med p\u00e5 Elsikkerhetsdagen<\/h3>\n            <p class=\"excerpt\">Elsikkerhetsdagen handler om mer enn premier. Det handler om trygghet for deg, for familien din,&#8230;<\/p>\n        <\/div>\n        <span class=\"icon icon-arrow-right\"><\/span>\n    <\/article>\n<\/a>                    \n                                                        <a href=\"https:\/\/elsikkerhetsportalen.no\/linja\/faq\/hva-er-varmgang\/\" class=\"link-card cell small-12 medium-6\">\n    <article>\n        <div class=\"content\">\n            <h3 class=\"title\">Hva er varmgang?<\/h3>\n            <p class=\"excerpt\">Ofte f\u00f8rer kontaktsvikt og d\u00e5rlige forbindelser til varmeutvikling i st\u00f8psler og kontakter. Dette kaller vi&#8230;<\/p>\n        <\/div>\n        <span class=\"icon icon-arrow-right\"><\/span>\n    <\/article>\n<\/a>                    \n                                                        <a href=\"https:\/\/elsikkerhetsportalen.no\/linja\/elektrisk-utstyr\/ladetips\/\" class=\"link-card cell small-12 medium-6\">\n    <article>\n        <div class=\"content\">\n            <h3 class=\"title\">Ladetips<\/h3>\n            <p class=\"excerpt\"><\/p>\n        <\/div>\n        <span class=\"icon icon-arrow-right\"><\/span>\n    <\/article>\n<\/a>                    \n                                                    <\/div>\n\n    <\/div>\n<\/section>","protected":false},"excerpt":{"rendered":"","protected":false},"author":1,"featured_media":1188,"parent":0,"menu_order":0,"comment_status":"closed","ping_status":"closed","template":"","meta":{"_acf_changed":false,"footnotes":""},"class_list":["post-1330","page","type-page","status-publish","has-post-thumbnail","hentry"],"acf":[],"_links":{"self":[{"href":"https:\/\/elsikkerhetsportalen.no\/linja\/wp-json\/wp\/v2\/pages\/1330","targetHints":{"allow":["GET"]}}],"collection":[{"href":"https:\/\/elsikkerhetsportalen.no\/linja\/wp-json\/wp\/v2\/pages"}],"about":[{"href":"https:\/\/elsikkerhetsportalen.no\/linja\/wp-json\/wp\/v2\/types\/page"}],"author":[{"embeddable":true,"href":"https:\/\/elsikkerhetsportalen.no\/linja\/wp-json\/wp\/v2\/users\/1"}],"replies":[{"embeddable":true,"href":"https:\/\/elsikkerhetsportalen.no\/linja\/wp-json\/wp\/v2\/comments?post=1330"}],"version-history":[{"count":0,"href":"https:\/\/elsikkerhetsportalen.no\/linja\/wp-json\/wp\/v2\/pages\/1330\/revisions"}],"wp:featuredmedia":[{"embeddable":true,"href":"https:\/\/elsikkerhetsportalen.no\/linja\/wp-json\/wp\/v2\/media\/1188"}],"wp:attachment":[{"href":"https:\/\/elsikkerhetsportalen.no\/linja\/wp-json\/wp\/v2\/media?parent=1330"}],"curies":[{"name":"wp","href":"https:\/\/api.w.org\/{rel}","templated":true}]}}