{"id":61,"date":"2021-02-03T21:37:31","date_gmt":"2021-02-03T21:37:31","guid":{"rendered":"http:\/\/elsikkerhetsportalen.no\/morenett\/?page_id=61"},"modified":"2026-01-19T13:24:01","modified_gmt":"2026-01-19T13:24:01","slug":"kontakt-dle","status":"publish","type":"page","link":"https:\/\/elsikkerhetsportalen.no\/linja\/dle\/kontakt-dle\/","title":{"rendered":"Kontakt DLE"},"content":{"rendered":"\n<h2 class=\"wp-block-heading\"><strong>Kontakt ELTILSYNET<\/strong><\/h2>\n\n\n\n<p>Det lokale eltilsynet utf\u00f8rer tilsyn i private hjem og i virksomheter. ELTILSYNET i Linja utf\u00f8rer informasjonsarbeid og besvarer henvendelser fra publikum, elektrobransjen og andre n\u00e6ringsvirksomheter ombruk av elektrisitet og elektrisk utstyr. Herunder ligger det ogs\u00e5 oppf\u00f8lging av meldinger fra publikum om forhold som kan v\u00e6re forskriftstridige eller bekymringsverdige.<\/p>\n\n\n\n<h3 class=\"wp-block-heading\">Kontakt ELTILSYNET i Linja AS<\/h3>\n\n\n\n<p>ELTILSYNET i Linja AS<br>Postboks 1500, 6025 \u00c5lesund<br>Bes\u00f8ksadresse: H\u00f8gvollvegen 15, \u00c5lesund<\/p>\n\n\n\n<p>E-post:\u00a0<a href=\"mailto:dle@linja.no\">dle@linja.no<\/a><br>Telefon:\u00a0<a href=\"tel:05247\">05247<\/a><\/p>\n","protected":false},"excerpt":{"rendered":"<p>Kontakt ELTILSYNET Det lokale eltilsynet utf\u00f8rer tilsyn i private hjem og i virksomheter. ELTILSYNET i Linja utf\u00f8rer informasjonsarbeid og besvarer henvendelser fra publikum, elektrobransjen og andre n\u00e6ringsvirksomheter ombruk av elektrisitet og elektrisk utstyr. Herunder ligger det ogs\u00e5 oppf\u00f8lging av meldinger fra publikum om forhold som kan v\u00e6re forskriftstridige eller bekymringsverdige. Kontakt ELTILSYNET i Linja AS [&hellip;]<\/p>\n","protected":false},"author":1,"featured_media":0,"parent":15,"menu_order":2,"comment_status":"closed","ping_status":"closed","template":"","meta":{"_acf_changed":false,"footnotes":""},"class_list":["post-61","page","type-page","status-publish","hentry"],"acf":[],"_links":{"self":[{"href":"https:\/\/elsikkerhetsportalen.no\/linja\/wp-json\/wp\/v2\/pages\/61","targetHints":{"allow":["GET"]}}],"collection":[{"href":"https:\/\/elsikkerhetsportalen.no\/linja\/wp-json\/wp\/v2\/pages"}],"about":[{"href":"https:\/\/elsikkerhetsportalen.no\/linja\/wp-json\/wp\/v2\/types\/page"}],"author":[{"embeddable":true,"href":"https:\/\/elsikkerhetsportalen.no\/linja\/wp-json\/wp\/v2\/users\/1"}],"replies":[{"embeddable":true,"href":"https:\/\/elsikkerhetsportalen.no\/linja\/wp-json\/wp\/v2\/comments?post=61"}],"version-history":[{"count":0,"href":"https:\/\/elsikkerhetsportalen.no\/linja\/wp-json\/wp\/v2\/pages\/61\/revisions"}],"up":[{"embeddable":true,"href":"https:\/\/elsikkerhetsportalen.no\/linja\/wp-json\/wp\/v2\/pages\/15"}],"wp:attachment":[{"href":"https:\/\/elsikkerhetsportalen.no\/linja\/wp-json\/wp\/v2\/media?parent=61"}],"curies":[{"name":"wp","href":"https:\/\/api.w.org\/{rel}","templated":true}]}}