{"id":63,"date":"2021-02-03T21:37:31","date_gmt":"2021-02-03T21:37:31","guid":{"rendered":"http:\/\/elsikkerhetsportalen.no\/morenett\/?page_id=63"},"modified":"2021-09-23T14:55:46","modified_gmt":"2021-09-23T14:55:46","slug":"tilsyn-med-virksomheter","status":"publish","type":"page","link":"https:\/\/elsikkerhetsportalen.no\/linja\/dle\/tilsyn-med-virksomheter\/","title":{"rendered":"Tilsyn med virksomheter"},"content":{"rendered":"<section id=\"scrollable-shortcuts-block_60869bd654391\" class=\"block-section scrollable-shortcuts   align-full\">\n\t<div class=\"grid-container\">\n\t\t<div class=\"grid-x grid-padding-x\">\n\n\t\t\t<header class=\"cell small-12 medium-7\">\n\t\t\t\t\t\t\t\t\t<h1>Tilsyn med virksomheter<\/h1>\n\t\t\t\t\n\t\t\t\t\t\t\t\t\t<p class=\"ingress\">Alle nettselskaper er p\u00e5lagt \u00e5 f\u00f8re tilsyn med virksomheter innenfor sitt forsyningsomr\u00e5de. Det lokale elektrisitetstilsyn (DLE) er en del av nettselskapet og er ansvarlig for \u00e5 utf\u00f8re disse tilsynene.<\/p>\n\t\t\t\t\n\t\t\t\t\t\t\t\t\t<h2 class=\"shortcuts-title\">Snarveier<span><span class=\"icon icon-arrow-down\"><\/span><\/span><\/h2>\n\t\t\t\t\n\t\t\t\t<nav><ul><li><a href=\"#regelverket\" class=\"link link--underlined\">Regelverket<\/a><\/li><li><a href=\"#gjennomforing-av-revisjon\" class=\"link link--underlined\">Gjennomf\u00f8ring av revisjon<\/a><\/li><li><a href=\"#gjennomforing-av-stikkprovekontroll-pa-elektriske-anlegg\" class=\"link link--underlined\">Stikkpr\u00f8vekontroll<\/a><\/li><li><a href=\"#saksgang-etter-tilsynet\" class=\"link link--underlined\">Saksgang<\/a><\/li><li><a href=\"#utsettelse-av-utbedringsfrist\" class=\"link link--underlined\">Utsettelse av utbedringsfrist<\/a><\/li><\/ul><\/nav>\t\t\t<\/header>\n\n\t\t<\/div>\n\t<\/div>\n<\/section>\n\n\n\n<section id=\"image-content-block_60869bf754392\" class=\"block-section image-content light smaller-fonts no-image has-more-content  align-full\">\n\t<div class=\"grid-container\" id=\"scrollToMe-regelverket\">\n\n\t\t<div class=\"grid-x grid-padding-x\">\n\n\t\t\t<div class=\"cell small-12 medium-7 content\">\n\t\t\t\t\t\t\t\t\t<h2 class=\"section-title\">Regelverket<\/h2>\n\t\t\t\t\n\t\t\t\t\t\t\t\t\t<article><p>Det er Internkontrollforskriften som er f\u00f8rende for revisjon av din virksomhet.<\/p>\n<\/article>\n\t\t\t\t\n\t\t\t\t\t\t\t\t<div class=\"clearfix\"><\/div>\n\t\t\t\t\n\t\t\t\t\t\t\t\t\n\t\t\t\t\t<a\n\t\t\t\t\t\thref=\"#\"\n\t\t\t\t\t\tclass=\"button-plus content-toggler\"\n\t\t\t\t\t\tdata-initialtext=\"Les mer\"\n\t\t\t\t\t\tdata-toggletext=\"Les mindre\"\n\t\t\t\t\t\tdata-target=\"ic-hidden-block_60869bf754392\"\n\t\t\t\t\t\trole=\"button\"\n\t\t\t\t\t\trel=\"nofollow\"\n\t\t\t\t\t\taria-label=\"\u00c5pne skjult innhold\"\n\t\t\t\t\t\taria-expanded=\"false\">\n\t\t\t\t\t\t<span>Les mer<\/span>\n\t\t\t\t\t\t<span class=\"icon icon-plus\"><\/span>\n\t\t\t\t\t<\/a>\n\t\t\t\t\n\t\t\t<\/div>\n\n\t\t\t<div class=\"cell small-12 medium-5 image\">\n\t\t\t\t\t\t\t\t\t\n\t\t\t\t\t\n\t\t\t\t\n\t\t\t<\/div>\n\n\t\t<\/div>\n\n\t\t\t\t\t\t<div class=\"grid-x grid-padding-x hidden-more-content\" aria-expanded=\"false\" aria-hidden=\"true\" id=\"ic-hidden-block_60869bf754392\">\n\t\t\t<div class=\"cell small-12 medium-7 content\">\n\t\t\t\t<article>\n\t\t\t\t<p>Alle virksomheter skal iht. krav i\u00a0<a href=\"https:\/\/lovdata.no\/dokument\/SF\/forskrift\/1996-12-06-1127\" target=\"_blank\" rel=\"noreferrer noopener\">Forskrift om systematisk helse-, milj\u00f8- og sikkerhetsarbeid i virksomheter<\/a>\u00a0(Internkontrollforskriften) kunne dokumentere sitt arbeid innen helse, milj\u00f8 og sikkerhet overfor tilsynsmyndighetene, ogs\u00e5 hvordan virksomheten jobber med elsikkerhet.<\/p>\n<p>DLE skal f\u00f8re tilsyn med at kravene i Internkontrollforskriften etterleves. Det gj\u00f8res ved <strong>revisjon og kontroll<\/strong> av virksomheter.<\/p>\n<p>Direktoratet for samfunnssikkerhet og beredskap (DSB) legger f\u00f8ringer for hvor ofte og hvordan tilsynene skal gjennomf\u00f8res. Lokalkunnskap, risikovurderinger og prioriteringer vil ogs\u00e5 p\u00e5virke hvor ofte den enkelte virksomhet vil f\u00e5 bes\u00f8k. Tilsynet blir normalt varslet i brevs form\u00a0til virksomheten.<\/p>\n<p>DLE kan velge \u00e5 benytte sakkyndige selskaper til \u00e5 utf\u00f8re den praktiske delen av tilsynet. Opplysninger om dette vil eventuelt fremkomme av brevet. Tilsynspersonellet som gjennomf\u00f8rer kontrollen skal ogs\u00e5 legitimere seg.<\/p>\n\t\t\t\t<\/article>\n\t\t\t<\/div>\n\n\t\t\t<div class=\"cell small-12 medium-5 image\">\n\t\t\t\t\t\t\t<\/div>\n\t\t<\/div>\n\t\t\n\t<\/div>\n<\/section>\n\n\n\n<section id=\"image-content-block_60869c8b54395\" class=\"block-section image-content dark smaller-fonts no-image has-more-content  align-full\">\n\t<div class=\"grid-container\" id=\"scrollToMe-gjennomforing-av-revisjon\">\n\n\t\t<div class=\"grid-x grid-padding-x\">\n\n\t\t\t<div class=\"cell small-12 medium-7 content\">\n\t\t\t\t\t\t\t\t\t<h2 class=\"section-title\">Gjennomf\u00f8ring av revisjon<\/h2>\n\t\t\t\t\n\t\t\t\t\t\t\t\t\t<article><p>Her finner du eksempler p\u00e5 noe av det som vil bli etterspurt ved en revisjon avhengig av hva slags type virksomhet dere har.<\/p>\n<\/article>\n\t\t\t\t\n\t\t\t\t\t\t\t\t<div class=\"clearfix\"><\/div>\n\t\t\t\t\n\t\t\t\t\t\t\t\t\n\t\t\t\t\t<a\n\t\t\t\t\t\thref=\"#\"\n\t\t\t\t\t\tclass=\"button-plus content-toggler\"\n\t\t\t\t\t\tdata-initialtext=\"Les mer\"\n\t\t\t\t\t\tdata-toggletext=\"Les mindre\"\n\t\t\t\t\t\tdata-target=\"ic-hidden-block_60869c8b54395\"\n\t\t\t\t\t\trole=\"button\"\n\t\t\t\t\t\trel=\"nofollow\"\n\t\t\t\t\t\taria-label=\"\u00c5pne skjult innhold\"\n\t\t\t\t\t\taria-expanded=\"false\">\n\t\t\t\t\t\t<span>Les mer<\/span>\n\t\t\t\t\t\t<span class=\"icon icon-plus\"><\/span>\n\t\t\t\t\t<\/a>\n\t\t\t\t\n\t\t\t<\/div>\n\n\t\t\t<div class=\"cell small-12 medium-5 image\">\n\t\t\t\t\t\t\t\t\t\n\t\t\t\t\t\n\t\t\t\t\n\t\t\t<\/div>\n\n\t\t<\/div>\n\n\t\t\t\t\t\t<div class=\"grid-x grid-padding-x hidden-more-content\" aria-expanded=\"false\" aria-hidden=\"true\" id=\"ic-hidden-block_60869c8b54395\">\n\t\t\t<div class=\"cell small-12 medium-7 content\">\n\t\t\t\t<article>\n\t\t\t\t<p>I forkant av et tilsynsbes\u00f8k kan det v\u00e6re fornuftig \u00e5 gjennomg\u00e5 punktene nedenfor, og finne frem aktuell dokumentasjon.<\/p>\n<p>Revisjon av virksomheter utf\u00f8res i alt fra sm\u00e5 enkeltmannsforetak til store virksomheter.<\/p>\n<p>Tilsynspersonellet vil derfor tilpasse sp\u00f8rsm\u00e5lene og omfanget av revisjonen etter virksomhetens art, aktiviteter, risikoforhold og st\u00f8rrelse.<\/p>\n<h3>Generelle forhold<\/h3><ul>\n<li>Har virksomheten oversikt over lover og forskrifter som er viktige for virksomheten?<\/li>\n<li>Deltar arbeidstakerne i arbeidet med internkontrollen og har de n\u00f8dvendig oppl\u00e6ring?<\/li>\n<li>Har virksomheten satt seg skriftlige m\u00e5l for sikkerhetsarbeidet?<\/li>\n<li>Er det dokumentert hvem som gj\u00f8r hva i virksomheten?<\/li>\n<li>Hvem har ansvaret for det\u00a0elektriske anlegget og elektrisk\u00a0utstyret?<\/li>\n<li>Hvordan er ansvarsforholdet mellom utleier og leietaker?<\/li>\n<li>Har virksomheten kartlagt hvilke farer som finnes knyttet til elektriske\u00a0anlegg og elektrisk\u00a0utstyr?<\/li>\n<li>Finnes det dokumenterte planer og tiltak for \u00e5 redusere risikoforhold knyttet til elektriske anlegg og elektrisk utstyr?<\/li>\n<li>Finnes det skriftlige rutiner for kontroll av egne elektriske anlegg og elektrisk\u00a0utstyr?<\/li>\n<li>Har virksomheten skriftlige rutiner for behandling av avvik p\u00e5 elektriske anlegg og elektrisk\u00a0utstyr?<\/li>\n<li>Finnes det rutiner for melding av elulykker, herunder kjennskap til gjeldende skjema fra DSB for melding av elulykker?<\/li>\n<li>Hvordan etterser og dokumenterer virksomheten at internkontrollen fungerer som forutsatt?<\/li>\n<li>Finnes det rutiner for \u00e5 arkivere og oppbevare samsvarserkl\u00e6ringer og dokumentasjon fra elektroentrepren\u00f8rer?<\/li>\n<\/ul>\n<h3>Dersom virksomheten benytter elektromedisinsk utstyr:<\/h3><ul>\n<li>Er virksomheten kjent med \u200bForskrift om h\u00e5ndtering av medisinsk utstyr?<\/li>\n<li>Har virksomheten en systematisk oversikt over elektromedisinsk\u00a0utstyr?<\/li>\n<li>Finnes det rutiner for kontroll av utstyret ved innkj\u00f8p og f\u00f8r bruk?<\/li>\n<li>Finnes det rutiner for oppl\u00e6ring av personell?<\/li>\n<li>Finnes det rutiner for vedlikehold av elektromedisinsk utstyr?<\/li>\n<li>Finnes det rutiner for kassasjon\/vraking av farlig utstyr?<\/li>\n<li>Finnes det rutiner for melding av ulykker\/hendelser med medisinsk utstyr?<\/li>\n<\/ul>\n<h3>Dersom virksomheten omsetter elektriske installasjonsmateriell til forbruker<\/h3><ul>\n<li>Er virksomheten kjent med Forskrift om elektrisk utstyr?<\/li>\n<li>Er materiellet merket i samsvar med forskriftens krav med tanke p\u00e5 krav til den som skal installere materiellet?<\/li>\n<\/ul>\n<h3>Dersom virksomheten har egen elektrokompetanse<\/h3><ul>\n<li>Er virksomheten kjent med Forskrift om elektroforetak og kvalifikasjonskrav for arbeid tilknyttet\u00a0elelktriske\u00a0anlegg og elektrisk utstyr?<\/li>\n<li>Kan det dokumenteres at den som har det faglige ansvaret for drift og vedlikehold av arbeidsgiverens egne elektriske anlegg har n\u00f8dvendig kompetanse?<\/li>\n<li>Finnes det instrukser som beskriver hva virksomhetens egne ansatte kan utf\u00f8re av arbeider p\u00e5 det elektriske anlegget, herunder hvordan dette begrenser seg til drift og vedlikehold?<\/li>\n<li>Finnes det dokumentasjon p\u00e5 kompetanse og sikkerhetsoppl\u00e6ring av virksomhetens elektrofagfolk?<\/li>\n<li>Finnes det instrukser for\u00a0bruk av verneutstyr?<\/li>\n<\/ul>\n<h3>Dersom virksomheten har eksplosjonsfarlige omgivelser<\/h3><ul>\n<li>Er virksomheten kjent med Forskrift om helse og sikkerhet i eksplosjonsfarlige atmosf\u00e6rer?<\/li>\n<li>Er det utarbeidet et eksplosjonsverndokument som beskriver hvordan kravene i forskriften etterleves, herunder dokumentasjon p\u00e5 soneklassifisering av eksplosjonsfarlige omr\u00e5der?<\/li>\n<\/ul>\n\t\t\t\t<\/article>\n\t\t\t<\/div>\n\n\t\t\t<div class=\"cell small-12 medium-5 image\">\n\t\t\t\t\t\t\t<\/div>\n\t\t<\/div>\n\t\t\n\t<\/div>\n<\/section>\n\n\n\n<section id=\"image-content-block_60869dcf543a2\" class=\"block-section image-content none smaller-fonts no-image has-more-content  align-full\">\n\t<div class=\"grid-container\" id=\"scrollToMe-gjennomforing-av-stikkprovekontroll-pa-elektriske-anlegg\">\n\n\t\t<div class=\"grid-x grid-padding-x\">\n\n\t\t\t<div class=\"cell small-12 medium-7 content\">\n\t\t\t\t\t\t\t\t\t<h2 class=\"section-title\">Gjennomf\u00f8ring av stikkpr\u00f8vekontroll p\u00e5 elektriske anlegg<\/h2>\n\t\t\t\t\n\t\t\t\t\t\t\t\t\t<article><p>Stikkpr\u00f8vekontroll inneb\u00e6rer at det tas stikkpr\u00f8ver under kontrollen, og ikke fullstendig kontroll av det komplette elektriske anlegg og alt tilkoblet utstyr.<\/p>\n<\/article>\n\t\t\t\t\n\t\t\t\t\t\t\t\t<div class=\"clearfix\"><\/div>\n\t\t\t\t\n\t\t\t\t\t\t\t\t\n\t\t\t\t\t<a\n\t\t\t\t\t\thref=\"#\"\n\t\t\t\t\t\tclass=\"button-plus content-toggler\"\n\t\t\t\t\t\tdata-initialtext=\"Les mer\"\n\t\t\t\t\t\tdata-toggletext=\"Les mindre\"\n\t\t\t\t\t\tdata-target=\"ic-hidden-block_60869dcf543a2\"\n\t\t\t\t\t\trole=\"button\"\n\t\t\t\t\t\trel=\"nofollow\"\n\t\t\t\t\t\taria-label=\"\u00c5pne skjult innhold\"\n\t\t\t\t\t\taria-expanded=\"false\">\n\t\t\t\t\t\t<span>Les mer<\/span>\n\t\t\t\t\t\t<span class=\"icon icon-plus\"><\/span>\n\t\t\t\t\t<\/a>\n\t\t\t\t\n\t\t\t<\/div>\n\n\t\t\t<div class=\"cell small-12 medium-5 image\">\n\t\t\t\t\t\t\t\t\t\n\t\t\t\t\t\n\t\t\t\t\n\t\t\t<\/div>\n\n\t\t<\/div>\n\n\t\t\t\t\t\t<div class=\"grid-x grid-padding-x hidden-more-content\" aria-expanded=\"false\" aria-hidden=\"true\" id=\"ic-hidden-block_60869dcf543a2\">\n\t\t\t<div class=\"cell small-12 medium-7 content\">\n\t\t\t\t<article>\n\t\t\t\t<p>Dersom virksomheten holder til i en ny bygning, eller det er foretatt arbeider p\u00e5 det elektriske anlegget de siste \u00e5rene, b\u00f8r dere finne frem eventuelle samsvarserkl\u00e6ringer og dokumentasjoner fra installasjonsvirksomheten som har forest\u00e5tt arbeidene.<\/p>\n<p>Kontrollen foretas ved hjelp av m\u00e5linger og visuell sjekk av anlegget. Det\u00a0vil ogs\u00e5\u00a0bli gitt gode r\u00e5d og informasjon om elsikkerhet. Deler av kontrollen m\u00e5 gj\u00f8res p\u00e5 spenningl\u00f8st anlegg dersom dette er praktisk gjennomf\u00f8rbart.<\/p>\n<p>Hovedtavler, sikringsskap, jordingsanlegg, defekt materiell, skj\u00f8teledninger og bruk av apparater og utstyr er noen av det\u00a0som vil bli kontrollert. Dette betyr at tilsynspersonellet m\u00e5 ha tilgang til alle deler av virksomheten med mindre det er spesielle forhold som skulle tilsi noe annet. Omfang og detaljniv\u00e5 p\u00e5 kontrollen blir vurdert av den enkelte kontroll\u00f8r p\u00e5 stedet.<\/p>\n<p>Siden\u00a0kontrollen utf\u00f8res som stikkpr\u00f8vekontroll, kan det ikke utelukkes at anlegget har flere feil\/mangler enn det som eventuelt avdekkes under kontrollen.<\/p>\n\t\t\t\t<\/article>\n\t\t\t<\/div>\n\n\t\t\t<div class=\"cell small-12 medium-5 image\">\n\t\t\t\t\t\t\t<\/div>\n\t\t<\/div>\n\t\t\n\t<\/div>\n<\/section>\n\n\n\n<section id=\"image-content-block_60869e25543a5\" class=\"block-section image-content light smaller-fonts no-image has-more-content  align-full\">\n\t<div class=\"grid-container\" id=\"scrollToMe-saksgang-etter-tilsynet\">\n\n\t\t<div class=\"grid-x grid-padding-x\">\n\n\t\t\t<div class=\"cell small-12 medium-7 content\">\n\t\t\t\t\t\t\t\t\t<h2 class=\"section-title\">Saksgang etter tilsynet<\/h2>\n\t\t\t\t\n\t\t\t\t\t\t\t\t\t<article><p>Etter tilsynet utferdiges rapport med eventuelle tiltak som p\u00e5legges virksomheten \u00e5 utbedre.<\/p>\n<\/article>\n\t\t\t\t\n\t\t\t\t\t\t\t\t<div class=\"clearfix\"><\/div>\n\t\t\t\t\n\t\t\t\t\t\t\t\t\n\t\t\t\t\t<a\n\t\t\t\t\t\thref=\"#\"\n\t\t\t\t\t\tclass=\"button-plus content-toggler\"\n\t\t\t\t\t\tdata-initialtext=\"Les mer\"\n\t\t\t\t\t\tdata-toggletext=\"Les mindre\"\n\t\t\t\t\t\tdata-target=\"ic-hidden-block_60869e25543a5\"\n\t\t\t\t\t\trole=\"button\"\n\t\t\t\t\t\trel=\"nofollow\"\n\t\t\t\t\t\taria-label=\"\u00c5pne skjult innhold\"\n\t\t\t\t\t\taria-expanded=\"false\">\n\t\t\t\t\t\t<span>Les mer<\/span>\n\t\t\t\t\t\t<span class=\"icon icon-plus\"><\/span>\n\t\t\t\t\t<\/a>\n\t\t\t\t\n\t\t\t<\/div>\n\n\t\t\t<div class=\"cell small-12 medium-5 image\">\n\t\t\t\t\t\t\t\t\t\n\t\t\t\t\t\n\t\t\t\t\n\t\t\t<\/div>\n\n\t\t<\/div>\n\n\t\t\t\t\t\t<div class=\"grid-x grid-padding-x hidden-more-content\" aria-expanded=\"false\" aria-hidden=\"true\" id=\"ic-hidden-block_60869e25543a5\">\n\t\t\t<div class=\"cell small-12 medium-7 content\">\n\t\t\t\t<article>\n\t\t\t\t<ol>\n<li>Rapporten fra revisjonen vil inneholde forhold vedr\u00f8rende virksomhetens internkontroll. Hvis det under revisjonen ikke ble avdekket avvik, vil dette fremg\u00e5 av rapporten og saken avsluttes.<\/li>\n<li>Rapporten fra kontrollen vil inneholde forhold vedr\u00f8rende det elektriske anlegget. Hvis det under kontrollen ikke ble avdekket avvik, vil dette fremg\u00e5 av rapporten og saken avsluttes.<\/li>\n<\/ol>\n<p>Dersom det under tilsynet ble avdekket forhold som krever utbedring, vil dette bli p\u00e5pekt i form av avvik i rapportene. Du vil da f\u00e5 tilsendt rapportene sammen med et forh\u00e5ndsvarsel om vedtak. P\u00e5 denne m\u00e5ten skal dere f\u00e5 anledning til \u00e5 rette opp avvikene eller komme med kommentarer til forh\u00e5ndsvarselet innen en angitt frist.<\/p>\n<ol>\n<li>Avvik i rapporten fra revisjonen skal utbedres av virksomheten selv. En skriftlig tilbakemeldning, med en redegj\u00f8relse for hvilke tiltak som er iverksatt,\u00a0skal sendes til DLE eller til det sakkyndige selskapet som har utf\u00f8rt revisjonen. Etter at tilfredsstillende tilbakemelding er mottatt, vil dere f\u00e5 en bekreftelse p\u00e5 at saken er avsluttet.<\/li>\n<li>Avvik i rapporten fra kontrollen m\u00e5 normalt rettes av en registrert installasjonsvirksomhet. N\u00e5r feil og mangler er rettet skal installasjonsvirksomheten sende melding om dette til DLE eller til det sakkyndige selskapet som har utf\u00f8rt kontrollen. Etter at tilfredsstillende tilbakemelding er mottatt vil dere f\u00e5 en bekreftelse p\u00e5 at saken er avsluttet.<\/li>\n<\/ol>\n<p>Dersom det innen fristen ikke blir gitt tilbakemelding som bekrefter at avvikene er utbedret, eller dere kommer med kommentarer som tilsier en revurdering av avvikene, kan DLE gi p\u00e5legg om \u00e5 rette disse avvikene. Slike p\u00e5legg er et enkeltvedtak i juridisk forstand.<\/p>\n<p>Dere har innen klagefristen mulighet til \u00e5 klage p\u00e5 hele eller deler av vedtaket fattet av DLE. DLE kan\u00a0enten\u00a0velge \u00e5 ta klagen til f\u00f8lge og omgj\u00f8re sitt tidligere vedtak, eller de kan\u00a0opprettholdes vedtaket\u00a0og saken oversendes til DSBs regionskontor for videre klagebehandling der.<\/p>\n<p>N\u00e5r et vedtak er endelig, og p\u00e5legget om \u00e5 rette avvikene fortsatt ikke er etterkommet, kan det vurderes om man skal reise sak om bruk av andre sanksjonsmidler, f.eks. tvangsmulkt. Da vil alle saksdokumenter bli\u00a0oversendt\u00a0til DSB. Det blir da opp til DSB \u00e5 vurdere\u00a0om det er grunnlag for \u00e5 reise sak\u00a0mot eier\/bruker av anlegget. DSB vil i s\u00e5 fall forh\u00e5ndsvarsle og eventuelt fatte vedtak\u00a0i saken.<\/p>\n<p>Dersom saken kun inneholder avvik som er mindre alvorlige, kan DLE velge \u00e5\u00a0opplyse virksomheten om at DLE ikke vil forf\u00f8lge saken videre i denne omgang. Virksomheten gj\u00f8res da oppmerksom p\u00e5 at dersom det kreves innsyn i saken senere vil avvikene vises.<\/p>\n<p>I enkelte tilfeller, der feil eller mangler er s\u00e5 alvorlig at de kan medf\u00f8re stor fare for liv og helse,\u00a0vil det bli fattet direkte vedtak. Dette kan bety umiddelbar frakobling av hele eller deler av anlegget eller\u00a0eventuelt et vedtak med kort frist for retting.<\/p>\n\t\t\t\t<\/article>\n\t\t\t<\/div>\n\n\t\t\t<div class=\"cell small-12 medium-5 image\">\n\t\t\t\t\t\t\t<\/div>\n\t\t<\/div>\n\t\t\n\t<\/div>\n<\/section>\n\n\n\n<section id=\"image-content-block_60869e5b543a8\" class=\"block-section image-content dark smaller-fonts no-image  align-full\">\n\t<div class=\"grid-container\" id=\"scrollToMe-utsettelse-av-utbedringsfrist\">\n\n\t\t<div class=\"grid-x grid-padding-x\">\n\n\t\t\t<div class=\"cell small-12 medium-7 content\">\n\t\t\t\t\t\t\t\t\t<h2 class=\"section-title\">Utsettelse av utbedringsfrist<\/h2>\n\t\t\t\t\n\t\t\t\t\t\t\t\t\t<article><p>Ved behov for \u00e5 utsette fristen for eventuelle utbedringer, m\u00e5 virksomheten ta kontakt med DLE eller det sakkyndige selskapet som har utf\u00f8rt kontrollen. Behovet for utsettelse m\u00e5 begrunnes. Om fristen kan forlenges vil vurderes i det enkelte tilfelle, og v\u00e6re avhengig av alvorlighetsgraden i de feil\/mangler som er funnet. \u00d8konomiske \u00e5rsaker er ikke grunnlag for forlenget utbedringsfrist.<\/p>\n<\/article>\n\t\t\t\t\n\t\t\t\t\t\t\t\t<div class=\"clearfix\"><\/div>\n\t\t\t\t\n\t\t\t\t\t\t\t\t\n\t\t\t<\/div>\n\n\t\t\t<div class=\"cell small-12 medium-5 image\">\n\t\t\t\t\t\t\t\t\t\n\t\t\t\t\t\n\t\t\t\t\n\t\t\t<\/div>\n\n\t\t<\/div>\n\n\t\t\t\t\n\t<\/div>\n<\/section>\n\n\n\n<section class=\"block-section post-cards\">\n\t<div class=\"grid-container\">\n\n        <div class=\"grid-x grid-margin-x section-title-wrapper\">\n            <div class=\"cell small-12 medium-6\">\n                                    <h1 class=\"section-title\">Vi anbefaler<\/h1>\n                            <\/div>\n\n                            <div class=\"cell small-12 medium-6 small-text-align-left text-align-right\">\n                    <a class=\"link link--underlined\" href=\"https:\/\/lovdata.no\/dokument\/SF\/forskrift\/1996-12-06-1127\" target=\"_blank\">\n<!--                        <span class=\"str\">--><!--<\/span>-->\n                        Forskrift om systematisk helse-, milj\u00f8- og sikkerhetsarbeid i virksomheter (internkontrollforskriften)                    <\/a>\n                <\/div>\n                    <\/div>\n\n        <div class=\"grid-x grid-margin-x cards-wrapper\">\n                                                                    <a href=\"https:\/\/elsikkerhetsportalen.no\/linja\/internkontroll\/internkontroll-elektromedisinsk\/\" class=\"link-card cell small-12 medium-6\">\n    <article>\n        <div class=\"content\">\n            <h3 class=\"title\">Internkontroll elektromedisinsk<\/h3>\n            <p class=\"excerpt\"><\/p>\n        <\/div>\n        <span class=\"icon icon-arrow-right\"><\/span>\n    <\/article>\n<\/a>                    \n                                                        <a href=\"https:\/\/elsikkerhetsportalen.no\/linja\/internkontroll\/internkontroll-elektrovirksomheter\/\" class=\"link-card cell small-12 medium-6\">\n    <article>\n        <div class=\"content\">\n            <h3 class=\"title\">Internkontroll elektrovirksomheter<\/h3>\n            <p class=\"excerpt\"><\/p>\n        <\/div>\n        <span class=\"icon icon-arrow-right\"><\/span>\n    <\/article>\n<\/a>                    \n                                                        <a href=\"https:\/\/elsikkerhetsportalen.no\/linja\/dle\/om-dle\/\" class=\"link-card cell small-12 medium-6\">\n    <article>\n        <div class=\"content\">\n            <h3 class=\"title\">Om DLE<\/h3>\n            <p class=\"excerpt\"><\/p>\n        <\/div>\n        <span class=\"icon icon-arrow-right\"><\/span>\n    <\/article>\n<\/a>                    \n                                                    <\/div>\n\n    <\/div>\n<\/section>","protected":false},"excerpt":{"rendered":"","protected":false},"author":1,"featured_media":0,"parent":15,"menu_order":3,"comment_status":"closed","ping_status":"closed","template":"","meta":{"_acf_changed":false,"footnotes":""},"class_list":["post-63","page","type-page","status-publish","hentry"],"acf":[],"_links":{"self":[{"href":"https:\/\/elsikkerhetsportalen.no\/linja\/wp-json\/wp\/v2\/pages\/63","targetHints":{"allow":["GET"]}}],"collection":[{"href":"https:\/\/elsikkerhetsportalen.no\/linja\/wp-json\/wp\/v2\/pages"}],"about":[{"href":"https:\/\/elsikkerhetsportalen.no\/linja\/wp-json\/wp\/v2\/types\/page"}],"author":[{"embeddable":true,"href":"https:\/\/elsikkerhetsportalen.no\/linja\/wp-json\/wp\/v2\/users\/1"}],"replies":[{"embeddable":true,"href":"https:\/\/elsikkerhetsportalen.no\/linja\/wp-json\/wp\/v2\/comments?post=63"}],"version-history":[{"count":0,"href":"https:\/\/elsikkerhetsportalen.no\/linja\/wp-json\/wp\/v2\/pages\/63\/revisions"}],"up":[{"embeddable":true,"href":"https:\/\/elsikkerhetsportalen.no\/linja\/wp-json\/wp\/v2\/pages\/15"}],"wp:attachment":[{"href":"https:\/\/elsikkerhetsportalen.no\/linja\/wp-json\/wp\/v2\/media?parent=63"}],"curies":[{"name":"wp","href":"https:\/\/api.w.org\/{rel}","templated":true}]}}