{"id":8,"date":"2021-02-03T21:28:22","date_gmt":"2021-02-03T21:28:22","guid":{"rendered":"http:\/\/elsikkerhetsportalen.no\/longyearbyen-elverk\/?page_id=8"},"modified":"2026-01-22T08:42:12","modified_gmt":"2026-01-22T08:42:12","slug":"elektrisk-anlegg","status":"publish","type":"page","link":"https:\/\/elsikkerhetsportalen.no\/longyearbyen-elverk\/elektrisk-anlegg\/","title":{"rendered":"Elektrisk anlegg"},"content":{"rendered":"<section id=\"scrollable-shortcuts-block_609d9fc25eb2503b19d57b1b9d9ba804\" class=\"block-section scrollable-shortcuts   align-wide\">\n\t<div class=\"grid-container\">\n\t\t<div class=\"grid-x grid-padding-x\">\n\n\t\t\t<header class=\"cell small-12 medium-7\">\n\t\t\t\t\t\t\t\t\t<h1>Dette m\u00e5 du vite om elanlegget<\/h1>\n\t\t\t\t\n\t\t\t\t\t\t\t\t\t<p class=\"ingress\">Et elektrisk anlegg best\u00e5r av ledninger, koblingsbokser, stikkontakter, sikringer, sikringsskap mm. Dette kalles \u00abinstallasjonsmateriell\u00bb p\u00e5 fagspr\u00e5ket. Hvis det slurves med vedlikeholdet av dette, kan det f\u00f8re til varmgang som utgj\u00f8r en brannfare. Du er selv ansvarlig for at det elektriske anlegget er i orden.<\/p>\n\t\t\t\t\n\t\t\t\t\t\t\t\t\t<h2 class=\"shortcuts-title\">Snarveier<span><span class=\"icon icon-arrow-down\"><\/span><\/span><\/h2>\n\t\t\t\t\n\t\t\t\t<nav><ul><li><a href=\"#sikringsskapet\" class=\"link link--underlined\">Sikringsskapet<\/a><\/li><li><a href=\"#jording\" class=\"link link--underlined\">Jording<\/a><\/li><li><a href=\"#finn-elektriker\" class=\"link link--underlined\">Finn elektriker<\/a><\/li><li><a href=\"#samsvarserklaering\" class=\"link link--underlined\">Samsvarserkl\u00e6ring<\/a><\/li><li><a href=\"#ulovlig-arbeid\" class=\"link link--underlined\">Ulovlig arbeid<\/a><\/li><li><a href=\"#elkontroll\" class=\"link link--underlined\">Elkontroll<\/a><\/li><li><a href=\"#hva-kan-ufaglaert-gjore-selv\" class=\"link link--underlined\">Hva kan ufagl\u00e6rt gj\u00f8re selv?<\/a><\/li><li><a href=\"#egenkontroll\" class=\"link link--underlined\">Egenkontroll<\/a><\/li><\/ul><\/nav>\t\t\t<\/header>\n\n\t\t<\/div>\n\t<\/div>\n<\/section>\n\n\n\n<section id=\"image-content-block_4055c8e7fa6b6fc11b17101208700dfc\" class=\"block-section image-content light  align-full\">\n\t<div class=\"grid-container\" id=\"scrollToMe-sikringsskapet\">\n\n\t\t<div class=\"grid-x grid-padding-x\">\n\n\t\t\t<div class=\"cell small-12 medium-7 content\">\n\t\t\t\t\t\t\t\t\t<h2 class=\"section-title\">Sikringsskapet<\/h2>\n\t\t\t\t\n\t\t\t\t\t\t\t\t\t<article><p>Her kan du l\u00e6re om sikringsskapet, selve hjertet av ditt elektriske anlegg.<\/p>\n<\/article>\n\t\t\t\t\n\t\t\t\t\t\t<a class=\"link link--underlined\" href=\"https:\/\/elsikkerhetsportalen.no\/longyearbyen-elverk\/elektrisk-anlegg\/sikringsskap\/\" target=\"_self\">\n\t\t\tG\u00e5 til siden\t\t<\/a>\n\t\t\t\t\t<div class=\"clearfix\"><\/div>\n\t\t\t\t\n\t\t\t\t\t\t\t\t\n\t\t\t<\/div>\n\n\t\t\t<div class=\"cell small-12 medium-5 image\">\n\t\t\t\t<img loading=\"lazy\" decoding=\"async\" width=\"502\" height=\"371\" src=\"https:\/\/elsikkerhetsportalen.no\/longyearbyen-elverk\/wp-content\/uploads\/sites\/12\/2021\/03\/Automatsikringer-502x371.jpg\" class=\"attachment-image-content size-image-content\" alt=\"Sikringsskap med automatsikringer\" srcset=\"https:\/\/elsikkerhetsportalen.no\/longyearbyen-elverk\/wp-content\/uploads\/sites\/12\/2021\/03\/Automatsikringer-502x371.jpg 502w, https:\/\/elsikkerhetsportalen.no\/longyearbyen-elverk\/wp-content\/uploads\/sites\/12\/2021\/03\/Automatsikringer-300x222.jpg 300w, https:\/\/elsikkerhetsportalen.no\/longyearbyen-elverk\/wp-content\/uploads\/sites\/12\/2021\/03\/Automatsikringer-1024x757.jpg 1024w, https:\/\/elsikkerhetsportalen.no\/longyearbyen-elverk\/wp-content\/uploads\/sites\/12\/2021\/03\/Automatsikringer-768x568.jpg 768w, https:\/\/elsikkerhetsportalen.no\/longyearbyen-elverk\/wp-content\/uploads\/sites\/12\/2021\/03\/Automatsikringer-1536x1136.jpg 1536w, https:\/\/elsikkerhetsportalen.no\/longyearbyen-elverk\/wp-content\/uploads\/sites\/12\/2021\/03\/Automatsikringer.jpg 1752w\" sizes=\"auto, (max-width: 502px) 100vw, 502px\" \/>\n\t\t\t<\/div>\n\n\t\t<\/div>\n\n\t\t\t\t\n\t<\/div>\n<\/section>\n\n\n\n<section id=\"image-content-block_3a80733374924057f4d8f49fadaaf2f9\" class=\"block-section image-content dark  align-wide\">\n\t<div class=\"grid-container\" id=\"scrollToMe-jording\">\n\n\t\t<div class=\"grid-x grid-padding-x\">\n\n\t\t\t<div class=\"cell small-12 medium-7 content\">\n\t\t\t\t\t\t\t\t\t<h2 class=\"section-title\">Jording<\/h2>\n\t\t\t\t\n\t\t\t\t\t\t\t\t\t<article><p>Jording er viktig for \u00e5 forhindre at mennesker og dyr f\u00e5r skader p\u00e5 grunn av str\u00f8m som kommer p\u00e5 avveie. Her kan du f\u00e5 mer informasjon om jording.<\/p>\n<\/article>\n\t\t\t\t\n\t\t\t\t\t\t<a class=\"link link--underlined\" href=\"https:\/\/elsikkerhetsportalen.no\/longyearbyen-elverk\/elektrisk-anlegg\/jording\/\" target=\"_self\">\n\t\t\tG\u00e5 til siden\t\t<\/a>\n\t\t\t\t\t<div class=\"clearfix\"><\/div>\n\t\t\t\t\n\t\t\t\t\t\t\t\t\n\t\t\t<\/div>\n\n\t\t\t<div class=\"cell small-12 medium-5 image\">\n\t\t\t\t<img loading=\"lazy\" decoding=\"async\" width=\"502\" height=\"335\" src=\"https:\/\/elsikkerhetsportalen.no\/longyearbyen-elverk\/wp-content\/uploads\/2026\/01\/Jording-502x335.jpg\" class=\"attachment-image-content size-image-content\" alt=\"Illustrasjon p\u00e5 jordingsanlegg i hus\" srcset=\"https:\/\/elsikkerhetsportalen.no\/longyearbyen-elverk\/wp-content\/uploads\/2026\/01\/Jording-502x335.jpg 502w, https:\/\/elsikkerhetsportalen.no\/longyearbyen-elverk\/wp-content\/uploads\/2026\/01\/Jording-300x200.jpg 300w, https:\/\/elsikkerhetsportalen.no\/longyearbyen-elverk\/wp-content\/uploads\/2026\/01\/Jording.jpg 600w\" sizes=\"auto, (max-width: 502px) 100vw, 502px\" \/>\n\t\t\t<\/div>\n\n\t\t<\/div>\n\n\t\t\t\t\n\t<\/div>\n<\/section>\n\n\n\n<section id=\"image-content-block_1d6ed309f5cafdfe8b4892d13d795576\" class=\"block-section image-content light  align-full\">\n\t<div class=\"grid-container\" id=\"scrollToMe-finn-elektriker\">\n\n\t\t<div class=\"grid-x grid-padding-x\">\n\n\t\t\t<div class=\"cell small-12 medium-7 content\">\n\t\t\t\t\t\t\t\t\t<h2 class=\"section-title\">Finn elektriker<\/h2>\n\t\t\t\t\n\t\t\t\t\t\t\t\t\t<article><p>Skal du utf\u00f8re elektriske arbeider, trenger du en godkjent elektriker. Det finner du i DSBs Elvirksomhetsregister.<\/p>\n<\/article>\n\t\t\t\t\n\t\t\t\t\t\t<a class=\"link link--underlined\" href=\"https:\/\/elsikkerhetsportalen.no\/longyearbyen-elverk\/elektrisk-anlegg\/finn-elektriker\/\" target=\"_self\">\n\t\t\tG\u00e5 til siden\t\t<\/a>\n\t\t\t\t\t<div class=\"clearfix\"><\/div>\n\t\t\t\t\n\t\t\t\t\t\t\t\t\n\t\t\t<\/div>\n\n\t\t\t<div class=\"cell small-12 medium-5 image\">\n\t\t\t\t<img loading=\"lazy\" decoding=\"async\" width=\"502\" height=\"335\" src=\"https:\/\/elsikkerhetsportalen.no\/longyearbyen-elverk\/wp-content\/uploads\/sites\/12\/2021\/06\/Elektriker-600x400-1-502x335.jpg\" class=\"attachment-image-content size-image-content\" alt=\"\" srcset=\"https:\/\/elsikkerhetsportalen.no\/longyearbyen-elverk\/wp-content\/uploads\/sites\/12\/2021\/06\/Elektriker-600x400-1-502x335.jpg 502w, https:\/\/elsikkerhetsportalen.no\/longyearbyen-elverk\/wp-content\/uploads\/sites\/12\/2021\/06\/Elektriker-600x400-1-300x200.jpg 300w, https:\/\/elsikkerhetsportalen.no\/longyearbyen-elverk\/wp-content\/uploads\/sites\/12\/2021\/06\/Elektriker-600x400-1.jpg 600w\" sizes=\"auto, (max-width: 502px) 100vw, 502px\" \/>\n\t\t\t<\/div>\n\n\t\t<\/div>\n\n\t\t\t\t\n\t<\/div>\n<\/section>\n\n\n\n<section id=\"image-content-block_af352ab66a26094524261640c8fd3f1a\" class=\"block-section image-content dark  align-full\">\n\t<div class=\"grid-container\" id=\"scrollToMe-samsvarserklaering\">\n\n\t\t<div class=\"grid-x grid-padding-x\">\n\n\t\t\t<div class=\"cell small-12 medium-7 content\">\n\t\t\t\t\t\t\t\t\t<h2 class=\"section-title\">Samsvarserkl\u00e6ring<\/h2>\n\t\t\t\t\n\t\t\t\t\t\t\t\t\t<article><p>Samsvarserkl\u00e6ring er din garanti p\u00e5 at det elektriske arbeidet som er gjennomf\u00f8rt er gjort i henhold til gjeldene sikkerhetskrav.<\/p>\n<\/article>\n\t\t\t\t\n\t\t\t\t\t\t<a class=\"link link--underlined\" href=\"https:\/\/elsikkerhetsportalen.no\/longyearbyen-elverk\/samsvarserklaering\/\" target=\"_self\">\n\t\t\tG\u00e5 til siden\t\t<\/a>\n\t\t\t\t\t<div class=\"clearfix\"><\/div>\n\t\t\t\t\n\t\t\t\t\t\t\t\t\n\t\t\t<\/div>\n\n\t\t\t<div class=\"cell small-12 medium-5 image\">\n\t\t\t\t<img loading=\"lazy\" decoding=\"async\" width=\"502\" height=\"335\" src=\"https:\/\/elsikkerhetsportalen.no\/longyearbyen-elverk\/wp-content\/uploads\/sites\/12\/2021\/04\/samsvarserklaering-502x335.jpg\" class=\"attachment-image-content size-image-content\" alt=\"\" srcset=\"https:\/\/elsikkerhetsportalen.no\/longyearbyen-elverk\/wp-content\/uploads\/sites\/12\/2021\/04\/samsvarserklaering-502x335.jpg 502w, https:\/\/elsikkerhetsportalen.no\/longyearbyen-elverk\/wp-content\/uploads\/sites\/12\/2021\/04\/samsvarserklaering-300x200.jpg 300w, https:\/\/elsikkerhetsportalen.no\/longyearbyen-elverk\/wp-content\/uploads\/sites\/12\/2021\/04\/samsvarserklaering.jpg 600w\" sizes=\"auto, (max-width: 502px) 100vw, 502px\" \/>\n\t\t\t<\/div>\n\n\t\t<\/div>\n\n\t\t\t\t\n\t<\/div>\n<\/section>\n\n\n\n<section id=\"image-content-block_7e41f2db84cd3adab9a8c85c137e60ff\" class=\"block-section image-content light  align-full\">\n\t<div class=\"grid-container\" id=\"scrollToMe-ulovlig-arbeid\">\n\n\t\t<div class=\"grid-x grid-padding-x\">\n\n\t\t\t<div class=\"cell small-12 medium-7 content\">\n\t\t\t\t\t\t\t\t\t<h2 class=\"section-title\">Ulovlig arbeid<\/h2>\n\t\t\t\t\n\t\t\t\t\t\t\t\t\t<article><p>Det er sv\u00e6rt lite du har lov til \u00e5 gj\u00f8re selv n\u00e5r det kommer til elektrisk arbeid. Det er dessuten kun godkjente elektrikere som har lov til \u00e5 utf\u00f8re elektrisk arbeid.<\/p>\n<\/article>\n\t\t\t\t\n\t\t\t\t\t\t<a class=\"link link--underlined\" href=\"https:\/\/elsikkerhetsportalen.no\/longyearbyen-elverk\/ulovlig\/\" target=\"_self\">\n\t\t\tG\u00e5 til siden\t\t<\/a>\n\t\t\t\t\t<div class=\"clearfix\"><\/div>\n\t\t\t\t\n\t\t\t\t\t\t\t\t\n\t\t\t<\/div>\n\n\t\t\t<div class=\"cell small-12 medium-5 image\">\n\t\t\t\t<img loading=\"lazy\" decoding=\"async\" width=\"482\" height=\"376\" src=\"https:\/\/elsikkerhetsportalen.no\/longyearbyen-elverk\/wp-content\/uploads\/sites\/12\/2021\/03\/Annonse-ulovlig-arbeid-482x376.jpg\" class=\"attachment-image-content size-image-content\" alt=\"Bilde viser annonsert ufagl\u00e6rt\" srcset=\"https:\/\/elsikkerhetsportalen.no\/longyearbyen-elverk\/wp-content\/uploads\/sites\/12\/2021\/03\/Annonse-ulovlig-arbeid-482x376.jpg 482w, https:\/\/elsikkerhetsportalen.no\/longyearbyen-elverk\/wp-content\/uploads\/sites\/12\/2021\/03\/Annonse-ulovlig-arbeid-300x234.jpg 300w, https:\/\/elsikkerhetsportalen.no\/longyearbyen-elverk\/wp-content\/uploads\/sites\/12\/2021\/03\/Annonse-ulovlig-arbeid-1024x799.jpg 1024w, https:\/\/elsikkerhetsportalen.no\/longyearbyen-elverk\/wp-content\/uploads\/sites\/12\/2021\/03\/Annonse-ulovlig-arbeid-768x599.jpg 768w, https:\/\/elsikkerhetsportalen.no\/longyearbyen-elverk\/wp-content\/uploads\/sites\/12\/2021\/03\/Annonse-ulovlig-arbeid.jpg 1267w\" sizes=\"auto, (max-width: 482px) 100vw, 482px\" \/>\n\t\t\t<\/div>\n\n\t\t<\/div>\n\n\t\t\t\t\n\t<\/div>\n<\/section>\n\n\n\n<section id=\"image-content-block_0c5cef17fe15caea9e52ef90f88f6631\" class=\"block-section image-content dark  align-full\">\n\t<div class=\"grid-container\" id=\"scrollToMe-elkontroll\">\n\n\t\t<div class=\"grid-x grid-padding-x\">\n\n\t\t\t<div class=\"cell small-12 medium-7 content\">\n\t\t\t\t\t\t\t\t\t<h2 class=\"section-title\">Elkontroll<\/h2>\n\t\t\t\t\n\t\t\t\t\t\t\t\t\t<article><p>Jevnlig sjekk av ditt elektriske anlegg og utstyr gj\u00f8r hverdagen tryggere for deg.<\/p>\n<\/article>\n\t\t\t\t\n\t\t\t\t\t\t<a class=\"link link--underlined\" href=\"https:\/\/elsikkerhetsportalen.no\/longyearbyen-elverk\/elektrisk-anlegg\/elkontroll\/\" target=\"_self\">\n\t\t\tG\u00e5 til siden\t\t<\/a>\n\t\t\t\t\t<div class=\"clearfix\"><\/div>\n\t\t\t\t\n\t\t\t\t\t\t\t\t\n\t\t\t<\/div>\n\n\t\t\t<div class=\"cell small-12 medium-5 image\">\n\t\t\t\t<img loading=\"lazy\" decoding=\"async\" width=\"502\" height=\"335\" src=\"https:\/\/elsikkerhetsportalen.no\/longyearbyen-elverk\/wp-content\/uploads\/sites\/12\/2021\/03\/elkontroll2-502x335.jpg\" class=\"attachment-image-content size-image-content\" alt=\"Bilde viser elkontroll\u00f8r i arbeid\" srcset=\"https:\/\/elsikkerhetsportalen.no\/longyearbyen-elverk\/wp-content\/uploads\/sites\/12\/2021\/03\/elkontroll2-502x335.jpg 502w, https:\/\/elsikkerhetsportalen.no\/longyearbyen-elverk\/wp-content\/uploads\/sites\/12\/2021\/03\/elkontroll2-300x200.jpg 300w, https:\/\/elsikkerhetsportalen.no\/longyearbyen-elverk\/wp-content\/uploads\/sites\/12\/2021\/03\/elkontroll2-1024x684.jpg 1024w, https:\/\/elsikkerhetsportalen.no\/longyearbyen-elverk\/wp-content\/uploads\/sites\/12\/2021\/03\/elkontroll2-768x513.jpg 768w, https:\/\/elsikkerhetsportalen.no\/longyearbyen-elverk\/wp-content\/uploads\/sites\/12\/2021\/03\/elkontroll2-1536x1025.jpg 1536w, https:\/\/elsikkerhetsportalen.no\/longyearbyen-elverk\/wp-content\/uploads\/sites\/12\/2021\/03\/elkontroll2.jpg 2048w\" sizes=\"auto, (max-width: 502px) 100vw, 502px\" \/>\n\t\t\t<\/div>\n\n\t\t<\/div>\n\n\t\t\t\t\n\t<\/div>\n<\/section>\n\n\n\n<section id=\"image-content-block_c96d9a63a1e977193c5edd9897b58cf8\" class=\"block-section image-content light  align-full\">\n\t<div class=\"grid-container\" id=\"scrollToMe-hva-kan-ufaglaert-gjore-selv\">\n\n\t\t<div class=\"grid-x grid-padding-x\">\n\n\t\t\t<div class=\"cell small-12 medium-7 content\">\n\t\t\t\t\t\t\t\t\t<h2 class=\"section-title\">Hva kan ufagl\u00e6rt gj\u00f8re selv?<\/h2>\n\t\t\t\t\n\t\t\t\t\t\t\t\t\t<article><p>Som ufagl\u00e6rt kan du kun utf\u00f8re mindre elektriske arbeider. Her kan du se hva du kan gj\u00f8re selv og hva du trenger fagl\u00e6rte til \u00e5 gj\u00f8re.<\/p>\n<\/article>\n\t\t\t\t\n\t\t\t\t\t\t<a class=\"link link--underlined\" href=\"https:\/\/elsikkerhetsportalen.no\/longyearbyen-elverk\/elektrisk-anlegg\/hva-kan-du-gjore-selv\/\" target=\"_self\">\n\t\t\tG\u00e5 til siden\t\t<\/a>\n\t\t\t\t\t<div class=\"clearfix\"><\/div>\n\t\t\t\t\n\t\t\t\t\t\t\t\t\n\t\t\t<\/div>\n\n\t\t\t<div class=\"cell small-12 medium-5 image\">\n\t\t\t\t<img loading=\"lazy\" decoding=\"async\" width=\"502\" height=\"335\" src=\"https:\/\/elsikkerhetsportalen.no\/longyearbyen-elverk\/wp-content\/uploads\/sites\/12\/2021\/04\/Stopselkoblet-502x335.jpg\" class=\"attachment-image-content size-image-content\" alt=\"Bildet viser et \u00e5pent jordet st\u00f8psel\" srcset=\"https:\/\/elsikkerhetsportalen.no\/longyearbyen-elverk\/wp-content\/uploads\/sites\/12\/2021\/04\/Stopselkoblet-502x335.jpg 502w, https:\/\/elsikkerhetsportalen.no\/longyearbyen-elverk\/wp-content\/uploads\/sites\/12\/2021\/04\/Stopselkoblet-300x200.jpg 300w, https:\/\/elsikkerhetsportalen.no\/longyearbyen-elverk\/wp-content\/uploads\/sites\/12\/2021\/04\/Stopselkoblet.jpg 600w\" sizes=\"auto, (max-width: 502px) 100vw, 502px\" \/>\n\t\t\t<\/div>\n\n\t\t<\/div>\n\n\t\t\t\t\n\t<\/div>\n<\/section>\n\n\n\n<section id=\"image-content-block_6e6188bfe2ae08eeff2c75a6f3f5bc6c\" class=\"block-section image-content dark  align-full\">\n\t<div class=\"grid-container\" id=\"scrollToMe-egenkontroll\">\n\n\t\t<div class=\"grid-x grid-padding-x\">\n\n\t\t\t<div class=\"cell small-12 medium-7 content\">\n\t\t\t\t\t\t\t\t\t<h2 class=\"section-title\">Egenkontroll<\/h2>\n\t\t\t\t\n\t\t\t\t\t\t\t\t\t<article><p>Det er mye du kan gj\u00f8re selv! Vi gir deg tips til hva du skal se etter f\u00e5r \u00e5 gj\u00f8re hjemmet ditt mer elsikkert.<\/p>\n<\/article>\n\t\t\t\t\n\t\t\t\t\t\t<a class=\"link link--underlined\" href=\"https:\/\/elsikkerhetsportalen.no\/longyearbyen-elverk\/elektrisk-anlegg\/egenkontroll\/\" target=\"_self\">\n\t\t\tG\u00e5 til siden\t\t<\/a>\n\t\t\t\t\t<div class=\"clearfix\"><\/div>\n\t\t\t\t\n\t\t\t\t\t\t\t\t\n\t\t\t<\/div>\n\n\t\t\t<div class=\"cell small-12 medium-5 image\">\n\t\t\t\t<img loading=\"lazy\" decoding=\"async\" width=\"502\" height=\"335\" src=\"https:\/\/elsikkerhetsportalen.no\/longyearbyen-elverk\/wp-content\/uploads\/sites\/12\/2021\/04\/egenkontroll-502x335.jpg\" class=\"attachment-image-content size-image-content\" alt=\"Bilde av h\u00e5nd som kjenner om sikringene er unormalt varme\" srcset=\"https:\/\/elsikkerhetsportalen.no\/longyearbyen-elverk\/wp-content\/uploads\/sites\/12\/2021\/04\/egenkontroll-502x335.jpg 502w, https:\/\/elsikkerhetsportalen.no\/longyearbyen-elverk\/wp-content\/uploads\/sites\/12\/2021\/04\/egenkontroll-300x200.jpg 300w, https:\/\/elsikkerhetsportalen.no\/longyearbyen-elverk\/wp-content\/uploads\/sites\/12\/2021\/04\/egenkontroll.jpg 600w\" sizes=\"auto, (max-width: 502px) 100vw, 502px\" \/>\n\t\t\t<\/div>\n\n\t\t<\/div>\n\n\t\t\t\t\n\t<\/div>\n<\/section>\n","protected":false},"excerpt":{"rendered":"","protected":false},"author":1,"featured_media":0,"parent":0,"menu_order":10,"comment_status":"closed","ping_status":"closed","template":"","meta":{"_acf_changed":false,"footnotes":""},"class_list":["post-8","page","type-page","status-publish","hentry"],"acf":[],"_links":{"self":[{"href":"https:\/\/elsikkerhetsportalen.no\/longyearbyen-elverk\/wp-json\/wp\/v2\/pages\/8","targetHints":{"allow":["GET"]}}],"collection":[{"href":"https:\/\/elsikkerhetsportalen.no\/longyearbyen-elverk\/wp-json\/wp\/v2\/pages"}],"about":[{"href":"https:\/\/elsikkerhetsportalen.no\/longyearbyen-elverk\/wp-json\/wp\/v2\/types\/page"}],"author":[{"embeddable":true,"href":"https:\/\/elsikkerhetsportalen.no\/longyearbyen-elverk\/wp-json\/wp\/v2\/users\/1"}],"replies":[{"embeddable":true,"href":"https:\/\/elsikkerhetsportalen.no\/longyearbyen-elverk\/wp-json\/wp\/v2\/comments?post=8"}],"version-history":[{"count":0,"href":"https:\/\/elsikkerhetsportalen.no\/longyearbyen-elverk\/wp-json\/wp\/v2\/pages\/8\/revisions"}],"wp:attachment":[{"href":"https:\/\/elsikkerhetsportalen.no\/longyearbyen-elverk\/wp-json\/wp\/v2\/media?parent=8"}],"curies":[{"name":"wp","href":"https:\/\/api.w.org\/{rel}","templated":true}]}}