{"id":1218,"date":"2023-03-13T13:01:56","date_gmt":"2023-03-13T13:01:56","guid":{"rendered":"https:\/\/elsikkerhetsportalen.no\/nettalliansen\/dle\/tilsyn-med-boliger\/det-er-ditt-ansvar\/"},"modified":"2025-09-12T12:52:44","modified_gmt":"2025-09-12T12:52:44","slug":"det-er-ditt-ansvar","status":"publish","type":"page","link":"https:\/\/elsikkerhetsportalen.no\/nettalliansen\/dle\/tilsyn-med-boliger\/det-er-ditt-ansvar\/","title":{"rendered":"Det er ditt ansvar"},"content":{"rendered":"\n<h1 class=\"wp-block-heading\">Det er ditt ansvar<\/h1>\n\n\n\n<h4 class=\"wp-block-heading\">N\u00e5r du har hatt det lokale eltilsynet p\u00e5 bes\u00f8k, f\u00e5r du tilsendt en tilsynsrapport som beskriver resultatet av kontrollen. Dersom det ble avdekket feil eller mangler, m\u00e5 disse utbedres. Det er ditt ansvar \u00e5 p\u00e5se at dette utf\u00f8res av registrert elektrovirksomhet.<\/h4>\n\n\n\n<p>Det aller viktigste du m\u00e5 vite, er at kun elektrikere fra elektroinstallat\u00f8rer registrert i Elvirksomhetsregisteret har lov til \u00e5 utf\u00f8re arbeid p\u00e5 ditt elektriske anlegg. <\/p>\n\n\n\n<blockquote class=\"wp-block-quote is-layout-flow wp-block-quote-is-layout-flow\">\n<p>Alle virksomheter som tilbyr og utf\u00f8rer arbeider relatert til elektriske anlegg og elektrisk utstyr skal v\u00e6re registrert i Elvirksomhetsregisteret. Det er Direktoratet for samfunnssikkerhet og beredskap (DSB) som st\u00e5r bak dette registeret. N\u00e5r du som privatperson eller virksomhet skal engasjere en elektrovirksomhet, er det viktig at du kontrollerer at denne er registrert i dette registeret.<\/p>\n<cite><a href=\"https:\/\/elvirksomhetsregisteret.dsb.no\/\" target=\"_blank\" rel=\"noreferrer noopener\">G\u00e5 til Elvirksomhetsregisteret (DSB)<\/a><\/cite><\/blockquote>\n\n\n\n<p>Det er ikke uvanlig \u00e5 s\u00f8ke p\u00e5 nettet etter elektriker ved behov. G\u00e5r vi til Google og setter inn elektriker og et stedsnavn, vil Mitt Anbud v\u00e6re blant de \u00f8verste treffene du f\u00e5r ved s\u00f8k. Du f\u00e5r ogs\u00e5 opp flere elektrikere som tilbyr sine tjenester. Du vil jo v\u00e6re sikker p\u00e5 at den du velger, er kvalifisert til \u00e5 utf\u00f8re arbeidet og har lov til \u00e5 gj\u00f8re det. Kanskje ser du an hvordan nettsiden ser ut f\u00f8r du tar et valg, eller du sjekker om bedriften er registrert i Br\u00f8nn\u00f8ysundregisteret? Det er dessverre ikke godt nok. <\/p>\n\n\n\n<p><strong>Det er kun ett sted som er godt nok \u00e5 sjekke om elektrikeren er kvalifisert og har lov til \u00e5 jobbe p\u00e5 ditt elektriske anlegg. Det er Elvirksomhetsregisteret.<\/strong><\/p>\n\n\n\n<h3 class=\"wp-block-heading\">Jeg fant en elektriker p\u00e5 MittAnbud. Er det feil?<\/h3>\n\n\n\n<p>Det trenger ikke v\u00e6re feil \u00e5 legge ut behovet ditt p\u00e5 MittAnbud, men det er ditt ansvar \u00e5 sjekke at virksomheten du velger er registrert i Elvirksomhetsregisteret.<\/p>\n\n\n\n<p><strong>Det betyr at uansett hvordan du finner fram til elektrikeren som skal utbedre feil\/mangler etter tilsyn, m\u00e5 du sikre deg at virksomheten er registrert i myndighetenes register. Det er ditt ansvar. Kun disse kan utbedre feilene, og kun disse kan utstede dokumentasjon p\u00e5 at arbeidet er utf\u00f8rt. <\/strong><\/p>\n\n\n\n<p><a href=\"https:\/\/www.dsb.no\/elsikkerhet\/kvalifikasjoner-foretak-og-virksomhet\/elvirksomhetsregisteret\/\" target=\"_blank\" rel=\"noreferrer noopener\">Les mer om Elvirksomhetsregisteret hos Direktoratet for sikkerhet og beredskap (DSB).<\/a><\/p>\n\n\n\n<section class=\"block-section post-cards\">\n\t<div class=\"grid-container\">\n\n        <div class=\"grid-x grid-margin-x section-title-wrapper\">\n            <div class=\"cell small-12 medium-6\">\n                                    <h1 class=\"section-title\">Sjekk ogs\u00e5 ut<\/h1>\n                            <\/div>\n\n                    <\/div>\n\n        <div class=\"grid-x grid-margin-x cards-wrapper\">\n                                                                    <a href=\"https:\/\/elsikkerhetsportalen.no\/nettalliansen\/elektrisk-anlegg\/finn-elektriker\/\" class=\"link-card cell small-12 medium-6\">\n    <article>\n        <div class=\"content\">\n            <h3 class=\"title\">Finn elektriker<\/h3>\n            <p class=\"excerpt\"><\/p>\n        <\/div>\n        <span class=\"icon icon-arrow-right\"><\/span>\n    <\/article>\n<\/a>                    \n                                                        <a href=\"https:\/\/elsikkerhetsportalen.no\/nettalliansen\/dle\/om-dle\/\" class=\"link-card cell small-12 medium-6\">\n    <article>\n        <div class=\"content\">\n            <h3 class=\"title\">Om DLE<\/h3>\n            <p class=\"excerpt\"><\/p>\n        <\/div>\n        <span class=\"icon icon-arrow-right\"><\/span>\n    <\/article>\n<\/a>                    \n                                                        <a href=\"https:\/\/elsikkerhetsportalen.no\/nettalliansen\/stikkprovebasert-eltilsyn\/\" class=\"link-card cell small-12 medium-6\">\n    <article>\n        <div class=\"content\">\n            <h3 class=\"title\">Stikkpr\u00f8vebasert eltilsyn<\/h3>\n            <p class=\"excerpt\">Har du f\u00e5tt varsel om kontroll? Gratulerer! Hensikten med v\u00e5rt arbeid er forebygging av brann&#8230;<\/p>\n        <\/div>\n        <span class=\"icon icon-arrow-right\"><\/span>\n    <\/article>\n<\/a>                    \n                                                        <a href=\"https:\/\/elsikkerhetsportalen.no\/nettalliansen\/kjope-eller-pusse-opp\/\" class=\"link-card cell small-12 medium-6\">\n    <article>\n        <div class=\"content\">\n            <h3 class=\"title\">Kj\u00f8pe eller pusse opp?<\/h3>\n            <p class=\"excerpt\"><\/p>\n        <\/div>\n        <span class=\"icon icon-arrow-right\"><\/span>\n    <\/article>\n<\/a>                    \n                                                    <\/div>\n\n    <\/div>\n<\/section>","protected":false},"excerpt":{"rendered":"<p>Det er ditt ansvar N\u00e5r du har hatt det lokale eltilsynet p\u00e5 bes\u00f8k, f\u00e5r du tilsendt en tilsynsrapport som beskriver resultatet av kontrollen. Dersom det ble avdekket feil eller mangler, m\u00e5 disse utbedres. Det er ditt ansvar \u00e5 p\u00e5se at dette utf\u00f8res av registrert elektrovirksomhet. Det aller viktigste du m\u00e5 vite, er at kun elektrikere [&hellip;]<\/p>\n","protected":false},"author":1,"featured_media":1355,"parent":62,"menu_order":0,"comment_status":"closed","ping_status":"closed","template":"","meta":{"_acf_changed":false,"footnotes":""},"class_list":["post-1218","page","type-page","status-publish","has-post-thumbnail","hentry"],"acf":[],"_links":{"self":[{"href":"https:\/\/elsikkerhetsportalen.no\/nettalliansen\/wp-json\/wp\/v2\/pages\/1218","targetHints":{"allow":["GET"]}}],"collection":[{"href":"https:\/\/elsikkerhetsportalen.no\/nettalliansen\/wp-json\/wp\/v2\/pages"}],"about":[{"href":"https:\/\/elsikkerhetsportalen.no\/nettalliansen\/wp-json\/wp\/v2\/types\/page"}],"author":[{"embeddable":true,"href":"https:\/\/elsikkerhetsportalen.no\/nettalliansen\/wp-json\/wp\/v2\/users\/1"}],"replies":[{"embeddable":true,"href":"https:\/\/elsikkerhetsportalen.no\/nettalliansen\/wp-json\/wp\/v2\/comments?post=1218"}],"version-history":[{"count":0,"href":"https:\/\/elsikkerhetsportalen.no\/nettalliansen\/wp-json\/wp\/v2\/pages\/1218\/revisions"}],"up":[{"embeddable":true,"href":"https:\/\/elsikkerhetsportalen.no\/nettalliansen\/wp-json\/wp\/v2\/pages\/62"}],"wp:featuredmedia":[{"embeddable":true,"href":"https:\/\/elsikkerhetsportalen.no\/nettalliansen\/wp-json\/wp\/v2\/media\/1355"}],"wp:attachment":[{"href":"https:\/\/elsikkerhetsportalen.no\/nettalliansen\/wp-json\/wp\/v2\/media?parent=1218"}],"curies":[{"name":"wp","href":"https:\/\/api.w.org\/{rel}","templated":true}]}}